{"id":2790,"date":"2016-08-06T09:56:50","date_gmt":"2016-08-06T07:56:50","guid":{"rendered":"https:\/\/www.booksonthemove.fr\/en\/product\/denkfiguren-%c2%96-performatives-zwischen-bewegen-schreiben-und-erfinden\/"},"modified":"2020-04-18T13:02:54","modified_gmt":"2020-04-18T11:02:54","slug":"denkfiguren-%c2%96-performatives-zwischen-bewegen-schreiben-und-erfinden","status":"publish","type":"product","link":"https:\/\/www.booksonthemove.fr\/en\/produit\/denkfiguren-%c2%96-performatives-zwischen-bewegen-schreiben-und-erfinden\/","title":{"rendered":"Denkfiguren\u0096 &#8211; Performatives zwischen Bewegen, Schreiben und Erfinden : F\u00fcr Claudia Jeschke"},"content":{"rendered":"<p>Der Band\u00a0<i>DenkFiguren. Performatives zwischen Bewegen, Schreiben und Erfinden<\/i>\u00a0ist ein \u201aGeburtstagsgeschenk\u2019 f\u00fcr Claudia Jeschke. Die Herausgeberinnen Nicole Haitzinger und Karin Fenb\u00f6ck setzen sich explizit vom Format der Festschrift ab, und pr\u00e4sentieren ein \u201e<i>liber amicorum<\/i>\u00a0als sinnliche Inszenierung verschiedener Text- und Bildsorten\u201c (S. 9.)[1], um die Vielf\u00e4ltigkeit von Claudia Jeschkes Forschungsarbeit widerzuspiegeln. Claudia Jeschke z\u00e4hlt zu den Pionierinnen der gegenw\u00e4rtigen deutschsprachigen Tanzwissenschaft.<\/p>\n<p>Der Band\u00a0<i>DenkFiguren<\/i>\u00a0versammelt Beitr\u00e4ge der bedeutendsten zeitgen\u00f6ssischen VertreterInnen der Tanzwissenschaft im deutschsprachigen und US-amerikanischen Raum.\u00a0<i>DenkFiguren<\/i>\u00a0ist in vier Teile gegliedert: zwei Textteile und zwei Abteilungen mit k\u00fcnstlerischen Beitr\u00e4gen.<\/p>\n<p>mit Beitr\u00e4gen von\/with contributions by Christopher Balme, Monica Bandella, Hans-Peter Bayerd\u00f6rfer, Irene Brandenburg, Gabriele Brandstetter, Rose Breuss, Tanja Burkhardt, Franz Anton Cramer, Sibylle Dahms, Ingo Diehl, Kerstin Evert, Jan Fabre, Francesca Falcone, Karin Fenb\u00f6ck, Jo\u00e3o Fiadeiro, Betsy Fishher, Susan Leigh Foster, Mark Franko, Lynn Garafola, Sigrid Gareis, Wanda Golonka, Nicole Haitzinger, Johanna Haltern, Yvonne Hardt, Wibke Hartewig, Heide-Marie H\u00e4rtel, Dieter Heitkamp, Karin Hermes, Sabine Huschka, Walter Heun, Nina H\u00fcmpel, Klaus Kanzog, Christiane Karl, Gabriele Klein, Krassimira Kruschkova, Friederike Lampert, Heide Lazarus, Nele Lipp, Martin Nachbar, Gerhard Neumannn, Alfred Oberzaucher, Gunhild Oberzaucher-Sch\u00fcller, Flavia Pappacena, Sayonara Pereira, Frank-Manuel Peter, Pat Rader, Anette Rein, Claudia Rosiny, Xavier Le Roy, Simone Schmid, Katja Schneider, Stephanie Schroedter, Simone Schulte-Aladag, Janine Schulze, Gerald Siegmund, Oleg Soulimenko, M\u00e5rten Sp\u00e5ngberg, Peter Stamer, J\u00fcrg Stenzl, Superamas, Christina Thurner, Susannne Traub, Isa Wortelkamp, Gabi Vettermann, Bettina Wagner-Bergelt, Hanna Walsdorf &amp; Gabriele Wittmann.<\/p>\n","protected":false},"excerpt":{"rendered":"<p><b>Hg.: <\/b>Nicole Haitzinger , Karin Fenb\u00f6ck<br \/>\n<strong>Verlag:<\/strong> epodium (2010)<\/p>\n<p><b>Paperback: <\/b>300 Seiten<br \/>\n<b>Sprache: <\/b>Deutsch, Englisch<br \/>\n<strong>ISBN13:<\/strong> 978-3-940388-14-8<\/p>\n","protected":false},"featured_media":1790,"template":"","meta":[],"product_brand":[],"product_cat":[167,135,146],"product_tag":[],"class_list":{"0":"post-2790","1":"product","2":"type-product","3":"status-publish","4":"has-post-thumbnail","6":"product_cat-german-en","7":"product_cat-english-en","8":"product_cat-theoretical-texts-en","10":"first","11":"outofstock","12":"purchasable","13":"product-type-simple"},"yoast_head":"<!-- This site is optimized with the Yoast SEO plugin v27.4 - https:\/\/yoast.com\/product\/yoast-seo-wordpress\/ -->\n<title>Denkfiguren\u0096 - Performatives zwischen Bewegen, Schreiben und Erfinden : F\u00fcr Claudia Jeschke - Books on the Move<\/title>\n<meta name=\"robots\" content=\"index, follow, max-snippet:-1, max-image-preview:large, max-video-preview:-1\" \/>\n<link rel=\"canonical\" href=\"https:\/\/www.booksonthemove.fr\/en\/produit\/denkfiguren-\u0096-performatives-zwischen-bewegen-schreiben-und-erfinden\/\" \/>\n<meta property=\"og:locale\" content=\"en_US\" \/>\n<meta property=\"og:type\" content=\"article\" \/>\n<meta property=\"og:title\" content=\"Denkfiguren\u0096 - Performatives zwischen Bewegen, Schreiben und Erfinden : F\u00fcr Claudia Jeschke - Books on the Move\" \/>\n<meta property=\"og:description\" content=\"Hg.: Nicole Haitzinger , Karin Fenb\u00f6ck Verlag: epodium (2010)  Paperback: 300 Seiten Sprache: Deutsch, Englisch ISBN13: 978-3-940388-14-8\" \/>\n<meta property=\"og:url\" content=\"https:\/\/www.booksonthemove.fr\/en\/produit\/denkfiguren-\u0096-performatives-zwischen-bewegen-schreiben-und-erfinden\/\" \/>\n<meta property=\"og:site_name\" content=\"Books on the Move\" \/>\n<meta property=\"article:publisher\" content=\"https:\/\/www.facebook.com\/Librairiebooksonthemove\/\" \/>\n<meta property=\"article:modified_time\" content=\"2020-04-18T11:02:54+00:00\" \/>\n<meta property=\"og:image\" content=\"https:\/\/www.booksonthemove.fr\/media\/bom_1348_0.png\" \/>\n\t<meta property=\"og:image:width\" content=\"900\" \/>\n\t<meta property=\"og:image:height\" content=\"1200\" \/>\n\t<meta property=\"og:image:type\" content=\"image\/png\" \/>\n<meta name=\"twitter:card\" content=\"summary_large_image\" \/>\n<script type=\"application\/ld+json\" class=\"yoast-schema-graph\">{\"@context\":\"https:\\\/\\\/schema.org\",\"@graph\":[{\"@type\":\"WebPage\",\"@id\":\"https:\\\/\\\/www.booksonthemove.fr\\\/en\\\/produit\\\/denkfiguren-%c2%96-performatives-zwischen-bewegen-schreiben-und-erfinden\\\/\",\"url\":\"https:\\\/\\\/www.booksonthemove.fr\\\/en\\\/produit\\\/denkfiguren-%c2%96-performatives-zwischen-bewegen-schreiben-und-erfinden\\\/\",\"name\":\"Denkfiguren\u0096 - Performatives zwischen Bewegen, Schreiben und Erfinden : F\u00fcr Claudia Jeschke - Books on the Move\",\"isPartOf\":{\"@id\":\"https:\\\/\\\/www.booksonthemove.fr\\\/#website\"},\"primaryImageOfPage\":{\"@id\":\"https:\\\/\\\/www.booksonthemove.fr\\\/en\\\/produit\\\/denkfiguren-%c2%96-performatives-zwischen-bewegen-schreiben-und-erfinden\\\/#primaryimage\"},\"image\":{\"@id\":\"https:\\\/\\\/www.booksonthemove.fr\\\/en\\\/produit\\\/denkfiguren-%c2%96-performatives-zwischen-bewegen-schreiben-und-erfinden\\\/#primaryimage\"},\"thumbnailUrl\":\"https:\\\/\\\/www.booksonthemove.fr\\\/media\\\/bom_1348_0.png\",\"datePublished\":\"2016-08-06T07:56:50+00:00\",\"dateModified\":\"2020-04-18T11:02:54+00:00\",\"breadcrumb\":{\"@id\":\"https:\\\/\\\/www.booksonthemove.fr\\\/en\\\/produit\\\/denkfiguren-%c2%96-performatives-zwischen-bewegen-schreiben-und-erfinden\\\/#breadcrumb\"},\"inLanguage\":\"en-US\",\"potentialAction\":[{\"@type\":\"ReadAction\",\"target\":[\"https:\\\/\\\/www.booksonthemove.fr\\\/en\\\/produit\\\/denkfiguren-%c2%96-performatives-zwischen-bewegen-schreiben-und-erfinden\\\/\"]}]},{\"@type\":\"ImageObject\",\"inLanguage\":\"en-US\",\"@id\":\"https:\\\/\\\/www.booksonthemove.fr\\\/en\\\/produit\\\/denkfiguren-%c2%96-performatives-zwischen-bewegen-schreiben-und-erfinden\\\/#primaryimage\",\"url\":\"https:\\\/\\\/www.booksonthemove.fr\\\/media\\\/bom_1348_0.png\",\"contentUrl\":\"https:\\\/\\\/www.booksonthemove.fr\\\/media\\\/bom_1348_0.png\",\"width\":900,\"height\":1200},{\"@type\":\"BreadcrumbList\",\"@id\":\"https:\\\/\\\/www.booksonthemove.fr\\\/en\\\/produit\\\/denkfiguren-%c2%96-performatives-zwischen-bewegen-schreiben-und-erfinden\\\/#breadcrumb\",\"itemListElement\":[{\"@type\":\"ListItem\",\"position\":1,\"name\":\"Accueil\",\"item\":\"https:\\\/\\\/www.booksonthemove.fr\\\/en\\\/\"},{\"@type\":\"ListItem\",\"position\":2,\"name\":\"online store\",\"item\":\"https:\\\/\\\/www.booksonthemove.fr\\\/en\\\/online-shop\\\/\"},{\"@type\":\"ListItem\",\"position\":3,\"name\":\"Denkfiguren\u0096 &#8211; Performatives zwischen Bewegen, Schreiben und Erfinden : F\u00fcr Claudia Jeschke\"}]},{\"@type\":\"WebSite\",\"@id\":\"https:\\\/\\\/www.booksonthemove.fr\\\/#website\",\"url\":\"https:\\\/\\\/www.booksonthemove.fr\\\/\",\"name\":\"Books on the Move\",\"description\":\"librairie nomade - danse - mouvement - performance\",\"publisher\":{\"@id\":\"https:\\\/\\\/www.booksonthemove.fr\\\/#organization\"},\"potentialAction\":[{\"@type\":\"SearchAction\",\"target\":{\"@type\":\"EntryPoint\",\"urlTemplate\":\"https:\\\/\\\/www.booksonthemove.fr\\\/?s={search_term_string}\"},\"query-input\":{\"@type\":\"PropertyValueSpecification\",\"valueRequired\":true,\"valueName\":\"search_term_string\"}}],\"inLanguage\":\"en-US\"},{\"@type\":\"Organization\",\"@id\":\"https:\\\/\\\/www.booksonthemove.fr\\\/#organization\",\"name\":\"Books on the Move\",\"url\":\"https:\\\/\\\/www.booksonthemove.fr\\\/\",\"logo\":{\"@type\":\"ImageObject\",\"inLanguage\":\"en-US\",\"@id\":\"https:\\\/\\\/www.booksonthemove.fr\\\/#\\\/schema\\\/logo\\\/image\\\/\",\"url\":\"https:\\\/\\\/www.booksonthemove.fr\\\/media\\\/logo-NB-400.jpg\",\"contentUrl\":\"https:\\\/\\\/www.booksonthemove.fr\\\/media\\\/logo-NB-400.jpg\",\"width\":400,\"height\":143,\"caption\":\"Books on the Move\"},\"image\":{\"@id\":\"https:\\\/\\\/www.booksonthemove.fr\\\/#\\\/schema\\\/logo\\\/image\\\/\"},\"sameAs\":[\"https:\\\/\\\/www.facebook.com\\\/Librairiebooksonthemove\\\/\"]}]}<\/script>\n<!-- \/ Yoast SEO plugin. -->","yoast_head_json":{"title":"Denkfiguren\u0096 - Performatives zwischen Bewegen, Schreiben und Erfinden : F\u00fcr Claudia Jeschke - Books on the Move","robots":{"index":"index","follow":"follow","max-snippet":"max-snippet:-1","max-image-preview":"max-image-preview:large","max-video-preview":"max-video-preview:-1"},"canonical":"https:\/\/www.booksonthemove.fr\/en\/produit\/denkfiguren-\u0096-performatives-zwischen-bewegen-schreiben-und-erfinden\/","og_locale":"en_US","og_type":"article","og_title":"Denkfiguren\u0096 - Performatives zwischen Bewegen, Schreiben und Erfinden : F\u00fcr Claudia Jeschke - Books on the Move","og_description":"Hg.: Nicole Haitzinger , Karin Fenb\u00f6ck Verlag: epodium (2010)  Paperback: 300 Seiten Sprache: Deutsch, Englisch ISBN13: 978-3-940388-14-8","og_url":"https:\/\/www.booksonthemove.fr\/en\/produit\/denkfiguren-\u0096-performatives-zwischen-bewegen-schreiben-und-erfinden\/","og_site_name":"Books on the Move","article_publisher":"https:\/\/www.facebook.com\/Librairiebooksonthemove\/","article_modified_time":"2020-04-18T11:02:54+00:00","og_image":[{"width":900,"height":1200,"url":"https:\/\/www.booksonthemove.fr\/media\/bom_1348_0.png","type":"image\/png"}],"twitter_card":"summary_large_image","schema":{"@context":"https:\/\/schema.org","@graph":[{"@type":"WebPage","@id":"https:\/\/www.booksonthemove.fr\/en\/produit\/denkfiguren-%c2%96-performatives-zwischen-bewegen-schreiben-und-erfinden\/","url":"https:\/\/www.booksonthemove.fr\/en\/produit\/denkfiguren-%c2%96-performatives-zwischen-bewegen-schreiben-und-erfinden\/","name":"Denkfiguren\u0096 - Performatives zwischen Bewegen, Schreiben und Erfinden : F\u00fcr Claudia Jeschke - Books on the Move","isPartOf":{"@id":"https:\/\/www.booksonthemove.fr\/#website"},"primaryImageOfPage":{"@id":"https:\/\/www.booksonthemove.fr\/en\/produit\/denkfiguren-%c2%96-performatives-zwischen-bewegen-schreiben-und-erfinden\/#primaryimage"},"image":{"@id":"https:\/\/www.booksonthemove.fr\/en\/produit\/denkfiguren-%c2%96-performatives-zwischen-bewegen-schreiben-und-erfinden\/#primaryimage"},"thumbnailUrl":"https:\/\/www.booksonthemove.fr\/media\/bom_1348_0.png","datePublished":"2016-08-06T07:56:50+00:00","dateModified":"2020-04-18T11:02:54+00:00","breadcrumb":{"@id":"https:\/\/www.booksonthemove.fr\/en\/produit\/denkfiguren-%c2%96-performatives-zwischen-bewegen-schreiben-und-erfinden\/#breadcrumb"},"inLanguage":"en-US","potentialAction":[{"@type":"ReadAction","target":["https:\/\/www.booksonthemove.fr\/en\/produit\/denkfiguren-%c2%96-performatives-zwischen-bewegen-schreiben-und-erfinden\/"]}]},{"@type":"ImageObject","inLanguage":"en-US","@id":"https:\/\/www.booksonthemove.fr\/en\/produit\/denkfiguren-%c2%96-performatives-zwischen-bewegen-schreiben-und-erfinden\/#primaryimage","url":"https:\/\/www.booksonthemove.fr\/media\/bom_1348_0.png","contentUrl":"https:\/\/www.booksonthemove.fr\/media\/bom_1348_0.png","width":900,"height":1200},{"@type":"BreadcrumbList","@id":"https:\/\/www.booksonthemove.fr\/en\/produit\/denkfiguren-%c2%96-performatives-zwischen-bewegen-schreiben-und-erfinden\/#breadcrumb","itemListElement":[{"@type":"ListItem","position":1,"name":"Accueil","item":"https:\/\/www.booksonthemove.fr\/en\/"},{"@type":"ListItem","position":2,"name":"online store","item":"https:\/\/www.booksonthemove.fr\/en\/online-shop\/"},{"@type":"ListItem","position":3,"name":"Denkfiguren\u0096 &#8211; Performatives zwischen Bewegen, Schreiben und Erfinden : F\u00fcr Claudia Jeschke"}]},{"@type":"WebSite","@id":"https:\/\/www.booksonthemove.fr\/#website","url":"https:\/\/www.booksonthemove.fr\/","name":"Books on the Move","description":"librairie nomade - danse - mouvement - performance","publisher":{"@id":"https:\/\/www.booksonthemove.fr\/#organization"},"potentialAction":[{"@type":"SearchAction","target":{"@type":"EntryPoint","urlTemplate":"https:\/\/www.booksonthemove.fr\/?s={search_term_string}"},"query-input":{"@type":"PropertyValueSpecification","valueRequired":true,"valueName":"search_term_string"}}],"inLanguage":"en-US"},{"@type":"Organization","@id":"https:\/\/www.booksonthemove.fr\/#organization","name":"Books on the Move","url":"https:\/\/www.booksonthemove.fr\/","logo":{"@type":"ImageObject","inLanguage":"en-US","@id":"https:\/\/www.booksonthemove.fr\/#\/schema\/logo\/image\/","url":"https:\/\/www.booksonthemove.fr\/media\/logo-NB-400.jpg","contentUrl":"https:\/\/www.booksonthemove.fr\/media\/logo-NB-400.jpg","width":400,"height":143,"caption":"Books on the Move"},"image":{"@id":"https:\/\/www.booksonthemove.fr\/#\/schema\/logo\/image\/"},"sameAs":["https:\/\/www.facebook.com\/Librairiebooksonthemove\/"]}]}},"_links":{"self":[{"href":"https:\/\/www.booksonthemove.fr\/en\/wp-json\/wp\/v2\/product\/2790","targetHints":{"allow":["GET"]}}],"collection":[{"href":"https:\/\/www.booksonthemove.fr\/en\/wp-json\/wp\/v2\/product"}],"about":[{"href":"https:\/\/www.booksonthemove.fr\/en\/wp-json\/wp\/v2\/types\/product"}],"wp:featuredmedia":[{"embeddable":true,"href":"https:\/\/www.booksonthemove.fr\/en\/wp-json\/wp\/v2\/media\/1790"}],"wp:attachment":[{"href":"https:\/\/www.booksonthemove.fr\/en\/wp-json\/wp\/v2\/media?parent=2790"}],"wp:term":[{"taxonomy":"product_brand","embeddable":true,"href":"https:\/\/www.booksonthemove.fr\/en\/wp-json\/wp\/v2\/product_brand?post=2790"},{"taxonomy":"product_cat","embeddable":true,"href":"https:\/\/www.booksonthemove.fr\/en\/wp-json\/wp\/v2\/product_cat?post=2790"},{"taxonomy":"product_tag","embeddable":true,"href":"https:\/\/www.booksonthemove.fr\/en\/wp-json\/wp\/v2\/product_tag?post=2790"}],"curies":[{"name":"wp","href":"https:\/\/api.w.org\/{rel}","templated":true}]}}