{"id":2791,"date":"2016-08-28T11:15:35","date_gmt":"2016-08-28T09:15:35","guid":{"rendered":"https:\/\/www.booksonthemove.fr\/en\/product\/le-temps-que-nous-partageons-reflexions-a-travers-le-spectacle-vivant\/"},"modified":"2020-12-23T19:35:25","modified_gmt":"2020-12-23T18:35:25","slug":"le-temps-que-nous-partageons-reflexions-a-travers-le-spectacle-vivant","status":"publish","type":"product","link":"https:\/\/www.booksonthemove.fr\/en\/produit\/le-temps-que-nous-partageons-reflexions-a-travers-le-spectacle-vivant\/","title":{"rendered":"Le temps que nous partageons &#8211; R\u00e9flexions \u00e0 travers le spectacle vivant"},"content":{"rendered":"<p>Tout en partant de la c\u00e9l\u00e9bration des 20 ans du Kunstenfestivaldesarts, ce livre ouvre un ensemble de perspectives critiques sur la m\u00e9moire des arts du spectacle vivant. Il s&#8217;articule autour de questions cruciales abord\u00e9es par des spectacles phares pr\u00e9sent\u00e9s au festival ainsi que dans de nombreux autres th\u00e9\u00e2tres et festivals \u00e0 travers le monde. Chaque chapitre r\u00e9unit des projets artistiques, \u00e0 l&#8217;instar de points \u00e9pars qui constituent une constellation. Celle-ci laisse \u00e9merger des questions sp\u00e9cifiques dont certaines \u00e9taient au coeur des pr\u00e9occupations mondiales durant ces vingt derni\u00e8res ann\u00e9es, l\u00e0 o\u00f9 d&#8217;autres ont subsist\u00e9 \u00e0 l&#8217;ombre des discours et id\u00e9ologies dominants dans la soci\u00e9t\u00e9 contemporaine.<\/p>\n<p>Chaque question fait surface dans une juxtaposition de mat\u00e9riaux divers : contributions \u00e9crites d&#8217;artistes, croquis et photographies, descriptions ou traces \u00e9crites de spectacles, contributions externes autour de questions analogues de la part de figures \u00e9minentes du domaine de la philosophie ou de la sociologie.<\/p>\n<p>Ce livre est une tentative de r\u00e9trospective g\u00e9n\u00e9rale de la relation entre les arts du spectacle vivant et la soci\u00e9t\u00e9, il ouvre une perspective particuli\u00e8rement large sur la mani\u00e8re dont diff\u00e9rentes cr\u00e9ations sc\u00e9niques ont contribu\u00e9 \u00e0 donner corps \u00e0 des questions sp\u00e9cifiques et globales. Plus qu&#8217;un outil de m\u00e9moire, ce livre est un instrument d&#8217;\u00e9tude, un atlas qui permet au pass\u00e9 de s&#8217;ouvrir vers l&#8217;avenir, un outil g\u00e9n\u00e9ral d&#8217;analyse des arts du spectacle vivant et, en fin de compte, de leurs fa\u00e7ons de se rapporter au pr\u00e9sent.<\/p>\n<p>Textes de J\u00e9r\u00f4me Bel, Romeo Castellucci, Andr\u00e9 Lepecki, Chantal Mouffe, Gerald Siegmund, et Isabelle Stengers.<\/p>\n","protected":false},"excerpt":{"rendered":"<p><b>Auteurs: <\/b> Daniel Blanga-Gubbay, Lars Kwakkenbos<br \/>\n<b>Editeur: <\/b>Fonds Mercator (2015)<\/p>\n<p><strong>Broch\u00e9:<\/strong> 400 pages<br \/>\n<b>Langue: <\/b>Fran\u00e7ais<br \/>\n<strong>ISBN13:<\/strong> 9-789462-30070-5<\/p>\n","protected":false},"featured_media":2357,"template":"","meta":[],"product_brand":[],"product_cat":[226,168,149,286,162,289,152,241],"product_tag":[],"class_list":{"0":"post-2791","1":"product","2":"type-product","3":"status-publish","4":"has-post-thumbnail","6":"product_cat-anthologies-en","7":"product_cat-belgium-en","8":"product_cat-contemporary-dance-en","9":"product_cat-festivals-en","10":"product_cat-french-en","11":"product_cat-performance-venues-programming","12":"product_cat-performance-en","13":"product_cat-theater-en","15":"first","16":"onbackorder","17":"purchasable","18":"product-type-simple"},"yoast_head":"<!-- This site is optimized with the Yoast SEO plugin v27.5 - https:\/\/yoast.com\/product\/yoast-seo-wordpress\/ -->\n<title>Le temps que nous partageons - R\u00e9flexions \u00e0 travers le spectacle vivant - Books on the Move<\/title>\n<meta name=\"robots\" content=\"index, follow, max-snippet:-1, max-image-preview:large, max-video-preview:-1\" \/>\n<link rel=\"canonical\" href=\"https:\/\/www.booksonthemove.fr\/en\/produit\/le-temps-que-nous-partageons-reflexions-a-travers-le-spectacle-vivant\/\" \/>\n<meta property=\"og:locale\" content=\"en_US\" \/>\n<meta property=\"og:type\" content=\"article\" \/>\n<meta property=\"og:title\" content=\"Le temps que nous partageons - R\u00e9flexions \u00e0 travers le spectacle vivant - Books on the Move\" \/>\n<meta property=\"og:description\" content=\"Auteurs: Daniel Blanga-Gubbay, Lars Kwakkenbos Editeur: Fonds Mercator (2015)  Broch\u00e9: 400 pages Langue: Fran\u00e7ais ISBN13: 9-789462-30070-5\" \/>\n<meta property=\"og:url\" content=\"https:\/\/www.booksonthemove.fr\/en\/produit\/le-temps-que-nous-partageons-reflexions-a-travers-le-spectacle-vivant\/\" \/>\n<meta property=\"og:site_name\" content=\"Books on the Move\" \/>\n<meta property=\"article:publisher\" content=\"https:\/\/www.facebook.com\/Librairiebooksonthemove\/\" \/>\n<meta property=\"article:modified_time\" content=\"2020-12-23T18:35:25+00:00\" \/>\n<meta property=\"og:image\" content=\"https:\/\/www.booksonthemove.fr\/media\/bom_1349_0.jpg\" \/>\n\t<meta property=\"og:image:width\" content=\"900\" \/>\n\t<meta property=\"og:image:height\" content=\"1200\" \/>\n\t<meta property=\"og:image:type\" content=\"image\/jpeg\" \/>\n<meta name=\"twitter:card\" content=\"summary_large_image\" \/>\n<script type=\"application\/ld+json\" class=\"yoast-schema-graph\">{\"@context\":\"https:\\\/\\\/schema.org\",\"@graph\":[{\"@type\":\"WebPage\",\"@id\":\"https:\\\/\\\/www.booksonthemove.fr\\\/en\\\/produit\\\/le-temps-que-nous-partageons-reflexions-a-travers-le-spectacle-vivant\\\/\",\"url\":\"https:\\\/\\\/www.booksonthemove.fr\\\/en\\\/produit\\\/le-temps-que-nous-partageons-reflexions-a-travers-le-spectacle-vivant\\\/\",\"name\":\"Le temps que nous partageons - R\u00e9flexions \u00e0 travers le spectacle vivant - Books on the Move\",\"isPartOf\":{\"@id\":\"https:\\\/\\\/www.booksonthemove.fr\\\/#website\"},\"primaryImageOfPage\":{\"@id\":\"https:\\\/\\\/www.booksonthemove.fr\\\/en\\\/produit\\\/le-temps-que-nous-partageons-reflexions-a-travers-le-spectacle-vivant\\\/#primaryimage\"},\"image\":{\"@id\":\"https:\\\/\\\/www.booksonthemove.fr\\\/en\\\/produit\\\/le-temps-que-nous-partageons-reflexions-a-travers-le-spectacle-vivant\\\/#primaryimage\"},\"thumbnailUrl\":\"https:\\\/\\\/www.booksonthemove.fr\\\/media\\\/bom_1349_0.jpg\",\"datePublished\":\"2016-08-28T09:15:35+00:00\",\"dateModified\":\"2020-12-23T18:35:25+00:00\",\"breadcrumb\":{\"@id\":\"https:\\\/\\\/www.booksonthemove.fr\\\/en\\\/produit\\\/le-temps-que-nous-partageons-reflexions-a-travers-le-spectacle-vivant\\\/#breadcrumb\"},\"inLanguage\":\"en-US\",\"potentialAction\":[{\"@type\":\"ReadAction\",\"target\":[\"https:\\\/\\\/www.booksonthemove.fr\\\/en\\\/produit\\\/le-temps-que-nous-partageons-reflexions-a-travers-le-spectacle-vivant\\\/\"]}]},{\"@type\":\"ImageObject\",\"inLanguage\":\"en-US\",\"@id\":\"https:\\\/\\\/www.booksonthemove.fr\\\/en\\\/produit\\\/le-temps-que-nous-partageons-reflexions-a-travers-le-spectacle-vivant\\\/#primaryimage\",\"url\":\"https:\\\/\\\/www.booksonthemove.fr\\\/media\\\/bom_1349_0.jpg\",\"contentUrl\":\"https:\\\/\\\/www.booksonthemove.fr\\\/media\\\/bom_1349_0.jpg\",\"width\":900,\"height\":1200},{\"@type\":\"BreadcrumbList\",\"@id\":\"https:\\\/\\\/www.booksonthemove.fr\\\/en\\\/produit\\\/le-temps-que-nous-partageons-reflexions-a-travers-le-spectacle-vivant\\\/#breadcrumb\",\"itemListElement\":[{\"@type\":\"ListItem\",\"position\":1,\"name\":\"Accueil\",\"item\":\"https:\\\/\\\/www.booksonthemove.fr\\\/en\\\/\"},{\"@type\":\"ListItem\",\"position\":2,\"name\":\"online store\",\"item\":\"https:\\\/\\\/www.booksonthemove.fr\\\/en\\\/online-shop\\\/\"},{\"@type\":\"ListItem\",\"position\":3,\"name\":\"Le temps que nous partageons &#8211; R\u00e9flexions \u00e0 travers le spectacle vivant\"}]},{\"@type\":\"WebSite\",\"@id\":\"https:\\\/\\\/www.booksonthemove.fr\\\/#website\",\"url\":\"https:\\\/\\\/www.booksonthemove.fr\\\/\",\"name\":\"Books on the Move\",\"description\":\"librairie nomade - danse - mouvement - performance\",\"publisher\":{\"@id\":\"https:\\\/\\\/www.booksonthemove.fr\\\/#organization\"},\"potentialAction\":[{\"@type\":\"SearchAction\",\"target\":{\"@type\":\"EntryPoint\",\"urlTemplate\":\"https:\\\/\\\/www.booksonthemove.fr\\\/?s={search_term_string}\"},\"query-input\":{\"@type\":\"PropertyValueSpecification\",\"valueRequired\":true,\"valueName\":\"search_term_string\"}}],\"inLanguage\":\"en-US\"},{\"@type\":\"Organization\",\"@id\":\"https:\\\/\\\/www.booksonthemove.fr\\\/#organization\",\"name\":\"Books on the Move\",\"url\":\"https:\\\/\\\/www.booksonthemove.fr\\\/\",\"logo\":{\"@type\":\"ImageObject\",\"inLanguage\":\"en-US\",\"@id\":\"https:\\\/\\\/www.booksonthemove.fr\\\/#\\\/schema\\\/logo\\\/image\\\/\",\"url\":\"https:\\\/\\\/www.booksonthemove.fr\\\/media\\\/logo-NB-400.jpg\",\"contentUrl\":\"https:\\\/\\\/www.booksonthemove.fr\\\/media\\\/logo-NB-400.jpg\",\"width\":400,\"height\":143,\"caption\":\"Books on the Move\"},\"image\":{\"@id\":\"https:\\\/\\\/www.booksonthemove.fr\\\/#\\\/schema\\\/logo\\\/image\\\/\"},\"sameAs\":[\"https:\\\/\\\/www.facebook.com\\\/Librairiebooksonthemove\\\/\"]}]}<\/script>\n<!-- \/ Yoast SEO plugin. -->","yoast_head_json":{"title":"Le temps que nous partageons - R\u00e9flexions \u00e0 travers le spectacle vivant - Books on the Move","robots":{"index":"index","follow":"follow","max-snippet":"max-snippet:-1","max-image-preview":"max-image-preview:large","max-video-preview":"max-video-preview:-1"},"canonical":"https:\/\/www.booksonthemove.fr\/en\/produit\/le-temps-que-nous-partageons-reflexions-a-travers-le-spectacle-vivant\/","og_locale":"en_US","og_type":"article","og_title":"Le temps que nous partageons - R\u00e9flexions \u00e0 travers le spectacle vivant - Books on the Move","og_description":"Auteurs: Daniel Blanga-Gubbay, Lars Kwakkenbos Editeur: Fonds Mercator (2015)  Broch\u00e9: 400 pages Langue: Fran\u00e7ais ISBN13: 9-789462-30070-5","og_url":"https:\/\/www.booksonthemove.fr\/en\/produit\/le-temps-que-nous-partageons-reflexions-a-travers-le-spectacle-vivant\/","og_site_name":"Books on the Move","article_publisher":"https:\/\/www.facebook.com\/Librairiebooksonthemove\/","article_modified_time":"2020-12-23T18:35:25+00:00","og_image":[{"width":900,"height":1200,"url":"https:\/\/www.booksonthemove.fr\/media\/bom_1349_0.jpg","type":"image\/jpeg"}],"twitter_card":"summary_large_image","schema":{"@context":"https:\/\/schema.org","@graph":[{"@type":"WebPage","@id":"https:\/\/www.booksonthemove.fr\/en\/produit\/le-temps-que-nous-partageons-reflexions-a-travers-le-spectacle-vivant\/","url":"https:\/\/www.booksonthemove.fr\/en\/produit\/le-temps-que-nous-partageons-reflexions-a-travers-le-spectacle-vivant\/","name":"Le temps que nous partageons - R\u00e9flexions \u00e0 travers le spectacle vivant - Books on the Move","isPartOf":{"@id":"https:\/\/www.booksonthemove.fr\/#website"},"primaryImageOfPage":{"@id":"https:\/\/www.booksonthemove.fr\/en\/produit\/le-temps-que-nous-partageons-reflexions-a-travers-le-spectacle-vivant\/#primaryimage"},"image":{"@id":"https:\/\/www.booksonthemove.fr\/en\/produit\/le-temps-que-nous-partageons-reflexions-a-travers-le-spectacle-vivant\/#primaryimage"},"thumbnailUrl":"https:\/\/www.booksonthemove.fr\/media\/bom_1349_0.jpg","datePublished":"2016-08-28T09:15:35+00:00","dateModified":"2020-12-23T18:35:25+00:00","breadcrumb":{"@id":"https:\/\/www.booksonthemove.fr\/en\/produit\/le-temps-que-nous-partageons-reflexions-a-travers-le-spectacle-vivant\/#breadcrumb"},"inLanguage":"en-US","potentialAction":[{"@type":"ReadAction","target":["https:\/\/www.booksonthemove.fr\/en\/produit\/le-temps-que-nous-partageons-reflexions-a-travers-le-spectacle-vivant\/"]}]},{"@type":"ImageObject","inLanguage":"en-US","@id":"https:\/\/www.booksonthemove.fr\/en\/produit\/le-temps-que-nous-partageons-reflexions-a-travers-le-spectacle-vivant\/#primaryimage","url":"https:\/\/www.booksonthemove.fr\/media\/bom_1349_0.jpg","contentUrl":"https:\/\/www.booksonthemove.fr\/media\/bom_1349_0.jpg","width":900,"height":1200},{"@type":"BreadcrumbList","@id":"https:\/\/www.booksonthemove.fr\/en\/produit\/le-temps-que-nous-partageons-reflexions-a-travers-le-spectacle-vivant\/#breadcrumb","itemListElement":[{"@type":"ListItem","position":1,"name":"Accueil","item":"https:\/\/www.booksonthemove.fr\/en\/"},{"@type":"ListItem","position":2,"name":"online store","item":"https:\/\/www.booksonthemove.fr\/en\/online-shop\/"},{"@type":"ListItem","position":3,"name":"Le temps que nous partageons &#8211; R\u00e9flexions \u00e0 travers le spectacle vivant"}]},{"@type":"WebSite","@id":"https:\/\/www.booksonthemove.fr\/#website","url":"https:\/\/www.booksonthemove.fr\/","name":"Books on the Move","description":"librairie nomade - danse - mouvement - performance","publisher":{"@id":"https:\/\/www.booksonthemove.fr\/#organization"},"potentialAction":[{"@type":"SearchAction","target":{"@type":"EntryPoint","urlTemplate":"https:\/\/www.booksonthemove.fr\/?s={search_term_string}"},"query-input":{"@type":"PropertyValueSpecification","valueRequired":true,"valueName":"search_term_string"}}],"inLanguage":"en-US"},{"@type":"Organization","@id":"https:\/\/www.booksonthemove.fr\/#organization","name":"Books on the Move","url":"https:\/\/www.booksonthemove.fr\/","logo":{"@type":"ImageObject","inLanguage":"en-US","@id":"https:\/\/www.booksonthemove.fr\/#\/schema\/logo\/image\/","url":"https:\/\/www.booksonthemove.fr\/media\/logo-NB-400.jpg","contentUrl":"https:\/\/www.booksonthemove.fr\/media\/logo-NB-400.jpg","width":400,"height":143,"caption":"Books on the Move"},"image":{"@id":"https:\/\/www.booksonthemove.fr\/#\/schema\/logo\/image\/"},"sameAs":["https:\/\/www.facebook.com\/Librairiebooksonthemove\/"]}]}},"_links":{"self":[{"href":"https:\/\/www.booksonthemove.fr\/en\/wp-json\/wp\/v2\/product\/2791","targetHints":{"allow":["GET"]}}],"collection":[{"href":"https:\/\/www.booksonthemove.fr\/en\/wp-json\/wp\/v2\/product"}],"about":[{"href":"https:\/\/www.booksonthemove.fr\/en\/wp-json\/wp\/v2\/types\/product"}],"wp:featuredmedia":[{"embeddable":true,"href":"https:\/\/www.booksonthemove.fr\/en\/wp-json\/wp\/v2\/media\/2357"}],"wp:attachment":[{"href":"https:\/\/www.booksonthemove.fr\/en\/wp-json\/wp\/v2\/media?parent=2791"}],"wp:term":[{"taxonomy":"product_brand","embeddable":true,"href":"https:\/\/www.booksonthemove.fr\/en\/wp-json\/wp\/v2\/product_brand?post=2791"},{"taxonomy":"product_cat","embeddable":true,"href":"https:\/\/www.booksonthemove.fr\/en\/wp-json\/wp\/v2\/product_cat?post=2791"},{"taxonomy":"product_tag","embeddable":true,"href":"https:\/\/www.booksonthemove.fr\/en\/wp-json\/wp\/v2\/product_tag?post=2791"}],"curies":[{"name":"wp","href":"https:\/\/api.w.org\/{rel}","templated":true}]}}