{"id":2804,"date":"2016-08-06T09:56:36","date_gmt":"2016-08-06T07:56:36","guid":{"rendered":"https:\/\/www.booksonthemove.fr\/en\/product\/in-situ-voyages-d%c2%92artistes-europeens-european-artists-on-the-road\/"},"modified":"2024-12-14T19:34:38","modified_gmt":"2024-12-14T18:34:38","slug":"in-situ-voyages-d%c2%92artistes-europeens-european-artists-on-the-road","status":"publish","type":"product","link":"https:\/\/www.booksonthemove.fr\/en\/produit\/in-situ-voyages-d%c2%92artistes-europeens-european-artists-on-the-road\/","title":{"rendered":"In Situ &#8211; Voyages d&#8217;artistes europ\u00e9ens \/ European artists on the road"},"content":{"rendered":"<p>Dans le cadre d&#8217;un projet de coop\u00e9ration en faveur des arts de la rue appel\u00e9 In situ, dix-huit artistes nous livrent dans cet album sensible leurs t\u00e9moignages sur leur travail \u00e0 l&#8217;\u00e9tranger : petites histoires, r\u00e9cits de voyages, souvenirs \u00e9pars de franchissement de fronti\u00e8res. Les artistes, particuli\u00e8rement ceux qui vont \u00e0 la rencontre des publics dans des espaces ouverts, p\u00e9n\u00e9trant par surprise ou effraction dans le quotidien des habitants, ont une acuit\u00e9 particuli\u00e8re pour saisir les traits des lieux o\u00f9 ils font leur spectacle. \u0152uvrant in situ, ils rep\u00e8rent le terrain, ses asp\u00e9rit\u00e9s, ses ressources, ses infrastructures, se heurtent ou s&#8217;adaptent aux usages publics et vivent la culture du pays qu&#8217;ils visitent. Quand les artistes traversent les fronti\u00e8res, la confrontation \u00e0 l&#8217;\u00e9tranger est fraternelle mais n&#8217;abolit pas les diff\u00e9rences. Elle les met au contraire en relief, en pr\u00e9cise les contours et en accentue les contrastes. Si ces r\u00e9cits en disent long sur les paysages d\u00e9couverts, ils nous parlent tout autant du voyageur lui-m\u00eame. Ses rencontres, ses impressions et son propos sont marqu\u00e9s par les influences dont il est \u00e0 la fois l&#8217;h\u00e9ritier et l&#8217;artisan. Ils soulignent aussi les d\u00e9calages ou les ressemblances dont il fait le constat.<\/p>\n<p>Table des mati\u00e8res<\/p>\n<p>Patrick de Groot, Les petites histoires \/ The little stories<br \/>\nSylvie Martin-Lahmani, Territoires : Rue, Europe, Monde<br \/>\nBenjamin Verdonck, Hirondelle\/Dooivogeltje\/The great swallow<br \/>\nGavin Lockart<br \/>\nIan Smith, Mischief L\u00e0 bas<br \/>\nErsnt Mariane Binder, Nacht, Weg, Rand<br \/>\nG\u00e9n\u00e9rik Vapeur, Trafic d&#8217;acteurs et d&#8217;engins<br \/>\nG . R . A . M ., Eiffelturm, zerst\u00fcckelt<br \/>\nJean-Raymond Jacom &amp; Enrique Jimenez, O P O S I T O<br \/>\nLaure Delamotte-Legrand, Aqua Alta<br \/>\nDeseperate Men<br \/>\nProducciones imperdibles, Mirando al cielo<br \/>\nJudith Nab, Th\u00eaatre espace<br \/>\nL\u00e9a Dant, Th\u00e9\u00e2tre du voyage int\u00e9rieur<br \/>\nLeandre-Claire, El teatro de calle<br \/>\nMichel Sarunac, Th\u00e9\u00e2tre rouge<br \/>\nStefan Novak, Theater irrwisch<br \/>\nWladyslaw Znorko, Cosmos kolej<br \/>\nZomer Van Antwerpen, De zon is Van Iedereen<\/p>\n","protected":false},"excerpt":{"rendered":"<p><b>Auteurs: <\/b> ouvrage collectif sous la direction de Patrick de Groote, Joris Janssens , Jean-S\u00e9bastien Steil<br \/>\n<b>Editeur: <\/b>\u00e9ditions l&#8217;Entretemps (2006)<\/p>\n<p><strong>Broch\u00e9:<\/strong> 208 pages<br \/>\n<b>Langue: <\/b>Fran\u00e7ais\/Anglais<br \/>\n<strong>ISBN13:<\/strong> 978-2-912877-53-6<\/p>\n","protected":false},"featured_media":2297,"template":"","meta":[],"product_brand":[],"product_cat":[135,198,208,151,162,241],"product_tag":[],"class_list":{"0":"post-2804","1":"product","2":"type-product","3":"status-publish","4":"has-post-thumbnail","6":"product_cat-english-en","7":"product_cat-collaborations-collectives-en","8":"product_cat-public-space-en","9":"product_cat-europe-en","10":"product_cat-french-en","11":"product_cat-theater-en","13":"first","14":"instock","15":"taxable","16":"shipping-taxable","17":"purchasable","18":"product-type-simple"},"yoast_head":"<!-- This site is optimized with the Yoast SEO plugin v27.5 - https:\/\/yoast.com\/product\/yoast-seo-wordpress\/ -->\n<title>In Situ - Voyages d&#039;artistes europ\u00e9ens \/ European artists on the road - Books on the Move<\/title>\n<meta name=\"robots\" content=\"index, follow, max-snippet:-1, max-image-preview:large, max-video-preview:-1\" \/>\n<link rel=\"canonical\" href=\"https:\/\/www.booksonthemove.fr\/en\/produit\/in-situ-voyages-d\u0092artistes-europeens-european-artists-on-the-road\/\" \/>\n<meta property=\"og:locale\" content=\"en_US\" \/>\n<meta property=\"og:type\" content=\"article\" \/>\n<meta property=\"og:title\" content=\"In Situ - Voyages d&#039;artistes europ\u00e9ens \/ European artists on the road - Books on the Move\" \/>\n<meta property=\"og:description\" content=\"Auteurs: ouvrage collectif sous la direction de Patrick de Groote, Joris Janssens , Jean-S\u00e9bastien Steil Editeur: \u00e9ditions l&#039;Entretemps (2006)  Broch\u00e9: 208 pages Langue: Fran\u00e7ais\/Anglais ISBN13: 978-2-912877-53-6\" \/>\n<meta property=\"og:url\" content=\"https:\/\/www.booksonthemove.fr\/en\/produit\/in-situ-voyages-d\u0092artistes-europeens-european-artists-on-the-road\/\" \/>\n<meta property=\"og:site_name\" content=\"Books on the Move\" \/>\n<meta property=\"article:publisher\" content=\"https:\/\/www.facebook.com\/Librairiebooksonthemove\/\" \/>\n<meta property=\"article:modified_time\" content=\"2024-12-14T18:34:38+00:00\" \/>\n<meta property=\"og:image\" content=\"https:\/\/www.booksonthemove.fr\/media\/bom_1305_0.jpg\" \/>\n\t<meta property=\"og:image:width\" content=\"900\" \/>\n\t<meta property=\"og:image:height\" content=\"1200\" \/>\n\t<meta property=\"og:image:type\" content=\"image\/jpeg\" \/>\n<meta name=\"twitter:card\" content=\"summary_large_image\" \/>\n<script type=\"application\/ld+json\" class=\"yoast-schema-graph\">{\"@context\":\"https:\\\/\\\/schema.org\",\"@graph\":[{\"@type\":\"WebPage\",\"@id\":\"https:\\\/\\\/www.booksonthemove.fr\\\/en\\\/produit\\\/in-situ-voyages-d%c2%92artistes-europeens-european-artists-on-the-road\\\/\",\"url\":\"https:\\\/\\\/www.booksonthemove.fr\\\/en\\\/produit\\\/in-situ-voyages-d%c2%92artistes-europeens-european-artists-on-the-road\\\/\",\"name\":\"In Situ - Voyages d'artistes europ\u00e9ens \\\/ European artists on the road - Books on the Move\",\"isPartOf\":{\"@id\":\"https:\\\/\\\/www.booksonthemove.fr\\\/#website\"},\"primaryImageOfPage\":{\"@id\":\"https:\\\/\\\/www.booksonthemove.fr\\\/en\\\/produit\\\/in-situ-voyages-d%c2%92artistes-europeens-european-artists-on-the-road\\\/#primaryimage\"},\"image\":{\"@id\":\"https:\\\/\\\/www.booksonthemove.fr\\\/en\\\/produit\\\/in-situ-voyages-d%c2%92artistes-europeens-european-artists-on-the-road\\\/#primaryimage\"},\"thumbnailUrl\":\"https:\\\/\\\/www.booksonthemove.fr\\\/media\\\/bom_1305_0.jpg\",\"datePublished\":\"2016-08-06T07:56:36+00:00\",\"dateModified\":\"2024-12-14T18:34:38+00:00\",\"breadcrumb\":{\"@id\":\"https:\\\/\\\/www.booksonthemove.fr\\\/en\\\/produit\\\/in-situ-voyages-d%c2%92artistes-europeens-european-artists-on-the-road\\\/#breadcrumb\"},\"inLanguage\":\"en-US\",\"potentialAction\":[{\"@type\":\"ReadAction\",\"target\":[\"https:\\\/\\\/www.booksonthemove.fr\\\/en\\\/produit\\\/in-situ-voyages-d%c2%92artistes-europeens-european-artists-on-the-road\\\/\"]}]},{\"@type\":\"ImageObject\",\"inLanguage\":\"en-US\",\"@id\":\"https:\\\/\\\/www.booksonthemove.fr\\\/en\\\/produit\\\/in-situ-voyages-d%c2%92artistes-europeens-european-artists-on-the-road\\\/#primaryimage\",\"url\":\"https:\\\/\\\/www.booksonthemove.fr\\\/media\\\/bom_1305_0.jpg\",\"contentUrl\":\"https:\\\/\\\/www.booksonthemove.fr\\\/media\\\/bom_1305_0.jpg\",\"width\":900,\"height\":1200},{\"@type\":\"BreadcrumbList\",\"@id\":\"https:\\\/\\\/www.booksonthemove.fr\\\/en\\\/produit\\\/in-situ-voyages-d%c2%92artistes-europeens-european-artists-on-the-road\\\/#breadcrumb\",\"itemListElement\":[{\"@type\":\"ListItem\",\"position\":1,\"name\":\"Accueil\",\"item\":\"https:\\\/\\\/www.booksonthemove.fr\\\/en\\\/\"},{\"@type\":\"ListItem\",\"position\":2,\"name\":\"online store\",\"item\":\"https:\\\/\\\/www.booksonthemove.fr\\\/en\\\/online-shop\\\/\"},{\"@type\":\"ListItem\",\"position\":3,\"name\":\"In Situ &#8211; Voyages d&rsquo;artistes europ\u00e9ens \\\/ European artists on the road\"}]},{\"@type\":\"WebSite\",\"@id\":\"https:\\\/\\\/www.booksonthemove.fr\\\/#website\",\"url\":\"https:\\\/\\\/www.booksonthemove.fr\\\/\",\"name\":\"Books on the Move\",\"description\":\"librairie nomade - danse - mouvement - performance\",\"publisher\":{\"@id\":\"https:\\\/\\\/www.booksonthemove.fr\\\/#organization\"},\"potentialAction\":[{\"@type\":\"SearchAction\",\"target\":{\"@type\":\"EntryPoint\",\"urlTemplate\":\"https:\\\/\\\/www.booksonthemove.fr\\\/?s={search_term_string}\"},\"query-input\":{\"@type\":\"PropertyValueSpecification\",\"valueRequired\":true,\"valueName\":\"search_term_string\"}}],\"inLanguage\":\"en-US\"},{\"@type\":\"Organization\",\"@id\":\"https:\\\/\\\/www.booksonthemove.fr\\\/#organization\",\"name\":\"Books on the Move\",\"url\":\"https:\\\/\\\/www.booksonthemove.fr\\\/\",\"logo\":{\"@type\":\"ImageObject\",\"inLanguage\":\"en-US\",\"@id\":\"https:\\\/\\\/www.booksonthemove.fr\\\/#\\\/schema\\\/logo\\\/image\\\/\",\"url\":\"https:\\\/\\\/www.booksonthemove.fr\\\/media\\\/logo-NB-400.jpg\",\"contentUrl\":\"https:\\\/\\\/www.booksonthemove.fr\\\/media\\\/logo-NB-400.jpg\",\"width\":400,\"height\":143,\"caption\":\"Books on the Move\"},\"image\":{\"@id\":\"https:\\\/\\\/www.booksonthemove.fr\\\/#\\\/schema\\\/logo\\\/image\\\/\"},\"sameAs\":[\"https:\\\/\\\/www.facebook.com\\\/Librairiebooksonthemove\\\/\"]}]}<\/script>\n<!-- \/ Yoast SEO plugin. -->","yoast_head_json":{"title":"In Situ - Voyages d'artistes europ\u00e9ens \/ European artists on the road - Books on the Move","robots":{"index":"index","follow":"follow","max-snippet":"max-snippet:-1","max-image-preview":"max-image-preview:large","max-video-preview":"max-video-preview:-1"},"canonical":"https:\/\/www.booksonthemove.fr\/en\/produit\/in-situ-voyages-d\u0092artistes-europeens-european-artists-on-the-road\/","og_locale":"en_US","og_type":"article","og_title":"In Situ - Voyages d'artistes europ\u00e9ens \/ European artists on the road - Books on the Move","og_description":"Auteurs: ouvrage collectif sous la direction de Patrick de Groote, Joris Janssens , Jean-S\u00e9bastien Steil Editeur: \u00e9ditions l'Entretemps (2006)  Broch\u00e9: 208 pages Langue: Fran\u00e7ais\/Anglais ISBN13: 978-2-912877-53-6","og_url":"https:\/\/www.booksonthemove.fr\/en\/produit\/in-situ-voyages-d\u0092artistes-europeens-european-artists-on-the-road\/","og_site_name":"Books on the Move","article_publisher":"https:\/\/www.facebook.com\/Librairiebooksonthemove\/","article_modified_time":"2024-12-14T18:34:38+00:00","og_image":[{"width":900,"height":1200,"url":"https:\/\/www.booksonthemove.fr\/media\/bom_1305_0.jpg","type":"image\/jpeg"}],"twitter_card":"summary_large_image","schema":{"@context":"https:\/\/schema.org","@graph":[{"@type":"WebPage","@id":"https:\/\/www.booksonthemove.fr\/en\/produit\/in-situ-voyages-d%c2%92artistes-europeens-european-artists-on-the-road\/","url":"https:\/\/www.booksonthemove.fr\/en\/produit\/in-situ-voyages-d%c2%92artistes-europeens-european-artists-on-the-road\/","name":"In Situ - Voyages d'artistes europ\u00e9ens \/ European artists on the road - Books on the Move","isPartOf":{"@id":"https:\/\/www.booksonthemove.fr\/#website"},"primaryImageOfPage":{"@id":"https:\/\/www.booksonthemove.fr\/en\/produit\/in-situ-voyages-d%c2%92artistes-europeens-european-artists-on-the-road\/#primaryimage"},"image":{"@id":"https:\/\/www.booksonthemove.fr\/en\/produit\/in-situ-voyages-d%c2%92artistes-europeens-european-artists-on-the-road\/#primaryimage"},"thumbnailUrl":"https:\/\/www.booksonthemove.fr\/media\/bom_1305_0.jpg","datePublished":"2016-08-06T07:56:36+00:00","dateModified":"2024-12-14T18:34:38+00:00","breadcrumb":{"@id":"https:\/\/www.booksonthemove.fr\/en\/produit\/in-situ-voyages-d%c2%92artistes-europeens-european-artists-on-the-road\/#breadcrumb"},"inLanguage":"en-US","potentialAction":[{"@type":"ReadAction","target":["https:\/\/www.booksonthemove.fr\/en\/produit\/in-situ-voyages-d%c2%92artistes-europeens-european-artists-on-the-road\/"]}]},{"@type":"ImageObject","inLanguage":"en-US","@id":"https:\/\/www.booksonthemove.fr\/en\/produit\/in-situ-voyages-d%c2%92artistes-europeens-european-artists-on-the-road\/#primaryimage","url":"https:\/\/www.booksonthemove.fr\/media\/bom_1305_0.jpg","contentUrl":"https:\/\/www.booksonthemove.fr\/media\/bom_1305_0.jpg","width":900,"height":1200},{"@type":"BreadcrumbList","@id":"https:\/\/www.booksonthemove.fr\/en\/produit\/in-situ-voyages-d%c2%92artistes-europeens-european-artists-on-the-road\/#breadcrumb","itemListElement":[{"@type":"ListItem","position":1,"name":"Accueil","item":"https:\/\/www.booksonthemove.fr\/en\/"},{"@type":"ListItem","position":2,"name":"online store","item":"https:\/\/www.booksonthemove.fr\/en\/online-shop\/"},{"@type":"ListItem","position":3,"name":"In Situ &#8211; Voyages d&rsquo;artistes europ\u00e9ens \/ European artists on the road"}]},{"@type":"WebSite","@id":"https:\/\/www.booksonthemove.fr\/#website","url":"https:\/\/www.booksonthemove.fr\/","name":"Books on the Move","description":"librairie nomade - danse - mouvement - performance","publisher":{"@id":"https:\/\/www.booksonthemove.fr\/#organization"},"potentialAction":[{"@type":"SearchAction","target":{"@type":"EntryPoint","urlTemplate":"https:\/\/www.booksonthemove.fr\/?s={search_term_string}"},"query-input":{"@type":"PropertyValueSpecification","valueRequired":true,"valueName":"search_term_string"}}],"inLanguage":"en-US"},{"@type":"Organization","@id":"https:\/\/www.booksonthemove.fr\/#organization","name":"Books on the Move","url":"https:\/\/www.booksonthemove.fr\/","logo":{"@type":"ImageObject","inLanguage":"en-US","@id":"https:\/\/www.booksonthemove.fr\/#\/schema\/logo\/image\/","url":"https:\/\/www.booksonthemove.fr\/media\/logo-NB-400.jpg","contentUrl":"https:\/\/www.booksonthemove.fr\/media\/logo-NB-400.jpg","width":400,"height":143,"caption":"Books on the Move"},"image":{"@id":"https:\/\/www.booksonthemove.fr\/#\/schema\/logo\/image\/"},"sameAs":["https:\/\/www.facebook.com\/Librairiebooksonthemove\/"]}]}},"_links":{"self":[{"href":"https:\/\/www.booksonthemove.fr\/en\/wp-json\/wp\/v2\/product\/2804","targetHints":{"allow":["GET"]}}],"collection":[{"href":"https:\/\/www.booksonthemove.fr\/en\/wp-json\/wp\/v2\/product"}],"about":[{"href":"https:\/\/www.booksonthemove.fr\/en\/wp-json\/wp\/v2\/types\/product"}],"wp:featuredmedia":[{"embeddable":true,"href":"https:\/\/www.booksonthemove.fr\/en\/wp-json\/wp\/v2\/media\/2297"}],"wp:attachment":[{"href":"https:\/\/www.booksonthemove.fr\/en\/wp-json\/wp\/v2\/media?parent=2804"}],"wp:term":[{"taxonomy":"product_brand","embeddable":true,"href":"https:\/\/www.booksonthemove.fr\/en\/wp-json\/wp\/v2\/product_brand?post=2804"},{"taxonomy":"product_cat","embeddable":true,"href":"https:\/\/www.booksonthemove.fr\/en\/wp-json\/wp\/v2\/product_cat?post=2804"},{"taxonomy":"product_tag","embeddable":true,"href":"https:\/\/www.booksonthemove.fr\/en\/wp-json\/wp\/v2\/product_tag?post=2804"}],"curies":[{"name":"wp","href":"https:\/\/api.w.org\/{rel}","templated":true}]}}