{"id":2805,"date":"2016-08-28T11:15:12","date_gmt":"2016-08-28T09:15:12","guid":{"rendered":"https:\/\/www.booksonthemove.fr\/en\/product\/un-pas-de-deux-france-amerique\/"},"modified":"2021-10-26T16:10:18","modified_gmt":"2021-10-26T14:10:18","slug":"un-pas-de-deux-france-amerique","status":"publish","type":"product","link":"https:\/\/www.booksonthemove.fr\/en\/produit\/un-pas-de-deux-france-amerique\/","title":{"rendered":"Un pas de deux France-Am\u00e9rique &#8211; 30 ann\u00e9es d&#8217;invention du danseur contemporain au CNDC d&#8217;Angers"},"content":{"rendered":"<p>Les questions de la formation du danseur en tant qu\u2019artiste \u2014 et pas seulement en tant que destinataire d\u2019un bagage technique \u2014 n\u2019ont quasiment jamais \u00e9t\u00e9 abord\u00e9es.<\/p>\n<p>L\u2019originalit\u00e9 de cet ouvrage r\u00e9side dans l\u2019angle qu\u2019il propose pour saisir les \u00e9volutions extraordinaires qu\u2019a connues la danse en France au cours des trois derni\u00e8res d\u00e9cennies. Il s\u2019agit en effet de comprendre quel type d\u2019artiste chor\u00e9graphique le mouvement de la danse contemporaine a envisag\u00e9 de former?. et comment cela nous renseigne sur le projet de ce mouvement.<\/p>\n<p>C\u2019est donc en s\u2019immergeant dans la tumultueuse histoire du Centre national de danse contemporaine d\u2019Angers, qu\u2019on per\u00e7oit les d\u00e9bats, avanc\u00e9es, retournements, r\u00eaves, illusions, succ\u00e8s et \u00e9checs de la sc\u00e8ne chor\u00e9graphique de l\u2019Hexagone dans la m\u00eame p\u00e9riode.<\/p>\n<p>Cr\u00e9\u00e9 en 1978 en tant qu\u2019\u00c9cole nationale sup\u00e9rieure de danse contemporaine, le C.N.D.C. d\u2019Angers est rest\u00e9 chevill\u00e9 au mouvement esth\u00e9tique qu\u2019il a accompagn\u00e9, en formant plus d\u2019un demi-millier de jeunes artistes chor\u00e9graphiques. Six directions s\u2019y sont succ\u00e9d\u00e9, chaque passage de relais signifiant une profonde red\u00e9finition du projet de l\u2019\u00e9tablissement. Une constante se v\u00e9rifie en revanche, qui est celle de l\u2019usage invariablement maintenu d\u2019une r\u00e9f\u00e9rence fran\u00e7aise aux acquis de la modernit\u00e9 chor\u00e9graphique am\u00e9ricaine.<\/p>\n<p>Une centaine d\u2019entretiens avec les acteurs de cette histoire, l\u2019exploration des archives de l\u2019\u00e9tablissement et de son tr\u00e8s riche fond vid\u00e9ographique, auront permis de saisir en quoi chaque goutte de sueur d\u00e9pens\u00e9e dans un studio est charg\u00e9e d\u2019implicites qui rendent compte des dimensions \u00e9conomiques, politiques, \u00e9thiques, id\u00e9ologiques et plus largement esth\u00e9tiques de tout le mouvement de la danse.<\/p>\n","protected":false},"excerpt":{"rendered":"<p><b>Auteur : <\/b> G\u00e9rard Mayen<br \/>\n<b>Editeur : <\/b>\u00e9ditions l&#8217;Entretemps (2012)<\/p>\n<p><strong>Broch\u00e9 :<\/strong> 432 pages<br \/>\n<b>Langue : <\/b>Fran\u00e7ais<br \/>\n<strong>ISBN13\u00a0:<\/strong> 978-2-35539-133-0<\/p>\n","protected":false},"featured_media":2301,"template":"","meta":[],"product_brand":[],"product_cat":[210,149,227,162,163,136,140],"product_tag":[],"class_list":{"0":"post-2805","1":"product","2":"type-product","3":"status-publish","4":"has-post-thumbnail","6":"product_cat-archivesdocumentation-en","7":"product_cat-contemporary-dance-en","8":"product_cat-essays-en","9":"product_cat-french-en","10":"product_cat-france-en","11":"product_cat-histoire-en","12":"product_cat-education-dance-technique-en","14":"first","15":"instock","16":"taxable","17":"shipping-taxable","18":"purchasable","19":"product-type-simple"},"yoast_head":"<!-- This site is optimized with the Yoast SEO plugin v27.5 - https:\/\/yoast.com\/product\/yoast-seo-wordpress\/ -->\n<title>Un pas de deux France-Am\u00e9rique - 30 ann\u00e9es d&#039;invention du danseur contemporain au CNDC d&#039;Angers - Books on the Move<\/title>\n<meta name=\"robots\" content=\"index, follow, max-snippet:-1, max-image-preview:large, max-video-preview:-1\" \/>\n<link rel=\"canonical\" href=\"https:\/\/www.booksonthemove.fr\/en\/produit\/un-pas-de-deux-france-amerique\/\" \/>\n<meta property=\"og:locale\" content=\"en_US\" \/>\n<meta property=\"og:type\" content=\"article\" \/>\n<meta property=\"og:title\" content=\"Un pas de deux France-Am\u00e9rique - 30 ann\u00e9es d&#039;invention du danseur contemporain au CNDC d&#039;Angers - Books on the Move\" \/>\n<meta property=\"og:description\" content=\"Auteur : G\u00e9rard Mayen Editeur : \u00e9ditions l&#039;Entretemps (2012)  Broch\u00e9 : 432 pages Langue : Fran\u00e7ais ISBN13\u00a0: 978-2-35539-133-0\" \/>\n<meta property=\"og:url\" content=\"https:\/\/www.booksonthemove.fr\/en\/produit\/un-pas-de-deux-france-amerique\/\" \/>\n<meta property=\"og:site_name\" content=\"Books on the Move\" \/>\n<meta property=\"article:publisher\" content=\"https:\/\/www.facebook.com\/Librairiebooksonthemove\/\" \/>\n<meta property=\"article:modified_time\" content=\"2021-10-26T14:10:18+00:00\" \/>\n<meta property=\"og:image\" content=\"https:\/\/www.booksonthemove.fr\/media\/bom_1310_0.jpg\" \/>\n\t<meta property=\"og:image:width\" content=\"900\" \/>\n\t<meta property=\"og:image:height\" content=\"1200\" \/>\n\t<meta property=\"og:image:type\" content=\"image\/jpeg\" \/>\n<meta name=\"twitter:card\" content=\"summary_large_image\" \/>\n<script type=\"application\/ld+json\" class=\"yoast-schema-graph\">{\"@context\":\"https:\\\/\\\/schema.org\",\"@graph\":[{\"@type\":\"WebPage\",\"@id\":\"https:\\\/\\\/www.booksonthemove.fr\\\/en\\\/produit\\\/un-pas-de-deux-france-amerique\\\/\",\"url\":\"https:\\\/\\\/www.booksonthemove.fr\\\/en\\\/produit\\\/un-pas-de-deux-france-amerique\\\/\",\"name\":\"Un pas de deux France-Am\u00e9rique - 30 ann\u00e9es d'invention du danseur contemporain au CNDC d'Angers - Books on the Move\",\"isPartOf\":{\"@id\":\"https:\\\/\\\/www.booksonthemove.fr\\\/#website\"},\"primaryImageOfPage\":{\"@id\":\"https:\\\/\\\/www.booksonthemove.fr\\\/en\\\/produit\\\/un-pas-de-deux-france-amerique\\\/#primaryimage\"},\"image\":{\"@id\":\"https:\\\/\\\/www.booksonthemove.fr\\\/en\\\/produit\\\/un-pas-de-deux-france-amerique\\\/#primaryimage\"},\"thumbnailUrl\":\"https:\\\/\\\/www.booksonthemove.fr\\\/media\\\/bom_1310_0.jpg\",\"datePublished\":\"2016-08-28T09:15:12+00:00\",\"dateModified\":\"2021-10-26T14:10:18+00:00\",\"breadcrumb\":{\"@id\":\"https:\\\/\\\/www.booksonthemove.fr\\\/en\\\/produit\\\/un-pas-de-deux-france-amerique\\\/#breadcrumb\"},\"inLanguage\":\"en-US\",\"potentialAction\":[{\"@type\":\"ReadAction\",\"target\":[\"https:\\\/\\\/www.booksonthemove.fr\\\/en\\\/produit\\\/un-pas-de-deux-france-amerique\\\/\"]}]},{\"@type\":\"ImageObject\",\"inLanguage\":\"en-US\",\"@id\":\"https:\\\/\\\/www.booksonthemove.fr\\\/en\\\/produit\\\/un-pas-de-deux-france-amerique\\\/#primaryimage\",\"url\":\"https:\\\/\\\/www.booksonthemove.fr\\\/media\\\/bom_1310_0.jpg\",\"contentUrl\":\"https:\\\/\\\/www.booksonthemove.fr\\\/media\\\/bom_1310_0.jpg\",\"width\":900,\"height\":1200},{\"@type\":\"BreadcrumbList\",\"@id\":\"https:\\\/\\\/www.booksonthemove.fr\\\/en\\\/produit\\\/un-pas-de-deux-france-amerique\\\/#breadcrumb\",\"itemListElement\":[{\"@type\":\"ListItem\",\"position\":1,\"name\":\"Accueil\",\"item\":\"https:\\\/\\\/www.booksonthemove.fr\\\/en\\\/\"},{\"@type\":\"ListItem\",\"position\":2,\"name\":\"online store\",\"item\":\"https:\\\/\\\/www.booksonthemove.fr\\\/en\\\/online-shop\\\/\"},{\"@type\":\"ListItem\",\"position\":3,\"name\":\"Un pas de deux France-Am\u00e9rique &#8211; 30 ann\u00e9es d&#8217;invention du danseur contemporain au CNDC d&#8217;Angers\"}]},{\"@type\":\"WebSite\",\"@id\":\"https:\\\/\\\/www.booksonthemove.fr\\\/#website\",\"url\":\"https:\\\/\\\/www.booksonthemove.fr\\\/\",\"name\":\"Books on the Move\",\"description\":\"librairie nomade - danse - mouvement - performance\",\"publisher\":{\"@id\":\"https:\\\/\\\/www.booksonthemove.fr\\\/#organization\"},\"potentialAction\":[{\"@type\":\"SearchAction\",\"target\":{\"@type\":\"EntryPoint\",\"urlTemplate\":\"https:\\\/\\\/www.booksonthemove.fr\\\/?s={search_term_string}\"},\"query-input\":{\"@type\":\"PropertyValueSpecification\",\"valueRequired\":true,\"valueName\":\"search_term_string\"}}],\"inLanguage\":\"en-US\"},{\"@type\":\"Organization\",\"@id\":\"https:\\\/\\\/www.booksonthemove.fr\\\/#organization\",\"name\":\"Books on the Move\",\"url\":\"https:\\\/\\\/www.booksonthemove.fr\\\/\",\"logo\":{\"@type\":\"ImageObject\",\"inLanguage\":\"en-US\",\"@id\":\"https:\\\/\\\/www.booksonthemove.fr\\\/#\\\/schema\\\/logo\\\/image\\\/\",\"url\":\"https:\\\/\\\/www.booksonthemove.fr\\\/media\\\/logo-NB-400.jpg\",\"contentUrl\":\"https:\\\/\\\/www.booksonthemove.fr\\\/media\\\/logo-NB-400.jpg\",\"width\":400,\"height\":143,\"caption\":\"Books on the Move\"},\"image\":{\"@id\":\"https:\\\/\\\/www.booksonthemove.fr\\\/#\\\/schema\\\/logo\\\/image\\\/\"},\"sameAs\":[\"https:\\\/\\\/www.facebook.com\\\/Librairiebooksonthemove\\\/\"]}]}<\/script>\n<!-- \/ Yoast SEO plugin. -->","yoast_head_json":{"title":"Un pas de deux France-Am\u00e9rique - 30 ann\u00e9es d'invention du danseur contemporain au CNDC d'Angers - Books on the Move","robots":{"index":"index","follow":"follow","max-snippet":"max-snippet:-1","max-image-preview":"max-image-preview:large","max-video-preview":"max-video-preview:-1"},"canonical":"https:\/\/www.booksonthemove.fr\/en\/produit\/un-pas-de-deux-france-amerique\/","og_locale":"en_US","og_type":"article","og_title":"Un pas de deux France-Am\u00e9rique - 30 ann\u00e9es d'invention du danseur contemporain au CNDC d'Angers - Books on the Move","og_description":"Auteur : G\u00e9rard Mayen Editeur : \u00e9ditions l'Entretemps (2012)  Broch\u00e9 : 432 pages Langue : Fran\u00e7ais ISBN13\u00a0: 978-2-35539-133-0","og_url":"https:\/\/www.booksonthemove.fr\/en\/produit\/un-pas-de-deux-france-amerique\/","og_site_name":"Books on the Move","article_publisher":"https:\/\/www.facebook.com\/Librairiebooksonthemove\/","article_modified_time":"2021-10-26T14:10:18+00:00","og_image":[{"width":900,"height":1200,"url":"https:\/\/www.booksonthemove.fr\/media\/bom_1310_0.jpg","type":"image\/jpeg"}],"twitter_card":"summary_large_image","schema":{"@context":"https:\/\/schema.org","@graph":[{"@type":"WebPage","@id":"https:\/\/www.booksonthemove.fr\/en\/produit\/un-pas-de-deux-france-amerique\/","url":"https:\/\/www.booksonthemove.fr\/en\/produit\/un-pas-de-deux-france-amerique\/","name":"Un pas de deux France-Am\u00e9rique - 30 ann\u00e9es d'invention du danseur contemporain au CNDC d'Angers - Books on the Move","isPartOf":{"@id":"https:\/\/www.booksonthemove.fr\/#website"},"primaryImageOfPage":{"@id":"https:\/\/www.booksonthemove.fr\/en\/produit\/un-pas-de-deux-france-amerique\/#primaryimage"},"image":{"@id":"https:\/\/www.booksonthemove.fr\/en\/produit\/un-pas-de-deux-france-amerique\/#primaryimage"},"thumbnailUrl":"https:\/\/www.booksonthemove.fr\/media\/bom_1310_0.jpg","datePublished":"2016-08-28T09:15:12+00:00","dateModified":"2021-10-26T14:10:18+00:00","breadcrumb":{"@id":"https:\/\/www.booksonthemove.fr\/en\/produit\/un-pas-de-deux-france-amerique\/#breadcrumb"},"inLanguage":"en-US","potentialAction":[{"@type":"ReadAction","target":["https:\/\/www.booksonthemove.fr\/en\/produit\/un-pas-de-deux-france-amerique\/"]}]},{"@type":"ImageObject","inLanguage":"en-US","@id":"https:\/\/www.booksonthemove.fr\/en\/produit\/un-pas-de-deux-france-amerique\/#primaryimage","url":"https:\/\/www.booksonthemove.fr\/media\/bom_1310_0.jpg","contentUrl":"https:\/\/www.booksonthemove.fr\/media\/bom_1310_0.jpg","width":900,"height":1200},{"@type":"BreadcrumbList","@id":"https:\/\/www.booksonthemove.fr\/en\/produit\/un-pas-de-deux-france-amerique\/#breadcrumb","itemListElement":[{"@type":"ListItem","position":1,"name":"Accueil","item":"https:\/\/www.booksonthemove.fr\/en\/"},{"@type":"ListItem","position":2,"name":"online store","item":"https:\/\/www.booksonthemove.fr\/en\/online-shop\/"},{"@type":"ListItem","position":3,"name":"Un pas de deux France-Am\u00e9rique &#8211; 30 ann\u00e9es d&#8217;invention du danseur contemporain au CNDC d&#8217;Angers"}]},{"@type":"WebSite","@id":"https:\/\/www.booksonthemove.fr\/#website","url":"https:\/\/www.booksonthemove.fr\/","name":"Books on the Move","description":"librairie nomade - danse - mouvement - performance","publisher":{"@id":"https:\/\/www.booksonthemove.fr\/#organization"},"potentialAction":[{"@type":"SearchAction","target":{"@type":"EntryPoint","urlTemplate":"https:\/\/www.booksonthemove.fr\/?s={search_term_string}"},"query-input":{"@type":"PropertyValueSpecification","valueRequired":true,"valueName":"search_term_string"}}],"inLanguage":"en-US"},{"@type":"Organization","@id":"https:\/\/www.booksonthemove.fr\/#organization","name":"Books on the Move","url":"https:\/\/www.booksonthemove.fr\/","logo":{"@type":"ImageObject","inLanguage":"en-US","@id":"https:\/\/www.booksonthemove.fr\/#\/schema\/logo\/image\/","url":"https:\/\/www.booksonthemove.fr\/media\/logo-NB-400.jpg","contentUrl":"https:\/\/www.booksonthemove.fr\/media\/logo-NB-400.jpg","width":400,"height":143,"caption":"Books on the Move"},"image":{"@id":"https:\/\/www.booksonthemove.fr\/#\/schema\/logo\/image\/"},"sameAs":["https:\/\/www.facebook.com\/Librairiebooksonthemove\/"]}]}},"_links":{"self":[{"href":"https:\/\/www.booksonthemove.fr\/en\/wp-json\/wp\/v2\/product\/2805","targetHints":{"allow":["GET"]}}],"collection":[{"href":"https:\/\/www.booksonthemove.fr\/en\/wp-json\/wp\/v2\/product"}],"about":[{"href":"https:\/\/www.booksonthemove.fr\/en\/wp-json\/wp\/v2\/types\/product"}],"wp:featuredmedia":[{"embeddable":true,"href":"https:\/\/www.booksonthemove.fr\/en\/wp-json\/wp\/v2\/media\/2301"}],"wp:attachment":[{"href":"https:\/\/www.booksonthemove.fr\/en\/wp-json\/wp\/v2\/media?parent=2805"}],"wp:term":[{"taxonomy":"product_brand","embeddable":true,"href":"https:\/\/www.booksonthemove.fr\/en\/wp-json\/wp\/v2\/product_brand?post=2805"},{"taxonomy":"product_cat","embeddable":true,"href":"https:\/\/www.booksonthemove.fr\/en\/wp-json\/wp\/v2\/product_cat?post=2805"},{"taxonomy":"product_tag","embeddable":true,"href":"https:\/\/www.booksonthemove.fr\/en\/wp-json\/wp\/v2\/product_tag?post=2805"}],"curies":[{"name":"wp","href":"https:\/\/api.w.org\/{rel}","templated":true}]}}