{"id":2807,"date":"2016-08-28T11:15:12","date_gmt":"2016-08-28T09:15:12","guid":{"rendered":"https:\/\/www.booksonthemove.fr\/en\/product\/recreer-scripter\/"},"modified":"2025-03-25T22:57:13","modified_gmt":"2025-03-25T21:57:13","slug":"recreer-scripter","status":"publish","type":"product","link":"https:\/\/www.booksonthemove.fr\/en\/produit\/recreer-scripter\/","title":{"rendered":"Recr\u00e9er \/ scripter"},"content":{"rendered":"<p>M\u00e9moires et transmissions des \u0153uvres performatives et chor\u00e9graphiques contemporaines.<\/p>\n<p>La transmission des \u0153uvres performatives et chor\u00e9graphiques contemporaines soul\u00e8ve de vifs d\u00e9bats th\u00e9oriques, esth\u00e9tiques, politiques, institutionnels, p\u00e9dagogiques, m\u00e9thodologiques ou juridiques. Pratiques artistiques \u00e9ph\u00e9m\u00e8res, engageant le corps, r\u00e9alis\u00e9es dans la perspective d&#8217;un rapport \u00e0 un public, la performance et la danse contemporaine requi\u00e8rent des modes de transmission proc\u00e9dant \u00e0 la fois de l&#8217;archive et de la m\u00e9moire orale et corporelle. Ce double registre, dont les termes sont trop souvent pens\u00e9s en opposition, explique pourquoi l&#8217;art de la performance et les \u0153uvres chor\u00e9graphiques ont \u00e9chapp\u00e9 jusque r\u00e9cemment aux institutions patrimoniales qui privil\u00e9gient des approches archivistiques, documentaires et mat\u00e9rielles de la transmission.<\/p>\n<p>Ce livre explore les pistes que des approches m\u00e9morielles de l&#8217;archive permettent d&#8217;ouvrir. Les reenactments sont abord\u00e9s en tant qu&#8221; archives performatives &#8216; qui instaurent une circulation entre les documents, les corps, les scripts, les r\u00e9cits d&#8217;exp\u00e9riences. Participant pleinement du fonctionnement esth\u00e9tique des \u0153uvres et de leurs reprises, la documentation devient moteur de cr\u00e9ation et suscite de multiples r\u00e9activations \u00e0 travers des expositions, des performances, des sites Internet. De ces r\u00e9\u00e9valuations \u00e9mergent de nouvelles fa\u00e7ons de concevoir les histoires des arts vivants, qu&#8217;il s&#8217;agisse d&#8217;herm\u00e9neutiques des documents, de laboratoires historiographiques au sein d&#8217;expositions, de productions m\u00e9morielles au c\u0153ur des pratiques artistiques. Pour se d\u00e9velopper, ces pratiques requi\u00e8rent l&#8217;invention de structures h\u00e9t\u00e9rodoxes ou la convergence des institutions vou\u00e9es \u00e0 la culture mat\u00e9rielle et celles consacr\u00e9es aux r\u00e9pertoires, sans pour autant \u00e9carter les dissensus et les frictions indispensables \u00e0 une &#8216; pens\u00e9e complexe &#8216; des ph\u00e9nom\u00e8nes de transmission.<\/p>\n<p>Cet ouvrage est issu des journ\u00e9es d&#8217;\u00e9tude Documenter, recr\u00e9er\u2026 M\u00e9moires et transmissions des \u0153uvres performatives et chor\u00e9graphiques contemporaines tenues \u00e0 Montr\u00e9al les 2, 3 et 4 mai 2013, un partenariat de la Fondation Jean-Pierre Perreault et de l&#8217;Institut du patrimoine de l&#8217;Universit\u00e9 du Qu\u00e9bec \u00e0 Montr\u00e9al.<\/p>\n<p>Textes de Clarisse Bardiot, Anne B\u00e9nichou, Yves Bergeron, Marc Boivin, Elsa Bourdot, Ginelle Chagnon, Mario C\u00f4t\u00e9, Les Deux Gullivers (Flutura Preka &amp; Besnik Haxhillari), Am\u00e9lie Gigu\u00e8re, Amelia Jones, Isabelle Launay, Catherine Lavoie-Marcus, Andr\u00e9 Lepecki, Babette Mangolte, Sylvie Mokhtari, Jacques Perron, Isabelle Poirier, C\u00e9line Roux, Theresa Rowat, Mich\u00e8le Rust, Jessica Santone, No\u00e9mie Solomon, Ming Tiampo.<\/p>\n","protected":false},"excerpt":{"rendered":"<p><b>Auteur: <\/b> ouvrage collectif sous la direction d&#8217;Anne B\u00e9nichou<br \/>\n<b>Editeur: <\/b>les presses du r\u00e9el (2015)<\/p>\n<p><strong>Broch\u00e9:<\/strong> 544 pages<br \/>\n<b>Langue: <\/b>Fran\u00e7ais<br \/>\n<strong>ISBN13:<\/strong> 978-2-84066-746-9<\/p>\n","protected":false},"featured_media":2305,"template":"","meta":[],"product_brand":[],"product_cat":[215,210,149,227,162,160,136,152,291,367],"product_tag":[],"class_list":{"0":"post-2807","1":"product","2":"type-product","3":"status-publish","4":"has-post-thumbnail","6":"product_cat-symposiums-conferences-en","7":"product_cat-archivesdocumentation-en","8":"product_cat-contemporary-dance-en","9":"product_cat-essays-en","10":"product_cat-french-en","11":"product_cat-happenings-en","12":"product_cat-histoire-en","13":"product_cat-performance-en","14":"product_cat-pluridisciplinarity","15":"product_cat-reenactment-en","17":"first","18":"instock","19":"purchasable","20":"product-type-simple"},"yoast_head":"<!-- This site is optimized with the Yoast SEO plugin v27.5 - https:\/\/yoast.com\/product\/yoast-seo-wordpress\/ -->\n<title>Recr\u00e9er \/ scripter - Books on the Move<\/title>\n<meta name=\"robots\" content=\"index, follow, max-snippet:-1, max-image-preview:large, max-video-preview:-1\" \/>\n<link rel=\"canonical\" href=\"https:\/\/www.booksonthemove.fr\/produit\/recreer-scripter\/\" \/>\n<meta property=\"og:locale\" content=\"en_US\" \/>\n<meta property=\"og:type\" content=\"article\" \/>\n<meta property=\"og:title\" content=\"Recr\u00e9er \/ scripter - Books on the Move\" \/>\n<meta property=\"og:description\" content=\"Auteur: ouvrage collectif sous la direction d&#039;Anne B\u00e9nichou Editeur: les presses du r\u00e9el (2015)  Broch\u00e9: 544 pages Langue: Fran\u00e7ais ISBN13: 978-2-84066-746-9\" \/>\n<meta property=\"og:url\" content=\"https:\/\/www.booksonthemove.fr\/produit\/recreer-scripter\/\" \/>\n<meta property=\"og:site_name\" content=\"Books on the Move\" \/>\n<meta property=\"article:publisher\" content=\"https:\/\/www.facebook.com\/Librairiebooksonthemove\/\" \/>\n<meta property=\"article:modified_time\" content=\"2025-03-25T21:57:13+00:00\" \/>\n<meta property=\"og:image\" content=\"https:\/\/www.booksonthemove.fr\/media\/bom_1313_0.jpg\" \/>\n\t<meta property=\"og:image:width\" content=\"975\" \/>\n\t<meta property=\"og:image:height\" content=\"1200\" \/>\n\t<meta property=\"og:image:type\" content=\"image\/jpeg\" \/>\n<meta name=\"twitter:card\" content=\"summary_large_image\" \/>\n<script type=\"application\/ld+json\" class=\"yoast-schema-graph\">{\"@context\":\"https:\\\/\\\/schema.org\",\"@graph\":[{\"@type\":\"WebPage\",\"@id\":\"https:\\\/\\\/www.booksonthemove.fr\\\/produit\\\/recreer-scripter\\\/\",\"url\":\"https:\\\/\\\/www.booksonthemove.fr\\\/produit\\\/recreer-scripter\\\/\",\"name\":\"Recr\u00e9er \\\/ scripter - Books on the Move\",\"isPartOf\":{\"@id\":\"https:\\\/\\\/www.booksonthemove.fr\\\/#website\"},\"primaryImageOfPage\":{\"@id\":\"https:\\\/\\\/www.booksonthemove.fr\\\/produit\\\/recreer-scripter\\\/#primaryimage\"},\"image\":{\"@id\":\"https:\\\/\\\/www.booksonthemove.fr\\\/produit\\\/recreer-scripter\\\/#primaryimage\"},\"thumbnailUrl\":\"https:\\\/\\\/www.booksonthemove.fr\\\/media\\\/bom_1313_0.jpg\",\"datePublished\":\"2016-08-28T09:15:12+00:00\",\"dateModified\":\"2025-03-25T21:57:13+00:00\",\"breadcrumb\":{\"@id\":\"https:\\\/\\\/www.booksonthemove.fr\\\/produit\\\/recreer-scripter\\\/#breadcrumb\"},\"inLanguage\":\"en-US\",\"potentialAction\":[{\"@type\":\"ReadAction\",\"target\":[\"https:\\\/\\\/www.booksonthemove.fr\\\/produit\\\/recreer-scripter\\\/\"]}]},{\"@type\":\"ImageObject\",\"inLanguage\":\"en-US\",\"@id\":\"https:\\\/\\\/www.booksonthemove.fr\\\/produit\\\/recreer-scripter\\\/#primaryimage\",\"url\":\"https:\\\/\\\/www.booksonthemove.fr\\\/media\\\/bom_1313_0.jpg\",\"contentUrl\":\"https:\\\/\\\/www.booksonthemove.fr\\\/media\\\/bom_1313_0.jpg\",\"width\":975,\"height\":1200},{\"@type\":\"BreadcrumbList\",\"@id\":\"https:\\\/\\\/www.booksonthemove.fr\\\/produit\\\/recreer-scripter\\\/#breadcrumb\",\"itemListElement\":[{\"@type\":\"ListItem\",\"position\":1,\"name\":\"Accueil\",\"item\":\"https:\\\/\\\/www.booksonthemove.fr\\\/en\\\/\"},{\"@type\":\"ListItem\",\"position\":2,\"name\":\"online store\",\"item\":\"https:\\\/\\\/www.booksonthemove.fr\\\/en\\\/online-shop\\\/\"},{\"@type\":\"ListItem\",\"position\":3,\"name\":\"Recr\u00e9er \\\/ scripter\"}]},{\"@type\":\"WebSite\",\"@id\":\"https:\\\/\\\/www.booksonthemove.fr\\\/#website\",\"url\":\"https:\\\/\\\/www.booksonthemove.fr\\\/\",\"name\":\"Books on the Move\",\"description\":\"librairie nomade - danse - mouvement - performance\",\"publisher\":{\"@id\":\"https:\\\/\\\/www.booksonthemove.fr\\\/#organization\"},\"potentialAction\":[{\"@type\":\"SearchAction\",\"target\":{\"@type\":\"EntryPoint\",\"urlTemplate\":\"https:\\\/\\\/www.booksonthemove.fr\\\/?s={search_term_string}\"},\"query-input\":{\"@type\":\"PropertyValueSpecification\",\"valueRequired\":true,\"valueName\":\"search_term_string\"}}],\"inLanguage\":\"en-US\"},{\"@type\":\"Organization\",\"@id\":\"https:\\\/\\\/www.booksonthemove.fr\\\/#organization\",\"name\":\"Books on the Move\",\"url\":\"https:\\\/\\\/www.booksonthemove.fr\\\/\",\"logo\":{\"@type\":\"ImageObject\",\"inLanguage\":\"en-US\",\"@id\":\"https:\\\/\\\/www.booksonthemove.fr\\\/#\\\/schema\\\/logo\\\/image\\\/\",\"url\":\"https:\\\/\\\/www.booksonthemove.fr\\\/media\\\/logo-NB-400.jpg\",\"contentUrl\":\"https:\\\/\\\/www.booksonthemove.fr\\\/media\\\/logo-NB-400.jpg\",\"width\":400,\"height\":143,\"caption\":\"Books on the Move\"},\"image\":{\"@id\":\"https:\\\/\\\/www.booksonthemove.fr\\\/#\\\/schema\\\/logo\\\/image\\\/\"},\"sameAs\":[\"https:\\\/\\\/www.facebook.com\\\/Librairiebooksonthemove\\\/\"]}]}<\/script>\n<!-- \/ Yoast SEO plugin. -->","yoast_head_json":{"title":"Recr\u00e9er \/ scripter - Books on the Move","robots":{"index":"index","follow":"follow","max-snippet":"max-snippet:-1","max-image-preview":"max-image-preview:large","max-video-preview":"max-video-preview:-1"},"canonical":"https:\/\/www.booksonthemove.fr\/produit\/recreer-scripter\/","og_locale":"en_US","og_type":"article","og_title":"Recr\u00e9er \/ scripter - Books on the Move","og_description":"Auteur: ouvrage collectif sous la direction d'Anne B\u00e9nichou Editeur: les presses du r\u00e9el (2015)  Broch\u00e9: 544 pages Langue: Fran\u00e7ais ISBN13: 978-2-84066-746-9","og_url":"https:\/\/www.booksonthemove.fr\/produit\/recreer-scripter\/","og_site_name":"Books on the Move","article_publisher":"https:\/\/www.facebook.com\/Librairiebooksonthemove\/","article_modified_time":"2025-03-25T21:57:13+00:00","og_image":[{"width":975,"height":1200,"url":"https:\/\/www.booksonthemove.fr\/media\/bom_1313_0.jpg","type":"image\/jpeg"}],"twitter_card":"summary_large_image","schema":{"@context":"https:\/\/schema.org","@graph":[{"@type":"WebPage","@id":"https:\/\/www.booksonthemove.fr\/produit\/recreer-scripter\/","url":"https:\/\/www.booksonthemove.fr\/produit\/recreer-scripter\/","name":"Recr\u00e9er \/ scripter - Books on the Move","isPartOf":{"@id":"https:\/\/www.booksonthemove.fr\/#website"},"primaryImageOfPage":{"@id":"https:\/\/www.booksonthemove.fr\/produit\/recreer-scripter\/#primaryimage"},"image":{"@id":"https:\/\/www.booksonthemove.fr\/produit\/recreer-scripter\/#primaryimage"},"thumbnailUrl":"https:\/\/www.booksonthemove.fr\/media\/bom_1313_0.jpg","datePublished":"2016-08-28T09:15:12+00:00","dateModified":"2025-03-25T21:57:13+00:00","breadcrumb":{"@id":"https:\/\/www.booksonthemove.fr\/produit\/recreer-scripter\/#breadcrumb"},"inLanguage":"en-US","potentialAction":[{"@type":"ReadAction","target":["https:\/\/www.booksonthemove.fr\/produit\/recreer-scripter\/"]}]},{"@type":"ImageObject","inLanguage":"en-US","@id":"https:\/\/www.booksonthemove.fr\/produit\/recreer-scripter\/#primaryimage","url":"https:\/\/www.booksonthemove.fr\/media\/bom_1313_0.jpg","contentUrl":"https:\/\/www.booksonthemove.fr\/media\/bom_1313_0.jpg","width":975,"height":1200},{"@type":"BreadcrumbList","@id":"https:\/\/www.booksonthemove.fr\/produit\/recreer-scripter\/#breadcrumb","itemListElement":[{"@type":"ListItem","position":1,"name":"Accueil","item":"https:\/\/www.booksonthemove.fr\/en\/"},{"@type":"ListItem","position":2,"name":"online store","item":"https:\/\/www.booksonthemove.fr\/en\/online-shop\/"},{"@type":"ListItem","position":3,"name":"Recr\u00e9er \/ scripter"}]},{"@type":"WebSite","@id":"https:\/\/www.booksonthemove.fr\/#website","url":"https:\/\/www.booksonthemove.fr\/","name":"Books on the Move","description":"librairie nomade - danse - mouvement - performance","publisher":{"@id":"https:\/\/www.booksonthemove.fr\/#organization"},"potentialAction":[{"@type":"SearchAction","target":{"@type":"EntryPoint","urlTemplate":"https:\/\/www.booksonthemove.fr\/?s={search_term_string}"},"query-input":{"@type":"PropertyValueSpecification","valueRequired":true,"valueName":"search_term_string"}}],"inLanguage":"en-US"},{"@type":"Organization","@id":"https:\/\/www.booksonthemove.fr\/#organization","name":"Books on the Move","url":"https:\/\/www.booksonthemove.fr\/","logo":{"@type":"ImageObject","inLanguage":"en-US","@id":"https:\/\/www.booksonthemove.fr\/#\/schema\/logo\/image\/","url":"https:\/\/www.booksonthemove.fr\/media\/logo-NB-400.jpg","contentUrl":"https:\/\/www.booksonthemove.fr\/media\/logo-NB-400.jpg","width":400,"height":143,"caption":"Books on the Move"},"image":{"@id":"https:\/\/www.booksonthemove.fr\/#\/schema\/logo\/image\/"},"sameAs":["https:\/\/www.facebook.com\/Librairiebooksonthemove\/"]}]}},"_links":{"self":[{"href":"https:\/\/www.booksonthemove.fr\/en\/wp-json\/wp\/v2\/product\/2807","targetHints":{"allow":["GET"]}}],"collection":[{"href":"https:\/\/www.booksonthemove.fr\/en\/wp-json\/wp\/v2\/product"}],"about":[{"href":"https:\/\/www.booksonthemove.fr\/en\/wp-json\/wp\/v2\/types\/product"}],"wp:featuredmedia":[{"embeddable":true,"href":"https:\/\/www.booksonthemove.fr\/en\/wp-json\/wp\/v2\/media\/2305"}],"wp:attachment":[{"href":"https:\/\/www.booksonthemove.fr\/en\/wp-json\/wp\/v2\/media?parent=2807"}],"wp:term":[{"taxonomy":"product_brand","embeddable":true,"href":"https:\/\/www.booksonthemove.fr\/en\/wp-json\/wp\/v2\/product_brand?post=2807"},{"taxonomy":"product_cat","embeddable":true,"href":"https:\/\/www.booksonthemove.fr\/en\/wp-json\/wp\/v2\/product_cat?post=2807"},{"taxonomy":"product_tag","embeddable":true,"href":"https:\/\/www.booksonthemove.fr\/en\/wp-json\/wp\/v2\/product_tag?post=2807"}],"curies":[{"name":"wp","href":"https:\/\/api.w.org\/{rel}","templated":true}]}}