{"id":2811,"date":"2016-08-28T11:15:12","date_gmt":"2016-08-28T09:15:12","guid":{"rendered":"https:\/\/www.booksonthemove.fr\/en\/product\/cendrillon-carnet-de-creation\/"},"modified":"2020-12-23T19:40:37","modified_gmt":"2020-12-23T18:40:37","slug":"cendrillon-carnet-de-creation","status":"publish","type":"product","link":"https:\/\/www.booksonthemove.fr\/en\/produit\/cendrillon-carnet-de-creation\/","title":{"rendered":"Cendrillon &#8211; Carnet de cr\u00e9ation"},"content":{"rendered":"<p>Dans sa derni\u00e8re cr\u00e9ation, Cendrillon, Thierry Malandain r\u00e9interpr\u00e8te le conte de Charles Perrault, qui a connu d\u2019illustres adaptations chor\u00e9graphiques &#8211; de Petipa \u00e0 Maguy Marin en passant par Noureev. Sur la musique de Prokofiev, Thierry Malandain sublime l\u2019ordinaire, entra\u00eenant le spectateur dans l\u2019humanit\u00e9 et la magie du conte, son m\u00e9lange de burlesque et d\u2019onirisme.<br \/>\nCet ouvrage invite le lecteur \u00e0 suivre le processus de cr\u00e9ation de la pi\u00e8ce et \u00e0 d\u00e9couvrir l\u2019envers du d\u00e9cor d\u2019une production salu\u00e9e par un public nombreux.<br \/>\nPour la premi\u00e8re fois, Thierry Malandain, fer de lance de la cr\u00e9ation n\u00e9oclassique en France, prend la plume pour \u00e9voquer les cl\u00e9s de son travail de cr\u00e9ation, dans un style tr\u00e8s personnel et musical, et nous livre ainsi sa vision de la danse et du ballet.<br \/>\nSon texte est accompagn\u00e9 d&#8217;une riche iconographie (photos in\u00e9dites du spectacle, de r\u00e9p\u00e9titions, maquettes de costumes) ainsi que de divers t\u00e9moignages : ceux de Laurence Liban, journaliste qui a assist\u00e9 au processus de cr\u00e9ation, de Laurent Brunner, directeur de Ch\u00e2teau de Versailles Spectacles qui a programm\u00e9 la pi\u00e8ce dans le cadre de l&#8217;Op\u00e9ra royal de Versailles, et enfin de Gabriel Prokofiev, petit-fils du compositeur Serge Prokofiev.<\/p>\n","protected":false},"excerpt":{"rendered":"<p><b>Auteur: <\/b> Thierry Malandain<br \/>\n<strong>Editeurs:<\/strong> Centre national de la danse, Malandain Ballet Biarritz (2014)<br \/>\n<strong>Broch\u00e9:<\/strong> 160 pages<br \/>\n<b>Langue: <\/b>Fran\u00e7ais<br \/>\n<strong>ISBN13:<\/strong> 978-2-914124-48-5<\/p>\n","protected":false},"featured_media":2315,"template":"","meta":[],"product_brand":[],"product_cat":[197,247,162,163,253,139],"product_tag":[],"class_list":{"0":"post-2811","1":"product","2":"type-product","3":"status-publish","4":"has-post-thumbnail","6":"product_cat-analysis-of-works-en","7":"product_cat-ballet-2-en","8":"product_cat-french-en","9":"product_cat-france-en","10":"product_cat-neo-classic-dance","11":"product_cat-work-process-en","13":"first","14":"instock","15":"purchasable","16":"product-type-simple"},"yoast_head":"<!-- This site is optimized with the Yoast SEO plugin v27.5 - https:\/\/yoast.com\/product\/yoast-seo-wordpress\/ -->\n<title>Cendrillon - Carnet de cr\u00e9ation - Books on the Move<\/title>\n<meta name=\"robots\" content=\"index, follow, max-snippet:-1, max-image-preview:large, max-video-preview:-1\" \/>\n<link rel=\"canonical\" href=\"https:\/\/www.booksonthemove.fr\/en\/produit\/cendrillon-carnet-de-creation\/\" \/>\n<meta property=\"og:locale\" content=\"en_US\" \/>\n<meta property=\"og:type\" content=\"article\" \/>\n<meta property=\"og:title\" content=\"Cendrillon - Carnet de cr\u00e9ation - Books on the Move\" \/>\n<meta property=\"og:description\" content=\"Auteur: Thierry Malandain Editeurs: Centre national de la danse, Malandain Ballet Biarritz (2014) Broch\u00e9: 160 pages Langue: Fran\u00e7ais ISBN13: 978-2-914124-48-5\" \/>\n<meta property=\"og:url\" content=\"https:\/\/www.booksonthemove.fr\/en\/produit\/cendrillon-carnet-de-creation\/\" \/>\n<meta property=\"og:site_name\" content=\"Books on the Move\" \/>\n<meta property=\"article:publisher\" content=\"https:\/\/www.facebook.com\/Librairiebooksonthemove\/\" \/>\n<meta property=\"article:modified_time\" content=\"2020-12-23T18:40:37+00:00\" \/>\n<meta property=\"og:image\" content=\"https:\/\/www.booksonthemove.fr\/media\/bom_1319_0.jpg\" \/>\n\t<meta property=\"og:image:width\" content=\"900\" \/>\n\t<meta property=\"og:image:height\" content=\"1340\" \/>\n\t<meta property=\"og:image:type\" content=\"image\/jpeg\" \/>\n<meta name=\"twitter:card\" content=\"summary_large_image\" \/>\n<script type=\"application\/ld+json\" class=\"yoast-schema-graph\">{\"@context\":\"https:\\\/\\\/schema.org\",\"@graph\":[{\"@type\":\"WebPage\",\"@id\":\"https:\\\/\\\/www.booksonthemove.fr\\\/en\\\/produit\\\/cendrillon-carnet-de-creation\\\/\",\"url\":\"https:\\\/\\\/www.booksonthemove.fr\\\/en\\\/produit\\\/cendrillon-carnet-de-creation\\\/\",\"name\":\"Cendrillon - Carnet de cr\u00e9ation - Books on the Move\",\"isPartOf\":{\"@id\":\"https:\\\/\\\/www.booksonthemove.fr\\\/#website\"},\"primaryImageOfPage\":{\"@id\":\"https:\\\/\\\/www.booksonthemove.fr\\\/en\\\/produit\\\/cendrillon-carnet-de-creation\\\/#primaryimage\"},\"image\":{\"@id\":\"https:\\\/\\\/www.booksonthemove.fr\\\/en\\\/produit\\\/cendrillon-carnet-de-creation\\\/#primaryimage\"},\"thumbnailUrl\":\"https:\\\/\\\/www.booksonthemove.fr\\\/media\\\/bom_1319_0.jpg\",\"datePublished\":\"2016-08-28T09:15:12+00:00\",\"dateModified\":\"2020-12-23T18:40:37+00:00\",\"breadcrumb\":{\"@id\":\"https:\\\/\\\/www.booksonthemove.fr\\\/en\\\/produit\\\/cendrillon-carnet-de-creation\\\/#breadcrumb\"},\"inLanguage\":\"en-US\",\"potentialAction\":[{\"@type\":\"ReadAction\",\"target\":[\"https:\\\/\\\/www.booksonthemove.fr\\\/en\\\/produit\\\/cendrillon-carnet-de-creation\\\/\"]}]},{\"@type\":\"ImageObject\",\"inLanguage\":\"en-US\",\"@id\":\"https:\\\/\\\/www.booksonthemove.fr\\\/en\\\/produit\\\/cendrillon-carnet-de-creation\\\/#primaryimage\",\"url\":\"https:\\\/\\\/www.booksonthemove.fr\\\/media\\\/bom_1319_0.jpg\",\"contentUrl\":\"https:\\\/\\\/www.booksonthemove.fr\\\/media\\\/bom_1319_0.jpg\",\"width\":900,\"height\":1340},{\"@type\":\"BreadcrumbList\",\"@id\":\"https:\\\/\\\/www.booksonthemove.fr\\\/en\\\/produit\\\/cendrillon-carnet-de-creation\\\/#breadcrumb\",\"itemListElement\":[{\"@type\":\"ListItem\",\"position\":1,\"name\":\"Accueil\",\"item\":\"https:\\\/\\\/www.booksonthemove.fr\\\/en\\\/\"},{\"@type\":\"ListItem\",\"position\":2,\"name\":\"online store\",\"item\":\"https:\\\/\\\/www.booksonthemove.fr\\\/en\\\/online-shop\\\/\"},{\"@type\":\"ListItem\",\"position\":3,\"name\":\"Cendrillon &#8211; Carnet de cr\u00e9ation\"}]},{\"@type\":\"WebSite\",\"@id\":\"https:\\\/\\\/www.booksonthemove.fr\\\/#website\",\"url\":\"https:\\\/\\\/www.booksonthemove.fr\\\/\",\"name\":\"Books on the Move\",\"description\":\"librairie nomade - danse - mouvement - performance\",\"publisher\":{\"@id\":\"https:\\\/\\\/www.booksonthemove.fr\\\/#organization\"},\"potentialAction\":[{\"@type\":\"SearchAction\",\"target\":{\"@type\":\"EntryPoint\",\"urlTemplate\":\"https:\\\/\\\/www.booksonthemove.fr\\\/?s={search_term_string}\"},\"query-input\":{\"@type\":\"PropertyValueSpecification\",\"valueRequired\":true,\"valueName\":\"search_term_string\"}}],\"inLanguage\":\"en-US\"},{\"@type\":\"Organization\",\"@id\":\"https:\\\/\\\/www.booksonthemove.fr\\\/#organization\",\"name\":\"Books on the Move\",\"url\":\"https:\\\/\\\/www.booksonthemove.fr\\\/\",\"logo\":{\"@type\":\"ImageObject\",\"inLanguage\":\"en-US\",\"@id\":\"https:\\\/\\\/www.booksonthemove.fr\\\/#\\\/schema\\\/logo\\\/image\\\/\",\"url\":\"https:\\\/\\\/www.booksonthemove.fr\\\/media\\\/logo-NB-400.jpg\",\"contentUrl\":\"https:\\\/\\\/www.booksonthemove.fr\\\/media\\\/logo-NB-400.jpg\",\"width\":400,\"height\":143,\"caption\":\"Books on the Move\"},\"image\":{\"@id\":\"https:\\\/\\\/www.booksonthemove.fr\\\/#\\\/schema\\\/logo\\\/image\\\/\"},\"sameAs\":[\"https:\\\/\\\/www.facebook.com\\\/Librairiebooksonthemove\\\/\"]}]}<\/script>\n<!-- \/ Yoast SEO plugin. -->","yoast_head_json":{"title":"Cendrillon - Carnet de cr\u00e9ation - Books on the Move","robots":{"index":"index","follow":"follow","max-snippet":"max-snippet:-1","max-image-preview":"max-image-preview:large","max-video-preview":"max-video-preview:-1"},"canonical":"https:\/\/www.booksonthemove.fr\/en\/produit\/cendrillon-carnet-de-creation\/","og_locale":"en_US","og_type":"article","og_title":"Cendrillon - Carnet de cr\u00e9ation - Books on the Move","og_description":"Auteur: Thierry Malandain Editeurs: Centre national de la danse, Malandain Ballet Biarritz (2014) Broch\u00e9: 160 pages Langue: Fran\u00e7ais ISBN13: 978-2-914124-48-5","og_url":"https:\/\/www.booksonthemove.fr\/en\/produit\/cendrillon-carnet-de-creation\/","og_site_name":"Books on the Move","article_publisher":"https:\/\/www.facebook.com\/Librairiebooksonthemove\/","article_modified_time":"2020-12-23T18:40:37+00:00","og_image":[{"width":900,"height":1340,"url":"https:\/\/www.booksonthemove.fr\/media\/bom_1319_0.jpg","type":"image\/jpeg"}],"twitter_card":"summary_large_image","schema":{"@context":"https:\/\/schema.org","@graph":[{"@type":"WebPage","@id":"https:\/\/www.booksonthemove.fr\/en\/produit\/cendrillon-carnet-de-creation\/","url":"https:\/\/www.booksonthemove.fr\/en\/produit\/cendrillon-carnet-de-creation\/","name":"Cendrillon - Carnet de cr\u00e9ation - Books on the Move","isPartOf":{"@id":"https:\/\/www.booksonthemove.fr\/#website"},"primaryImageOfPage":{"@id":"https:\/\/www.booksonthemove.fr\/en\/produit\/cendrillon-carnet-de-creation\/#primaryimage"},"image":{"@id":"https:\/\/www.booksonthemove.fr\/en\/produit\/cendrillon-carnet-de-creation\/#primaryimage"},"thumbnailUrl":"https:\/\/www.booksonthemove.fr\/media\/bom_1319_0.jpg","datePublished":"2016-08-28T09:15:12+00:00","dateModified":"2020-12-23T18:40:37+00:00","breadcrumb":{"@id":"https:\/\/www.booksonthemove.fr\/en\/produit\/cendrillon-carnet-de-creation\/#breadcrumb"},"inLanguage":"en-US","potentialAction":[{"@type":"ReadAction","target":["https:\/\/www.booksonthemove.fr\/en\/produit\/cendrillon-carnet-de-creation\/"]}]},{"@type":"ImageObject","inLanguage":"en-US","@id":"https:\/\/www.booksonthemove.fr\/en\/produit\/cendrillon-carnet-de-creation\/#primaryimage","url":"https:\/\/www.booksonthemove.fr\/media\/bom_1319_0.jpg","contentUrl":"https:\/\/www.booksonthemove.fr\/media\/bom_1319_0.jpg","width":900,"height":1340},{"@type":"BreadcrumbList","@id":"https:\/\/www.booksonthemove.fr\/en\/produit\/cendrillon-carnet-de-creation\/#breadcrumb","itemListElement":[{"@type":"ListItem","position":1,"name":"Accueil","item":"https:\/\/www.booksonthemove.fr\/en\/"},{"@type":"ListItem","position":2,"name":"online store","item":"https:\/\/www.booksonthemove.fr\/en\/online-shop\/"},{"@type":"ListItem","position":3,"name":"Cendrillon &#8211; Carnet de cr\u00e9ation"}]},{"@type":"WebSite","@id":"https:\/\/www.booksonthemove.fr\/#website","url":"https:\/\/www.booksonthemove.fr\/","name":"Books on the Move","description":"librairie nomade - danse - mouvement - performance","publisher":{"@id":"https:\/\/www.booksonthemove.fr\/#organization"},"potentialAction":[{"@type":"SearchAction","target":{"@type":"EntryPoint","urlTemplate":"https:\/\/www.booksonthemove.fr\/?s={search_term_string}"},"query-input":{"@type":"PropertyValueSpecification","valueRequired":true,"valueName":"search_term_string"}}],"inLanguage":"en-US"},{"@type":"Organization","@id":"https:\/\/www.booksonthemove.fr\/#organization","name":"Books on the Move","url":"https:\/\/www.booksonthemove.fr\/","logo":{"@type":"ImageObject","inLanguage":"en-US","@id":"https:\/\/www.booksonthemove.fr\/#\/schema\/logo\/image\/","url":"https:\/\/www.booksonthemove.fr\/media\/logo-NB-400.jpg","contentUrl":"https:\/\/www.booksonthemove.fr\/media\/logo-NB-400.jpg","width":400,"height":143,"caption":"Books on the Move"},"image":{"@id":"https:\/\/www.booksonthemove.fr\/#\/schema\/logo\/image\/"},"sameAs":["https:\/\/www.facebook.com\/Librairiebooksonthemove\/"]}]}},"_links":{"self":[{"href":"https:\/\/www.booksonthemove.fr\/en\/wp-json\/wp\/v2\/product\/2811","targetHints":{"allow":["GET"]}}],"collection":[{"href":"https:\/\/www.booksonthemove.fr\/en\/wp-json\/wp\/v2\/product"}],"about":[{"href":"https:\/\/www.booksonthemove.fr\/en\/wp-json\/wp\/v2\/types\/product"}],"wp:featuredmedia":[{"embeddable":true,"href":"https:\/\/www.booksonthemove.fr\/en\/wp-json\/wp\/v2\/media\/2315"}],"wp:attachment":[{"href":"https:\/\/www.booksonthemove.fr\/en\/wp-json\/wp\/v2\/media?parent=2811"}],"wp:term":[{"taxonomy":"product_brand","embeddable":true,"href":"https:\/\/www.booksonthemove.fr\/en\/wp-json\/wp\/v2\/product_brand?post=2811"},{"taxonomy":"product_cat","embeddable":true,"href":"https:\/\/www.booksonthemove.fr\/en\/wp-json\/wp\/v2\/product_cat?post=2811"},{"taxonomy":"product_tag","embeddable":true,"href":"https:\/\/www.booksonthemove.fr\/en\/wp-json\/wp\/v2\/product_tag?post=2811"}],"curies":[{"name":"wp","href":"https:\/\/api.w.org\/{rel}","templated":true}]}}