{"id":2812,"date":"2016-08-28T11:15:12","date_gmt":"2016-08-28T09:15:12","guid":{"rendered":"https:\/\/www.booksonthemove.fr\/en\/product\/entre-cours-et-jardins-dillusion-le-ballet-en-europe-1515-1715\/"},"modified":"2020-12-23T19:40:17","modified_gmt":"2020-12-23T18:40:17","slug":"entre-cours-et-jardins-dillusion-le-ballet-en-europe-1515-1715","status":"publish","type":"product","link":"https:\/\/www.booksonthemove.fr\/en\/produit\/entre-cours-et-jardins-dillusion-le-ballet-en-europe-1515-1715\/","title":{"rendered":"Entre cours et jardins d&#8217;illusion: le ballet en Europe (1515-1715)"},"content":{"rendered":"<p>Ce livre retrace les \u00e9tapes cruciales de l\u2019histoire du ballet : son \u00e9mergence, dans le contexte de la Renaissance humaniste, au moment o\u00f9 la culture italienne entre en force \u00e0 la cour de Fran\u00e7ois Ier. Son apog\u00e9e au Grand Si\u00e8cle et le d\u00e9ploiement de son influence dans les cours europ\u00e9ennes. Son d\u00e9clin, \u00e0 la mort de Louis XIV, alors que d\u2019autres genres de spectacle dans\u00e9 ont d\u00e9j\u00e0 pris sa place et que la cour n\u2019en est plus le cadre privil\u00e9gi\u00e9. Cette \u00e9tude d\u00e9voile \u00e9galement l\u2019univers dans lequel les danses de spectacle naissent, \u00e9voluent et cr\u00e9ent l\u2019illusion, car le danseur incarne les valeurs sociales et morales de son temps. Que ce soit dans le cadre des festivit\u00e9s de cour ou, ensuite, dans celui du th\u00e9\u00e2tre et de la sc\u00e8ne \u00e0 l\u2019italienne, il est l\u2019acteur d\u2019un monde en repr\u00e9sentation.<\/p>\n","protected":false},"excerpt":{"rendered":"<p><b>Auteur: <\/b> Nathalie Lecomte<br \/>\n<b>Editeur: <\/b>Centre national de la danse (2014)<\/p>\n<p><strong>Broch\u00e9:<\/strong> 480 pages<br \/>\n<b>Langue: <\/b>Fran\u00e7ais<br \/>\n<strong>ISBN13:<\/strong> 978-2-914124-51-5<\/p>\n","protected":false},"featured_media":2317,"template":"","meta":[],"product_brand":[],"product_cat":[247,146,151,162,136],"product_tag":[],"class_list":{"0":"post-2812","1":"product","2":"type-product","3":"status-publish","4":"has-post-thumbnail","6":"product_cat-ballet-2-en","7":"product_cat-theoretical-texts-en","8":"product_cat-europe-en","9":"product_cat-french-en","10":"product_cat-histoire-en","12":"first","13":"instock","14":"purchasable","15":"product-type-simple"},"yoast_head":"<!-- This site is optimized with the Yoast SEO plugin v27.4 - https:\/\/yoast.com\/product\/yoast-seo-wordpress\/ -->\n<title>Entre cours et jardins d&#039;illusion: le ballet en Europe (1515-1715) - Books on the Move<\/title>\n<meta name=\"robots\" content=\"index, follow, max-snippet:-1, max-image-preview:large, max-video-preview:-1\" \/>\n<link rel=\"canonical\" href=\"https:\/\/www.booksonthemove.fr\/en\/produit\/entre-cours-et-jardins-dillusion-le-ballet-en-europe-1515-1715\/\" \/>\n<meta property=\"og:locale\" content=\"en_US\" \/>\n<meta property=\"og:type\" content=\"article\" \/>\n<meta property=\"og:title\" content=\"Entre cours et jardins d&#039;illusion: le ballet en Europe (1515-1715) - Books on the Move\" \/>\n<meta property=\"og:description\" content=\"Auteur: Nathalie Lecomte Editeur: Centre national de la danse (2014)  Broch\u00e9: 480 pages Langue: Fran\u00e7ais ISBN13: 978-2-914124-51-5\" \/>\n<meta property=\"og:url\" content=\"https:\/\/www.booksonthemove.fr\/en\/produit\/entre-cours-et-jardins-dillusion-le-ballet-en-europe-1515-1715\/\" \/>\n<meta property=\"og:site_name\" content=\"Books on the Move\" \/>\n<meta property=\"article:publisher\" content=\"https:\/\/www.facebook.com\/Librairiebooksonthemove\/\" \/>\n<meta property=\"article:modified_time\" content=\"2020-12-23T18:40:17+00:00\" \/>\n<meta property=\"og:image\" content=\"https:\/\/www.booksonthemove.fr\/media\/bom_1321_0.jpg\" \/>\n\t<meta property=\"og:image:width\" content=\"900\" \/>\n\t<meta property=\"og:image:height\" content=\"1300\" \/>\n\t<meta property=\"og:image:type\" content=\"image\/jpeg\" \/>\n<meta name=\"twitter:card\" content=\"summary_large_image\" \/>\n<script type=\"application\/ld+json\" class=\"yoast-schema-graph\">{\"@context\":\"https:\\\/\\\/schema.org\",\"@graph\":[{\"@type\":\"WebPage\",\"@id\":\"https:\\\/\\\/www.booksonthemove.fr\\\/en\\\/produit\\\/entre-cours-et-jardins-dillusion-le-ballet-en-europe-1515-1715\\\/\",\"url\":\"https:\\\/\\\/www.booksonthemove.fr\\\/en\\\/produit\\\/entre-cours-et-jardins-dillusion-le-ballet-en-europe-1515-1715\\\/\",\"name\":\"Entre cours et jardins d'illusion: le ballet en Europe (1515-1715) - Books on the Move\",\"isPartOf\":{\"@id\":\"https:\\\/\\\/www.booksonthemove.fr\\\/#website\"},\"primaryImageOfPage\":{\"@id\":\"https:\\\/\\\/www.booksonthemove.fr\\\/en\\\/produit\\\/entre-cours-et-jardins-dillusion-le-ballet-en-europe-1515-1715\\\/#primaryimage\"},\"image\":{\"@id\":\"https:\\\/\\\/www.booksonthemove.fr\\\/en\\\/produit\\\/entre-cours-et-jardins-dillusion-le-ballet-en-europe-1515-1715\\\/#primaryimage\"},\"thumbnailUrl\":\"https:\\\/\\\/www.booksonthemove.fr\\\/media\\\/bom_1321_0.jpg\",\"datePublished\":\"2016-08-28T09:15:12+00:00\",\"dateModified\":\"2020-12-23T18:40:17+00:00\",\"breadcrumb\":{\"@id\":\"https:\\\/\\\/www.booksonthemove.fr\\\/en\\\/produit\\\/entre-cours-et-jardins-dillusion-le-ballet-en-europe-1515-1715\\\/#breadcrumb\"},\"inLanguage\":\"en-US\",\"potentialAction\":[{\"@type\":\"ReadAction\",\"target\":[\"https:\\\/\\\/www.booksonthemove.fr\\\/en\\\/produit\\\/entre-cours-et-jardins-dillusion-le-ballet-en-europe-1515-1715\\\/\"]}]},{\"@type\":\"ImageObject\",\"inLanguage\":\"en-US\",\"@id\":\"https:\\\/\\\/www.booksonthemove.fr\\\/en\\\/produit\\\/entre-cours-et-jardins-dillusion-le-ballet-en-europe-1515-1715\\\/#primaryimage\",\"url\":\"https:\\\/\\\/www.booksonthemove.fr\\\/media\\\/bom_1321_0.jpg\",\"contentUrl\":\"https:\\\/\\\/www.booksonthemove.fr\\\/media\\\/bom_1321_0.jpg\",\"width\":900,\"height\":1300},{\"@type\":\"BreadcrumbList\",\"@id\":\"https:\\\/\\\/www.booksonthemove.fr\\\/en\\\/produit\\\/entre-cours-et-jardins-dillusion-le-ballet-en-europe-1515-1715\\\/#breadcrumb\",\"itemListElement\":[{\"@type\":\"ListItem\",\"position\":1,\"name\":\"Accueil\",\"item\":\"https:\\\/\\\/www.booksonthemove.fr\\\/en\\\/\"},{\"@type\":\"ListItem\",\"position\":2,\"name\":\"online store\",\"item\":\"https:\\\/\\\/www.booksonthemove.fr\\\/en\\\/online-shop\\\/\"},{\"@type\":\"ListItem\",\"position\":3,\"name\":\"Entre cours et jardins d&#8217;illusion: le ballet en Europe (1515-1715)\"}]},{\"@type\":\"WebSite\",\"@id\":\"https:\\\/\\\/www.booksonthemove.fr\\\/#website\",\"url\":\"https:\\\/\\\/www.booksonthemove.fr\\\/\",\"name\":\"Books on the Move\",\"description\":\"librairie nomade - danse - mouvement - performance\",\"publisher\":{\"@id\":\"https:\\\/\\\/www.booksonthemove.fr\\\/#organization\"},\"potentialAction\":[{\"@type\":\"SearchAction\",\"target\":{\"@type\":\"EntryPoint\",\"urlTemplate\":\"https:\\\/\\\/www.booksonthemove.fr\\\/?s={search_term_string}\"},\"query-input\":{\"@type\":\"PropertyValueSpecification\",\"valueRequired\":true,\"valueName\":\"search_term_string\"}}],\"inLanguage\":\"en-US\"},{\"@type\":\"Organization\",\"@id\":\"https:\\\/\\\/www.booksonthemove.fr\\\/#organization\",\"name\":\"Books on the Move\",\"url\":\"https:\\\/\\\/www.booksonthemove.fr\\\/\",\"logo\":{\"@type\":\"ImageObject\",\"inLanguage\":\"en-US\",\"@id\":\"https:\\\/\\\/www.booksonthemove.fr\\\/#\\\/schema\\\/logo\\\/image\\\/\",\"url\":\"https:\\\/\\\/www.booksonthemove.fr\\\/media\\\/logo-NB-400.jpg\",\"contentUrl\":\"https:\\\/\\\/www.booksonthemove.fr\\\/media\\\/logo-NB-400.jpg\",\"width\":400,\"height\":143,\"caption\":\"Books on the Move\"},\"image\":{\"@id\":\"https:\\\/\\\/www.booksonthemove.fr\\\/#\\\/schema\\\/logo\\\/image\\\/\"},\"sameAs\":[\"https:\\\/\\\/www.facebook.com\\\/Librairiebooksonthemove\\\/\"]}]}<\/script>\n<!-- \/ Yoast SEO plugin. -->","yoast_head_json":{"title":"Entre cours et jardins d'illusion: le ballet en Europe (1515-1715) - Books on the Move","robots":{"index":"index","follow":"follow","max-snippet":"max-snippet:-1","max-image-preview":"max-image-preview:large","max-video-preview":"max-video-preview:-1"},"canonical":"https:\/\/www.booksonthemove.fr\/en\/produit\/entre-cours-et-jardins-dillusion-le-ballet-en-europe-1515-1715\/","og_locale":"en_US","og_type":"article","og_title":"Entre cours et jardins d'illusion: le ballet en Europe (1515-1715) - Books on the Move","og_description":"Auteur: Nathalie Lecomte Editeur: Centre national de la danse (2014)  Broch\u00e9: 480 pages Langue: Fran\u00e7ais ISBN13: 978-2-914124-51-5","og_url":"https:\/\/www.booksonthemove.fr\/en\/produit\/entre-cours-et-jardins-dillusion-le-ballet-en-europe-1515-1715\/","og_site_name":"Books on the Move","article_publisher":"https:\/\/www.facebook.com\/Librairiebooksonthemove\/","article_modified_time":"2020-12-23T18:40:17+00:00","og_image":[{"width":900,"height":1300,"url":"https:\/\/www.booksonthemove.fr\/media\/bom_1321_0.jpg","type":"image\/jpeg"}],"twitter_card":"summary_large_image","schema":{"@context":"https:\/\/schema.org","@graph":[{"@type":"WebPage","@id":"https:\/\/www.booksonthemove.fr\/en\/produit\/entre-cours-et-jardins-dillusion-le-ballet-en-europe-1515-1715\/","url":"https:\/\/www.booksonthemove.fr\/en\/produit\/entre-cours-et-jardins-dillusion-le-ballet-en-europe-1515-1715\/","name":"Entre cours et jardins d'illusion: le ballet en Europe (1515-1715) - Books on the Move","isPartOf":{"@id":"https:\/\/www.booksonthemove.fr\/#website"},"primaryImageOfPage":{"@id":"https:\/\/www.booksonthemove.fr\/en\/produit\/entre-cours-et-jardins-dillusion-le-ballet-en-europe-1515-1715\/#primaryimage"},"image":{"@id":"https:\/\/www.booksonthemove.fr\/en\/produit\/entre-cours-et-jardins-dillusion-le-ballet-en-europe-1515-1715\/#primaryimage"},"thumbnailUrl":"https:\/\/www.booksonthemove.fr\/media\/bom_1321_0.jpg","datePublished":"2016-08-28T09:15:12+00:00","dateModified":"2020-12-23T18:40:17+00:00","breadcrumb":{"@id":"https:\/\/www.booksonthemove.fr\/en\/produit\/entre-cours-et-jardins-dillusion-le-ballet-en-europe-1515-1715\/#breadcrumb"},"inLanguage":"en-US","potentialAction":[{"@type":"ReadAction","target":["https:\/\/www.booksonthemove.fr\/en\/produit\/entre-cours-et-jardins-dillusion-le-ballet-en-europe-1515-1715\/"]}]},{"@type":"ImageObject","inLanguage":"en-US","@id":"https:\/\/www.booksonthemove.fr\/en\/produit\/entre-cours-et-jardins-dillusion-le-ballet-en-europe-1515-1715\/#primaryimage","url":"https:\/\/www.booksonthemove.fr\/media\/bom_1321_0.jpg","contentUrl":"https:\/\/www.booksonthemove.fr\/media\/bom_1321_0.jpg","width":900,"height":1300},{"@type":"BreadcrumbList","@id":"https:\/\/www.booksonthemove.fr\/en\/produit\/entre-cours-et-jardins-dillusion-le-ballet-en-europe-1515-1715\/#breadcrumb","itemListElement":[{"@type":"ListItem","position":1,"name":"Accueil","item":"https:\/\/www.booksonthemove.fr\/en\/"},{"@type":"ListItem","position":2,"name":"online store","item":"https:\/\/www.booksonthemove.fr\/en\/online-shop\/"},{"@type":"ListItem","position":3,"name":"Entre cours et jardins d&#8217;illusion: le ballet en Europe (1515-1715)"}]},{"@type":"WebSite","@id":"https:\/\/www.booksonthemove.fr\/#website","url":"https:\/\/www.booksonthemove.fr\/","name":"Books on the Move","description":"librairie nomade - danse - mouvement - performance","publisher":{"@id":"https:\/\/www.booksonthemove.fr\/#organization"},"potentialAction":[{"@type":"SearchAction","target":{"@type":"EntryPoint","urlTemplate":"https:\/\/www.booksonthemove.fr\/?s={search_term_string}"},"query-input":{"@type":"PropertyValueSpecification","valueRequired":true,"valueName":"search_term_string"}}],"inLanguage":"en-US"},{"@type":"Organization","@id":"https:\/\/www.booksonthemove.fr\/#organization","name":"Books on the Move","url":"https:\/\/www.booksonthemove.fr\/","logo":{"@type":"ImageObject","inLanguage":"en-US","@id":"https:\/\/www.booksonthemove.fr\/#\/schema\/logo\/image\/","url":"https:\/\/www.booksonthemove.fr\/media\/logo-NB-400.jpg","contentUrl":"https:\/\/www.booksonthemove.fr\/media\/logo-NB-400.jpg","width":400,"height":143,"caption":"Books on the Move"},"image":{"@id":"https:\/\/www.booksonthemove.fr\/#\/schema\/logo\/image\/"},"sameAs":["https:\/\/www.facebook.com\/Librairiebooksonthemove\/"]}]}},"_links":{"self":[{"href":"https:\/\/www.booksonthemove.fr\/en\/wp-json\/wp\/v2\/product\/2812","targetHints":{"allow":["GET"]}}],"collection":[{"href":"https:\/\/www.booksonthemove.fr\/en\/wp-json\/wp\/v2\/product"}],"about":[{"href":"https:\/\/www.booksonthemove.fr\/en\/wp-json\/wp\/v2\/types\/product"}],"wp:featuredmedia":[{"embeddable":true,"href":"https:\/\/www.booksonthemove.fr\/en\/wp-json\/wp\/v2\/media\/2317"}],"wp:attachment":[{"href":"https:\/\/www.booksonthemove.fr\/en\/wp-json\/wp\/v2\/media?parent=2812"}],"wp:term":[{"taxonomy":"product_brand","embeddable":true,"href":"https:\/\/www.booksonthemove.fr\/en\/wp-json\/wp\/v2\/product_brand?post=2812"},{"taxonomy":"product_cat","embeddable":true,"href":"https:\/\/www.booksonthemove.fr\/en\/wp-json\/wp\/v2\/product_cat?post=2812"},{"taxonomy":"product_tag","embeddable":true,"href":"https:\/\/www.booksonthemove.fr\/en\/wp-json\/wp\/v2\/product_tag?post=2812"}],"curies":[{"name":"wp","href":"https:\/\/api.w.org\/{rel}","templated":true}]}}