{"id":2819,"date":"2016-08-06T09:56:36","date_gmt":"2016-08-06T07:56:36","guid":{"rendered":"https:\/\/www.booksonthemove.fr\/en\/product\/la-performance-%c2%96-vie-de-l%c2%92archive-et-actualite\/"},"modified":"2020-12-23T19:38:22","modified_gmt":"2020-12-23T18:38:22","slug":"la-performance-%c2%96-vie-de-l%c2%92archive-et-actualite","status":"publish","type":"product","link":"https:\/\/www.booksonthemove.fr\/en\/produit\/la-performance-%c2%96-vie-de-l%c2%92archive-et-actualite\/","title":{"rendered":"La performance &#8211; Vie de l&#8217;archive et actualit\u00e9"},"content":{"rendered":"<p>Une \u00e9pist\u00e9mologie de la performance.<\/p>\n<p>Relevant souvent de l&#8217;enqu\u00eate de terrain de la part d&#8217;auteurs qui sont aussi les acteurs de leur objet d&#8217;\u00e9tude, ce livre, tout en abordant les enjeux politiques, contextuels et de genres propose une \u00e9pist\u00e9mologie de la performance en questionnant les moyens et les m\u00e9thodes d&#8217;acc\u00e8s \u00e0 sa connaissance, son histoire, sa m\u00e9moire (vivante), dans son actualit\u00e9. Cet ouvrage donne suite au colloque international \u00ab La performance : vie de l&#8217;archive et actualit\u00e9 \u00bb organis\u00e9 par la Villa Arson et l&#8217;AICA France avec le concours du Getty Research Institute. Il interroge les d\u00e9finitions et le statut de la performance alors que celle-ci est enfin int\u00e9gr\u00e9e \u00e0 sa juste valeur au sein du champ \u00e9largi des arts visuels, au point qu&#8217;on assiste \u00e0 la multiplication des reenactments. De sp\u00e9cialit\u00e9s diff\u00e9rentes , critiques d&#8217;art, historiens et historiennes de l&#8217;art, commissaires d&#8217;expositions, philosophes, artistes . les auteurs offrent des analyses vari\u00e9es et compl\u00e9mentaires centr\u00e9es sur une probl\u00e9matique fondamentale de la performance : l&#8217;archive et le statut des documents, des photographies, des objets, qui constituent l&#8217;art de la performance ou en t\u00e9moignent.<\/p>\n<p>Publi\u00e9 suite au colloque \u00e9ponyme organis\u00e9 avec l&#8217;AICA France \u00e0 la Villa Arson, Nice, en octobre 2012.<\/p>\n<p>Textes de Hubert Besacier, Patricia Brignone, Mehdi Brit, Liliana Coutinho, Raphael Cuir, Virgile Delmas, G\u00e9raldine Gourbe, Viviana Gravano, Liam Kelly, Arnaud Labelle-Rojoux, \u00c9ric Mangion, C\u00e9dric Moris Kelly, Kalliopi Papadopoulos, Rebecca Peabody, Glenn Phillips, David Zerbib.<\/p>\n","protected":false},"excerpt":{"rendered":"<p><strong>Auteurs:<\/strong> Rapha\u00ebl Cuir et \u00c9ric Mangion<br \/>\n<b>Editeur: <\/b>les presses du r\u00e9el et Villa Arson (2013)<\/p>\n<p><strong>Broch\u00e9:<\/strong> 232 pages<br \/>\n<b>Langue: <\/b>Fran\u00e7ais<br \/>\n<strong>ISBN13:<\/strong> 978-2-84066-643-1<\/p>\n","protected":false},"featured_media":2333,"template":"","meta":[],"product_brand":[],"product_cat":[215,210,162,152],"product_tag":[],"class_list":{"0":"post-2819","1":"product","2":"type-product","3":"status-publish","4":"has-post-thumbnail","6":"product_cat-symposiums-conferences-en","7":"product_cat-archivesdocumentation-en","8":"product_cat-french-en","9":"product_cat-performance-en","11":"first","12":"onbackorder","13":"purchasable","14":"product-type-simple"},"yoast_head":"<!-- This site is optimized with the Yoast SEO plugin v27.4 - https:\/\/yoast.com\/product\/yoast-seo-wordpress\/ -->\n<title>La performance - Vie de l&#039;archive et actualit\u00e9 - Books on the Move<\/title>\n<meta name=\"robots\" content=\"index, follow, max-snippet:-1, max-image-preview:large, max-video-preview:-1\" \/>\n<link rel=\"canonical\" href=\"https:\/\/www.booksonthemove.fr\/en\/produit\/la-performance-\u0096-vie-de-l\u0092archive-et-actualite\/\" \/>\n<meta property=\"og:locale\" content=\"en_US\" \/>\n<meta property=\"og:type\" content=\"article\" \/>\n<meta property=\"og:title\" content=\"La performance - Vie de l&#039;archive et actualit\u00e9 - Books on the Move\" \/>\n<meta property=\"og:description\" content=\"Auteurs: Rapha\u00ebl Cuir et \u00c9ric Mangion Editeur: les presses du r\u00e9el et Villa Arson (2013)  Broch\u00e9: 232 pages Langue: Fran\u00e7ais ISBN13: 978-2-84066-643-1\" \/>\n<meta property=\"og:url\" content=\"https:\/\/www.booksonthemove.fr\/en\/produit\/la-performance-\u0096-vie-de-l\u0092archive-et-actualite\/\" \/>\n<meta property=\"og:site_name\" content=\"Books on the Move\" \/>\n<meta property=\"article:publisher\" content=\"https:\/\/www.facebook.com\/Librairiebooksonthemove\/\" \/>\n<meta property=\"article:modified_time\" content=\"2020-12-23T18:38:22+00:00\" \/>\n<meta property=\"og:image\" content=\"https:\/\/www.booksonthemove.fr\/media\/bom_1332_0.jpg\" \/>\n\t<meta property=\"og:image:width\" content=\"900\" \/>\n\t<meta property=\"og:image:height\" content=\"1200\" \/>\n\t<meta property=\"og:image:type\" content=\"image\/jpeg\" \/>\n<meta name=\"twitter:card\" content=\"summary_large_image\" \/>\n<script type=\"application\/ld+json\" class=\"yoast-schema-graph\">{\"@context\":\"https:\\\/\\\/schema.org\",\"@graph\":[{\"@type\":\"WebPage\",\"@id\":\"https:\\\/\\\/www.booksonthemove.fr\\\/en\\\/produit\\\/la-performance-%c2%96-vie-de-l%c2%92archive-et-actualite\\\/\",\"url\":\"https:\\\/\\\/www.booksonthemove.fr\\\/en\\\/produit\\\/la-performance-%c2%96-vie-de-l%c2%92archive-et-actualite\\\/\",\"name\":\"La performance - Vie de l'archive et actualit\u00e9 - Books on the Move\",\"isPartOf\":{\"@id\":\"https:\\\/\\\/www.booksonthemove.fr\\\/#website\"},\"primaryImageOfPage\":{\"@id\":\"https:\\\/\\\/www.booksonthemove.fr\\\/en\\\/produit\\\/la-performance-%c2%96-vie-de-l%c2%92archive-et-actualite\\\/#primaryimage\"},\"image\":{\"@id\":\"https:\\\/\\\/www.booksonthemove.fr\\\/en\\\/produit\\\/la-performance-%c2%96-vie-de-l%c2%92archive-et-actualite\\\/#primaryimage\"},\"thumbnailUrl\":\"https:\\\/\\\/www.booksonthemove.fr\\\/media\\\/bom_1332_0.jpg\",\"datePublished\":\"2016-08-06T07:56:36+00:00\",\"dateModified\":\"2020-12-23T18:38:22+00:00\",\"breadcrumb\":{\"@id\":\"https:\\\/\\\/www.booksonthemove.fr\\\/en\\\/produit\\\/la-performance-%c2%96-vie-de-l%c2%92archive-et-actualite\\\/#breadcrumb\"},\"inLanguage\":\"en-US\",\"potentialAction\":[{\"@type\":\"ReadAction\",\"target\":[\"https:\\\/\\\/www.booksonthemove.fr\\\/en\\\/produit\\\/la-performance-%c2%96-vie-de-l%c2%92archive-et-actualite\\\/\"]}]},{\"@type\":\"ImageObject\",\"inLanguage\":\"en-US\",\"@id\":\"https:\\\/\\\/www.booksonthemove.fr\\\/en\\\/produit\\\/la-performance-%c2%96-vie-de-l%c2%92archive-et-actualite\\\/#primaryimage\",\"url\":\"https:\\\/\\\/www.booksonthemove.fr\\\/media\\\/bom_1332_0.jpg\",\"contentUrl\":\"https:\\\/\\\/www.booksonthemove.fr\\\/media\\\/bom_1332_0.jpg\",\"width\":900,\"height\":1200},{\"@type\":\"BreadcrumbList\",\"@id\":\"https:\\\/\\\/www.booksonthemove.fr\\\/en\\\/produit\\\/la-performance-%c2%96-vie-de-l%c2%92archive-et-actualite\\\/#breadcrumb\",\"itemListElement\":[{\"@type\":\"ListItem\",\"position\":1,\"name\":\"Accueil\",\"item\":\"https:\\\/\\\/www.booksonthemove.fr\\\/en\\\/\"},{\"@type\":\"ListItem\",\"position\":2,\"name\":\"online store\",\"item\":\"https:\\\/\\\/www.booksonthemove.fr\\\/en\\\/online-shop\\\/\"},{\"@type\":\"ListItem\",\"position\":3,\"name\":\"La performance &#8211; Vie de l&#8217;archive et actualit\u00e9\"}]},{\"@type\":\"WebSite\",\"@id\":\"https:\\\/\\\/www.booksonthemove.fr\\\/#website\",\"url\":\"https:\\\/\\\/www.booksonthemove.fr\\\/\",\"name\":\"Books on the Move\",\"description\":\"librairie nomade - danse - mouvement - performance\",\"publisher\":{\"@id\":\"https:\\\/\\\/www.booksonthemove.fr\\\/#organization\"},\"potentialAction\":[{\"@type\":\"SearchAction\",\"target\":{\"@type\":\"EntryPoint\",\"urlTemplate\":\"https:\\\/\\\/www.booksonthemove.fr\\\/?s={search_term_string}\"},\"query-input\":{\"@type\":\"PropertyValueSpecification\",\"valueRequired\":true,\"valueName\":\"search_term_string\"}}],\"inLanguage\":\"en-US\"},{\"@type\":\"Organization\",\"@id\":\"https:\\\/\\\/www.booksonthemove.fr\\\/#organization\",\"name\":\"Books on the Move\",\"url\":\"https:\\\/\\\/www.booksonthemove.fr\\\/\",\"logo\":{\"@type\":\"ImageObject\",\"inLanguage\":\"en-US\",\"@id\":\"https:\\\/\\\/www.booksonthemove.fr\\\/#\\\/schema\\\/logo\\\/image\\\/\",\"url\":\"https:\\\/\\\/www.booksonthemove.fr\\\/media\\\/logo-NB-400.jpg\",\"contentUrl\":\"https:\\\/\\\/www.booksonthemove.fr\\\/media\\\/logo-NB-400.jpg\",\"width\":400,\"height\":143,\"caption\":\"Books on the Move\"},\"image\":{\"@id\":\"https:\\\/\\\/www.booksonthemove.fr\\\/#\\\/schema\\\/logo\\\/image\\\/\"},\"sameAs\":[\"https:\\\/\\\/www.facebook.com\\\/Librairiebooksonthemove\\\/\"]}]}<\/script>\n<!-- \/ Yoast SEO plugin. -->","yoast_head_json":{"title":"La performance - Vie de l'archive et actualit\u00e9 - Books on the Move","robots":{"index":"index","follow":"follow","max-snippet":"max-snippet:-1","max-image-preview":"max-image-preview:large","max-video-preview":"max-video-preview:-1"},"canonical":"https:\/\/www.booksonthemove.fr\/en\/produit\/la-performance-\u0096-vie-de-l\u0092archive-et-actualite\/","og_locale":"en_US","og_type":"article","og_title":"La performance - Vie de l'archive et actualit\u00e9 - Books on the Move","og_description":"Auteurs: Rapha\u00ebl Cuir et \u00c9ric Mangion Editeur: les presses du r\u00e9el et Villa Arson (2013)  Broch\u00e9: 232 pages Langue: Fran\u00e7ais ISBN13: 978-2-84066-643-1","og_url":"https:\/\/www.booksonthemove.fr\/en\/produit\/la-performance-\u0096-vie-de-l\u0092archive-et-actualite\/","og_site_name":"Books on the Move","article_publisher":"https:\/\/www.facebook.com\/Librairiebooksonthemove\/","article_modified_time":"2020-12-23T18:38:22+00:00","og_image":[{"width":900,"height":1200,"url":"https:\/\/www.booksonthemove.fr\/media\/bom_1332_0.jpg","type":"image\/jpeg"}],"twitter_card":"summary_large_image","schema":{"@context":"https:\/\/schema.org","@graph":[{"@type":"WebPage","@id":"https:\/\/www.booksonthemove.fr\/en\/produit\/la-performance-%c2%96-vie-de-l%c2%92archive-et-actualite\/","url":"https:\/\/www.booksonthemove.fr\/en\/produit\/la-performance-%c2%96-vie-de-l%c2%92archive-et-actualite\/","name":"La performance - Vie de l'archive et actualit\u00e9 - Books on the Move","isPartOf":{"@id":"https:\/\/www.booksonthemove.fr\/#website"},"primaryImageOfPage":{"@id":"https:\/\/www.booksonthemove.fr\/en\/produit\/la-performance-%c2%96-vie-de-l%c2%92archive-et-actualite\/#primaryimage"},"image":{"@id":"https:\/\/www.booksonthemove.fr\/en\/produit\/la-performance-%c2%96-vie-de-l%c2%92archive-et-actualite\/#primaryimage"},"thumbnailUrl":"https:\/\/www.booksonthemove.fr\/media\/bom_1332_0.jpg","datePublished":"2016-08-06T07:56:36+00:00","dateModified":"2020-12-23T18:38:22+00:00","breadcrumb":{"@id":"https:\/\/www.booksonthemove.fr\/en\/produit\/la-performance-%c2%96-vie-de-l%c2%92archive-et-actualite\/#breadcrumb"},"inLanguage":"en-US","potentialAction":[{"@type":"ReadAction","target":["https:\/\/www.booksonthemove.fr\/en\/produit\/la-performance-%c2%96-vie-de-l%c2%92archive-et-actualite\/"]}]},{"@type":"ImageObject","inLanguage":"en-US","@id":"https:\/\/www.booksonthemove.fr\/en\/produit\/la-performance-%c2%96-vie-de-l%c2%92archive-et-actualite\/#primaryimage","url":"https:\/\/www.booksonthemove.fr\/media\/bom_1332_0.jpg","contentUrl":"https:\/\/www.booksonthemove.fr\/media\/bom_1332_0.jpg","width":900,"height":1200},{"@type":"BreadcrumbList","@id":"https:\/\/www.booksonthemove.fr\/en\/produit\/la-performance-%c2%96-vie-de-l%c2%92archive-et-actualite\/#breadcrumb","itemListElement":[{"@type":"ListItem","position":1,"name":"Accueil","item":"https:\/\/www.booksonthemove.fr\/en\/"},{"@type":"ListItem","position":2,"name":"online store","item":"https:\/\/www.booksonthemove.fr\/en\/online-shop\/"},{"@type":"ListItem","position":3,"name":"La performance &#8211; Vie de l&#8217;archive et actualit\u00e9"}]},{"@type":"WebSite","@id":"https:\/\/www.booksonthemove.fr\/#website","url":"https:\/\/www.booksonthemove.fr\/","name":"Books on the Move","description":"librairie nomade - danse - mouvement - performance","publisher":{"@id":"https:\/\/www.booksonthemove.fr\/#organization"},"potentialAction":[{"@type":"SearchAction","target":{"@type":"EntryPoint","urlTemplate":"https:\/\/www.booksonthemove.fr\/?s={search_term_string}"},"query-input":{"@type":"PropertyValueSpecification","valueRequired":true,"valueName":"search_term_string"}}],"inLanguage":"en-US"},{"@type":"Organization","@id":"https:\/\/www.booksonthemove.fr\/#organization","name":"Books on the Move","url":"https:\/\/www.booksonthemove.fr\/","logo":{"@type":"ImageObject","inLanguage":"en-US","@id":"https:\/\/www.booksonthemove.fr\/#\/schema\/logo\/image\/","url":"https:\/\/www.booksonthemove.fr\/media\/logo-NB-400.jpg","contentUrl":"https:\/\/www.booksonthemove.fr\/media\/logo-NB-400.jpg","width":400,"height":143,"caption":"Books on the Move"},"image":{"@id":"https:\/\/www.booksonthemove.fr\/#\/schema\/logo\/image\/"},"sameAs":["https:\/\/www.facebook.com\/Librairiebooksonthemove\/"]}]}},"_links":{"self":[{"href":"https:\/\/www.booksonthemove.fr\/en\/wp-json\/wp\/v2\/product\/2819","targetHints":{"allow":["GET"]}}],"collection":[{"href":"https:\/\/www.booksonthemove.fr\/en\/wp-json\/wp\/v2\/product"}],"about":[{"href":"https:\/\/www.booksonthemove.fr\/en\/wp-json\/wp\/v2\/types\/product"}],"wp:featuredmedia":[{"embeddable":true,"href":"https:\/\/www.booksonthemove.fr\/en\/wp-json\/wp\/v2\/media\/2333"}],"wp:attachment":[{"href":"https:\/\/www.booksonthemove.fr\/en\/wp-json\/wp\/v2\/media?parent=2819"}],"wp:term":[{"taxonomy":"product_brand","embeddable":true,"href":"https:\/\/www.booksonthemove.fr\/en\/wp-json\/wp\/v2\/product_brand?post=2819"},{"taxonomy":"product_cat","embeddable":true,"href":"https:\/\/www.booksonthemove.fr\/en\/wp-json\/wp\/v2\/product_cat?post=2819"},{"taxonomy":"product_tag","embeddable":true,"href":"https:\/\/www.booksonthemove.fr\/en\/wp-json\/wp\/v2\/product_tag?post=2819"}],"curies":[{"name":"wp","href":"https:\/\/api.w.org\/{rel}","templated":true}]}}