{"id":2845,"date":"2016-08-27T20:37:11","date_gmt":"2016-08-27T18:37:11","guid":{"rendered":"https:\/\/www.booksonthemove.fr\/en\/product\/pornologie-vs-capitalisme-%c2%96le-groupe-de-happening-zero-jigen-japon-1960-1972\/"},"modified":"2024-01-24T10:40:36","modified_gmt":"2024-01-24T09:40:36","slug":"pornologie-vs-capitalisme-%c2%96le-groupe-de-happening-zero-jigen-japon-1960-1972","status":"publish","type":"product","link":"https:\/\/www.booksonthemove.fr\/en\/produit\/pornologie-vs-capitalisme-%c2%96le-groupe-de-happening-zero-jigen-japon-1960-1972\/","title":{"rendered":"Pornologie vs capitalisme \u0096- Le groupe de happening Zero Jigen-Japon 1960-1972"},"content":{"rendered":"<p>Zero Jigen (dimension z\u00e9ro), le plus important groupe de happening du courant antiart, op\u00e9ra de mani\u00e8re intensive de 1960 \u00e0 1972 \u00e0 T\u00f4ky\u00f4 et dans tout le Japon, au moyen de rituels provocateurs, les gishiki. Sa gu\u00e9rilla contre-culturelle &#8216; arterroriste &#8216; consistait en une praxis de l&#8217;obsc\u00e9nit\u00e9 dans l&#8217;espace public d&#8217;un pays en surcroissance qui d\u00e9niait ses r\u00e9alit\u00e9s soci\u00e9tales (violente crise politique, pollutions, guerre du Vi\u00eat Nam). Malgr\u00e9 cette intensit\u00e9 cr\u00e9ative (300 happenings), Zero Jigen, contemporain du but\u00f4 de Hijikata Tatsumi et de Guta\u00ef, fut m\u00e9pris\u00e9 par la critique au Japon et demeure inconnu ailleurs. Occultation durable confirmant la validit\u00e9 de ses actions improductives reniant formes esth\u00e9tiques, castes artistiques et parasitant la construction de l&#8217;image moderniste du capitalisme japonais. Le Refus de Zero Jigen est une pornologie subversive passant par &#8216; le corps &#8216; qui, \u00e0 la diff\u00e9rence de nos conceptions, est d\u00e9sindividualis\u00e9, d\u00e9potentialis\u00e9, d\u00e9sublim\u00e9 et radicalement utopique.<\/p>\n<p>Bas\u00e9e sur des sources japonaises, cette monographie, la premi\u00e8re dans une langue occidentale sur Zero Jigen, donne acc\u00e8s \u00e0 un contexte historique bousculant les st\u00e9r\u00e9otypes d&#8217;harmonie sociale et de s\u00e9r\u00e9nit\u00e9 esth\u00e9tique trop souvent attach\u00e9s \u00e0 l&#8217;objet Japon.<\/p>\n","protected":false},"excerpt":{"rendered":"<p><b>Auteur: <\/b> Bruno Fernand\u00e8s<br \/>\n<b>Editeur: <\/b>les presses du r\u00e9el (2014)<\/p>\n<p><strong>Broch\u00e9:<\/strong> 464 pages<br \/>\n<b>Langue: <\/b>Fran\u00e7ais<br \/>\n<strong>ISBN13:<\/strong> 978-2-84066-627-1<\/p>\n","protected":false},"featured_media":1292,"template":"","meta":[],"product_brand":[],"product_cat":[227,162,160,136,273,152,148,223],"product_tag":[],"class_list":{"0":"post-2845","1":"product","2":"type-product","3":"status-publish","4":"has-post-thumbnail","6":"product_cat-essays-en","7":"product_cat-french-en","8":"product_cat-happenings-en","9":"product_cat-histoire-en","10":"product_cat-japan","11":"product_cat-performance-en","12":"product_cat-politics-en","13":"product_cat-sexuality-eroticism-en","15":"first","16":"outofstock","17":"purchasable","18":"product-type-simple"},"yoast_head":"<!-- This site is optimized with the Yoast SEO plugin v27.4 - https:\/\/yoast.com\/product\/yoast-seo-wordpress\/ -->\n<title>Pornologie vs capitalisme \u0096- Le groupe de happening Zero Jigen-Japon 1960-1972 - Books on the Move<\/title>\n<meta name=\"robots\" content=\"index, follow, max-snippet:-1, max-image-preview:large, max-video-preview:-1\" \/>\n<link rel=\"canonical\" href=\"https:\/\/www.booksonthemove.fr\/produit\/pornologie-vs-capitalisme-\u0096le-groupe-de-happening-zero-jigen-japon-1960-1972\/\" \/>\n<meta property=\"og:locale\" content=\"en_US\" \/>\n<meta property=\"og:type\" content=\"article\" \/>\n<meta property=\"og:title\" content=\"Pornologie vs capitalisme \u0096- Le groupe de happening Zero Jigen-Japon 1960-1972 - Books on the Move\" \/>\n<meta property=\"og:description\" content=\"Auteur: Bruno Fernand\u00e8s Editeur: les presses du r\u00e9el (2014)  Broch\u00e9: 464 pages Langue: Fran\u00e7ais ISBN13: 978-2-84066-627-1\" \/>\n<meta property=\"og:url\" content=\"https:\/\/www.booksonthemove.fr\/produit\/pornologie-vs-capitalisme-\u0096le-groupe-de-happening-zero-jigen-japon-1960-1972\/\" \/>\n<meta property=\"og:site_name\" content=\"Books on the Move\" \/>\n<meta property=\"article:publisher\" content=\"https:\/\/www.facebook.com\/Librairiebooksonthemove\/\" \/>\n<meta property=\"article:modified_time\" content=\"2024-01-24T09:40:36+00:00\" \/>\n<meta property=\"og:image\" content=\"https:\/\/www.booksonthemove.fr\/media\/bom_1244_0.jpg\" \/>\n\t<meta property=\"og:image:width\" content=\"900\" \/>\n\t<meta property=\"og:image:height\" content=\"1200\" \/>\n\t<meta property=\"og:image:type\" content=\"image\/jpeg\" \/>\n<meta name=\"twitter:card\" content=\"summary_large_image\" \/>\n<script type=\"application\/ld+json\" class=\"yoast-schema-graph\">{\"@context\":\"https:\\\/\\\/schema.org\",\"@graph\":[{\"@type\":\"WebPage\",\"@id\":\"https:\\\/\\\/www.booksonthemove.fr\\\/produit\\\/pornologie-vs-capitalisme-%c2%96le-groupe-de-happening-zero-jigen-japon-1960-1972\\\/\",\"url\":\"https:\\\/\\\/www.booksonthemove.fr\\\/produit\\\/pornologie-vs-capitalisme-%c2%96le-groupe-de-happening-zero-jigen-japon-1960-1972\\\/\",\"name\":\"Pornologie vs capitalisme \u0096- Le groupe de happening Zero Jigen-Japon 1960-1972 - Books on the Move\",\"isPartOf\":{\"@id\":\"https:\\\/\\\/www.booksonthemove.fr\\\/#website\"},\"primaryImageOfPage\":{\"@id\":\"https:\\\/\\\/www.booksonthemove.fr\\\/produit\\\/pornologie-vs-capitalisme-%c2%96le-groupe-de-happening-zero-jigen-japon-1960-1972\\\/#primaryimage\"},\"image\":{\"@id\":\"https:\\\/\\\/www.booksonthemove.fr\\\/produit\\\/pornologie-vs-capitalisme-%c2%96le-groupe-de-happening-zero-jigen-japon-1960-1972\\\/#primaryimage\"},\"thumbnailUrl\":\"https:\\\/\\\/www.booksonthemove.fr\\\/media\\\/bom_1244_0.jpg\",\"datePublished\":\"2016-08-27T18:37:11+00:00\",\"dateModified\":\"2024-01-24T09:40:36+00:00\",\"breadcrumb\":{\"@id\":\"https:\\\/\\\/www.booksonthemove.fr\\\/produit\\\/pornologie-vs-capitalisme-%c2%96le-groupe-de-happening-zero-jigen-japon-1960-1972\\\/#breadcrumb\"},\"inLanguage\":\"en-US\",\"potentialAction\":[{\"@type\":\"ReadAction\",\"target\":[\"https:\\\/\\\/www.booksonthemove.fr\\\/produit\\\/pornologie-vs-capitalisme-%c2%96le-groupe-de-happening-zero-jigen-japon-1960-1972\\\/\"]}]},{\"@type\":\"ImageObject\",\"inLanguage\":\"en-US\",\"@id\":\"https:\\\/\\\/www.booksonthemove.fr\\\/produit\\\/pornologie-vs-capitalisme-%c2%96le-groupe-de-happening-zero-jigen-japon-1960-1972\\\/#primaryimage\",\"url\":\"https:\\\/\\\/www.booksonthemove.fr\\\/media\\\/bom_1244_0.jpg\",\"contentUrl\":\"https:\\\/\\\/www.booksonthemove.fr\\\/media\\\/bom_1244_0.jpg\",\"width\":900,\"height\":1200,\"caption\":\"Pornologie vs capitalisme \u0096Le groupe de happening Zero Jigen-Japon 1960-1972\"},{\"@type\":\"BreadcrumbList\",\"@id\":\"https:\\\/\\\/www.booksonthemove.fr\\\/produit\\\/pornologie-vs-capitalisme-%c2%96le-groupe-de-happening-zero-jigen-japon-1960-1972\\\/#breadcrumb\",\"itemListElement\":[{\"@type\":\"ListItem\",\"position\":1,\"name\":\"Accueil\",\"item\":\"https:\\\/\\\/www.booksonthemove.fr\\\/en\\\/\"},{\"@type\":\"ListItem\",\"position\":2,\"name\":\"online store\",\"item\":\"https:\\\/\\\/www.booksonthemove.fr\\\/en\\\/online-shop\\\/\"},{\"@type\":\"ListItem\",\"position\":3,\"name\":\"Pornologie vs capitalisme \u0096- Le groupe de happening Zero Jigen-Japon 1960-1972\"}]},{\"@type\":\"WebSite\",\"@id\":\"https:\\\/\\\/www.booksonthemove.fr\\\/#website\",\"url\":\"https:\\\/\\\/www.booksonthemove.fr\\\/\",\"name\":\"Books on the Move\",\"description\":\"librairie nomade - danse - mouvement - performance\",\"publisher\":{\"@id\":\"https:\\\/\\\/www.booksonthemove.fr\\\/#organization\"},\"potentialAction\":[{\"@type\":\"SearchAction\",\"target\":{\"@type\":\"EntryPoint\",\"urlTemplate\":\"https:\\\/\\\/www.booksonthemove.fr\\\/?s={search_term_string}\"},\"query-input\":{\"@type\":\"PropertyValueSpecification\",\"valueRequired\":true,\"valueName\":\"search_term_string\"}}],\"inLanguage\":\"en-US\"},{\"@type\":\"Organization\",\"@id\":\"https:\\\/\\\/www.booksonthemove.fr\\\/#organization\",\"name\":\"Books on the Move\",\"url\":\"https:\\\/\\\/www.booksonthemove.fr\\\/\",\"logo\":{\"@type\":\"ImageObject\",\"inLanguage\":\"en-US\",\"@id\":\"https:\\\/\\\/www.booksonthemove.fr\\\/#\\\/schema\\\/logo\\\/image\\\/\",\"url\":\"https:\\\/\\\/www.booksonthemove.fr\\\/media\\\/logo-NB-400.jpg\",\"contentUrl\":\"https:\\\/\\\/www.booksonthemove.fr\\\/media\\\/logo-NB-400.jpg\",\"width\":400,\"height\":143,\"caption\":\"Books on the Move\"},\"image\":{\"@id\":\"https:\\\/\\\/www.booksonthemove.fr\\\/#\\\/schema\\\/logo\\\/image\\\/\"},\"sameAs\":[\"https:\\\/\\\/www.facebook.com\\\/Librairiebooksonthemove\\\/\"]}]}<\/script>\n<!-- \/ Yoast SEO plugin. -->","yoast_head_json":{"title":"Pornologie vs capitalisme \u0096- Le groupe de happening Zero Jigen-Japon 1960-1972 - Books on the Move","robots":{"index":"index","follow":"follow","max-snippet":"max-snippet:-1","max-image-preview":"max-image-preview:large","max-video-preview":"max-video-preview:-1"},"canonical":"https:\/\/www.booksonthemove.fr\/produit\/pornologie-vs-capitalisme-\u0096le-groupe-de-happening-zero-jigen-japon-1960-1972\/","og_locale":"en_US","og_type":"article","og_title":"Pornologie vs capitalisme \u0096- Le groupe de happening Zero Jigen-Japon 1960-1972 - Books on the Move","og_description":"Auteur: Bruno Fernand\u00e8s Editeur: les presses du r\u00e9el (2014)  Broch\u00e9: 464 pages Langue: Fran\u00e7ais ISBN13: 978-2-84066-627-1","og_url":"https:\/\/www.booksonthemove.fr\/produit\/pornologie-vs-capitalisme-\u0096le-groupe-de-happening-zero-jigen-japon-1960-1972\/","og_site_name":"Books on the Move","article_publisher":"https:\/\/www.facebook.com\/Librairiebooksonthemove\/","article_modified_time":"2024-01-24T09:40:36+00:00","og_image":[{"width":900,"height":1200,"url":"https:\/\/www.booksonthemove.fr\/media\/bom_1244_0.jpg","type":"image\/jpeg"}],"twitter_card":"summary_large_image","schema":{"@context":"https:\/\/schema.org","@graph":[{"@type":"WebPage","@id":"https:\/\/www.booksonthemove.fr\/produit\/pornologie-vs-capitalisme-%c2%96le-groupe-de-happening-zero-jigen-japon-1960-1972\/","url":"https:\/\/www.booksonthemove.fr\/produit\/pornologie-vs-capitalisme-%c2%96le-groupe-de-happening-zero-jigen-japon-1960-1972\/","name":"Pornologie vs capitalisme \u0096- Le groupe de happening Zero Jigen-Japon 1960-1972 - Books on the Move","isPartOf":{"@id":"https:\/\/www.booksonthemove.fr\/#website"},"primaryImageOfPage":{"@id":"https:\/\/www.booksonthemove.fr\/produit\/pornologie-vs-capitalisme-%c2%96le-groupe-de-happening-zero-jigen-japon-1960-1972\/#primaryimage"},"image":{"@id":"https:\/\/www.booksonthemove.fr\/produit\/pornologie-vs-capitalisme-%c2%96le-groupe-de-happening-zero-jigen-japon-1960-1972\/#primaryimage"},"thumbnailUrl":"https:\/\/www.booksonthemove.fr\/media\/bom_1244_0.jpg","datePublished":"2016-08-27T18:37:11+00:00","dateModified":"2024-01-24T09:40:36+00:00","breadcrumb":{"@id":"https:\/\/www.booksonthemove.fr\/produit\/pornologie-vs-capitalisme-%c2%96le-groupe-de-happening-zero-jigen-japon-1960-1972\/#breadcrumb"},"inLanguage":"en-US","potentialAction":[{"@type":"ReadAction","target":["https:\/\/www.booksonthemove.fr\/produit\/pornologie-vs-capitalisme-%c2%96le-groupe-de-happening-zero-jigen-japon-1960-1972\/"]}]},{"@type":"ImageObject","inLanguage":"en-US","@id":"https:\/\/www.booksonthemove.fr\/produit\/pornologie-vs-capitalisme-%c2%96le-groupe-de-happening-zero-jigen-japon-1960-1972\/#primaryimage","url":"https:\/\/www.booksonthemove.fr\/media\/bom_1244_0.jpg","contentUrl":"https:\/\/www.booksonthemove.fr\/media\/bom_1244_0.jpg","width":900,"height":1200,"caption":"Pornologie vs capitalisme \u0096Le groupe de happening Zero Jigen-Japon 1960-1972"},{"@type":"BreadcrumbList","@id":"https:\/\/www.booksonthemove.fr\/produit\/pornologie-vs-capitalisme-%c2%96le-groupe-de-happening-zero-jigen-japon-1960-1972\/#breadcrumb","itemListElement":[{"@type":"ListItem","position":1,"name":"Accueil","item":"https:\/\/www.booksonthemove.fr\/en\/"},{"@type":"ListItem","position":2,"name":"online store","item":"https:\/\/www.booksonthemove.fr\/en\/online-shop\/"},{"@type":"ListItem","position":3,"name":"Pornologie vs capitalisme \u0096- Le groupe de happening Zero Jigen-Japon 1960-1972"}]},{"@type":"WebSite","@id":"https:\/\/www.booksonthemove.fr\/#website","url":"https:\/\/www.booksonthemove.fr\/","name":"Books on the Move","description":"librairie nomade - danse - mouvement - performance","publisher":{"@id":"https:\/\/www.booksonthemove.fr\/#organization"},"potentialAction":[{"@type":"SearchAction","target":{"@type":"EntryPoint","urlTemplate":"https:\/\/www.booksonthemove.fr\/?s={search_term_string}"},"query-input":{"@type":"PropertyValueSpecification","valueRequired":true,"valueName":"search_term_string"}}],"inLanguage":"en-US"},{"@type":"Organization","@id":"https:\/\/www.booksonthemove.fr\/#organization","name":"Books on the Move","url":"https:\/\/www.booksonthemove.fr\/","logo":{"@type":"ImageObject","inLanguage":"en-US","@id":"https:\/\/www.booksonthemove.fr\/#\/schema\/logo\/image\/","url":"https:\/\/www.booksonthemove.fr\/media\/logo-NB-400.jpg","contentUrl":"https:\/\/www.booksonthemove.fr\/media\/logo-NB-400.jpg","width":400,"height":143,"caption":"Books on the Move"},"image":{"@id":"https:\/\/www.booksonthemove.fr\/#\/schema\/logo\/image\/"},"sameAs":["https:\/\/www.facebook.com\/Librairiebooksonthemove\/"]}]}},"_links":{"self":[{"href":"https:\/\/www.booksonthemove.fr\/en\/wp-json\/wp\/v2\/product\/2845","targetHints":{"allow":["GET"]}}],"collection":[{"href":"https:\/\/www.booksonthemove.fr\/en\/wp-json\/wp\/v2\/product"}],"about":[{"href":"https:\/\/www.booksonthemove.fr\/en\/wp-json\/wp\/v2\/types\/product"}],"wp:featuredmedia":[{"embeddable":true,"href":"https:\/\/www.booksonthemove.fr\/en\/wp-json\/wp\/v2\/media\/1292"}],"wp:attachment":[{"href":"https:\/\/www.booksonthemove.fr\/en\/wp-json\/wp\/v2\/media?parent=2845"}],"wp:term":[{"taxonomy":"product_brand","embeddable":true,"href":"https:\/\/www.booksonthemove.fr\/en\/wp-json\/wp\/v2\/product_brand?post=2845"},{"taxonomy":"product_cat","embeddable":true,"href":"https:\/\/www.booksonthemove.fr\/en\/wp-json\/wp\/v2\/product_cat?post=2845"},{"taxonomy":"product_tag","embeddable":true,"href":"https:\/\/www.booksonthemove.fr\/en\/wp-json\/wp\/v2\/product_tag?post=2845"}],"curies":[{"name":"wp","href":"https:\/\/api.w.org\/{rel}","templated":true}]}}