{"id":2854,"date":"2016-08-28T01:19:33","date_gmt":"2016-08-27T23:19:33","guid":{"rendered":"https:\/\/www.booksonthemove.fr\/en\/product\/le-corps-juste\/"},"modified":"2022-05-30T16:58:29","modified_gmt":"2022-05-30T14:58:29","slug":"le-corps-juste","status":"publish","type":"product","link":"https:\/\/www.booksonthemove.fr\/en\/produit\/le-corps-juste\/","title":{"rendered":"Le corps juste"},"content":{"rendered":"<p>Le Corps juste est d\u00e9coup\u00e9 en chapitres non-chronologiques rythm\u00e9s par de courts extraits de chansons d\u2019Alain Bashung et par une s\u00e9lection d\u2019images prises durant ces cinq mois avec la compagnie, sur sc\u00e8ne et en dehors. Il ne s\u2019agit pas tout \u00e0 fait d\u2019un livre documentaire mais d\u2019un double regard personnel &#8211; qui se situe plut\u00f4t du c\u00f4t\u00e9 d\u2019une \u00e9vocation &#8211; sur une aventure artistique dans son \u00e9laboration.<\/p>\n<p>LE DANSEUR<br \/>\nHamid Ben Mahi est un danseur et chor\u00e9graphe de hip-hop d\u2019origine bordelaise (Compagnie Hors-s\u00e9rie) qui a \u00e9tudi\u00e9 la danse au Conservatoire de Bordeaux, \u00e0 l\u2019\u00e9cole de Rosella Hightower \u00e0 Cannes puis \u00e0 celle d\u2019Alvin Ailey \u00e0 New York. Il apporte depuis plus de dix ans une parole singuli\u00e8re au sein du mouvement hip-hop et en est aujourd\u2019hui l\u2019un des repr\u00e9sentants fran\u00e7ais les plus r\u00e9put\u00e9s. La derni\u00e8re cr\u00e9ation d\u2019Hamid Ben Mahi, avec quatre autres danseurs et deux musiciens, se nomme Apache. Cette pi\u00e8ce est une rencontre avec l\u2019univers d\u2019Alain Bashung, une tentative d\u2019incarner, sans les mots, la figure du chanteur et ce qui faisait sa singularit\u00e9. C\u2019est une rencontre entre deux mondes, le hip-hop et le rock&#8217;n\u2019roll, qui, a priori, n\u2019ont rien en commun. Entre deux \u00e9nergies, deux fa\u00e7ons d\u2019\u00eatre et, pour citer Hamid Ben Mahi, deux mani\u00e8res &#8216; de se d\u00e9battre &#8216;.<\/p>\n<p>LES AUTEURS<br \/>\nChristophe Dabitch \u00e9crit des livres d\u2019histoire, des carnets de voyage (Autrement, Filigranes) et des sc\u00e9narios de bande dessin\u00e9e (Futuropolis &#8211; Gallimard). Il est par ailleurs journaliste ind\u00e9pendant.<br \/>\nChristophe Goussard est photographe, il a publi\u00e9 plusieurs livres autour de ses voyages, rencontres et travaux personnels. Il est distribu\u00e9 par l\u2019agence VU. Il suit en images le parcours d\u2019Hamid Ben Mahi depuis une dizaine d\u2019ann\u00e9es.<\/p>\n","protected":false},"excerpt":{"rendered":"<p><b>Auteurs: <\/b> Christophe Dabitch, Christophe Goussard<br \/>\n<b>Editeur: <\/b>le Castor Astral (2013)<\/p>\n<p><strong>Broch\u00e9:<\/strong> 114 pages<br \/>\n<b>Langue: <\/b>Fran\u00e7ais<br \/>\n<strong>ISBN13:<\/strong> 978-2-85920-961-2<\/p>\n","protected":false},"featured_media":1310,"template":"","meta":[],"product_brand":[],"product_cat":[149,162,201,200,205,139],"product_tag":[],"class_list":{"0":"post-2854","1":"product","2":"type-product","3":"status-publish","4":"has-post-thumbnail","6":"product_cat-contemporary-dance-en","7":"product_cat-french-en","8":"product_cat-hip-hop-en","9":"product_cat-music-en","10":"product_cat-photography-en","11":"product_cat-work-process-en","13":"first","14":"outofstock","15":"purchasable","16":"product-type-simple"},"yoast_head":"<!-- This site is optimized with the Yoast SEO plugin v27.4 - https:\/\/yoast.com\/product\/yoast-seo-wordpress\/ -->\n<title>Le corps juste - Books on the Move<\/title>\n<meta name=\"robots\" content=\"index, follow, max-snippet:-1, max-image-preview:large, max-video-preview:-1\" \/>\n<link rel=\"canonical\" href=\"https:\/\/www.booksonthemove.fr\/en\/produit\/le-corps-juste\/\" \/>\n<meta property=\"og:locale\" content=\"en_US\" \/>\n<meta property=\"og:type\" content=\"article\" \/>\n<meta property=\"og:title\" content=\"Le corps juste - Books on the Move\" \/>\n<meta property=\"og:description\" content=\"Auteurs: Christophe Dabitch, Christophe Goussard Editeur: le Castor Astral (2013)  Broch\u00e9: 114 pages Langue: Fran\u00e7ais ISBN13: 978-2-85920-961-2\" \/>\n<meta property=\"og:url\" content=\"https:\/\/www.booksonthemove.fr\/en\/produit\/le-corps-juste\/\" \/>\n<meta property=\"og:site_name\" content=\"Books on the Move\" \/>\n<meta property=\"article:publisher\" content=\"https:\/\/www.facebook.com\/Librairiebooksonthemove\/\" \/>\n<meta property=\"article:modified_time\" content=\"2022-05-30T14:58:29+00:00\" \/>\n<meta property=\"og:image\" content=\"https:\/\/www.booksonthemove.fr\/media\/bom_1255_0.jpg\" \/>\n\t<meta property=\"og:image:width\" content=\"900\" \/>\n\t<meta property=\"og:image:height\" content=\"1024\" \/>\n\t<meta property=\"og:image:type\" content=\"image\/jpeg\" \/>\n<meta name=\"twitter:card\" content=\"summary_large_image\" \/>\n<script type=\"application\/ld+json\" class=\"yoast-schema-graph\">{\"@context\":\"https:\\\/\\\/schema.org\",\"@graph\":[{\"@type\":\"WebPage\",\"@id\":\"https:\\\/\\\/www.booksonthemove.fr\\\/en\\\/produit\\\/le-corps-juste\\\/\",\"url\":\"https:\\\/\\\/www.booksonthemove.fr\\\/en\\\/produit\\\/le-corps-juste\\\/\",\"name\":\"Le corps juste - Books on the Move\",\"isPartOf\":{\"@id\":\"https:\\\/\\\/www.booksonthemove.fr\\\/#website\"},\"primaryImageOfPage\":{\"@id\":\"https:\\\/\\\/www.booksonthemove.fr\\\/en\\\/produit\\\/le-corps-juste\\\/#primaryimage\"},\"image\":{\"@id\":\"https:\\\/\\\/www.booksonthemove.fr\\\/en\\\/produit\\\/le-corps-juste\\\/#primaryimage\"},\"thumbnailUrl\":\"https:\\\/\\\/www.booksonthemove.fr\\\/media\\\/bom_1255_0.jpg\",\"datePublished\":\"2016-08-27T23:19:33+00:00\",\"dateModified\":\"2022-05-30T14:58:29+00:00\",\"breadcrumb\":{\"@id\":\"https:\\\/\\\/www.booksonthemove.fr\\\/en\\\/produit\\\/le-corps-juste\\\/#breadcrumb\"},\"inLanguage\":\"en-US\",\"potentialAction\":[{\"@type\":\"ReadAction\",\"target\":[\"https:\\\/\\\/www.booksonthemove.fr\\\/en\\\/produit\\\/le-corps-juste\\\/\"]}]},{\"@type\":\"ImageObject\",\"inLanguage\":\"en-US\",\"@id\":\"https:\\\/\\\/www.booksonthemove.fr\\\/en\\\/produit\\\/le-corps-juste\\\/#primaryimage\",\"url\":\"https:\\\/\\\/www.booksonthemove.fr\\\/media\\\/bom_1255_0.jpg\",\"contentUrl\":\"https:\\\/\\\/www.booksonthemove.fr\\\/media\\\/bom_1255_0.jpg\",\"width\":900,\"height\":1024,\"caption\":\"Le corps juste\"},{\"@type\":\"BreadcrumbList\",\"@id\":\"https:\\\/\\\/www.booksonthemove.fr\\\/en\\\/produit\\\/le-corps-juste\\\/#breadcrumb\",\"itemListElement\":[{\"@type\":\"ListItem\",\"position\":1,\"name\":\"Accueil\",\"item\":\"https:\\\/\\\/www.booksonthemove.fr\\\/en\\\/\"},{\"@type\":\"ListItem\",\"position\":2,\"name\":\"online store\",\"item\":\"https:\\\/\\\/www.booksonthemove.fr\\\/en\\\/online-shop\\\/\"},{\"@type\":\"ListItem\",\"position\":3,\"name\":\"Le corps juste\"}]},{\"@type\":\"WebSite\",\"@id\":\"https:\\\/\\\/www.booksonthemove.fr\\\/#website\",\"url\":\"https:\\\/\\\/www.booksonthemove.fr\\\/\",\"name\":\"Books on the Move\",\"description\":\"librairie nomade - danse - mouvement - performance\",\"publisher\":{\"@id\":\"https:\\\/\\\/www.booksonthemove.fr\\\/#organization\"},\"potentialAction\":[{\"@type\":\"SearchAction\",\"target\":{\"@type\":\"EntryPoint\",\"urlTemplate\":\"https:\\\/\\\/www.booksonthemove.fr\\\/?s={search_term_string}\"},\"query-input\":{\"@type\":\"PropertyValueSpecification\",\"valueRequired\":true,\"valueName\":\"search_term_string\"}}],\"inLanguage\":\"en-US\"},{\"@type\":\"Organization\",\"@id\":\"https:\\\/\\\/www.booksonthemove.fr\\\/#organization\",\"name\":\"Books on the Move\",\"url\":\"https:\\\/\\\/www.booksonthemove.fr\\\/\",\"logo\":{\"@type\":\"ImageObject\",\"inLanguage\":\"en-US\",\"@id\":\"https:\\\/\\\/www.booksonthemove.fr\\\/#\\\/schema\\\/logo\\\/image\\\/\",\"url\":\"https:\\\/\\\/www.booksonthemove.fr\\\/media\\\/logo-NB-400.jpg\",\"contentUrl\":\"https:\\\/\\\/www.booksonthemove.fr\\\/media\\\/logo-NB-400.jpg\",\"width\":400,\"height\":143,\"caption\":\"Books on the Move\"},\"image\":{\"@id\":\"https:\\\/\\\/www.booksonthemove.fr\\\/#\\\/schema\\\/logo\\\/image\\\/\"},\"sameAs\":[\"https:\\\/\\\/www.facebook.com\\\/Librairiebooksonthemove\\\/\"]}]}<\/script>\n<!-- \/ Yoast SEO plugin. -->","yoast_head_json":{"title":"Le corps juste - Books on the Move","robots":{"index":"index","follow":"follow","max-snippet":"max-snippet:-1","max-image-preview":"max-image-preview:large","max-video-preview":"max-video-preview:-1"},"canonical":"https:\/\/www.booksonthemove.fr\/en\/produit\/le-corps-juste\/","og_locale":"en_US","og_type":"article","og_title":"Le corps juste - Books on the Move","og_description":"Auteurs: Christophe Dabitch, Christophe Goussard Editeur: le Castor Astral (2013)  Broch\u00e9: 114 pages Langue: Fran\u00e7ais ISBN13: 978-2-85920-961-2","og_url":"https:\/\/www.booksonthemove.fr\/en\/produit\/le-corps-juste\/","og_site_name":"Books on the Move","article_publisher":"https:\/\/www.facebook.com\/Librairiebooksonthemove\/","article_modified_time":"2022-05-30T14:58:29+00:00","og_image":[{"width":900,"height":1024,"url":"https:\/\/www.booksonthemove.fr\/media\/bom_1255_0.jpg","type":"image\/jpeg"}],"twitter_card":"summary_large_image","schema":{"@context":"https:\/\/schema.org","@graph":[{"@type":"WebPage","@id":"https:\/\/www.booksonthemove.fr\/en\/produit\/le-corps-juste\/","url":"https:\/\/www.booksonthemove.fr\/en\/produit\/le-corps-juste\/","name":"Le corps juste - Books on the Move","isPartOf":{"@id":"https:\/\/www.booksonthemove.fr\/#website"},"primaryImageOfPage":{"@id":"https:\/\/www.booksonthemove.fr\/en\/produit\/le-corps-juste\/#primaryimage"},"image":{"@id":"https:\/\/www.booksonthemove.fr\/en\/produit\/le-corps-juste\/#primaryimage"},"thumbnailUrl":"https:\/\/www.booksonthemove.fr\/media\/bom_1255_0.jpg","datePublished":"2016-08-27T23:19:33+00:00","dateModified":"2022-05-30T14:58:29+00:00","breadcrumb":{"@id":"https:\/\/www.booksonthemove.fr\/en\/produit\/le-corps-juste\/#breadcrumb"},"inLanguage":"en-US","potentialAction":[{"@type":"ReadAction","target":["https:\/\/www.booksonthemove.fr\/en\/produit\/le-corps-juste\/"]}]},{"@type":"ImageObject","inLanguage":"en-US","@id":"https:\/\/www.booksonthemove.fr\/en\/produit\/le-corps-juste\/#primaryimage","url":"https:\/\/www.booksonthemove.fr\/media\/bom_1255_0.jpg","contentUrl":"https:\/\/www.booksonthemove.fr\/media\/bom_1255_0.jpg","width":900,"height":1024,"caption":"Le corps juste"},{"@type":"BreadcrumbList","@id":"https:\/\/www.booksonthemove.fr\/en\/produit\/le-corps-juste\/#breadcrumb","itemListElement":[{"@type":"ListItem","position":1,"name":"Accueil","item":"https:\/\/www.booksonthemove.fr\/en\/"},{"@type":"ListItem","position":2,"name":"online store","item":"https:\/\/www.booksonthemove.fr\/en\/online-shop\/"},{"@type":"ListItem","position":3,"name":"Le corps juste"}]},{"@type":"WebSite","@id":"https:\/\/www.booksonthemove.fr\/#website","url":"https:\/\/www.booksonthemove.fr\/","name":"Books on the Move","description":"librairie nomade - danse - mouvement - performance","publisher":{"@id":"https:\/\/www.booksonthemove.fr\/#organization"},"potentialAction":[{"@type":"SearchAction","target":{"@type":"EntryPoint","urlTemplate":"https:\/\/www.booksonthemove.fr\/?s={search_term_string}"},"query-input":{"@type":"PropertyValueSpecification","valueRequired":true,"valueName":"search_term_string"}}],"inLanguage":"en-US"},{"@type":"Organization","@id":"https:\/\/www.booksonthemove.fr\/#organization","name":"Books on the Move","url":"https:\/\/www.booksonthemove.fr\/","logo":{"@type":"ImageObject","inLanguage":"en-US","@id":"https:\/\/www.booksonthemove.fr\/#\/schema\/logo\/image\/","url":"https:\/\/www.booksonthemove.fr\/media\/logo-NB-400.jpg","contentUrl":"https:\/\/www.booksonthemove.fr\/media\/logo-NB-400.jpg","width":400,"height":143,"caption":"Books on the Move"},"image":{"@id":"https:\/\/www.booksonthemove.fr\/#\/schema\/logo\/image\/"},"sameAs":["https:\/\/www.facebook.com\/Librairiebooksonthemove\/"]}]}},"_links":{"self":[{"href":"https:\/\/www.booksonthemove.fr\/en\/wp-json\/wp\/v2\/product\/2854","targetHints":{"allow":["GET"]}}],"collection":[{"href":"https:\/\/www.booksonthemove.fr\/en\/wp-json\/wp\/v2\/product"}],"about":[{"href":"https:\/\/www.booksonthemove.fr\/en\/wp-json\/wp\/v2\/types\/product"}],"wp:featuredmedia":[{"embeddable":true,"href":"https:\/\/www.booksonthemove.fr\/en\/wp-json\/wp\/v2\/media\/1310"}],"wp:attachment":[{"href":"https:\/\/www.booksonthemove.fr\/en\/wp-json\/wp\/v2\/media?parent=2854"}],"wp:term":[{"taxonomy":"product_brand","embeddable":true,"href":"https:\/\/www.booksonthemove.fr\/en\/wp-json\/wp\/v2\/product_brand?post=2854"},{"taxonomy":"product_cat","embeddable":true,"href":"https:\/\/www.booksonthemove.fr\/en\/wp-json\/wp\/v2\/product_cat?post=2854"},{"taxonomy":"product_tag","embeddable":true,"href":"https:\/\/www.booksonthemove.fr\/en\/wp-json\/wp\/v2\/product_tag?post=2854"}],"curies":[{"name":"wp","href":"https:\/\/api.w.org\/{rel}","templated":true}]}}