{"id":2857,"date":"2016-08-28T01:19:33","date_gmt":"2016-08-27T23:19:33","guid":{"rendered":"https:\/\/www.booksonthemove.fr\/en\/product\/oskar-schlemmer-lettres-et-journaux\/"},"modified":"2026-03-08T18:53:09","modified_gmt":"2026-03-08T17:53:09","slug":"oskar-schlemmer-lettres-et-journaux","status":"publish","type":"product","link":"https:\/\/www.booksonthemove.fr\/en\/produit\/oskar-schlemmer-lettres-et-journaux\/","title":{"rendered":"Oskar Schlemmer &#8211; Lettres et journaux"},"content":{"rendered":"<p>Les \u00e9crits et correspondances, pour la premi\u00e8re fois disponibles dans leur ensemble en fran\u00e7ais, du peintre, sculpteur, d\u00e9corateur de th\u00e9\u00e2tre, sc\u00e9nographe et chor\u00e9gaphe allemand (1888-1943), acteur essentiel du Bauhaus.<\/p>\n<p>\u00c9crits intimes d&#8217;un peintre et d&#8217;un chor\u00e9graphe visionnaire, les Lettres et journaux d&#8217;Oskar Schlemmer sont rest\u00e9s longtemps in\u00e9dits en fran\u00e7ais, \u00e0 l&#8217;exception de fragments traduits par \u00c9ric Michaud en 1978.<\/p>\n<p>S&#8217;ils d\u00e9voilent peu de choses sur sa vie personnelle, l&#8217;un de leurs premiers attraits est de nous faire p\u00e9n\u00e9trer au sein du Bauhaus, dont Schlemmer fut l&#8217;un des acteurs essentiels, et de r\u00e9v\u00e9ler les relations d&#8217;enseignement et de pouvoir qui s&#8217;y tissaient. Ils consignent surtout le dialogue intense et soutenu que, sa vie durant, Schlemmer a entretenu avec lui-m\u00eame \u00e0 propos de ses cr\u00e9ations, de ses angoisses, de ses contradictions, de ses espoirs. Ils ouvrent une nouvelle perspective pour appr\u00e9hender cet artiste prot\u00e9iforme.<\/p>\n<p>La pr\u00e9sente traduction des Lettres et journaux d&#8217;Oskar Schlemmer est conforme \u00e0 l&#8217;\u00e9dition des Briefe und Tageb\u00fccher de Tut Schlemmer parue en 1958.<\/p>\n<p>&#8220;Le noyau de mon \u00eatre \u2013 mon intimit\u00e9 m\u00eame \u2013 est enclos dans une coquille d\u00e9pos\u00e9e par le monde ext\u00e9rieur. Mon art est sans doute ce qui refl\u00e8te le mieux ce noyau. Car c&#8217;est pr\u00e9cis\u00e9ment dans la Forme que ce noyau, invisible et non su, se pr\u00e9sente. &#8221; (Lettre \u00e0 Tut, 12 novembre 1919)<\/p>\n<p>&#8220;Si les nazis prennent le pouvoir, faudra-t-il se retirer dans les for\u00eats de Boh\u00eame, ou bien entrerons-nous directement dans la prochaine guerre ? &#8221; (Lettre \u00e0 O.M., 1er d\u00e9cembre 1930)<\/p>\n<p>&#8220;N\u00e9 le 4 septembre 1888 \u00e0 Stuttgart, d&#8217;une m\u00e8re Souabe de Heidenheim dans le Wurtemberg et d&#8217;un p\u00e8re de la Hesse Rh\u00e9nane \u00e0 Mainz. (De mon p\u00e8re sans nul doute le go\u00fbt du th\u00e9\u00e2tre et du carnaval, de ma m\u00e8re la r\u00e9flexion et le s\u00e9rieux qui se traduisent ensuite en peinture). Un semestre \u00e0 l&#8217;\u00c9cole des arts d\u00e9coratifs de Stuttgart, puis l&#8217;Acad\u00e9mie. Entre-temps, une ann\u00e9e \u00e0 Berlin. Rencontre avec l&#8217;art moderne : le Blaue Reiter et le Sturm. \u00c0 Stuttgart, suite \u00e0 cette rencontre, d\u00e9bat et conversion. \u2013 D\u00e9buts du Ballet Triadique. \u2013 Ouverture d&#8217;une galerie de peinture rue du Neckar. \u2013 La guerre ! \u2013 Une demi ann\u00e9e \u00e0 l&#8217;Acad\u00e9mie. Bas reliefs et sculptures. \u2013 1922 : premi\u00e8re repr\u00e9sentation du Ballet Triadique \u00e0 Stuttgart. D\u00e9cembre 1920 : nomination au Bauhaus d&#8217;\u00c9tat \u00e0 Weimar par Walter Gropius (en m\u00eame temps que Paul Klee). D&#8217;abord peinture murale. Plus tard atelier du m\u00e9tal, puis sculpture sur bois et sur pierre. \u2013 Pour l&#8217;exposition de 1923 : d\u00e9coration en peinture et sculpture du b\u00e2timent des ateliers. Premi\u00e8re d\u00e9monstration sur de grandes surfaces et dans un vaste espace. Variations sur le th\u00e8me de l&#8217;Homme sous forme de peintures, lignes, surfaces, reliefs, m\u00e9tal, etc. &#8221;<\/p>\n<p>Oskar Schlemmer (Autobiographie, 1923)<\/p>\n","protected":false},"excerpt":{"rendered":"<p><b>Auteur: <\/b> Oskar Schlemmer, traduit de l&#8217;Allemand par Claude Rabant<br \/>\n<b>Editeur: <\/b>Carta Blanca Editions, Paris (2014)<\/p>\n<p><strong>Broch\u00e9<\/strong>: 288 pages<br \/>\n<b>Langue: <\/b>Fran\u00e7ais<br \/>\n<strong>ISBN13:<\/strong> 978-2-9536129-1-2<\/p>\n","protected":false},"featured_media":1316,"template":"","meta":[],"product_brand":[],"product_cat":[248,153,297,162],"product_tag":[],"class_list":{"0":"post-2857","1":"product","2":"type-product","3":"status-publish","4":"has-post-thumbnail","6":"product_cat-bauhaus-en","7":"product_cat-biographies-autobiographies-en","8":"product_cat-correspondences","9":"product_cat-french-en","11":"first","12":"outofstock","13":"purchasable","14":"product-type-simple"},"yoast_head":"<!-- This site is optimized with the Yoast SEO plugin v27.5 - https:\/\/yoast.com\/product\/yoast-seo-wordpress\/ -->\n<title>Oskar Schlemmer - Lettres et journaux - Books on the Move<\/title>\n<meta name=\"robots\" content=\"index, follow, max-snippet:-1, max-image-preview:large, max-video-preview:-1\" \/>\n<link rel=\"canonical\" href=\"https:\/\/www.booksonthemove.fr\/en\/produit\/oskar-schlemmer-lettres-et-journaux\/\" \/>\n<meta property=\"og:locale\" content=\"en_US\" \/>\n<meta property=\"og:type\" content=\"article\" \/>\n<meta property=\"og:title\" content=\"Oskar Schlemmer - Lettres et journaux - Books on the Move\" \/>\n<meta property=\"og:description\" content=\"Auteur: Oskar Schlemmer, traduit de l&#039;Allemand par Claude Rabant Editeur: Carta Blanca Editions, Paris (2014)  Broch\u00e9: 288 pages Langue: Fran\u00e7ais ISBN13: 978-2-9536129-1-2\" \/>\n<meta property=\"og:url\" content=\"https:\/\/www.booksonthemove.fr\/en\/produit\/oskar-schlemmer-lettres-et-journaux\/\" \/>\n<meta property=\"og:site_name\" content=\"Books on the Move\" \/>\n<meta property=\"article:publisher\" content=\"https:\/\/www.facebook.com\/Librairiebooksonthemove\/\" \/>\n<meta property=\"article:modified_time\" content=\"2026-03-08T17:53:09+00:00\" \/>\n<meta property=\"og:image\" content=\"https:\/\/www.booksonthemove.fr\/media\/bom_1258_0.jpg\" \/>\n\t<meta property=\"og:image:width\" content=\"900\" \/>\n\t<meta property=\"og:image:height\" content=\"1200\" \/>\n\t<meta property=\"og:image:type\" content=\"image\/jpeg\" \/>\n<meta name=\"twitter:card\" content=\"summary_large_image\" \/>\n<script type=\"application\/ld+json\" class=\"yoast-schema-graph\">{\"@context\":\"https:\\\/\\\/schema.org\",\"@graph\":[{\"@type\":\"WebPage\",\"@id\":\"https:\\\/\\\/www.booksonthemove.fr\\\/en\\\/produit\\\/oskar-schlemmer-lettres-et-journaux\\\/\",\"url\":\"https:\\\/\\\/www.booksonthemove.fr\\\/en\\\/produit\\\/oskar-schlemmer-lettres-et-journaux\\\/\",\"name\":\"Oskar Schlemmer - Lettres et journaux - Books on the Move\",\"isPartOf\":{\"@id\":\"https:\\\/\\\/www.booksonthemove.fr\\\/#website\"},\"primaryImageOfPage\":{\"@id\":\"https:\\\/\\\/www.booksonthemove.fr\\\/en\\\/produit\\\/oskar-schlemmer-lettres-et-journaux\\\/#primaryimage\"},\"image\":{\"@id\":\"https:\\\/\\\/www.booksonthemove.fr\\\/en\\\/produit\\\/oskar-schlemmer-lettres-et-journaux\\\/#primaryimage\"},\"thumbnailUrl\":\"https:\\\/\\\/www.booksonthemove.fr\\\/media\\\/bom_1258_0.jpg\",\"datePublished\":\"2016-08-27T23:19:33+00:00\",\"dateModified\":\"2026-03-08T17:53:09+00:00\",\"breadcrumb\":{\"@id\":\"https:\\\/\\\/www.booksonthemove.fr\\\/en\\\/produit\\\/oskar-schlemmer-lettres-et-journaux\\\/#breadcrumb\"},\"inLanguage\":\"en-US\",\"potentialAction\":[{\"@type\":\"ReadAction\",\"target\":[\"https:\\\/\\\/www.booksonthemove.fr\\\/en\\\/produit\\\/oskar-schlemmer-lettres-et-journaux\\\/\"]}]},{\"@type\":\"ImageObject\",\"inLanguage\":\"en-US\",\"@id\":\"https:\\\/\\\/www.booksonthemove.fr\\\/en\\\/produit\\\/oskar-schlemmer-lettres-et-journaux\\\/#primaryimage\",\"url\":\"https:\\\/\\\/www.booksonthemove.fr\\\/media\\\/bom_1258_0.jpg\",\"contentUrl\":\"https:\\\/\\\/www.booksonthemove.fr\\\/media\\\/bom_1258_0.jpg\",\"width\":900,\"height\":1200,\"caption\":\"Oskar Schlemmer - Lettres et journaux\"},{\"@type\":\"BreadcrumbList\",\"@id\":\"https:\\\/\\\/www.booksonthemove.fr\\\/en\\\/produit\\\/oskar-schlemmer-lettres-et-journaux\\\/#breadcrumb\",\"itemListElement\":[{\"@type\":\"ListItem\",\"position\":1,\"name\":\"Accueil\",\"item\":\"https:\\\/\\\/www.booksonthemove.fr\\\/en\\\/\"},{\"@type\":\"ListItem\",\"position\":2,\"name\":\"online store\",\"item\":\"https:\\\/\\\/www.booksonthemove.fr\\\/en\\\/online-shop\\\/\"},{\"@type\":\"ListItem\",\"position\":3,\"name\":\"Oskar Schlemmer &#8211; Lettres et journaux\"}]},{\"@type\":\"WebSite\",\"@id\":\"https:\\\/\\\/www.booksonthemove.fr\\\/#website\",\"url\":\"https:\\\/\\\/www.booksonthemove.fr\\\/\",\"name\":\"Books on the Move\",\"description\":\"librairie nomade - danse - mouvement - performance\",\"publisher\":{\"@id\":\"https:\\\/\\\/www.booksonthemove.fr\\\/#organization\"},\"potentialAction\":[{\"@type\":\"SearchAction\",\"target\":{\"@type\":\"EntryPoint\",\"urlTemplate\":\"https:\\\/\\\/www.booksonthemove.fr\\\/?s={search_term_string}\"},\"query-input\":{\"@type\":\"PropertyValueSpecification\",\"valueRequired\":true,\"valueName\":\"search_term_string\"}}],\"inLanguage\":\"en-US\"},{\"@type\":\"Organization\",\"@id\":\"https:\\\/\\\/www.booksonthemove.fr\\\/#organization\",\"name\":\"Books on the Move\",\"url\":\"https:\\\/\\\/www.booksonthemove.fr\\\/\",\"logo\":{\"@type\":\"ImageObject\",\"inLanguage\":\"en-US\",\"@id\":\"https:\\\/\\\/www.booksonthemove.fr\\\/#\\\/schema\\\/logo\\\/image\\\/\",\"url\":\"https:\\\/\\\/www.booksonthemove.fr\\\/media\\\/logo-NB-400.jpg\",\"contentUrl\":\"https:\\\/\\\/www.booksonthemove.fr\\\/media\\\/logo-NB-400.jpg\",\"width\":400,\"height\":143,\"caption\":\"Books on the Move\"},\"image\":{\"@id\":\"https:\\\/\\\/www.booksonthemove.fr\\\/#\\\/schema\\\/logo\\\/image\\\/\"},\"sameAs\":[\"https:\\\/\\\/www.facebook.com\\\/Librairiebooksonthemove\\\/\"]}]}<\/script>\n<!-- \/ Yoast SEO plugin. -->","yoast_head_json":{"title":"Oskar Schlemmer - Lettres et journaux - Books on the Move","robots":{"index":"index","follow":"follow","max-snippet":"max-snippet:-1","max-image-preview":"max-image-preview:large","max-video-preview":"max-video-preview:-1"},"canonical":"https:\/\/www.booksonthemove.fr\/en\/produit\/oskar-schlemmer-lettres-et-journaux\/","og_locale":"en_US","og_type":"article","og_title":"Oskar Schlemmer - Lettres et journaux - Books on the Move","og_description":"Auteur: Oskar Schlemmer, traduit de l'Allemand par Claude Rabant Editeur: Carta Blanca Editions, Paris (2014)  Broch\u00e9: 288 pages Langue: Fran\u00e7ais ISBN13: 978-2-9536129-1-2","og_url":"https:\/\/www.booksonthemove.fr\/en\/produit\/oskar-schlemmer-lettres-et-journaux\/","og_site_name":"Books on the Move","article_publisher":"https:\/\/www.facebook.com\/Librairiebooksonthemove\/","article_modified_time":"2026-03-08T17:53:09+00:00","og_image":[{"width":900,"height":1200,"url":"https:\/\/www.booksonthemove.fr\/media\/bom_1258_0.jpg","type":"image\/jpeg"}],"twitter_card":"summary_large_image","schema":{"@context":"https:\/\/schema.org","@graph":[{"@type":"WebPage","@id":"https:\/\/www.booksonthemove.fr\/en\/produit\/oskar-schlemmer-lettres-et-journaux\/","url":"https:\/\/www.booksonthemove.fr\/en\/produit\/oskar-schlemmer-lettres-et-journaux\/","name":"Oskar Schlemmer - Lettres et journaux - Books on the Move","isPartOf":{"@id":"https:\/\/www.booksonthemove.fr\/#website"},"primaryImageOfPage":{"@id":"https:\/\/www.booksonthemove.fr\/en\/produit\/oskar-schlemmer-lettres-et-journaux\/#primaryimage"},"image":{"@id":"https:\/\/www.booksonthemove.fr\/en\/produit\/oskar-schlemmer-lettres-et-journaux\/#primaryimage"},"thumbnailUrl":"https:\/\/www.booksonthemove.fr\/media\/bom_1258_0.jpg","datePublished":"2016-08-27T23:19:33+00:00","dateModified":"2026-03-08T17:53:09+00:00","breadcrumb":{"@id":"https:\/\/www.booksonthemove.fr\/en\/produit\/oskar-schlemmer-lettres-et-journaux\/#breadcrumb"},"inLanguage":"en-US","potentialAction":[{"@type":"ReadAction","target":["https:\/\/www.booksonthemove.fr\/en\/produit\/oskar-schlemmer-lettres-et-journaux\/"]}]},{"@type":"ImageObject","inLanguage":"en-US","@id":"https:\/\/www.booksonthemove.fr\/en\/produit\/oskar-schlemmer-lettres-et-journaux\/#primaryimage","url":"https:\/\/www.booksonthemove.fr\/media\/bom_1258_0.jpg","contentUrl":"https:\/\/www.booksonthemove.fr\/media\/bom_1258_0.jpg","width":900,"height":1200,"caption":"Oskar Schlemmer - Lettres et journaux"},{"@type":"BreadcrumbList","@id":"https:\/\/www.booksonthemove.fr\/en\/produit\/oskar-schlemmer-lettres-et-journaux\/#breadcrumb","itemListElement":[{"@type":"ListItem","position":1,"name":"Accueil","item":"https:\/\/www.booksonthemove.fr\/en\/"},{"@type":"ListItem","position":2,"name":"online store","item":"https:\/\/www.booksonthemove.fr\/en\/online-shop\/"},{"@type":"ListItem","position":3,"name":"Oskar Schlemmer &#8211; Lettres et journaux"}]},{"@type":"WebSite","@id":"https:\/\/www.booksonthemove.fr\/#website","url":"https:\/\/www.booksonthemove.fr\/","name":"Books on the Move","description":"librairie nomade - danse - mouvement - performance","publisher":{"@id":"https:\/\/www.booksonthemove.fr\/#organization"},"potentialAction":[{"@type":"SearchAction","target":{"@type":"EntryPoint","urlTemplate":"https:\/\/www.booksonthemove.fr\/?s={search_term_string}"},"query-input":{"@type":"PropertyValueSpecification","valueRequired":true,"valueName":"search_term_string"}}],"inLanguage":"en-US"},{"@type":"Organization","@id":"https:\/\/www.booksonthemove.fr\/#organization","name":"Books on the Move","url":"https:\/\/www.booksonthemove.fr\/","logo":{"@type":"ImageObject","inLanguage":"en-US","@id":"https:\/\/www.booksonthemove.fr\/#\/schema\/logo\/image\/","url":"https:\/\/www.booksonthemove.fr\/media\/logo-NB-400.jpg","contentUrl":"https:\/\/www.booksonthemove.fr\/media\/logo-NB-400.jpg","width":400,"height":143,"caption":"Books on the Move"},"image":{"@id":"https:\/\/www.booksonthemove.fr\/#\/schema\/logo\/image\/"},"sameAs":["https:\/\/www.facebook.com\/Librairiebooksonthemove\/"]}]}},"_links":{"self":[{"href":"https:\/\/www.booksonthemove.fr\/en\/wp-json\/wp\/v2\/product\/2857","targetHints":{"allow":["GET"]}}],"collection":[{"href":"https:\/\/www.booksonthemove.fr\/en\/wp-json\/wp\/v2\/product"}],"about":[{"href":"https:\/\/www.booksonthemove.fr\/en\/wp-json\/wp\/v2\/types\/product"}],"wp:featuredmedia":[{"embeddable":true,"href":"https:\/\/www.booksonthemove.fr\/en\/wp-json\/wp\/v2\/media\/1316"}],"wp:attachment":[{"href":"https:\/\/www.booksonthemove.fr\/en\/wp-json\/wp\/v2\/media?parent=2857"}],"wp:term":[{"taxonomy":"product_brand","embeddable":true,"href":"https:\/\/www.booksonthemove.fr\/en\/wp-json\/wp\/v2\/product_brand?post=2857"},{"taxonomy":"product_cat","embeddable":true,"href":"https:\/\/www.booksonthemove.fr\/en\/wp-json\/wp\/v2\/product_cat?post=2857"},{"taxonomy":"product_tag","embeddable":true,"href":"https:\/\/www.booksonthemove.fr\/en\/wp-json\/wp\/v2\/product_tag?post=2857"}],"curies":[{"name":"wp","href":"https:\/\/api.w.org\/{rel}","templated":true}]}}