{"id":2876,"date":"2016-08-28T11:15:35","date_gmt":"2016-08-28T09:15:35","guid":{"rendered":"https:\/\/www.booksonthemove.fr\/en\/product\/la-partition-choregraphique-outil-de-transmission-outil-dexploration\/"},"modified":"2025-05-23T11:03:55","modified_gmt":"2025-05-23T09:03:55","slug":"la-partition-choregraphique-outil-de-transmission-outil-dexploration","status":"publish","type":"product","link":"https:\/\/www.booksonthemove.fr\/en\/produit\/la-partition-choregraphique-outil-de-transmission-outil-dexploration\/","title":{"rendered":"La partition chor\u00e9graphique: outil de transmission, outil d&#8217;exploration"},"content":{"rendered":"<p>#01 Le croquis de parcours<\/p>\n<p>Que percevons-nous d&#8217;une danse quand notre regard s&#8217;attache \u00e0 n&#8217;en saisir que les traces laiss\u00e9es au sol par les circulations des danseurs?<br \/>\nOcculter les corps en mouvement et souligner, en les animant, la beaut\u00e9 des parcours et des chemins qui se c\u00f4toient, se croisent ou s&#8217;entrem\u00ealent, rend-il la danse moins humaine?<br \/>\nCe livre et ce DVD vous invitent \u00e0 traverser trois extraits d&#8217;\u0153uvres : <em>Air for the G String<\/em> de Doris humphrey (1928), <em>Sunrise of the Planetary Dream Collector<\/em> de Lucinda Childs (1998) et<em> Septet<\/em> de Merce Cunningham (1953), en s&#8217;attachant \u00e0 la lecture et \u00e0 l&#8217;analyse des croquis de parcours de leurs partitions \u00e9crites en cin\u00e9tographie Laban.<br \/>\nVous go\u00fbterez et appr\u00e9cierez le raffinement de chaque composition, rendue limpide et accessible, pour vous en inspirer et pour explorer.<\/p>\n<p>Cet outil p\u00e9dagogique con\u00e7u par No\u00eblle Simonet, directrice de la compagnie Labkine et professeur de notation Laban au Conservatoire national sup\u00e9rieur de musique et de danse de Paris, est destin\u00e9 aux danseurs amateurs en apprentissage, aux professeurs de danse ainsi qu&#8217;aux danseurs professionnels et chor\u00e9graphes ayant d\u00e9j\u00e0 eu ou non une approche du syst\u00e8me de notation Laban, ainsi qu&#8217;\u00e0 toute personne int\u00e9ress\u00e9e par le mouvement.<\/p>\n","protected":false},"excerpt":{"rendered":"<p><b>Auteur: <\/b> No\u00eblle Simonet<br \/>\n<b>Editeur: <\/b>Association ARTDIR-cie LABKINE (2013)<\/p>\n<p><strong>Broch\u00e9<\/strong>: 170 pages + DVD<br \/>\n<b>Langue: <\/b>Fran\u00e7ais<br \/>\n<strong>ISBN13:<\/strong> 978-2-955-24700-6<\/p>\n","protected":false},"featured_media":1270,"template":"","meta":[],"product_brand":[],"product_cat":[218,304,240,149,162,243,140],"product_tag":[],"class_list":{"0":"post-2876","1":"product","2":"type-product","3":"status-publish","4":"has-post-thumbnail","6":"product_cat-movement-analysis-notation-en","7":"product_cat-livres-avec-dvd-en","8":"product_cat-choreography-en","9":"product_cat-contemporary-dance-en","10":"product_cat-french-en","11":"product_cat-scores-en","12":"product_cat-education-dance-technique-en","14":"first","15":"instock","16":"purchasable","17":"product-type-simple"},"yoast_head":"<!-- This site is optimized with the Yoast SEO plugin v27.5 - https:\/\/yoast.com\/product\/yoast-seo-wordpress\/ -->\n<title>La partition chor\u00e9graphique: outil de transmission, outil d&#039;exploration - Books on the Move<\/title>\n<meta name=\"robots\" content=\"index, follow, max-snippet:-1, max-image-preview:large, max-video-preview:-1\" \/>\n<link rel=\"canonical\" href=\"https:\/\/www.booksonthemove.fr\/produit\/la-partition-choregraphique-outil-de-transmission-outil-dexploration\/\" \/>\n<meta property=\"og:locale\" content=\"en_US\" \/>\n<meta property=\"og:type\" content=\"article\" \/>\n<meta property=\"og:title\" content=\"La partition chor\u00e9graphique: outil de transmission, outil d&#039;exploration - Books on the Move\" \/>\n<meta property=\"og:description\" content=\"Auteur: No\u00eblle Simonet Editeur: Association ARTDIR-cie LABKINE (2013)  Broch\u00e9: 170 pages + DVD Langue: Fran\u00e7ais ISBN13: 978-2-955-24700-6\" \/>\n<meta property=\"og:url\" content=\"https:\/\/www.booksonthemove.fr\/produit\/la-partition-choregraphique-outil-de-transmission-outil-dexploration\/\" \/>\n<meta property=\"og:site_name\" content=\"Books on the Move\" \/>\n<meta property=\"article:publisher\" content=\"https:\/\/www.facebook.com\/Librairiebooksonthemove\/\" \/>\n<meta property=\"article:modified_time\" content=\"2025-05-23T09:03:55+00:00\" \/>\n<meta property=\"og:image\" content=\"https:\/\/www.booksonthemove.fr\/media\/bom_1231_0.jpg\" \/>\n\t<meta property=\"og:image:width\" content=\"900\" \/>\n\t<meta property=\"og:image:height\" content=\"1200\" \/>\n\t<meta property=\"og:image:type\" content=\"image\/jpeg\" \/>\n<meta name=\"twitter:card\" content=\"summary_large_image\" \/>\n<script type=\"application\/ld+json\" class=\"yoast-schema-graph\">{\"@context\":\"https:\\\/\\\/schema.org\",\"@graph\":[{\"@type\":\"WebPage\",\"@id\":\"https:\\\/\\\/www.booksonthemove.fr\\\/produit\\\/la-partition-choregraphique-outil-de-transmission-outil-dexploration\\\/\",\"url\":\"https:\\\/\\\/www.booksonthemove.fr\\\/produit\\\/la-partition-choregraphique-outil-de-transmission-outil-dexploration\\\/\",\"name\":\"La partition chor\u00e9graphique: outil de transmission, outil d'exploration - Books on the Move\",\"isPartOf\":{\"@id\":\"https:\\\/\\\/www.booksonthemove.fr\\\/#website\"},\"primaryImageOfPage\":{\"@id\":\"https:\\\/\\\/www.booksonthemove.fr\\\/produit\\\/la-partition-choregraphique-outil-de-transmission-outil-dexploration\\\/#primaryimage\"},\"image\":{\"@id\":\"https:\\\/\\\/www.booksonthemove.fr\\\/produit\\\/la-partition-choregraphique-outil-de-transmission-outil-dexploration\\\/#primaryimage\"},\"thumbnailUrl\":\"https:\\\/\\\/www.booksonthemove.fr\\\/media\\\/bom_1231_0.jpg\",\"datePublished\":\"2016-08-28T09:15:35+00:00\",\"dateModified\":\"2025-05-23T09:03:55+00:00\",\"breadcrumb\":{\"@id\":\"https:\\\/\\\/www.booksonthemove.fr\\\/produit\\\/la-partition-choregraphique-outil-de-transmission-outil-dexploration\\\/#breadcrumb\"},\"inLanguage\":\"en-US\",\"potentialAction\":[{\"@type\":\"ReadAction\",\"target\":[\"https:\\\/\\\/www.booksonthemove.fr\\\/produit\\\/la-partition-choregraphique-outil-de-transmission-outil-dexploration\\\/\"]}]},{\"@type\":\"ImageObject\",\"inLanguage\":\"en-US\",\"@id\":\"https:\\\/\\\/www.booksonthemove.fr\\\/produit\\\/la-partition-choregraphique-outil-de-transmission-outil-dexploration\\\/#primaryimage\",\"url\":\"https:\\\/\\\/www.booksonthemove.fr\\\/media\\\/bom_1231_0.jpg\",\"contentUrl\":\"https:\\\/\\\/www.booksonthemove.fr\\\/media\\\/bom_1231_0.jpg\",\"width\":900,\"height\":1200,\"caption\":\"La partition chor\u00e9graphique: outil de transmission\"},{\"@type\":\"BreadcrumbList\",\"@id\":\"https:\\\/\\\/www.booksonthemove.fr\\\/produit\\\/la-partition-choregraphique-outil-de-transmission-outil-dexploration\\\/#breadcrumb\",\"itemListElement\":[{\"@type\":\"ListItem\",\"position\":1,\"name\":\"Accueil\",\"item\":\"https:\\\/\\\/www.booksonthemove.fr\\\/en\\\/\"},{\"@type\":\"ListItem\",\"position\":2,\"name\":\"online store\",\"item\":\"https:\\\/\\\/www.booksonthemove.fr\\\/en\\\/online-shop\\\/\"},{\"@type\":\"ListItem\",\"position\":3,\"name\":\"La partition chor\u00e9graphique: outil de transmission, outil d&rsquo;exploration\"}]},{\"@type\":\"WebSite\",\"@id\":\"https:\\\/\\\/www.booksonthemove.fr\\\/#website\",\"url\":\"https:\\\/\\\/www.booksonthemove.fr\\\/\",\"name\":\"Books on the Move\",\"description\":\"librairie nomade - danse - mouvement - performance\",\"publisher\":{\"@id\":\"https:\\\/\\\/www.booksonthemove.fr\\\/#organization\"},\"potentialAction\":[{\"@type\":\"SearchAction\",\"target\":{\"@type\":\"EntryPoint\",\"urlTemplate\":\"https:\\\/\\\/www.booksonthemove.fr\\\/?s={search_term_string}\"},\"query-input\":{\"@type\":\"PropertyValueSpecification\",\"valueRequired\":true,\"valueName\":\"search_term_string\"}}],\"inLanguage\":\"en-US\"},{\"@type\":\"Organization\",\"@id\":\"https:\\\/\\\/www.booksonthemove.fr\\\/#organization\",\"name\":\"Books on the Move\",\"url\":\"https:\\\/\\\/www.booksonthemove.fr\\\/\",\"logo\":{\"@type\":\"ImageObject\",\"inLanguage\":\"en-US\",\"@id\":\"https:\\\/\\\/www.booksonthemove.fr\\\/#\\\/schema\\\/logo\\\/image\\\/\",\"url\":\"https:\\\/\\\/www.booksonthemove.fr\\\/media\\\/logo-NB-400.jpg\",\"contentUrl\":\"https:\\\/\\\/www.booksonthemove.fr\\\/media\\\/logo-NB-400.jpg\",\"width\":400,\"height\":143,\"caption\":\"Books on the Move\"},\"image\":{\"@id\":\"https:\\\/\\\/www.booksonthemove.fr\\\/#\\\/schema\\\/logo\\\/image\\\/\"},\"sameAs\":[\"https:\\\/\\\/www.facebook.com\\\/Librairiebooksonthemove\\\/\"]}]}<\/script>\n<!-- \/ Yoast SEO plugin. -->","yoast_head_json":{"title":"La partition chor\u00e9graphique: outil de transmission, outil d'exploration - Books on the Move","robots":{"index":"index","follow":"follow","max-snippet":"max-snippet:-1","max-image-preview":"max-image-preview:large","max-video-preview":"max-video-preview:-1"},"canonical":"https:\/\/www.booksonthemove.fr\/produit\/la-partition-choregraphique-outil-de-transmission-outil-dexploration\/","og_locale":"en_US","og_type":"article","og_title":"La partition chor\u00e9graphique: outil de transmission, outil d'exploration - Books on the Move","og_description":"Auteur: No\u00eblle Simonet Editeur: Association ARTDIR-cie LABKINE (2013)  Broch\u00e9: 170 pages + DVD Langue: Fran\u00e7ais ISBN13: 978-2-955-24700-6","og_url":"https:\/\/www.booksonthemove.fr\/produit\/la-partition-choregraphique-outil-de-transmission-outil-dexploration\/","og_site_name":"Books on the Move","article_publisher":"https:\/\/www.facebook.com\/Librairiebooksonthemove\/","article_modified_time":"2025-05-23T09:03:55+00:00","og_image":[{"width":900,"height":1200,"url":"https:\/\/www.booksonthemove.fr\/media\/bom_1231_0.jpg","type":"image\/jpeg"}],"twitter_card":"summary_large_image","schema":{"@context":"https:\/\/schema.org","@graph":[{"@type":"WebPage","@id":"https:\/\/www.booksonthemove.fr\/produit\/la-partition-choregraphique-outil-de-transmission-outil-dexploration\/","url":"https:\/\/www.booksonthemove.fr\/produit\/la-partition-choregraphique-outil-de-transmission-outil-dexploration\/","name":"La partition chor\u00e9graphique: outil de transmission, outil d'exploration - Books on the Move","isPartOf":{"@id":"https:\/\/www.booksonthemove.fr\/#website"},"primaryImageOfPage":{"@id":"https:\/\/www.booksonthemove.fr\/produit\/la-partition-choregraphique-outil-de-transmission-outil-dexploration\/#primaryimage"},"image":{"@id":"https:\/\/www.booksonthemove.fr\/produit\/la-partition-choregraphique-outil-de-transmission-outil-dexploration\/#primaryimage"},"thumbnailUrl":"https:\/\/www.booksonthemove.fr\/media\/bom_1231_0.jpg","datePublished":"2016-08-28T09:15:35+00:00","dateModified":"2025-05-23T09:03:55+00:00","breadcrumb":{"@id":"https:\/\/www.booksonthemove.fr\/produit\/la-partition-choregraphique-outil-de-transmission-outil-dexploration\/#breadcrumb"},"inLanguage":"en-US","potentialAction":[{"@type":"ReadAction","target":["https:\/\/www.booksonthemove.fr\/produit\/la-partition-choregraphique-outil-de-transmission-outil-dexploration\/"]}]},{"@type":"ImageObject","inLanguage":"en-US","@id":"https:\/\/www.booksonthemove.fr\/produit\/la-partition-choregraphique-outil-de-transmission-outil-dexploration\/#primaryimage","url":"https:\/\/www.booksonthemove.fr\/media\/bom_1231_0.jpg","contentUrl":"https:\/\/www.booksonthemove.fr\/media\/bom_1231_0.jpg","width":900,"height":1200,"caption":"La partition chor\u00e9graphique: outil de transmission"},{"@type":"BreadcrumbList","@id":"https:\/\/www.booksonthemove.fr\/produit\/la-partition-choregraphique-outil-de-transmission-outil-dexploration\/#breadcrumb","itemListElement":[{"@type":"ListItem","position":1,"name":"Accueil","item":"https:\/\/www.booksonthemove.fr\/en\/"},{"@type":"ListItem","position":2,"name":"online store","item":"https:\/\/www.booksonthemove.fr\/en\/online-shop\/"},{"@type":"ListItem","position":3,"name":"La partition chor\u00e9graphique: outil de transmission, outil d&rsquo;exploration"}]},{"@type":"WebSite","@id":"https:\/\/www.booksonthemove.fr\/#website","url":"https:\/\/www.booksonthemove.fr\/","name":"Books on the Move","description":"librairie nomade - danse - mouvement - performance","publisher":{"@id":"https:\/\/www.booksonthemove.fr\/#organization"},"potentialAction":[{"@type":"SearchAction","target":{"@type":"EntryPoint","urlTemplate":"https:\/\/www.booksonthemove.fr\/?s={search_term_string}"},"query-input":{"@type":"PropertyValueSpecification","valueRequired":true,"valueName":"search_term_string"}}],"inLanguage":"en-US"},{"@type":"Organization","@id":"https:\/\/www.booksonthemove.fr\/#organization","name":"Books on the Move","url":"https:\/\/www.booksonthemove.fr\/","logo":{"@type":"ImageObject","inLanguage":"en-US","@id":"https:\/\/www.booksonthemove.fr\/#\/schema\/logo\/image\/","url":"https:\/\/www.booksonthemove.fr\/media\/logo-NB-400.jpg","contentUrl":"https:\/\/www.booksonthemove.fr\/media\/logo-NB-400.jpg","width":400,"height":143,"caption":"Books on the Move"},"image":{"@id":"https:\/\/www.booksonthemove.fr\/#\/schema\/logo\/image\/"},"sameAs":["https:\/\/www.facebook.com\/Librairiebooksonthemove\/"]}]}},"_links":{"self":[{"href":"https:\/\/www.booksonthemove.fr\/en\/wp-json\/wp\/v2\/product\/2876","targetHints":{"allow":["GET"]}}],"collection":[{"href":"https:\/\/www.booksonthemove.fr\/en\/wp-json\/wp\/v2\/product"}],"about":[{"href":"https:\/\/www.booksonthemove.fr\/en\/wp-json\/wp\/v2\/types\/product"}],"wp:featuredmedia":[{"embeddable":true,"href":"https:\/\/www.booksonthemove.fr\/en\/wp-json\/wp\/v2\/media\/1270"}],"wp:attachment":[{"href":"https:\/\/www.booksonthemove.fr\/en\/wp-json\/wp\/v2\/media?parent=2876"}],"wp:term":[{"taxonomy":"product_brand","embeddable":true,"href":"https:\/\/www.booksonthemove.fr\/en\/wp-json\/wp\/v2\/product_brand?post=2876"},{"taxonomy":"product_cat","embeddable":true,"href":"https:\/\/www.booksonthemove.fr\/en\/wp-json\/wp\/v2\/product_cat?post=2876"},{"taxonomy":"product_tag","embeddable":true,"href":"https:\/\/www.booksonthemove.fr\/en\/wp-json\/wp\/v2\/product_tag?post=2876"}],"curies":[{"name":"wp","href":"https:\/\/api.w.org\/{rel}","templated":true}]}}