{"id":2892,"date":"2016-08-28T01:58:31","date_gmt":"2016-08-27T23:58:31","guid":{"rendered":"https:\/\/www.booksonthemove.fr\/en\/product\/bewegungen-zwischen-horen-und-sehen-denkbewegungen-uber-bewegungskunste\/"},"modified":"2020-04-18T12:38:43","modified_gmt":"2020-04-18T10:38:43","slug":"bewegungen-zwischen-horen-und-sehen-denkbewegungen-uber-bewegungskunste","status":"publish","type":"product","link":"https:\/\/www.booksonthemove.fr\/en\/produit\/bewegungen-zwischen-horen-und-sehen-denkbewegungen-uber-bewegungskunste\/","title":{"rendered":"Bewegungen zwischen H\u00f6ren und Sehen &#8211; Denkbewegungen \u00fcber Bewegungsk\u00fcnste"},"content":{"rendered":"<p>Von der \u00dcberlegung ausgehend, dass in s\u00e4mtlichen k\u00fcnstlerischen Darstellungsformen, die auf Musik oder Kl\u00e4nge zur\u00fcckgreifen, akustische und optische Bewegungen miteinander inter\u00acagie\u00acren, dialogisieren oder auch konkurrieren, stellt sich die Herausforderung, diesen Bewegungen in ihren sicht- und h\u00f6rbaren Gestaltungen ebenso nachzugehen wie den ihnen zugrunde liegenden emotionalen und imagin\u00e4ren Bewegungen. Auf der Basis von Beispielen aus dem Bereich des Musik- und Tanztheaters im weiteren Sinne, der Performance- Art, der Filmkunst und des k\u00fcnstleri\u00acschen Umgangs mit Neue Medien sollen daher \u2013 jenseits eindeutiger Gattungsgrenzen, statt\u00acdessen mit Blick auf den grenz\u00fcberschreitenden Charakter unterschiedlicher Genres \u2013 auch wahrnehmungs\u00e4sthetische Aspekte vielf\u00e4ltigster Bewegungsdimensionen thematisiert werden. Von besonderem Interesse ist dabei, wie sich das H\u00f6ren von Musik durch das Sehen von Bewegungen ver\u00e4ndert (und umgekehrt) und inwiefern bei der Perzeption h\u00f6r- und sichtbarer Bewegungen neue Bewegungen zwischen dem H\u00f6ren und Sehen entstehen k\u00f6nnen. Schlie\u00dflich dr\u00e4ngt sich in diesem Zusammenhang die Frage auf, inwiefern sich neben dem syn\u00e4sthetischen H\u00f6ren auch ein kin\u00e4sthetisches H\u00f6ren nachweisen l\u00e4sst, das Musik als k\u00f6rperliche, aber nicht zwangsl\u00e4ufi g sichtbare Bewegung begreift. Vor diesem Hintergrund er\u00f6ffnet sich eine Methodendiskussion, die nicht nur den Verk\u00f6rperungen von Musik durch Interpreten (Musiker, T\u00e4nzer, Schauspieler, Performer, Filmregisseure, Medienk\u00fcnstler etc.), sondern auch der K\u00f6rperlichkeit von Musik selbst \u00fcber den Bewegungsaspekt n\u00e4her zu kommen sucht. H\u00f6r- und sichtbare, aber auch kaum noch oder nicht mehr h\u00f6r- und sichtbare Bewegungen bilden einen idealen Bezugspunkt, um musik-, tanz-, theater-, fi lm- und medienwissenschaftliche Analysemodelle einander gegen\u00fcberzustellen und auf ihr Potenzial zur Untersuchung des Wechselspiels akustischer und optischer Bewegungen zu befragen. \u00dcber vierzig Wissenschaftler aus dem In- und Ausland referierten hierzu auf einer Konferenz, in deren Zentrum die implizite oder explizite Performativit\u00e4t von Musik stand. Die Herausgeberin Stephanie Schroedter arbeitet an der Schnittstelle von Tanz\/Bewegung und Musik\/Klang: Neben Wechselbeziehungen zwischen diesen Bewegungsk\u00fcnsten in soziokulturellen Kontexten unterschiedlicher R\u00e4ume und Zeiten befasst sie sich mit audio-\/visuellen Bewegungsinteraktionen im Tanz- und Musik\u00ac\u00actheater, in zeitgen\u00f6ssischen Performances, im Film und in den Neuen Medien aus einer auff\u00fchrungsanalytischen wie \u00e4sthetischen Perspektive.<\/p>\n<p>All performing arts that incorporate movement and that use music, sound, and noise are characterized by an interchange between acoustical and visible movement that is not only the result of emotive and imaginary processes but also generates them. Examples from the fields of dance and music theatre, performance art, cinema, new media-audible and visible, but also barely audible and invisible &#8211; form the core of the material. Just how hearing actually changes seeing (and vice versa), and just how the ways of perceiving sound and of seeing can create new kinds of interactions among the senses is of particular interest. More than forty scholars from Germany and abroad examined these issues at a conference, the focus of which was the implicit or explicit performativity of music &#8211; in motion and as motion.<\/p>\n<p>Mit Beitr\u00e4gen von\/Contributors: Anne Do Pa\u00e7o, Stephanie Schroedter, Gabrielle Brandstetter, Allen Fogelsanger &amp; Kathleya Afanador, Lawrence Zbikowski, Helen Julia Minors, Adrienne Brown, Jin Hyun Kim, Stephanie Jordan, Philippe Guisgand, Gerald Siegmund, Hans-Friedrich Bormann, Julia H. Schr\u00f6der, Christa Br\u00fcstle, Bettina Brandl-Risi, Matthias Rebstock, Katja Schneider, Hanno Siepmann, Ivana Rentsch, Martin G\u00fcnther, Marian Smith, Janice Ross, Monika Woitas &amp; Annette Hartmann, Konrad Landreh, Andreas M\u00fcnzmay, Steffen A. Schmidt, Sieghart D\u00f6hring, Bernd Hoffmann, Silke Martin, Hanna Walsdorf, Claudia Rosiny, Nina Noeske, Yvon Bonenfant, David Roesner, Melanie Fritsch.<\/p>\n","protected":false},"excerpt":{"rendered":"<p><b>Hg.: <\/b> Stephanie Schroedter<br \/>\n<strong>Verlag:<\/strong> Verlag K\u00f6nigshausen, Neumann (2012)<\/p>\n<p><b>Paperback: <\/b>636 Seiten<br \/>\n<b>Sprache: <\/b>Deutsch, Englisch<br \/>\n<strong>ISBN13:<\/strong> 978-3-8260-4744-2<\/p>\n","protected":false},"featured_media":1222,"template":"","meta":[],"product_brand":[],"product_cat":[167,135,249,146,200,152,283],"product_tag":[],"class_list":{"0":"post-2892","1":"product","2":"type-product","3":"status-publish","4":"has-post-thumbnail","6":"product_cat-german-en","7":"product_cat-english-en","8":"product_cat-danse-theatre-en","9":"product_cat-theoretical-texts-en","10":"product_cat-music-en","11":"product_cat-performance-en","12":"product_cat-sound-art","14":"first","15":"instock","16":"purchasable","17":"product-type-simple"},"yoast_head":"<!-- This site is optimized with the Yoast SEO plugin v27.4 - https:\/\/yoast.com\/product\/yoast-seo-wordpress\/ -->\n<title>Bewegungen zwischen H\u00f6ren und Sehen - Denkbewegungen \u00fcber Bewegungsk\u00fcnste - Books on the Move<\/title>\n<meta name=\"robots\" content=\"index, follow, max-snippet:-1, max-image-preview:large, max-video-preview:-1\" \/>\n<link rel=\"canonical\" href=\"https:\/\/www.booksonthemove.fr\/en\/produit\/bewegungen-zwischen-horen-und-sehen-denkbewegungen-uber-bewegungskunste\/\" \/>\n<meta property=\"og:locale\" content=\"en_US\" \/>\n<meta property=\"og:type\" content=\"article\" \/>\n<meta property=\"og:title\" content=\"Bewegungen zwischen H\u00f6ren und Sehen - Denkbewegungen \u00fcber Bewegungsk\u00fcnste - Books on the Move\" \/>\n<meta property=\"og:description\" content=\"Hg.: Stephanie Schroedter Verlag: Verlag K\u00f6nigshausen, Neumann (2012)  Paperback: 636 Seiten Sprache: Deutsch, Englisch ISBN13: 978-3-8260-4744-2\" \/>\n<meta property=\"og:url\" content=\"https:\/\/www.booksonthemove.fr\/en\/produit\/bewegungen-zwischen-horen-und-sehen-denkbewegungen-uber-bewegungskunste\/\" \/>\n<meta property=\"og:site_name\" content=\"Books on the Move\" \/>\n<meta property=\"article:publisher\" content=\"https:\/\/www.facebook.com\/Librairiebooksonthemove\/\" \/>\n<meta property=\"article:modified_time\" content=\"2020-04-18T10:38:43+00:00\" \/>\n<meta property=\"og:image\" content=\"https:\/\/www.booksonthemove.fr\/media\/bom_1189_0.jpg\" \/>\n\t<meta property=\"og:image:width\" content=\"900\" \/>\n\t<meta property=\"og:image:height\" content=\"1377\" \/>\n\t<meta property=\"og:image:type\" content=\"image\/jpeg\" \/>\n<meta name=\"twitter:card\" content=\"summary_large_image\" \/>\n<script type=\"application\/ld+json\" class=\"yoast-schema-graph\">{\"@context\":\"https:\\\/\\\/schema.org\",\"@graph\":[{\"@type\":\"WebPage\",\"@id\":\"https:\\\/\\\/www.booksonthemove.fr\\\/en\\\/produit\\\/bewegungen-zwischen-horen-und-sehen-denkbewegungen-uber-bewegungskunste\\\/\",\"url\":\"https:\\\/\\\/www.booksonthemove.fr\\\/en\\\/produit\\\/bewegungen-zwischen-horen-und-sehen-denkbewegungen-uber-bewegungskunste\\\/\",\"name\":\"Bewegungen zwischen H\u00f6ren und Sehen - Denkbewegungen \u00fcber Bewegungsk\u00fcnste - Books on the Move\",\"isPartOf\":{\"@id\":\"https:\\\/\\\/www.booksonthemove.fr\\\/#website\"},\"primaryImageOfPage\":{\"@id\":\"https:\\\/\\\/www.booksonthemove.fr\\\/en\\\/produit\\\/bewegungen-zwischen-horen-und-sehen-denkbewegungen-uber-bewegungskunste\\\/#primaryimage\"},\"image\":{\"@id\":\"https:\\\/\\\/www.booksonthemove.fr\\\/en\\\/produit\\\/bewegungen-zwischen-horen-und-sehen-denkbewegungen-uber-bewegungskunste\\\/#primaryimage\"},\"thumbnailUrl\":\"https:\\\/\\\/www.booksonthemove.fr\\\/media\\\/bom_1189_0.jpg\",\"datePublished\":\"2016-08-27T23:58:31+00:00\",\"dateModified\":\"2020-04-18T10:38:43+00:00\",\"breadcrumb\":{\"@id\":\"https:\\\/\\\/www.booksonthemove.fr\\\/en\\\/produit\\\/bewegungen-zwischen-horen-und-sehen-denkbewegungen-uber-bewegungskunste\\\/#breadcrumb\"},\"inLanguage\":\"en-US\",\"potentialAction\":[{\"@type\":\"ReadAction\",\"target\":[\"https:\\\/\\\/www.booksonthemove.fr\\\/en\\\/produit\\\/bewegungen-zwischen-horen-und-sehen-denkbewegungen-uber-bewegungskunste\\\/\"]}]},{\"@type\":\"ImageObject\",\"inLanguage\":\"en-US\",\"@id\":\"https:\\\/\\\/www.booksonthemove.fr\\\/en\\\/produit\\\/bewegungen-zwischen-horen-und-sehen-denkbewegungen-uber-bewegungskunste\\\/#primaryimage\",\"url\":\"https:\\\/\\\/www.booksonthemove.fr\\\/media\\\/bom_1189_0.jpg\",\"contentUrl\":\"https:\\\/\\\/www.booksonthemove.fr\\\/media\\\/bom_1189_0.jpg\",\"width\":900,\"height\":1377,\"caption\":\"Bewegungen zwischen H\u00f6ren und Sehen - Denkbewegungen \u00fcber Bewegungsk\u00fcnste\"},{\"@type\":\"BreadcrumbList\",\"@id\":\"https:\\\/\\\/www.booksonthemove.fr\\\/en\\\/produit\\\/bewegungen-zwischen-horen-und-sehen-denkbewegungen-uber-bewegungskunste\\\/#breadcrumb\",\"itemListElement\":[{\"@type\":\"ListItem\",\"position\":1,\"name\":\"Accueil\",\"item\":\"https:\\\/\\\/www.booksonthemove.fr\\\/en\\\/\"},{\"@type\":\"ListItem\",\"position\":2,\"name\":\"online store\",\"item\":\"https:\\\/\\\/www.booksonthemove.fr\\\/en\\\/online-shop\\\/\"},{\"@type\":\"ListItem\",\"position\":3,\"name\":\"Bewegungen zwischen H\u00f6ren und Sehen &#8211; Denkbewegungen \u00fcber Bewegungsk\u00fcnste\"}]},{\"@type\":\"WebSite\",\"@id\":\"https:\\\/\\\/www.booksonthemove.fr\\\/#website\",\"url\":\"https:\\\/\\\/www.booksonthemove.fr\\\/\",\"name\":\"Books on the Move\",\"description\":\"librairie nomade - danse - mouvement - performance\",\"publisher\":{\"@id\":\"https:\\\/\\\/www.booksonthemove.fr\\\/#organization\"},\"potentialAction\":[{\"@type\":\"SearchAction\",\"target\":{\"@type\":\"EntryPoint\",\"urlTemplate\":\"https:\\\/\\\/www.booksonthemove.fr\\\/?s={search_term_string}\"},\"query-input\":{\"@type\":\"PropertyValueSpecification\",\"valueRequired\":true,\"valueName\":\"search_term_string\"}}],\"inLanguage\":\"en-US\"},{\"@type\":\"Organization\",\"@id\":\"https:\\\/\\\/www.booksonthemove.fr\\\/#organization\",\"name\":\"Books on the Move\",\"url\":\"https:\\\/\\\/www.booksonthemove.fr\\\/\",\"logo\":{\"@type\":\"ImageObject\",\"inLanguage\":\"en-US\",\"@id\":\"https:\\\/\\\/www.booksonthemove.fr\\\/#\\\/schema\\\/logo\\\/image\\\/\",\"url\":\"https:\\\/\\\/www.booksonthemove.fr\\\/media\\\/logo-NB-400.jpg\",\"contentUrl\":\"https:\\\/\\\/www.booksonthemove.fr\\\/media\\\/logo-NB-400.jpg\",\"width\":400,\"height\":143,\"caption\":\"Books on the Move\"},\"image\":{\"@id\":\"https:\\\/\\\/www.booksonthemove.fr\\\/#\\\/schema\\\/logo\\\/image\\\/\"},\"sameAs\":[\"https:\\\/\\\/www.facebook.com\\\/Librairiebooksonthemove\\\/\"]}]}<\/script>\n<!-- \/ Yoast SEO plugin. -->","yoast_head_json":{"title":"Bewegungen zwischen H\u00f6ren und Sehen - Denkbewegungen \u00fcber Bewegungsk\u00fcnste - Books on the Move","robots":{"index":"index","follow":"follow","max-snippet":"max-snippet:-1","max-image-preview":"max-image-preview:large","max-video-preview":"max-video-preview:-1"},"canonical":"https:\/\/www.booksonthemove.fr\/en\/produit\/bewegungen-zwischen-horen-und-sehen-denkbewegungen-uber-bewegungskunste\/","og_locale":"en_US","og_type":"article","og_title":"Bewegungen zwischen H\u00f6ren und Sehen - Denkbewegungen \u00fcber Bewegungsk\u00fcnste - Books on the Move","og_description":"Hg.: Stephanie Schroedter Verlag: Verlag K\u00f6nigshausen, Neumann (2012)  Paperback: 636 Seiten Sprache: Deutsch, Englisch ISBN13: 978-3-8260-4744-2","og_url":"https:\/\/www.booksonthemove.fr\/en\/produit\/bewegungen-zwischen-horen-und-sehen-denkbewegungen-uber-bewegungskunste\/","og_site_name":"Books on the Move","article_publisher":"https:\/\/www.facebook.com\/Librairiebooksonthemove\/","article_modified_time":"2020-04-18T10:38:43+00:00","og_image":[{"width":900,"height":1377,"url":"https:\/\/www.booksonthemove.fr\/media\/bom_1189_0.jpg","type":"image\/jpeg"}],"twitter_card":"summary_large_image","schema":{"@context":"https:\/\/schema.org","@graph":[{"@type":"WebPage","@id":"https:\/\/www.booksonthemove.fr\/en\/produit\/bewegungen-zwischen-horen-und-sehen-denkbewegungen-uber-bewegungskunste\/","url":"https:\/\/www.booksonthemove.fr\/en\/produit\/bewegungen-zwischen-horen-und-sehen-denkbewegungen-uber-bewegungskunste\/","name":"Bewegungen zwischen H\u00f6ren und Sehen - Denkbewegungen \u00fcber Bewegungsk\u00fcnste - Books on the Move","isPartOf":{"@id":"https:\/\/www.booksonthemove.fr\/#website"},"primaryImageOfPage":{"@id":"https:\/\/www.booksonthemove.fr\/en\/produit\/bewegungen-zwischen-horen-und-sehen-denkbewegungen-uber-bewegungskunste\/#primaryimage"},"image":{"@id":"https:\/\/www.booksonthemove.fr\/en\/produit\/bewegungen-zwischen-horen-und-sehen-denkbewegungen-uber-bewegungskunste\/#primaryimage"},"thumbnailUrl":"https:\/\/www.booksonthemove.fr\/media\/bom_1189_0.jpg","datePublished":"2016-08-27T23:58:31+00:00","dateModified":"2020-04-18T10:38:43+00:00","breadcrumb":{"@id":"https:\/\/www.booksonthemove.fr\/en\/produit\/bewegungen-zwischen-horen-und-sehen-denkbewegungen-uber-bewegungskunste\/#breadcrumb"},"inLanguage":"en-US","potentialAction":[{"@type":"ReadAction","target":["https:\/\/www.booksonthemove.fr\/en\/produit\/bewegungen-zwischen-horen-und-sehen-denkbewegungen-uber-bewegungskunste\/"]}]},{"@type":"ImageObject","inLanguage":"en-US","@id":"https:\/\/www.booksonthemove.fr\/en\/produit\/bewegungen-zwischen-horen-und-sehen-denkbewegungen-uber-bewegungskunste\/#primaryimage","url":"https:\/\/www.booksonthemove.fr\/media\/bom_1189_0.jpg","contentUrl":"https:\/\/www.booksonthemove.fr\/media\/bom_1189_0.jpg","width":900,"height":1377,"caption":"Bewegungen zwischen H\u00f6ren und Sehen - Denkbewegungen \u00fcber Bewegungsk\u00fcnste"},{"@type":"BreadcrumbList","@id":"https:\/\/www.booksonthemove.fr\/en\/produit\/bewegungen-zwischen-horen-und-sehen-denkbewegungen-uber-bewegungskunste\/#breadcrumb","itemListElement":[{"@type":"ListItem","position":1,"name":"Accueil","item":"https:\/\/www.booksonthemove.fr\/en\/"},{"@type":"ListItem","position":2,"name":"online store","item":"https:\/\/www.booksonthemove.fr\/en\/online-shop\/"},{"@type":"ListItem","position":3,"name":"Bewegungen zwischen H\u00f6ren und Sehen &#8211; Denkbewegungen \u00fcber Bewegungsk\u00fcnste"}]},{"@type":"WebSite","@id":"https:\/\/www.booksonthemove.fr\/#website","url":"https:\/\/www.booksonthemove.fr\/","name":"Books on the Move","description":"librairie nomade - danse - mouvement - performance","publisher":{"@id":"https:\/\/www.booksonthemove.fr\/#organization"},"potentialAction":[{"@type":"SearchAction","target":{"@type":"EntryPoint","urlTemplate":"https:\/\/www.booksonthemove.fr\/?s={search_term_string}"},"query-input":{"@type":"PropertyValueSpecification","valueRequired":true,"valueName":"search_term_string"}}],"inLanguage":"en-US"},{"@type":"Organization","@id":"https:\/\/www.booksonthemove.fr\/#organization","name":"Books on the Move","url":"https:\/\/www.booksonthemove.fr\/","logo":{"@type":"ImageObject","inLanguage":"en-US","@id":"https:\/\/www.booksonthemove.fr\/#\/schema\/logo\/image\/","url":"https:\/\/www.booksonthemove.fr\/media\/logo-NB-400.jpg","contentUrl":"https:\/\/www.booksonthemove.fr\/media\/logo-NB-400.jpg","width":400,"height":143,"caption":"Books on the Move"},"image":{"@id":"https:\/\/www.booksonthemove.fr\/#\/schema\/logo\/image\/"},"sameAs":["https:\/\/www.facebook.com\/Librairiebooksonthemove\/"]}]}},"_links":{"self":[{"href":"https:\/\/www.booksonthemove.fr\/en\/wp-json\/wp\/v2\/product\/2892","targetHints":{"allow":["GET"]}}],"collection":[{"href":"https:\/\/www.booksonthemove.fr\/en\/wp-json\/wp\/v2\/product"}],"about":[{"href":"https:\/\/www.booksonthemove.fr\/en\/wp-json\/wp\/v2\/types\/product"}],"wp:featuredmedia":[{"embeddable":true,"href":"https:\/\/www.booksonthemove.fr\/en\/wp-json\/wp\/v2\/media\/1222"}],"wp:attachment":[{"href":"https:\/\/www.booksonthemove.fr\/en\/wp-json\/wp\/v2\/media?parent=2892"}],"wp:term":[{"taxonomy":"product_brand","embeddable":true,"href":"https:\/\/www.booksonthemove.fr\/en\/wp-json\/wp\/v2\/product_brand?post=2892"},{"taxonomy":"product_cat","embeddable":true,"href":"https:\/\/www.booksonthemove.fr\/en\/wp-json\/wp\/v2\/product_cat?post=2892"},{"taxonomy":"product_tag","embeddable":true,"href":"https:\/\/www.booksonthemove.fr\/en\/wp-json\/wp\/v2\/product_tag?post=2892"}],"curies":[{"name":"wp","href":"https:\/\/api.w.org\/{rel}","templated":true}]}}