{"id":28936,"date":"2021-01-29T00:05:21","date_gmt":"2021-01-28T23:05:21","guid":{"rendered":"https:\/\/www.booksonthemove.fr\/produit\/tout-a-danser-sepuise\/"},"modified":"2021-12-09T07:44:14","modified_gmt":"2021-12-09T06:44:14","slug":"tout-a-danser-sepuise","status":"publish","type":"product","link":"https:\/\/www.booksonthemove.fr\/en\/produit\/tout-a-danser-sepuise\/","title":{"rendered":"Tout \u00e0 danser s\u2019\u00e9puise"},"content":{"rendered":"<p>Prenant comme point de d\u00e9part un ensemble de critiques de spectacles de danse, de performances ou d\u2019expositions, r\u00e9dig\u00e9es par Florian Gait\u00e9 entre 2015 et 2020, cet ouvrage a pour objet l\u2019\u00e9puisement des corps, \u00e9tudi\u00e9 \u00e0 travers diff\u00e9rentes repr\u00e9sentations de l\u2019\u00e9reintement et de la fatigue. Il propose simultan\u00e9ment d\u2019observer les formes que peut prendre cet abattement une fois transpos\u00e9 en une chor\u00e9graphie et de r\u00e9fl\u00e9chir \u00e0 ce que les soci\u00e9t\u00e9s n\u00e9olib\u00e9rales actuelles font aux corps. Pos\u00e9e en regard d\u2019une analyse de la modernit\u00e9 comme injonction toujours plus forte \u00e0 vivre intens\u00e9ment, ce livre r\u00e9pond au besoin de comprendre en quoi la danse contemporaine \u2013 aux c\u00f4t\u00e9s d\u2019autres formes comparables, notamment la performance \u2013 traduit l\u2019emballement de nos rythmes de vie tout en constituant un moyen d\u2019y r\u00e9sister. L\u2019ouvrage est compos\u00e9 d\u2019essais et de critiques de spectacles (notamment de Jan Martens, La Ribot, J\u00e9r\u00f4me Bel, No\u00e9 Soulier) et de performances (\u00c9milie Pitoiset, Julien Pr\u00e9vieux, Davide Balula).<\/p>\n","protected":false},"excerpt":{"rendered":"<p><strong>Auteur :<\/strong> Florian Gait\u00e9<br \/>\n<strong>Editeurs :<\/strong> Sombres torrents\u00a0&amp; le Centre national des arts plastiques\u00a0(2021)<\/p>\n<p><strong>Broch\u00e9 :<\/strong> 76 pages<br \/>\n<strong>Langue :<\/strong> Fran\u00e7ais<br \/>\n<strong>ISBN13 :<\/strong> 978-2-490241-03-3<\/p>\n","protected":false},"featured_media":28935,"template":"","meta":[],"product_brand":[],"product_cat":[161,227,162],"product_tag":[493,494],"class_list":{"0":"post-28936","1":"product","2":"type-product","3":"status-publish","4":"has-post-thumbnail","6":"product_cat-dance-criticism-en","7":"product_cat-essays-en","8":"product_cat-french-en","9":"product_tag-critique-de-danse-en","10":"product_tag-florian-gaite-en","12":"first","13":"outofstock","14":"taxable","15":"shipping-taxable","16":"purchasable","17":"product-type-simple"},"yoast_head":"<!-- This site is optimized with the Yoast SEO plugin v27.4 - https:\/\/yoast.com\/product\/yoast-seo-wordpress\/ -->\n<title>Tout \u00e0 danser s\u2019\u00e9puise - Books on the Move<\/title>\n<meta name=\"robots\" content=\"index, follow, max-snippet:-1, max-image-preview:large, max-video-preview:-1\" \/>\n<link rel=\"canonical\" href=\"https:\/\/www.booksonthemove.fr\/en\/produit\/tout-a-danser-sepuise\/\" \/>\n<meta property=\"og:locale\" content=\"en_US\" \/>\n<meta property=\"og:type\" content=\"article\" \/>\n<meta property=\"og:title\" content=\"Tout \u00e0 danser s\u2019\u00e9puise - Books on the Move\" \/>\n<meta property=\"og:description\" content=\"Auteur : Florian Gait\u00e9 Editeurs : Sombres torrents\u00a0&amp; le Centre national des arts plastiques\u00a0(2021)  Broch\u00e9 : 76 pages Langue : Fran\u00e7ais ISBN13 : 978-2-490241-03-3\" \/>\n<meta property=\"og:url\" content=\"https:\/\/www.booksonthemove.fr\/en\/produit\/tout-a-danser-sepuise\/\" \/>\n<meta property=\"og:site_name\" content=\"Books on the Move\" \/>\n<meta property=\"article:publisher\" content=\"https:\/\/www.facebook.com\/Librairiebooksonthemove\/\" \/>\n<meta property=\"article:modified_time\" content=\"2021-12-09T06:44:14+00:00\" \/>\n<meta property=\"og:image\" content=\"https:\/\/www.booksonthemove.fr\/media\/bom_2274.jpg\" \/>\n\t<meta property=\"og:image:width\" content=\"900\" \/>\n\t<meta property=\"og:image:height\" content=\"1400\" \/>\n\t<meta property=\"og:image:type\" content=\"image\/jpeg\" \/>\n<meta name=\"twitter:card\" content=\"summary_large_image\" \/>\n<script type=\"application\/ld+json\" class=\"yoast-schema-graph\">{\"@context\":\"https:\\\/\\\/schema.org\",\"@graph\":[{\"@type\":\"WebPage\",\"@id\":\"https:\\\/\\\/www.booksonthemove.fr\\\/en\\\/produit\\\/tout-a-danser-sepuise\\\/\",\"url\":\"https:\\\/\\\/www.booksonthemove.fr\\\/en\\\/produit\\\/tout-a-danser-sepuise\\\/\",\"name\":\"Tout \u00e0 danser s\u2019\u00e9puise - Books on the Move\",\"isPartOf\":{\"@id\":\"https:\\\/\\\/www.booksonthemove.fr\\\/#website\"},\"primaryImageOfPage\":{\"@id\":\"https:\\\/\\\/www.booksonthemove.fr\\\/en\\\/produit\\\/tout-a-danser-sepuise\\\/#primaryimage\"},\"image\":{\"@id\":\"https:\\\/\\\/www.booksonthemove.fr\\\/en\\\/produit\\\/tout-a-danser-sepuise\\\/#primaryimage\"},\"thumbnailUrl\":\"https:\\\/\\\/www.booksonthemove.fr\\\/media\\\/bom_2274.jpg\",\"datePublished\":\"2021-01-28T23:05:21+00:00\",\"dateModified\":\"2021-12-09T06:44:14+00:00\",\"breadcrumb\":{\"@id\":\"https:\\\/\\\/www.booksonthemove.fr\\\/en\\\/produit\\\/tout-a-danser-sepuise\\\/#breadcrumb\"},\"inLanguage\":\"en-US\",\"potentialAction\":[{\"@type\":\"ReadAction\",\"target\":[\"https:\\\/\\\/www.booksonthemove.fr\\\/en\\\/produit\\\/tout-a-danser-sepuise\\\/\"]}]},{\"@type\":\"ImageObject\",\"inLanguage\":\"en-US\",\"@id\":\"https:\\\/\\\/www.booksonthemove.fr\\\/en\\\/produit\\\/tout-a-danser-sepuise\\\/#primaryimage\",\"url\":\"https:\\\/\\\/www.booksonthemove.fr\\\/media\\\/bom_2274.jpg\",\"contentUrl\":\"https:\\\/\\\/www.booksonthemove.fr\\\/media\\\/bom_2274.jpg\",\"width\":900,\"height\":1400},{\"@type\":\"BreadcrumbList\",\"@id\":\"https:\\\/\\\/www.booksonthemove.fr\\\/en\\\/produit\\\/tout-a-danser-sepuise\\\/#breadcrumb\",\"itemListElement\":[{\"@type\":\"ListItem\",\"position\":1,\"name\":\"Accueil\",\"item\":\"https:\\\/\\\/www.booksonthemove.fr\\\/en\\\/\"},{\"@type\":\"ListItem\",\"position\":2,\"name\":\"online store\",\"item\":\"https:\\\/\\\/www.booksonthemove.fr\\\/en\\\/online-shop\\\/\"},{\"@type\":\"ListItem\",\"position\":3,\"name\":\"Tout \u00e0 danser s\u2019\u00e9puise\"}]},{\"@type\":\"WebSite\",\"@id\":\"https:\\\/\\\/www.booksonthemove.fr\\\/#website\",\"url\":\"https:\\\/\\\/www.booksonthemove.fr\\\/\",\"name\":\"Books on the Move\",\"description\":\"librairie nomade - danse - mouvement - performance\",\"publisher\":{\"@id\":\"https:\\\/\\\/www.booksonthemove.fr\\\/#organization\"},\"potentialAction\":[{\"@type\":\"SearchAction\",\"target\":{\"@type\":\"EntryPoint\",\"urlTemplate\":\"https:\\\/\\\/www.booksonthemove.fr\\\/?s={search_term_string}\"},\"query-input\":{\"@type\":\"PropertyValueSpecification\",\"valueRequired\":true,\"valueName\":\"search_term_string\"}}],\"inLanguage\":\"en-US\"},{\"@type\":\"Organization\",\"@id\":\"https:\\\/\\\/www.booksonthemove.fr\\\/#organization\",\"name\":\"Books on the Move\",\"url\":\"https:\\\/\\\/www.booksonthemove.fr\\\/\",\"logo\":{\"@type\":\"ImageObject\",\"inLanguage\":\"en-US\",\"@id\":\"https:\\\/\\\/www.booksonthemove.fr\\\/#\\\/schema\\\/logo\\\/image\\\/\",\"url\":\"https:\\\/\\\/www.booksonthemove.fr\\\/media\\\/logo-NB-400.jpg\",\"contentUrl\":\"https:\\\/\\\/www.booksonthemove.fr\\\/media\\\/logo-NB-400.jpg\",\"width\":400,\"height\":143,\"caption\":\"Books on the Move\"},\"image\":{\"@id\":\"https:\\\/\\\/www.booksonthemove.fr\\\/#\\\/schema\\\/logo\\\/image\\\/\"},\"sameAs\":[\"https:\\\/\\\/www.facebook.com\\\/Librairiebooksonthemove\\\/\"]}]}<\/script>\n<!-- \/ Yoast SEO plugin. -->","yoast_head_json":{"title":"Tout \u00e0 danser s\u2019\u00e9puise - Books on the Move","robots":{"index":"index","follow":"follow","max-snippet":"max-snippet:-1","max-image-preview":"max-image-preview:large","max-video-preview":"max-video-preview:-1"},"canonical":"https:\/\/www.booksonthemove.fr\/en\/produit\/tout-a-danser-sepuise\/","og_locale":"en_US","og_type":"article","og_title":"Tout \u00e0 danser s\u2019\u00e9puise - Books on the Move","og_description":"Auteur : Florian Gait\u00e9 Editeurs : Sombres torrents\u00a0&amp; le Centre national des arts plastiques\u00a0(2021)  Broch\u00e9 : 76 pages Langue : Fran\u00e7ais ISBN13 : 978-2-490241-03-3","og_url":"https:\/\/www.booksonthemove.fr\/en\/produit\/tout-a-danser-sepuise\/","og_site_name":"Books on the Move","article_publisher":"https:\/\/www.facebook.com\/Librairiebooksonthemove\/","article_modified_time":"2021-12-09T06:44:14+00:00","og_image":[{"width":900,"height":1400,"url":"https:\/\/www.booksonthemove.fr\/media\/bom_2274.jpg","type":"image\/jpeg"}],"twitter_card":"summary_large_image","schema":{"@context":"https:\/\/schema.org","@graph":[{"@type":"WebPage","@id":"https:\/\/www.booksonthemove.fr\/en\/produit\/tout-a-danser-sepuise\/","url":"https:\/\/www.booksonthemove.fr\/en\/produit\/tout-a-danser-sepuise\/","name":"Tout \u00e0 danser s\u2019\u00e9puise - Books on the Move","isPartOf":{"@id":"https:\/\/www.booksonthemove.fr\/#website"},"primaryImageOfPage":{"@id":"https:\/\/www.booksonthemove.fr\/en\/produit\/tout-a-danser-sepuise\/#primaryimage"},"image":{"@id":"https:\/\/www.booksonthemove.fr\/en\/produit\/tout-a-danser-sepuise\/#primaryimage"},"thumbnailUrl":"https:\/\/www.booksonthemove.fr\/media\/bom_2274.jpg","datePublished":"2021-01-28T23:05:21+00:00","dateModified":"2021-12-09T06:44:14+00:00","breadcrumb":{"@id":"https:\/\/www.booksonthemove.fr\/en\/produit\/tout-a-danser-sepuise\/#breadcrumb"},"inLanguage":"en-US","potentialAction":[{"@type":"ReadAction","target":["https:\/\/www.booksonthemove.fr\/en\/produit\/tout-a-danser-sepuise\/"]}]},{"@type":"ImageObject","inLanguage":"en-US","@id":"https:\/\/www.booksonthemove.fr\/en\/produit\/tout-a-danser-sepuise\/#primaryimage","url":"https:\/\/www.booksonthemove.fr\/media\/bom_2274.jpg","contentUrl":"https:\/\/www.booksonthemove.fr\/media\/bom_2274.jpg","width":900,"height":1400},{"@type":"BreadcrumbList","@id":"https:\/\/www.booksonthemove.fr\/en\/produit\/tout-a-danser-sepuise\/#breadcrumb","itemListElement":[{"@type":"ListItem","position":1,"name":"Accueil","item":"https:\/\/www.booksonthemove.fr\/en\/"},{"@type":"ListItem","position":2,"name":"online store","item":"https:\/\/www.booksonthemove.fr\/en\/online-shop\/"},{"@type":"ListItem","position":3,"name":"Tout \u00e0 danser s\u2019\u00e9puise"}]},{"@type":"WebSite","@id":"https:\/\/www.booksonthemove.fr\/#website","url":"https:\/\/www.booksonthemove.fr\/","name":"Books on the Move","description":"librairie nomade - danse - mouvement - performance","publisher":{"@id":"https:\/\/www.booksonthemove.fr\/#organization"},"potentialAction":[{"@type":"SearchAction","target":{"@type":"EntryPoint","urlTemplate":"https:\/\/www.booksonthemove.fr\/?s={search_term_string}"},"query-input":{"@type":"PropertyValueSpecification","valueRequired":true,"valueName":"search_term_string"}}],"inLanguage":"en-US"},{"@type":"Organization","@id":"https:\/\/www.booksonthemove.fr\/#organization","name":"Books on the Move","url":"https:\/\/www.booksonthemove.fr\/","logo":{"@type":"ImageObject","inLanguage":"en-US","@id":"https:\/\/www.booksonthemove.fr\/#\/schema\/logo\/image\/","url":"https:\/\/www.booksonthemove.fr\/media\/logo-NB-400.jpg","contentUrl":"https:\/\/www.booksonthemove.fr\/media\/logo-NB-400.jpg","width":400,"height":143,"caption":"Books on the Move"},"image":{"@id":"https:\/\/www.booksonthemove.fr\/#\/schema\/logo\/image\/"},"sameAs":["https:\/\/www.facebook.com\/Librairiebooksonthemove\/"]}]}},"_links":{"self":[{"href":"https:\/\/www.booksonthemove.fr\/en\/wp-json\/wp\/v2\/product\/28936","targetHints":{"allow":["GET"]}}],"collection":[{"href":"https:\/\/www.booksonthemove.fr\/en\/wp-json\/wp\/v2\/product"}],"about":[{"href":"https:\/\/www.booksonthemove.fr\/en\/wp-json\/wp\/v2\/types\/product"}],"wp:featuredmedia":[{"embeddable":true,"href":"https:\/\/www.booksonthemove.fr\/en\/wp-json\/wp\/v2\/media\/28935"}],"wp:attachment":[{"href":"https:\/\/www.booksonthemove.fr\/en\/wp-json\/wp\/v2\/media?parent=28936"}],"wp:term":[{"taxonomy":"product_brand","embeddable":true,"href":"https:\/\/www.booksonthemove.fr\/en\/wp-json\/wp\/v2\/product_brand?post=28936"},{"taxonomy":"product_cat","embeddable":true,"href":"https:\/\/www.booksonthemove.fr\/en\/wp-json\/wp\/v2\/product_cat?post=28936"},{"taxonomy":"product_tag","embeddable":true,"href":"https:\/\/www.booksonthemove.fr\/en\/wp-json\/wp\/v2\/product_tag?post=28936"}],"curies":[{"name":"wp","href":"https:\/\/api.w.org\/{rel}","templated":true}]}}