{"id":2896,"date":"2016-08-28T01:58:31","date_gmt":"2016-08-27T23:58:31","guid":{"rendered":"https:\/\/www.booksonthemove.fr\/en\/product\/tanz-archiv-forschungsreisen-heft-4-geste-und-affekt-im-18-jahrhundert\/"},"modified":"2025-01-07T20:54:22","modified_gmt":"2025-01-07T19:54:22","slug":"tanz-archiv-forschungsreisen-heft-4-geste-und-affekt-im-18-jahrhundert","status":"publish","type":"product","link":"https:\/\/www.booksonthemove.fr\/en\/produit\/tanz-archiv-forschungsreisen-heft-4-geste-und-affekt-im-18-jahrhundert\/","title":{"rendered":"Tanz &#038; Archiv: Forschungsreisen &#8211; Heft 4: Geste und Affekt im 18. Jahrhundert"},"content":{"rendered":"<p>Im Unterschied zu den Heften 1 bis 3 von Tanz &amp; Archiv, die sich vor allem mit Strategien der Auseinandersetzung mit Historie befasst haben, geht es in Heft 4 um eine thematische Argumentation innerhalb eines bestimmten historischen Zeitabschnitts, n\u00e4mlich um die Verhandlung von Geste und Affekt im 18. Jahrhundert. Auch sie findet innerhalb der beiden Koordinaten Derra de Moroda Dance Archives und zeitgen\u00f6ssische Tanzwissenschaft statt.<\/p>\n<p>Mit \u201aQuellenforschung&#8217;, theoretischer&#8217; und \u201apraxeologischer Tanzwissenschaft&#8217; interagieren drei Referenzsysteme f\u00fcr die Re-Perspektivierung von Geste und Affekt im 18. Jahrhundert \u2013 Referenzsysteme, die sich in den Untersuchungsbereichen \u201eProgramme entwerfen\u201c und \u201eIn Szene setzen\u201c entfalten. Als Protagonisten der \u2013 prozessorientierten \u2013 Untersuchungen fungieren Jean Georges Noverre und Gasparo Angiolini. beide sind als Theoretiker in die \u201emaster narratives\u201c der Tanzgeschichtsschreibung eingegangen. Auch der Blick der AutorInnen von Tanz &amp; Archiv 4 richtet sich auf die von Noverre und Angiolini geforderte Ballettreform, wenn auch unter einer anderen, noch wenig beleuchteten Pr\u00e4misse: Diskutiert werden die Eigenschaften und Funktionen von Noverre und Angiolini als Theatermacher. Die an bislang kaum bearbeiteten Quellen (u.a. zu Agamemnon veng\u00e9 und Citera assediata) orientierten Forschungen thematisieren Beispiele szenarimpliziter und inszenatorischer Bedingungen des Tanztheater-Machens in der zweiten H\u00e4lfte des 18. Jahrhunderts. Dies geschieht sowohl in Diskursen zur \u00e4sthetischen Identit\u00e4t von Geste und Affekt als auch durch deren Erprobung \u201ain actu&#8217; und \u201ain motu&#8217;: Alle drei Ann\u00e4herungen versuchen, die Qualit\u00e4t des theatralen Ereignisses zu re-konstruieren.<\/p>\n<p>Mit Beitr\u00e4gen von: Stefan H\u00f6lscher, Nicole Haitzinger, Irene Brandenburg, Claudia Jeschke, Sibylle Dahms, Mark Franko.<\/p>\n","protected":false},"excerpt":{"rendered":"<p><b>Hg.: <\/b> Irene Brandenburg, Nicole Haitzinger, Claudia Jeschke<br \/>\n<strong>Verlag:<\/strong> epodium (2013)<\/p>\n<p><b>Paperback: <\/b>122 Seiten<br \/>\n<b>Sprache: <\/b>Deutsch<br \/>\n<strong>ISBN13:<\/strong> 978-3-940388-25-4<\/p>\n","protected":false},"featured_media":1230,"template":"","meta":[],"product_brand":[],"product_cat":[167,210,211],"product_tag":[],"class_list":{"0":"post-2896","1":"product","2":"type-product","3":"status-publish","4":"has-post-thumbnail","6":"product_cat-german-en","7":"product_cat-archivesdocumentation-en","8":"product_cat-magazines-en","10":"first","11":"outofstock","12":"purchasable","13":"product-type-simple"},"yoast_head":"<!-- This site is optimized with the Yoast SEO plugin v27.4 - https:\/\/yoast.com\/product\/yoast-seo-wordpress\/ -->\n<title>Tanz &amp; Archiv: Forschungsreisen - Heft 4: Geste und Affekt im 18. Jahrhundert - Books on the Move<\/title>\n<meta name=\"robots\" content=\"index, follow, max-snippet:-1, max-image-preview:large, max-video-preview:-1\" \/>\n<link rel=\"canonical\" href=\"https:\/\/www.booksonthemove.fr\/produit\/tanz-archiv-forschungsreisen-heft-4-geste-und-affekt-im-18-jahrhundert\/\" \/>\n<meta property=\"og:locale\" content=\"en_US\" \/>\n<meta property=\"og:type\" content=\"article\" \/>\n<meta property=\"og:title\" content=\"Tanz &amp; Archiv: Forschungsreisen - Heft 4: Geste und Affekt im 18. Jahrhundert - Books on the Move\" \/>\n<meta property=\"og:description\" content=\"Hg.: Irene Brandenburg, Nicole Haitzinger, Claudia Jeschke Verlag: epodium (2013)  Paperback: 122 Seiten Sprache: Deutsch ISBN13: 978-3-940388-25-4\" \/>\n<meta property=\"og:url\" content=\"https:\/\/www.booksonthemove.fr\/produit\/tanz-archiv-forschungsreisen-heft-4-geste-und-affekt-im-18-jahrhundert\/\" \/>\n<meta property=\"og:site_name\" content=\"Books on the Move\" \/>\n<meta property=\"article:publisher\" content=\"https:\/\/www.facebook.com\/Librairiebooksonthemove\/\" \/>\n<meta property=\"article:modified_time\" content=\"2025-01-07T19:54:22+00:00\" \/>\n<meta property=\"og:image\" content=\"https:\/\/www.booksonthemove.fr\/media\/bom_1196_0.jpg\" \/>\n\t<meta property=\"og:image:width\" content=\"900\" \/>\n\t<meta property=\"og:image:height\" content=\"1200\" \/>\n\t<meta property=\"og:image:type\" content=\"image\/jpeg\" \/>\n<meta name=\"twitter:card\" content=\"summary_large_image\" \/>\n<script type=\"application\/ld+json\" class=\"yoast-schema-graph\">{\"@context\":\"https:\\\/\\\/schema.org\",\"@graph\":[{\"@type\":\"WebPage\",\"@id\":\"https:\\\/\\\/www.booksonthemove.fr\\\/produit\\\/tanz-archiv-forschungsreisen-heft-4-geste-und-affekt-im-18-jahrhundert\\\/\",\"url\":\"https:\\\/\\\/www.booksonthemove.fr\\\/produit\\\/tanz-archiv-forschungsreisen-heft-4-geste-und-affekt-im-18-jahrhundert\\\/\",\"name\":\"Tanz & Archiv: Forschungsreisen - Heft 4: Geste und Affekt im 18. Jahrhundert - Books on the Move\",\"isPartOf\":{\"@id\":\"https:\\\/\\\/www.booksonthemove.fr\\\/#website\"},\"primaryImageOfPage\":{\"@id\":\"https:\\\/\\\/www.booksonthemove.fr\\\/produit\\\/tanz-archiv-forschungsreisen-heft-4-geste-und-affekt-im-18-jahrhundert\\\/#primaryimage\"},\"image\":{\"@id\":\"https:\\\/\\\/www.booksonthemove.fr\\\/produit\\\/tanz-archiv-forschungsreisen-heft-4-geste-und-affekt-im-18-jahrhundert\\\/#primaryimage\"},\"thumbnailUrl\":\"https:\\\/\\\/www.booksonthemove.fr\\\/media\\\/bom_1196_0.jpg\",\"datePublished\":\"2016-08-27T23:58:31+00:00\",\"dateModified\":\"2025-01-07T19:54:22+00:00\",\"breadcrumb\":{\"@id\":\"https:\\\/\\\/www.booksonthemove.fr\\\/produit\\\/tanz-archiv-forschungsreisen-heft-4-geste-und-affekt-im-18-jahrhundert\\\/#breadcrumb\"},\"inLanguage\":\"en-US\",\"potentialAction\":[{\"@type\":\"ReadAction\",\"target\":[\"https:\\\/\\\/www.booksonthemove.fr\\\/produit\\\/tanz-archiv-forschungsreisen-heft-4-geste-und-affekt-im-18-jahrhundert\\\/\"]}]},{\"@type\":\"ImageObject\",\"inLanguage\":\"en-US\",\"@id\":\"https:\\\/\\\/www.booksonthemove.fr\\\/produit\\\/tanz-archiv-forschungsreisen-heft-4-geste-und-affekt-im-18-jahrhundert\\\/#primaryimage\",\"url\":\"https:\\\/\\\/www.booksonthemove.fr\\\/media\\\/bom_1196_0.jpg\",\"contentUrl\":\"https:\\\/\\\/www.booksonthemove.fr\\\/media\\\/bom_1196_0.jpg\",\"width\":900,\"height\":1200,\"caption\":\"Tanz & Archiv: Forschungsreisen - Heft 4: Geste und Affekt im 18. Jahrhundert\"},{\"@type\":\"BreadcrumbList\",\"@id\":\"https:\\\/\\\/www.booksonthemove.fr\\\/produit\\\/tanz-archiv-forschungsreisen-heft-4-geste-und-affekt-im-18-jahrhundert\\\/#breadcrumb\",\"itemListElement\":[{\"@type\":\"ListItem\",\"position\":1,\"name\":\"Accueil\",\"item\":\"https:\\\/\\\/www.booksonthemove.fr\\\/en\\\/\"},{\"@type\":\"ListItem\",\"position\":2,\"name\":\"online store\",\"item\":\"https:\\\/\\\/www.booksonthemove.fr\\\/en\\\/online-shop\\\/\"},{\"@type\":\"ListItem\",\"position\":3,\"name\":\"Tanz &#038; Archiv: Forschungsreisen &#8211; Heft 4: Geste und Affekt im 18. Jahrhundert\"}]},{\"@type\":\"WebSite\",\"@id\":\"https:\\\/\\\/www.booksonthemove.fr\\\/#website\",\"url\":\"https:\\\/\\\/www.booksonthemove.fr\\\/\",\"name\":\"Books on the Move\",\"description\":\"librairie nomade - danse - mouvement - performance\",\"publisher\":{\"@id\":\"https:\\\/\\\/www.booksonthemove.fr\\\/#organization\"},\"potentialAction\":[{\"@type\":\"SearchAction\",\"target\":{\"@type\":\"EntryPoint\",\"urlTemplate\":\"https:\\\/\\\/www.booksonthemove.fr\\\/?s={search_term_string}\"},\"query-input\":{\"@type\":\"PropertyValueSpecification\",\"valueRequired\":true,\"valueName\":\"search_term_string\"}}],\"inLanguage\":\"en-US\"},{\"@type\":\"Organization\",\"@id\":\"https:\\\/\\\/www.booksonthemove.fr\\\/#organization\",\"name\":\"Books on the Move\",\"url\":\"https:\\\/\\\/www.booksonthemove.fr\\\/\",\"logo\":{\"@type\":\"ImageObject\",\"inLanguage\":\"en-US\",\"@id\":\"https:\\\/\\\/www.booksonthemove.fr\\\/#\\\/schema\\\/logo\\\/image\\\/\",\"url\":\"https:\\\/\\\/www.booksonthemove.fr\\\/media\\\/logo-NB-400.jpg\",\"contentUrl\":\"https:\\\/\\\/www.booksonthemove.fr\\\/media\\\/logo-NB-400.jpg\",\"width\":400,\"height\":143,\"caption\":\"Books on the Move\"},\"image\":{\"@id\":\"https:\\\/\\\/www.booksonthemove.fr\\\/#\\\/schema\\\/logo\\\/image\\\/\"},\"sameAs\":[\"https:\\\/\\\/www.facebook.com\\\/Librairiebooksonthemove\\\/\"]}]}<\/script>\n<!-- \/ Yoast SEO plugin. -->","yoast_head_json":{"title":"Tanz & Archiv: Forschungsreisen - Heft 4: Geste und Affekt im 18. Jahrhundert - Books on the Move","robots":{"index":"index","follow":"follow","max-snippet":"max-snippet:-1","max-image-preview":"max-image-preview:large","max-video-preview":"max-video-preview:-1"},"canonical":"https:\/\/www.booksonthemove.fr\/produit\/tanz-archiv-forschungsreisen-heft-4-geste-und-affekt-im-18-jahrhundert\/","og_locale":"en_US","og_type":"article","og_title":"Tanz & Archiv: Forschungsreisen - Heft 4: Geste und Affekt im 18. Jahrhundert - Books on the Move","og_description":"Hg.: Irene Brandenburg, Nicole Haitzinger, Claudia Jeschke Verlag: epodium (2013)  Paperback: 122 Seiten Sprache: Deutsch ISBN13: 978-3-940388-25-4","og_url":"https:\/\/www.booksonthemove.fr\/produit\/tanz-archiv-forschungsreisen-heft-4-geste-und-affekt-im-18-jahrhundert\/","og_site_name":"Books on the Move","article_publisher":"https:\/\/www.facebook.com\/Librairiebooksonthemove\/","article_modified_time":"2025-01-07T19:54:22+00:00","og_image":[{"width":900,"height":1200,"url":"https:\/\/www.booksonthemove.fr\/media\/bom_1196_0.jpg","type":"image\/jpeg"}],"twitter_card":"summary_large_image","schema":{"@context":"https:\/\/schema.org","@graph":[{"@type":"WebPage","@id":"https:\/\/www.booksonthemove.fr\/produit\/tanz-archiv-forschungsreisen-heft-4-geste-und-affekt-im-18-jahrhundert\/","url":"https:\/\/www.booksonthemove.fr\/produit\/tanz-archiv-forschungsreisen-heft-4-geste-und-affekt-im-18-jahrhundert\/","name":"Tanz & Archiv: Forschungsreisen - Heft 4: Geste und Affekt im 18. Jahrhundert - Books on the Move","isPartOf":{"@id":"https:\/\/www.booksonthemove.fr\/#website"},"primaryImageOfPage":{"@id":"https:\/\/www.booksonthemove.fr\/produit\/tanz-archiv-forschungsreisen-heft-4-geste-und-affekt-im-18-jahrhundert\/#primaryimage"},"image":{"@id":"https:\/\/www.booksonthemove.fr\/produit\/tanz-archiv-forschungsreisen-heft-4-geste-und-affekt-im-18-jahrhundert\/#primaryimage"},"thumbnailUrl":"https:\/\/www.booksonthemove.fr\/media\/bom_1196_0.jpg","datePublished":"2016-08-27T23:58:31+00:00","dateModified":"2025-01-07T19:54:22+00:00","breadcrumb":{"@id":"https:\/\/www.booksonthemove.fr\/produit\/tanz-archiv-forschungsreisen-heft-4-geste-und-affekt-im-18-jahrhundert\/#breadcrumb"},"inLanguage":"en-US","potentialAction":[{"@type":"ReadAction","target":["https:\/\/www.booksonthemove.fr\/produit\/tanz-archiv-forschungsreisen-heft-4-geste-und-affekt-im-18-jahrhundert\/"]}]},{"@type":"ImageObject","inLanguage":"en-US","@id":"https:\/\/www.booksonthemove.fr\/produit\/tanz-archiv-forschungsreisen-heft-4-geste-und-affekt-im-18-jahrhundert\/#primaryimage","url":"https:\/\/www.booksonthemove.fr\/media\/bom_1196_0.jpg","contentUrl":"https:\/\/www.booksonthemove.fr\/media\/bom_1196_0.jpg","width":900,"height":1200,"caption":"Tanz & Archiv: Forschungsreisen - Heft 4: Geste und Affekt im 18. Jahrhundert"},{"@type":"BreadcrumbList","@id":"https:\/\/www.booksonthemove.fr\/produit\/tanz-archiv-forschungsreisen-heft-4-geste-und-affekt-im-18-jahrhundert\/#breadcrumb","itemListElement":[{"@type":"ListItem","position":1,"name":"Accueil","item":"https:\/\/www.booksonthemove.fr\/en\/"},{"@type":"ListItem","position":2,"name":"online store","item":"https:\/\/www.booksonthemove.fr\/en\/online-shop\/"},{"@type":"ListItem","position":3,"name":"Tanz &#038; Archiv: Forschungsreisen &#8211; Heft 4: Geste und Affekt im 18. Jahrhundert"}]},{"@type":"WebSite","@id":"https:\/\/www.booksonthemove.fr\/#website","url":"https:\/\/www.booksonthemove.fr\/","name":"Books on the Move","description":"librairie nomade - danse - mouvement - performance","publisher":{"@id":"https:\/\/www.booksonthemove.fr\/#organization"},"potentialAction":[{"@type":"SearchAction","target":{"@type":"EntryPoint","urlTemplate":"https:\/\/www.booksonthemove.fr\/?s={search_term_string}"},"query-input":{"@type":"PropertyValueSpecification","valueRequired":true,"valueName":"search_term_string"}}],"inLanguage":"en-US"},{"@type":"Organization","@id":"https:\/\/www.booksonthemove.fr\/#organization","name":"Books on the Move","url":"https:\/\/www.booksonthemove.fr\/","logo":{"@type":"ImageObject","inLanguage":"en-US","@id":"https:\/\/www.booksonthemove.fr\/#\/schema\/logo\/image\/","url":"https:\/\/www.booksonthemove.fr\/media\/logo-NB-400.jpg","contentUrl":"https:\/\/www.booksonthemove.fr\/media\/logo-NB-400.jpg","width":400,"height":143,"caption":"Books on the Move"},"image":{"@id":"https:\/\/www.booksonthemove.fr\/#\/schema\/logo\/image\/"},"sameAs":["https:\/\/www.facebook.com\/Librairiebooksonthemove\/"]}]}},"_links":{"self":[{"href":"https:\/\/www.booksonthemove.fr\/en\/wp-json\/wp\/v2\/product\/2896","targetHints":{"allow":["GET"]}}],"collection":[{"href":"https:\/\/www.booksonthemove.fr\/en\/wp-json\/wp\/v2\/product"}],"about":[{"href":"https:\/\/www.booksonthemove.fr\/en\/wp-json\/wp\/v2\/types\/product"}],"wp:featuredmedia":[{"embeddable":true,"href":"https:\/\/www.booksonthemove.fr\/en\/wp-json\/wp\/v2\/media\/1230"}],"wp:attachment":[{"href":"https:\/\/www.booksonthemove.fr\/en\/wp-json\/wp\/v2\/media?parent=2896"}],"wp:term":[{"taxonomy":"product_brand","embeddable":true,"href":"https:\/\/www.booksonthemove.fr\/en\/wp-json\/wp\/v2\/product_brand?post=2896"},{"taxonomy":"product_cat","embeddable":true,"href":"https:\/\/www.booksonthemove.fr\/en\/wp-json\/wp\/v2\/product_cat?post=2896"},{"taxonomy":"product_tag","embeddable":true,"href":"https:\/\/www.booksonthemove.fr\/en\/wp-json\/wp\/v2\/product_tag?post=2896"}],"curies":[{"name":"wp","href":"https:\/\/api.w.org\/{rel}","templated":true}]}}