{"id":29011,"date":"2021-02-03T11:49:35","date_gmt":"2021-02-03T10:49:35","guid":{"rendered":"https:\/\/www.booksonthemove.fr\/produit\/cahiers-vaslav-nijinski\/"},"modified":"2025-11-17T14:18:14","modified_gmt":"2025-11-17T13:18:14","slug":"cahiers-vaslav-nijinski","status":"publish","type":"product","link":"https:\/\/www.booksonthemove.fr\/en\/produit\/cahiers-vaslav-nijinski\/","title":{"rendered":"Cahiers &#8211; Vaslav Nijinski"},"content":{"rendered":"<p align=\"justify\">Voici le texte int\u00e9gral, non expurg\u00e9, du journal du plus grand danseur de son temps. R\u00e9dig\u00e9s au cours de l\u2019hiver 1918-1919, alors que Vaslav Nijinski r\u00e9sidait en Suisse avec sa femme Romola et leur fille<\/p>\n<p align=\"justify\">Kyra, ces cahiers se pr\u00e9sentent comme le t\u00e9moignage bouleversant d\u2019une vie de cr\u00e9ation faite de gloire et de souffrances. Alors \u00e2g\u00e9 de vingt-neuf ans, sur le point de sombrer dans la folie, l\u2019artiste \u00e9voque sa douleur de vivre et relate sa qu\u00eate humaine et spirituelle \u00e0 travers son art et dans sa vie quotidienne. R\u00e9p\u00e9titive, obsessionnelle, violente, sa prose, parfois incoh\u00e9rente, s\u2019accorde avec le souhait de son auteur : donner plus \u00e0 ressentir qu\u2019\u00e0 comprendre.<\/p>\n","protected":false},"excerpt":{"rendered":"<p><b>AUTEUR : <\/b>Vaslav Nijinski, traduit du russe par Christian Dumais-Lvowski &amp; Galina Pogojeva<br \/>\n<b>EDITEUR : <\/b>Actes Sud\u00a0(2000)<br \/>\n<b>COLLECTION : <\/b>Babel n\u00b0 448<\/p>\n<p><b>BROCH\u00c9 : <\/b>384 pages<br \/>\n<b>LANGUE : <\/b>FRAN\u00c7AIS<br \/>\n<strong>ISBN:<\/strong> 978-2-7427-2919-7<\/p>\n","protected":false},"featured_media":29010,"template":"","meta":[],"product_brand":[],"product_cat":[157,162],"product_tag":[496],"class_list":{"0":"post-29011","1":"product","2":"type-product","3":"status-publish","4":"has-post-thumbnail","6":"product_cat-artists-writings-en","7":"product_cat-french-en","8":"product_tag-vaslav-nijinski-en","10":"first","11":"outofstock","12":"taxable","13":"shipping-taxable","14":"purchasable","15":"product-type-simple"},"yoast_head":"<!-- This site is optimized with the Yoast SEO plugin v27.5 - https:\/\/yoast.com\/product\/yoast-seo-wordpress\/ -->\n<title>Cahiers - Vaslav Nijinski - Books on the Move<\/title>\n<meta name=\"robots\" content=\"index, follow, max-snippet:-1, max-image-preview:large, max-video-preview:-1\" \/>\n<link rel=\"canonical\" href=\"https:\/\/www.booksonthemove.fr\/en\/produit\/cahiers-vaslav-nijinski\/\" \/>\n<meta property=\"og:locale\" content=\"en_US\" \/>\n<meta property=\"og:type\" content=\"article\" \/>\n<meta property=\"og:title\" content=\"Cahiers - Vaslav Nijinski - Books on the Move\" \/>\n<meta property=\"og:description\" content=\"AUTEUR : Vaslav Nijinski, traduit du russe par Christian Dumais-Lvowski &amp; Galina Pogojeva EDITEUR : Actes Sud\u00a0(2000) COLLECTION : Babel n\u00b0 448  BROCH\u00c9 : 384 pages LANGUE : FRAN\u00c7AIS ISBN: 978-2-7427-2919-7\" \/>\n<meta property=\"og:url\" content=\"https:\/\/www.booksonthemove.fr\/en\/produit\/cahiers-vaslav-nijinski\/\" \/>\n<meta property=\"og:site_name\" content=\"Books on the Move\" \/>\n<meta property=\"article:publisher\" content=\"https:\/\/www.facebook.com\/Librairiebooksonthemove\/\" \/>\n<meta property=\"article:modified_time\" content=\"2025-11-17T13:18:14+00:00\" \/>\n<meta property=\"og:image\" content=\"https:\/\/www.booksonthemove.fr\/media\/bom_2256.jpg\" \/>\n\t<meta property=\"og:image:width\" content=\"900\" \/>\n\t<meta property=\"og:image:height\" content=\"1440\" \/>\n\t<meta property=\"og:image:type\" content=\"image\/jpeg\" \/>\n<meta name=\"twitter:card\" content=\"summary_large_image\" \/>\n<script type=\"application\/ld+json\" class=\"yoast-schema-graph\">{\"@context\":\"https:\\\/\\\/schema.org\",\"@graph\":[{\"@type\":\"WebPage\",\"@id\":\"https:\\\/\\\/www.booksonthemove.fr\\\/en\\\/produit\\\/cahiers-vaslav-nijinski\\\/\",\"url\":\"https:\\\/\\\/www.booksonthemove.fr\\\/en\\\/produit\\\/cahiers-vaslav-nijinski\\\/\",\"name\":\"Cahiers - Vaslav Nijinski - Books on the Move\",\"isPartOf\":{\"@id\":\"https:\\\/\\\/www.booksonthemove.fr\\\/#website\"},\"primaryImageOfPage\":{\"@id\":\"https:\\\/\\\/www.booksonthemove.fr\\\/en\\\/produit\\\/cahiers-vaslav-nijinski\\\/#primaryimage\"},\"image\":{\"@id\":\"https:\\\/\\\/www.booksonthemove.fr\\\/en\\\/produit\\\/cahiers-vaslav-nijinski\\\/#primaryimage\"},\"thumbnailUrl\":\"https:\\\/\\\/www.booksonthemove.fr\\\/media\\\/bom_2256.jpg\",\"datePublished\":\"2021-02-03T10:49:35+00:00\",\"dateModified\":\"2025-11-17T13:18:14+00:00\",\"breadcrumb\":{\"@id\":\"https:\\\/\\\/www.booksonthemove.fr\\\/en\\\/produit\\\/cahiers-vaslav-nijinski\\\/#breadcrumb\"},\"inLanguage\":\"en-US\",\"potentialAction\":[{\"@type\":\"ReadAction\",\"target\":[\"https:\\\/\\\/www.booksonthemove.fr\\\/en\\\/produit\\\/cahiers-vaslav-nijinski\\\/\"]}]},{\"@type\":\"ImageObject\",\"inLanguage\":\"en-US\",\"@id\":\"https:\\\/\\\/www.booksonthemove.fr\\\/en\\\/produit\\\/cahiers-vaslav-nijinski\\\/#primaryimage\",\"url\":\"https:\\\/\\\/www.booksonthemove.fr\\\/media\\\/bom_2256.jpg\",\"contentUrl\":\"https:\\\/\\\/www.booksonthemove.fr\\\/media\\\/bom_2256.jpg\",\"width\":900,\"height\":1440},{\"@type\":\"BreadcrumbList\",\"@id\":\"https:\\\/\\\/www.booksonthemove.fr\\\/en\\\/produit\\\/cahiers-vaslav-nijinski\\\/#breadcrumb\",\"itemListElement\":[{\"@type\":\"ListItem\",\"position\":1,\"name\":\"Accueil\",\"item\":\"https:\\\/\\\/www.booksonthemove.fr\\\/en\\\/\"},{\"@type\":\"ListItem\",\"position\":2,\"name\":\"online store\",\"item\":\"https:\\\/\\\/www.booksonthemove.fr\\\/en\\\/online-shop\\\/\"},{\"@type\":\"ListItem\",\"position\":3,\"name\":\"Cahiers &#8211; Vaslav Nijinski\"}]},{\"@type\":\"WebSite\",\"@id\":\"https:\\\/\\\/www.booksonthemove.fr\\\/#website\",\"url\":\"https:\\\/\\\/www.booksonthemove.fr\\\/\",\"name\":\"Books on the Move\",\"description\":\"librairie nomade - danse - mouvement - performance\",\"publisher\":{\"@id\":\"https:\\\/\\\/www.booksonthemove.fr\\\/#organization\"},\"potentialAction\":[{\"@type\":\"SearchAction\",\"target\":{\"@type\":\"EntryPoint\",\"urlTemplate\":\"https:\\\/\\\/www.booksonthemove.fr\\\/?s={search_term_string}\"},\"query-input\":{\"@type\":\"PropertyValueSpecification\",\"valueRequired\":true,\"valueName\":\"search_term_string\"}}],\"inLanguage\":\"en-US\"},{\"@type\":\"Organization\",\"@id\":\"https:\\\/\\\/www.booksonthemove.fr\\\/#organization\",\"name\":\"Books on the Move\",\"url\":\"https:\\\/\\\/www.booksonthemove.fr\\\/\",\"logo\":{\"@type\":\"ImageObject\",\"inLanguage\":\"en-US\",\"@id\":\"https:\\\/\\\/www.booksonthemove.fr\\\/#\\\/schema\\\/logo\\\/image\\\/\",\"url\":\"https:\\\/\\\/www.booksonthemove.fr\\\/media\\\/logo-NB-400.jpg\",\"contentUrl\":\"https:\\\/\\\/www.booksonthemove.fr\\\/media\\\/logo-NB-400.jpg\",\"width\":400,\"height\":143,\"caption\":\"Books on the Move\"},\"image\":{\"@id\":\"https:\\\/\\\/www.booksonthemove.fr\\\/#\\\/schema\\\/logo\\\/image\\\/\"},\"sameAs\":[\"https:\\\/\\\/www.facebook.com\\\/Librairiebooksonthemove\\\/\"]}]}<\/script>\n<!-- \/ Yoast SEO plugin. -->","yoast_head_json":{"title":"Cahiers - Vaslav Nijinski - Books on the Move","robots":{"index":"index","follow":"follow","max-snippet":"max-snippet:-1","max-image-preview":"max-image-preview:large","max-video-preview":"max-video-preview:-1"},"canonical":"https:\/\/www.booksonthemove.fr\/en\/produit\/cahiers-vaslav-nijinski\/","og_locale":"en_US","og_type":"article","og_title":"Cahiers - Vaslav Nijinski - Books on the Move","og_description":"AUTEUR : Vaslav Nijinski, traduit du russe par Christian Dumais-Lvowski &amp; Galina Pogojeva EDITEUR : Actes Sud\u00a0(2000) COLLECTION : Babel n\u00b0 448  BROCH\u00c9 : 384 pages LANGUE : FRAN\u00c7AIS ISBN: 978-2-7427-2919-7","og_url":"https:\/\/www.booksonthemove.fr\/en\/produit\/cahiers-vaslav-nijinski\/","og_site_name":"Books on the Move","article_publisher":"https:\/\/www.facebook.com\/Librairiebooksonthemove\/","article_modified_time":"2025-11-17T13:18:14+00:00","og_image":[{"width":900,"height":1440,"url":"https:\/\/www.booksonthemove.fr\/media\/bom_2256.jpg","type":"image\/jpeg"}],"twitter_card":"summary_large_image","schema":{"@context":"https:\/\/schema.org","@graph":[{"@type":"WebPage","@id":"https:\/\/www.booksonthemove.fr\/en\/produit\/cahiers-vaslav-nijinski\/","url":"https:\/\/www.booksonthemove.fr\/en\/produit\/cahiers-vaslav-nijinski\/","name":"Cahiers - Vaslav Nijinski - Books on the Move","isPartOf":{"@id":"https:\/\/www.booksonthemove.fr\/#website"},"primaryImageOfPage":{"@id":"https:\/\/www.booksonthemove.fr\/en\/produit\/cahiers-vaslav-nijinski\/#primaryimage"},"image":{"@id":"https:\/\/www.booksonthemove.fr\/en\/produit\/cahiers-vaslav-nijinski\/#primaryimage"},"thumbnailUrl":"https:\/\/www.booksonthemove.fr\/media\/bom_2256.jpg","datePublished":"2021-02-03T10:49:35+00:00","dateModified":"2025-11-17T13:18:14+00:00","breadcrumb":{"@id":"https:\/\/www.booksonthemove.fr\/en\/produit\/cahiers-vaslav-nijinski\/#breadcrumb"},"inLanguage":"en-US","potentialAction":[{"@type":"ReadAction","target":["https:\/\/www.booksonthemove.fr\/en\/produit\/cahiers-vaslav-nijinski\/"]}]},{"@type":"ImageObject","inLanguage":"en-US","@id":"https:\/\/www.booksonthemove.fr\/en\/produit\/cahiers-vaslav-nijinski\/#primaryimage","url":"https:\/\/www.booksonthemove.fr\/media\/bom_2256.jpg","contentUrl":"https:\/\/www.booksonthemove.fr\/media\/bom_2256.jpg","width":900,"height":1440},{"@type":"BreadcrumbList","@id":"https:\/\/www.booksonthemove.fr\/en\/produit\/cahiers-vaslav-nijinski\/#breadcrumb","itemListElement":[{"@type":"ListItem","position":1,"name":"Accueil","item":"https:\/\/www.booksonthemove.fr\/en\/"},{"@type":"ListItem","position":2,"name":"online store","item":"https:\/\/www.booksonthemove.fr\/en\/online-shop\/"},{"@type":"ListItem","position":3,"name":"Cahiers &#8211; Vaslav Nijinski"}]},{"@type":"WebSite","@id":"https:\/\/www.booksonthemove.fr\/#website","url":"https:\/\/www.booksonthemove.fr\/","name":"Books on the Move","description":"librairie nomade - danse - mouvement - performance","publisher":{"@id":"https:\/\/www.booksonthemove.fr\/#organization"},"potentialAction":[{"@type":"SearchAction","target":{"@type":"EntryPoint","urlTemplate":"https:\/\/www.booksonthemove.fr\/?s={search_term_string}"},"query-input":{"@type":"PropertyValueSpecification","valueRequired":true,"valueName":"search_term_string"}}],"inLanguage":"en-US"},{"@type":"Organization","@id":"https:\/\/www.booksonthemove.fr\/#organization","name":"Books on the Move","url":"https:\/\/www.booksonthemove.fr\/","logo":{"@type":"ImageObject","inLanguage":"en-US","@id":"https:\/\/www.booksonthemove.fr\/#\/schema\/logo\/image\/","url":"https:\/\/www.booksonthemove.fr\/media\/logo-NB-400.jpg","contentUrl":"https:\/\/www.booksonthemove.fr\/media\/logo-NB-400.jpg","width":400,"height":143,"caption":"Books on the Move"},"image":{"@id":"https:\/\/www.booksonthemove.fr\/#\/schema\/logo\/image\/"},"sameAs":["https:\/\/www.facebook.com\/Librairiebooksonthemove\/"]}]}},"_links":{"self":[{"href":"https:\/\/www.booksonthemove.fr\/en\/wp-json\/wp\/v2\/product\/29011","targetHints":{"allow":["GET"]}}],"collection":[{"href":"https:\/\/www.booksonthemove.fr\/en\/wp-json\/wp\/v2\/product"}],"about":[{"href":"https:\/\/www.booksonthemove.fr\/en\/wp-json\/wp\/v2\/types\/product"}],"wp:featuredmedia":[{"embeddable":true,"href":"https:\/\/www.booksonthemove.fr\/en\/wp-json\/wp\/v2\/media\/29010"}],"wp:attachment":[{"href":"https:\/\/www.booksonthemove.fr\/en\/wp-json\/wp\/v2\/media?parent=29011"}],"wp:term":[{"taxonomy":"product_brand","embeddable":true,"href":"https:\/\/www.booksonthemove.fr\/en\/wp-json\/wp\/v2\/product_brand?post=29011"},{"taxonomy":"product_cat","embeddable":true,"href":"https:\/\/www.booksonthemove.fr\/en\/wp-json\/wp\/v2\/product_cat?post=29011"},{"taxonomy":"product_tag","embeddable":true,"href":"https:\/\/www.booksonthemove.fr\/en\/wp-json\/wp\/v2\/product_tag?post=29011"}],"curies":[{"name":"wp","href":"https:\/\/api.w.org\/{rel}","templated":true}]}}