{"id":2939,"date":"2016-08-28T01:58:08","date_gmt":"2016-08-27T23:58:08","guid":{"rendered":"https:\/\/www.booksonthemove.fr\/en\/product\/klang-zu-gang-gedanken-zur-musik-in-heutigen-theaterformen\/"},"modified":"2020-04-20T16:17:24","modified_gmt":"2020-04-20T14:17:24","slug":"klang-zu-gang-gedanken-zur-musik-in-heutigen-theaterformen","status":"publish","type":"product","link":"https:\/\/www.booksonthemove.fr\/en\/produit\/klang-zu-gang-gedanken-zur-musik-in-heutigen-theaterformen\/","title":{"rendered":"Klang zu Gang &#8211; Gedanken zur Musik in heutigen Theaterformen"},"content":{"rendered":"<p>Die Bregenzer Festspiele sind ein Festival mit Mut zum Experiment. Jeden Sommer pr\u00e4sentieren sie in der Reihe \u201eKunst aus der Zeit neue Formen des Theaters. Im Mittelpunkt stehen das Musiktheater in all seinen unterschiedlichen Erscheinungsformen sowie neue Ideen des Performativen. Gezeigt werden Auftragswerke sowie v\u00f6llig neue Produktionen von f\u00fchrenden K\u00fcnstlern: Von dem Enfant terrible Benedict Mason &#8211; bekannt f\u00fcr seine aufwendigen szenischen Konzerte -, \u00fcber den Altmeister des Musiktheaters Harrison Birtwistle bis hin zu Nico &amp; The Navigators in einer Zusammenarbeit mit dem popul\u00e4ren \u00f6sterreichischen Ensemble Franui. \u201eKlang zu Gang dokumentiert und erl\u00e4utert in Essays und Interviews die k\u00fcnstlerische Auseinandersetzung mit der musikalischen Idee in ihrer Sinnlichkeit, ihre kompositorische Verwirklichung, k\u00fcnstlerische Umsetzung und ihre Wahrnehmung durch den Einzelnen.<\/p>\n","protected":false},"excerpt":{"rendered":"<p><b>Hg.: <\/b> Laura Berman, Madlene Therese Feyrer<br \/>\n<strong>Verlag:<\/strong> Theater der Zeit (2009)<\/p>\n<p><b>Paperback: <\/b>130 Seiten<br \/>\n<b>Sprache: <\/b>Deutsch<br \/>\n<strong>ISBN13:<\/strong> 978-3-940737-65-6<\/p>\n","protected":false},"featured_media":1168,"template":"","meta":[],"product_brand":[],"product_cat":[171,167,227,286,200,241],"product_tag":[],"class_list":{"0":"post-2939","1":"product","2":"type-product","3":"status-publish","4":"has-post-thumbnail","6":"product_cat-germany-en","7":"product_cat-german-en","8":"product_cat-essays-en","9":"product_cat-festivals-en","10":"product_cat-music-en","11":"product_cat-theater-en","13":"first","14":"instock","15":"purchasable","16":"product-type-simple"},"yoast_head":"<!-- This site is optimized with the Yoast SEO plugin v27.5 - https:\/\/yoast.com\/product\/yoast-seo-wordpress\/ -->\n<title>Klang zu Gang - Gedanken zur Musik in heutigen Theaterformen - Books on the Move<\/title>\n<meta name=\"robots\" content=\"index, follow, max-snippet:-1, max-image-preview:large, max-video-preview:-1\" \/>\n<link rel=\"canonical\" href=\"https:\/\/www.booksonthemove.fr\/en\/produit\/klang-zu-gang-gedanken-zur-musik-in-heutigen-theaterformen\/\" \/>\n<meta property=\"og:locale\" content=\"en_US\" \/>\n<meta property=\"og:type\" content=\"article\" \/>\n<meta property=\"og:title\" content=\"Klang zu Gang - Gedanken zur Musik in heutigen Theaterformen - Books on the Move\" \/>\n<meta property=\"og:description\" content=\"Hg.: Laura Berman, Madlene Therese Feyrer Verlag: Theater der Zeit (2009)  Paperback: 130 Seiten Sprache: Deutsch ISBN13: 978-3-940737-65-6\" \/>\n<meta property=\"og:url\" content=\"https:\/\/www.booksonthemove.fr\/en\/produit\/klang-zu-gang-gedanken-zur-musik-in-heutigen-theaterformen\/\" \/>\n<meta property=\"og:site_name\" content=\"Books on the Move\" \/>\n<meta property=\"article:publisher\" content=\"https:\/\/www.facebook.com\/Librairiebooksonthemove\/\" \/>\n<meta property=\"article:modified_time\" content=\"2020-04-20T14:17:24+00:00\" \/>\n<meta property=\"og:image\" content=\"https:\/\/www.booksonthemove.fr\/media\/bom_1139_0.jpg\" \/>\n\t<meta property=\"og:image:width\" content=\"900\" \/>\n\t<meta property=\"og:image:height\" content=\"1549\" \/>\n\t<meta property=\"og:image:type\" content=\"image\/jpeg\" \/>\n<meta name=\"twitter:card\" content=\"summary_large_image\" \/>\n<script type=\"application\/ld+json\" class=\"yoast-schema-graph\">{\"@context\":\"https:\\\/\\\/schema.org\",\"@graph\":[{\"@type\":\"WebPage\",\"@id\":\"https:\\\/\\\/www.booksonthemove.fr\\\/en\\\/produit\\\/klang-zu-gang-gedanken-zur-musik-in-heutigen-theaterformen\\\/\",\"url\":\"https:\\\/\\\/www.booksonthemove.fr\\\/en\\\/produit\\\/klang-zu-gang-gedanken-zur-musik-in-heutigen-theaterformen\\\/\",\"name\":\"Klang zu Gang - Gedanken zur Musik in heutigen Theaterformen - Books on the Move\",\"isPartOf\":{\"@id\":\"https:\\\/\\\/www.booksonthemove.fr\\\/#website\"},\"primaryImageOfPage\":{\"@id\":\"https:\\\/\\\/www.booksonthemove.fr\\\/en\\\/produit\\\/klang-zu-gang-gedanken-zur-musik-in-heutigen-theaterformen\\\/#primaryimage\"},\"image\":{\"@id\":\"https:\\\/\\\/www.booksonthemove.fr\\\/en\\\/produit\\\/klang-zu-gang-gedanken-zur-musik-in-heutigen-theaterformen\\\/#primaryimage\"},\"thumbnailUrl\":\"https:\\\/\\\/www.booksonthemove.fr\\\/media\\\/bom_1139_0.jpg\",\"datePublished\":\"2016-08-27T23:58:08+00:00\",\"dateModified\":\"2020-04-20T14:17:24+00:00\",\"breadcrumb\":{\"@id\":\"https:\\\/\\\/www.booksonthemove.fr\\\/en\\\/produit\\\/klang-zu-gang-gedanken-zur-musik-in-heutigen-theaterformen\\\/#breadcrumb\"},\"inLanguage\":\"en-US\",\"potentialAction\":[{\"@type\":\"ReadAction\",\"target\":[\"https:\\\/\\\/www.booksonthemove.fr\\\/en\\\/produit\\\/klang-zu-gang-gedanken-zur-musik-in-heutigen-theaterformen\\\/\"]}]},{\"@type\":\"ImageObject\",\"inLanguage\":\"en-US\",\"@id\":\"https:\\\/\\\/www.booksonthemove.fr\\\/en\\\/produit\\\/klang-zu-gang-gedanken-zur-musik-in-heutigen-theaterformen\\\/#primaryimage\",\"url\":\"https:\\\/\\\/www.booksonthemove.fr\\\/media\\\/bom_1139_0.jpg\",\"contentUrl\":\"https:\\\/\\\/www.booksonthemove.fr\\\/media\\\/bom_1139_0.jpg\",\"width\":900,\"height\":1549,\"caption\":\"Klang zu Gang - Gedanken zur Musik in heutigen Theaterformen\"},{\"@type\":\"BreadcrumbList\",\"@id\":\"https:\\\/\\\/www.booksonthemove.fr\\\/en\\\/produit\\\/klang-zu-gang-gedanken-zur-musik-in-heutigen-theaterformen\\\/#breadcrumb\",\"itemListElement\":[{\"@type\":\"ListItem\",\"position\":1,\"name\":\"Accueil\",\"item\":\"https:\\\/\\\/www.booksonthemove.fr\\\/en\\\/\"},{\"@type\":\"ListItem\",\"position\":2,\"name\":\"online store\",\"item\":\"https:\\\/\\\/www.booksonthemove.fr\\\/en\\\/online-shop\\\/\"},{\"@type\":\"ListItem\",\"position\":3,\"name\":\"Klang zu Gang &#8211; Gedanken zur Musik in heutigen Theaterformen\"}]},{\"@type\":\"WebSite\",\"@id\":\"https:\\\/\\\/www.booksonthemove.fr\\\/#website\",\"url\":\"https:\\\/\\\/www.booksonthemove.fr\\\/\",\"name\":\"Books on the Move\",\"description\":\"librairie nomade - danse - mouvement - performance\",\"publisher\":{\"@id\":\"https:\\\/\\\/www.booksonthemove.fr\\\/#organization\"},\"potentialAction\":[{\"@type\":\"SearchAction\",\"target\":{\"@type\":\"EntryPoint\",\"urlTemplate\":\"https:\\\/\\\/www.booksonthemove.fr\\\/?s={search_term_string}\"},\"query-input\":{\"@type\":\"PropertyValueSpecification\",\"valueRequired\":true,\"valueName\":\"search_term_string\"}}],\"inLanguage\":\"en-US\"},{\"@type\":\"Organization\",\"@id\":\"https:\\\/\\\/www.booksonthemove.fr\\\/#organization\",\"name\":\"Books on the Move\",\"url\":\"https:\\\/\\\/www.booksonthemove.fr\\\/\",\"logo\":{\"@type\":\"ImageObject\",\"inLanguage\":\"en-US\",\"@id\":\"https:\\\/\\\/www.booksonthemove.fr\\\/#\\\/schema\\\/logo\\\/image\\\/\",\"url\":\"https:\\\/\\\/www.booksonthemove.fr\\\/media\\\/logo-NB-400.jpg\",\"contentUrl\":\"https:\\\/\\\/www.booksonthemove.fr\\\/media\\\/logo-NB-400.jpg\",\"width\":400,\"height\":143,\"caption\":\"Books on the Move\"},\"image\":{\"@id\":\"https:\\\/\\\/www.booksonthemove.fr\\\/#\\\/schema\\\/logo\\\/image\\\/\"},\"sameAs\":[\"https:\\\/\\\/www.facebook.com\\\/Librairiebooksonthemove\\\/\"]}]}<\/script>\n<!-- \/ Yoast SEO plugin. -->","yoast_head_json":{"title":"Klang zu Gang - Gedanken zur Musik in heutigen Theaterformen - Books on the Move","robots":{"index":"index","follow":"follow","max-snippet":"max-snippet:-1","max-image-preview":"max-image-preview:large","max-video-preview":"max-video-preview:-1"},"canonical":"https:\/\/www.booksonthemove.fr\/en\/produit\/klang-zu-gang-gedanken-zur-musik-in-heutigen-theaterformen\/","og_locale":"en_US","og_type":"article","og_title":"Klang zu Gang - Gedanken zur Musik in heutigen Theaterformen - Books on the Move","og_description":"Hg.: Laura Berman, Madlene Therese Feyrer Verlag: Theater der Zeit (2009)  Paperback: 130 Seiten Sprache: Deutsch ISBN13: 978-3-940737-65-6","og_url":"https:\/\/www.booksonthemove.fr\/en\/produit\/klang-zu-gang-gedanken-zur-musik-in-heutigen-theaterformen\/","og_site_name":"Books on the Move","article_publisher":"https:\/\/www.facebook.com\/Librairiebooksonthemove\/","article_modified_time":"2020-04-20T14:17:24+00:00","og_image":[{"width":900,"height":1549,"url":"https:\/\/www.booksonthemove.fr\/media\/bom_1139_0.jpg","type":"image\/jpeg"}],"twitter_card":"summary_large_image","schema":{"@context":"https:\/\/schema.org","@graph":[{"@type":"WebPage","@id":"https:\/\/www.booksonthemove.fr\/en\/produit\/klang-zu-gang-gedanken-zur-musik-in-heutigen-theaterformen\/","url":"https:\/\/www.booksonthemove.fr\/en\/produit\/klang-zu-gang-gedanken-zur-musik-in-heutigen-theaterformen\/","name":"Klang zu Gang - Gedanken zur Musik in heutigen Theaterformen - Books on the Move","isPartOf":{"@id":"https:\/\/www.booksonthemove.fr\/#website"},"primaryImageOfPage":{"@id":"https:\/\/www.booksonthemove.fr\/en\/produit\/klang-zu-gang-gedanken-zur-musik-in-heutigen-theaterformen\/#primaryimage"},"image":{"@id":"https:\/\/www.booksonthemove.fr\/en\/produit\/klang-zu-gang-gedanken-zur-musik-in-heutigen-theaterformen\/#primaryimage"},"thumbnailUrl":"https:\/\/www.booksonthemove.fr\/media\/bom_1139_0.jpg","datePublished":"2016-08-27T23:58:08+00:00","dateModified":"2020-04-20T14:17:24+00:00","breadcrumb":{"@id":"https:\/\/www.booksonthemove.fr\/en\/produit\/klang-zu-gang-gedanken-zur-musik-in-heutigen-theaterformen\/#breadcrumb"},"inLanguage":"en-US","potentialAction":[{"@type":"ReadAction","target":["https:\/\/www.booksonthemove.fr\/en\/produit\/klang-zu-gang-gedanken-zur-musik-in-heutigen-theaterformen\/"]}]},{"@type":"ImageObject","inLanguage":"en-US","@id":"https:\/\/www.booksonthemove.fr\/en\/produit\/klang-zu-gang-gedanken-zur-musik-in-heutigen-theaterformen\/#primaryimage","url":"https:\/\/www.booksonthemove.fr\/media\/bom_1139_0.jpg","contentUrl":"https:\/\/www.booksonthemove.fr\/media\/bom_1139_0.jpg","width":900,"height":1549,"caption":"Klang zu Gang - Gedanken zur Musik in heutigen Theaterformen"},{"@type":"BreadcrumbList","@id":"https:\/\/www.booksonthemove.fr\/en\/produit\/klang-zu-gang-gedanken-zur-musik-in-heutigen-theaterformen\/#breadcrumb","itemListElement":[{"@type":"ListItem","position":1,"name":"Accueil","item":"https:\/\/www.booksonthemove.fr\/en\/"},{"@type":"ListItem","position":2,"name":"online store","item":"https:\/\/www.booksonthemove.fr\/en\/online-shop\/"},{"@type":"ListItem","position":3,"name":"Klang zu Gang &#8211; Gedanken zur Musik in heutigen Theaterformen"}]},{"@type":"WebSite","@id":"https:\/\/www.booksonthemove.fr\/#website","url":"https:\/\/www.booksonthemove.fr\/","name":"Books on the Move","description":"librairie nomade - danse - mouvement - performance","publisher":{"@id":"https:\/\/www.booksonthemove.fr\/#organization"},"potentialAction":[{"@type":"SearchAction","target":{"@type":"EntryPoint","urlTemplate":"https:\/\/www.booksonthemove.fr\/?s={search_term_string}"},"query-input":{"@type":"PropertyValueSpecification","valueRequired":true,"valueName":"search_term_string"}}],"inLanguage":"en-US"},{"@type":"Organization","@id":"https:\/\/www.booksonthemove.fr\/#organization","name":"Books on the Move","url":"https:\/\/www.booksonthemove.fr\/","logo":{"@type":"ImageObject","inLanguage":"en-US","@id":"https:\/\/www.booksonthemove.fr\/#\/schema\/logo\/image\/","url":"https:\/\/www.booksonthemove.fr\/media\/logo-NB-400.jpg","contentUrl":"https:\/\/www.booksonthemove.fr\/media\/logo-NB-400.jpg","width":400,"height":143,"caption":"Books on the Move"},"image":{"@id":"https:\/\/www.booksonthemove.fr\/#\/schema\/logo\/image\/"},"sameAs":["https:\/\/www.facebook.com\/Librairiebooksonthemove\/"]}]}},"_links":{"self":[{"href":"https:\/\/www.booksonthemove.fr\/en\/wp-json\/wp\/v2\/product\/2939","targetHints":{"allow":["GET"]}}],"collection":[{"href":"https:\/\/www.booksonthemove.fr\/en\/wp-json\/wp\/v2\/product"}],"about":[{"href":"https:\/\/www.booksonthemove.fr\/en\/wp-json\/wp\/v2\/types\/product"}],"wp:featuredmedia":[{"embeddable":true,"href":"https:\/\/www.booksonthemove.fr\/en\/wp-json\/wp\/v2\/media\/1168"}],"wp:attachment":[{"href":"https:\/\/www.booksonthemove.fr\/en\/wp-json\/wp\/v2\/media?parent=2939"}],"wp:term":[{"taxonomy":"product_brand","embeddable":true,"href":"https:\/\/www.booksonthemove.fr\/en\/wp-json\/wp\/v2\/product_brand?post=2939"},{"taxonomy":"product_cat","embeddable":true,"href":"https:\/\/www.booksonthemove.fr\/en\/wp-json\/wp\/v2\/product_cat?post=2939"},{"taxonomy":"product_tag","embeddable":true,"href":"https:\/\/www.booksonthemove.fr\/en\/wp-json\/wp\/v2\/product_tag?post=2939"}],"curies":[{"name":"wp","href":"https:\/\/api.w.org\/{rel}","templated":true}]}}