{"id":2953,"date":"2016-08-28T01:57:16","date_gmt":"2016-08-27T23:57:16","guid":{"rendered":"https:\/\/www.booksonthemove.fr\/en\/product\/danses-noiresblanche-amerique\/"},"modified":"2024-09-23T16:24:44","modified_gmt":"2024-09-23T14:24:44","slug":"danses-noiresblanche-amerique","status":"publish","type":"product","link":"https:\/\/www.booksonthemove.fr\/en\/produit\/danses-noiresblanche-amerique\/","title":{"rendered":"Danses noires\/blanche Am\u00e9rique"},"content":{"rendered":"<p>Catalogue d&#8217;exposition.<br \/>\nPendant l\u2019entre-deux-guerres, les artistes afro-am\u00e9ricains proposent de nouvelles formes de danse de sc\u00e8ne dans les salles de spectacle. Cherchant \u00e0 s\u2019\u00e9loigner des claquettes et des danses de revue, ils commencent \u00e0 penser la danse comme un lieu de revendication sociale et raciale, de m\u00e9tissage, de m\u00e9moire culturelle et de repr\u00e9sentation de la diaspora. Les g\u00e9n\u00e9rations suivantes ne cessent de revisiter ces th\u00e8mes et d\u2019enrichir le r\u00e9pertoire, leurs chor\u00e9graphies se faisant l\u2019\u00e9cho de multiples bouleversements : la mobilisation pour la guerre, la lutte pour les droits civiques et le mouvement Black Power, la lib\u00e9ration f\u00e9ministe et homosexuelle, ainsi que le multiculturalisme croissant \u00e0 l\u2019\u00e2ge de la mondialisation. Cette exposition offre un tour d\u2019horizon des innombrables voies emprunt\u00e9es, au cours du XXe si\u00e8cle, par les chor\u00e9graphes et danseurs afro-am\u00e9ricains. Leurs cr\u00e9ations refl\u00e8tent leurs exp\u00e9riences de la vie moderne et interrogent le r\u00f4le complexe de la question raciale dans la culture am\u00e9ricaine.<\/p>\n","protected":false},"excerpt":{"rendered":"<p><b>Auteure : <\/b> Susan Manning sous la direction de Claire Rousier<br \/>\n<b>Editeur : <\/b>Centre national de la danse (2009)<\/p>\n<p><strong>Broch\u00e9 :<\/strong> 124 pages<br \/>\n<b>Langue : <\/b>Fran\u00e7ais<br \/>\n<strong>ISBN13 :<\/strong> 978-2-914124-37-9<\/p>\n","protected":false},"featured_media":1118,"template":"","meta":[],"product_brand":[],"product_cat":[203,225,147,150,162,136,252,145,148],"product_tag":[],"class_list":{"0":"post-2953","1":"product","2":"type-product","3":"status-publish","4":"has-post-thumbnail","6":"product_cat-ballroom-dance-en","7":"product_cat-exhibitions-catalogues-en","8":"product_cat-cultural-identity-en","9":"product_cat-united-states-en","10":"product_cat-french-en","11":"product_cat-histoire-en","12":"product_cat-danse-jazz-en","13":"product_cat-modern-dance-en","14":"product_cat-politics-en","16":"first","17":"instock","18":"taxable","19":"shipping-taxable","20":"purchasable","21":"product-type-simple"},"yoast_head":"<!-- This site is optimized with the Yoast SEO plugin v27.5 - https:\/\/yoast.com\/product\/yoast-seo-wordpress\/ -->\n<title>Danses noires\/blanche Am\u00e9rique - Books on the Move<\/title>\n<meta name=\"robots\" content=\"index, follow, max-snippet:-1, max-image-preview:large, max-video-preview:-1\" \/>\n<link rel=\"canonical\" href=\"https:\/\/www.booksonthemove.fr\/produit\/danses-noiresblanche-amerique\/\" \/>\n<meta property=\"og:locale\" content=\"en_US\" \/>\n<meta property=\"og:type\" content=\"article\" \/>\n<meta property=\"og:title\" content=\"Danses noires\/blanche Am\u00e9rique - Books on the Move\" \/>\n<meta property=\"og:description\" content=\"Auteure : Susan Manning sous la direction de Claire Rousier Editeur : Centre national de la danse (2009)  Broch\u00e9 : 124 pages Langue : Fran\u00e7ais ISBN13 : 978-2-914124-37-9\" \/>\n<meta property=\"og:url\" content=\"https:\/\/www.booksonthemove.fr\/produit\/danses-noiresblanche-amerique\/\" \/>\n<meta property=\"og:site_name\" content=\"Books on the Move\" \/>\n<meta property=\"article:publisher\" content=\"https:\/\/www.facebook.com\/Librairiebooksonthemove\/\" \/>\n<meta property=\"article:modified_time\" content=\"2024-09-23T14:24:44+00:00\" \/>\n<meta property=\"og:image\" content=\"https:\/\/www.booksonthemove.fr\/media\/bom_1093_0.jpg\" \/>\n\t<meta property=\"og:image:width\" content=\"900\" \/>\n\t<meta property=\"og:image:height\" content=\"1200\" \/>\n\t<meta property=\"og:image:type\" content=\"image\/jpeg\" \/>\n<meta name=\"twitter:card\" content=\"summary_large_image\" \/>\n<script type=\"application\/ld+json\" class=\"yoast-schema-graph\">{\"@context\":\"https:\\\/\\\/schema.org\",\"@graph\":[{\"@type\":\"WebPage\",\"@id\":\"https:\\\/\\\/www.booksonthemove.fr\\\/produit\\\/danses-noiresblanche-amerique\\\/\",\"url\":\"https:\\\/\\\/www.booksonthemove.fr\\\/produit\\\/danses-noiresblanche-amerique\\\/\",\"name\":\"Danses noires\\\/blanche Am\u00e9rique - Books on the Move\",\"isPartOf\":{\"@id\":\"https:\\\/\\\/www.booksonthemove.fr\\\/#website\"},\"primaryImageOfPage\":{\"@id\":\"https:\\\/\\\/www.booksonthemove.fr\\\/produit\\\/danses-noiresblanche-amerique\\\/#primaryimage\"},\"image\":{\"@id\":\"https:\\\/\\\/www.booksonthemove.fr\\\/produit\\\/danses-noiresblanche-amerique\\\/#primaryimage\"},\"thumbnailUrl\":\"https:\\\/\\\/www.booksonthemove.fr\\\/media\\\/bom_1093_0.jpg\",\"datePublished\":\"2016-08-27T23:57:16+00:00\",\"dateModified\":\"2024-09-23T14:24:44+00:00\",\"breadcrumb\":{\"@id\":\"https:\\\/\\\/www.booksonthemove.fr\\\/produit\\\/danses-noiresblanche-amerique\\\/#breadcrumb\"},\"inLanguage\":\"en-US\",\"potentialAction\":[{\"@type\":\"ReadAction\",\"target\":[\"https:\\\/\\\/www.booksonthemove.fr\\\/produit\\\/danses-noiresblanche-amerique\\\/\"]}]},{\"@type\":\"ImageObject\",\"inLanguage\":\"en-US\",\"@id\":\"https:\\\/\\\/www.booksonthemove.fr\\\/produit\\\/danses-noiresblanche-amerique\\\/#primaryimage\",\"url\":\"https:\\\/\\\/www.booksonthemove.fr\\\/media\\\/bom_1093_0.jpg\",\"contentUrl\":\"https:\\\/\\\/www.booksonthemove.fr\\\/media\\\/bom_1093_0.jpg\",\"width\":900,\"height\":1200,\"caption\":\"Danses noires\\\/blanche Am\u00e9rique\"},{\"@type\":\"BreadcrumbList\",\"@id\":\"https:\\\/\\\/www.booksonthemove.fr\\\/produit\\\/danses-noiresblanche-amerique\\\/#breadcrumb\",\"itemListElement\":[{\"@type\":\"ListItem\",\"position\":1,\"name\":\"Accueil\",\"item\":\"https:\\\/\\\/www.booksonthemove.fr\\\/en\\\/\"},{\"@type\":\"ListItem\",\"position\":2,\"name\":\"online store\",\"item\":\"https:\\\/\\\/www.booksonthemove.fr\\\/en\\\/online-shop\\\/\"},{\"@type\":\"ListItem\",\"position\":3,\"name\":\"Danses noires\\\/blanche Am\u00e9rique\"}]},{\"@type\":\"WebSite\",\"@id\":\"https:\\\/\\\/www.booksonthemove.fr\\\/#website\",\"url\":\"https:\\\/\\\/www.booksonthemove.fr\\\/\",\"name\":\"Books on the Move\",\"description\":\"librairie nomade - danse - mouvement - performance\",\"publisher\":{\"@id\":\"https:\\\/\\\/www.booksonthemove.fr\\\/#organization\"},\"potentialAction\":[{\"@type\":\"SearchAction\",\"target\":{\"@type\":\"EntryPoint\",\"urlTemplate\":\"https:\\\/\\\/www.booksonthemove.fr\\\/?s={search_term_string}\"},\"query-input\":{\"@type\":\"PropertyValueSpecification\",\"valueRequired\":true,\"valueName\":\"search_term_string\"}}],\"inLanguage\":\"en-US\"},{\"@type\":\"Organization\",\"@id\":\"https:\\\/\\\/www.booksonthemove.fr\\\/#organization\",\"name\":\"Books on the Move\",\"url\":\"https:\\\/\\\/www.booksonthemove.fr\\\/\",\"logo\":{\"@type\":\"ImageObject\",\"inLanguage\":\"en-US\",\"@id\":\"https:\\\/\\\/www.booksonthemove.fr\\\/#\\\/schema\\\/logo\\\/image\\\/\",\"url\":\"https:\\\/\\\/www.booksonthemove.fr\\\/media\\\/logo-NB-400.jpg\",\"contentUrl\":\"https:\\\/\\\/www.booksonthemove.fr\\\/media\\\/logo-NB-400.jpg\",\"width\":400,\"height\":143,\"caption\":\"Books on the Move\"},\"image\":{\"@id\":\"https:\\\/\\\/www.booksonthemove.fr\\\/#\\\/schema\\\/logo\\\/image\\\/\"},\"sameAs\":[\"https:\\\/\\\/www.facebook.com\\\/Librairiebooksonthemove\\\/\"]}]}<\/script>\n<!-- \/ Yoast SEO plugin. -->","yoast_head_json":{"title":"Danses noires\/blanche Am\u00e9rique - Books on the Move","robots":{"index":"index","follow":"follow","max-snippet":"max-snippet:-1","max-image-preview":"max-image-preview:large","max-video-preview":"max-video-preview:-1"},"canonical":"https:\/\/www.booksonthemove.fr\/produit\/danses-noiresblanche-amerique\/","og_locale":"en_US","og_type":"article","og_title":"Danses noires\/blanche Am\u00e9rique - Books on the Move","og_description":"Auteure : Susan Manning sous la direction de Claire Rousier Editeur : Centre national de la danse (2009)  Broch\u00e9 : 124 pages Langue : Fran\u00e7ais ISBN13 : 978-2-914124-37-9","og_url":"https:\/\/www.booksonthemove.fr\/produit\/danses-noiresblanche-amerique\/","og_site_name":"Books on the Move","article_publisher":"https:\/\/www.facebook.com\/Librairiebooksonthemove\/","article_modified_time":"2024-09-23T14:24:44+00:00","og_image":[{"width":900,"height":1200,"url":"https:\/\/www.booksonthemove.fr\/media\/bom_1093_0.jpg","type":"image\/jpeg"}],"twitter_card":"summary_large_image","schema":{"@context":"https:\/\/schema.org","@graph":[{"@type":"WebPage","@id":"https:\/\/www.booksonthemove.fr\/produit\/danses-noiresblanche-amerique\/","url":"https:\/\/www.booksonthemove.fr\/produit\/danses-noiresblanche-amerique\/","name":"Danses noires\/blanche Am\u00e9rique - Books on the Move","isPartOf":{"@id":"https:\/\/www.booksonthemove.fr\/#website"},"primaryImageOfPage":{"@id":"https:\/\/www.booksonthemove.fr\/produit\/danses-noiresblanche-amerique\/#primaryimage"},"image":{"@id":"https:\/\/www.booksonthemove.fr\/produit\/danses-noiresblanche-amerique\/#primaryimage"},"thumbnailUrl":"https:\/\/www.booksonthemove.fr\/media\/bom_1093_0.jpg","datePublished":"2016-08-27T23:57:16+00:00","dateModified":"2024-09-23T14:24:44+00:00","breadcrumb":{"@id":"https:\/\/www.booksonthemove.fr\/produit\/danses-noiresblanche-amerique\/#breadcrumb"},"inLanguage":"en-US","potentialAction":[{"@type":"ReadAction","target":["https:\/\/www.booksonthemove.fr\/produit\/danses-noiresblanche-amerique\/"]}]},{"@type":"ImageObject","inLanguage":"en-US","@id":"https:\/\/www.booksonthemove.fr\/produit\/danses-noiresblanche-amerique\/#primaryimage","url":"https:\/\/www.booksonthemove.fr\/media\/bom_1093_0.jpg","contentUrl":"https:\/\/www.booksonthemove.fr\/media\/bom_1093_0.jpg","width":900,"height":1200,"caption":"Danses noires\/blanche Am\u00e9rique"},{"@type":"BreadcrumbList","@id":"https:\/\/www.booksonthemove.fr\/produit\/danses-noiresblanche-amerique\/#breadcrumb","itemListElement":[{"@type":"ListItem","position":1,"name":"Accueil","item":"https:\/\/www.booksonthemove.fr\/en\/"},{"@type":"ListItem","position":2,"name":"online store","item":"https:\/\/www.booksonthemove.fr\/en\/online-shop\/"},{"@type":"ListItem","position":3,"name":"Danses noires\/blanche Am\u00e9rique"}]},{"@type":"WebSite","@id":"https:\/\/www.booksonthemove.fr\/#website","url":"https:\/\/www.booksonthemove.fr\/","name":"Books on the Move","description":"librairie nomade - danse - mouvement - performance","publisher":{"@id":"https:\/\/www.booksonthemove.fr\/#organization"},"potentialAction":[{"@type":"SearchAction","target":{"@type":"EntryPoint","urlTemplate":"https:\/\/www.booksonthemove.fr\/?s={search_term_string}"},"query-input":{"@type":"PropertyValueSpecification","valueRequired":true,"valueName":"search_term_string"}}],"inLanguage":"en-US"},{"@type":"Organization","@id":"https:\/\/www.booksonthemove.fr\/#organization","name":"Books on the Move","url":"https:\/\/www.booksonthemove.fr\/","logo":{"@type":"ImageObject","inLanguage":"en-US","@id":"https:\/\/www.booksonthemove.fr\/#\/schema\/logo\/image\/","url":"https:\/\/www.booksonthemove.fr\/media\/logo-NB-400.jpg","contentUrl":"https:\/\/www.booksonthemove.fr\/media\/logo-NB-400.jpg","width":400,"height":143,"caption":"Books on the Move"},"image":{"@id":"https:\/\/www.booksonthemove.fr\/#\/schema\/logo\/image\/"},"sameAs":["https:\/\/www.facebook.com\/Librairiebooksonthemove\/"]}]}},"_links":{"self":[{"href":"https:\/\/www.booksonthemove.fr\/en\/wp-json\/wp\/v2\/product\/2953","targetHints":{"allow":["GET"]}}],"collection":[{"href":"https:\/\/www.booksonthemove.fr\/en\/wp-json\/wp\/v2\/product"}],"about":[{"href":"https:\/\/www.booksonthemove.fr\/en\/wp-json\/wp\/v2\/types\/product"}],"wp:featuredmedia":[{"embeddable":true,"href":"https:\/\/www.booksonthemove.fr\/en\/wp-json\/wp\/v2\/media\/1118"}],"wp:attachment":[{"href":"https:\/\/www.booksonthemove.fr\/en\/wp-json\/wp\/v2\/media?parent=2953"}],"wp:term":[{"taxonomy":"product_brand","embeddable":true,"href":"https:\/\/www.booksonthemove.fr\/en\/wp-json\/wp\/v2\/product_brand?post=2953"},{"taxonomy":"product_cat","embeddable":true,"href":"https:\/\/www.booksonthemove.fr\/en\/wp-json\/wp\/v2\/product_cat?post=2953"},{"taxonomy":"product_tag","embeddable":true,"href":"https:\/\/www.booksonthemove.fr\/en\/wp-json\/wp\/v2\/product_tag?post=2953"}],"curies":[{"name":"wp","href":"https:\/\/api.w.org\/{rel}","templated":true}]}}