{"id":2979,"date":"2016-08-28T01:57:16","date_gmt":"2016-08-27T23:57:16","guid":{"rendered":"https:\/\/www.booksonthemove.fr\/en\/product\/robyn-orlin-fantaisiste-rebelle\/"},"modified":"2025-05-27T14:46:10","modified_gmt":"2025-05-27T12:46:10","slug":"robyn-orlin-fantaisiste-rebelle","status":"publish","type":"product","link":"https:\/\/www.booksonthemove.fr\/en\/produit\/robyn-orlin-fantaisiste-rebelle\/","title":{"rendered":"Robyn Orlin: fantaisiste rebelle"},"content":{"rendered":"<p>Chor\u00e9graphe majeure de la sc\u00e8ne internationale, Robyn Orlin a longtemps \u00e9t\u00e9 per\u00e7ue comme l\u2019enfant terrible de la danse sud-africaine avant sa reconnaissance en Europe au d\u00e9but des ann\u00e9es 2000. Jusqu\u2019\u00e0 signer, en 2007, la chor\u00e9graphie de L\u2019Allegro, il Penseroso ed il Moderato pour l\u2019Op\u00e9ra de Paris.<\/p>\n<p>Ce livre retrace son parcours personnel et artistique, de Johannesburg \u00e0 Berlin, de New York \u00e0 Paris, en passant par Londres. N\u00e9e de parents juifs d\u2019Europe de l\u2019Est ayant fui la menace nazie, marqu\u00e9e dans sa jeunesse par la lutte contre l\u2019apartheid, Robyn Orlin n\u2019a jamais dissoci\u00e9 ses partis pris esth\u00e9tiques de son engagement politique. Olivier Hespel nous r\u00e9v\u00e8le une artiste instinctive, dr\u00f4le et rebelle \u2013 \u00e0 l\u2019image de ses pi\u00e8ces \u2013, convaincue que &#8216;l\u2019art ne sert \u00e0 rien, s\u2019il n\u2019est en prise avec le r\u00e9el&#8217;.<\/p>\n<p>&#8216;La beaut\u00e9 au th\u00e9\u00e2tre ne m&#8217;int\u00e9resse pas. Ni la technique des acteurs ou des danseurs. C&#8217;est leur humanit\u00e9 que je cherche.&#8217; &#8216;Refuser de figer les choses, mettre du mouvement et donc de la contradiction, voil\u00e0 tr\u00e8s exactement ma fonction d&#8217;artiste.&#8217;<\/p>\n","protected":false},"excerpt":{"rendered":"<p><b>Auteur: <\/b> Olivier Hespel<br \/>\n<strong>Editeurs:<\/strong> Centre national de la danse et \u00e9ditions de l&#8217;attribut (2007)<\/p>\n<p><strong>Broch\u00e9:<\/strong> 97 pages<br \/>\n<b>Langue: <\/b>Fran\u00e7ais<br \/>\n<strong>ISBN13:<\/strong> 978-2-916002-07-1<\/p>\n","protected":false},"featured_media":1096,"template":"","meta":[],"product_brand":[],"product_cat":[260,153,149,162],"product_tag":[],"class_list":{"0":"post-2979","1":"product","2":"type-product","3":"status-publish","4":"has-post-thumbnail","6":"product_cat-africa","7":"product_cat-biographies-autobiographies-en","8":"product_cat-contemporary-dance-en","9":"product_cat-french-en","11":"first","12":"instock","13":"purchasable","14":"product-type-simple"},"yoast_head":"<!-- This site is optimized with the Yoast SEO plugin v27.4 - https:\/\/yoast.com\/product\/yoast-seo-wordpress\/ -->\n<title>Robyn Orlin: fantaisiste rebelle - Books on the Move<\/title>\n<meta name=\"robots\" content=\"index, follow, max-snippet:-1, max-image-preview:large, max-video-preview:-1\" \/>\n<link rel=\"canonical\" href=\"https:\/\/www.booksonthemove.fr\/produit\/robyn-orlin-fantaisiste-rebelle\/\" \/>\n<meta property=\"og:locale\" content=\"en_US\" \/>\n<meta property=\"og:type\" content=\"article\" \/>\n<meta property=\"og:title\" content=\"Robyn Orlin: fantaisiste rebelle - Books on the Move\" \/>\n<meta property=\"og:description\" content=\"Auteur: Olivier Hespel Editeurs: Centre national de la danse et \u00e9ditions de l&#039;attribut (2007)  Broch\u00e9: 97 pages Langue: Fran\u00e7ais ISBN13: 978-2-916002-07-1\" \/>\n<meta property=\"og:url\" content=\"https:\/\/www.booksonthemove.fr\/produit\/robyn-orlin-fantaisiste-rebelle\/\" \/>\n<meta property=\"og:site_name\" content=\"Books on the Move\" \/>\n<meta property=\"article:publisher\" content=\"https:\/\/www.facebook.com\/Librairiebooksonthemove\/\" \/>\n<meta property=\"article:modified_time\" content=\"2025-05-27T12:46:10+00:00\" \/>\n<meta property=\"og:image\" content=\"https:\/\/www.booksonthemove.fr\/media\/bom_1073_0.jpg\" \/>\n\t<meta property=\"og:image:width\" content=\"900\" \/>\n\t<meta property=\"og:image:height\" content=\"1403\" \/>\n\t<meta property=\"og:image:type\" content=\"image\/jpeg\" \/>\n<meta name=\"twitter:card\" content=\"summary_large_image\" \/>\n<script type=\"application\/ld+json\" class=\"yoast-schema-graph\">{\"@context\":\"https:\\\/\\\/schema.org\",\"@graph\":[{\"@type\":\"WebPage\",\"@id\":\"https:\\\/\\\/www.booksonthemove.fr\\\/produit\\\/robyn-orlin-fantaisiste-rebelle\\\/\",\"url\":\"https:\\\/\\\/www.booksonthemove.fr\\\/produit\\\/robyn-orlin-fantaisiste-rebelle\\\/\",\"name\":\"Robyn Orlin: fantaisiste rebelle - Books on the Move\",\"isPartOf\":{\"@id\":\"https:\\\/\\\/www.booksonthemove.fr\\\/#website\"},\"primaryImageOfPage\":{\"@id\":\"https:\\\/\\\/www.booksonthemove.fr\\\/produit\\\/robyn-orlin-fantaisiste-rebelle\\\/#primaryimage\"},\"image\":{\"@id\":\"https:\\\/\\\/www.booksonthemove.fr\\\/produit\\\/robyn-orlin-fantaisiste-rebelle\\\/#primaryimage\"},\"thumbnailUrl\":\"https:\\\/\\\/www.booksonthemove.fr\\\/media\\\/bom_1073_0.jpg\",\"datePublished\":\"2016-08-27T23:57:16+00:00\",\"dateModified\":\"2025-05-27T12:46:10+00:00\",\"breadcrumb\":{\"@id\":\"https:\\\/\\\/www.booksonthemove.fr\\\/produit\\\/robyn-orlin-fantaisiste-rebelle\\\/#breadcrumb\"},\"inLanguage\":\"en-US\",\"potentialAction\":[{\"@type\":\"ReadAction\",\"target\":[\"https:\\\/\\\/www.booksonthemove.fr\\\/produit\\\/robyn-orlin-fantaisiste-rebelle\\\/\"]}]},{\"@type\":\"ImageObject\",\"inLanguage\":\"en-US\",\"@id\":\"https:\\\/\\\/www.booksonthemove.fr\\\/produit\\\/robyn-orlin-fantaisiste-rebelle\\\/#primaryimage\",\"url\":\"https:\\\/\\\/www.booksonthemove.fr\\\/media\\\/bom_1073_0.jpg\",\"contentUrl\":\"https:\\\/\\\/www.booksonthemove.fr\\\/media\\\/bom_1073_0.jpg\",\"width\":900,\"height\":1403,\"caption\":\"Robyn Orlin: fantaisiste rebelle\"},{\"@type\":\"BreadcrumbList\",\"@id\":\"https:\\\/\\\/www.booksonthemove.fr\\\/produit\\\/robyn-orlin-fantaisiste-rebelle\\\/#breadcrumb\",\"itemListElement\":[{\"@type\":\"ListItem\",\"position\":1,\"name\":\"Accueil\",\"item\":\"https:\\\/\\\/www.booksonthemove.fr\\\/en\\\/\"},{\"@type\":\"ListItem\",\"position\":2,\"name\":\"online store\",\"item\":\"https:\\\/\\\/www.booksonthemove.fr\\\/en\\\/online-shop\\\/\"},{\"@type\":\"ListItem\",\"position\":3,\"name\":\"Robyn Orlin: fantaisiste rebelle\"}]},{\"@type\":\"WebSite\",\"@id\":\"https:\\\/\\\/www.booksonthemove.fr\\\/#website\",\"url\":\"https:\\\/\\\/www.booksonthemove.fr\\\/\",\"name\":\"Books on the Move\",\"description\":\"librairie nomade - danse - mouvement - performance\",\"publisher\":{\"@id\":\"https:\\\/\\\/www.booksonthemove.fr\\\/#organization\"},\"potentialAction\":[{\"@type\":\"SearchAction\",\"target\":{\"@type\":\"EntryPoint\",\"urlTemplate\":\"https:\\\/\\\/www.booksonthemove.fr\\\/?s={search_term_string}\"},\"query-input\":{\"@type\":\"PropertyValueSpecification\",\"valueRequired\":true,\"valueName\":\"search_term_string\"}}],\"inLanguage\":\"en-US\"},{\"@type\":\"Organization\",\"@id\":\"https:\\\/\\\/www.booksonthemove.fr\\\/#organization\",\"name\":\"Books on the Move\",\"url\":\"https:\\\/\\\/www.booksonthemove.fr\\\/\",\"logo\":{\"@type\":\"ImageObject\",\"inLanguage\":\"en-US\",\"@id\":\"https:\\\/\\\/www.booksonthemove.fr\\\/#\\\/schema\\\/logo\\\/image\\\/\",\"url\":\"https:\\\/\\\/www.booksonthemove.fr\\\/media\\\/logo-NB-400.jpg\",\"contentUrl\":\"https:\\\/\\\/www.booksonthemove.fr\\\/media\\\/logo-NB-400.jpg\",\"width\":400,\"height\":143,\"caption\":\"Books on the Move\"},\"image\":{\"@id\":\"https:\\\/\\\/www.booksonthemove.fr\\\/#\\\/schema\\\/logo\\\/image\\\/\"},\"sameAs\":[\"https:\\\/\\\/www.facebook.com\\\/Librairiebooksonthemove\\\/\"]}]}<\/script>\n<!-- \/ Yoast SEO plugin. -->","yoast_head_json":{"title":"Robyn Orlin: fantaisiste rebelle - Books on the Move","robots":{"index":"index","follow":"follow","max-snippet":"max-snippet:-1","max-image-preview":"max-image-preview:large","max-video-preview":"max-video-preview:-1"},"canonical":"https:\/\/www.booksonthemove.fr\/produit\/robyn-orlin-fantaisiste-rebelle\/","og_locale":"en_US","og_type":"article","og_title":"Robyn Orlin: fantaisiste rebelle - Books on the Move","og_description":"Auteur: Olivier Hespel Editeurs: Centre national de la danse et \u00e9ditions de l'attribut (2007)  Broch\u00e9: 97 pages Langue: Fran\u00e7ais ISBN13: 978-2-916002-07-1","og_url":"https:\/\/www.booksonthemove.fr\/produit\/robyn-orlin-fantaisiste-rebelle\/","og_site_name":"Books on the Move","article_publisher":"https:\/\/www.facebook.com\/Librairiebooksonthemove\/","article_modified_time":"2025-05-27T12:46:10+00:00","og_image":[{"width":900,"height":1403,"url":"https:\/\/www.booksonthemove.fr\/media\/bom_1073_0.jpg","type":"image\/jpeg"}],"twitter_card":"summary_large_image","schema":{"@context":"https:\/\/schema.org","@graph":[{"@type":"WebPage","@id":"https:\/\/www.booksonthemove.fr\/produit\/robyn-orlin-fantaisiste-rebelle\/","url":"https:\/\/www.booksonthemove.fr\/produit\/robyn-orlin-fantaisiste-rebelle\/","name":"Robyn Orlin: fantaisiste rebelle - Books on the Move","isPartOf":{"@id":"https:\/\/www.booksonthemove.fr\/#website"},"primaryImageOfPage":{"@id":"https:\/\/www.booksonthemove.fr\/produit\/robyn-orlin-fantaisiste-rebelle\/#primaryimage"},"image":{"@id":"https:\/\/www.booksonthemove.fr\/produit\/robyn-orlin-fantaisiste-rebelle\/#primaryimage"},"thumbnailUrl":"https:\/\/www.booksonthemove.fr\/media\/bom_1073_0.jpg","datePublished":"2016-08-27T23:57:16+00:00","dateModified":"2025-05-27T12:46:10+00:00","breadcrumb":{"@id":"https:\/\/www.booksonthemove.fr\/produit\/robyn-orlin-fantaisiste-rebelle\/#breadcrumb"},"inLanguage":"en-US","potentialAction":[{"@type":"ReadAction","target":["https:\/\/www.booksonthemove.fr\/produit\/robyn-orlin-fantaisiste-rebelle\/"]}]},{"@type":"ImageObject","inLanguage":"en-US","@id":"https:\/\/www.booksonthemove.fr\/produit\/robyn-orlin-fantaisiste-rebelle\/#primaryimage","url":"https:\/\/www.booksonthemove.fr\/media\/bom_1073_0.jpg","contentUrl":"https:\/\/www.booksonthemove.fr\/media\/bom_1073_0.jpg","width":900,"height":1403,"caption":"Robyn Orlin: fantaisiste rebelle"},{"@type":"BreadcrumbList","@id":"https:\/\/www.booksonthemove.fr\/produit\/robyn-orlin-fantaisiste-rebelle\/#breadcrumb","itemListElement":[{"@type":"ListItem","position":1,"name":"Accueil","item":"https:\/\/www.booksonthemove.fr\/en\/"},{"@type":"ListItem","position":2,"name":"online store","item":"https:\/\/www.booksonthemove.fr\/en\/online-shop\/"},{"@type":"ListItem","position":3,"name":"Robyn Orlin: fantaisiste rebelle"}]},{"@type":"WebSite","@id":"https:\/\/www.booksonthemove.fr\/#website","url":"https:\/\/www.booksonthemove.fr\/","name":"Books on the Move","description":"librairie nomade - danse - mouvement - performance","publisher":{"@id":"https:\/\/www.booksonthemove.fr\/#organization"},"potentialAction":[{"@type":"SearchAction","target":{"@type":"EntryPoint","urlTemplate":"https:\/\/www.booksonthemove.fr\/?s={search_term_string}"},"query-input":{"@type":"PropertyValueSpecification","valueRequired":true,"valueName":"search_term_string"}}],"inLanguage":"en-US"},{"@type":"Organization","@id":"https:\/\/www.booksonthemove.fr\/#organization","name":"Books on the Move","url":"https:\/\/www.booksonthemove.fr\/","logo":{"@type":"ImageObject","inLanguage":"en-US","@id":"https:\/\/www.booksonthemove.fr\/#\/schema\/logo\/image\/","url":"https:\/\/www.booksonthemove.fr\/media\/logo-NB-400.jpg","contentUrl":"https:\/\/www.booksonthemove.fr\/media\/logo-NB-400.jpg","width":400,"height":143,"caption":"Books on the Move"},"image":{"@id":"https:\/\/www.booksonthemove.fr\/#\/schema\/logo\/image\/"},"sameAs":["https:\/\/www.facebook.com\/Librairiebooksonthemove\/"]}]}},"_links":{"self":[{"href":"https:\/\/www.booksonthemove.fr\/en\/wp-json\/wp\/v2\/product\/2979","targetHints":{"allow":["GET"]}}],"collection":[{"href":"https:\/\/www.booksonthemove.fr\/en\/wp-json\/wp\/v2\/product"}],"about":[{"href":"https:\/\/www.booksonthemove.fr\/en\/wp-json\/wp\/v2\/types\/product"}],"wp:featuredmedia":[{"embeddable":true,"href":"https:\/\/www.booksonthemove.fr\/en\/wp-json\/wp\/v2\/media\/1096"}],"wp:attachment":[{"href":"https:\/\/www.booksonthemove.fr\/en\/wp-json\/wp\/v2\/media?parent=2979"}],"wp:term":[{"taxonomy":"product_brand","embeddable":true,"href":"https:\/\/www.booksonthemove.fr\/en\/wp-json\/wp\/v2\/product_brand?post=2979"},{"taxonomy":"product_cat","embeddable":true,"href":"https:\/\/www.booksonthemove.fr\/en\/wp-json\/wp\/v2\/product_cat?post=2979"},{"taxonomy":"product_tag","embeddable":true,"href":"https:\/\/www.booksonthemove.fr\/en\/wp-json\/wp\/v2\/product_tag?post=2979"}],"curies":[{"name":"wp","href":"https:\/\/api.w.org\/{rel}","templated":true}]}}