{"id":2980,"date":"2016-08-28T01:57:16","date_gmt":"2016-08-27T23:57:16","guid":{"rendered":"https:\/\/www.booksonthemove.fr\/en\/product\/dominique-bagouet-un-labyrinthe-danse\/"},"modified":"2025-04-09T22:37:08","modified_gmt":"2025-04-09T20:37:08","slug":"dominique-bagouet-un-labyrinthe-danse","status":"publish","type":"product","link":"https:\/\/www.booksonthemove.fr\/en\/produit\/dominique-bagouet-un-labyrinthe-danse\/","title":{"rendered":"Dominique Bagouet, un labyrinthe dans\u00e9"},"content":{"rendered":"<p>\u00c9tude exhaustive de l&#8217;oeuvre de Dominique Bagouet, l&#8217;ouvrage d&#8217;Isabelle Ginot pr\u00e9sente suivant l&#8217;ordre chronologique les diff\u00e9rentes cr\u00e9ations du chor\u00e9graphe. Chaque chapitre alterne analyse des pi\u00e8ces et suspensions r\u00e9flexives permettant de faire le point sur les enjeux esth\u00e9tiques propres \u00e0 chacune des p\u00e9riodes.<\/p>\n<p>Cet ouvrage est issu d&#8217;une s\u00e9rie de travaux de recherche dirig\u00e9e par Michel Bernard (D\u00e9partement danse de l&#8217;universit\u00e9 Paris VIII). Un document \u00e9clairant l&#8217;oeuvre de l&#8217;artiste, doubl\u00e9 d&#8217;un texte de r\u00e9f\u00e9rence mettant en place les premiers \u00e9l\u00e9ments pour l&#8217;analyse chor\u00e9graphique.<\/p>\n","protected":false},"excerpt":{"rendered":"<p><b>Auteur: <\/b> Isabelle Ginot<br \/>\n<b>Editeur: <\/b>Centre national de la danse (1999)<\/p>\n<p><strong>Broch\u00e9:<\/strong> 303 pages<br \/>\n<b>Langue: <\/b>Fran\u00e7ais<br \/>\n<strong>ISBN13:<\/strong> 978-2-914124-04-1<\/p>\n","protected":false},"featured_media":1098,"template":"","meta":[],"product_brand":[],"product_cat":[197,240,161,149,162,163,170],"product_tag":[],"class_list":{"0":"post-2980","1":"product","2":"type-product","3":"status-publish","4":"has-post-thumbnail","6":"product_cat-analysis-of-works-en","7":"product_cat-choreography-en","8":"product_cat-dance-criticism-en","9":"product_cat-contemporary-dance-en","10":"product_cat-french-en","11":"product_cat-france-en","12":"product_cat-artists-career-en","14":"first","15":"outofstock","16":"taxable","17":"shipping-taxable","18":"purchasable","19":"product-type-simple"},"yoast_head":"<!-- This site is optimized with the Yoast SEO plugin v27.5 - https:\/\/yoast.com\/product\/yoast-seo-wordpress\/ -->\n<title>Dominique Bagouet, un labyrinthe dans\u00e9 - Books on the Move<\/title>\n<meta name=\"robots\" content=\"index, follow, max-snippet:-1, max-image-preview:large, max-video-preview:-1\" \/>\n<link rel=\"canonical\" href=\"https:\/\/www.booksonthemove.fr\/produit\/dominique-bagouet-un-labyrinthe-danse\/\" \/>\n<meta property=\"og:locale\" content=\"en_US\" \/>\n<meta property=\"og:type\" content=\"article\" \/>\n<meta property=\"og:title\" content=\"Dominique Bagouet, un labyrinthe dans\u00e9 - Books on the Move\" \/>\n<meta property=\"og:description\" content=\"Auteur: Isabelle Ginot Editeur: Centre national de la danse (1999)  Broch\u00e9: 303 pages Langue: Fran\u00e7ais ISBN13: 978-2-914124-04-1\" \/>\n<meta property=\"og:url\" content=\"https:\/\/www.booksonthemove.fr\/produit\/dominique-bagouet-un-labyrinthe-danse\/\" \/>\n<meta property=\"og:site_name\" content=\"Books on the Move\" \/>\n<meta property=\"article:publisher\" content=\"https:\/\/www.facebook.com\/Librairiebooksonthemove\/\" \/>\n<meta property=\"article:modified_time\" content=\"2025-04-09T20:37:08+00:00\" \/>\n<meta property=\"og:image\" content=\"https:\/\/www.booksonthemove.fr\/media\/bom_1074_0.jpg\" \/>\n\t<meta property=\"og:image:width\" content=\"900\" \/>\n\t<meta property=\"og:image:height\" content=\"1200\" \/>\n\t<meta property=\"og:image:type\" content=\"image\/jpeg\" \/>\n<meta name=\"twitter:card\" content=\"summary_large_image\" \/>\n<script type=\"application\/ld+json\" class=\"yoast-schema-graph\">{\"@context\":\"https:\\\/\\\/schema.org\",\"@graph\":[{\"@type\":\"WebPage\",\"@id\":\"https:\\\/\\\/www.booksonthemove.fr\\\/produit\\\/dominique-bagouet-un-labyrinthe-danse\\\/\",\"url\":\"https:\\\/\\\/www.booksonthemove.fr\\\/produit\\\/dominique-bagouet-un-labyrinthe-danse\\\/\",\"name\":\"Dominique Bagouet, un labyrinthe dans\u00e9 - Books on the Move\",\"isPartOf\":{\"@id\":\"https:\\\/\\\/www.booksonthemove.fr\\\/#website\"},\"primaryImageOfPage\":{\"@id\":\"https:\\\/\\\/www.booksonthemove.fr\\\/produit\\\/dominique-bagouet-un-labyrinthe-danse\\\/#primaryimage\"},\"image\":{\"@id\":\"https:\\\/\\\/www.booksonthemove.fr\\\/produit\\\/dominique-bagouet-un-labyrinthe-danse\\\/#primaryimage\"},\"thumbnailUrl\":\"https:\\\/\\\/www.booksonthemove.fr\\\/media\\\/bom_1074_0.jpg\",\"datePublished\":\"2016-08-27T23:57:16+00:00\",\"dateModified\":\"2025-04-09T20:37:08+00:00\",\"breadcrumb\":{\"@id\":\"https:\\\/\\\/www.booksonthemove.fr\\\/produit\\\/dominique-bagouet-un-labyrinthe-danse\\\/#breadcrumb\"},\"inLanguage\":\"en-US\",\"potentialAction\":[{\"@type\":\"ReadAction\",\"target\":[\"https:\\\/\\\/www.booksonthemove.fr\\\/produit\\\/dominique-bagouet-un-labyrinthe-danse\\\/\"]}]},{\"@type\":\"ImageObject\",\"inLanguage\":\"en-US\",\"@id\":\"https:\\\/\\\/www.booksonthemove.fr\\\/produit\\\/dominique-bagouet-un-labyrinthe-danse\\\/#primaryimage\",\"url\":\"https:\\\/\\\/www.booksonthemove.fr\\\/media\\\/bom_1074_0.jpg\",\"contentUrl\":\"https:\\\/\\\/www.booksonthemove.fr\\\/media\\\/bom_1074_0.jpg\",\"width\":900,\"height\":1200,\"caption\":\"Dominique Bagouet\"},{\"@type\":\"BreadcrumbList\",\"@id\":\"https:\\\/\\\/www.booksonthemove.fr\\\/produit\\\/dominique-bagouet-un-labyrinthe-danse\\\/#breadcrumb\",\"itemListElement\":[{\"@type\":\"ListItem\",\"position\":1,\"name\":\"Accueil\",\"item\":\"https:\\\/\\\/www.booksonthemove.fr\\\/en\\\/\"},{\"@type\":\"ListItem\",\"position\":2,\"name\":\"online store\",\"item\":\"https:\\\/\\\/www.booksonthemove.fr\\\/en\\\/online-shop\\\/\"},{\"@type\":\"ListItem\",\"position\":3,\"name\":\"Dominique Bagouet, un labyrinthe dans\u00e9\"}]},{\"@type\":\"WebSite\",\"@id\":\"https:\\\/\\\/www.booksonthemove.fr\\\/#website\",\"url\":\"https:\\\/\\\/www.booksonthemove.fr\\\/\",\"name\":\"Books on the Move\",\"description\":\"librairie nomade - danse - mouvement - performance\",\"publisher\":{\"@id\":\"https:\\\/\\\/www.booksonthemove.fr\\\/#organization\"},\"potentialAction\":[{\"@type\":\"SearchAction\",\"target\":{\"@type\":\"EntryPoint\",\"urlTemplate\":\"https:\\\/\\\/www.booksonthemove.fr\\\/?s={search_term_string}\"},\"query-input\":{\"@type\":\"PropertyValueSpecification\",\"valueRequired\":true,\"valueName\":\"search_term_string\"}}],\"inLanguage\":\"en-US\"},{\"@type\":\"Organization\",\"@id\":\"https:\\\/\\\/www.booksonthemove.fr\\\/#organization\",\"name\":\"Books on the Move\",\"url\":\"https:\\\/\\\/www.booksonthemove.fr\\\/\",\"logo\":{\"@type\":\"ImageObject\",\"inLanguage\":\"en-US\",\"@id\":\"https:\\\/\\\/www.booksonthemove.fr\\\/#\\\/schema\\\/logo\\\/image\\\/\",\"url\":\"https:\\\/\\\/www.booksonthemove.fr\\\/media\\\/logo-NB-400.jpg\",\"contentUrl\":\"https:\\\/\\\/www.booksonthemove.fr\\\/media\\\/logo-NB-400.jpg\",\"width\":400,\"height\":143,\"caption\":\"Books on the Move\"},\"image\":{\"@id\":\"https:\\\/\\\/www.booksonthemove.fr\\\/#\\\/schema\\\/logo\\\/image\\\/\"},\"sameAs\":[\"https:\\\/\\\/www.facebook.com\\\/Librairiebooksonthemove\\\/\"]}]}<\/script>\n<!-- \/ Yoast SEO plugin. -->","yoast_head_json":{"title":"Dominique Bagouet, un labyrinthe dans\u00e9 - Books on the Move","robots":{"index":"index","follow":"follow","max-snippet":"max-snippet:-1","max-image-preview":"max-image-preview:large","max-video-preview":"max-video-preview:-1"},"canonical":"https:\/\/www.booksonthemove.fr\/produit\/dominique-bagouet-un-labyrinthe-danse\/","og_locale":"en_US","og_type":"article","og_title":"Dominique Bagouet, un labyrinthe dans\u00e9 - Books on the Move","og_description":"Auteur: Isabelle Ginot Editeur: Centre national de la danse (1999)  Broch\u00e9: 303 pages Langue: Fran\u00e7ais ISBN13: 978-2-914124-04-1","og_url":"https:\/\/www.booksonthemove.fr\/produit\/dominique-bagouet-un-labyrinthe-danse\/","og_site_name":"Books on the Move","article_publisher":"https:\/\/www.facebook.com\/Librairiebooksonthemove\/","article_modified_time":"2025-04-09T20:37:08+00:00","og_image":[{"width":900,"height":1200,"url":"https:\/\/www.booksonthemove.fr\/media\/bom_1074_0.jpg","type":"image\/jpeg"}],"twitter_card":"summary_large_image","schema":{"@context":"https:\/\/schema.org","@graph":[{"@type":"WebPage","@id":"https:\/\/www.booksonthemove.fr\/produit\/dominique-bagouet-un-labyrinthe-danse\/","url":"https:\/\/www.booksonthemove.fr\/produit\/dominique-bagouet-un-labyrinthe-danse\/","name":"Dominique Bagouet, un labyrinthe dans\u00e9 - Books on the Move","isPartOf":{"@id":"https:\/\/www.booksonthemove.fr\/#website"},"primaryImageOfPage":{"@id":"https:\/\/www.booksonthemove.fr\/produit\/dominique-bagouet-un-labyrinthe-danse\/#primaryimage"},"image":{"@id":"https:\/\/www.booksonthemove.fr\/produit\/dominique-bagouet-un-labyrinthe-danse\/#primaryimage"},"thumbnailUrl":"https:\/\/www.booksonthemove.fr\/media\/bom_1074_0.jpg","datePublished":"2016-08-27T23:57:16+00:00","dateModified":"2025-04-09T20:37:08+00:00","breadcrumb":{"@id":"https:\/\/www.booksonthemove.fr\/produit\/dominique-bagouet-un-labyrinthe-danse\/#breadcrumb"},"inLanguage":"en-US","potentialAction":[{"@type":"ReadAction","target":["https:\/\/www.booksonthemove.fr\/produit\/dominique-bagouet-un-labyrinthe-danse\/"]}]},{"@type":"ImageObject","inLanguage":"en-US","@id":"https:\/\/www.booksonthemove.fr\/produit\/dominique-bagouet-un-labyrinthe-danse\/#primaryimage","url":"https:\/\/www.booksonthemove.fr\/media\/bom_1074_0.jpg","contentUrl":"https:\/\/www.booksonthemove.fr\/media\/bom_1074_0.jpg","width":900,"height":1200,"caption":"Dominique Bagouet"},{"@type":"BreadcrumbList","@id":"https:\/\/www.booksonthemove.fr\/produit\/dominique-bagouet-un-labyrinthe-danse\/#breadcrumb","itemListElement":[{"@type":"ListItem","position":1,"name":"Accueil","item":"https:\/\/www.booksonthemove.fr\/en\/"},{"@type":"ListItem","position":2,"name":"online store","item":"https:\/\/www.booksonthemove.fr\/en\/online-shop\/"},{"@type":"ListItem","position":3,"name":"Dominique Bagouet, un labyrinthe dans\u00e9"}]},{"@type":"WebSite","@id":"https:\/\/www.booksonthemove.fr\/#website","url":"https:\/\/www.booksonthemove.fr\/","name":"Books on the Move","description":"librairie nomade - danse - mouvement - performance","publisher":{"@id":"https:\/\/www.booksonthemove.fr\/#organization"},"potentialAction":[{"@type":"SearchAction","target":{"@type":"EntryPoint","urlTemplate":"https:\/\/www.booksonthemove.fr\/?s={search_term_string}"},"query-input":{"@type":"PropertyValueSpecification","valueRequired":true,"valueName":"search_term_string"}}],"inLanguage":"en-US"},{"@type":"Organization","@id":"https:\/\/www.booksonthemove.fr\/#organization","name":"Books on the Move","url":"https:\/\/www.booksonthemove.fr\/","logo":{"@type":"ImageObject","inLanguage":"en-US","@id":"https:\/\/www.booksonthemove.fr\/#\/schema\/logo\/image\/","url":"https:\/\/www.booksonthemove.fr\/media\/logo-NB-400.jpg","contentUrl":"https:\/\/www.booksonthemove.fr\/media\/logo-NB-400.jpg","width":400,"height":143,"caption":"Books on the Move"},"image":{"@id":"https:\/\/www.booksonthemove.fr\/#\/schema\/logo\/image\/"},"sameAs":["https:\/\/www.facebook.com\/Librairiebooksonthemove\/"]}]}},"_links":{"self":[{"href":"https:\/\/www.booksonthemove.fr\/en\/wp-json\/wp\/v2\/product\/2980","targetHints":{"allow":["GET"]}}],"collection":[{"href":"https:\/\/www.booksonthemove.fr\/en\/wp-json\/wp\/v2\/product"}],"about":[{"href":"https:\/\/www.booksonthemove.fr\/en\/wp-json\/wp\/v2\/types\/product"}],"wp:featuredmedia":[{"embeddable":true,"href":"https:\/\/www.booksonthemove.fr\/en\/wp-json\/wp\/v2\/media\/1098"}],"wp:attachment":[{"href":"https:\/\/www.booksonthemove.fr\/en\/wp-json\/wp\/v2\/media?parent=2980"}],"wp:term":[{"taxonomy":"product_brand","embeddable":true,"href":"https:\/\/www.booksonthemove.fr\/en\/wp-json\/wp\/v2\/product_brand?post=2980"},{"taxonomy":"product_cat","embeddable":true,"href":"https:\/\/www.booksonthemove.fr\/en\/wp-json\/wp\/v2\/product_cat?post=2980"},{"taxonomy":"product_tag","embeddable":true,"href":"https:\/\/www.booksonthemove.fr\/en\/wp-json\/wp\/v2\/product_tag?post=2980"}],"curies":[{"name":"wp","href":"https:\/\/api.w.org\/{rel}","templated":true}]}}