{"id":29853,"date":"2021-02-21T14:57:31","date_gmt":"2021-02-21T13:57:31","guid":{"rendered":"https:\/\/www.booksonthemove.fr\/produit\/cahier-de-sentiers-n5-dune-rive-a-lautre-marcher-danser-ecrire\/"},"modified":"2022-11-26T00:12:09","modified_gmt":"2022-11-25T23:12:09","slug":"cahier-de-sentiers-n5-dune-rive-a-lautre-marcher-danser-ecrire","status":"publish","type":"product","link":"https:\/\/www.booksonthemove.fr\/en\/produit\/cahier-de-sentiers-n5-dune-rive-a-lautre-marcher-danser-ecrire\/","title":{"rendered":"Cahier de Sentiers n\u00b05 : D\u2019une rive \u00e0 l\u2019autre : marcher, danser,\u2026 \u00e9crire"},"content":{"rendered":"<p>En 2019, Sentiers donne une carte blanche \u00e0 Patricia Ferrara, danseuse et chor\u00e9graphe, qui a explor\u00e9 dans nombreux de ses projets la relation \u00e0 la nature. C\u2019est en s\u2019appuyant sur ses exp\u00e9rimentations qu\u2019elle propose un projet\u00a0 en bi nomme avec Christine Jouve, danseuse et chor\u00e9graphe, qui, depuis 2004, a particip\u00e9 \u00e0 diverses activit\u00e9s de Sentiers. Ce duo fait \u00e9cho \u00e0 la m\u00e9moire des activit\u00e9s de Sentiers sur un territoire rural c\u00e9venol et \u00e0 son ouverture\u00a0 vers de nouvelles \u00a0collaborations artistiques et territoriales.<\/p>\n<p>Ce cahier est issu de la journ\u00e9e du 1er septembre 2019.<br \/>\nIl\u00a0 regroupe des textes de Patricia Ferrara et Christine Jouve accompagn\u00e9s de dessins et textes des participants.<\/p>\n","protected":false},"excerpt":{"rendered":"<div class=\"product-short\">\n<p>Auteurs: Ouvrage collectif sous la direction de Patricia Ferrara et Christine Jouve<br \/>\nEditeur: Association Sentiers (2019)<\/p>\n<p>Format\u00a0d\u00e9pliant ( Leporello): 16 pages<br \/>\nLangue: Fran\u00e7ais<\/p>\n<\/div>\n","protected":false},"featured_media":29848,"template":"","meta":[],"product_brand":[],"product_cat":[212,162,352,292],"product_tag":[533,534],"class_list":{"0":"post-29853","1":"product","2":"type-product","3":"status-publish","4":"has-post-thumbnail","6":"product_cat-artists-books-en","7":"product_cat-french-en","8":"product_cat-la-marche-en","9":"product_cat-nature-en","10":"product_tag-christine-jouve-en","11":"product_tag-patricia-ferrara-en","13":"first","14":"outofstock","15":"taxable","16":"shipping-taxable","17":"purchasable","18":"product-type-simple"},"yoast_head":"<!-- This site is optimized with the Yoast SEO plugin v27.5 - https:\/\/yoast.com\/product\/yoast-seo-wordpress\/ -->\n<title>Cahier de Sentiers n\u00b05 : D\u2019une rive \u00e0 l\u2019autre : marcher, danser,\u2026 \u00e9crire - Books on the Move<\/title>\n<meta name=\"robots\" content=\"index, follow, max-snippet:-1, max-image-preview:large, max-video-preview:-1\" \/>\n<link rel=\"canonical\" href=\"https:\/\/www.booksonthemove.fr\/en\/produit\/cahier-de-sentiers-n5-dune-rive-a-lautre-marcher-danser-ecrire\/\" \/>\n<meta property=\"og:locale\" content=\"en_US\" \/>\n<meta property=\"og:type\" content=\"article\" \/>\n<meta property=\"og:title\" content=\"Cahier de Sentiers n\u00b05 : D\u2019une rive \u00e0 l\u2019autre : marcher, danser,\u2026 \u00e9crire - Books on the Move\" \/>\n<meta property=\"og:description\" content=\"Auteurs: Ouvrage collectif sous la direction de Patricia Ferrara et Christine Jouve Editeur: Association Sentiers (2019)  Format\u00a0d\u00e9pliant ( Leporello): 16 pages Langue: Fran\u00e7ais\" \/>\n<meta property=\"og:url\" content=\"https:\/\/www.booksonthemove.fr\/en\/produit\/cahier-de-sentiers-n5-dune-rive-a-lautre-marcher-danser-ecrire\/\" \/>\n<meta property=\"og:site_name\" content=\"Books on the Move\" \/>\n<meta property=\"article:publisher\" content=\"https:\/\/www.facebook.com\/Librairiebooksonthemove\/\" \/>\n<meta property=\"article:modified_time\" content=\"2022-11-25T23:12:09+00:00\" \/>\n<meta property=\"og:image\" content=\"https:\/\/www.booksonthemove.fr\/media\/bom_2282.1.jpg\" \/>\n\t<meta property=\"og:image:width\" content=\"900\" \/>\n\t<meta property=\"og:image:height\" content=\"641\" \/>\n\t<meta property=\"og:image:type\" content=\"image\/jpeg\" \/>\n<meta name=\"twitter:card\" content=\"summary_large_image\" \/>\n<script type=\"application\/ld+json\" class=\"yoast-schema-graph\">{\"@context\":\"https:\\\/\\\/schema.org\",\"@graph\":[{\"@type\":\"WebPage\",\"@id\":\"https:\\\/\\\/www.booksonthemove.fr\\\/en\\\/produit\\\/cahier-de-sentiers-n5-dune-rive-a-lautre-marcher-danser-ecrire\\\/\",\"url\":\"https:\\\/\\\/www.booksonthemove.fr\\\/en\\\/produit\\\/cahier-de-sentiers-n5-dune-rive-a-lautre-marcher-danser-ecrire\\\/\",\"name\":\"Cahier de Sentiers n\u00b05 : D\u2019une rive \u00e0 l\u2019autre : marcher, danser,\u2026 \u00e9crire - Books on the Move\",\"isPartOf\":{\"@id\":\"https:\\\/\\\/www.booksonthemove.fr\\\/#website\"},\"primaryImageOfPage\":{\"@id\":\"https:\\\/\\\/www.booksonthemove.fr\\\/en\\\/produit\\\/cahier-de-sentiers-n5-dune-rive-a-lautre-marcher-danser-ecrire\\\/#primaryimage\"},\"image\":{\"@id\":\"https:\\\/\\\/www.booksonthemove.fr\\\/en\\\/produit\\\/cahier-de-sentiers-n5-dune-rive-a-lautre-marcher-danser-ecrire\\\/#primaryimage\"},\"thumbnailUrl\":\"https:\\\/\\\/www.booksonthemove.fr\\\/media\\\/bom_2282.1.jpg\",\"datePublished\":\"2021-02-21T13:57:31+00:00\",\"dateModified\":\"2022-11-25T23:12:09+00:00\",\"breadcrumb\":{\"@id\":\"https:\\\/\\\/www.booksonthemove.fr\\\/en\\\/produit\\\/cahier-de-sentiers-n5-dune-rive-a-lautre-marcher-danser-ecrire\\\/#breadcrumb\"},\"inLanguage\":\"en-US\",\"potentialAction\":[{\"@type\":\"ReadAction\",\"target\":[\"https:\\\/\\\/www.booksonthemove.fr\\\/en\\\/produit\\\/cahier-de-sentiers-n5-dune-rive-a-lautre-marcher-danser-ecrire\\\/\"]}]},{\"@type\":\"ImageObject\",\"inLanguage\":\"en-US\",\"@id\":\"https:\\\/\\\/www.booksonthemove.fr\\\/en\\\/produit\\\/cahier-de-sentiers-n5-dune-rive-a-lautre-marcher-danser-ecrire\\\/#primaryimage\",\"url\":\"https:\\\/\\\/www.booksonthemove.fr\\\/media\\\/bom_2282.1.jpg\",\"contentUrl\":\"https:\\\/\\\/www.booksonthemove.fr\\\/media\\\/bom_2282.1.jpg\",\"width\":900,\"height\":641},{\"@type\":\"BreadcrumbList\",\"@id\":\"https:\\\/\\\/www.booksonthemove.fr\\\/en\\\/produit\\\/cahier-de-sentiers-n5-dune-rive-a-lautre-marcher-danser-ecrire\\\/#breadcrumb\",\"itemListElement\":[{\"@type\":\"ListItem\",\"position\":1,\"name\":\"Accueil\",\"item\":\"https:\\\/\\\/www.booksonthemove.fr\\\/en\\\/\"},{\"@type\":\"ListItem\",\"position\":2,\"name\":\"online store\",\"item\":\"https:\\\/\\\/www.booksonthemove.fr\\\/en\\\/online-shop\\\/\"},{\"@type\":\"ListItem\",\"position\":3,\"name\":\"Cahier de Sentiers n\u00b05 : D\u2019une rive \u00e0 l\u2019autre : marcher, danser,\u2026 \u00e9crire\"}]},{\"@type\":\"WebSite\",\"@id\":\"https:\\\/\\\/www.booksonthemove.fr\\\/#website\",\"url\":\"https:\\\/\\\/www.booksonthemove.fr\\\/\",\"name\":\"Books on the Move\",\"description\":\"librairie nomade - danse - mouvement - performance\",\"publisher\":{\"@id\":\"https:\\\/\\\/www.booksonthemove.fr\\\/#organization\"},\"potentialAction\":[{\"@type\":\"SearchAction\",\"target\":{\"@type\":\"EntryPoint\",\"urlTemplate\":\"https:\\\/\\\/www.booksonthemove.fr\\\/?s={search_term_string}\"},\"query-input\":{\"@type\":\"PropertyValueSpecification\",\"valueRequired\":true,\"valueName\":\"search_term_string\"}}],\"inLanguage\":\"en-US\"},{\"@type\":\"Organization\",\"@id\":\"https:\\\/\\\/www.booksonthemove.fr\\\/#organization\",\"name\":\"Books on the Move\",\"url\":\"https:\\\/\\\/www.booksonthemove.fr\\\/\",\"logo\":{\"@type\":\"ImageObject\",\"inLanguage\":\"en-US\",\"@id\":\"https:\\\/\\\/www.booksonthemove.fr\\\/#\\\/schema\\\/logo\\\/image\\\/\",\"url\":\"https:\\\/\\\/www.booksonthemove.fr\\\/media\\\/logo-NB-400.jpg\",\"contentUrl\":\"https:\\\/\\\/www.booksonthemove.fr\\\/media\\\/logo-NB-400.jpg\",\"width\":400,\"height\":143,\"caption\":\"Books on the Move\"},\"image\":{\"@id\":\"https:\\\/\\\/www.booksonthemove.fr\\\/#\\\/schema\\\/logo\\\/image\\\/\"},\"sameAs\":[\"https:\\\/\\\/www.facebook.com\\\/Librairiebooksonthemove\\\/\"]}]}<\/script>\n<!-- \/ Yoast SEO plugin. -->","yoast_head_json":{"title":"Cahier de Sentiers n\u00b05 : D\u2019une rive \u00e0 l\u2019autre : marcher, danser,\u2026 \u00e9crire - Books on the Move","robots":{"index":"index","follow":"follow","max-snippet":"max-snippet:-1","max-image-preview":"max-image-preview:large","max-video-preview":"max-video-preview:-1"},"canonical":"https:\/\/www.booksonthemove.fr\/en\/produit\/cahier-de-sentiers-n5-dune-rive-a-lautre-marcher-danser-ecrire\/","og_locale":"en_US","og_type":"article","og_title":"Cahier de Sentiers n\u00b05 : D\u2019une rive \u00e0 l\u2019autre : marcher, danser,\u2026 \u00e9crire - Books on the Move","og_description":"Auteurs: Ouvrage collectif sous la direction de Patricia Ferrara et Christine Jouve Editeur: Association Sentiers (2019)  Format\u00a0d\u00e9pliant ( Leporello): 16 pages Langue: Fran\u00e7ais","og_url":"https:\/\/www.booksonthemove.fr\/en\/produit\/cahier-de-sentiers-n5-dune-rive-a-lautre-marcher-danser-ecrire\/","og_site_name":"Books on the Move","article_publisher":"https:\/\/www.facebook.com\/Librairiebooksonthemove\/","article_modified_time":"2022-11-25T23:12:09+00:00","og_image":[{"width":900,"height":641,"url":"https:\/\/www.booksonthemove.fr\/media\/bom_2282.1.jpg","type":"image\/jpeg"}],"twitter_card":"summary_large_image","schema":{"@context":"https:\/\/schema.org","@graph":[{"@type":"WebPage","@id":"https:\/\/www.booksonthemove.fr\/en\/produit\/cahier-de-sentiers-n5-dune-rive-a-lautre-marcher-danser-ecrire\/","url":"https:\/\/www.booksonthemove.fr\/en\/produit\/cahier-de-sentiers-n5-dune-rive-a-lautre-marcher-danser-ecrire\/","name":"Cahier de Sentiers n\u00b05 : D\u2019une rive \u00e0 l\u2019autre : marcher, danser,\u2026 \u00e9crire - Books on the Move","isPartOf":{"@id":"https:\/\/www.booksonthemove.fr\/#website"},"primaryImageOfPage":{"@id":"https:\/\/www.booksonthemove.fr\/en\/produit\/cahier-de-sentiers-n5-dune-rive-a-lautre-marcher-danser-ecrire\/#primaryimage"},"image":{"@id":"https:\/\/www.booksonthemove.fr\/en\/produit\/cahier-de-sentiers-n5-dune-rive-a-lautre-marcher-danser-ecrire\/#primaryimage"},"thumbnailUrl":"https:\/\/www.booksonthemove.fr\/media\/bom_2282.1.jpg","datePublished":"2021-02-21T13:57:31+00:00","dateModified":"2022-11-25T23:12:09+00:00","breadcrumb":{"@id":"https:\/\/www.booksonthemove.fr\/en\/produit\/cahier-de-sentiers-n5-dune-rive-a-lautre-marcher-danser-ecrire\/#breadcrumb"},"inLanguage":"en-US","potentialAction":[{"@type":"ReadAction","target":["https:\/\/www.booksonthemove.fr\/en\/produit\/cahier-de-sentiers-n5-dune-rive-a-lautre-marcher-danser-ecrire\/"]}]},{"@type":"ImageObject","inLanguage":"en-US","@id":"https:\/\/www.booksonthemove.fr\/en\/produit\/cahier-de-sentiers-n5-dune-rive-a-lautre-marcher-danser-ecrire\/#primaryimage","url":"https:\/\/www.booksonthemove.fr\/media\/bom_2282.1.jpg","contentUrl":"https:\/\/www.booksonthemove.fr\/media\/bom_2282.1.jpg","width":900,"height":641},{"@type":"BreadcrumbList","@id":"https:\/\/www.booksonthemove.fr\/en\/produit\/cahier-de-sentiers-n5-dune-rive-a-lautre-marcher-danser-ecrire\/#breadcrumb","itemListElement":[{"@type":"ListItem","position":1,"name":"Accueil","item":"https:\/\/www.booksonthemove.fr\/en\/"},{"@type":"ListItem","position":2,"name":"online store","item":"https:\/\/www.booksonthemove.fr\/en\/online-shop\/"},{"@type":"ListItem","position":3,"name":"Cahier de Sentiers n\u00b05 : D\u2019une rive \u00e0 l\u2019autre : marcher, danser,\u2026 \u00e9crire"}]},{"@type":"WebSite","@id":"https:\/\/www.booksonthemove.fr\/#website","url":"https:\/\/www.booksonthemove.fr\/","name":"Books on the Move","description":"librairie nomade - danse - mouvement - performance","publisher":{"@id":"https:\/\/www.booksonthemove.fr\/#organization"},"potentialAction":[{"@type":"SearchAction","target":{"@type":"EntryPoint","urlTemplate":"https:\/\/www.booksonthemove.fr\/?s={search_term_string}"},"query-input":{"@type":"PropertyValueSpecification","valueRequired":true,"valueName":"search_term_string"}}],"inLanguage":"en-US"},{"@type":"Organization","@id":"https:\/\/www.booksonthemove.fr\/#organization","name":"Books on the Move","url":"https:\/\/www.booksonthemove.fr\/","logo":{"@type":"ImageObject","inLanguage":"en-US","@id":"https:\/\/www.booksonthemove.fr\/#\/schema\/logo\/image\/","url":"https:\/\/www.booksonthemove.fr\/media\/logo-NB-400.jpg","contentUrl":"https:\/\/www.booksonthemove.fr\/media\/logo-NB-400.jpg","width":400,"height":143,"caption":"Books on the Move"},"image":{"@id":"https:\/\/www.booksonthemove.fr\/#\/schema\/logo\/image\/"},"sameAs":["https:\/\/www.facebook.com\/Librairiebooksonthemove\/"]}]}},"_links":{"self":[{"href":"https:\/\/www.booksonthemove.fr\/en\/wp-json\/wp\/v2\/product\/29853","targetHints":{"allow":["GET"]}}],"collection":[{"href":"https:\/\/www.booksonthemove.fr\/en\/wp-json\/wp\/v2\/product"}],"about":[{"href":"https:\/\/www.booksonthemove.fr\/en\/wp-json\/wp\/v2\/types\/product"}],"wp:featuredmedia":[{"embeddable":true,"href":"https:\/\/www.booksonthemove.fr\/en\/wp-json\/wp\/v2\/media\/29848"}],"wp:attachment":[{"href":"https:\/\/www.booksonthemove.fr\/en\/wp-json\/wp\/v2\/media?parent=29853"}],"wp:term":[{"taxonomy":"product_brand","embeddable":true,"href":"https:\/\/www.booksonthemove.fr\/en\/wp-json\/wp\/v2\/product_brand?post=29853"},{"taxonomy":"product_cat","embeddable":true,"href":"https:\/\/www.booksonthemove.fr\/en\/wp-json\/wp\/v2\/product_cat?post=29853"},{"taxonomy":"product_tag","embeddable":true,"href":"https:\/\/www.booksonthemove.fr\/en\/wp-json\/wp\/v2\/product_tag?post=29853"}],"curies":[{"name":"wp","href":"https:\/\/api.w.org\/{rel}","templated":true}]}}