{"id":30047,"date":"2021-02-24T14:50:35","date_gmt":"2021-02-24T13:50:35","guid":{"rendered":"https:\/\/www.booksonthemove.fr\/produit\/yoko-ono-liberte-conquerante-growing-freedom\/"},"modified":"2021-05-05T20:16:31","modified_gmt":"2021-05-05T18:16:31","slug":"yoko-ono-liberte-conquerante-growing-freedom","status":"publish","type":"product","link":"https:\/\/www.booksonthemove.fr\/en\/produit\/yoko-ono-liberte-conquerante-growing-freedom\/","title":{"rendered":"Yoko Ono &#8211; Libert\u00e9 Conqu\u00e9rante. Growing Freedom."},"content":{"rendered":"<p>Les instructions de Yoko Ono. L&#8217;art de John et de Yoko.<br \/>\nThe instructions of Yoko Ono. The art of John and Yoko.<\/p>\n<p>Conceptually based in the spirit of the revolutionary pocketbook, this publication underscores the cornerstones of action, participation and imagina tion in the work of Yoko Ono. Presented in two parts, the first part will focus on her \u2018instruction\u2019 works and emphasize the role of the visitor in their completion. The second part will present the arc of collaborative projects for peace undertaken by Yoko Ono and John Lennon, among these, the <em>Acorn Peace<\/em> project, the <em>War is Over<\/em> peace campaign, and their <em>Bed In<\/em> projects that will have taken place fifty years ago as of March 2019. Ultimately, this publication wishes to impart Yoko Ono\u2019s massive impact on contemporary art practices, art reception, and activism through art. The urgency and spirit of her work remain a key reference for the indivisibility of art and life, as well as the importance of non-violent action to inspire political and social change.<\/p>\n<p>Essays by\/Essais de C. Sim, G. B. Kvaran, C. Andrieux, M. Kin Gagnon, N. Seki<\/p>\n<p>Conceptuellement ancr\u00e9e dans l&#8217;esprit du livre de poche r\u00e9volutionnaire, la pr\u00e9sente publication souligne les fondements de l&#8217;action, de la participation et de l&#8217;imagination dans l&#8217;\u0153uvre de Yoko Ono. Elle est pr\u00e9sent\u00e9e en deux parties : la premi\u00e8re porte sur ses \u0153uvres instructions, qui mettent l&#8217;accent sur le r\u00f4le du visiteur dans leur ach\u00e8vement. La deuxi\u00e8me partie est consacr\u00e9e \u00e0 des projets d&#8217;art collaboratifs pour la paix entrepris par Yoko Ono et John Lennon, come la campagne pour la paix\u00a0<em>War Is Over\u00a0<\/em>et leurs\u00a0<em>bed-in,\u00a0<\/em>qui ont f\u00eate leurs 50 ans en mars 2019. Le but ultime de cette publication est de faire conna\u00eetre l&#8217;influence majeure de Yoko Ono sur les pratiques de l&#8217;art contemporain, la r\u00e9ception de l&#8217;art et l&#8217;activisme par l&#8217;art. L&#8217;urgence et l&#8217;esprit de son \u0153uvre et de celui qu&#8217;elle a produit avec John Lennon demeurent une r\u00e9f\u00e9rence incontournable pour le caract\u00e8re indivisible de l&#8217;at et de la vie et pour l&#8217;importance de recourir \u00e0 des gestes non violents pour susciter des changement politiques et sociaux.<\/p>\n","protected":false},"excerpt":{"rendered":"<p><strong>Editors:<\/strong>\u00a0Gunnar B. Kvaran &amp; Cheryl Sim<br \/>\n<strong>Publisher:<\/strong> Hirmer Verlag (2019)<\/p>\n<p><strong>Softcover:<\/strong>\u00a0176 pages<br \/>\n<strong>Language:<\/strong>\u00a0French\/English<br \/>\n<strong>ISBN13:<\/strong> 978-3-7774-3324-0<\/p>\n","protected":false},"featured_media":30044,"template":"","meta":[],"product_brand":[],"product_cat":[135,227,162,160,243,152,148],"product_tag":[541,542,543,544],"class_list":{"0":"post-30047","1":"product","2":"type-product","3":"status-publish","4":"has-post-thumbnail","6":"product_cat-english-en","7":"product_cat-essays-en","8":"product_cat-french-en","9":"product_cat-happenings-en","10":"product_cat-scores-en","11":"product_cat-performance-en","12":"product_cat-politics-en","13":"product_tag-avant-garde-en","14":"product_tag-johne-lennon-en","15":"product_tag-political-art-en","16":"product_tag-yoko-ono-en","18":"first","19":"outofstock","20":"taxable","21":"shipping-taxable","22":"purchasable","23":"product-type-simple"},"yoast_head":"<!-- This site is optimized with the Yoast SEO plugin v27.4 - https:\/\/yoast.com\/product\/yoast-seo-wordpress\/ -->\n<title>Yoko Ono - Libert\u00e9 Conqu\u00e9rante. Growing Freedom. - Books on the Move<\/title>\n<meta name=\"robots\" content=\"index, follow, max-snippet:-1, max-image-preview:large, max-video-preview:-1\" \/>\n<link rel=\"canonical\" href=\"https:\/\/www.booksonthemove.fr\/en\/produit\/yoko-ono-liberte-conquerante-growing-freedom\/\" \/>\n<meta property=\"og:locale\" content=\"en_US\" \/>\n<meta property=\"og:type\" content=\"article\" \/>\n<meta property=\"og:title\" content=\"Yoko Ono - Libert\u00e9 Conqu\u00e9rante. Growing Freedom. - Books on the Move\" \/>\n<meta property=\"og:description\" content=\"Editors:\u00a0Gunnar B. Kvaran &amp; Cheryl Sim Publisher: Hirmer Verlag (2019)  Softcover:\u00a0176 pages Language:\u00a0French\/English ISBN13: 978-3-7774-3324-0\" \/>\n<meta property=\"og:url\" content=\"https:\/\/www.booksonthemove.fr\/en\/produit\/yoko-ono-liberte-conquerante-growing-freedom\/\" \/>\n<meta property=\"og:site_name\" content=\"Books on the Move\" \/>\n<meta property=\"article:publisher\" content=\"https:\/\/www.facebook.com\/Librairiebooksonthemove\/\" \/>\n<meta property=\"article:modified_time\" content=\"2021-05-05T18:16:31+00:00\" \/>\n<meta property=\"og:image\" content=\"https:\/\/www.booksonthemove.fr\/media\/bom_2290.jpg\" \/>\n\t<meta property=\"og:image:width\" content=\"900\" \/>\n\t<meta property=\"og:image:height\" content=\"1200\" \/>\n\t<meta property=\"og:image:type\" content=\"image\/jpeg\" \/>\n<meta name=\"twitter:card\" content=\"summary_large_image\" \/>\n<script type=\"application\/ld+json\" class=\"yoast-schema-graph\">{\"@context\":\"https:\\\/\\\/schema.org\",\"@graph\":[{\"@type\":\"WebPage\",\"@id\":\"https:\\\/\\\/www.booksonthemove.fr\\\/en\\\/produit\\\/yoko-ono-liberte-conquerante-growing-freedom\\\/\",\"url\":\"https:\\\/\\\/www.booksonthemove.fr\\\/en\\\/produit\\\/yoko-ono-liberte-conquerante-growing-freedom\\\/\",\"name\":\"Yoko Ono - Libert\u00e9 Conqu\u00e9rante. Growing Freedom. - Books on the Move\",\"isPartOf\":{\"@id\":\"https:\\\/\\\/www.booksonthemove.fr\\\/#website\"},\"primaryImageOfPage\":{\"@id\":\"https:\\\/\\\/www.booksonthemove.fr\\\/en\\\/produit\\\/yoko-ono-liberte-conquerante-growing-freedom\\\/#primaryimage\"},\"image\":{\"@id\":\"https:\\\/\\\/www.booksonthemove.fr\\\/en\\\/produit\\\/yoko-ono-liberte-conquerante-growing-freedom\\\/#primaryimage\"},\"thumbnailUrl\":\"https:\\\/\\\/www.booksonthemove.fr\\\/media\\\/bom_2290.jpg\",\"datePublished\":\"2021-02-24T13:50:35+00:00\",\"dateModified\":\"2021-05-05T18:16:31+00:00\",\"breadcrumb\":{\"@id\":\"https:\\\/\\\/www.booksonthemove.fr\\\/en\\\/produit\\\/yoko-ono-liberte-conquerante-growing-freedom\\\/#breadcrumb\"},\"inLanguage\":\"en-US\",\"potentialAction\":[{\"@type\":\"ReadAction\",\"target\":[\"https:\\\/\\\/www.booksonthemove.fr\\\/en\\\/produit\\\/yoko-ono-liberte-conquerante-growing-freedom\\\/\"]}]},{\"@type\":\"ImageObject\",\"inLanguage\":\"en-US\",\"@id\":\"https:\\\/\\\/www.booksonthemove.fr\\\/en\\\/produit\\\/yoko-ono-liberte-conquerante-growing-freedom\\\/#primaryimage\",\"url\":\"https:\\\/\\\/www.booksonthemove.fr\\\/media\\\/bom_2290.jpg\",\"contentUrl\":\"https:\\\/\\\/www.booksonthemove.fr\\\/media\\\/bom_2290.jpg\",\"width\":900,\"height\":1200},{\"@type\":\"BreadcrumbList\",\"@id\":\"https:\\\/\\\/www.booksonthemove.fr\\\/en\\\/produit\\\/yoko-ono-liberte-conquerante-growing-freedom\\\/#breadcrumb\",\"itemListElement\":[{\"@type\":\"ListItem\",\"position\":1,\"name\":\"Accueil\",\"item\":\"https:\\\/\\\/www.booksonthemove.fr\\\/en\\\/\"},{\"@type\":\"ListItem\",\"position\":2,\"name\":\"online store\",\"item\":\"https:\\\/\\\/www.booksonthemove.fr\\\/en\\\/online-shop\\\/\"},{\"@type\":\"ListItem\",\"position\":3,\"name\":\"Yoko Ono &#8211; Libert\u00e9 Conqu\u00e9rante. Growing Freedom.\"}]},{\"@type\":\"WebSite\",\"@id\":\"https:\\\/\\\/www.booksonthemove.fr\\\/#website\",\"url\":\"https:\\\/\\\/www.booksonthemove.fr\\\/\",\"name\":\"Books on the Move\",\"description\":\"librairie nomade - danse - mouvement - performance\",\"publisher\":{\"@id\":\"https:\\\/\\\/www.booksonthemove.fr\\\/#organization\"},\"potentialAction\":[{\"@type\":\"SearchAction\",\"target\":{\"@type\":\"EntryPoint\",\"urlTemplate\":\"https:\\\/\\\/www.booksonthemove.fr\\\/?s={search_term_string}\"},\"query-input\":{\"@type\":\"PropertyValueSpecification\",\"valueRequired\":true,\"valueName\":\"search_term_string\"}}],\"inLanguage\":\"en-US\"},{\"@type\":\"Organization\",\"@id\":\"https:\\\/\\\/www.booksonthemove.fr\\\/#organization\",\"name\":\"Books on the Move\",\"url\":\"https:\\\/\\\/www.booksonthemove.fr\\\/\",\"logo\":{\"@type\":\"ImageObject\",\"inLanguage\":\"en-US\",\"@id\":\"https:\\\/\\\/www.booksonthemove.fr\\\/#\\\/schema\\\/logo\\\/image\\\/\",\"url\":\"https:\\\/\\\/www.booksonthemove.fr\\\/media\\\/logo-NB-400.jpg\",\"contentUrl\":\"https:\\\/\\\/www.booksonthemove.fr\\\/media\\\/logo-NB-400.jpg\",\"width\":400,\"height\":143,\"caption\":\"Books on the Move\"},\"image\":{\"@id\":\"https:\\\/\\\/www.booksonthemove.fr\\\/#\\\/schema\\\/logo\\\/image\\\/\"},\"sameAs\":[\"https:\\\/\\\/www.facebook.com\\\/Librairiebooksonthemove\\\/\"]}]}<\/script>\n<!-- \/ Yoast SEO plugin. -->","yoast_head_json":{"title":"Yoko Ono - Libert\u00e9 Conqu\u00e9rante. Growing Freedom. - Books on the Move","robots":{"index":"index","follow":"follow","max-snippet":"max-snippet:-1","max-image-preview":"max-image-preview:large","max-video-preview":"max-video-preview:-1"},"canonical":"https:\/\/www.booksonthemove.fr\/en\/produit\/yoko-ono-liberte-conquerante-growing-freedom\/","og_locale":"en_US","og_type":"article","og_title":"Yoko Ono - Libert\u00e9 Conqu\u00e9rante. Growing Freedom. - Books on the Move","og_description":"Editors:\u00a0Gunnar B. Kvaran &amp; Cheryl Sim Publisher: Hirmer Verlag (2019)  Softcover:\u00a0176 pages Language:\u00a0French\/English ISBN13: 978-3-7774-3324-0","og_url":"https:\/\/www.booksonthemove.fr\/en\/produit\/yoko-ono-liberte-conquerante-growing-freedom\/","og_site_name":"Books on the Move","article_publisher":"https:\/\/www.facebook.com\/Librairiebooksonthemove\/","article_modified_time":"2021-05-05T18:16:31+00:00","og_image":[{"width":900,"height":1200,"url":"https:\/\/www.booksonthemove.fr\/media\/bom_2290.jpg","type":"image\/jpeg"}],"twitter_card":"summary_large_image","schema":{"@context":"https:\/\/schema.org","@graph":[{"@type":"WebPage","@id":"https:\/\/www.booksonthemove.fr\/en\/produit\/yoko-ono-liberte-conquerante-growing-freedom\/","url":"https:\/\/www.booksonthemove.fr\/en\/produit\/yoko-ono-liberte-conquerante-growing-freedom\/","name":"Yoko Ono - Libert\u00e9 Conqu\u00e9rante. Growing Freedom. - Books on the Move","isPartOf":{"@id":"https:\/\/www.booksonthemove.fr\/#website"},"primaryImageOfPage":{"@id":"https:\/\/www.booksonthemove.fr\/en\/produit\/yoko-ono-liberte-conquerante-growing-freedom\/#primaryimage"},"image":{"@id":"https:\/\/www.booksonthemove.fr\/en\/produit\/yoko-ono-liberte-conquerante-growing-freedom\/#primaryimage"},"thumbnailUrl":"https:\/\/www.booksonthemove.fr\/media\/bom_2290.jpg","datePublished":"2021-02-24T13:50:35+00:00","dateModified":"2021-05-05T18:16:31+00:00","breadcrumb":{"@id":"https:\/\/www.booksonthemove.fr\/en\/produit\/yoko-ono-liberte-conquerante-growing-freedom\/#breadcrumb"},"inLanguage":"en-US","potentialAction":[{"@type":"ReadAction","target":["https:\/\/www.booksonthemove.fr\/en\/produit\/yoko-ono-liberte-conquerante-growing-freedom\/"]}]},{"@type":"ImageObject","inLanguage":"en-US","@id":"https:\/\/www.booksonthemove.fr\/en\/produit\/yoko-ono-liberte-conquerante-growing-freedom\/#primaryimage","url":"https:\/\/www.booksonthemove.fr\/media\/bom_2290.jpg","contentUrl":"https:\/\/www.booksonthemove.fr\/media\/bom_2290.jpg","width":900,"height":1200},{"@type":"BreadcrumbList","@id":"https:\/\/www.booksonthemove.fr\/en\/produit\/yoko-ono-liberte-conquerante-growing-freedom\/#breadcrumb","itemListElement":[{"@type":"ListItem","position":1,"name":"Accueil","item":"https:\/\/www.booksonthemove.fr\/en\/"},{"@type":"ListItem","position":2,"name":"online store","item":"https:\/\/www.booksonthemove.fr\/en\/online-shop\/"},{"@type":"ListItem","position":3,"name":"Yoko Ono &#8211; Libert\u00e9 Conqu\u00e9rante. Growing Freedom."}]},{"@type":"WebSite","@id":"https:\/\/www.booksonthemove.fr\/#website","url":"https:\/\/www.booksonthemove.fr\/","name":"Books on the Move","description":"librairie nomade - danse - mouvement - performance","publisher":{"@id":"https:\/\/www.booksonthemove.fr\/#organization"},"potentialAction":[{"@type":"SearchAction","target":{"@type":"EntryPoint","urlTemplate":"https:\/\/www.booksonthemove.fr\/?s={search_term_string}"},"query-input":{"@type":"PropertyValueSpecification","valueRequired":true,"valueName":"search_term_string"}}],"inLanguage":"en-US"},{"@type":"Organization","@id":"https:\/\/www.booksonthemove.fr\/#organization","name":"Books on the Move","url":"https:\/\/www.booksonthemove.fr\/","logo":{"@type":"ImageObject","inLanguage":"en-US","@id":"https:\/\/www.booksonthemove.fr\/#\/schema\/logo\/image\/","url":"https:\/\/www.booksonthemove.fr\/media\/logo-NB-400.jpg","contentUrl":"https:\/\/www.booksonthemove.fr\/media\/logo-NB-400.jpg","width":400,"height":143,"caption":"Books on the Move"},"image":{"@id":"https:\/\/www.booksonthemove.fr\/#\/schema\/logo\/image\/"},"sameAs":["https:\/\/www.facebook.com\/Librairiebooksonthemove\/"]}]}},"_links":{"self":[{"href":"https:\/\/www.booksonthemove.fr\/en\/wp-json\/wp\/v2\/product\/30047","targetHints":{"allow":["GET"]}}],"collection":[{"href":"https:\/\/www.booksonthemove.fr\/en\/wp-json\/wp\/v2\/product"}],"about":[{"href":"https:\/\/www.booksonthemove.fr\/en\/wp-json\/wp\/v2\/types\/product"}],"wp:featuredmedia":[{"embeddable":true,"href":"https:\/\/www.booksonthemove.fr\/en\/wp-json\/wp\/v2\/media\/30044"}],"wp:attachment":[{"href":"https:\/\/www.booksonthemove.fr\/en\/wp-json\/wp\/v2\/media?parent=30047"}],"wp:term":[{"taxonomy":"product_brand","embeddable":true,"href":"https:\/\/www.booksonthemove.fr\/en\/wp-json\/wp\/v2\/product_brand?post=30047"},{"taxonomy":"product_cat","embeddable":true,"href":"https:\/\/www.booksonthemove.fr\/en\/wp-json\/wp\/v2\/product_cat?post=30047"},{"taxonomy":"product_tag","embeddable":true,"href":"https:\/\/www.booksonthemove.fr\/en\/wp-json\/wp\/v2\/product_tag?post=30047"}],"curies":[{"name":"wp","href":"https:\/\/api.w.org\/{rel}","templated":true}]}}