{"id":32314,"date":"2021-04-26T07:28:00","date_gmt":"2021-04-26T05:28:00","guid":{"rendered":"https:\/\/bom2.directchezmoi.com\/produit\/le-corps-collectif-danser-linvisible\/"},"modified":"2022-08-19T17:31:46","modified_gmt":"2022-08-19T15:31:46","slug":"le-corps-collectif-danser-linvisible","status":"publish","type":"product","link":"https:\/\/www.booksonthemove.fr\/en\/produit\/le-corps-collectif-danser-linvisible\/","title":{"rendered":"Le Corps collectif. Danser l&#8217;invisible"},"content":{"rendered":"<p>Pendant sept ans, Baudoin assiste \u00e0 des r\u00e9p\u00e9titions de danse. Fascin\u00e9 par l&#8217;\u00e9nergie vivante des danseurs, il dessine des heures durant, tentant de restituer l&#8217;exp\u00e9rience sensorielle qui se joue devant lui. L&#8217;artiste peint les corps en mouvement et, entre po\u00e9sie et \u00e9motion, nous raconte une mani\u00e8re d&#8217;\u00eatre au monde.<\/p>\n","protected":false},"excerpt":{"rendered":"<p><strong>Auteur:<\/strong> Baudoin<\/p>\n<p><strong>Editeur:<\/strong> Gallimard &#8211; bande dessin\u00e9e (2019)<\/p>\n<p><strong>Cartonn\u00e9:<\/strong>\u00a072 pages<\/p>\n<p><strong>Langue:<\/strong> Fran\u00e7ais<\/p>\n<p><strong>ISBN13:<\/strong> 978-2-075-10971-0<\/p>\n","protected":false},"featured_media":32141,"template":"","meta":[],"product_brand":[],"product_cat":[213,162],"product_tag":[],"class_list":{"0":"post-32314","1":"product","2":"type-product","3":"status-publish","4":"has-post-thumbnail","6":"product_cat-comics-en","7":"product_cat-french-en","9":"first","10":"outofstock","11":"taxable","12":"shipping-taxable","13":"purchasable","14":"product-type-simple"},"yoast_head":"<!-- This site is optimized with the Yoast SEO plugin v27.5 - https:\/\/yoast.com\/product\/yoast-seo-wordpress\/ -->\n<title>Le Corps collectif. Danser l&#039;invisible - Books on the Move<\/title>\n<meta name=\"robots\" content=\"index, follow, max-snippet:-1, max-image-preview:large, max-video-preview:-1\" \/>\n<link rel=\"canonical\" href=\"https:\/\/www.booksonthemove.fr\/en\/produit\/le-corps-collectif-danser-linvisible\/\" \/>\n<meta property=\"og:locale\" content=\"en_US\" \/>\n<meta property=\"og:type\" content=\"article\" \/>\n<meta property=\"og:title\" content=\"Le Corps collectif. Danser l&#039;invisible - Books on the Move\" \/>\n<meta property=\"og:description\" content=\"Auteur: Baudoin  Editeur: Gallimard - bande dessin\u00e9e (2019)   Cartonn\u00e9:\u00a072 pages  Langue: Fran\u00e7ais  ISBN13: 978-2-075-10971-0\" \/>\n<meta property=\"og:url\" content=\"https:\/\/www.booksonthemove.fr\/en\/produit\/le-corps-collectif-danser-linvisible\/\" \/>\n<meta property=\"og:site_name\" content=\"Books on the Move\" \/>\n<meta property=\"article:publisher\" content=\"https:\/\/www.facebook.com\/Librairiebooksonthemove\/\" \/>\n<meta property=\"article:modified_time\" content=\"2022-08-19T15:31:46+00:00\" \/>\n<meta property=\"og:image\" content=\"https:\/\/www.booksonthemove.fr\/media\/bom_2331.jpg\" \/>\n\t<meta property=\"og:image:width\" content=\"900\" \/>\n\t<meta property=\"og:image:height\" content=\"1232\" \/>\n\t<meta property=\"og:image:type\" content=\"image\/jpeg\" \/>\n<meta name=\"twitter:card\" content=\"summary_large_image\" \/>\n<script type=\"application\/ld+json\" class=\"yoast-schema-graph\">{\"@context\":\"https:\\\/\\\/schema.org\",\"@graph\":[{\"@type\":\"WebPage\",\"@id\":\"https:\\\/\\\/www.booksonthemove.fr\\\/en\\\/produit\\\/le-corps-collectif-danser-linvisible\\\/\",\"url\":\"https:\\\/\\\/www.booksonthemove.fr\\\/en\\\/produit\\\/le-corps-collectif-danser-linvisible\\\/\",\"name\":\"Le Corps collectif. Danser l'invisible - Books on the Move\",\"isPartOf\":{\"@id\":\"https:\\\/\\\/www.booksonthemove.fr\\\/#website\"},\"primaryImageOfPage\":{\"@id\":\"https:\\\/\\\/www.booksonthemove.fr\\\/en\\\/produit\\\/le-corps-collectif-danser-linvisible\\\/#primaryimage\"},\"image\":{\"@id\":\"https:\\\/\\\/www.booksonthemove.fr\\\/en\\\/produit\\\/le-corps-collectif-danser-linvisible\\\/#primaryimage\"},\"thumbnailUrl\":\"https:\\\/\\\/www.booksonthemove.fr\\\/media\\\/bom_2331.jpg\",\"datePublished\":\"2021-04-26T05:28:00+00:00\",\"dateModified\":\"2022-08-19T15:31:46+00:00\",\"breadcrumb\":{\"@id\":\"https:\\\/\\\/www.booksonthemove.fr\\\/en\\\/produit\\\/le-corps-collectif-danser-linvisible\\\/#breadcrumb\"},\"inLanguage\":\"en-US\",\"potentialAction\":[{\"@type\":\"ReadAction\",\"target\":[\"https:\\\/\\\/www.booksonthemove.fr\\\/en\\\/produit\\\/le-corps-collectif-danser-linvisible\\\/\"]}]},{\"@type\":\"ImageObject\",\"inLanguage\":\"en-US\",\"@id\":\"https:\\\/\\\/www.booksonthemove.fr\\\/en\\\/produit\\\/le-corps-collectif-danser-linvisible\\\/#primaryimage\",\"url\":\"https:\\\/\\\/www.booksonthemove.fr\\\/media\\\/bom_2331.jpg\",\"contentUrl\":\"https:\\\/\\\/www.booksonthemove.fr\\\/media\\\/bom_2331.jpg\",\"width\":900,\"height\":1232},{\"@type\":\"BreadcrumbList\",\"@id\":\"https:\\\/\\\/www.booksonthemove.fr\\\/en\\\/produit\\\/le-corps-collectif-danser-linvisible\\\/#breadcrumb\",\"itemListElement\":[{\"@type\":\"ListItem\",\"position\":1,\"name\":\"Accueil\",\"item\":\"https:\\\/\\\/www.booksonthemove.fr\\\/en\\\/\"},{\"@type\":\"ListItem\",\"position\":2,\"name\":\"online store\",\"item\":\"https:\\\/\\\/www.booksonthemove.fr\\\/en\\\/online-shop\\\/\"},{\"@type\":\"ListItem\",\"position\":3,\"name\":\"Le Corps collectif. Danser l&#8217;invisible\"}]},{\"@type\":\"WebSite\",\"@id\":\"https:\\\/\\\/www.booksonthemove.fr\\\/#website\",\"url\":\"https:\\\/\\\/www.booksonthemove.fr\\\/\",\"name\":\"Books on the Move\",\"description\":\"librairie nomade - danse - mouvement - performance\",\"publisher\":{\"@id\":\"https:\\\/\\\/www.booksonthemove.fr\\\/#organization\"},\"potentialAction\":[{\"@type\":\"SearchAction\",\"target\":{\"@type\":\"EntryPoint\",\"urlTemplate\":\"https:\\\/\\\/www.booksonthemove.fr\\\/?s={search_term_string}\"},\"query-input\":{\"@type\":\"PropertyValueSpecification\",\"valueRequired\":true,\"valueName\":\"search_term_string\"}}],\"inLanguage\":\"en-US\"},{\"@type\":\"Organization\",\"@id\":\"https:\\\/\\\/www.booksonthemove.fr\\\/#organization\",\"name\":\"Books on the Move\",\"url\":\"https:\\\/\\\/www.booksonthemove.fr\\\/\",\"logo\":{\"@type\":\"ImageObject\",\"inLanguage\":\"en-US\",\"@id\":\"https:\\\/\\\/www.booksonthemove.fr\\\/#\\\/schema\\\/logo\\\/image\\\/\",\"url\":\"https:\\\/\\\/www.booksonthemove.fr\\\/media\\\/logo-NB-400.jpg\",\"contentUrl\":\"https:\\\/\\\/www.booksonthemove.fr\\\/media\\\/logo-NB-400.jpg\",\"width\":400,\"height\":143,\"caption\":\"Books on the Move\"},\"image\":{\"@id\":\"https:\\\/\\\/www.booksonthemove.fr\\\/#\\\/schema\\\/logo\\\/image\\\/\"},\"sameAs\":[\"https:\\\/\\\/www.facebook.com\\\/Librairiebooksonthemove\\\/\"]}]}<\/script>\n<!-- \/ Yoast SEO plugin. -->","yoast_head_json":{"title":"Le Corps collectif. Danser l'invisible - Books on the Move","robots":{"index":"index","follow":"follow","max-snippet":"max-snippet:-1","max-image-preview":"max-image-preview:large","max-video-preview":"max-video-preview:-1"},"canonical":"https:\/\/www.booksonthemove.fr\/en\/produit\/le-corps-collectif-danser-linvisible\/","og_locale":"en_US","og_type":"article","og_title":"Le Corps collectif. Danser l'invisible - Books on the Move","og_description":"Auteur: Baudoin  Editeur: Gallimard - bande dessin\u00e9e (2019)   Cartonn\u00e9:\u00a072 pages  Langue: Fran\u00e7ais  ISBN13: 978-2-075-10971-0","og_url":"https:\/\/www.booksonthemove.fr\/en\/produit\/le-corps-collectif-danser-linvisible\/","og_site_name":"Books on the Move","article_publisher":"https:\/\/www.facebook.com\/Librairiebooksonthemove\/","article_modified_time":"2022-08-19T15:31:46+00:00","og_image":[{"width":900,"height":1232,"url":"https:\/\/www.booksonthemove.fr\/media\/bom_2331.jpg","type":"image\/jpeg"}],"twitter_card":"summary_large_image","schema":{"@context":"https:\/\/schema.org","@graph":[{"@type":"WebPage","@id":"https:\/\/www.booksonthemove.fr\/en\/produit\/le-corps-collectif-danser-linvisible\/","url":"https:\/\/www.booksonthemove.fr\/en\/produit\/le-corps-collectif-danser-linvisible\/","name":"Le Corps collectif. Danser l'invisible - Books on the Move","isPartOf":{"@id":"https:\/\/www.booksonthemove.fr\/#website"},"primaryImageOfPage":{"@id":"https:\/\/www.booksonthemove.fr\/en\/produit\/le-corps-collectif-danser-linvisible\/#primaryimage"},"image":{"@id":"https:\/\/www.booksonthemove.fr\/en\/produit\/le-corps-collectif-danser-linvisible\/#primaryimage"},"thumbnailUrl":"https:\/\/www.booksonthemove.fr\/media\/bom_2331.jpg","datePublished":"2021-04-26T05:28:00+00:00","dateModified":"2022-08-19T15:31:46+00:00","breadcrumb":{"@id":"https:\/\/www.booksonthemove.fr\/en\/produit\/le-corps-collectif-danser-linvisible\/#breadcrumb"},"inLanguage":"en-US","potentialAction":[{"@type":"ReadAction","target":["https:\/\/www.booksonthemove.fr\/en\/produit\/le-corps-collectif-danser-linvisible\/"]}]},{"@type":"ImageObject","inLanguage":"en-US","@id":"https:\/\/www.booksonthemove.fr\/en\/produit\/le-corps-collectif-danser-linvisible\/#primaryimage","url":"https:\/\/www.booksonthemove.fr\/media\/bom_2331.jpg","contentUrl":"https:\/\/www.booksonthemove.fr\/media\/bom_2331.jpg","width":900,"height":1232},{"@type":"BreadcrumbList","@id":"https:\/\/www.booksonthemove.fr\/en\/produit\/le-corps-collectif-danser-linvisible\/#breadcrumb","itemListElement":[{"@type":"ListItem","position":1,"name":"Accueil","item":"https:\/\/www.booksonthemove.fr\/en\/"},{"@type":"ListItem","position":2,"name":"online store","item":"https:\/\/www.booksonthemove.fr\/en\/online-shop\/"},{"@type":"ListItem","position":3,"name":"Le Corps collectif. Danser l&#8217;invisible"}]},{"@type":"WebSite","@id":"https:\/\/www.booksonthemove.fr\/#website","url":"https:\/\/www.booksonthemove.fr\/","name":"Books on the Move","description":"librairie nomade - danse - mouvement - performance","publisher":{"@id":"https:\/\/www.booksonthemove.fr\/#organization"},"potentialAction":[{"@type":"SearchAction","target":{"@type":"EntryPoint","urlTemplate":"https:\/\/www.booksonthemove.fr\/?s={search_term_string}"},"query-input":{"@type":"PropertyValueSpecification","valueRequired":true,"valueName":"search_term_string"}}],"inLanguage":"en-US"},{"@type":"Organization","@id":"https:\/\/www.booksonthemove.fr\/#organization","name":"Books on the Move","url":"https:\/\/www.booksonthemove.fr\/","logo":{"@type":"ImageObject","inLanguage":"en-US","@id":"https:\/\/www.booksonthemove.fr\/#\/schema\/logo\/image\/","url":"https:\/\/www.booksonthemove.fr\/media\/logo-NB-400.jpg","contentUrl":"https:\/\/www.booksonthemove.fr\/media\/logo-NB-400.jpg","width":400,"height":143,"caption":"Books on the Move"},"image":{"@id":"https:\/\/www.booksonthemove.fr\/#\/schema\/logo\/image\/"},"sameAs":["https:\/\/www.facebook.com\/Librairiebooksonthemove\/"]}]}},"_links":{"self":[{"href":"https:\/\/www.booksonthemove.fr\/en\/wp-json\/wp\/v2\/product\/32314","targetHints":{"allow":["GET"]}}],"collection":[{"href":"https:\/\/www.booksonthemove.fr\/en\/wp-json\/wp\/v2\/product"}],"about":[{"href":"https:\/\/www.booksonthemove.fr\/en\/wp-json\/wp\/v2\/types\/product"}],"wp:featuredmedia":[{"embeddable":true,"href":"https:\/\/www.booksonthemove.fr\/en\/wp-json\/wp\/v2\/media\/32141"}],"wp:attachment":[{"href":"https:\/\/www.booksonthemove.fr\/en\/wp-json\/wp\/v2\/media?parent=32314"}],"wp:term":[{"taxonomy":"product_brand","embeddable":true,"href":"https:\/\/www.booksonthemove.fr\/en\/wp-json\/wp\/v2\/product_brand?post=32314"},{"taxonomy":"product_cat","embeddable":true,"href":"https:\/\/www.booksonthemove.fr\/en\/wp-json\/wp\/v2\/product_cat?post=32314"},{"taxonomy":"product_tag","embeddable":true,"href":"https:\/\/www.booksonthemove.fr\/en\/wp-json\/wp\/v2\/product_tag?post=32314"}],"curies":[{"name":"wp","href":"https:\/\/api.w.org\/{rel}","templated":true}]}}