{"id":32330,"date":"2021-04-26T07:27:10","date_gmt":"2021-04-26T05:27:10","guid":{"rendered":"https:\/\/bom2.directchezmoi.com\/produit\/un-meme-moment-dexistence\/"},"modified":"2021-04-26T07:27:10","modified_gmt":"2021-04-26T05:27:10","slug":"un-meme-moment-dexistence","status":"publish","type":"product","link":"https:\/\/www.booksonthemove.fr\/en\/produit\/un-meme-moment-dexistence\/","title":{"rendered":"Un m\u00eame moment d\u2019existence"},"content":{"rendered":"<p>Depuis 2003 la danseuse et chor\u00e9graphe Genevi\u00e8ve Pernin travaille sur la notion d\u2019intime. \u00ab Si vous avez cinq minutes, je viens danser rien que pour vous \u00bb est un spectacle pens\u00e9 pour les chambres d\u2019h\u00f4pitaux et les maisons de retraite : \u00ab cinq minutes d\u2019une intimit\u00e9 improbable, d\u2019un mouvement d\u00e9fiant l\u2019exigu\u00eft\u00e9 encombr\u00e9e d\u2019une chambre d\u2019h\u00f4pital. Cinq minutes d\u2019un \u00ab corps \u00e0 corps \u00bb entre le danseur et le patient.<\/p>\n<p>Durant les premi\u00e8res ann\u00e9es, Genevi\u00e8ve a pris des notes sur ces \u00ab moments d\u2019existence partag\u00e9e \u00bb. C\u2019est avant tout ce journal que ce livre donne \u00e0 lire, accompagn\u00e9e des photographies de Lin Delpierre.<span class=\"Apple-converted-space\">\u00a0<\/span><\/p>\n","protected":false},"excerpt":{"rendered":"<p><strong>Auteur:\u00a0<\/strong>Genevi\u00e8ve Pernin<span class=\"Apple-converted-space\"><\/p>\n<p><\/span><strong>Editeur:\u00a0<\/strong>M\u00e9diapop\u00e9ditions<span class=\"Apple-converted-space\">\u00a0\u00a0<\/span>(2013)<\/p>\n<p><strong>Broch\u00e9:<\/strong>\u00a083 pages<\/p>\n<p><strong>Langue:<\/strong> Fran\u00e7ais<\/p>\n<p><strong>ISBN13:\u00a0<\/strong>978-2-918932-15-4<span class=\"Apple-converted-space\">\u00a0<\/span><\/p>\n","protected":false},"featured_media":32099,"template":"","meta":[],"product_brand":[],"product_cat":[365,157,162,288,242],"product_tag":[],"class_list":{"0":"post-32330","1":"product","2":"type-product","3":"status-publish","4":"has-post-thumbnail","6":"product_cat-care-en","7":"product_cat-artists-writings-en","8":"product_cat-french-en","9":"product_cat-the-ageing-of-the-body","10":"product_cat-medecine-health-en","12":"first","13":"instock","14":"taxable","15":"shipping-taxable","16":"purchasable","17":"product-type-simple"},"yoast_head":"<!-- This site is optimized with the Yoast SEO plugin v27.4 - https:\/\/yoast.com\/product\/yoast-seo-wordpress\/ -->\n<title>Un m\u00eame moment d\u2019existence - Books on the Move<\/title>\n<meta name=\"robots\" content=\"index, follow, max-snippet:-1, max-image-preview:large, max-video-preview:-1\" \/>\n<link rel=\"canonical\" href=\"https:\/\/www.booksonthemove.fr\/en\/produit\/un-meme-moment-dexistence\/\" \/>\n<meta property=\"og:locale\" content=\"en_US\" \/>\n<meta property=\"og:type\" content=\"article\" \/>\n<meta property=\"og:title\" content=\"Un m\u00eame moment d\u2019existence - Books on the Move\" \/>\n<meta property=\"og:description\" content=\"Auteur:\u00a0Genevi\u00e8ve Pernin  Editeur:\u00a0M\u00e9diapop\u00e9ditions\u00a0\u00a0(2013)   Broch\u00e9:\u00a083 pages  Langue: Fran\u00e7ais  ISBN13:\u00a0978-2-918932-15-4\u00a0\" \/>\n<meta property=\"og:url\" content=\"https:\/\/www.booksonthemove.fr\/en\/produit\/un-meme-moment-dexistence\/\" \/>\n<meta property=\"og:site_name\" content=\"Books on the Move\" \/>\n<meta property=\"article:publisher\" content=\"https:\/\/www.facebook.com\/Librairiebooksonthemove\/\" \/>\n<meta property=\"og:image\" content=\"https:\/\/www.booksonthemove.fr\/media\/bom_2300-scaled-1.jpg\" \/>\n\t<meta property=\"og:image:width\" content=\"1705\" \/>\n\t<meta property=\"og:image:height\" content=\"2560\" \/>\n\t<meta property=\"og:image:type\" content=\"image\/jpeg\" \/>\n<meta name=\"twitter:card\" content=\"summary_large_image\" \/>\n<script type=\"application\/ld+json\" class=\"yoast-schema-graph\">{\"@context\":\"https:\\\/\\\/schema.org\",\"@graph\":[{\"@type\":\"WebPage\",\"@id\":\"https:\\\/\\\/www.booksonthemove.fr\\\/en\\\/produit\\\/un-meme-moment-dexistence\\\/\",\"url\":\"https:\\\/\\\/www.booksonthemove.fr\\\/en\\\/produit\\\/un-meme-moment-dexistence\\\/\",\"name\":\"Un m\u00eame moment d\u2019existence - Books on the Move\",\"isPartOf\":{\"@id\":\"https:\\\/\\\/www.booksonthemove.fr\\\/#website\"},\"primaryImageOfPage\":{\"@id\":\"https:\\\/\\\/www.booksonthemove.fr\\\/en\\\/produit\\\/un-meme-moment-dexistence\\\/#primaryimage\"},\"image\":{\"@id\":\"https:\\\/\\\/www.booksonthemove.fr\\\/en\\\/produit\\\/un-meme-moment-dexistence\\\/#primaryimage\"},\"thumbnailUrl\":\"https:\\\/\\\/www.booksonthemove.fr\\\/media\\\/bom_2300-scaled-1.jpg\",\"datePublished\":\"2021-04-26T05:27:10+00:00\",\"breadcrumb\":{\"@id\":\"https:\\\/\\\/www.booksonthemove.fr\\\/en\\\/produit\\\/un-meme-moment-dexistence\\\/#breadcrumb\"},\"inLanguage\":\"en-US\",\"potentialAction\":[{\"@type\":\"ReadAction\",\"target\":[\"https:\\\/\\\/www.booksonthemove.fr\\\/en\\\/produit\\\/un-meme-moment-dexistence\\\/\"]}]},{\"@type\":\"ImageObject\",\"inLanguage\":\"en-US\",\"@id\":\"https:\\\/\\\/www.booksonthemove.fr\\\/en\\\/produit\\\/un-meme-moment-dexistence\\\/#primaryimage\",\"url\":\"https:\\\/\\\/www.booksonthemove.fr\\\/media\\\/bom_2300-scaled-1.jpg\",\"contentUrl\":\"https:\\\/\\\/www.booksonthemove.fr\\\/media\\\/bom_2300-scaled-1.jpg\",\"width\":1705,\"height\":2560},{\"@type\":\"BreadcrumbList\",\"@id\":\"https:\\\/\\\/www.booksonthemove.fr\\\/en\\\/produit\\\/un-meme-moment-dexistence\\\/#breadcrumb\",\"itemListElement\":[{\"@type\":\"ListItem\",\"position\":1,\"name\":\"Accueil\",\"item\":\"https:\\\/\\\/www.booksonthemove.fr\\\/en\\\/\"},{\"@type\":\"ListItem\",\"position\":2,\"name\":\"online store\",\"item\":\"https:\\\/\\\/www.booksonthemove.fr\\\/en\\\/online-shop\\\/\"},{\"@type\":\"ListItem\",\"position\":3,\"name\":\"Un m\u00eame moment d\u2019existence\"}]},{\"@type\":\"WebSite\",\"@id\":\"https:\\\/\\\/www.booksonthemove.fr\\\/#website\",\"url\":\"https:\\\/\\\/www.booksonthemove.fr\\\/\",\"name\":\"Books on the Move\",\"description\":\"librairie nomade - danse - mouvement - performance\",\"publisher\":{\"@id\":\"https:\\\/\\\/www.booksonthemove.fr\\\/#organization\"},\"potentialAction\":[{\"@type\":\"SearchAction\",\"target\":{\"@type\":\"EntryPoint\",\"urlTemplate\":\"https:\\\/\\\/www.booksonthemove.fr\\\/?s={search_term_string}\"},\"query-input\":{\"@type\":\"PropertyValueSpecification\",\"valueRequired\":true,\"valueName\":\"search_term_string\"}}],\"inLanguage\":\"en-US\"},{\"@type\":\"Organization\",\"@id\":\"https:\\\/\\\/www.booksonthemove.fr\\\/#organization\",\"name\":\"Books on the Move\",\"url\":\"https:\\\/\\\/www.booksonthemove.fr\\\/\",\"logo\":{\"@type\":\"ImageObject\",\"inLanguage\":\"en-US\",\"@id\":\"https:\\\/\\\/www.booksonthemove.fr\\\/#\\\/schema\\\/logo\\\/image\\\/\",\"url\":\"https:\\\/\\\/www.booksonthemove.fr\\\/media\\\/logo-NB-400.jpg\",\"contentUrl\":\"https:\\\/\\\/www.booksonthemove.fr\\\/media\\\/logo-NB-400.jpg\",\"width\":400,\"height\":143,\"caption\":\"Books on the Move\"},\"image\":{\"@id\":\"https:\\\/\\\/www.booksonthemove.fr\\\/#\\\/schema\\\/logo\\\/image\\\/\"},\"sameAs\":[\"https:\\\/\\\/www.facebook.com\\\/Librairiebooksonthemove\\\/\"]}]}<\/script>\n<!-- \/ Yoast SEO plugin. -->","yoast_head_json":{"title":"Un m\u00eame moment d\u2019existence - Books on the Move","robots":{"index":"index","follow":"follow","max-snippet":"max-snippet:-1","max-image-preview":"max-image-preview:large","max-video-preview":"max-video-preview:-1"},"canonical":"https:\/\/www.booksonthemove.fr\/en\/produit\/un-meme-moment-dexistence\/","og_locale":"en_US","og_type":"article","og_title":"Un m\u00eame moment d\u2019existence - Books on the Move","og_description":"Auteur:\u00a0Genevi\u00e8ve Pernin  Editeur:\u00a0M\u00e9diapop\u00e9ditions\u00a0\u00a0(2013)   Broch\u00e9:\u00a083 pages  Langue: Fran\u00e7ais  ISBN13:\u00a0978-2-918932-15-4\u00a0","og_url":"https:\/\/www.booksonthemove.fr\/en\/produit\/un-meme-moment-dexistence\/","og_site_name":"Books on the Move","article_publisher":"https:\/\/www.facebook.com\/Librairiebooksonthemove\/","og_image":[{"width":1705,"height":2560,"url":"https:\/\/www.booksonthemove.fr\/media\/bom_2300-scaled-1.jpg","type":"image\/jpeg"}],"twitter_card":"summary_large_image","schema":{"@context":"https:\/\/schema.org","@graph":[{"@type":"WebPage","@id":"https:\/\/www.booksonthemove.fr\/en\/produit\/un-meme-moment-dexistence\/","url":"https:\/\/www.booksonthemove.fr\/en\/produit\/un-meme-moment-dexistence\/","name":"Un m\u00eame moment d\u2019existence - Books on the Move","isPartOf":{"@id":"https:\/\/www.booksonthemove.fr\/#website"},"primaryImageOfPage":{"@id":"https:\/\/www.booksonthemove.fr\/en\/produit\/un-meme-moment-dexistence\/#primaryimage"},"image":{"@id":"https:\/\/www.booksonthemove.fr\/en\/produit\/un-meme-moment-dexistence\/#primaryimage"},"thumbnailUrl":"https:\/\/www.booksonthemove.fr\/media\/bom_2300-scaled-1.jpg","datePublished":"2021-04-26T05:27:10+00:00","breadcrumb":{"@id":"https:\/\/www.booksonthemove.fr\/en\/produit\/un-meme-moment-dexistence\/#breadcrumb"},"inLanguage":"en-US","potentialAction":[{"@type":"ReadAction","target":["https:\/\/www.booksonthemove.fr\/en\/produit\/un-meme-moment-dexistence\/"]}]},{"@type":"ImageObject","inLanguage":"en-US","@id":"https:\/\/www.booksonthemove.fr\/en\/produit\/un-meme-moment-dexistence\/#primaryimage","url":"https:\/\/www.booksonthemove.fr\/media\/bom_2300-scaled-1.jpg","contentUrl":"https:\/\/www.booksonthemove.fr\/media\/bom_2300-scaled-1.jpg","width":1705,"height":2560},{"@type":"BreadcrumbList","@id":"https:\/\/www.booksonthemove.fr\/en\/produit\/un-meme-moment-dexistence\/#breadcrumb","itemListElement":[{"@type":"ListItem","position":1,"name":"Accueil","item":"https:\/\/www.booksonthemove.fr\/en\/"},{"@type":"ListItem","position":2,"name":"online store","item":"https:\/\/www.booksonthemove.fr\/en\/online-shop\/"},{"@type":"ListItem","position":3,"name":"Un m\u00eame moment d\u2019existence"}]},{"@type":"WebSite","@id":"https:\/\/www.booksonthemove.fr\/#website","url":"https:\/\/www.booksonthemove.fr\/","name":"Books on the Move","description":"librairie nomade - danse - mouvement - performance","publisher":{"@id":"https:\/\/www.booksonthemove.fr\/#organization"},"potentialAction":[{"@type":"SearchAction","target":{"@type":"EntryPoint","urlTemplate":"https:\/\/www.booksonthemove.fr\/?s={search_term_string}"},"query-input":{"@type":"PropertyValueSpecification","valueRequired":true,"valueName":"search_term_string"}}],"inLanguage":"en-US"},{"@type":"Organization","@id":"https:\/\/www.booksonthemove.fr\/#organization","name":"Books on the Move","url":"https:\/\/www.booksonthemove.fr\/","logo":{"@type":"ImageObject","inLanguage":"en-US","@id":"https:\/\/www.booksonthemove.fr\/#\/schema\/logo\/image\/","url":"https:\/\/www.booksonthemove.fr\/media\/logo-NB-400.jpg","contentUrl":"https:\/\/www.booksonthemove.fr\/media\/logo-NB-400.jpg","width":400,"height":143,"caption":"Books on the Move"},"image":{"@id":"https:\/\/www.booksonthemove.fr\/#\/schema\/logo\/image\/"},"sameAs":["https:\/\/www.facebook.com\/Librairiebooksonthemove\/"]}]}},"_links":{"self":[{"href":"https:\/\/www.booksonthemove.fr\/en\/wp-json\/wp\/v2\/product\/32330","targetHints":{"allow":["GET"]}}],"collection":[{"href":"https:\/\/www.booksonthemove.fr\/en\/wp-json\/wp\/v2\/product"}],"about":[{"href":"https:\/\/www.booksonthemove.fr\/en\/wp-json\/wp\/v2\/types\/product"}],"wp:featuredmedia":[{"embeddable":true,"href":"https:\/\/www.booksonthemove.fr\/en\/wp-json\/wp\/v2\/media\/32099"}],"wp:attachment":[{"href":"https:\/\/www.booksonthemove.fr\/en\/wp-json\/wp\/v2\/media?parent=32330"}],"wp:term":[{"taxonomy":"product_brand","embeddable":true,"href":"https:\/\/www.booksonthemove.fr\/en\/wp-json\/wp\/v2\/product_brand?post=32330"},{"taxonomy":"product_cat","embeddable":true,"href":"https:\/\/www.booksonthemove.fr\/en\/wp-json\/wp\/v2\/product_cat?post=32330"},{"taxonomy":"product_tag","embeddable":true,"href":"https:\/\/www.booksonthemove.fr\/en\/wp-json\/wp\/v2\/product_tag?post=32330"}],"curies":[{"name":"wp","href":"https:\/\/api.w.org\/{rel}","templated":true}]}}