{"id":32740,"date":"2021-06-30T23:19:01","date_gmt":"2021-06-30T21:19:01","guid":{"rendered":"https:\/\/www.booksonthemove.fr\/produit\/la-necessite-du-paysage\/"},"modified":"2025-06-24T15:08:53","modified_gmt":"2025-06-24T13:08:53","slug":"la-necessite-du-paysage","status":"publish","type":"product","link":"https:\/\/www.booksonthemove.fr\/en\/produit\/la-necessite-du-paysage\/","title":{"rendered":"La N\u00e9cessit\u00e9 du paysage"},"content":{"rendered":"<p>Il y a le paysage d\u00e9cor, marchandise esth\u00e9tique. Et il y a l\u2019autre, le paysage profond, essentiel, n\u00e9cessaire. Un paysage certes reflet et d\u00e9p\u00f4t des d\u00e9gradations que lui inflige l\u2019activit\u00e9 humaine<span class=\"fine\">\u00a0<\/span>; mais n\u00e9anmoins, dans le m\u00eame temps, miroir d\u2019aspirations, de pratiques et de d\u00e9sirs pour l\u2019habitabilit\u00e9 du monde. Les\u00a0signes se multiplient aujourd\u2019hui de nouveaux rapports \u00e0 la campagne et \u00e0 la ville. Des formes de vie diff\u00e9rentes cherchent \u00e0 s\u2019exp\u00e9ri\u00admenter, des g\u00e9ographies alternatives apparaissent, ouvrant des horizons nouveaux \u00e0 la pens\u00e9e du paysage et \u00e0 sa conception.<br class=\"autobr\" \/>C\u2019est de ce contexte et de ces perspectives que ce livre et la collection \u00e9ponyme qu\u2019il inaugure entendent t\u00e9moigner, dans une d\u00e9marche r\u00e9solument pluridisciplinaire.<br class=\"autobr\" \/>\u00c0 ce premier opus d\u2019une s\u00e9rie de monographies et d\u2019essais th\u00e9oriques, il revient d\u2019\u00e9tablir que le paysage est une donn\u00e9e constitutive et ineffa\u00e7able de l\u2019existence humaine\u00a0; qu\u2019il en est une condition, une absolue n\u00e9cessit\u00e9.<\/p>\n","protected":false},"excerpt":{"rendered":"<p><strong>AUTEUR :\u00a0<\/strong>Jean-Marc Besse<br \/>\n<strong>EDITEUR :<\/strong> \u00c9ditions Parenth\u00e8ses (2018)<\/p>\n<p><strong>BROCH\u00c9 :<\/strong>\u00a0120 pages<br \/>\n<strong>LANGUE :<\/strong> Fran\u00e7ais<br \/>\n<strong>ISBN13 :<\/strong> 978-2-86364-410-2<\/p>\n","protected":false},"featured_media":32739,"template":"","meta":[],"product_brand":[],"product_cat":[227,162,292],"product_tag":[],"class_list":{"0":"post-32740","1":"product","2":"type-product","3":"status-publish","4":"has-post-thumbnail","6":"product_cat-essays-en","7":"product_cat-french-en","8":"product_cat-nature-en","10":"first","11":"outofstock","12":"taxable","13":"shipping-taxable","14":"purchasable","15":"product-type-simple"},"yoast_head":"<!-- This site is optimized with the Yoast SEO plugin v27.5 - https:\/\/yoast.com\/product\/yoast-seo-wordpress\/ -->\n<title>La N\u00e9cessit\u00e9 du paysage - Books on the Move<\/title>\n<meta name=\"robots\" content=\"index, follow, max-snippet:-1, max-image-preview:large, max-video-preview:-1\" \/>\n<link rel=\"canonical\" href=\"https:\/\/www.booksonthemove.fr\/produit\/la-necessite-du-paysage\/\" \/>\n<meta property=\"og:locale\" content=\"en_US\" \/>\n<meta property=\"og:type\" content=\"article\" \/>\n<meta property=\"og:title\" content=\"La N\u00e9cessit\u00e9 du paysage - Books on the Move\" \/>\n<meta property=\"og:description\" content=\"AUTEUR :\u00a0Jean-Marc Besse EDITEUR : \u00c9ditions Parenth\u00e8ses (2018)  BROCH\u00c9 :\u00a0120 pages LANGUE : Fran\u00e7ais ISBN13 : 978-2-86364-410-2\" \/>\n<meta property=\"og:url\" content=\"https:\/\/www.booksonthemove.fr\/produit\/la-necessite-du-paysage\/\" \/>\n<meta property=\"og:site_name\" content=\"Books on the Move\" \/>\n<meta property=\"article:publisher\" content=\"https:\/\/www.facebook.com\/Librairiebooksonthemove\/\" \/>\n<meta property=\"article:modified_time\" content=\"2025-06-24T13:08:53+00:00\" \/>\n<meta property=\"og:image\" content=\"https:\/\/www.booksonthemove.fr\/media\/bom_2352.jpg\" \/>\n\t<meta property=\"og:image:width\" content=\"350\" \/>\n\t<meta property=\"og:image:height\" content=\"553\" \/>\n\t<meta property=\"og:image:type\" content=\"image\/jpeg\" \/>\n<meta name=\"twitter:card\" content=\"summary_large_image\" \/>\n<script type=\"application\/ld+json\" class=\"yoast-schema-graph\">{\"@context\":\"https:\\\/\\\/schema.org\",\"@graph\":[{\"@type\":\"WebPage\",\"@id\":\"https:\\\/\\\/www.booksonthemove.fr\\\/produit\\\/la-necessite-du-paysage\\\/\",\"url\":\"https:\\\/\\\/www.booksonthemove.fr\\\/produit\\\/la-necessite-du-paysage\\\/\",\"name\":\"La N\u00e9cessit\u00e9 du paysage - Books on the Move\",\"isPartOf\":{\"@id\":\"https:\\\/\\\/www.booksonthemove.fr\\\/#website\"},\"primaryImageOfPage\":{\"@id\":\"https:\\\/\\\/www.booksonthemove.fr\\\/produit\\\/la-necessite-du-paysage\\\/#primaryimage\"},\"image\":{\"@id\":\"https:\\\/\\\/www.booksonthemove.fr\\\/produit\\\/la-necessite-du-paysage\\\/#primaryimage\"},\"thumbnailUrl\":\"https:\\\/\\\/www.booksonthemove.fr\\\/media\\\/bom_2352.jpg\",\"datePublished\":\"2021-06-30T21:19:01+00:00\",\"dateModified\":\"2025-06-24T13:08:53+00:00\",\"breadcrumb\":{\"@id\":\"https:\\\/\\\/www.booksonthemove.fr\\\/produit\\\/la-necessite-du-paysage\\\/#breadcrumb\"},\"inLanguage\":\"en-US\",\"potentialAction\":[{\"@type\":\"ReadAction\",\"target\":[\"https:\\\/\\\/www.booksonthemove.fr\\\/produit\\\/la-necessite-du-paysage\\\/\"]}]},{\"@type\":\"ImageObject\",\"inLanguage\":\"en-US\",\"@id\":\"https:\\\/\\\/www.booksonthemove.fr\\\/produit\\\/la-necessite-du-paysage\\\/#primaryimage\",\"url\":\"https:\\\/\\\/www.booksonthemove.fr\\\/media\\\/bom_2352.jpg\",\"contentUrl\":\"https:\\\/\\\/www.booksonthemove.fr\\\/media\\\/bom_2352.jpg\",\"width\":350,\"height\":553},{\"@type\":\"BreadcrumbList\",\"@id\":\"https:\\\/\\\/www.booksonthemove.fr\\\/produit\\\/la-necessite-du-paysage\\\/#breadcrumb\",\"itemListElement\":[{\"@type\":\"ListItem\",\"position\":1,\"name\":\"Accueil\",\"item\":\"https:\\\/\\\/www.booksonthemove.fr\\\/en\\\/\"},{\"@type\":\"ListItem\",\"position\":2,\"name\":\"online store\",\"item\":\"https:\\\/\\\/www.booksonthemove.fr\\\/en\\\/online-shop\\\/\"},{\"@type\":\"ListItem\",\"position\":3,\"name\":\"La N\u00e9cessit\u00e9 du paysage\"}]},{\"@type\":\"WebSite\",\"@id\":\"https:\\\/\\\/www.booksonthemove.fr\\\/#website\",\"url\":\"https:\\\/\\\/www.booksonthemove.fr\\\/\",\"name\":\"Books on the Move\",\"description\":\"librairie nomade - danse - mouvement - performance\",\"publisher\":{\"@id\":\"https:\\\/\\\/www.booksonthemove.fr\\\/#organization\"},\"potentialAction\":[{\"@type\":\"SearchAction\",\"target\":{\"@type\":\"EntryPoint\",\"urlTemplate\":\"https:\\\/\\\/www.booksonthemove.fr\\\/?s={search_term_string}\"},\"query-input\":{\"@type\":\"PropertyValueSpecification\",\"valueRequired\":true,\"valueName\":\"search_term_string\"}}],\"inLanguage\":\"en-US\"},{\"@type\":\"Organization\",\"@id\":\"https:\\\/\\\/www.booksonthemove.fr\\\/#organization\",\"name\":\"Books on the Move\",\"url\":\"https:\\\/\\\/www.booksonthemove.fr\\\/\",\"logo\":{\"@type\":\"ImageObject\",\"inLanguage\":\"en-US\",\"@id\":\"https:\\\/\\\/www.booksonthemove.fr\\\/#\\\/schema\\\/logo\\\/image\\\/\",\"url\":\"https:\\\/\\\/www.booksonthemove.fr\\\/media\\\/logo-NB-400.jpg\",\"contentUrl\":\"https:\\\/\\\/www.booksonthemove.fr\\\/media\\\/logo-NB-400.jpg\",\"width\":400,\"height\":143,\"caption\":\"Books on the Move\"},\"image\":{\"@id\":\"https:\\\/\\\/www.booksonthemove.fr\\\/#\\\/schema\\\/logo\\\/image\\\/\"},\"sameAs\":[\"https:\\\/\\\/www.facebook.com\\\/Librairiebooksonthemove\\\/\"]}]}<\/script>\n<!-- \/ Yoast SEO plugin. -->","yoast_head_json":{"title":"La N\u00e9cessit\u00e9 du paysage - Books on the Move","robots":{"index":"index","follow":"follow","max-snippet":"max-snippet:-1","max-image-preview":"max-image-preview:large","max-video-preview":"max-video-preview:-1"},"canonical":"https:\/\/www.booksonthemove.fr\/produit\/la-necessite-du-paysage\/","og_locale":"en_US","og_type":"article","og_title":"La N\u00e9cessit\u00e9 du paysage - Books on the Move","og_description":"AUTEUR :\u00a0Jean-Marc Besse EDITEUR : \u00c9ditions Parenth\u00e8ses (2018)  BROCH\u00c9 :\u00a0120 pages LANGUE : Fran\u00e7ais ISBN13 : 978-2-86364-410-2","og_url":"https:\/\/www.booksonthemove.fr\/produit\/la-necessite-du-paysage\/","og_site_name":"Books on the Move","article_publisher":"https:\/\/www.facebook.com\/Librairiebooksonthemove\/","article_modified_time":"2025-06-24T13:08:53+00:00","og_image":[{"width":350,"height":553,"url":"https:\/\/www.booksonthemove.fr\/media\/bom_2352.jpg","type":"image\/jpeg"}],"twitter_card":"summary_large_image","schema":{"@context":"https:\/\/schema.org","@graph":[{"@type":"WebPage","@id":"https:\/\/www.booksonthemove.fr\/produit\/la-necessite-du-paysage\/","url":"https:\/\/www.booksonthemove.fr\/produit\/la-necessite-du-paysage\/","name":"La N\u00e9cessit\u00e9 du paysage - Books on the Move","isPartOf":{"@id":"https:\/\/www.booksonthemove.fr\/#website"},"primaryImageOfPage":{"@id":"https:\/\/www.booksonthemove.fr\/produit\/la-necessite-du-paysage\/#primaryimage"},"image":{"@id":"https:\/\/www.booksonthemove.fr\/produit\/la-necessite-du-paysage\/#primaryimage"},"thumbnailUrl":"https:\/\/www.booksonthemove.fr\/media\/bom_2352.jpg","datePublished":"2021-06-30T21:19:01+00:00","dateModified":"2025-06-24T13:08:53+00:00","breadcrumb":{"@id":"https:\/\/www.booksonthemove.fr\/produit\/la-necessite-du-paysage\/#breadcrumb"},"inLanguage":"en-US","potentialAction":[{"@type":"ReadAction","target":["https:\/\/www.booksonthemove.fr\/produit\/la-necessite-du-paysage\/"]}]},{"@type":"ImageObject","inLanguage":"en-US","@id":"https:\/\/www.booksonthemove.fr\/produit\/la-necessite-du-paysage\/#primaryimage","url":"https:\/\/www.booksonthemove.fr\/media\/bom_2352.jpg","contentUrl":"https:\/\/www.booksonthemove.fr\/media\/bom_2352.jpg","width":350,"height":553},{"@type":"BreadcrumbList","@id":"https:\/\/www.booksonthemove.fr\/produit\/la-necessite-du-paysage\/#breadcrumb","itemListElement":[{"@type":"ListItem","position":1,"name":"Accueil","item":"https:\/\/www.booksonthemove.fr\/en\/"},{"@type":"ListItem","position":2,"name":"online store","item":"https:\/\/www.booksonthemove.fr\/en\/online-shop\/"},{"@type":"ListItem","position":3,"name":"La N\u00e9cessit\u00e9 du paysage"}]},{"@type":"WebSite","@id":"https:\/\/www.booksonthemove.fr\/#website","url":"https:\/\/www.booksonthemove.fr\/","name":"Books on the Move","description":"librairie nomade - danse - mouvement - performance","publisher":{"@id":"https:\/\/www.booksonthemove.fr\/#organization"},"potentialAction":[{"@type":"SearchAction","target":{"@type":"EntryPoint","urlTemplate":"https:\/\/www.booksonthemove.fr\/?s={search_term_string}"},"query-input":{"@type":"PropertyValueSpecification","valueRequired":true,"valueName":"search_term_string"}}],"inLanguage":"en-US"},{"@type":"Organization","@id":"https:\/\/www.booksonthemove.fr\/#organization","name":"Books on the Move","url":"https:\/\/www.booksonthemove.fr\/","logo":{"@type":"ImageObject","inLanguage":"en-US","@id":"https:\/\/www.booksonthemove.fr\/#\/schema\/logo\/image\/","url":"https:\/\/www.booksonthemove.fr\/media\/logo-NB-400.jpg","contentUrl":"https:\/\/www.booksonthemove.fr\/media\/logo-NB-400.jpg","width":400,"height":143,"caption":"Books on the Move"},"image":{"@id":"https:\/\/www.booksonthemove.fr\/#\/schema\/logo\/image\/"},"sameAs":["https:\/\/www.facebook.com\/Librairiebooksonthemove\/"]}]}},"_links":{"self":[{"href":"https:\/\/www.booksonthemove.fr\/en\/wp-json\/wp\/v2\/product\/32740","targetHints":{"allow":["GET"]}}],"collection":[{"href":"https:\/\/www.booksonthemove.fr\/en\/wp-json\/wp\/v2\/product"}],"about":[{"href":"https:\/\/www.booksonthemove.fr\/en\/wp-json\/wp\/v2\/types\/product"}],"wp:featuredmedia":[{"embeddable":true,"href":"https:\/\/www.booksonthemove.fr\/en\/wp-json\/wp\/v2\/media\/32739"}],"wp:attachment":[{"href":"https:\/\/www.booksonthemove.fr\/en\/wp-json\/wp\/v2\/media?parent=32740"}],"wp:term":[{"taxonomy":"product_brand","embeddable":true,"href":"https:\/\/www.booksonthemove.fr\/en\/wp-json\/wp\/v2\/product_brand?post=32740"},{"taxonomy":"product_cat","embeddable":true,"href":"https:\/\/www.booksonthemove.fr\/en\/wp-json\/wp\/v2\/product_cat?post=32740"},{"taxonomy":"product_tag","embeddable":true,"href":"https:\/\/www.booksonthemove.fr\/en\/wp-json\/wp\/v2\/product_tag?post=32740"}],"curies":[{"name":"wp","href":"https:\/\/api.w.org\/{rel}","templated":true}]}}