{"id":32813,"date":"2021-07-25T14:41:57","date_gmt":"2021-07-25T12:41:57","guid":{"rendered":"https:\/\/www.booksonthemove.fr\/produit\/agone-65-sous-le-talent-la-classe-le-genre-la-race\/"},"modified":"2025-06-02T12:39:52","modified_gmt":"2025-06-02T10:39:52","slug":"agone-65-sous-le-talent-la-classe-le-genre-la-race","status":"publish","type":"product","link":"https:\/\/www.booksonthemove.fr\/en\/produit\/agone-65-sous-le-talent-la-classe-le-genre-la-race\/","title":{"rendered":"AGONE 65 &#8211; Sous le talent : la classe, le genre, la race"},"content":{"rendered":"<p>Le paradoxe des \u00e9coles d\u2019art est de se pr\u00e9senter comme des lieux d\u2019apprentissage de ce qui ne s\u2019apprend pas : le \u00ab talent \u00bb est ce que l\u2019on poss\u00e8de \u00e0 titre personnel. Et ce alors m\u00eame que l\u2019acc\u00e8s \u00e0 la formation artistique est aujourd&#8217;hui un \u00e9l\u00e9ment cl\u00e9 dans la construction des trajectoires professionnelles des artistes.<br \/>\nUne vision courante de ces \u00e9coles est ainsi qu&#8217;elles se contentent de faire \u00e9clore les \u00ab talents \u00bb qu&#8217;elles rep\u00e8rent, nourrissent et accompagnent. Prenant le contre-pied de cette conception individuelle de la r\u00e9ussite, ce volume montre que la classe sociale, le genre ou la \u00ab race \u00bb sont d\u00e9cisifs \u00e0 l\u2019entr\u00e9e dans les formations comme au fil de la scolarit\u00e9 ou \u00e0 sa sortie. \u00c0 travers l&#8217;\u00e9tude de multiples arts \u2014 cirque, th\u00e9\u00e2tre, arts visuels, mode, musique et photographie \u2014 sont montr\u00e9es les diff\u00e9rentes mani\u00e8res dont les formations artistiques participent \u00e0 la construction invisible et \u00ab naturelle \u00bb de ces in\u00e9galit\u00e9s qui se r\u00e9percutent ensuite en profondeur dans les univers artistiques eux-m\u00eames.<br \/>\nContributions : Marie Buscatto, Marine Cordier, Jo\u00ebl Laillier, Anna Bull, V\u00e9ra L\u00e9on, S\u00e9verine Sofio,\u00a0Mathilde Provansal, Adrien Thibault,\u00a0Benoit Gaultier,\u00a0Bruno Lenglet, Jean-Fran\u00e7ois Rosecchi,\u00a0William Clifford,\u00a0Nicolas Pinet,\u00a0K\u014dichir\u014d Mukai,\u00a0Ra\u00fal Zibechi.<\/p>\n","protected":false},"excerpt":{"rendered":"<p><strong>AUTEURS : <\/strong>Coordonn\u00e9 par Marie Buscatto, Marine Cordier &amp; Jo\u00ebl Laillier<br \/>\n<strong>EDITEUR :<\/strong> \u00c9ditions Agone (2021)<\/p>\n<p><strong>BROCH\u00c9 :<\/strong>\u00a0204 pages<br \/>\n<strong>LANGUE :<\/strong> Fran\u00e7ais<br \/>\n<strong>ISBN13 :<\/strong> 978-2-748-90434-5<\/p>\n","protected":false},"featured_media":32810,"template":"","meta":[],"product_brand":[],"product_cat":[143,162,140,211],"product_tag":[],"class_list":{"0":"post-32813","1":"product","2":"type-product","3":"status-publish","4":"has-post-thumbnail","6":"product_cat-gender-studies-en","7":"product_cat-french-en","8":"product_cat-education-dance-technique-en","9":"product_cat-magazines-en","11":"first","12":"instock","13":"taxable","14":"shipping-taxable","15":"purchasable","16":"product-type-simple"},"yoast_head":"<!-- This site is optimized with the Yoast SEO plugin v27.5 - https:\/\/yoast.com\/product\/yoast-seo-wordpress\/ -->\n<title>AGONE 65 - Sous le talent : la classe, le genre, la race - Books on the Move<\/title>\n<meta name=\"robots\" content=\"index, follow, max-snippet:-1, max-image-preview:large, max-video-preview:-1\" \/>\n<link rel=\"canonical\" href=\"https:\/\/www.booksonthemove.fr\/produit\/agone-65-sous-le-talent-la-classe-le-genre-la-race\/\" \/>\n<meta property=\"og:locale\" content=\"en_US\" \/>\n<meta property=\"og:type\" content=\"article\" \/>\n<meta property=\"og:title\" content=\"AGONE 65 - Sous le talent : la classe, le genre, la race - Books on the Move\" \/>\n<meta property=\"og:description\" content=\"AUTEURS : Coordonn\u00e9 par Marie Buscatto, Marine Cordier &amp; Jo\u00ebl Laillier EDITEUR : \u00c9ditions Agone (2021)  BROCH\u00c9 :\u00a0204 pages LANGUE : Fran\u00e7ais ISBN13 : 978-2-748-90434-5\" \/>\n<meta property=\"og:url\" content=\"https:\/\/www.booksonthemove.fr\/produit\/agone-65-sous-le-talent-la-classe-le-genre-la-race\/\" \/>\n<meta property=\"og:site_name\" content=\"Books on the Move\" \/>\n<meta property=\"article:publisher\" content=\"https:\/\/www.facebook.com\/Librairiebooksonthemove\/\" \/>\n<meta property=\"article:modified_time\" content=\"2025-06-02T10:39:52+00:00\" \/>\n<meta property=\"og:image\" content=\"https:\/\/www.booksonthemove.fr\/media\/bom_2345.jpg\" \/>\n\t<meta property=\"og:image:width\" content=\"900\" \/>\n\t<meta property=\"og:image:height\" content=\"1256\" \/>\n\t<meta property=\"og:image:type\" content=\"image\/jpeg\" \/>\n<meta name=\"twitter:card\" content=\"summary_large_image\" \/>\n<script type=\"application\/ld+json\" class=\"yoast-schema-graph\">{\"@context\":\"https:\\\/\\\/schema.org\",\"@graph\":[{\"@type\":\"WebPage\",\"@id\":\"https:\\\/\\\/www.booksonthemove.fr\\\/produit\\\/agone-65-sous-le-talent-la-classe-le-genre-la-race\\\/\",\"url\":\"https:\\\/\\\/www.booksonthemove.fr\\\/produit\\\/agone-65-sous-le-talent-la-classe-le-genre-la-race\\\/\",\"name\":\"AGONE 65 - Sous le talent : la classe, le genre, la race - Books on the Move\",\"isPartOf\":{\"@id\":\"https:\\\/\\\/www.booksonthemove.fr\\\/#website\"},\"primaryImageOfPage\":{\"@id\":\"https:\\\/\\\/www.booksonthemove.fr\\\/produit\\\/agone-65-sous-le-talent-la-classe-le-genre-la-race\\\/#primaryimage\"},\"image\":{\"@id\":\"https:\\\/\\\/www.booksonthemove.fr\\\/produit\\\/agone-65-sous-le-talent-la-classe-le-genre-la-race\\\/#primaryimage\"},\"thumbnailUrl\":\"https:\\\/\\\/www.booksonthemove.fr\\\/media\\\/bom_2345.jpg\",\"datePublished\":\"2021-07-25T12:41:57+00:00\",\"dateModified\":\"2025-06-02T10:39:52+00:00\",\"breadcrumb\":{\"@id\":\"https:\\\/\\\/www.booksonthemove.fr\\\/produit\\\/agone-65-sous-le-talent-la-classe-le-genre-la-race\\\/#breadcrumb\"},\"inLanguage\":\"en-US\",\"potentialAction\":[{\"@type\":\"ReadAction\",\"target\":[\"https:\\\/\\\/www.booksonthemove.fr\\\/produit\\\/agone-65-sous-le-talent-la-classe-le-genre-la-race\\\/\"]}]},{\"@type\":\"ImageObject\",\"inLanguage\":\"en-US\",\"@id\":\"https:\\\/\\\/www.booksonthemove.fr\\\/produit\\\/agone-65-sous-le-talent-la-classe-le-genre-la-race\\\/#primaryimage\",\"url\":\"https:\\\/\\\/www.booksonthemove.fr\\\/media\\\/bom_2345.jpg\",\"contentUrl\":\"https:\\\/\\\/www.booksonthemove.fr\\\/media\\\/bom_2345.jpg\",\"width\":900,\"height\":1256},{\"@type\":\"BreadcrumbList\",\"@id\":\"https:\\\/\\\/www.booksonthemove.fr\\\/produit\\\/agone-65-sous-le-talent-la-classe-le-genre-la-race\\\/#breadcrumb\",\"itemListElement\":[{\"@type\":\"ListItem\",\"position\":1,\"name\":\"Accueil\",\"item\":\"https:\\\/\\\/www.booksonthemove.fr\\\/en\\\/\"},{\"@type\":\"ListItem\",\"position\":2,\"name\":\"online store\",\"item\":\"https:\\\/\\\/www.booksonthemove.fr\\\/en\\\/online-shop\\\/\"},{\"@type\":\"ListItem\",\"position\":3,\"name\":\"AGONE 65 &#8211; Sous le talent : la classe, le genre, la race\"}]},{\"@type\":\"WebSite\",\"@id\":\"https:\\\/\\\/www.booksonthemove.fr\\\/#website\",\"url\":\"https:\\\/\\\/www.booksonthemove.fr\\\/\",\"name\":\"Books on the Move\",\"description\":\"librairie nomade - danse - mouvement - performance\",\"publisher\":{\"@id\":\"https:\\\/\\\/www.booksonthemove.fr\\\/#organization\"},\"potentialAction\":[{\"@type\":\"SearchAction\",\"target\":{\"@type\":\"EntryPoint\",\"urlTemplate\":\"https:\\\/\\\/www.booksonthemove.fr\\\/?s={search_term_string}\"},\"query-input\":{\"@type\":\"PropertyValueSpecification\",\"valueRequired\":true,\"valueName\":\"search_term_string\"}}],\"inLanguage\":\"en-US\"},{\"@type\":\"Organization\",\"@id\":\"https:\\\/\\\/www.booksonthemove.fr\\\/#organization\",\"name\":\"Books on the Move\",\"url\":\"https:\\\/\\\/www.booksonthemove.fr\\\/\",\"logo\":{\"@type\":\"ImageObject\",\"inLanguage\":\"en-US\",\"@id\":\"https:\\\/\\\/www.booksonthemove.fr\\\/#\\\/schema\\\/logo\\\/image\\\/\",\"url\":\"https:\\\/\\\/www.booksonthemove.fr\\\/media\\\/logo-NB-400.jpg\",\"contentUrl\":\"https:\\\/\\\/www.booksonthemove.fr\\\/media\\\/logo-NB-400.jpg\",\"width\":400,\"height\":143,\"caption\":\"Books on the Move\"},\"image\":{\"@id\":\"https:\\\/\\\/www.booksonthemove.fr\\\/#\\\/schema\\\/logo\\\/image\\\/\"},\"sameAs\":[\"https:\\\/\\\/www.facebook.com\\\/Librairiebooksonthemove\\\/\"]}]}<\/script>\n<!-- \/ Yoast SEO plugin. -->","yoast_head_json":{"title":"AGONE 65 - Sous le talent : la classe, le genre, la race - Books on the Move","robots":{"index":"index","follow":"follow","max-snippet":"max-snippet:-1","max-image-preview":"max-image-preview:large","max-video-preview":"max-video-preview:-1"},"canonical":"https:\/\/www.booksonthemove.fr\/produit\/agone-65-sous-le-talent-la-classe-le-genre-la-race\/","og_locale":"en_US","og_type":"article","og_title":"AGONE 65 - Sous le talent : la classe, le genre, la race - Books on the Move","og_description":"AUTEURS : Coordonn\u00e9 par Marie Buscatto, Marine Cordier &amp; Jo\u00ebl Laillier EDITEUR : \u00c9ditions Agone (2021)  BROCH\u00c9 :\u00a0204 pages LANGUE : Fran\u00e7ais ISBN13 : 978-2-748-90434-5","og_url":"https:\/\/www.booksonthemove.fr\/produit\/agone-65-sous-le-talent-la-classe-le-genre-la-race\/","og_site_name":"Books on the Move","article_publisher":"https:\/\/www.facebook.com\/Librairiebooksonthemove\/","article_modified_time":"2025-06-02T10:39:52+00:00","og_image":[{"width":900,"height":1256,"url":"https:\/\/www.booksonthemove.fr\/media\/bom_2345.jpg","type":"image\/jpeg"}],"twitter_card":"summary_large_image","schema":{"@context":"https:\/\/schema.org","@graph":[{"@type":"WebPage","@id":"https:\/\/www.booksonthemove.fr\/produit\/agone-65-sous-le-talent-la-classe-le-genre-la-race\/","url":"https:\/\/www.booksonthemove.fr\/produit\/agone-65-sous-le-talent-la-classe-le-genre-la-race\/","name":"AGONE 65 - Sous le talent : la classe, le genre, la race - Books on the Move","isPartOf":{"@id":"https:\/\/www.booksonthemove.fr\/#website"},"primaryImageOfPage":{"@id":"https:\/\/www.booksonthemove.fr\/produit\/agone-65-sous-le-talent-la-classe-le-genre-la-race\/#primaryimage"},"image":{"@id":"https:\/\/www.booksonthemove.fr\/produit\/agone-65-sous-le-talent-la-classe-le-genre-la-race\/#primaryimage"},"thumbnailUrl":"https:\/\/www.booksonthemove.fr\/media\/bom_2345.jpg","datePublished":"2021-07-25T12:41:57+00:00","dateModified":"2025-06-02T10:39:52+00:00","breadcrumb":{"@id":"https:\/\/www.booksonthemove.fr\/produit\/agone-65-sous-le-talent-la-classe-le-genre-la-race\/#breadcrumb"},"inLanguage":"en-US","potentialAction":[{"@type":"ReadAction","target":["https:\/\/www.booksonthemove.fr\/produit\/agone-65-sous-le-talent-la-classe-le-genre-la-race\/"]}]},{"@type":"ImageObject","inLanguage":"en-US","@id":"https:\/\/www.booksonthemove.fr\/produit\/agone-65-sous-le-talent-la-classe-le-genre-la-race\/#primaryimage","url":"https:\/\/www.booksonthemove.fr\/media\/bom_2345.jpg","contentUrl":"https:\/\/www.booksonthemove.fr\/media\/bom_2345.jpg","width":900,"height":1256},{"@type":"BreadcrumbList","@id":"https:\/\/www.booksonthemove.fr\/produit\/agone-65-sous-le-talent-la-classe-le-genre-la-race\/#breadcrumb","itemListElement":[{"@type":"ListItem","position":1,"name":"Accueil","item":"https:\/\/www.booksonthemove.fr\/en\/"},{"@type":"ListItem","position":2,"name":"online store","item":"https:\/\/www.booksonthemove.fr\/en\/online-shop\/"},{"@type":"ListItem","position":3,"name":"AGONE 65 &#8211; Sous le talent : la classe, le genre, la race"}]},{"@type":"WebSite","@id":"https:\/\/www.booksonthemove.fr\/#website","url":"https:\/\/www.booksonthemove.fr\/","name":"Books on the Move","description":"librairie nomade - danse - mouvement - performance","publisher":{"@id":"https:\/\/www.booksonthemove.fr\/#organization"},"potentialAction":[{"@type":"SearchAction","target":{"@type":"EntryPoint","urlTemplate":"https:\/\/www.booksonthemove.fr\/?s={search_term_string}"},"query-input":{"@type":"PropertyValueSpecification","valueRequired":true,"valueName":"search_term_string"}}],"inLanguage":"en-US"},{"@type":"Organization","@id":"https:\/\/www.booksonthemove.fr\/#organization","name":"Books on the Move","url":"https:\/\/www.booksonthemove.fr\/","logo":{"@type":"ImageObject","inLanguage":"en-US","@id":"https:\/\/www.booksonthemove.fr\/#\/schema\/logo\/image\/","url":"https:\/\/www.booksonthemove.fr\/media\/logo-NB-400.jpg","contentUrl":"https:\/\/www.booksonthemove.fr\/media\/logo-NB-400.jpg","width":400,"height":143,"caption":"Books on the Move"},"image":{"@id":"https:\/\/www.booksonthemove.fr\/#\/schema\/logo\/image\/"},"sameAs":["https:\/\/www.facebook.com\/Librairiebooksonthemove\/"]}]}},"_links":{"self":[{"href":"https:\/\/www.booksonthemove.fr\/en\/wp-json\/wp\/v2\/product\/32813","targetHints":{"allow":["GET"]}}],"collection":[{"href":"https:\/\/www.booksonthemove.fr\/en\/wp-json\/wp\/v2\/product"}],"about":[{"href":"https:\/\/www.booksonthemove.fr\/en\/wp-json\/wp\/v2\/types\/product"}],"wp:featuredmedia":[{"embeddable":true,"href":"https:\/\/www.booksonthemove.fr\/en\/wp-json\/wp\/v2\/media\/32810"}],"wp:attachment":[{"href":"https:\/\/www.booksonthemove.fr\/en\/wp-json\/wp\/v2\/media?parent=32813"}],"wp:term":[{"taxonomy":"product_brand","embeddable":true,"href":"https:\/\/www.booksonthemove.fr\/en\/wp-json\/wp\/v2\/product_brand?post=32813"},{"taxonomy":"product_cat","embeddable":true,"href":"https:\/\/www.booksonthemove.fr\/en\/wp-json\/wp\/v2\/product_cat?post=32813"},{"taxonomy":"product_tag","embeddable":true,"href":"https:\/\/www.booksonthemove.fr\/en\/wp-json\/wp\/v2\/product_tag?post=32813"}],"curies":[{"name":"wp","href":"https:\/\/api.w.org\/{rel}","templated":true}]}}