{"id":32894,"date":"2021-08-19T11:27:01","date_gmt":"2021-08-19T09:27:01","guid":{"rendered":"https:\/\/www.booksonthemove.fr\/?post_type=product&#038;p=32894"},"modified":"2023-12-12T16:24:11","modified_gmt":"2023-12-12T15:24:11","slug":"if-its-for-the-people-it-needs-to-be-beautiful-she-said","status":"publish","type":"product","link":"https:\/\/www.booksonthemove.fr\/en\/produit\/if-its-for-the-people-it-needs-to-be-beautiful-she-said\/","title":{"rendered":"\u201cIf It&#8217;s For The People, It Needs To Be Beautiful,\u201d She Said"},"content":{"rendered":"<div>English below<\/div>\n<div><\/div>\n<div class=\"citation\">Accompagnant une s\u00e9rie d&#8217;expositions et d&#8217;\u00e9v\u00e9nements en 2020, cette publication offre la premi\u00e8re perspective compl\u00e8te et globale sur le travail de Jeremiah Day en tant qu&#8217;artiste, interpr\u00e8te, chercheur et enseignant. En d\u00e9taillant les travaux sp\u00e9cifiques de Day et l&#8217;\u00e9volution entre les arts visuels et les arts du spectacle et entre la r\u00e9flexion politique et l&#8217;engagement, la publication constitue \u00e9galement comme un ouvrage de r\u00e9f\u00e9rence concernant l&#8217;h\u00e9ritage des dialogues entre la danse et les arts visuels des ann\u00e9es 1960 et 70 et les mod\u00e8les de pratique culturelle h\u00e9rit\u00e9s du travail de Hannah Arendt.<\/div>\n<div><\/div>\n<div class=\"bioAuteur\">Artiste am\u00e9ricain install\u00e9 \u00e0 Berlin, Jeremiah Day (n\u00e9 en 1974 \u00e0 Plymouth) r\u00e9examine dans son travail les luttes politiques et conflits r\u00e9cents, en r\u00e9v\u00e9lant leurs contextes et traces subjectives. Pour ce faire, il a d\u00e9velopp\u00e9 une forme narrative dans laquelle les r\u00e9alit\u00e9s personnelle et politique s&#8217;entrem\u00ealent, offrant ainsi une vision toute singuli\u00e8re de ces moments d&#8217;histoire parfois oubli\u00e9s.<br \/>\nLa sp\u00e9cificit\u00e9 de sa d\u00e9marche r\u00e9side dans une approche transversale. \u00c9l\u00e8ve et collaborateur r\u00e9gulier de Simone Forti, l&#8217;une des pionni\u00e8res de la <em>Post-Modern Dance<\/em>, il a fait de la performance une pratique d\u00e9sormais centrale et structurante. Depuis 2014, Jeremiah Day a en effet pr\u00e9sent\u00e9 de nombreuses performances, qui combinent mouvement, improvisation, photographie et <em>spoken word<\/em>, afin d&#8217;aborder des sujets historiques et politiques universels, mais dans une perspective intime et incarn\u00e9e.<\/div>\n<div><\/div>\n<div>Accompanying a series of solo collaborations in 2020, this publication offers the first comprehensive and global perspective on Jeremiah Day&#8217;s work as an artist, performer, researcher and teacher. As it details Day&#8217;s specific works and evolution between visual and performing arts and between political reflection and engagement the result also serves as sourcebook for the legacy of the intersection between dance and the visual arts of the 1960s and 70&#8217;s and the models of cultural practice emerging from the work of Hannah Arendt.<\/div>\n<div>\n<div class=\"bioAuteur\">In his work, the Berlin-based American artist Jeremiah Day (born 1974 in Plymouth) re-examines recent political struggles and conflicts, revealing their subjective contexts and traces. To do this, he has developed a narrative and choreographic form in which personal and political realities intermingle, thus offering a thoroughly singular vision of these at times forgotten moments of history.<br \/>\nThe distinctive feature of his method lies in a transversal approach. As a student of and regular collaborator with Simone Forti, one of the pioneers of Post-Modern Dance, he has turned performance into a now central and structure-providing practice. Since 2014, Jeremiah Day has in effect presented many performances, which contain movement, improvisation, photography and the spoken word, in order to broach universal historical and political subjects, but within an intimate and incarnated context.<\/div>\n<\/div>\n<div><\/div>\n<div>Textes de\/texts by Alain Cueff, Fred Dewey, Jan Verwoert, Angelika Stepkien, Julia Robinson.<\/div>\n","protected":false},"excerpt":{"rendered":"<p><b>AUTEUR\/AUTHOR: <\/b>Jeremiah Day<br \/>\n<b>EDITEURS\/PUBLISHERS: <\/b>les presses du r\u00e9el,\u00a0avec Le Lait, Albi, la Badischer Kunstverein, Karlsruhe et la Villa Romana, Florence (2021)<\/p>\n<p><strong>BROCH\u00c9\/PAPERBACK:<\/strong> 192 pages<br \/>\n<b>LANGUES\/LANGUAGES: <\/b>Fran\u00e7ais, anglais, allemand\/French, English, German<br \/>\n<strong>ISBN13:<\/strong> 978-2-919217-15-1<\/p>\n","protected":false},"featured_media":32893,"template":"","meta":[],"product_brand":[],"product_cat":[167,135,301,225,162,152],"product_tag":[],"class_list":{"0":"post-32894","1":"product","2":"type-product","3":"status-publish","4":"has-post-thumbnail","6":"product_cat-german-en","7":"product_cat-english-en","8":"product_cat-arts-plastiques-en","9":"product_cat-exhibitions-catalogues-en","10":"product_cat-french-en","11":"product_cat-performance-en","13":"first","14":"outofstock","15":"taxable","16":"shipping-taxable","17":"purchasable","18":"product-type-simple"},"yoast_head":"<!-- This site is optimized with the Yoast SEO plugin v27.5 - https:\/\/yoast.com\/product\/yoast-seo-wordpress\/ -->\n<title>\u201cIf It&#039;s For The People, It Needs To Be Beautiful,\u201d She Said - Books on the Move<\/title>\n<meta name=\"robots\" content=\"index, follow, max-snippet:-1, max-image-preview:large, max-video-preview:-1\" \/>\n<link rel=\"canonical\" href=\"https:\/\/www.booksonthemove.fr\/produit\/if-its-for-the-people-it-needs-to-be-beautiful-she-said\/\" \/>\n<meta property=\"og:locale\" content=\"en_US\" \/>\n<meta property=\"og:type\" content=\"article\" \/>\n<meta property=\"og:title\" content=\"\u201cIf It&#039;s For The People, It Needs To Be Beautiful,\u201d She Said - Books on the Move\" \/>\n<meta property=\"og:description\" content=\"AUTEUR\/AUTHOR: Jeremiah Day EDITEURS\/PUBLISHERS: les presses du r\u00e9el,\u00a0avec Le Lait, Albi, la Badischer Kunstverein, Karlsruhe et la Villa Romana, Florence (2021)  BROCH\u00c9\/PAPERBACK: 192 pages LANGUES\/LANGUAGES: Fran\u00e7ais, anglais, allemand\/French, English, German ISBN13: 978-2-919217-15-1\" \/>\n<meta property=\"og:url\" content=\"https:\/\/www.booksonthemove.fr\/produit\/if-its-for-the-people-it-needs-to-be-beautiful-she-said\/\" \/>\n<meta property=\"og:site_name\" content=\"Books on the Move\" \/>\n<meta property=\"article:publisher\" content=\"https:\/\/www.facebook.com\/Librairiebooksonthemove\/\" \/>\n<meta property=\"article:modified_time\" content=\"2023-12-12T15:24:11+00:00\" \/>\n<meta property=\"og:image\" content=\"https:\/\/www.booksonthemove.fr\/media\/bom_2389.jpeg\" \/>\n\t<meta property=\"og:image:width\" content=\"900\" \/>\n\t<meta property=\"og:image:height\" content=\"1154\" \/>\n\t<meta property=\"og:image:type\" content=\"image\/jpeg\" \/>\n<meta name=\"twitter:card\" content=\"summary_large_image\" \/>\n<script type=\"application\/ld+json\" class=\"yoast-schema-graph\">{\"@context\":\"https:\\\/\\\/schema.org\",\"@graph\":[{\"@type\":\"WebPage\",\"@id\":\"https:\\\/\\\/www.booksonthemove.fr\\\/produit\\\/if-its-for-the-people-it-needs-to-be-beautiful-she-said\\\/\",\"url\":\"https:\\\/\\\/www.booksonthemove.fr\\\/produit\\\/if-its-for-the-people-it-needs-to-be-beautiful-she-said\\\/\",\"name\":\"\u201cIf It's For The People, It Needs To Be Beautiful,\u201d She Said - Books on the Move\",\"isPartOf\":{\"@id\":\"https:\\\/\\\/www.booksonthemove.fr\\\/#website\"},\"primaryImageOfPage\":{\"@id\":\"https:\\\/\\\/www.booksonthemove.fr\\\/produit\\\/if-its-for-the-people-it-needs-to-be-beautiful-she-said\\\/#primaryimage\"},\"image\":{\"@id\":\"https:\\\/\\\/www.booksonthemove.fr\\\/produit\\\/if-its-for-the-people-it-needs-to-be-beautiful-she-said\\\/#primaryimage\"},\"thumbnailUrl\":\"https:\\\/\\\/www.booksonthemove.fr\\\/media\\\/bom_2389.jpeg\",\"datePublished\":\"2021-08-19T09:27:01+00:00\",\"dateModified\":\"2023-12-12T15:24:11+00:00\",\"breadcrumb\":{\"@id\":\"https:\\\/\\\/www.booksonthemove.fr\\\/produit\\\/if-its-for-the-people-it-needs-to-be-beautiful-she-said\\\/#breadcrumb\"},\"inLanguage\":\"en-US\",\"potentialAction\":[{\"@type\":\"ReadAction\",\"target\":[\"https:\\\/\\\/www.booksonthemove.fr\\\/produit\\\/if-its-for-the-people-it-needs-to-be-beautiful-she-said\\\/\"]}]},{\"@type\":\"ImageObject\",\"inLanguage\":\"en-US\",\"@id\":\"https:\\\/\\\/www.booksonthemove.fr\\\/produit\\\/if-its-for-the-people-it-needs-to-be-beautiful-she-said\\\/#primaryimage\",\"url\":\"https:\\\/\\\/www.booksonthemove.fr\\\/media\\\/bom_2389.jpeg\",\"contentUrl\":\"https:\\\/\\\/www.booksonthemove.fr\\\/media\\\/bom_2389.jpeg\",\"width\":900,\"height\":1154},{\"@type\":\"BreadcrumbList\",\"@id\":\"https:\\\/\\\/www.booksonthemove.fr\\\/produit\\\/if-its-for-the-people-it-needs-to-be-beautiful-she-said\\\/#breadcrumb\",\"itemListElement\":[{\"@type\":\"ListItem\",\"position\":1,\"name\":\"Accueil\",\"item\":\"https:\\\/\\\/www.booksonthemove.fr\\\/en\\\/\"},{\"@type\":\"ListItem\",\"position\":2,\"name\":\"online store\",\"item\":\"https:\\\/\\\/www.booksonthemove.fr\\\/en\\\/online-shop\\\/\"},{\"@type\":\"ListItem\",\"position\":3,\"name\":\"\u201cIf It&rsquo;s For The People, It Needs To Be Beautiful,\u201d She Said\"}]},{\"@type\":\"WebSite\",\"@id\":\"https:\\\/\\\/www.booksonthemove.fr\\\/#website\",\"url\":\"https:\\\/\\\/www.booksonthemove.fr\\\/\",\"name\":\"Books on the Move\",\"description\":\"librairie nomade - danse - mouvement - performance\",\"publisher\":{\"@id\":\"https:\\\/\\\/www.booksonthemove.fr\\\/#organization\"},\"potentialAction\":[{\"@type\":\"SearchAction\",\"target\":{\"@type\":\"EntryPoint\",\"urlTemplate\":\"https:\\\/\\\/www.booksonthemove.fr\\\/?s={search_term_string}\"},\"query-input\":{\"@type\":\"PropertyValueSpecification\",\"valueRequired\":true,\"valueName\":\"search_term_string\"}}],\"inLanguage\":\"en-US\"},{\"@type\":\"Organization\",\"@id\":\"https:\\\/\\\/www.booksonthemove.fr\\\/#organization\",\"name\":\"Books on the Move\",\"url\":\"https:\\\/\\\/www.booksonthemove.fr\\\/\",\"logo\":{\"@type\":\"ImageObject\",\"inLanguage\":\"en-US\",\"@id\":\"https:\\\/\\\/www.booksonthemove.fr\\\/#\\\/schema\\\/logo\\\/image\\\/\",\"url\":\"https:\\\/\\\/www.booksonthemove.fr\\\/media\\\/logo-NB-400.jpg\",\"contentUrl\":\"https:\\\/\\\/www.booksonthemove.fr\\\/media\\\/logo-NB-400.jpg\",\"width\":400,\"height\":143,\"caption\":\"Books on the Move\"},\"image\":{\"@id\":\"https:\\\/\\\/www.booksonthemove.fr\\\/#\\\/schema\\\/logo\\\/image\\\/\"},\"sameAs\":[\"https:\\\/\\\/www.facebook.com\\\/Librairiebooksonthemove\\\/\"]}]}<\/script>\n<!-- \/ Yoast SEO plugin. -->","yoast_head_json":{"title":"\u201cIf It's For The People, It Needs To Be Beautiful,\u201d She Said - Books on the Move","robots":{"index":"index","follow":"follow","max-snippet":"max-snippet:-1","max-image-preview":"max-image-preview:large","max-video-preview":"max-video-preview:-1"},"canonical":"https:\/\/www.booksonthemove.fr\/produit\/if-its-for-the-people-it-needs-to-be-beautiful-she-said\/","og_locale":"en_US","og_type":"article","og_title":"\u201cIf It's For The People, It Needs To Be Beautiful,\u201d She Said - Books on the Move","og_description":"AUTEUR\/AUTHOR: Jeremiah Day EDITEURS\/PUBLISHERS: les presses du r\u00e9el,\u00a0avec Le Lait, Albi, la Badischer Kunstverein, Karlsruhe et la Villa Romana, Florence (2021)  BROCH\u00c9\/PAPERBACK: 192 pages LANGUES\/LANGUAGES: Fran\u00e7ais, anglais, allemand\/French, English, German ISBN13: 978-2-919217-15-1","og_url":"https:\/\/www.booksonthemove.fr\/produit\/if-its-for-the-people-it-needs-to-be-beautiful-she-said\/","og_site_name":"Books on the Move","article_publisher":"https:\/\/www.facebook.com\/Librairiebooksonthemove\/","article_modified_time":"2023-12-12T15:24:11+00:00","og_image":[{"width":900,"height":1154,"url":"https:\/\/www.booksonthemove.fr\/media\/bom_2389.jpeg","type":"image\/jpeg"}],"twitter_card":"summary_large_image","schema":{"@context":"https:\/\/schema.org","@graph":[{"@type":"WebPage","@id":"https:\/\/www.booksonthemove.fr\/produit\/if-its-for-the-people-it-needs-to-be-beautiful-she-said\/","url":"https:\/\/www.booksonthemove.fr\/produit\/if-its-for-the-people-it-needs-to-be-beautiful-she-said\/","name":"\u201cIf It's For The People, It Needs To Be Beautiful,\u201d She Said - Books on the Move","isPartOf":{"@id":"https:\/\/www.booksonthemove.fr\/#website"},"primaryImageOfPage":{"@id":"https:\/\/www.booksonthemove.fr\/produit\/if-its-for-the-people-it-needs-to-be-beautiful-she-said\/#primaryimage"},"image":{"@id":"https:\/\/www.booksonthemove.fr\/produit\/if-its-for-the-people-it-needs-to-be-beautiful-she-said\/#primaryimage"},"thumbnailUrl":"https:\/\/www.booksonthemove.fr\/media\/bom_2389.jpeg","datePublished":"2021-08-19T09:27:01+00:00","dateModified":"2023-12-12T15:24:11+00:00","breadcrumb":{"@id":"https:\/\/www.booksonthemove.fr\/produit\/if-its-for-the-people-it-needs-to-be-beautiful-she-said\/#breadcrumb"},"inLanguage":"en-US","potentialAction":[{"@type":"ReadAction","target":["https:\/\/www.booksonthemove.fr\/produit\/if-its-for-the-people-it-needs-to-be-beautiful-she-said\/"]}]},{"@type":"ImageObject","inLanguage":"en-US","@id":"https:\/\/www.booksonthemove.fr\/produit\/if-its-for-the-people-it-needs-to-be-beautiful-she-said\/#primaryimage","url":"https:\/\/www.booksonthemove.fr\/media\/bom_2389.jpeg","contentUrl":"https:\/\/www.booksonthemove.fr\/media\/bom_2389.jpeg","width":900,"height":1154},{"@type":"BreadcrumbList","@id":"https:\/\/www.booksonthemove.fr\/produit\/if-its-for-the-people-it-needs-to-be-beautiful-she-said\/#breadcrumb","itemListElement":[{"@type":"ListItem","position":1,"name":"Accueil","item":"https:\/\/www.booksonthemove.fr\/en\/"},{"@type":"ListItem","position":2,"name":"online store","item":"https:\/\/www.booksonthemove.fr\/en\/online-shop\/"},{"@type":"ListItem","position":3,"name":"\u201cIf It&rsquo;s For The People, It Needs To Be Beautiful,\u201d She Said"}]},{"@type":"WebSite","@id":"https:\/\/www.booksonthemove.fr\/#website","url":"https:\/\/www.booksonthemove.fr\/","name":"Books on the Move","description":"librairie nomade - danse - mouvement - performance","publisher":{"@id":"https:\/\/www.booksonthemove.fr\/#organization"},"potentialAction":[{"@type":"SearchAction","target":{"@type":"EntryPoint","urlTemplate":"https:\/\/www.booksonthemove.fr\/?s={search_term_string}"},"query-input":{"@type":"PropertyValueSpecification","valueRequired":true,"valueName":"search_term_string"}}],"inLanguage":"en-US"},{"@type":"Organization","@id":"https:\/\/www.booksonthemove.fr\/#organization","name":"Books on the Move","url":"https:\/\/www.booksonthemove.fr\/","logo":{"@type":"ImageObject","inLanguage":"en-US","@id":"https:\/\/www.booksonthemove.fr\/#\/schema\/logo\/image\/","url":"https:\/\/www.booksonthemove.fr\/media\/logo-NB-400.jpg","contentUrl":"https:\/\/www.booksonthemove.fr\/media\/logo-NB-400.jpg","width":400,"height":143,"caption":"Books on the Move"},"image":{"@id":"https:\/\/www.booksonthemove.fr\/#\/schema\/logo\/image\/"},"sameAs":["https:\/\/www.facebook.com\/Librairiebooksonthemove\/"]}]}},"_links":{"self":[{"href":"https:\/\/www.booksonthemove.fr\/en\/wp-json\/wp\/v2\/product\/32894","targetHints":{"allow":["GET"]}}],"collection":[{"href":"https:\/\/www.booksonthemove.fr\/en\/wp-json\/wp\/v2\/product"}],"about":[{"href":"https:\/\/www.booksonthemove.fr\/en\/wp-json\/wp\/v2\/types\/product"}],"wp:featuredmedia":[{"embeddable":true,"href":"https:\/\/www.booksonthemove.fr\/en\/wp-json\/wp\/v2\/media\/32893"}],"wp:attachment":[{"href":"https:\/\/www.booksonthemove.fr\/en\/wp-json\/wp\/v2\/media?parent=32894"}],"wp:term":[{"taxonomy":"product_brand","embeddable":true,"href":"https:\/\/www.booksonthemove.fr\/en\/wp-json\/wp\/v2\/product_brand?post=32894"},{"taxonomy":"product_cat","embeddable":true,"href":"https:\/\/www.booksonthemove.fr\/en\/wp-json\/wp\/v2\/product_cat?post=32894"},{"taxonomy":"product_tag","embeddable":true,"href":"https:\/\/www.booksonthemove.fr\/en\/wp-json\/wp\/v2\/product_tag?post=32894"}],"curies":[{"name":"wp","href":"https:\/\/api.w.org\/{rel}","templated":true}]}}