{"id":32907,"date":"2021-08-20T13:06:52","date_gmt":"2021-08-20T11:06:52","guid":{"rendered":"https:\/\/www.booksonthemove.fr\/?post_type=product&#038;p=32907"},"modified":"2025-03-27T15:57:54","modified_gmt":"2025-03-27T14:57:54","slug":"pour-une-esthetique-de-lemancipation-construire-les-lignees-dun-art-queer","status":"publish","type":"product","link":"https:\/\/www.booksonthemove.fr\/en\/produit\/pour-une-esthetique-de-lemancipation-construire-les-lignees-dun-art-queer\/","title":{"rendered":"Pour une esth\u00e9tique de l&#8217;\u00e9mancipation &#8211; Construire les lign\u00e9es d\u2019un art queer"},"content":{"rendered":"<p>Loin de relire l\u2019histoire de l\u2019art en lui appliquant de fa\u00e7on anachronique le terme \u00ab queer \u00bb, utilis\u00e9 positivement dans les milieux militants depuis la fin des ann\u00e9es 1980, <em>Pour une esth\u00e9tique de l\u2019\u00e9mancipation<\/em> cherche \u00e0 montrer comment l\u2019\u00e9criture de l\u2019Histoire de l\u2019art a minor\u00e9 l\u2019importance des engagements politiques et affectifs des artistes et rendu inop\u00e9rante la port\u00e9e sociale de leurs oeuvres. En imaginant des amiti\u00e9s in\u00e9dites entre des artistes du pass\u00e9, Isabelle Alfonsi fait \u00e9merger une lign\u00e9e f\u00e9ministe et queer pour l\u2019art contemporain. Des pratiques artistiques du XXe si\u00e8cle sont ainsi replac\u00e9es dans le contexte du militantisme de d\u00e9fense des droits des homosexuel\u2022le\u2022s et de la formation d\u2019une critique radicale f\u00e9ministe et anticapitaliste. Claude Cahun et Michel Journiac croisent l\u2019histoire du minimalisme \u00e9tats-unien, vu \u00e0 travers Lynda Benglis, Lucy Lippard ou Yvonne Rainer. Les guerres de repr\u00e9sentation men\u00e9es pendant la crise du sida sont lues au prisme des oeuvres de Felix Gonzalez-Torres, du concept de d\u00e9sidentification de Jos\u00e9 E. Mu\u00f1oz et de l\u2019activisme culturel du groupe Boy\/Girl with Arms Akimbo, dans le San Francisco des ann\u00e9es 1980.<\/p>\n<p>Le texte est accompagn\u00e9 de nombreuses illustrations parmi lesquelles figureront les reproductions d\u2019\u0153uvres de Michel Journiac, Claude Cahun, Marcel Moore, Lynda Benglis, Lucy Lippard, Robert Morris, Felix Gonzalez-Torres, ou encore Akimbo. Autant d\u2019images dont la circulation a parfois \u00e9t\u00e9 compromise par la pr\u00e9dominance d\u2019une vision patriarcale et h\u00e9t\u00e9ronorm\u00e9e de histoire de l\u2019art.<\/p>\n","protected":false},"excerpt":{"rendered":"<p><strong>AUTEUR : <\/strong>Isabelle Alfonsi<br \/>\n<strong>EDITEUR :<\/strong> \u00c9ditions B42 (2019)<\/p>\n<p><strong>BROCH\u00c9 :<\/strong>\u00a0160 pages<br \/>\n<strong>LANGUE :<\/strong> Fran\u00e7ais<br \/>\n<strong>ISBN13 :<\/strong> 978 2 490 07713 7<\/p>\n","protected":false},"featured_media":32906,"template":"","meta":[],"product_brand":[],"product_cat":[143,301,146,162],"product_tag":[],"class_list":{"0":"post-32907","1":"product","2":"type-product","3":"status-publish","4":"has-post-thumbnail","6":"product_cat-gender-studies-en","7":"product_cat-arts-plastiques-en","8":"product_cat-theoretical-texts-en","9":"product_cat-french-en","11":"first","12":"instock","13":"taxable","14":"shipping-taxable","15":"purchasable","16":"product-type-simple"},"yoast_head":"<!-- This site is optimized with the Yoast SEO plugin v27.4 - https:\/\/yoast.com\/product\/yoast-seo-wordpress\/ -->\n<title>Pour une esth\u00e9tique de l&#039;\u00e9mancipation - Construire les lign\u00e9es d\u2019un art queer - Books on the Move<\/title>\n<meta name=\"robots\" content=\"index, follow, max-snippet:-1, max-image-preview:large, max-video-preview:-1\" \/>\n<link rel=\"canonical\" href=\"https:\/\/www.booksonthemove.fr\/produit\/pour-une-esthetique-de-lemancipation-construire-les-lignees-dun-art-queer\/\" \/>\n<meta property=\"og:locale\" content=\"en_US\" \/>\n<meta property=\"og:type\" content=\"article\" \/>\n<meta property=\"og:title\" content=\"Pour une esth\u00e9tique de l&#039;\u00e9mancipation - Construire les lign\u00e9es d\u2019un art queer - Books on the Move\" \/>\n<meta property=\"og:description\" content=\"AUTEUR : Isabelle Alfonsi EDITEUR : \u00c9ditions B42 (2019)  BROCH\u00c9 :\u00a0160 pages LANGUE : Fran\u00e7ais ISBN13 : 978 2 490 07713 7\" \/>\n<meta property=\"og:url\" content=\"https:\/\/www.booksonthemove.fr\/produit\/pour-une-esthetique-de-lemancipation-construire-les-lignees-dun-art-queer\/\" \/>\n<meta property=\"og:site_name\" content=\"Books on the Move\" \/>\n<meta property=\"article:publisher\" content=\"https:\/\/www.facebook.com\/Librairiebooksonthemove\/\" \/>\n<meta property=\"article:modified_time\" content=\"2025-03-27T14:57:54+00:00\" \/>\n<meta property=\"og:image\" content=\"https:\/\/www.booksonthemove.fr\/media\/bom_2342.jpeg\" \/>\n\t<meta property=\"og:image:width\" content=\"900\" \/>\n\t<meta property=\"og:image:height\" content=\"1463\" \/>\n\t<meta property=\"og:image:type\" content=\"image\/jpeg\" \/>\n<meta name=\"twitter:card\" content=\"summary_large_image\" \/>\n<script type=\"application\/ld+json\" class=\"yoast-schema-graph\">{\"@context\":\"https:\\\/\\\/schema.org\",\"@graph\":[{\"@type\":\"WebPage\",\"@id\":\"https:\\\/\\\/www.booksonthemove.fr\\\/produit\\\/pour-une-esthetique-de-lemancipation-construire-les-lignees-dun-art-queer\\\/\",\"url\":\"https:\\\/\\\/www.booksonthemove.fr\\\/produit\\\/pour-une-esthetique-de-lemancipation-construire-les-lignees-dun-art-queer\\\/\",\"name\":\"Pour une esth\u00e9tique de l'\u00e9mancipation - Construire les lign\u00e9es d\u2019un art queer - Books on the Move\",\"isPartOf\":{\"@id\":\"https:\\\/\\\/www.booksonthemove.fr\\\/#website\"},\"primaryImageOfPage\":{\"@id\":\"https:\\\/\\\/www.booksonthemove.fr\\\/produit\\\/pour-une-esthetique-de-lemancipation-construire-les-lignees-dun-art-queer\\\/#primaryimage\"},\"image\":{\"@id\":\"https:\\\/\\\/www.booksonthemove.fr\\\/produit\\\/pour-une-esthetique-de-lemancipation-construire-les-lignees-dun-art-queer\\\/#primaryimage\"},\"thumbnailUrl\":\"https:\\\/\\\/www.booksonthemove.fr\\\/media\\\/bom_2342.jpeg\",\"datePublished\":\"2021-08-20T11:06:52+00:00\",\"dateModified\":\"2025-03-27T14:57:54+00:00\",\"breadcrumb\":{\"@id\":\"https:\\\/\\\/www.booksonthemove.fr\\\/produit\\\/pour-une-esthetique-de-lemancipation-construire-les-lignees-dun-art-queer\\\/#breadcrumb\"},\"inLanguage\":\"en-US\",\"potentialAction\":[{\"@type\":\"ReadAction\",\"target\":[\"https:\\\/\\\/www.booksonthemove.fr\\\/produit\\\/pour-une-esthetique-de-lemancipation-construire-les-lignees-dun-art-queer\\\/\"]}]},{\"@type\":\"ImageObject\",\"inLanguage\":\"en-US\",\"@id\":\"https:\\\/\\\/www.booksonthemove.fr\\\/produit\\\/pour-une-esthetique-de-lemancipation-construire-les-lignees-dun-art-queer\\\/#primaryimage\",\"url\":\"https:\\\/\\\/www.booksonthemove.fr\\\/media\\\/bom_2342.jpeg\",\"contentUrl\":\"https:\\\/\\\/www.booksonthemove.fr\\\/media\\\/bom_2342.jpeg\",\"width\":900,\"height\":1463},{\"@type\":\"BreadcrumbList\",\"@id\":\"https:\\\/\\\/www.booksonthemove.fr\\\/produit\\\/pour-une-esthetique-de-lemancipation-construire-les-lignees-dun-art-queer\\\/#breadcrumb\",\"itemListElement\":[{\"@type\":\"ListItem\",\"position\":1,\"name\":\"Accueil\",\"item\":\"https:\\\/\\\/www.booksonthemove.fr\\\/en\\\/\"},{\"@type\":\"ListItem\",\"position\":2,\"name\":\"online store\",\"item\":\"https:\\\/\\\/www.booksonthemove.fr\\\/en\\\/online-shop\\\/\"},{\"@type\":\"ListItem\",\"position\":3,\"name\":\"Pour une esth\u00e9tique de l&rsquo;\u00e9mancipation &#8211; Construire les lign\u00e9es d\u2019un art queer\"}]},{\"@type\":\"WebSite\",\"@id\":\"https:\\\/\\\/www.booksonthemove.fr\\\/#website\",\"url\":\"https:\\\/\\\/www.booksonthemove.fr\\\/\",\"name\":\"Books on the Move\",\"description\":\"librairie nomade - danse - mouvement - performance\",\"publisher\":{\"@id\":\"https:\\\/\\\/www.booksonthemove.fr\\\/#organization\"},\"potentialAction\":[{\"@type\":\"SearchAction\",\"target\":{\"@type\":\"EntryPoint\",\"urlTemplate\":\"https:\\\/\\\/www.booksonthemove.fr\\\/?s={search_term_string}\"},\"query-input\":{\"@type\":\"PropertyValueSpecification\",\"valueRequired\":true,\"valueName\":\"search_term_string\"}}],\"inLanguage\":\"en-US\"},{\"@type\":\"Organization\",\"@id\":\"https:\\\/\\\/www.booksonthemove.fr\\\/#organization\",\"name\":\"Books on the Move\",\"url\":\"https:\\\/\\\/www.booksonthemove.fr\\\/\",\"logo\":{\"@type\":\"ImageObject\",\"inLanguage\":\"en-US\",\"@id\":\"https:\\\/\\\/www.booksonthemove.fr\\\/#\\\/schema\\\/logo\\\/image\\\/\",\"url\":\"https:\\\/\\\/www.booksonthemove.fr\\\/media\\\/logo-NB-400.jpg\",\"contentUrl\":\"https:\\\/\\\/www.booksonthemove.fr\\\/media\\\/logo-NB-400.jpg\",\"width\":400,\"height\":143,\"caption\":\"Books on the Move\"},\"image\":{\"@id\":\"https:\\\/\\\/www.booksonthemove.fr\\\/#\\\/schema\\\/logo\\\/image\\\/\"},\"sameAs\":[\"https:\\\/\\\/www.facebook.com\\\/Librairiebooksonthemove\\\/\"]}]}<\/script>\n<!-- \/ Yoast SEO plugin. -->","yoast_head_json":{"title":"Pour une esth\u00e9tique de l'\u00e9mancipation - Construire les lign\u00e9es d\u2019un art queer - Books on the Move","robots":{"index":"index","follow":"follow","max-snippet":"max-snippet:-1","max-image-preview":"max-image-preview:large","max-video-preview":"max-video-preview:-1"},"canonical":"https:\/\/www.booksonthemove.fr\/produit\/pour-une-esthetique-de-lemancipation-construire-les-lignees-dun-art-queer\/","og_locale":"en_US","og_type":"article","og_title":"Pour une esth\u00e9tique de l'\u00e9mancipation - Construire les lign\u00e9es d\u2019un art queer - Books on the Move","og_description":"AUTEUR : Isabelle Alfonsi EDITEUR : \u00c9ditions B42 (2019)  BROCH\u00c9 :\u00a0160 pages LANGUE : Fran\u00e7ais ISBN13 : 978 2 490 07713 7","og_url":"https:\/\/www.booksonthemove.fr\/produit\/pour-une-esthetique-de-lemancipation-construire-les-lignees-dun-art-queer\/","og_site_name":"Books on the Move","article_publisher":"https:\/\/www.facebook.com\/Librairiebooksonthemove\/","article_modified_time":"2025-03-27T14:57:54+00:00","og_image":[{"width":900,"height":1463,"url":"https:\/\/www.booksonthemove.fr\/media\/bom_2342.jpeg","type":"image\/jpeg"}],"twitter_card":"summary_large_image","schema":{"@context":"https:\/\/schema.org","@graph":[{"@type":"WebPage","@id":"https:\/\/www.booksonthemove.fr\/produit\/pour-une-esthetique-de-lemancipation-construire-les-lignees-dun-art-queer\/","url":"https:\/\/www.booksonthemove.fr\/produit\/pour-une-esthetique-de-lemancipation-construire-les-lignees-dun-art-queer\/","name":"Pour une esth\u00e9tique de l'\u00e9mancipation - Construire les lign\u00e9es d\u2019un art queer - Books on the Move","isPartOf":{"@id":"https:\/\/www.booksonthemove.fr\/#website"},"primaryImageOfPage":{"@id":"https:\/\/www.booksonthemove.fr\/produit\/pour-une-esthetique-de-lemancipation-construire-les-lignees-dun-art-queer\/#primaryimage"},"image":{"@id":"https:\/\/www.booksonthemove.fr\/produit\/pour-une-esthetique-de-lemancipation-construire-les-lignees-dun-art-queer\/#primaryimage"},"thumbnailUrl":"https:\/\/www.booksonthemove.fr\/media\/bom_2342.jpeg","datePublished":"2021-08-20T11:06:52+00:00","dateModified":"2025-03-27T14:57:54+00:00","breadcrumb":{"@id":"https:\/\/www.booksonthemove.fr\/produit\/pour-une-esthetique-de-lemancipation-construire-les-lignees-dun-art-queer\/#breadcrumb"},"inLanguage":"en-US","potentialAction":[{"@type":"ReadAction","target":["https:\/\/www.booksonthemove.fr\/produit\/pour-une-esthetique-de-lemancipation-construire-les-lignees-dun-art-queer\/"]}]},{"@type":"ImageObject","inLanguage":"en-US","@id":"https:\/\/www.booksonthemove.fr\/produit\/pour-une-esthetique-de-lemancipation-construire-les-lignees-dun-art-queer\/#primaryimage","url":"https:\/\/www.booksonthemove.fr\/media\/bom_2342.jpeg","contentUrl":"https:\/\/www.booksonthemove.fr\/media\/bom_2342.jpeg","width":900,"height":1463},{"@type":"BreadcrumbList","@id":"https:\/\/www.booksonthemove.fr\/produit\/pour-une-esthetique-de-lemancipation-construire-les-lignees-dun-art-queer\/#breadcrumb","itemListElement":[{"@type":"ListItem","position":1,"name":"Accueil","item":"https:\/\/www.booksonthemove.fr\/en\/"},{"@type":"ListItem","position":2,"name":"online store","item":"https:\/\/www.booksonthemove.fr\/en\/online-shop\/"},{"@type":"ListItem","position":3,"name":"Pour une esth\u00e9tique de l&rsquo;\u00e9mancipation &#8211; Construire les lign\u00e9es d\u2019un art queer"}]},{"@type":"WebSite","@id":"https:\/\/www.booksonthemove.fr\/#website","url":"https:\/\/www.booksonthemove.fr\/","name":"Books on the Move","description":"librairie nomade - danse - mouvement - performance","publisher":{"@id":"https:\/\/www.booksonthemove.fr\/#organization"},"potentialAction":[{"@type":"SearchAction","target":{"@type":"EntryPoint","urlTemplate":"https:\/\/www.booksonthemove.fr\/?s={search_term_string}"},"query-input":{"@type":"PropertyValueSpecification","valueRequired":true,"valueName":"search_term_string"}}],"inLanguage":"en-US"},{"@type":"Organization","@id":"https:\/\/www.booksonthemove.fr\/#organization","name":"Books on the Move","url":"https:\/\/www.booksonthemove.fr\/","logo":{"@type":"ImageObject","inLanguage":"en-US","@id":"https:\/\/www.booksonthemove.fr\/#\/schema\/logo\/image\/","url":"https:\/\/www.booksonthemove.fr\/media\/logo-NB-400.jpg","contentUrl":"https:\/\/www.booksonthemove.fr\/media\/logo-NB-400.jpg","width":400,"height":143,"caption":"Books on the Move"},"image":{"@id":"https:\/\/www.booksonthemove.fr\/#\/schema\/logo\/image\/"},"sameAs":["https:\/\/www.facebook.com\/Librairiebooksonthemove\/"]}]}},"_links":{"self":[{"href":"https:\/\/www.booksonthemove.fr\/en\/wp-json\/wp\/v2\/product\/32907","targetHints":{"allow":["GET"]}}],"collection":[{"href":"https:\/\/www.booksonthemove.fr\/en\/wp-json\/wp\/v2\/product"}],"about":[{"href":"https:\/\/www.booksonthemove.fr\/en\/wp-json\/wp\/v2\/types\/product"}],"wp:featuredmedia":[{"embeddable":true,"href":"https:\/\/www.booksonthemove.fr\/en\/wp-json\/wp\/v2\/media\/32906"}],"wp:attachment":[{"href":"https:\/\/www.booksonthemove.fr\/en\/wp-json\/wp\/v2\/media?parent=32907"}],"wp:term":[{"taxonomy":"product_brand","embeddable":true,"href":"https:\/\/www.booksonthemove.fr\/en\/wp-json\/wp\/v2\/product_brand?post=32907"},{"taxonomy":"product_cat","embeddable":true,"href":"https:\/\/www.booksonthemove.fr\/en\/wp-json\/wp\/v2\/product_cat?post=32907"},{"taxonomy":"product_tag","embeddable":true,"href":"https:\/\/www.booksonthemove.fr\/en\/wp-json\/wp\/v2\/product_tag?post=32907"}],"curies":[{"name":"wp","href":"https:\/\/api.w.org\/{rel}","templated":true}]}}