{"id":32916,"date":"2021-08-22T11:35:57","date_gmt":"2021-08-22T09:35:57","guid":{"rendered":"https:\/\/www.booksonthemove.fr\/produit\/reveiller-les-esprits-de-la-terre\/"},"modified":"2026-03-14T14:36:48","modified_gmt":"2026-03-14T13:36:48","slug":"reveiller-les-esprits-de-la-terre","status":"publish","type":"product","link":"https:\/\/www.booksonthemove.fr\/en\/produit\/reveiller-les-esprits-de-la-terre\/","title":{"rendered":"R\u00e9veiller les esprits de la terre"},"content":{"rendered":"<p>Ce livre part d\u2019une multiplicit\u00e9 d\u2019exp\u00e9riences et de savoirs\u2009: du chamanisme aux rites tot\u00e9miques, des luttes pour des droits \u00e0 la terre aux pratiques visant \u00e0 devenir-territoire pour r\u00e9sister \u00e0 l\u2019acc\u00e9l\u00e9ration des politiques destructrices des milieux de vie. Pour les Warlpiri et leurs voisins du d\u00e9sert central australien, les esprits de la terre, de l\u2019eau, de l\u2019air sont en col\u00e8re quand les humains ne respectent pas certaines lois d\u2019\u00e9quilibre qui pour ces gardiens et gardiennes de sites sacr\u00e9s sont \u00e0 la fois sociales, environnementales et cosmologiques. Cette sagesse ancestrale se r\u00e9actualise ou se retrouve dans nombreuses situations un peu partout sur la plan\u00e8te. Depuis l\u2019Australie ou la France, de la Montagne limousine \u00e0 la Zad de Notre-Dame-des-Landes, en passant par la Guyane et la Polyn\u00e9sie fran\u00e7aises, Barbara Glowczewski fait le r\u00e9cit de ces multiples strat\u00e9gies pour \u201cr\u00e9sister au d\u00e9sastre\u201d en montrant la cr\u00e9ativit\u00e9 des luttes qui prennent forme aujourd\u2019hui contre un rapport pr\u00e9dateur \u00e0 la terre devenu h\u00e9g\u00e9monique. Le constat commun \u00e0 ces exp\u00e9riences invite \u00e0 favoriser de nouvelles alliances pour r\u00e9veiller les esprits de la terre et mieux d\u00e9fendre tout ce qui y vit.<\/p>\n","protected":false},"excerpt":{"rendered":"<p><strong>AUTEURE :<\/strong> Barbara Glowczewski<br \/>\n<strong>EDITEUR :<\/strong> \u00c9ditions Dehors (2021)<\/p>\n<p><strong>BROCH\u00c9 :<\/strong>\u00a0288 pages<br \/>\n<strong>LANGUE :<\/strong> Fran\u00e7ais<br \/>\n<strong>ISBN13 :<\/strong> 978-2-36751-025-5<\/p>\n","protected":false},"featured_media":32915,"template":"","meta":[],"product_brand":[],"product_cat":[281,146,162,292,308],"product_tag":[],"class_list":{"0":"post-32916","1":"product","2":"type-product","3":"status-publish","4":"has-post-thumbnail","6":"product_cat-anthropology","7":"product_cat-theoretical-texts-en","8":"product_cat-french-en","9":"product_cat-nature-en","10":"product_cat-shamanism-en","12":"first","13":"instock","14":"taxable","15":"shipping-taxable","16":"purchasable","17":"product-type-simple"},"yoast_head":"<!-- This site is optimized with the Yoast SEO plugin v27.5 - https:\/\/yoast.com\/product\/yoast-seo-wordpress\/ -->\n<title>R\u00e9veiller les esprits de la terre - Books on the Move<\/title>\n<meta name=\"robots\" content=\"index, follow, max-snippet:-1, max-image-preview:large, max-video-preview:-1\" \/>\n<link rel=\"canonical\" href=\"https:\/\/www.booksonthemove.fr\/en\/produit\/reveiller-les-esprits-de-la-terre\/\" \/>\n<meta property=\"og:locale\" content=\"en_US\" \/>\n<meta property=\"og:type\" content=\"article\" \/>\n<meta property=\"og:title\" content=\"R\u00e9veiller les esprits de la terre - Books on the Move\" \/>\n<meta property=\"og:description\" content=\"AUTEURE : Barbara Glowczewski EDITEUR : \u00c9ditions Dehors (2021)  BROCH\u00c9 :\u00a0288 pages LANGUE : Fran\u00e7ais ISBN13 : 978-2-36751-025-5\" \/>\n<meta property=\"og:url\" content=\"https:\/\/www.booksonthemove.fr\/en\/produit\/reveiller-les-esprits-de-la-terre\/\" \/>\n<meta property=\"og:site_name\" content=\"Books on the Move\" \/>\n<meta property=\"article:publisher\" content=\"https:\/\/www.facebook.com\/Librairiebooksonthemove\/\" \/>\n<meta property=\"article:modified_time\" content=\"2026-03-14T13:36:48+00:00\" \/>\n<meta property=\"og:image\" content=\"https:\/\/www.booksonthemove.fr\/media\/bom_2393.jpeg\" \/>\n\t<meta property=\"og:image:width\" content=\"900\" \/>\n\t<meta property=\"og:image:height\" content=\"1358\" \/>\n\t<meta property=\"og:image:type\" content=\"image\/jpeg\" \/>\n<meta name=\"twitter:card\" content=\"summary_large_image\" \/>\n<script type=\"application\/ld+json\" class=\"yoast-schema-graph\">{\"@context\":\"https:\\\/\\\/schema.org\",\"@graph\":[{\"@type\":\"WebPage\",\"@id\":\"https:\\\/\\\/www.booksonthemove.fr\\\/en\\\/produit\\\/reveiller-les-esprits-de-la-terre\\\/\",\"url\":\"https:\\\/\\\/www.booksonthemove.fr\\\/en\\\/produit\\\/reveiller-les-esprits-de-la-terre\\\/\",\"name\":\"R\u00e9veiller les esprits de la terre - Books on the Move\",\"isPartOf\":{\"@id\":\"https:\\\/\\\/www.booksonthemove.fr\\\/#website\"},\"primaryImageOfPage\":{\"@id\":\"https:\\\/\\\/www.booksonthemove.fr\\\/en\\\/produit\\\/reveiller-les-esprits-de-la-terre\\\/#primaryimage\"},\"image\":{\"@id\":\"https:\\\/\\\/www.booksonthemove.fr\\\/en\\\/produit\\\/reveiller-les-esprits-de-la-terre\\\/#primaryimage\"},\"thumbnailUrl\":\"https:\\\/\\\/www.booksonthemove.fr\\\/media\\\/bom_2393.jpeg\",\"datePublished\":\"2021-08-22T09:35:57+00:00\",\"dateModified\":\"2026-03-14T13:36:48+00:00\",\"breadcrumb\":{\"@id\":\"https:\\\/\\\/www.booksonthemove.fr\\\/en\\\/produit\\\/reveiller-les-esprits-de-la-terre\\\/#breadcrumb\"},\"inLanguage\":\"en-US\",\"potentialAction\":[{\"@type\":\"ReadAction\",\"target\":[\"https:\\\/\\\/www.booksonthemove.fr\\\/en\\\/produit\\\/reveiller-les-esprits-de-la-terre\\\/\"]}]},{\"@type\":\"ImageObject\",\"inLanguage\":\"en-US\",\"@id\":\"https:\\\/\\\/www.booksonthemove.fr\\\/en\\\/produit\\\/reveiller-les-esprits-de-la-terre\\\/#primaryimage\",\"url\":\"https:\\\/\\\/www.booksonthemove.fr\\\/media\\\/bom_2393.jpeg\",\"contentUrl\":\"https:\\\/\\\/www.booksonthemove.fr\\\/media\\\/bom_2393.jpeg\",\"width\":900,\"height\":1358},{\"@type\":\"BreadcrumbList\",\"@id\":\"https:\\\/\\\/www.booksonthemove.fr\\\/en\\\/produit\\\/reveiller-les-esprits-de-la-terre\\\/#breadcrumb\",\"itemListElement\":[{\"@type\":\"ListItem\",\"position\":1,\"name\":\"Accueil\",\"item\":\"https:\\\/\\\/www.booksonthemove.fr\\\/en\\\/\"},{\"@type\":\"ListItem\",\"position\":2,\"name\":\"online store\",\"item\":\"https:\\\/\\\/www.booksonthemove.fr\\\/en\\\/online-shop\\\/\"},{\"@type\":\"ListItem\",\"position\":3,\"name\":\"R\u00e9veiller les esprits de la terre\"}]},{\"@type\":\"WebSite\",\"@id\":\"https:\\\/\\\/www.booksonthemove.fr\\\/#website\",\"url\":\"https:\\\/\\\/www.booksonthemove.fr\\\/\",\"name\":\"Books on the Move\",\"description\":\"librairie nomade - danse - mouvement - performance\",\"publisher\":{\"@id\":\"https:\\\/\\\/www.booksonthemove.fr\\\/#organization\"},\"potentialAction\":[{\"@type\":\"SearchAction\",\"target\":{\"@type\":\"EntryPoint\",\"urlTemplate\":\"https:\\\/\\\/www.booksonthemove.fr\\\/?s={search_term_string}\"},\"query-input\":{\"@type\":\"PropertyValueSpecification\",\"valueRequired\":true,\"valueName\":\"search_term_string\"}}],\"inLanguage\":\"en-US\"},{\"@type\":\"Organization\",\"@id\":\"https:\\\/\\\/www.booksonthemove.fr\\\/#organization\",\"name\":\"Books on the Move\",\"url\":\"https:\\\/\\\/www.booksonthemove.fr\\\/\",\"logo\":{\"@type\":\"ImageObject\",\"inLanguage\":\"en-US\",\"@id\":\"https:\\\/\\\/www.booksonthemove.fr\\\/#\\\/schema\\\/logo\\\/image\\\/\",\"url\":\"https:\\\/\\\/www.booksonthemove.fr\\\/media\\\/logo-NB-400.jpg\",\"contentUrl\":\"https:\\\/\\\/www.booksonthemove.fr\\\/media\\\/logo-NB-400.jpg\",\"width\":400,\"height\":143,\"caption\":\"Books on the Move\"},\"image\":{\"@id\":\"https:\\\/\\\/www.booksonthemove.fr\\\/#\\\/schema\\\/logo\\\/image\\\/\"},\"sameAs\":[\"https:\\\/\\\/www.facebook.com\\\/Librairiebooksonthemove\\\/\"]}]}<\/script>\n<!-- \/ Yoast SEO plugin. -->","yoast_head_json":{"title":"R\u00e9veiller les esprits de la terre - Books on the Move","robots":{"index":"index","follow":"follow","max-snippet":"max-snippet:-1","max-image-preview":"max-image-preview:large","max-video-preview":"max-video-preview:-1"},"canonical":"https:\/\/www.booksonthemove.fr\/en\/produit\/reveiller-les-esprits-de-la-terre\/","og_locale":"en_US","og_type":"article","og_title":"R\u00e9veiller les esprits de la terre - Books on the Move","og_description":"AUTEURE : Barbara Glowczewski EDITEUR : \u00c9ditions Dehors (2021)  BROCH\u00c9 :\u00a0288 pages LANGUE : Fran\u00e7ais ISBN13 : 978-2-36751-025-5","og_url":"https:\/\/www.booksonthemove.fr\/en\/produit\/reveiller-les-esprits-de-la-terre\/","og_site_name":"Books on the Move","article_publisher":"https:\/\/www.facebook.com\/Librairiebooksonthemove\/","article_modified_time":"2026-03-14T13:36:48+00:00","og_image":[{"width":900,"height":1358,"url":"https:\/\/www.booksonthemove.fr\/media\/bom_2393.jpeg","type":"image\/jpeg"}],"twitter_card":"summary_large_image","schema":{"@context":"https:\/\/schema.org","@graph":[{"@type":"WebPage","@id":"https:\/\/www.booksonthemove.fr\/en\/produit\/reveiller-les-esprits-de-la-terre\/","url":"https:\/\/www.booksonthemove.fr\/en\/produit\/reveiller-les-esprits-de-la-terre\/","name":"R\u00e9veiller les esprits de la terre - Books on the Move","isPartOf":{"@id":"https:\/\/www.booksonthemove.fr\/#website"},"primaryImageOfPage":{"@id":"https:\/\/www.booksonthemove.fr\/en\/produit\/reveiller-les-esprits-de-la-terre\/#primaryimage"},"image":{"@id":"https:\/\/www.booksonthemove.fr\/en\/produit\/reveiller-les-esprits-de-la-terre\/#primaryimage"},"thumbnailUrl":"https:\/\/www.booksonthemove.fr\/media\/bom_2393.jpeg","datePublished":"2021-08-22T09:35:57+00:00","dateModified":"2026-03-14T13:36:48+00:00","breadcrumb":{"@id":"https:\/\/www.booksonthemove.fr\/en\/produit\/reveiller-les-esprits-de-la-terre\/#breadcrumb"},"inLanguage":"en-US","potentialAction":[{"@type":"ReadAction","target":["https:\/\/www.booksonthemove.fr\/en\/produit\/reveiller-les-esprits-de-la-terre\/"]}]},{"@type":"ImageObject","inLanguage":"en-US","@id":"https:\/\/www.booksonthemove.fr\/en\/produit\/reveiller-les-esprits-de-la-terre\/#primaryimage","url":"https:\/\/www.booksonthemove.fr\/media\/bom_2393.jpeg","contentUrl":"https:\/\/www.booksonthemove.fr\/media\/bom_2393.jpeg","width":900,"height":1358},{"@type":"BreadcrumbList","@id":"https:\/\/www.booksonthemove.fr\/en\/produit\/reveiller-les-esprits-de-la-terre\/#breadcrumb","itemListElement":[{"@type":"ListItem","position":1,"name":"Accueil","item":"https:\/\/www.booksonthemove.fr\/en\/"},{"@type":"ListItem","position":2,"name":"online store","item":"https:\/\/www.booksonthemove.fr\/en\/online-shop\/"},{"@type":"ListItem","position":3,"name":"R\u00e9veiller les esprits de la terre"}]},{"@type":"WebSite","@id":"https:\/\/www.booksonthemove.fr\/#website","url":"https:\/\/www.booksonthemove.fr\/","name":"Books on the Move","description":"librairie nomade - danse - mouvement - performance","publisher":{"@id":"https:\/\/www.booksonthemove.fr\/#organization"},"potentialAction":[{"@type":"SearchAction","target":{"@type":"EntryPoint","urlTemplate":"https:\/\/www.booksonthemove.fr\/?s={search_term_string}"},"query-input":{"@type":"PropertyValueSpecification","valueRequired":true,"valueName":"search_term_string"}}],"inLanguage":"en-US"},{"@type":"Organization","@id":"https:\/\/www.booksonthemove.fr\/#organization","name":"Books on the Move","url":"https:\/\/www.booksonthemove.fr\/","logo":{"@type":"ImageObject","inLanguage":"en-US","@id":"https:\/\/www.booksonthemove.fr\/#\/schema\/logo\/image\/","url":"https:\/\/www.booksonthemove.fr\/media\/logo-NB-400.jpg","contentUrl":"https:\/\/www.booksonthemove.fr\/media\/logo-NB-400.jpg","width":400,"height":143,"caption":"Books on the Move"},"image":{"@id":"https:\/\/www.booksonthemove.fr\/#\/schema\/logo\/image\/"},"sameAs":["https:\/\/www.facebook.com\/Librairiebooksonthemove\/"]}]}},"_links":{"self":[{"href":"https:\/\/www.booksonthemove.fr\/en\/wp-json\/wp\/v2\/product\/32916","targetHints":{"allow":["GET"]}}],"collection":[{"href":"https:\/\/www.booksonthemove.fr\/en\/wp-json\/wp\/v2\/product"}],"about":[{"href":"https:\/\/www.booksonthemove.fr\/en\/wp-json\/wp\/v2\/types\/product"}],"wp:featuredmedia":[{"embeddable":true,"href":"https:\/\/www.booksonthemove.fr\/en\/wp-json\/wp\/v2\/media\/32915"}],"wp:attachment":[{"href":"https:\/\/www.booksonthemove.fr\/en\/wp-json\/wp\/v2\/media?parent=32916"}],"wp:term":[{"taxonomy":"product_brand","embeddable":true,"href":"https:\/\/www.booksonthemove.fr\/en\/wp-json\/wp\/v2\/product_brand?post=32916"},{"taxonomy":"product_cat","embeddable":true,"href":"https:\/\/www.booksonthemove.fr\/en\/wp-json\/wp\/v2\/product_cat?post=32916"},{"taxonomy":"product_tag","embeddable":true,"href":"https:\/\/www.booksonthemove.fr\/en\/wp-json\/wp\/v2\/product_tag?post=32916"}],"curies":[{"name":"wp","href":"https:\/\/api.w.org\/{rel}","templated":true}]}}