{"id":32993,"date":"2021-09-07T14:46:51","date_gmt":"2021-09-07T12:46:51","guid":{"rendered":"https:\/\/www.booksonthemove.fr\/produit\/esther-ferrer-todas-las-variaciones-son-validas-incluida-esta\/"},"modified":"2021-10-15T23:16:42","modified_gmt":"2021-10-15T21:16:42","slug":"esther-ferrer-todas-las-variaciones-son-validas-incluida-esta","status":"publish","type":"product","link":"https:\/\/www.booksonthemove.fr\/en\/produit\/esther-ferrer-todas-las-variaciones-son-validas-incluida-esta\/","title":{"rendered":"Esther Ferrer. Todas las variaciones son v\u00e1lidas, incluida esta"},"content":{"rendered":"<p>Esther Ferrer, tras m\u00e1s de 50 a\u00f1os de carrera art\u00edstica ha tejido una obra multidisciplinar, profundamente cr\u00edtica, enmarcada en las corrientes del process art, desbordando los l\u00edmites del lenguaje y del tiempo, situando al cuerpo en un lugar central, desde donde lo transforma al tiempo en sujeto y objeto.<\/p>\n<p>Este cat\u00e1logo reproduce un buen n\u00famero de las partituras de Esther Ferrer, as\u00ed como un CD con obras sonoras. Tambi\u00e9n se ha puesto especial cuidado en las cubiertas del libro, de las que se han realizado m\u00e1s de 40 versiones diferentes, disponibles de manera aleatoria en las librer\u00edas.<\/p>\n<p>Autores: Esther Ferrer, Laurence Rassel, Mar Villaespesa, Mar\u00eda Salgado, Patricia Brignone, Arnaud Labelle-Rojoux y Carmen G. Muriana<\/p>\n","protected":false},"excerpt":{"rendered":"<p><strong>AUTORES :<\/strong> obra colectiva<br \/>\n<strong>EDITA : <\/strong>Museo Nacional Centro de Arte Reina Sof\u00eda (2017)<\/p>\n<p><strong>TAPA BLANDA :<\/strong> 378 P\u00e1ginas<br \/>\n<strong>IDIOMA :<\/strong> Espa\u00f1ol<br \/>\n<strong>ISBN13 :<\/strong> 978-84-8026-558-4<\/p>\n","protected":false},"featured_media":32992,"template":"","meta":[],"product_brand":[],"product_cat":[258,225,152],"product_tag":[],"class_list":{"0":"post-32993","1":"product","2":"type-product","3":"status-publish","4":"has-post-thumbnail","6":"product_cat-other-languages","7":"product_cat-exhibitions-catalogues-en","8":"product_cat-performance-en","10":"first","11":"outofstock","12":"taxable","13":"shipping-taxable","14":"purchasable","15":"product-type-simple"},"yoast_head":"<!-- This site is optimized with the Yoast SEO plugin v27.5 - https:\/\/yoast.com\/product\/yoast-seo-wordpress\/ -->\n<title>Esther Ferrer. Todas las variaciones son v\u00e1lidas, incluida esta - Books on the Move<\/title>\n<meta name=\"robots\" content=\"index, follow, max-snippet:-1, max-image-preview:large, max-video-preview:-1\" \/>\n<link rel=\"canonical\" href=\"https:\/\/www.booksonthemove.fr\/en\/produit\/esther-ferrer-todas-las-variaciones-son-validas-incluida-esta\/\" \/>\n<meta property=\"og:locale\" content=\"en_US\" \/>\n<meta property=\"og:type\" content=\"article\" \/>\n<meta property=\"og:title\" content=\"Esther Ferrer. Todas las variaciones son v\u00e1lidas, incluida esta - Books on the Move\" \/>\n<meta property=\"og:description\" content=\"AUTORES : obra colectiva EDITA : Museo Nacional Centro de Arte Reina Sof\u00eda (2017)  TAPA BLANDA : 378 P\u00e1ginas IDIOMA : Espa\u00f1ol ISBN13 : 978-84-8026-558-4\" \/>\n<meta property=\"og:url\" content=\"https:\/\/www.booksonthemove.fr\/en\/produit\/esther-ferrer-todas-las-variaciones-son-validas-incluida-esta\/\" \/>\n<meta property=\"og:site_name\" content=\"Books on the Move\" \/>\n<meta property=\"article:publisher\" content=\"https:\/\/www.facebook.com\/Librairiebooksonthemove\/\" \/>\n<meta property=\"article:modified_time\" content=\"2021-10-15T21:16:42+00:00\" \/>\n<meta property=\"og:image\" content=\"https:\/\/www.booksonthemove.fr\/media\/bom_2386.jpeg\" \/>\n\t<meta property=\"og:image:width\" content=\"900\" \/>\n\t<meta property=\"og:image:height\" content=\"1295\" \/>\n\t<meta property=\"og:image:type\" content=\"image\/jpeg\" \/>\n<meta name=\"twitter:card\" content=\"summary_large_image\" \/>\n<script type=\"application\/ld+json\" class=\"yoast-schema-graph\">{\"@context\":\"https:\\\/\\\/schema.org\",\"@graph\":[{\"@type\":\"WebPage\",\"@id\":\"https:\\\/\\\/www.booksonthemove.fr\\\/en\\\/produit\\\/esther-ferrer-todas-las-variaciones-son-validas-incluida-esta\\\/\",\"url\":\"https:\\\/\\\/www.booksonthemove.fr\\\/en\\\/produit\\\/esther-ferrer-todas-las-variaciones-son-validas-incluida-esta\\\/\",\"name\":\"Esther Ferrer. Todas las variaciones son v\u00e1lidas, incluida esta - Books on the Move\",\"isPartOf\":{\"@id\":\"https:\\\/\\\/www.booksonthemove.fr\\\/#website\"},\"primaryImageOfPage\":{\"@id\":\"https:\\\/\\\/www.booksonthemove.fr\\\/en\\\/produit\\\/esther-ferrer-todas-las-variaciones-son-validas-incluida-esta\\\/#primaryimage\"},\"image\":{\"@id\":\"https:\\\/\\\/www.booksonthemove.fr\\\/en\\\/produit\\\/esther-ferrer-todas-las-variaciones-son-validas-incluida-esta\\\/#primaryimage\"},\"thumbnailUrl\":\"https:\\\/\\\/www.booksonthemove.fr\\\/media\\\/bom_2386.jpeg\",\"datePublished\":\"2021-09-07T12:46:51+00:00\",\"dateModified\":\"2021-10-15T21:16:42+00:00\",\"breadcrumb\":{\"@id\":\"https:\\\/\\\/www.booksonthemove.fr\\\/en\\\/produit\\\/esther-ferrer-todas-las-variaciones-son-validas-incluida-esta\\\/#breadcrumb\"},\"inLanguage\":\"en-US\",\"potentialAction\":[{\"@type\":\"ReadAction\",\"target\":[\"https:\\\/\\\/www.booksonthemove.fr\\\/en\\\/produit\\\/esther-ferrer-todas-las-variaciones-son-validas-incluida-esta\\\/\"]}]},{\"@type\":\"ImageObject\",\"inLanguage\":\"en-US\",\"@id\":\"https:\\\/\\\/www.booksonthemove.fr\\\/en\\\/produit\\\/esther-ferrer-todas-las-variaciones-son-validas-incluida-esta\\\/#primaryimage\",\"url\":\"https:\\\/\\\/www.booksonthemove.fr\\\/media\\\/bom_2386.jpeg\",\"contentUrl\":\"https:\\\/\\\/www.booksonthemove.fr\\\/media\\\/bom_2386.jpeg\",\"width\":900,\"height\":1295},{\"@type\":\"BreadcrumbList\",\"@id\":\"https:\\\/\\\/www.booksonthemove.fr\\\/en\\\/produit\\\/esther-ferrer-todas-las-variaciones-son-validas-incluida-esta\\\/#breadcrumb\",\"itemListElement\":[{\"@type\":\"ListItem\",\"position\":1,\"name\":\"Accueil\",\"item\":\"https:\\\/\\\/www.booksonthemove.fr\\\/en\\\/\"},{\"@type\":\"ListItem\",\"position\":2,\"name\":\"online store\",\"item\":\"https:\\\/\\\/www.booksonthemove.fr\\\/en\\\/online-shop\\\/\"},{\"@type\":\"ListItem\",\"position\":3,\"name\":\"Esther Ferrer. Todas las variaciones son v\u00e1lidas, incluida esta\"}]},{\"@type\":\"WebSite\",\"@id\":\"https:\\\/\\\/www.booksonthemove.fr\\\/#website\",\"url\":\"https:\\\/\\\/www.booksonthemove.fr\\\/\",\"name\":\"Books on the Move\",\"description\":\"librairie nomade - danse - mouvement - performance\",\"publisher\":{\"@id\":\"https:\\\/\\\/www.booksonthemove.fr\\\/#organization\"},\"potentialAction\":[{\"@type\":\"SearchAction\",\"target\":{\"@type\":\"EntryPoint\",\"urlTemplate\":\"https:\\\/\\\/www.booksonthemove.fr\\\/?s={search_term_string}\"},\"query-input\":{\"@type\":\"PropertyValueSpecification\",\"valueRequired\":true,\"valueName\":\"search_term_string\"}}],\"inLanguage\":\"en-US\"},{\"@type\":\"Organization\",\"@id\":\"https:\\\/\\\/www.booksonthemove.fr\\\/#organization\",\"name\":\"Books on the Move\",\"url\":\"https:\\\/\\\/www.booksonthemove.fr\\\/\",\"logo\":{\"@type\":\"ImageObject\",\"inLanguage\":\"en-US\",\"@id\":\"https:\\\/\\\/www.booksonthemove.fr\\\/#\\\/schema\\\/logo\\\/image\\\/\",\"url\":\"https:\\\/\\\/www.booksonthemove.fr\\\/media\\\/logo-NB-400.jpg\",\"contentUrl\":\"https:\\\/\\\/www.booksonthemove.fr\\\/media\\\/logo-NB-400.jpg\",\"width\":400,\"height\":143,\"caption\":\"Books on the Move\"},\"image\":{\"@id\":\"https:\\\/\\\/www.booksonthemove.fr\\\/#\\\/schema\\\/logo\\\/image\\\/\"},\"sameAs\":[\"https:\\\/\\\/www.facebook.com\\\/Librairiebooksonthemove\\\/\"]}]}<\/script>\n<!-- \/ Yoast SEO plugin. -->","yoast_head_json":{"title":"Esther Ferrer. Todas las variaciones son v\u00e1lidas, incluida esta - Books on the Move","robots":{"index":"index","follow":"follow","max-snippet":"max-snippet:-1","max-image-preview":"max-image-preview:large","max-video-preview":"max-video-preview:-1"},"canonical":"https:\/\/www.booksonthemove.fr\/en\/produit\/esther-ferrer-todas-las-variaciones-son-validas-incluida-esta\/","og_locale":"en_US","og_type":"article","og_title":"Esther Ferrer. Todas las variaciones son v\u00e1lidas, incluida esta - Books on the Move","og_description":"AUTORES : obra colectiva EDITA : Museo Nacional Centro de Arte Reina Sof\u00eda (2017)  TAPA BLANDA : 378 P\u00e1ginas IDIOMA : Espa\u00f1ol ISBN13 : 978-84-8026-558-4","og_url":"https:\/\/www.booksonthemove.fr\/en\/produit\/esther-ferrer-todas-las-variaciones-son-validas-incluida-esta\/","og_site_name":"Books on the Move","article_publisher":"https:\/\/www.facebook.com\/Librairiebooksonthemove\/","article_modified_time":"2021-10-15T21:16:42+00:00","og_image":[{"width":900,"height":1295,"url":"https:\/\/www.booksonthemove.fr\/media\/bom_2386.jpeg","type":"image\/jpeg"}],"twitter_card":"summary_large_image","schema":{"@context":"https:\/\/schema.org","@graph":[{"@type":"WebPage","@id":"https:\/\/www.booksonthemove.fr\/en\/produit\/esther-ferrer-todas-las-variaciones-son-validas-incluida-esta\/","url":"https:\/\/www.booksonthemove.fr\/en\/produit\/esther-ferrer-todas-las-variaciones-son-validas-incluida-esta\/","name":"Esther Ferrer. Todas las variaciones son v\u00e1lidas, incluida esta - Books on the Move","isPartOf":{"@id":"https:\/\/www.booksonthemove.fr\/#website"},"primaryImageOfPage":{"@id":"https:\/\/www.booksonthemove.fr\/en\/produit\/esther-ferrer-todas-las-variaciones-son-validas-incluida-esta\/#primaryimage"},"image":{"@id":"https:\/\/www.booksonthemove.fr\/en\/produit\/esther-ferrer-todas-las-variaciones-son-validas-incluida-esta\/#primaryimage"},"thumbnailUrl":"https:\/\/www.booksonthemove.fr\/media\/bom_2386.jpeg","datePublished":"2021-09-07T12:46:51+00:00","dateModified":"2021-10-15T21:16:42+00:00","breadcrumb":{"@id":"https:\/\/www.booksonthemove.fr\/en\/produit\/esther-ferrer-todas-las-variaciones-son-validas-incluida-esta\/#breadcrumb"},"inLanguage":"en-US","potentialAction":[{"@type":"ReadAction","target":["https:\/\/www.booksonthemove.fr\/en\/produit\/esther-ferrer-todas-las-variaciones-son-validas-incluida-esta\/"]}]},{"@type":"ImageObject","inLanguage":"en-US","@id":"https:\/\/www.booksonthemove.fr\/en\/produit\/esther-ferrer-todas-las-variaciones-son-validas-incluida-esta\/#primaryimage","url":"https:\/\/www.booksonthemove.fr\/media\/bom_2386.jpeg","contentUrl":"https:\/\/www.booksonthemove.fr\/media\/bom_2386.jpeg","width":900,"height":1295},{"@type":"BreadcrumbList","@id":"https:\/\/www.booksonthemove.fr\/en\/produit\/esther-ferrer-todas-las-variaciones-son-validas-incluida-esta\/#breadcrumb","itemListElement":[{"@type":"ListItem","position":1,"name":"Accueil","item":"https:\/\/www.booksonthemove.fr\/en\/"},{"@type":"ListItem","position":2,"name":"online store","item":"https:\/\/www.booksonthemove.fr\/en\/online-shop\/"},{"@type":"ListItem","position":3,"name":"Esther Ferrer. Todas las variaciones son v\u00e1lidas, incluida esta"}]},{"@type":"WebSite","@id":"https:\/\/www.booksonthemove.fr\/#website","url":"https:\/\/www.booksonthemove.fr\/","name":"Books on the Move","description":"librairie nomade - danse - mouvement - performance","publisher":{"@id":"https:\/\/www.booksonthemove.fr\/#organization"},"potentialAction":[{"@type":"SearchAction","target":{"@type":"EntryPoint","urlTemplate":"https:\/\/www.booksonthemove.fr\/?s={search_term_string}"},"query-input":{"@type":"PropertyValueSpecification","valueRequired":true,"valueName":"search_term_string"}}],"inLanguage":"en-US"},{"@type":"Organization","@id":"https:\/\/www.booksonthemove.fr\/#organization","name":"Books on the Move","url":"https:\/\/www.booksonthemove.fr\/","logo":{"@type":"ImageObject","inLanguage":"en-US","@id":"https:\/\/www.booksonthemove.fr\/#\/schema\/logo\/image\/","url":"https:\/\/www.booksonthemove.fr\/media\/logo-NB-400.jpg","contentUrl":"https:\/\/www.booksonthemove.fr\/media\/logo-NB-400.jpg","width":400,"height":143,"caption":"Books on the Move"},"image":{"@id":"https:\/\/www.booksonthemove.fr\/#\/schema\/logo\/image\/"},"sameAs":["https:\/\/www.facebook.com\/Librairiebooksonthemove\/"]}]}},"_links":{"self":[{"href":"https:\/\/www.booksonthemove.fr\/en\/wp-json\/wp\/v2\/product\/32993","targetHints":{"allow":["GET"]}}],"collection":[{"href":"https:\/\/www.booksonthemove.fr\/en\/wp-json\/wp\/v2\/product"}],"about":[{"href":"https:\/\/www.booksonthemove.fr\/en\/wp-json\/wp\/v2\/types\/product"}],"wp:featuredmedia":[{"embeddable":true,"href":"https:\/\/www.booksonthemove.fr\/en\/wp-json\/wp\/v2\/media\/32992"}],"wp:attachment":[{"href":"https:\/\/www.booksonthemove.fr\/en\/wp-json\/wp\/v2\/media?parent=32993"}],"wp:term":[{"taxonomy":"product_brand","embeddable":true,"href":"https:\/\/www.booksonthemove.fr\/en\/wp-json\/wp\/v2\/product_brand?post=32993"},{"taxonomy":"product_cat","embeddable":true,"href":"https:\/\/www.booksonthemove.fr\/en\/wp-json\/wp\/v2\/product_cat?post=32993"},{"taxonomy":"product_tag","embeddable":true,"href":"https:\/\/www.booksonthemove.fr\/en\/wp-json\/wp\/v2\/product_tag?post=32993"}],"curies":[{"name":"wp","href":"https:\/\/api.w.org\/{rel}","templated":true}]}}