{"id":33645,"date":"2021-11-24T07:45:32","date_gmt":"2021-11-24T06:45:32","guid":{"rendered":"https:\/\/www.booksonthemove.fr\/produit\/du-tissage\/"},"modified":"2025-12-07T12:46:56","modified_gmt":"2025-12-07T11:46:56","slug":"du-tissage","status":"publish","type":"product","link":"https:\/\/www.booksonthemove.fr\/en\/produit\/du-tissage\/","title":{"rendered":"Du tissage"},"content":{"rendered":"<div class=\"accroche\">R\u00e9dig\u00e9 par l&#8217;une des pionni\u00e8res de l&#8217;art textile au XXe si\u00e8cle, cet ouvrage illustr\u00e9 offre une brillante m\u00e9ditation sur l&#8217;art du tissage, son histoire, ses outils et ses techniques, et sur ses cons\u00e9quences pour le design moderne (nouvelle \u00e9dition augment\u00e9e, avec trois textes critiques et des illustrations en couleur).<\/div>\n<div class=\"citation\">Initialement paru en 1965, <em>Du tissage<\/em> retrace le passage de l&#8217;artisanat \u00e0 la production industrielle, soulignant toute l&#8217;importance de la mat\u00e9rialit\u00e9 et les innovations cr\u00e9atives apparues \u00e0 chaque fois que des questions de design ont \u00e9t\u00e9 r\u00e9solues \u00e0 la main.<br \/>\nEn pla\u00e7ant les mat\u00e9riaux et le m\u00e9tier \u00e0 bras au c\u0153ur de sa r\u00e9flexion, Anni Albers rend compte des limites impos\u00e9es \u00e0 la cr\u00e9ativit\u00e9 et au savoir faire par la technologie et la production de masse, plaidant pour un retour \u00e0 l&#8217;ing\u00e9niosit\u00e9 humaine aujourd&#8217;hui devenu essentiel. Sa prose limpide, captivante, s&#8217;accompagne d&#8217;une foule d&#8217;illustrations dont la grande richesse met en lumi\u00e8re l&#8217;histoire du m\u00e9dium : sch\u00e9mas \u00e0 la main, d\u00e9tails de textiles pr\u00e9colombiens, \u00e9tudes r\u00e9alis\u00e9es \u00e0 partir de grains de ma\u00efs, de papier ou \u00e0 la machine \u00e0 \u00e9crire accompagnent de pr\u00e9cieuses reproductions de ses propres \u0153uvres.<br \/>\nCette \u00e9dition augment\u00e9e, qui place <em>Du tissage<\/em> \u00e0 la port\u00e9e d&#8217;une nouvelle g\u00e9n\u00e9ration de lecteurs, substitue aux illustrations en noir et blanc de l&#8217;\u00e9dition originale des photographies en couleur. S&#8217;y ajoutent une postface de Nicholas Max Weber et deux essais de T&#8217;ai Smith et Ida Soulard qui apportent un \u00e9clairage in\u00e9dit sur l&#8217;artiste et sa carri\u00e8re.<\/div>\n","protected":false},"excerpt":{"rendered":"<p><b>AUTEUR\u00b7E\u00b7S : <\/b>sous la direction d&#8217;Ida Soulard. Traduit de l&#8217;anglais par Armelle Chr\u00e9tien.<br \/>\n<b>EDITEUR : <\/b>les presses du r\u00e9el (2021)<\/p>\n<p><strong>BROCH\u00c9 :<\/strong>\u00a0288 pages<br \/>\n<b>LANGUE : <\/b>Fran\u00e7ais<br \/>\n<strong>ISBN13 :<\/strong> 978-2-37896-100-8<\/p>\n","protected":false},"featured_media":33644,"template":"","meta":[],"product_brand":[],"product_cat":[227,162,293],"product_tag":[],"class_list":{"0":"post-33645","1":"product","2":"type-product","3":"status-publish","4":"has-post-thumbnail","6":"product_cat-essays-en","7":"product_cat-french-en","8":"product_cat-textile-en","10":"first","11":"outofstock","12":"taxable","13":"shipping-taxable","14":"purchasable","15":"product-type-simple"},"yoast_head":"<!-- This site is optimized with the Yoast SEO plugin v27.4 - https:\/\/yoast.com\/product\/yoast-seo-wordpress\/ -->\n<title>Du tissage - Books on the Move<\/title>\n<meta name=\"robots\" content=\"index, follow, max-snippet:-1, max-image-preview:large, max-video-preview:-1\" \/>\n<link rel=\"canonical\" href=\"https:\/\/www.booksonthemove.fr\/en\/produit\/du-tissage\/\" \/>\n<meta property=\"og:locale\" content=\"en_US\" \/>\n<meta property=\"og:type\" content=\"article\" \/>\n<meta property=\"og:title\" content=\"Du tissage - Books on the Move\" \/>\n<meta property=\"og:description\" content=\"AUTEUR\u00b7E\u00b7S : sous la direction d&#039;Ida Soulard. Traduit de l&#039;anglais par Armelle Chr\u00e9tien. EDITEUR : les presses du r\u00e9el (2021)  BROCH\u00c9 :\u00a0288 pages LANGUE : Fran\u00e7ais ISBN13 : 978-2-37896-100-8\" \/>\n<meta property=\"og:url\" content=\"https:\/\/www.booksonthemove.fr\/en\/produit\/du-tissage\/\" \/>\n<meta property=\"og:site_name\" content=\"Books on the Move\" \/>\n<meta property=\"article:publisher\" content=\"https:\/\/www.facebook.com\/Librairiebooksonthemove\/\" \/>\n<meta property=\"article:modified_time\" content=\"2025-12-07T11:46:56+00:00\" \/>\n<meta property=\"og:image\" content=\"https:\/\/www.booksonthemove.fr\/media\/51iDMv2daL.jpg\" \/>\n\t<meta property=\"og:image:width\" content=\"353\" \/>\n\t<meta property=\"og:image:height\" content=\"500\" \/>\n\t<meta property=\"og:image:type\" content=\"image\/jpeg\" \/>\n<meta name=\"twitter:card\" content=\"summary_large_image\" \/>\n<script type=\"application\/ld+json\" class=\"yoast-schema-graph\">{\"@context\":\"https:\\\/\\\/schema.org\",\"@graph\":[{\"@type\":\"WebPage\",\"@id\":\"https:\\\/\\\/www.booksonthemove.fr\\\/en\\\/produit\\\/du-tissage\\\/\",\"url\":\"https:\\\/\\\/www.booksonthemove.fr\\\/en\\\/produit\\\/du-tissage\\\/\",\"name\":\"Du tissage - Books on the Move\",\"isPartOf\":{\"@id\":\"https:\\\/\\\/www.booksonthemove.fr\\\/#website\"},\"primaryImageOfPage\":{\"@id\":\"https:\\\/\\\/www.booksonthemove.fr\\\/en\\\/produit\\\/du-tissage\\\/#primaryimage\"},\"image\":{\"@id\":\"https:\\\/\\\/www.booksonthemove.fr\\\/en\\\/produit\\\/du-tissage\\\/#primaryimage\"},\"thumbnailUrl\":\"https:\\\/\\\/www.booksonthemove.fr\\\/media\\\/51iDMv2daL.jpg\",\"datePublished\":\"2021-11-24T06:45:32+00:00\",\"dateModified\":\"2025-12-07T11:46:56+00:00\",\"breadcrumb\":{\"@id\":\"https:\\\/\\\/www.booksonthemove.fr\\\/en\\\/produit\\\/du-tissage\\\/#breadcrumb\"},\"inLanguage\":\"en-US\",\"potentialAction\":[{\"@type\":\"ReadAction\",\"target\":[\"https:\\\/\\\/www.booksonthemove.fr\\\/en\\\/produit\\\/du-tissage\\\/\"]}]},{\"@type\":\"ImageObject\",\"inLanguage\":\"en-US\",\"@id\":\"https:\\\/\\\/www.booksonthemove.fr\\\/en\\\/produit\\\/du-tissage\\\/#primaryimage\",\"url\":\"https:\\\/\\\/www.booksonthemove.fr\\\/media\\\/51iDMv2daL.jpg\",\"contentUrl\":\"https:\\\/\\\/www.booksonthemove.fr\\\/media\\\/51iDMv2daL.jpg\",\"width\":353,\"height\":500},{\"@type\":\"BreadcrumbList\",\"@id\":\"https:\\\/\\\/www.booksonthemove.fr\\\/en\\\/produit\\\/du-tissage\\\/#breadcrumb\",\"itemListElement\":[{\"@type\":\"ListItem\",\"position\":1,\"name\":\"Accueil\",\"item\":\"https:\\\/\\\/www.booksonthemove.fr\\\/en\\\/\"},{\"@type\":\"ListItem\",\"position\":2,\"name\":\"online store\",\"item\":\"https:\\\/\\\/www.booksonthemove.fr\\\/en\\\/online-shop\\\/\"},{\"@type\":\"ListItem\",\"position\":3,\"name\":\"Du tissage\"}]},{\"@type\":\"WebSite\",\"@id\":\"https:\\\/\\\/www.booksonthemove.fr\\\/#website\",\"url\":\"https:\\\/\\\/www.booksonthemove.fr\\\/\",\"name\":\"Books on the Move\",\"description\":\"librairie nomade - danse - mouvement - performance\",\"publisher\":{\"@id\":\"https:\\\/\\\/www.booksonthemove.fr\\\/#organization\"},\"potentialAction\":[{\"@type\":\"SearchAction\",\"target\":{\"@type\":\"EntryPoint\",\"urlTemplate\":\"https:\\\/\\\/www.booksonthemove.fr\\\/?s={search_term_string}\"},\"query-input\":{\"@type\":\"PropertyValueSpecification\",\"valueRequired\":true,\"valueName\":\"search_term_string\"}}],\"inLanguage\":\"en-US\"},{\"@type\":\"Organization\",\"@id\":\"https:\\\/\\\/www.booksonthemove.fr\\\/#organization\",\"name\":\"Books on the Move\",\"url\":\"https:\\\/\\\/www.booksonthemove.fr\\\/\",\"logo\":{\"@type\":\"ImageObject\",\"inLanguage\":\"en-US\",\"@id\":\"https:\\\/\\\/www.booksonthemove.fr\\\/#\\\/schema\\\/logo\\\/image\\\/\",\"url\":\"https:\\\/\\\/www.booksonthemove.fr\\\/media\\\/logo-NB-400.jpg\",\"contentUrl\":\"https:\\\/\\\/www.booksonthemove.fr\\\/media\\\/logo-NB-400.jpg\",\"width\":400,\"height\":143,\"caption\":\"Books on the Move\"},\"image\":{\"@id\":\"https:\\\/\\\/www.booksonthemove.fr\\\/#\\\/schema\\\/logo\\\/image\\\/\"},\"sameAs\":[\"https:\\\/\\\/www.facebook.com\\\/Librairiebooksonthemove\\\/\"]}]}<\/script>\n<!-- \/ Yoast SEO plugin. -->","yoast_head_json":{"title":"Du tissage - Books on the Move","robots":{"index":"index","follow":"follow","max-snippet":"max-snippet:-1","max-image-preview":"max-image-preview:large","max-video-preview":"max-video-preview:-1"},"canonical":"https:\/\/www.booksonthemove.fr\/en\/produit\/du-tissage\/","og_locale":"en_US","og_type":"article","og_title":"Du tissage - Books on the Move","og_description":"AUTEUR\u00b7E\u00b7S : sous la direction d'Ida Soulard. Traduit de l'anglais par Armelle Chr\u00e9tien. EDITEUR : les presses du r\u00e9el (2021)  BROCH\u00c9 :\u00a0288 pages LANGUE : Fran\u00e7ais ISBN13 : 978-2-37896-100-8","og_url":"https:\/\/www.booksonthemove.fr\/en\/produit\/du-tissage\/","og_site_name":"Books on the Move","article_publisher":"https:\/\/www.facebook.com\/Librairiebooksonthemove\/","article_modified_time":"2025-12-07T11:46:56+00:00","og_image":[{"width":353,"height":500,"url":"https:\/\/www.booksonthemove.fr\/media\/51iDMv2daL.jpg","type":"image\/jpeg"}],"twitter_card":"summary_large_image","schema":{"@context":"https:\/\/schema.org","@graph":[{"@type":"WebPage","@id":"https:\/\/www.booksonthemove.fr\/en\/produit\/du-tissage\/","url":"https:\/\/www.booksonthemove.fr\/en\/produit\/du-tissage\/","name":"Du tissage - Books on the Move","isPartOf":{"@id":"https:\/\/www.booksonthemove.fr\/#website"},"primaryImageOfPage":{"@id":"https:\/\/www.booksonthemove.fr\/en\/produit\/du-tissage\/#primaryimage"},"image":{"@id":"https:\/\/www.booksonthemove.fr\/en\/produit\/du-tissage\/#primaryimage"},"thumbnailUrl":"https:\/\/www.booksonthemove.fr\/media\/51iDMv2daL.jpg","datePublished":"2021-11-24T06:45:32+00:00","dateModified":"2025-12-07T11:46:56+00:00","breadcrumb":{"@id":"https:\/\/www.booksonthemove.fr\/en\/produit\/du-tissage\/#breadcrumb"},"inLanguage":"en-US","potentialAction":[{"@type":"ReadAction","target":["https:\/\/www.booksonthemove.fr\/en\/produit\/du-tissage\/"]}]},{"@type":"ImageObject","inLanguage":"en-US","@id":"https:\/\/www.booksonthemove.fr\/en\/produit\/du-tissage\/#primaryimage","url":"https:\/\/www.booksonthemove.fr\/media\/51iDMv2daL.jpg","contentUrl":"https:\/\/www.booksonthemove.fr\/media\/51iDMv2daL.jpg","width":353,"height":500},{"@type":"BreadcrumbList","@id":"https:\/\/www.booksonthemove.fr\/en\/produit\/du-tissage\/#breadcrumb","itemListElement":[{"@type":"ListItem","position":1,"name":"Accueil","item":"https:\/\/www.booksonthemove.fr\/en\/"},{"@type":"ListItem","position":2,"name":"online store","item":"https:\/\/www.booksonthemove.fr\/en\/online-shop\/"},{"@type":"ListItem","position":3,"name":"Du tissage"}]},{"@type":"WebSite","@id":"https:\/\/www.booksonthemove.fr\/#website","url":"https:\/\/www.booksonthemove.fr\/","name":"Books on the Move","description":"librairie nomade - danse - mouvement - performance","publisher":{"@id":"https:\/\/www.booksonthemove.fr\/#organization"},"potentialAction":[{"@type":"SearchAction","target":{"@type":"EntryPoint","urlTemplate":"https:\/\/www.booksonthemove.fr\/?s={search_term_string}"},"query-input":{"@type":"PropertyValueSpecification","valueRequired":true,"valueName":"search_term_string"}}],"inLanguage":"en-US"},{"@type":"Organization","@id":"https:\/\/www.booksonthemove.fr\/#organization","name":"Books on the Move","url":"https:\/\/www.booksonthemove.fr\/","logo":{"@type":"ImageObject","inLanguage":"en-US","@id":"https:\/\/www.booksonthemove.fr\/#\/schema\/logo\/image\/","url":"https:\/\/www.booksonthemove.fr\/media\/logo-NB-400.jpg","contentUrl":"https:\/\/www.booksonthemove.fr\/media\/logo-NB-400.jpg","width":400,"height":143,"caption":"Books on the Move"},"image":{"@id":"https:\/\/www.booksonthemove.fr\/#\/schema\/logo\/image\/"},"sameAs":["https:\/\/www.facebook.com\/Librairiebooksonthemove\/"]}]}},"_links":{"self":[{"href":"https:\/\/www.booksonthemove.fr\/en\/wp-json\/wp\/v2\/product\/33645","targetHints":{"allow":["GET"]}}],"collection":[{"href":"https:\/\/www.booksonthemove.fr\/en\/wp-json\/wp\/v2\/product"}],"about":[{"href":"https:\/\/www.booksonthemove.fr\/en\/wp-json\/wp\/v2\/types\/product"}],"wp:featuredmedia":[{"embeddable":true,"href":"https:\/\/www.booksonthemove.fr\/en\/wp-json\/wp\/v2\/media\/33644"}],"wp:attachment":[{"href":"https:\/\/www.booksonthemove.fr\/en\/wp-json\/wp\/v2\/media?parent=33645"}],"wp:term":[{"taxonomy":"product_brand","embeddable":true,"href":"https:\/\/www.booksonthemove.fr\/en\/wp-json\/wp\/v2\/product_brand?post=33645"},{"taxonomy":"product_cat","embeddable":true,"href":"https:\/\/www.booksonthemove.fr\/en\/wp-json\/wp\/v2\/product_cat?post=33645"},{"taxonomy":"product_tag","embeddable":true,"href":"https:\/\/www.booksonthemove.fr\/en\/wp-json\/wp\/v2\/product_tag?post=33645"}],"curies":[{"name":"wp","href":"https:\/\/api.w.org\/{rel}","templated":true}]}}