{"id":33649,"date":"2021-11-24T08:01:18","date_gmt":"2021-11-24T07:01:18","guid":{"rendered":"https:\/\/www.booksonthemove.fr\/produit\/si-loin-si-proche-cartographie-technologie-et-politique\/"},"modified":"2026-03-08T18:54:30","modified_gmt":"2026-03-08T17:54:30","slug":"si-loin-si-proche-cartographie-technologie-et-politique","status":"publish","type":"product","link":"https:\/\/www.booksonthemove.fr\/en\/produit\/si-loin-si-proche-cartographie-technologie-et-politique\/","title":{"rendered":"Si loin, si proche \u2013 Cartographie, technologie et politique"},"content":{"rendered":"<div class=\"accroche\">Une analyse des repr\u00e9sentations spatiales que les humains se donnent \u00e0 partir des nouvelles technologies num\u00e9riques de localisation et de cartographie, \u00e0 l&#8217;aune des enjeux politiques qui accompagnent leurs multiples interpr\u00e9tations.<\/div>\n<div class=\"citation\">Le d\u00e9but du XXIe si\u00e8cle a \u00e9t\u00e9 le th\u00e9\u00e2tre d&#8217;une mutation r\u00e9volutionnaire de notre capacit\u00e9 \u00e0 parcourir, habiter et d\u00e9finir l&#8217;espace. Les innombrables flux de donn\u00e9es qui s&#8217;insinuent dans nos vies renferment toujours plus de relev\u00e9s GPS (Global Positioning System) et d&#8217;images satellites dont la qualit\u00e9 \u00e9tait autrefois uniquement accessible \u00e0 quelques agences militaires et de renseignement, tandis que les puissants programmes li\u00e9s au SIG (syst\u00e8me d&#8217;information g\u00e9ographique) sont aujourd&#8217;hui des outils r\u00e9pandus. Ces nouvelles technologies soul\u00e8vent des questions fondamentales portant sur les limites de l&#8217;espace physique et de sa repr\u00e9sentation et de l&#8217;espace virtuel et de sa mat\u00e9rialisation. Dans <em>Si loin, si proche<\/em>, Laura Kurgan m\u00e8ne une r\u00e9flexion th\u00e9orique sur ces outils de g\u00e9olocalisation accompagn\u00e9e d&#8217;une s\u00e9rie d&#8217;exp\u00e9rimentations cartographiques et visuelles reposant sur les donn\u00e9es spatiales. Plut\u00f4t que d&#8217;envisager les technologies GPS et SIG comme de simples objets de fascination et de crainte, cet ouvrage en fait les sujets et les supports d&#8217;une investigation critique.<br \/>\n<em>Si loin, si proche<\/em> t\u00e9moigne de situations conflictuelles majeures et des transformations survenues dans notre appr\u00e9hension de l&#8217;espace. Kurgan d\u00e9ploie son travail cartographique et analytique pour analyser des crimes de guerre, des sch\u00e9mas d&#8217;incarc\u00e9ration ou des pratiques de d\u00e9forestation, du Kowe\u00eft (1991) \u00e0 New York (2001) en passant par le Kosovo (1999). Au moyen d&#8217;instruments et de logiciels g\u00e9ographiques con\u00e7us pour un usage militaire et gouvernemental dans divers champs d&#8217;application \u2013 reconnaissance, surveillance, balistique, recensement, s\u00e9curit\u00e9 int\u00e9rieure \u2013, Kurgan examine la dimension politique et les complexit\u00e9s de ces technologies et de leur usage. Au croisement de l&#8217;art, de l&#8217;architecture, de l&#8217;activisme et de la g\u00e9ographie, ces textes et ces projets d\u00e9voilent les zones d&#8217;ombre intrins\u00e8ques \u00e0 la collecte d&#8217;information et de donn\u00e9es tout en jetant un regard neuf sur les territoires que ces pratiques ont contribu\u00e9 \u00e0 d\u00e9fricher.<\/div>\n","protected":false},"excerpt":{"rendered":"<p><b>AUTEUR\u00b7E\u00b7S : <\/b>Laura Kurgan. Traduit de l\u2019anglais par Fran\u00e7ois Caro.<br \/>\n<b>EDITEUR : <\/b>les presses du r\u00e9el (2021)<\/p>\n<p><strong>BROCH\u00c9 :<\/strong>\u00a0256 pages<br \/>\n<b>LANGUE : <\/b>Fran\u00e7ais<br \/>\n<strong>ISBN13 :<\/strong> 978-2-84066-773-5<\/p>\n","protected":false},"featured_media":33648,"template":"","meta":[],"product_brand":[],"product_cat":[207,282,146,162],"product_tag":[],"class_list":{"0":"post-33649","1":"product","2":"type-product","3":"status-publish","4":"has-post-thumbnail","6":"product_cat-architecture-en","7":"product_cat-digital-art-technology","8":"product_cat-theoretical-texts-en","9":"product_cat-french-en","11":"first","12":"outofstock","13":"taxable","14":"shipping-taxable","15":"purchasable","16":"product-type-simple"},"yoast_head":"<!-- This site is optimized with the Yoast SEO plugin v27.5 - https:\/\/yoast.com\/product\/yoast-seo-wordpress\/ -->\n<title>Si loin, si proche \u2013 Cartographie, technologie et politique - Books on the Move<\/title>\n<meta name=\"robots\" content=\"index, follow, max-snippet:-1, max-image-preview:large, max-video-preview:-1\" \/>\n<link rel=\"canonical\" href=\"https:\/\/www.booksonthemove.fr\/en\/produit\/si-loin-si-proche-cartographie-technologie-et-politique\/\" \/>\n<meta property=\"og:locale\" content=\"en_US\" \/>\n<meta property=\"og:type\" content=\"article\" \/>\n<meta property=\"og:title\" content=\"Si loin, si proche \u2013 Cartographie, technologie et politique - Books on the Move\" \/>\n<meta property=\"og:description\" content=\"AUTEUR\u00b7E\u00b7S : Laura Kurgan. Traduit de l\u2019anglais par Fran\u00e7ois Caro. EDITEUR : les presses du r\u00e9el (2021)  BROCH\u00c9 :\u00a0256 pages LANGUE : Fran\u00e7ais ISBN13 : 978-2-84066-773-5\" \/>\n<meta property=\"og:url\" content=\"https:\/\/www.booksonthemove.fr\/en\/produit\/si-loin-si-proche-cartographie-technologie-et-politique\/\" \/>\n<meta property=\"og:site_name\" content=\"Books on the Move\" \/>\n<meta property=\"article:publisher\" content=\"https:\/\/www.facebook.com\/Librairiebooksonthemove\/\" \/>\n<meta property=\"article:modified_time\" content=\"2026-03-08T17:54:30+00:00\" \/>\n<meta property=\"og:image\" content=\"https:\/\/www.booksonthemove.fr\/media\/bom_2428.jpg\" \/>\n\t<meta property=\"og:image:width\" content=\"1002\" \/>\n\t<meta property=\"og:image:height\" content=\"1417\" \/>\n\t<meta property=\"og:image:type\" content=\"image\/jpeg\" \/>\n<meta name=\"twitter:card\" content=\"summary_large_image\" \/>\n<script type=\"application\/ld+json\" class=\"yoast-schema-graph\">{\"@context\":\"https:\\\/\\\/schema.org\",\"@graph\":[{\"@type\":\"WebPage\",\"@id\":\"https:\\\/\\\/www.booksonthemove.fr\\\/en\\\/produit\\\/si-loin-si-proche-cartographie-technologie-et-politique\\\/\",\"url\":\"https:\\\/\\\/www.booksonthemove.fr\\\/en\\\/produit\\\/si-loin-si-proche-cartographie-technologie-et-politique\\\/\",\"name\":\"Si loin, si proche \u2013 Cartographie, technologie et politique - Books on the Move\",\"isPartOf\":{\"@id\":\"https:\\\/\\\/www.booksonthemove.fr\\\/#website\"},\"primaryImageOfPage\":{\"@id\":\"https:\\\/\\\/www.booksonthemove.fr\\\/en\\\/produit\\\/si-loin-si-proche-cartographie-technologie-et-politique\\\/#primaryimage\"},\"image\":{\"@id\":\"https:\\\/\\\/www.booksonthemove.fr\\\/en\\\/produit\\\/si-loin-si-proche-cartographie-technologie-et-politique\\\/#primaryimage\"},\"thumbnailUrl\":\"https:\\\/\\\/www.booksonthemove.fr\\\/media\\\/bom_2428.jpg\",\"datePublished\":\"2021-11-24T07:01:18+00:00\",\"dateModified\":\"2026-03-08T17:54:30+00:00\",\"breadcrumb\":{\"@id\":\"https:\\\/\\\/www.booksonthemove.fr\\\/en\\\/produit\\\/si-loin-si-proche-cartographie-technologie-et-politique\\\/#breadcrumb\"},\"inLanguage\":\"en-US\",\"potentialAction\":[{\"@type\":\"ReadAction\",\"target\":[\"https:\\\/\\\/www.booksonthemove.fr\\\/en\\\/produit\\\/si-loin-si-proche-cartographie-technologie-et-politique\\\/\"]}]},{\"@type\":\"ImageObject\",\"inLanguage\":\"en-US\",\"@id\":\"https:\\\/\\\/www.booksonthemove.fr\\\/en\\\/produit\\\/si-loin-si-proche-cartographie-technologie-et-politique\\\/#primaryimage\",\"url\":\"https:\\\/\\\/www.booksonthemove.fr\\\/media\\\/bom_2428.jpg\",\"contentUrl\":\"https:\\\/\\\/www.booksonthemove.fr\\\/media\\\/bom_2428.jpg\",\"width\":1002,\"height\":1417},{\"@type\":\"BreadcrumbList\",\"@id\":\"https:\\\/\\\/www.booksonthemove.fr\\\/en\\\/produit\\\/si-loin-si-proche-cartographie-technologie-et-politique\\\/#breadcrumb\",\"itemListElement\":[{\"@type\":\"ListItem\",\"position\":1,\"name\":\"Accueil\",\"item\":\"https:\\\/\\\/www.booksonthemove.fr\\\/en\\\/\"},{\"@type\":\"ListItem\",\"position\":2,\"name\":\"online store\",\"item\":\"https:\\\/\\\/www.booksonthemove.fr\\\/en\\\/online-shop\\\/\"},{\"@type\":\"ListItem\",\"position\":3,\"name\":\"Si loin, si proche \u2013 Cartographie, technologie et politique\"}]},{\"@type\":\"WebSite\",\"@id\":\"https:\\\/\\\/www.booksonthemove.fr\\\/#website\",\"url\":\"https:\\\/\\\/www.booksonthemove.fr\\\/\",\"name\":\"Books on the Move\",\"description\":\"librairie nomade - danse - mouvement - performance\",\"publisher\":{\"@id\":\"https:\\\/\\\/www.booksonthemove.fr\\\/#organization\"},\"potentialAction\":[{\"@type\":\"SearchAction\",\"target\":{\"@type\":\"EntryPoint\",\"urlTemplate\":\"https:\\\/\\\/www.booksonthemove.fr\\\/?s={search_term_string}\"},\"query-input\":{\"@type\":\"PropertyValueSpecification\",\"valueRequired\":true,\"valueName\":\"search_term_string\"}}],\"inLanguage\":\"en-US\"},{\"@type\":\"Organization\",\"@id\":\"https:\\\/\\\/www.booksonthemove.fr\\\/#organization\",\"name\":\"Books on the Move\",\"url\":\"https:\\\/\\\/www.booksonthemove.fr\\\/\",\"logo\":{\"@type\":\"ImageObject\",\"inLanguage\":\"en-US\",\"@id\":\"https:\\\/\\\/www.booksonthemove.fr\\\/#\\\/schema\\\/logo\\\/image\\\/\",\"url\":\"https:\\\/\\\/www.booksonthemove.fr\\\/media\\\/logo-NB-400.jpg\",\"contentUrl\":\"https:\\\/\\\/www.booksonthemove.fr\\\/media\\\/logo-NB-400.jpg\",\"width\":400,\"height\":143,\"caption\":\"Books on the Move\"},\"image\":{\"@id\":\"https:\\\/\\\/www.booksonthemove.fr\\\/#\\\/schema\\\/logo\\\/image\\\/\"},\"sameAs\":[\"https:\\\/\\\/www.facebook.com\\\/Librairiebooksonthemove\\\/\"]}]}<\/script>\n<!-- \/ Yoast SEO plugin. -->","yoast_head_json":{"title":"Si loin, si proche \u2013 Cartographie, technologie et politique - Books on the Move","robots":{"index":"index","follow":"follow","max-snippet":"max-snippet:-1","max-image-preview":"max-image-preview:large","max-video-preview":"max-video-preview:-1"},"canonical":"https:\/\/www.booksonthemove.fr\/en\/produit\/si-loin-si-proche-cartographie-technologie-et-politique\/","og_locale":"en_US","og_type":"article","og_title":"Si loin, si proche \u2013 Cartographie, technologie et politique - Books on the Move","og_description":"AUTEUR\u00b7E\u00b7S : Laura Kurgan. Traduit de l\u2019anglais par Fran\u00e7ois Caro. EDITEUR : les presses du r\u00e9el (2021)  BROCH\u00c9 :\u00a0256 pages LANGUE : Fran\u00e7ais ISBN13 : 978-2-84066-773-5","og_url":"https:\/\/www.booksonthemove.fr\/en\/produit\/si-loin-si-proche-cartographie-technologie-et-politique\/","og_site_name":"Books on the Move","article_publisher":"https:\/\/www.facebook.com\/Librairiebooksonthemove\/","article_modified_time":"2026-03-08T17:54:30+00:00","og_image":[{"width":1002,"height":1417,"url":"https:\/\/www.booksonthemove.fr\/media\/bom_2428.jpg","type":"image\/jpeg"}],"twitter_card":"summary_large_image","schema":{"@context":"https:\/\/schema.org","@graph":[{"@type":"WebPage","@id":"https:\/\/www.booksonthemove.fr\/en\/produit\/si-loin-si-proche-cartographie-technologie-et-politique\/","url":"https:\/\/www.booksonthemove.fr\/en\/produit\/si-loin-si-proche-cartographie-technologie-et-politique\/","name":"Si loin, si proche \u2013 Cartographie, technologie et politique - Books on the Move","isPartOf":{"@id":"https:\/\/www.booksonthemove.fr\/#website"},"primaryImageOfPage":{"@id":"https:\/\/www.booksonthemove.fr\/en\/produit\/si-loin-si-proche-cartographie-technologie-et-politique\/#primaryimage"},"image":{"@id":"https:\/\/www.booksonthemove.fr\/en\/produit\/si-loin-si-proche-cartographie-technologie-et-politique\/#primaryimage"},"thumbnailUrl":"https:\/\/www.booksonthemove.fr\/media\/bom_2428.jpg","datePublished":"2021-11-24T07:01:18+00:00","dateModified":"2026-03-08T17:54:30+00:00","breadcrumb":{"@id":"https:\/\/www.booksonthemove.fr\/en\/produit\/si-loin-si-proche-cartographie-technologie-et-politique\/#breadcrumb"},"inLanguage":"en-US","potentialAction":[{"@type":"ReadAction","target":["https:\/\/www.booksonthemove.fr\/en\/produit\/si-loin-si-proche-cartographie-technologie-et-politique\/"]}]},{"@type":"ImageObject","inLanguage":"en-US","@id":"https:\/\/www.booksonthemove.fr\/en\/produit\/si-loin-si-proche-cartographie-technologie-et-politique\/#primaryimage","url":"https:\/\/www.booksonthemove.fr\/media\/bom_2428.jpg","contentUrl":"https:\/\/www.booksonthemove.fr\/media\/bom_2428.jpg","width":1002,"height":1417},{"@type":"BreadcrumbList","@id":"https:\/\/www.booksonthemove.fr\/en\/produit\/si-loin-si-proche-cartographie-technologie-et-politique\/#breadcrumb","itemListElement":[{"@type":"ListItem","position":1,"name":"Accueil","item":"https:\/\/www.booksonthemove.fr\/en\/"},{"@type":"ListItem","position":2,"name":"online store","item":"https:\/\/www.booksonthemove.fr\/en\/online-shop\/"},{"@type":"ListItem","position":3,"name":"Si loin, si proche \u2013 Cartographie, technologie et politique"}]},{"@type":"WebSite","@id":"https:\/\/www.booksonthemove.fr\/#website","url":"https:\/\/www.booksonthemove.fr\/","name":"Books on the Move","description":"librairie nomade - danse - mouvement - performance","publisher":{"@id":"https:\/\/www.booksonthemove.fr\/#organization"},"potentialAction":[{"@type":"SearchAction","target":{"@type":"EntryPoint","urlTemplate":"https:\/\/www.booksonthemove.fr\/?s={search_term_string}"},"query-input":{"@type":"PropertyValueSpecification","valueRequired":true,"valueName":"search_term_string"}}],"inLanguage":"en-US"},{"@type":"Organization","@id":"https:\/\/www.booksonthemove.fr\/#organization","name":"Books on the Move","url":"https:\/\/www.booksonthemove.fr\/","logo":{"@type":"ImageObject","inLanguage":"en-US","@id":"https:\/\/www.booksonthemove.fr\/#\/schema\/logo\/image\/","url":"https:\/\/www.booksonthemove.fr\/media\/logo-NB-400.jpg","contentUrl":"https:\/\/www.booksonthemove.fr\/media\/logo-NB-400.jpg","width":400,"height":143,"caption":"Books on the Move"},"image":{"@id":"https:\/\/www.booksonthemove.fr\/#\/schema\/logo\/image\/"},"sameAs":["https:\/\/www.facebook.com\/Librairiebooksonthemove\/"]}]}},"_links":{"self":[{"href":"https:\/\/www.booksonthemove.fr\/en\/wp-json\/wp\/v2\/product\/33649","targetHints":{"allow":["GET"]}}],"collection":[{"href":"https:\/\/www.booksonthemove.fr\/en\/wp-json\/wp\/v2\/product"}],"about":[{"href":"https:\/\/www.booksonthemove.fr\/en\/wp-json\/wp\/v2\/types\/product"}],"wp:featuredmedia":[{"embeddable":true,"href":"https:\/\/www.booksonthemove.fr\/en\/wp-json\/wp\/v2\/media\/33648"}],"wp:attachment":[{"href":"https:\/\/www.booksonthemove.fr\/en\/wp-json\/wp\/v2\/media?parent=33649"}],"wp:term":[{"taxonomy":"product_brand","embeddable":true,"href":"https:\/\/www.booksonthemove.fr\/en\/wp-json\/wp\/v2\/product_brand?post=33649"},{"taxonomy":"product_cat","embeddable":true,"href":"https:\/\/www.booksonthemove.fr\/en\/wp-json\/wp\/v2\/product_cat?post=33649"},{"taxonomy":"product_tag","embeddable":true,"href":"https:\/\/www.booksonthemove.fr\/en\/wp-json\/wp\/v2\/product_tag?post=33649"}],"curies":[{"name":"wp","href":"https:\/\/api.w.org\/{rel}","templated":true}]}}