{"id":33653,"date":"2021-11-24T08:15:53","date_gmt":"2021-11-24T07:15:53","guid":{"rendered":"https:\/\/www.booksonthemove.fr\/produit\/fictions-necessaires-pour-une-danse-baroque-contemporaine\/"},"modified":"2021-11-28T18:28:48","modified_gmt":"2021-11-28T17:28:48","slug":"fictions-necessaires-pour-une-danse-baroque-contemporaine","status":"publish","type":"product","link":"https:\/\/www.booksonthemove.fr\/en\/produit\/fictions-necessaires-pour-une-danse-baroque-contemporaine\/","title":{"rendered":"Fictions n\u00e9cessaires &#8211; Pour une danse baroque contemporaine"},"content":{"rendered":"<p>On parle de \u00ab danse baroque \u00bb pour \u00e9voquer la danse de cour et de th\u00e9\u00e2tre des XVII<sup>e<\/sup> et XVIII<sup>e<\/sup> si\u00e8cles, telle qu\u2019on la donne \u00e0 voir aujourd\u2019hui, en oubliant le plus souvent de consid\u00e9rer sa <em>mani\u00e8re <\/em>d\u2019appartenir, pleinement, au champ vaste et contrast\u00e9 de la danse contemporaine. C\u2019est cet ancrage contemporain que veut faire appara\u00eetre ce livre qui, en s\u2019appuyant sur le travail chor\u00e9graphique de Marie-Genevi\u00e8ve Mass\u00e9 et de sa compagnie l\u2019\u00c9ventail, \u00e9tudie la fabrique de l\u2019\u0153uvre en danse baroque et la rh\u00e9torique qui la sous-tend.<br \/>\nDanse lettr\u00e9e, la danse baroque se fonde sur une active revitalisation de la fiction qui s\u2019impose comme une n\u00e9cessit\u00e9 dans un jeu constant mobilisant patrimoine et cr\u00e9ation. Danse sp\u00e9culative, elle d\u00e9veloppe une pens\u00e9e en acte sur les gestes qui la d\u00e9terminent, interrogeant la notion m\u00eame de \u00ab baroque \u00bb et invitant par l\u00e0 m\u00eame \u00e0 red\u00e9finir le sens du \u00ab contemporain \u00bb.<br \/>\nMesurer les enjeux esth\u00e9tiques de cette pratique chor\u00e9graphique, c\u2019est enfin la resituer dans un ensemble plus vaste invent\u00e9 par les cr\u00e9ateurs aujourd\u2019hui, \u00e0 qui le pass\u00e9 adresse la question obs\u00e9dante de son \u00e9nigme. En cela, ce livre ouvre \u00e0 une r\u00e9flexion sur le rapport au temps dans toute forme de cr\u00e9ation artistique.<\/p>\n","protected":false},"excerpt":{"rendered":"<p><strong>AUTEURE :\u00a0<\/strong>Chantal Lapeyre<br \/>\n<strong>EDITEUR :<\/strong> Centre national de la danse (2021)<\/p>\n<p><strong>BROCH\u00c9 :<\/strong>\u00a0224 pages<br \/>\n<strong>LANGUE :<\/strong> Fran\u00e7ais<br \/>\n<strong>ISBN :<\/strong> 979-10-97388-12-6<\/p>\n","protected":false},"featured_media":33655,"template":"","meta":[],"product_brand":[],"product_cat":[197,250,146,162],"product_tag":[],"class_list":{"0":"post-33653","1":"product","2":"type-product","3":"status-publish","4":"has-post-thumbnail","6":"product_cat-analysis-of-works-en","7":"product_cat-danse-baroque-en","8":"product_cat-theoretical-texts-en","9":"product_cat-french-en","11":"first","12":"instock","13":"taxable","14":"shipping-taxable","15":"purchasable","16":"product-type-simple"},"yoast_head":"<!-- This site is optimized with the Yoast SEO plugin v27.5 - https:\/\/yoast.com\/product\/yoast-seo-wordpress\/ -->\n<title>Fictions n\u00e9cessaires - Pour une danse baroque contemporaine - Books on the Move<\/title>\n<meta name=\"robots\" content=\"index, follow, max-snippet:-1, max-image-preview:large, max-video-preview:-1\" \/>\n<link rel=\"canonical\" href=\"https:\/\/www.booksonthemove.fr\/en\/produit\/fictions-necessaires-pour-une-danse-baroque-contemporaine\/\" \/>\n<meta property=\"og:locale\" content=\"en_US\" \/>\n<meta property=\"og:type\" content=\"article\" \/>\n<meta property=\"og:title\" content=\"Fictions n\u00e9cessaires - Pour une danse baroque contemporaine - Books on the Move\" \/>\n<meta property=\"og:description\" content=\"AUTEURE :\u00a0Chantal Lapeyre EDITEUR : Centre national de la danse (2021)  BROCH\u00c9 :\u00a0224 pages LANGUE : Fran\u00e7ais ISBN : 979-10-97388-12-6\" \/>\n<meta property=\"og:url\" content=\"https:\/\/www.booksonthemove.fr\/en\/produit\/fictions-necessaires-pour-une-danse-baroque-contemporaine\/\" \/>\n<meta property=\"og:site_name\" content=\"Books on the Move\" \/>\n<meta property=\"article:publisher\" content=\"https:\/\/www.facebook.com\/Librairiebooksonthemove\/\" \/>\n<meta property=\"article:modified_time\" content=\"2021-11-28T17:28:48+00:00\" \/>\n<meta property=\"og:image\" content=\"https:\/\/www.booksonthemove.fr\/media\/bom_2423.jpg\" \/>\n\t<meta property=\"og:image:width\" content=\"526\" \/>\n\t<meta property=\"og:image:height\" content=\"799\" \/>\n\t<meta property=\"og:image:type\" content=\"image\/jpeg\" \/>\n<meta name=\"twitter:card\" content=\"summary_large_image\" \/>\n<script type=\"application\/ld+json\" class=\"yoast-schema-graph\">{\"@context\":\"https:\\\/\\\/schema.org\",\"@graph\":[{\"@type\":\"WebPage\",\"@id\":\"https:\\\/\\\/www.booksonthemove.fr\\\/en\\\/produit\\\/fictions-necessaires-pour-une-danse-baroque-contemporaine\\\/\",\"url\":\"https:\\\/\\\/www.booksonthemove.fr\\\/en\\\/produit\\\/fictions-necessaires-pour-une-danse-baroque-contemporaine\\\/\",\"name\":\"Fictions n\u00e9cessaires - Pour une danse baroque contemporaine - Books on the Move\",\"isPartOf\":{\"@id\":\"https:\\\/\\\/www.booksonthemove.fr\\\/#website\"},\"primaryImageOfPage\":{\"@id\":\"https:\\\/\\\/www.booksonthemove.fr\\\/en\\\/produit\\\/fictions-necessaires-pour-une-danse-baroque-contemporaine\\\/#primaryimage\"},\"image\":{\"@id\":\"https:\\\/\\\/www.booksonthemove.fr\\\/en\\\/produit\\\/fictions-necessaires-pour-une-danse-baroque-contemporaine\\\/#primaryimage\"},\"thumbnailUrl\":\"https:\\\/\\\/www.booksonthemove.fr\\\/media\\\/bom_2423.jpg\",\"datePublished\":\"2021-11-24T07:15:53+00:00\",\"dateModified\":\"2021-11-28T17:28:48+00:00\",\"breadcrumb\":{\"@id\":\"https:\\\/\\\/www.booksonthemove.fr\\\/en\\\/produit\\\/fictions-necessaires-pour-une-danse-baroque-contemporaine\\\/#breadcrumb\"},\"inLanguage\":\"en-US\",\"potentialAction\":[{\"@type\":\"ReadAction\",\"target\":[\"https:\\\/\\\/www.booksonthemove.fr\\\/en\\\/produit\\\/fictions-necessaires-pour-une-danse-baroque-contemporaine\\\/\"]}]},{\"@type\":\"ImageObject\",\"inLanguage\":\"en-US\",\"@id\":\"https:\\\/\\\/www.booksonthemove.fr\\\/en\\\/produit\\\/fictions-necessaires-pour-une-danse-baroque-contemporaine\\\/#primaryimage\",\"url\":\"https:\\\/\\\/www.booksonthemove.fr\\\/media\\\/bom_2423.jpg\",\"contentUrl\":\"https:\\\/\\\/www.booksonthemove.fr\\\/media\\\/bom_2423.jpg\",\"width\":526,\"height\":799},{\"@type\":\"BreadcrumbList\",\"@id\":\"https:\\\/\\\/www.booksonthemove.fr\\\/en\\\/produit\\\/fictions-necessaires-pour-une-danse-baroque-contemporaine\\\/#breadcrumb\",\"itemListElement\":[{\"@type\":\"ListItem\",\"position\":1,\"name\":\"Accueil\",\"item\":\"https:\\\/\\\/www.booksonthemove.fr\\\/en\\\/\"},{\"@type\":\"ListItem\",\"position\":2,\"name\":\"online store\",\"item\":\"https:\\\/\\\/www.booksonthemove.fr\\\/en\\\/online-shop\\\/\"},{\"@type\":\"ListItem\",\"position\":3,\"name\":\"Fictions n\u00e9cessaires &#8211; Pour une danse baroque contemporaine\"}]},{\"@type\":\"WebSite\",\"@id\":\"https:\\\/\\\/www.booksonthemove.fr\\\/#website\",\"url\":\"https:\\\/\\\/www.booksonthemove.fr\\\/\",\"name\":\"Books on the Move\",\"description\":\"librairie nomade - danse - mouvement - performance\",\"publisher\":{\"@id\":\"https:\\\/\\\/www.booksonthemove.fr\\\/#organization\"},\"potentialAction\":[{\"@type\":\"SearchAction\",\"target\":{\"@type\":\"EntryPoint\",\"urlTemplate\":\"https:\\\/\\\/www.booksonthemove.fr\\\/?s={search_term_string}\"},\"query-input\":{\"@type\":\"PropertyValueSpecification\",\"valueRequired\":true,\"valueName\":\"search_term_string\"}}],\"inLanguage\":\"en-US\"},{\"@type\":\"Organization\",\"@id\":\"https:\\\/\\\/www.booksonthemove.fr\\\/#organization\",\"name\":\"Books on the Move\",\"url\":\"https:\\\/\\\/www.booksonthemove.fr\\\/\",\"logo\":{\"@type\":\"ImageObject\",\"inLanguage\":\"en-US\",\"@id\":\"https:\\\/\\\/www.booksonthemove.fr\\\/#\\\/schema\\\/logo\\\/image\\\/\",\"url\":\"https:\\\/\\\/www.booksonthemove.fr\\\/media\\\/logo-NB-400.jpg\",\"contentUrl\":\"https:\\\/\\\/www.booksonthemove.fr\\\/media\\\/logo-NB-400.jpg\",\"width\":400,\"height\":143,\"caption\":\"Books on the Move\"},\"image\":{\"@id\":\"https:\\\/\\\/www.booksonthemove.fr\\\/#\\\/schema\\\/logo\\\/image\\\/\"},\"sameAs\":[\"https:\\\/\\\/www.facebook.com\\\/Librairiebooksonthemove\\\/\"]}]}<\/script>\n<!-- \/ Yoast SEO plugin. -->","yoast_head_json":{"title":"Fictions n\u00e9cessaires - Pour une danse baroque contemporaine - Books on the Move","robots":{"index":"index","follow":"follow","max-snippet":"max-snippet:-1","max-image-preview":"max-image-preview:large","max-video-preview":"max-video-preview:-1"},"canonical":"https:\/\/www.booksonthemove.fr\/en\/produit\/fictions-necessaires-pour-une-danse-baroque-contemporaine\/","og_locale":"en_US","og_type":"article","og_title":"Fictions n\u00e9cessaires - Pour une danse baroque contemporaine - Books on the Move","og_description":"AUTEURE :\u00a0Chantal Lapeyre EDITEUR : Centre national de la danse (2021)  BROCH\u00c9 :\u00a0224 pages LANGUE : Fran\u00e7ais ISBN : 979-10-97388-12-6","og_url":"https:\/\/www.booksonthemove.fr\/en\/produit\/fictions-necessaires-pour-une-danse-baroque-contemporaine\/","og_site_name":"Books on the Move","article_publisher":"https:\/\/www.facebook.com\/Librairiebooksonthemove\/","article_modified_time":"2021-11-28T17:28:48+00:00","og_image":[{"width":526,"height":799,"url":"https:\/\/www.booksonthemove.fr\/media\/bom_2423.jpg","type":"image\/jpeg"}],"twitter_card":"summary_large_image","schema":{"@context":"https:\/\/schema.org","@graph":[{"@type":"WebPage","@id":"https:\/\/www.booksonthemove.fr\/en\/produit\/fictions-necessaires-pour-une-danse-baroque-contemporaine\/","url":"https:\/\/www.booksonthemove.fr\/en\/produit\/fictions-necessaires-pour-une-danse-baroque-contemporaine\/","name":"Fictions n\u00e9cessaires - Pour une danse baroque contemporaine - Books on the Move","isPartOf":{"@id":"https:\/\/www.booksonthemove.fr\/#website"},"primaryImageOfPage":{"@id":"https:\/\/www.booksonthemove.fr\/en\/produit\/fictions-necessaires-pour-une-danse-baroque-contemporaine\/#primaryimage"},"image":{"@id":"https:\/\/www.booksonthemove.fr\/en\/produit\/fictions-necessaires-pour-une-danse-baroque-contemporaine\/#primaryimage"},"thumbnailUrl":"https:\/\/www.booksonthemove.fr\/media\/bom_2423.jpg","datePublished":"2021-11-24T07:15:53+00:00","dateModified":"2021-11-28T17:28:48+00:00","breadcrumb":{"@id":"https:\/\/www.booksonthemove.fr\/en\/produit\/fictions-necessaires-pour-une-danse-baroque-contemporaine\/#breadcrumb"},"inLanguage":"en-US","potentialAction":[{"@type":"ReadAction","target":["https:\/\/www.booksonthemove.fr\/en\/produit\/fictions-necessaires-pour-une-danse-baroque-contemporaine\/"]}]},{"@type":"ImageObject","inLanguage":"en-US","@id":"https:\/\/www.booksonthemove.fr\/en\/produit\/fictions-necessaires-pour-une-danse-baroque-contemporaine\/#primaryimage","url":"https:\/\/www.booksonthemove.fr\/media\/bom_2423.jpg","contentUrl":"https:\/\/www.booksonthemove.fr\/media\/bom_2423.jpg","width":526,"height":799},{"@type":"BreadcrumbList","@id":"https:\/\/www.booksonthemove.fr\/en\/produit\/fictions-necessaires-pour-une-danse-baroque-contemporaine\/#breadcrumb","itemListElement":[{"@type":"ListItem","position":1,"name":"Accueil","item":"https:\/\/www.booksonthemove.fr\/en\/"},{"@type":"ListItem","position":2,"name":"online store","item":"https:\/\/www.booksonthemove.fr\/en\/online-shop\/"},{"@type":"ListItem","position":3,"name":"Fictions n\u00e9cessaires &#8211; Pour une danse baroque contemporaine"}]},{"@type":"WebSite","@id":"https:\/\/www.booksonthemove.fr\/#website","url":"https:\/\/www.booksonthemove.fr\/","name":"Books on the Move","description":"librairie nomade - danse - mouvement - performance","publisher":{"@id":"https:\/\/www.booksonthemove.fr\/#organization"},"potentialAction":[{"@type":"SearchAction","target":{"@type":"EntryPoint","urlTemplate":"https:\/\/www.booksonthemove.fr\/?s={search_term_string}"},"query-input":{"@type":"PropertyValueSpecification","valueRequired":true,"valueName":"search_term_string"}}],"inLanguage":"en-US"},{"@type":"Organization","@id":"https:\/\/www.booksonthemove.fr\/#organization","name":"Books on the Move","url":"https:\/\/www.booksonthemove.fr\/","logo":{"@type":"ImageObject","inLanguage":"en-US","@id":"https:\/\/www.booksonthemove.fr\/#\/schema\/logo\/image\/","url":"https:\/\/www.booksonthemove.fr\/media\/logo-NB-400.jpg","contentUrl":"https:\/\/www.booksonthemove.fr\/media\/logo-NB-400.jpg","width":400,"height":143,"caption":"Books on the Move"},"image":{"@id":"https:\/\/www.booksonthemove.fr\/#\/schema\/logo\/image\/"},"sameAs":["https:\/\/www.facebook.com\/Librairiebooksonthemove\/"]}]}},"_links":{"self":[{"href":"https:\/\/www.booksonthemove.fr\/en\/wp-json\/wp\/v2\/product\/33653","targetHints":{"allow":["GET"]}}],"collection":[{"href":"https:\/\/www.booksonthemove.fr\/en\/wp-json\/wp\/v2\/product"}],"about":[{"href":"https:\/\/www.booksonthemove.fr\/en\/wp-json\/wp\/v2\/types\/product"}],"wp:featuredmedia":[{"embeddable":true,"href":"https:\/\/www.booksonthemove.fr\/en\/wp-json\/wp\/v2\/media\/33655"}],"wp:attachment":[{"href":"https:\/\/www.booksonthemove.fr\/en\/wp-json\/wp\/v2\/media?parent=33653"}],"wp:term":[{"taxonomy":"product_brand","embeddable":true,"href":"https:\/\/www.booksonthemove.fr\/en\/wp-json\/wp\/v2\/product_brand?post=33653"},{"taxonomy":"product_cat","embeddable":true,"href":"https:\/\/www.booksonthemove.fr\/en\/wp-json\/wp\/v2\/product_cat?post=33653"},{"taxonomy":"product_tag","embeddable":true,"href":"https:\/\/www.booksonthemove.fr\/en\/wp-json\/wp\/v2\/product_tag?post=33653"}],"curies":[{"name":"wp","href":"https:\/\/api.w.org\/{rel}","templated":true}]}}