{"id":33677,"date":"2021-11-25T08:07:51","date_gmt":"2021-11-25T07:07:51","guid":{"rendered":"https:\/\/www.booksonthemove.fr\/produit\/cultures-et-ruralites\/"},"modified":"2023-12-07T22:58:32","modified_gmt":"2023-12-07T21:58:32","slug":"cultures-et-ruralites","status":"publish","type":"product","link":"https:\/\/www.booksonthemove.fr\/en\/produit\/cultures-et-ruralites\/","title":{"rendered":"Cultures et ruralit\u00e9s"},"content":{"rendered":"<p>Vivante et plurielle, vieille comme l\u2019humanit\u00e9, la culture constitue l\u2019une des principales richesses des territoires et contribue subtilement \u00e0 leur d\u00e9veloppement humain, social et \u00e9conomique. Qu\u2019elle soit personnelle ou collective, cr\u00e9ative ou patrimoniale, elle fleurit de toutes parts, \u00e0 la crois\u00e9e d\u2019initiatives priv\u00e9es et publiques, pour donner cette couleur singuli\u00e8re au territoire o\u00f9 elle essaime.<\/p>\n<p>Tous les acteurs culturels agissent, sur un mode coop\u00e9ratif le plus souvent, pour placer l\u2019humain et l\u2019utilit\u00e9 sociale au c\u0153ur du d\u00e9veloppement, pour aller \u00e0 rebours de l\u2019uniformisation des id\u00e9es, des formes et des d\u00e9sirs. Les politiques culturelles tiennent alors un r\u00f4le essentiel, d\u2019impulsion et d\u2019accompagnement. A l\u2019heure des droits culturels, elles doivent prendre soin des femmes et des hommes qui font le territoire, qui l\u2019habitent et le parcourent.<\/p>\n<p>Les auteurs du livre : L\u00e9o Anselme, Sybille Arlet, G\u00e9raldine B\u00e9nichou, Jean-Fran\u00e7ois Braun, Diane Camus, Antoine Choplin, Fabienne Corteel, Claudia Courtial, Yann Crespel, Claire Delfosse, Bruno Goffi, G\u00e9raldine Houot, Pierre-Antoine Landel, Jean-Fran\u00e7ois Marguerin, Emmanuel N\u00e9grier, Jean-Yves Pineau, Marie Richard, Fred Sanc\u00e8re, Philippe Teillet, Carole Thibaut, Emmanuel Verg\u00e8s.<\/p>\n","protected":false},"excerpt":{"rendered":"<p><strong>AUTEUR\u00b7E\u00b7S:<\/strong> ouvrage collectif<br \/>\n<strong>\u00c9DITEUR:<\/strong> \u00e9ditions de l\u2019attribut\u00a0(2019)<br \/>\n<strong>COLLECTION:<\/strong> Culture et soci\u00e9t\u00e9<\/p>\n<p><strong>BROCH\u00c9:<\/strong>\u00a0196 pages<br \/>\n<strong>LANGUE:<\/strong> Fran\u00e7ais<br \/>\n<strong>ISBN13:<\/strong> 978-2-916-00264-4<\/p>\n","protected":false},"featured_media":33676,"template":"","meta":[],"product_brand":[],"product_cat":[330],"product_tag":[],"class_list":{"0":"post-33677","1":"product","2":"type-product","3":"status-publish","4":"has-post-thumbnail","6":"product_cat-non-classe","8":"first","9":"outofstock","10":"taxable","11":"shipping-taxable","12":"purchasable","13":"product-type-simple"},"yoast_head":"<!-- This site is optimized with the Yoast SEO plugin v27.5 - https:\/\/yoast.com\/product\/yoast-seo-wordpress\/ -->\n<title>Cultures et ruralit\u00e9s - Books on the Move<\/title>\n<meta name=\"robots\" content=\"index, follow, max-snippet:-1, max-image-preview:large, max-video-preview:-1\" \/>\n<link rel=\"canonical\" href=\"https:\/\/www.booksonthemove.fr\/produit\/cultures-et-ruralites\/\" \/>\n<meta property=\"og:locale\" content=\"en_US\" \/>\n<meta property=\"og:type\" content=\"article\" \/>\n<meta property=\"og:title\" content=\"Cultures et ruralit\u00e9s - Books on the Move\" \/>\n<meta property=\"og:description\" content=\"AUTEUR\u00b7E\u00b7S: ouvrage collectif \u00c9DITEUR: \u00e9ditions de l\u2019attribut\u00a0(2019) COLLECTION: Culture et soci\u00e9t\u00e9  BROCH\u00c9:\u00a0196 pages LANGUE: Fran\u00e7ais ISBN13: 978-2-916-00264-4\" \/>\n<meta property=\"og:url\" content=\"https:\/\/www.booksonthemove.fr\/produit\/cultures-et-ruralites\/\" \/>\n<meta property=\"og:site_name\" content=\"Books on the Move\" \/>\n<meta property=\"article:publisher\" content=\"https:\/\/www.facebook.com\/Librairiebooksonthemove\/\" \/>\n<meta property=\"article:modified_time\" content=\"2023-12-07T21:58:32+00:00\" \/>\n<meta property=\"og:image\" content=\"https:\/\/www.booksonthemove.fr\/media\/bom_2422.jpeg\" \/>\n\t<meta property=\"og:image:width\" content=\"900\" \/>\n\t<meta property=\"og:image:height\" content=\"1263\" \/>\n\t<meta property=\"og:image:type\" content=\"image\/jpeg\" \/>\n<meta name=\"twitter:card\" content=\"summary_large_image\" \/>\n<script type=\"application\/ld+json\" class=\"yoast-schema-graph\">{\"@context\":\"https:\\\/\\\/schema.org\",\"@graph\":[{\"@type\":\"WebPage\",\"@id\":\"https:\\\/\\\/www.booksonthemove.fr\\\/produit\\\/cultures-et-ruralites\\\/\",\"url\":\"https:\\\/\\\/www.booksonthemove.fr\\\/produit\\\/cultures-et-ruralites\\\/\",\"name\":\"Cultures et ruralit\u00e9s - Books on the Move\",\"isPartOf\":{\"@id\":\"https:\\\/\\\/www.booksonthemove.fr\\\/#website\"},\"primaryImageOfPage\":{\"@id\":\"https:\\\/\\\/www.booksonthemove.fr\\\/produit\\\/cultures-et-ruralites\\\/#primaryimage\"},\"image\":{\"@id\":\"https:\\\/\\\/www.booksonthemove.fr\\\/produit\\\/cultures-et-ruralites\\\/#primaryimage\"},\"thumbnailUrl\":\"https:\\\/\\\/www.booksonthemove.fr\\\/media\\\/bom_2422.jpeg\",\"datePublished\":\"2021-11-25T07:07:51+00:00\",\"dateModified\":\"2023-12-07T21:58:32+00:00\",\"breadcrumb\":{\"@id\":\"https:\\\/\\\/www.booksonthemove.fr\\\/produit\\\/cultures-et-ruralites\\\/#breadcrumb\"},\"inLanguage\":\"en-US\",\"potentialAction\":[{\"@type\":\"ReadAction\",\"target\":[\"https:\\\/\\\/www.booksonthemove.fr\\\/produit\\\/cultures-et-ruralites\\\/\"]}]},{\"@type\":\"ImageObject\",\"inLanguage\":\"en-US\",\"@id\":\"https:\\\/\\\/www.booksonthemove.fr\\\/produit\\\/cultures-et-ruralites\\\/#primaryimage\",\"url\":\"https:\\\/\\\/www.booksonthemove.fr\\\/media\\\/bom_2422.jpeg\",\"contentUrl\":\"https:\\\/\\\/www.booksonthemove.fr\\\/media\\\/bom_2422.jpeg\",\"width\":900,\"height\":1263},{\"@type\":\"BreadcrumbList\",\"@id\":\"https:\\\/\\\/www.booksonthemove.fr\\\/produit\\\/cultures-et-ruralites\\\/#breadcrumb\",\"itemListElement\":[{\"@type\":\"ListItem\",\"position\":1,\"name\":\"Accueil\",\"item\":\"https:\\\/\\\/www.booksonthemove.fr\\\/en\\\/\"},{\"@type\":\"ListItem\",\"position\":2,\"name\":\"online store\",\"item\":\"https:\\\/\\\/www.booksonthemove.fr\\\/en\\\/online-shop\\\/\"},{\"@type\":\"ListItem\",\"position\":3,\"name\":\"Cultures et ruralit\u00e9s\"}]},{\"@type\":\"WebSite\",\"@id\":\"https:\\\/\\\/www.booksonthemove.fr\\\/#website\",\"url\":\"https:\\\/\\\/www.booksonthemove.fr\\\/\",\"name\":\"Books on the Move\",\"description\":\"librairie nomade - danse - mouvement - performance\",\"publisher\":{\"@id\":\"https:\\\/\\\/www.booksonthemove.fr\\\/#organization\"},\"potentialAction\":[{\"@type\":\"SearchAction\",\"target\":{\"@type\":\"EntryPoint\",\"urlTemplate\":\"https:\\\/\\\/www.booksonthemove.fr\\\/?s={search_term_string}\"},\"query-input\":{\"@type\":\"PropertyValueSpecification\",\"valueRequired\":true,\"valueName\":\"search_term_string\"}}],\"inLanguage\":\"en-US\"},{\"@type\":\"Organization\",\"@id\":\"https:\\\/\\\/www.booksonthemove.fr\\\/#organization\",\"name\":\"Books on the Move\",\"url\":\"https:\\\/\\\/www.booksonthemove.fr\\\/\",\"logo\":{\"@type\":\"ImageObject\",\"inLanguage\":\"en-US\",\"@id\":\"https:\\\/\\\/www.booksonthemove.fr\\\/#\\\/schema\\\/logo\\\/image\\\/\",\"url\":\"https:\\\/\\\/www.booksonthemove.fr\\\/media\\\/logo-NB-400.jpg\",\"contentUrl\":\"https:\\\/\\\/www.booksonthemove.fr\\\/media\\\/logo-NB-400.jpg\",\"width\":400,\"height\":143,\"caption\":\"Books on the Move\"},\"image\":{\"@id\":\"https:\\\/\\\/www.booksonthemove.fr\\\/#\\\/schema\\\/logo\\\/image\\\/\"},\"sameAs\":[\"https:\\\/\\\/www.facebook.com\\\/Librairiebooksonthemove\\\/\"]}]}<\/script>\n<!-- \/ Yoast SEO plugin. -->","yoast_head_json":{"title":"Cultures et ruralit\u00e9s - Books on the Move","robots":{"index":"index","follow":"follow","max-snippet":"max-snippet:-1","max-image-preview":"max-image-preview:large","max-video-preview":"max-video-preview:-1"},"canonical":"https:\/\/www.booksonthemove.fr\/produit\/cultures-et-ruralites\/","og_locale":"en_US","og_type":"article","og_title":"Cultures et ruralit\u00e9s - Books on the Move","og_description":"AUTEUR\u00b7E\u00b7S: ouvrage collectif \u00c9DITEUR: \u00e9ditions de l\u2019attribut\u00a0(2019) COLLECTION: Culture et soci\u00e9t\u00e9  BROCH\u00c9:\u00a0196 pages LANGUE: Fran\u00e7ais ISBN13: 978-2-916-00264-4","og_url":"https:\/\/www.booksonthemove.fr\/produit\/cultures-et-ruralites\/","og_site_name":"Books on the Move","article_publisher":"https:\/\/www.facebook.com\/Librairiebooksonthemove\/","article_modified_time":"2023-12-07T21:58:32+00:00","og_image":[{"width":900,"height":1263,"url":"https:\/\/www.booksonthemove.fr\/media\/bom_2422.jpeg","type":"image\/jpeg"}],"twitter_card":"summary_large_image","schema":{"@context":"https:\/\/schema.org","@graph":[{"@type":"WebPage","@id":"https:\/\/www.booksonthemove.fr\/produit\/cultures-et-ruralites\/","url":"https:\/\/www.booksonthemove.fr\/produit\/cultures-et-ruralites\/","name":"Cultures et ruralit\u00e9s - Books on the Move","isPartOf":{"@id":"https:\/\/www.booksonthemove.fr\/#website"},"primaryImageOfPage":{"@id":"https:\/\/www.booksonthemove.fr\/produit\/cultures-et-ruralites\/#primaryimage"},"image":{"@id":"https:\/\/www.booksonthemove.fr\/produit\/cultures-et-ruralites\/#primaryimage"},"thumbnailUrl":"https:\/\/www.booksonthemove.fr\/media\/bom_2422.jpeg","datePublished":"2021-11-25T07:07:51+00:00","dateModified":"2023-12-07T21:58:32+00:00","breadcrumb":{"@id":"https:\/\/www.booksonthemove.fr\/produit\/cultures-et-ruralites\/#breadcrumb"},"inLanguage":"en-US","potentialAction":[{"@type":"ReadAction","target":["https:\/\/www.booksonthemove.fr\/produit\/cultures-et-ruralites\/"]}]},{"@type":"ImageObject","inLanguage":"en-US","@id":"https:\/\/www.booksonthemove.fr\/produit\/cultures-et-ruralites\/#primaryimage","url":"https:\/\/www.booksonthemove.fr\/media\/bom_2422.jpeg","contentUrl":"https:\/\/www.booksonthemove.fr\/media\/bom_2422.jpeg","width":900,"height":1263},{"@type":"BreadcrumbList","@id":"https:\/\/www.booksonthemove.fr\/produit\/cultures-et-ruralites\/#breadcrumb","itemListElement":[{"@type":"ListItem","position":1,"name":"Accueil","item":"https:\/\/www.booksonthemove.fr\/en\/"},{"@type":"ListItem","position":2,"name":"online store","item":"https:\/\/www.booksonthemove.fr\/en\/online-shop\/"},{"@type":"ListItem","position":3,"name":"Cultures et ruralit\u00e9s"}]},{"@type":"WebSite","@id":"https:\/\/www.booksonthemove.fr\/#website","url":"https:\/\/www.booksonthemove.fr\/","name":"Books on the Move","description":"librairie nomade - danse - mouvement - performance","publisher":{"@id":"https:\/\/www.booksonthemove.fr\/#organization"},"potentialAction":[{"@type":"SearchAction","target":{"@type":"EntryPoint","urlTemplate":"https:\/\/www.booksonthemove.fr\/?s={search_term_string}"},"query-input":{"@type":"PropertyValueSpecification","valueRequired":true,"valueName":"search_term_string"}}],"inLanguage":"en-US"},{"@type":"Organization","@id":"https:\/\/www.booksonthemove.fr\/#organization","name":"Books on the Move","url":"https:\/\/www.booksonthemove.fr\/","logo":{"@type":"ImageObject","inLanguage":"en-US","@id":"https:\/\/www.booksonthemove.fr\/#\/schema\/logo\/image\/","url":"https:\/\/www.booksonthemove.fr\/media\/logo-NB-400.jpg","contentUrl":"https:\/\/www.booksonthemove.fr\/media\/logo-NB-400.jpg","width":400,"height":143,"caption":"Books on the Move"},"image":{"@id":"https:\/\/www.booksonthemove.fr\/#\/schema\/logo\/image\/"},"sameAs":["https:\/\/www.facebook.com\/Librairiebooksonthemove\/"]}]}},"_links":{"self":[{"href":"https:\/\/www.booksonthemove.fr\/en\/wp-json\/wp\/v2\/product\/33677","targetHints":{"allow":["GET"]}}],"collection":[{"href":"https:\/\/www.booksonthemove.fr\/en\/wp-json\/wp\/v2\/product"}],"about":[{"href":"https:\/\/www.booksonthemove.fr\/en\/wp-json\/wp\/v2\/types\/product"}],"wp:featuredmedia":[{"embeddable":true,"href":"https:\/\/www.booksonthemove.fr\/en\/wp-json\/wp\/v2\/media\/33676"}],"wp:attachment":[{"href":"https:\/\/www.booksonthemove.fr\/en\/wp-json\/wp\/v2\/media?parent=33677"}],"wp:term":[{"taxonomy":"product_brand","embeddable":true,"href":"https:\/\/www.booksonthemove.fr\/en\/wp-json\/wp\/v2\/product_brand?post=33677"},{"taxonomy":"product_cat","embeddable":true,"href":"https:\/\/www.booksonthemove.fr\/en\/wp-json\/wp\/v2\/product_cat?post=33677"},{"taxonomy":"product_tag","embeddable":true,"href":"https:\/\/www.booksonthemove.fr\/en\/wp-json\/wp\/v2\/product_tag?post=33677"}],"curies":[{"name":"wp","href":"https:\/\/api.w.org\/{rel}","templated":true}]}}