{"id":33860,"date":"2021-12-17T16:01:47","date_gmt":"2021-12-17T15:01:47","guid":{"rendered":"https:\/\/www.booksonthemove.fr\/produit\/a-contrario-ou-la-danse-contrariee-vol-2\/"},"modified":"2025-12-10T12:21:24","modified_gmt":"2025-12-10T11:21:24","slug":"a-contrario-ou-la-danse-contrariee-vol-2","status":"publish","type":"product","link":"https:\/\/www.booksonthemove.fr\/en\/produit\/a-contrario-ou-la-danse-contrariee-vol-2\/","title":{"rendered":"A Contrario ou la danse contrari\u00e9e &#8211; vol.2"},"content":{"rendered":"<p>Ici, l\u2019id\u00e9e de contraire, toujours au rendez-vous, s\u2019amuse \u00e0 c\u00f4toyer des \u00e9l\u00e9ments constitutifs de l\u2019art de la danse mais aussi des nuances de mots, de mises en jeu, d\u2019actions comme de fabrications inventives\u2009:<\/p>\n<p>Une mise en sc\u00e8ne de multiples face \u00e0 face \u00ab\u2009contrari\u00e9s\u2009\u00bb, avec au c\u0153ur la pr\u00e9sence d\u2019un personnage abstrait dansant dans divers contextes (tir\u00e9s en partie de l\u2019histoire de la danse). Un jeu entre le sens du mot et sa graphie, mais aussi la posture dansante. Une mani\u00e8re d\u2019entre-ouvrir les nuances que suppose de penser le \u00ab\u2009contraire\u2009\u00bb d\u2019une chose.<\/p>\n<p>. 1 travers\u00e9e en 46 dessins (chaque album)<br \/>\n. 4 jeux \u00e0 dessiner et danser (\u00e0 r\u00e9aliser seul ou \u00e0 plusieurs)<br \/>\n. 1 prolongement relatant des \u00e9l\u00e9ments de l\u2019histoire de la danse ayant<br \/>\nfa\u00e7onn\u00e9 de pr\u00e8s ou de loin les dessins (pour les bien plus grands)<\/p>\n","protected":false},"excerpt":{"rendered":"<p><strong>AUTEURE :<\/strong> Mary Chebbah<br \/>\n<strong>EDITEUR :<\/strong> collection dan\u00e7er, Quadrille (2021)<\/p>\n<p><strong>RELI\u00c9 :<\/strong>\u00a088 pages<br \/>\n<strong>LANGUE :<\/strong> Fran\u00e7ais<br \/>\n<strong>ISBN13 :<\/strong> 978 2 956 33034 9<\/p>\n","protected":false},"featured_media":33859,"template":"","meta":[],"product_brand":[],"product_cat":[213,298,240,162,140],"product_tag":[],"class_list":{"0":"post-33860","1":"product","2":"type-product","3":"status-publish","4":"has-post-thumbnail","6":"product_cat-comics-en","7":"product_cat-childrens-and-youth-books","8":"product_cat-choreography-en","9":"product_cat-french-en","10":"product_cat-education-dance-technique-en","12":"first","13":"instock","14":"taxable","15":"shipping-taxable","16":"purchasable","17":"product-type-simple"},"yoast_head":"<!-- This site is optimized with the Yoast SEO plugin v27.4 - https:\/\/yoast.com\/product\/yoast-seo-wordpress\/ -->\n<title>A Contrario ou la danse contrari\u00e9e - vol.2 - Books on the Move<\/title>\n<meta name=\"robots\" content=\"index, follow, max-snippet:-1, max-image-preview:large, max-video-preview:-1\" \/>\n<link rel=\"canonical\" href=\"https:\/\/www.booksonthemove.fr\/en\/produit\/a-contrario-ou-la-danse-contrariee-vol-2\/\" \/>\n<meta property=\"og:locale\" content=\"en_US\" \/>\n<meta property=\"og:type\" content=\"article\" \/>\n<meta property=\"og:title\" content=\"A Contrario ou la danse contrari\u00e9e - vol.2 - Books on the Move\" \/>\n<meta property=\"og:description\" content=\"AUTEURE : Mary Chebbah EDITEUR : collection dan\u00e7er, Quadrille (2021)  RELI\u00c9 :\u00a088 pages LANGUE : Fran\u00e7ais ISBN13 : 978 2 956 33034 9\" \/>\n<meta property=\"og:url\" content=\"https:\/\/www.booksonthemove.fr\/en\/produit\/a-contrario-ou-la-danse-contrariee-vol-2\/\" \/>\n<meta property=\"og:site_name\" content=\"Books on the Move\" \/>\n<meta property=\"article:publisher\" content=\"https:\/\/www.facebook.com\/Librairiebooksonthemove\/\" \/>\n<meta property=\"article:modified_time\" content=\"2025-12-10T11:21:24+00:00\" \/>\n<meta property=\"og:image\" content=\"https:\/\/www.booksonthemove.fr\/media\/bom_2435.jpg\" \/>\n\t<meta property=\"og:image:width\" content=\"530\" \/>\n\t<meta property=\"og:image:height\" content=\"724\" \/>\n\t<meta property=\"og:image:type\" content=\"image\/jpeg\" \/>\n<meta name=\"twitter:card\" content=\"summary_large_image\" \/>\n<script type=\"application\/ld+json\" class=\"yoast-schema-graph\">{\"@context\":\"https:\\\/\\\/schema.org\",\"@graph\":[{\"@type\":\"WebPage\",\"@id\":\"https:\\\/\\\/www.booksonthemove.fr\\\/en\\\/produit\\\/a-contrario-ou-la-danse-contrariee-vol-2\\\/\",\"url\":\"https:\\\/\\\/www.booksonthemove.fr\\\/en\\\/produit\\\/a-contrario-ou-la-danse-contrariee-vol-2\\\/\",\"name\":\"A Contrario ou la danse contrari\u00e9e - vol.2 - Books on the Move\",\"isPartOf\":{\"@id\":\"https:\\\/\\\/www.booksonthemove.fr\\\/#website\"},\"primaryImageOfPage\":{\"@id\":\"https:\\\/\\\/www.booksonthemove.fr\\\/en\\\/produit\\\/a-contrario-ou-la-danse-contrariee-vol-2\\\/#primaryimage\"},\"image\":{\"@id\":\"https:\\\/\\\/www.booksonthemove.fr\\\/en\\\/produit\\\/a-contrario-ou-la-danse-contrariee-vol-2\\\/#primaryimage\"},\"thumbnailUrl\":\"https:\\\/\\\/www.booksonthemove.fr\\\/media\\\/bom_2435.jpg\",\"datePublished\":\"2021-12-17T15:01:47+00:00\",\"dateModified\":\"2025-12-10T11:21:24+00:00\",\"breadcrumb\":{\"@id\":\"https:\\\/\\\/www.booksonthemove.fr\\\/en\\\/produit\\\/a-contrario-ou-la-danse-contrariee-vol-2\\\/#breadcrumb\"},\"inLanguage\":\"en-US\",\"potentialAction\":[{\"@type\":\"ReadAction\",\"target\":[\"https:\\\/\\\/www.booksonthemove.fr\\\/en\\\/produit\\\/a-contrario-ou-la-danse-contrariee-vol-2\\\/\"]}]},{\"@type\":\"ImageObject\",\"inLanguage\":\"en-US\",\"@id\":\"https:\\\/\\\/www.booksonthemove.fr\\\/en\\\/produit\\\/a-contrario-ou-la-danse-contrariee-vol-2\\\/#primaryimage\",\"url\":\"https:\\\/\\\/www.booksonthemove.fr\\\/media\\\/bom_2435.jpg\",\"contentUrl\":\"https:\\\/\\\/www.booksonthemove.fr\\\/media\\\/bom_2435.jpg\",\"width\":530,\"height\":724},{\"@type\":\"BreadcrumbList\",\"@id\":\"https:\\\/\\\/www.booksonthemove.fr\\\/en\\\/produit\\\/a-contrario-ou-la-danse-contrariee-vol-2\\\/#breadcrumb\",\"itemListElement\":[{\"@type\":\"ListItem\",\"position\":1,\"name\":\"Accueil\",\"item\":\"https:\\\/\\\/www.booksonthemove.fr\\\/en\\\/\"},{\"@type\":\"ListItem\",\"position\":2,\"name\":\"online store\",\"item\":\"https:\\\/\\\/www.booksonthemove.fr\\\/en\\\/online-shop\\\/\"},{\"@type\":\"ListItem\",\"position\":3,\"name\":\"A Contrario ou la danse contrari\u00e9e &#8211; vol.2\"}]},{\"@type\":\"WebSite\",\"@id\":\"https:\\\/\\\/www.booksonthemove.fr\\\/#website\",\"url\":\"https:\\\/\\\/www.booksonthemove.fr\\\/\",\"name\":\"Books on the Move\",\"description\":\"librairie nomade - danse - mouvement - performance\",\"publisher\":{\"@id\":\"https:\\\/\\\/www.booksonthemove.fr\\\/#organization\"},\"potentialAction\":[{\"@type\":\"SearchAction\",\"target\":{\"@type\":\"EntryPoint\",\"urlTemplate\":\"https:\\\/\\\/www.booksonthemove.fr\\\/?s={search_term_string}\"},\"query-input\":{\"@type\":\"PropertyValueSpecification\",\"valueRequired\":true,\"valueName\":\"search_term_string\"}}],\"inLanguage\":\"en-US\"},{\"@type\":\"Organization\",\"@id\":\"https:\\\/\\\/www.booksonthemove.fr\\\/#organization\",\"name\":\"Books on the Move\",\"url\":\"https:\\\/\\\/www.booksonthemove.fr\\\/\",\"logo\":{\"@type\":\"ImageObject\",\"inLanguage\":\"en-US\",\"@id\":\"https:\\\/\\\/www.booksonthemove.fr\\\/#\\\/schema\\\/logo\\\/image\\\/\",\"url\":\"https:\\\/\\\/www.booksonthemove.fr\\\/media\\\/logo-NB-400.jpg\",\"contentUrl\":\"https:\\\/\\\/www.booksonthemove.fr\\\/media\\\/logo-NB-400.jpg\",\"width\":400,\"height\":143,\"caption\":\"Books on the Move\"},\"image\":{\"@id\":\"https:\\\/\\\/www.booksonthemove.fr\\\/#\\\/schema\\\/logo\\\/image\\\/\"},\"sameAs\":[\"https:\\\/\\\/www.facebook.com\\\/Librairiebooksonthemove\\\/\"]}]}<\/script>\n<!-- \/ Yoast SEO plugin. -->","yoast_head_json":{"title":"A Contrario ou la danse contrari\u00e9e - vol.2 - Books on the Move","robots":{"index":"index","follow":"follow","max-snippet":"max-snippet:-1","max-image-preview":"max-image-preview:large","max-video-preview":"max-video-preview:-1"},"canonical":"https:\/\/www.booksonthemove.fr\/en\/produit\/a-contrario-ou-la-danse-contrariee-vol-2\/","og_locale":"en_US","og_type":"article","og_title":"A Contrario ou la danse contrari\u00e9e - vol.2 - Books on the Move","og_description":"AUTEURE : Mary Chebbah EDITEUR : collection dan\u00e7er, Quadrille (2021)  RELI\u00c9 :\u00a088 pages LANGUE : Fran\u00e7ais ISBN13 : 978 2 956 33034 9","og_url":"https:\/\/www.booksonthemove.fr\/en\/produit\/a-contrario-ou-la-danse-contrariee-vol-2\/","og_site_name":"Books on the Move","article_publisher":"https:\/\/www.facebook.com\/Librairiebooksonthemove\/","article_modified_time":"2025-12-10T11:21:24+00:00","og_image":[{"width":530,"height":724,"url":"https:\/\/www.booksonthemove.fr\/media\/bom_2435.jpg","type":"image\/jpeg"}],"twitter_card":"summary_large_image","schema":{"@context":"https:\/\/schema.org","@graph":[{"@type":"WebPage","@id":"https:\/\/www.booksonthemove.fr\/en\/produit\/a-contrario-ou-la-danse-contrariee-vol-2\/","url":"https:\/\/www.booksonthemove.fr\/en\/produit\/a-contrario-ou-la-danse-contrariee-vol-2\/","name":"A Contrario ou la danse contrari\u00e9e - vol.2 - Books on the Move","isPartOf":{"@id":"https:\/\/www.booksonthemove.fr\/#website"},"primaryImageOfPage":{"@id":"https:\/\/www.booksonthemove.fr\/en\/produit\/a-contrario-ou-la-danse-contrariee-vol-2\/#primaryimage"},"image":{"@id":"https:\/\/www.booksonthemove.fr\/en\/produit\/a-contrario-ou-la-danse-contrariee-vol-2\/#primaryimage"},"thumbnailUrl":"https:\/\/www.booksonthemove.fr\/media\/bom_2435.jpg","datePublished":"2021-12-17T15:01:47+00:00","dateModified":"2025-12-10T11:21:24+00:00","breadcrumb":{"@id":"https:\/\/www.booksonthemove.fr\/en\/produit\/a-contrario-ou-la-danse-contrariee-vol-2\/#breadcrumb"},"inLanguage":"en-US","potentialAction":[{"@type":"ReadAction","target":["https:\/\/www.booksonthemove.fr\/en\/produit\/a-contrario-ou-la-danse-contrariee-vol-2\/"]}]},{"@type":"ImageObject","inLanguage":"en-US","@id":"https:\/\/www.booksonthemove.fr\/en\/produit\/a-contrario-ou-la-danse-contrariee-vol-2\/#primaryimage","url":"https:\/\/www.booksonthemove.fr\/media\/bom_2435.jpg","contentUrl":"https:\/\/www.booksonthemove.fr\/media\/bom_2435.jpg","width":530,"height":724},{"@type":"BreadcrumbList","@id":"https:\/\/www.booksonthemove.fr\/en\/produit\/a-contrario-ou-la-danse-contrariee-vol-2\/#breadcrumb","itemListElement":[{"@type":"ListItem","position":1,"name":"Accueil","item":"https:\/\/www.booksonthemove.fr\/en\/"},{"@type":"ListItem","position":2,"name":"online store","item":"https:\/\/www.booksonthemove.fr\/en\/online-shop\/"},{"@type":"ListItem","position":3,"name":"A Contrario ou la danse contrari\u00e9e &#8211; vol.2"}]},{"@type":"WebSite","@id":"https:\/\/www.booksonthemove.fr\/#website","url":"https:\/\/www.booksonthemove.fr\/","name":"Books on the Move","description":"librairie nomade - danse - mouvement - performance","publisher":{"@id":"https:\/\/www.booksonthemove.fr\/#organization"},"potentialAction":[{"@type":"SearchAction","target":{"@type":"EntryPoint","urlTemplate":"https:\/\/www.booksonthemove.fr\/?s={search_term_string}"},"query-input":{"@type":"PropertyValueSpecification","valueRequired":true,"valueName":"search_term_string"}}],"inLanguage":"en-US"},{"@type":"Organization","@id":"https:\/\/www.booksonthemove.fr\/#organization","name":"Books on the Move","url":"https:\/\/www.booksonthemove.fr\/","logo":{"@type":"ImageObject","inLanguage":"en-US","@id":"https:\/\/www.booksonthemove.fr\/#\/schema\/logo\/image\/","url":"https:\/\/www.booksonthemove.fr\/media\/logo-NB-400.jpg","contentUrl":"https:\/\/www.booksonthemove.fr\/media\/logo-NB-400.jpg","width":400,"height":143,"caption":"Books on the Move"},"image":{"@id":"https:\/\/www.booksonthemove.fr\/#\/schema\/logo\/image\/"},"sameAs":["https:\/\/www.facebook.com\/Librairiebooksonthemove\/"]}]}},"_links":{"self":[{"href":"https:\/\/www.booksonthemove.fr\/en\/wp-json\/wp\/v2\/product\/33860","targetHints":{"allow":["GET"]}}],"collection":[{"href":"https:\/\/www.booksonthemove.fr\/en\/wp-json\/wp\/v2\/product"}],"about":[{"href":"https:\/\/www.booksonthemove.fr\/en\/wp-json\/wp\/v2\/types\/product"}],"wp:featuredmedia":[{"embeddable":true,"href":"https:\/\/www.booksonthemove.fr\/en\/wp-json\/wp\/v2\/media\/33859"}],"wp:attachment":[{"href":"https:\/\/www.booksonthemove.fr\/en\/wp-json\/wp\/v2\/media?parent=33860"}],"wp:term":[{"taxonomy":"product_brand","embeddable":true,"href":"https:\/\/www.booksonthemove.fr\/en\/wp-json\/wp\/v2\/product_brand?post=33860"},{"taxonomy":"product_cat","embeddable":true,"href":"https:\/\/www.booksonthemove.fr\/en\/wp-json\/wp\/v2\/product_cat?post=33860"},{"taxonomy":"product_tag","embeddable":true,"href":"https:\/\/www.booksonthemove.fr\/en\/wp-json\/wp\/v2\/product_tag?post=33860"}],"curies":[{"name":"wp","href":"https:\/\/api.w.org\/{rel}","templated":true}]}}