{"id":33901,"date":"2021-12-30T03:41:34","date_gmt":"2021-12-30T02:41:34","guid":{"rendered":"https:\/\/www.booksonthemove.fr\/produit\/danser-pop-une-figure-de-la-creation-contemporaine\/"},"modified":"2021-12-30T03:41:34","modified_gmt":"2021-12-30T02:41:34","slug":"danser-pop-une-figure-de-la-creation-contemporaine","status":"publish","type":"product","link":"https:\/\/www.booksonthemove.fr\/en\/produit\/danser-pop-une-figure-de-la-creation-contemporaine\/","title":{"rendered":"Danser pop &#8211; Une figure de la cr\u00e9ation contemporaine"},"content":{"rendered":"<p>Dans la langue fran\u00e7aise, les termes\u00a0<em>danser\u00a0<\/em>et\u00a0<em>danse\u00a0<\/em>font r\u00e9f\u00e9rence \u00e0 deux pratiques aux fonctions et enjeux tr\u00e8s diff\u00e9rents. Ils d\u00e9signent \u00e0 la fois la danse de sc\u00e8ne, destin\u00e9e \u00e0 \u00eatre regard\u00e9e, et les danses festives ou r\u00e9cr\u00e9atives, celles que l\u2019on pratique\u00a0tous. Mais s\u2019il est vrai que la danse de sc\u00e8ne s\u2019est toujours inspir\u00e9e des danses de bal, il est frappant de voir aujourd\u2019hui se multiplier, sur les plateaux des th\u00e9\u00e2tres, des r\u00e9f\u00e9rences \u00e0 des formes populaires \u2013 danses\u00a0<em>clubbing,\u00a0<\/em>disco, twerk, new wave, funk\u2026<\/p>\n<p>Pour quelles raisons des chor\u00e9graphes \u00e9prouvent-ils le besoin de se confronter \u00e0 ces gestes parfois simples et bruts,\u00a0d\u00e9pendant souvent de l\u2019industrie du disque\u00a0?\u00a0Ce livre nous invite \u00e0 d\u00e9couvrir les multiples visages du \u00ab\u00a0danser pop\u00a0\u00bb dans la cr\u00e9ation chor\u00e9graphique au fil des derni\u00e8res d\u00e9cennies, \u00e0 travers les \u0153uvres d\u2019artistes aussi divers que Maurice B\u00e9jart, Pina Bausch, Alain Platel, Marco Berrettini, J\u00e9r\u00f4me Bel,\u00a0Mark Tompkins, Mathilde Monnier, Fran\u00e7ois Chaignaud, Cecilia Bengolea, Maguy Marin, Christian Rizzo, Thomas Lebrun,\u00a0Gis\u00e8le Vienne et le collectif (LA)HORDE.\u00a0D\u2019une pi\u00e8ce \u00e0 l\u2019autre, les danses populaires s\u2019int\u00e8grent \u00e0 la chor\u00e9graphie de mani\u00e8re singuli\u00e8re, tout en faisant appara\u00eetre des motifs r\u00e9currents de la mythologie pop\u00a0: la contagion, l\u2019improvisation, l\u2019extase et le groupe.<\/p>\n","protected":false},"excerpt":{"rendered":"<p><strong>AUTEURE :\u00a0<\/strong>Claudia Palazzolo<br \/>\n<strong>EDITEUR :<\/strong> Centre national de la danse (2021)<\/p>\n<p><strong>BROCH\u00c9 :<\/strong>\u00a0224 pages<br \/>\n<strong>LANGUE :<\/strong> Fran\u00e7ais<br \/>\n<strong>ISBN :<\/strong> 979-10-97388-15-7<\/p>\n","protected":false},"featured_media":33899,"template":"","meta":[],"product_brand":[],"product_cat":[240,363,146,162],"product_tag":[],"class_list":{"0":"post-33901","1":"product","2":"type-product","3":"status-publish","4":"has-post-thumbnail","6":"product_cat-choreography-en","7":"product_cat-danses-urbaines-en","8":"product_cat-theoretical-texts-en","9":"product_cat-french-en","11":"first","12":"instock","13":"virtual","14":"taxable","15":"purchasable","16":"product-type-simple"},"yoast_head":"<!-- This site is optimized with the Yoast SEO plugin v27.5 - https:\/\/yoast.com\/product\/yoast-seo-wordpress\/ -->\n<title>Danser pop - Une figure de la cr\u00e9ation contemporaine - Books on the Move<\/title>\n<meta name=\"robots\" content=\"index, follow, max-snippet:-1, max-image-preview:large, max-video-preview:-1\" \/>\n<link rel=\"canonical\" href=\"https:\/\/www.booksonthemove.fr\/en\/produit\/danser-pop-une-figure-de-la-creation-contemporaine\/\" \/>\n<meta property=\"og:locale\" content=\"en_US\" \/>\n<meta property=\"og:type\" content=\"article\" \/>\n<meta property=\"og:title\" content=\"Danser pop - Une figure de la cr\u00e9ation contemporaine - Books on the Move\" \/>\n<meta property=\"og:description\" content=\"AUTEURE :\u00a0Claudia Palazzolo EDITEUR : Centre national de la danse (2021)  BROCH\u00c9 :\u00a0224 pages LANGUE : Fran\u00e7ais ISBN : 979-10-97388-15-7\" \/>\n<meta property=\"og:url\" content=\"https:\/\/www.booksonthemove.fr\/en\/produit\/danser-pop-une-figure-de-la-creation-contemporaine\/\" \/>\n<meta property=\"og:site_name\" content=\"Books on the Move\" \/>\n<meta property=\"article:publisher\" content=\"https:\/\/www.facebook.com\/Librairiebooksonthemove\/\" \/>\n<meta property=\"og:image\" content=\"https:\/\/www.booksonthemove.fr\/media\/bom_2433.jpg\" \/>\n\t<meta property=\"og:image:width\" content=\"400\" \/>\n\t<meta property=\"og:image:height\" content=\"595\" \/>\n\t<meta property=\"og:image:type\" content=\"image\/jpeg\" \/>\n<meta name=\"twitter:card\" content=\"summary_large_image\" \/>\n<script type=\"application\/ld+json\" class=\"yoast-schema-graph\">{\"@context\":\"https:\\\/\\\/schema.org\",\"@graph\":[{\"@type\":\"WebPage\",\"@id\":\"https:\\\/\\\/www.booksonthemove.fr\\\/en\\\/produit\\\/danser-pop-une-figure-de-la-creation-contemporaine\\\/\",\"url\":\"https:\\\/\\\/www.booksonthemove.fr\\\/en\\\/produit\\\/danser-pop-une-figure-de-la-creation-contemporaine\\\/\",\"name\":\"Danser pop - Une figure de la cr\u00e9ation contemporaine - Books on the Move\",\"isPartOf\":{\"@id\":\"https:\\\/\\\/www.booksonthemove.fr\\\/#website\"},\"primaryImageOfPage\":{\"@id\":\"https:\\\/\\\/www.booksonthemove.fr\\\/en\\\/produit\\\/danser-pop-une-figure-de-la-creation-contemporaine\\\/#primaryimage\"},\"image\":{\"@id\":\"https:\\\/\\\/www.booksonthemove.fr\\\/en\\\/produit\\\/danser-pop-une-figure-de-la-creation-contemporaine\\\/#primaryimage\"},\"thumbnailUrl\":\"https:\\\/\\\/www.booksonthemove.fr\\\/media\\\/bom_2433.jpg\",\"datePublished\":\"2021-12-30T02:41:34+00:00\",\"breadcrumb\":{\"@id\":\"https:\\\/\\\/www.booksonthemove.fr\\\/en\\\/produit\\\/danser-pop-une-figure-de-la-creation-contemporaine\\\/#breadcrumb\"},\"inLanguage\":\"en-US\",\"potentialAction\":[{\"@type\":\"ReadAction\",\"target\":[\"https:\\\/\\\/www.booksonthemove.fr\\\/en\\\/produit\\\/danser-pop-une-figure-de-la-creation-contemporaine\\\/\"]}]},{\"@type\":\"ImageObject\",\"inLanguage\":\"en-US\",\"@id\":\"https:\\\/\\\/www.booksonthemove.fr\\\/en\\\/produit\\\/danser-pop-une-figure-de-la-creation-contemporaine\\\/#primaryimage\",\"url\":\"https:\\\/\\\/www.booksonthemove.fr\\\/media\\\/bom_2433.jpg\",\"contentUrl\":\"https:\\\/\\\/www.booksonthemove.fr\\\/media\\\/bom_2433.jpg\",\"width\":400,\"height\":595},{\"@type\":\"BreadcrumbList\",\"@id\":\"https:\\\/\\\/www.booksonthemove.fr\\\/en\\\/produit\\\/danser-pop-une-figure-de-la-creation-contemporaine\\\/#breadcrumb\",\"itemListElement\":[{\"@type\":\"ListItem\",\"position\":1,\"name\":\"Accueil\",\"item\":\"https:\\\/\\\/www.booksonthemove.fr\\\/en\\\/\"},{\"@type\":\"ListItem\",\"position\":2,\"name\":\"online store\",\"item\":\"https:\\\/\\\/www.booksonthemove.fr\\\/en\\\/online-shop\\\/\"},{\"@type\":\"ListItem\",\"position\":3,\"name\":\"Danser pop &#8211; Une figure de la cr\u00e9ation contemporaine\"}]},{\"@type\":\"WebSite\",\"@id\":\"https:\\\/\\\/www.booksonthemove.fr\\\/#website\",\"url\":\"https:\\\/\\\/www.booksonthemove.fr\\\/\",\"name\":\"Books on the Move\",\"description\":\"librairie nomade - danse - mouvement - performance\",\"publisher\":{\"@id\":\"https:\\\/\\\/www.booksonthemove.fr\\\/#organization\"},\"potentialAction\":[{\"@type\":\"SearchAction\",\"target\":{\"@type\":\"EntryPoint\",\"urlTemplate\":\"https:\\\/\\\/www.booksonthemove.fr\\\/?s={search_term_string}\"},\"query-input\":{\"@type\":\"PropertyValueSpecification\",\"valueRequired\":true,\"valueName\":\"search_term_string\"}}],\"inLanguage\":\"en-US\"},{\"@type\":\"Organization\",\"@id\":\"https:\\\/\\\/www.booksonthemove.fr\\\/#organization\",\"name\":\"Books on the Move\",\"url\":\"https:\\\/\\\/www.booksonthemove.fr\\\/\",\"logo\":{\"@type\":\"ImageObject\",\"inLanguage\":\"en-US\",\"@id\":\"https:\\\/\\\/www.booksonthemove.fr\\\/#\\\/schema\\\/logo\\\/image\\\/\",\"url\":\"https:\\\/\\\/www.booksonthemove.fr\\\/media\\\/logo-NB-400.jpg\",\"contentUrl\":\"https:\\\/\\\/www.booksonthemove.fr\\\/media\\\/logo-NB-400.jpg\",\"width\":400,\"height\":143,\"caption\":\"Books on the Move\"},\"image\":{\"@id\":\"https:\\\/\\\/www.booksonthemove.fr\\\/#\\\/schema\\\/logo\\\/image\\\/\"},\"sameAs\":[\"https:\\\/\\\/www.facebook.com\\\/Librairiebooksonthemove\\\/\"]}]}<\/script>\n<!-- \/ Yoast SEO plugin. -->","yoast_head_json":{"title":"Danser pop - Une figure de la cr\u00e9ation contemporaine - Books on the Move","robots":{"index":"index","follow":"follow","max-snippet":"max-snippet:-1","max-image-preview":"max-image-preview:large","max-video-preview":"max-video-preview:-1"},"canonical":"https:\/\/www.booksonthemove.fr\/en\/produit\/danser-pop-une-figure-de-la-creation-contemporaine\/","og_locale":"en_US","og_type":"article","og_title":"Danser pop - Une figure de la cr\u00e9ation contemporaine - Books on the Move","og_description":"AUTEURE :\u00a0Claudia Palazzolo EDITEUR : Centre national de la danse (2021)  BROCH\u00c9 :\u00a0224 pages LANGUE : Fran\u00e7ais ISBN : 979-10-97388-15-7","og_url":"https:\/\/www.booksonthemove.fr\/en\/produit\/danser-pop-une-figure-de-la-creation-contemporaine\/","og_site_name":"Books on the Move","article_publisher":"https:\/\/www.facebook.com\/Librairiebooksonthemove\/","og_image":[{"width":400,"height":595,"url":"https:\/\/www.booksonthemove.fr\/media\/bom_2433.jpg","type":"image\/jpeg"}],"twitter_card":"summary_large_image","schema":{"@context":"https:\/\/schema.org","@graph":[{"@type":"WebPage","@id":"https:\/\/www.booksonthemove.fr\/en\/produit\/danser-pop-une-figure-de-la-creation-contemporaine\/","url":"https:\/\/www.booksonthemove.fr\/en\/produit\/danser-pop-une-figure-de-la-creation-contemporaine\/","name":"Danser pop - Une figure de la cr\u00e9ation contemporaine - Books on the Move","isPartOf":{"@id":"https:\/\/www.booksonthemove.fr\/#website"},"primaryImageOfPage":{"@id":"https:\/\/www.booksonthemove.fr\/en\/produit\/danser-pop-une-figure-de-la-creation-contemporaine\/#primaryimage"},"image":{"@id":"https:\/\/www.booksonthemove.fr\/en\/produit\/danser-pop-une-figure-de-la-creation-contemporaine\/#primaryimage"},"thumbnailUrl":"https:\/\/www.booksonthemove.fr\/media\/bom_2433.jpg","datePublished":"2021-12-30T02:41:34+00:00","breadcrumb":{"@id":"https:\/\/www.booksonthemove.fr\/en\/produit\/danser-pop-une-figure-de-la-creation-contemporaine\/#breadcrumb"},"inLanguage":"en-US","potentialAction":[{"@type":"ReadAction","target":["https:\/\/www.booksonthemove.fr\/en\/produit\/danser-pop-une-figure-de-la-creation-contemporaine\/"]}]},{"@type":"ImageObject","inLanguage":"en-US","@id":"https:\/\/www.booksonthemove.fr\/en\/produit\/danser-pop-une-figure-de-la-creation-contemporaine\/#primaryimage","url":"https:\/\/www.booksonthemove.fr\/media\/bom_2433.jpg","contentUrl":"https:\/\/www.booksonthemove.fr\/media\/bom_2433.jpg","width":400,"height":595},{"@type":"BreadcrumbList","@id":"https:\/\/www.booksonthemove.fr\/en\/produit\/danser-pop-une-figure-de-la-creation-contemporaine\/#breadcrumb","itemListElement":[{"@type":"ListItem","position":1,"name":"Accueil","item":"https:\/\/www.booksonthemove.fr\/en\/"},{"@type":"ListItem","position":2,"name":"online store","item":"https:\/\/www.booksonthemove.fr\/en\/online-shop\/"},{"@type":"ListItem","position":3,"name":"Danser pop &#8211; Une figure de la cr\u00e9ation contemporaine"}]},{"@type":"WebSite","@id":"https:\/\/www.booksonthemove.fr\/#website","url":"https:\/\/www.booksonthemove.fr\/","name":"Books on the Move","description":"librairie nomade - danse - mouvement - performance","publisher":{"@id":"https:\/\/www.booksonthemove.fr\/#organization"},"potentialAction":[{"@type":"SearchAction","target":{"@type":"EntryPoint","urlTemplate":"https:\/\/www.booksonthemove.fr\/?s={search_term_string}"},"query-input":{"@type":"PropertyValueSpecification","valueRequired":true,"valueName":"search_term_string"}}],"inLanguage":"en-US"},{"@type":"Organization","@id":"https:\/\/www.booksonthemove.fr\/#organization","name":"Books on the Move","url":"https:\/\/www.booksonthemove.fr\/","logo":{"@type":"ImageObject","inLanguage":"en-US","@id":"https:\/\/www.booksonthemove.fr\/#\/schema\/logo\/image\/","url":"https:\/\/www.booksonthemove.fr\/media\/logo-NB-400.jpg","contentUrl":"https:\/\/www.booksonthemove.fr\/media\/logo-NB-400.jpg","width":400,"height":143,"caption":"Books on the Move"},"image":{"@id":"https:\/\/www.booksonthemove.fr\/#\/schema\/logo\/image\/"},"sameAs":["https:\/\/www.facebook.com\/Librairiebooksonthemove\/"]}]}},"_links":{"self":[{"href":"https:\/\/www.booksonthemove.fr\/en\/wp-json\/wp\/v2\/product\/33901","targetHints":{"allow":["GET"]}}],"collection":[{"href":"https:\/\/www.booksonthemove.fr\/en\/wp-json\/wp\/v2\/product"}],"about":[{"href":"https:\/\/www.booksonthemove.fr\/en\/wp-json\/wp\/v2\/types\/product"}],"wp:featuredmedia":[{"embeddable":true,"href":"https:\/\/www.booksonthemove.fr\/en\/wp-json\/wp\/v2\/media\/33899"}],"wp:attachment":[{"href":"https:\/\/www.booksonthemove.fr\/en\/wp-json\/wp\/v2\/media?parent=33901"}],"wp:term":[{"taxonomy":"product_brand","embeddable":true,"href":"https:\/\/www.booksonthemove.fr\/en\/wp-json\/wp\/v2\/product_brand?post=33901"},{"taxonomy":"product_cat","embeddable":true,"href":"https:\/\/www.booksonthemove.fr\/en\/wp-json\/wp\/v2\/product_cat?post=33901"},{"taxonomy":"product_tag","embeddable":true,"href":"https:\/\/www.booksonthemove.fr\/en\/wp-json\/wp\/v2\/product_tag?post=33901"}],"curies":[{"name":"wp","href":"https:\/\/api.w.org\/{rel}","templated":true}]}}