{"id":33980,"date":"2022-01-29T11:58:52","date_gmt":"2022-01-29T10:58:52","guid":{"rendered":"https:\/\/www.booksonthemove.fr\/produit\/contes-des-sages-qui-dansent\/"},"modified":"2024-11-24T20:10:38","modified_gmt":"2024-11-24T19:10:38","slug":"contes-des-sages-qui-dansent","status":"publish","type":"product","link":"https:\/\/www.booksonthemove.fr\/en\/produit\/contes-des-sages-qui-dansent\/","title":{"rendered":"Contes des sages qui dansent"},"content":{"rendered":"<p>&#8220;Fais attention \u00e0 ce que tu danses, car ce que tu danses, tu le deviens.&#8221;<\/p>\n<p>Cette citation de la chor\u00e9graphe am\u00e9ricaine Susan Buirge constitue le fil rouge de ce nouveau volume des Contes des sages consacr\u00e9 \u00e0 la danse. Fil rouge qui nous m\u00e8ne du Japon, o\u00f9 la danse nous aidera \u00e0 retrouver la lumi\u00e8re, en France, o\u00f9 l&#8217;on danse parfois pour sa libert\u00e9, en Patagonie pour croiser les chemins des danseurs du vent en terre de feu, en Nouvelle-Z\u00e9lande pour conna\u00eetre l&#8217;origine du haka, en passant par les brodeuses d&#8217;Italie et le Myanmar pour rejoindre la danseuse du royaume des Paons&#8230; La danse nous m\u00e8ne dans toutes sortes de voyages.<\/p>\n","protected":false},"excerpt":{"rendered":"<p><strong>AUTEURE : <\/strong>C\u00e9line Ripoll<br \/>\n<strong>EDITEUR :<\/strong> Seuil (2020)<\/p>\n<p><strong>RELI\u00c9 :<\/strong>\u00a0356 pages<br \/>\n<strong>LANGUE :<\/strong> fran\u00e7ais<br \/>\n<strong>ISBN :<\/strong> 978-2-021-44920-4<\/p>\n","protected":false},"featured_media":33979,"template":"","meta":[],"product_brand":[],"product_cat":[350,162],"product_tag":[],"class_list":{"0":"post-33980","1":"product","2":"type-product","3":"status-publish","4":"has-post-thumbnail","6":"product_cat-fiction-en","7":"product_cat-french-en","9":"first","10":"outofstock","11":"taxable","12":"shipping-taxable","13":"purchasable","14":"product-type-simple"},"yoast_head":"<!-- This site is optimized with the Yoast SEO plugin v27.5 - https:\/\/yoast.com\/product\/yoast-seo-wordpress\/ -->\n<title>Contes des sages qui dansent - Books on the Move<\/title>\n<meta name=\"robots\" content=\"index, follow, max-snippet:-1, max-image-preview:large, max-video-preview:-1\" \/>\n<link rel=\"canonical\" href=\"https:\/\/www.booksonthemove.fr\/produit\/contes-des-sages-qui-dansent\/\" \/>\n<meta property=\"og:locale\" content=\"en_US\" \/>\n<meta property=\"og:type\" content=\"article\" \/>\n<meta property=\"og:title\" content=\"Contes des sages qui dansent - Books on the Move\" \/>\n<meta property=\"og:description\" content=\"AUTEURE : C\u00e9line Ripoll EDITEUR : Seuil (2020)  RELI\u00c9 :\u00a0356 pages LANGUE : fran\u00e7ais ISBN : 978-2-021-44920-4\" \/>\n<meta property=\"og:url\" content=\"https:\/\/www.booksonthemove.fr\/produit\/contes-des-sages-qui-dansent\/\" \/>\n<meta property=\"og:site_name\" content=\"Books on the Move\" \/>\n<meta property=\"article:publisher\" content=\"https:\/\/www.facebook.com\/Librairiebooksonthemove\/\" \/>\n<meta property=\"article:modified_time\" content=\"2024-11-24T19:10:38+00:00\" \/>\n<meta property=\"og:image\" content=\"https:\/\/www.booksonthemove.fr\/media\/bom_2443.jpg\" \/>\n\t<meta property=\"og:image:width\" content=\"900\" \/>\n\t<meta property=\"og:image:height\" content=\"1674\" \/>\n\t<meta property=\"og:image:type\" content=\"image\/jpeg\" \/>\n<meta name=\"twitter:card\" content=\"summary_large_image\" \/>\n<script type=\"application\/ld+json\" class=\"yoast-schema-graph\">{\"@context\":\"https:\\\/\\\/schema.org\",\"@graph\":[{\"@type\":\"WebPage\",\"@id\":\"https:\\\/\\\/www.booksonthemove.fr\\\/produit\\\/contes-des-sages-qui-dansent\\\/\",\"url\":\"https:\\\/\\\/www.booksonthemove.fr\\\/produit\\\/contes-des-sages-qui-dansent\\\/\",\"name\":\"Contes des sages qui dansent - Books on the Move\",\"isPartOf\":{\"@id\":\"https:\\\/\\\/www.booksonthemove.fr\\\/#website\"},\"primaryImageOfPage\":{\"@id\":\"https:\\\/\\\/www.booksonthemove.fr\\\/produit\\\/contes-des-sages-qui-dansent\\\/#primaryimage\"},\"image\":{\"@id\":\"https:\\\/\\\/www.booksonthemove.fr\\\/produit\\\/contes-des-sages-qui-dansent\\\/#primaryimage\"},\"thumbnailUrl\":\"https:\\\/\\\/www.booksonthemove.fr\\\/media\\\/bom_2443.jpg\",\"datePublished\":\"2022-01-29T10:58:52+00:00\",\"dateModified\":\"2024-11-24T19:10:38+00:00\",\"breadcrumb\":{\"@id\":\"https:\\\/\\\/www.booksonthemove.fr\\\/produit\\\/contes-des-sages-qui-dansent\\\/#breadcrumb\"},\"inLanguage\":\"en-US\",\"potentialAction\":[{\"@type\":\"ReadAction\",\"target\":[\"https:\\\/\\\/www.booksonthemove.fr\\\/produit\\\/contes-des-sages-qui-dansent\\\/\"]}]},{\"@type\":\"ImageObject\",\"inLanguage\":\"en-US\",\"@id\":\"https:\\\/\\\/www.booksonthemove.fr\\\/produit\\\/contes-des-sages-qui-dansent\\\/#primaryimage\",\"url\":\"https:\\\/\\\/www.booksonthemove.fr\\\/media\\\/bom_2443.jpg\",\"contentUrl\":\"https:\\\/\\\/www.booksonthemove.fr\\\/media\\\/bom_2443.jpg\",\"width\":900,\"height\":1674},{\"@type\":\"BreadcrumbList\",\"@id\":\"https:\\\/\\\/www.booksonthemove.fr\\\/produit\\\/contes-des-sages-qui-dansent\\\/#breadcrumb\",\"itemListElement\":[{\"@type\":\"ListItem\",\"position\":1,\"name\":\"Accueil\",\"item\":\"https:\\\/\\\/www.booksonthemove.fr\\\/en\\\/\"},{\"@type\":\"ListItem\",\"position\":2,\"name\":\"online store\",\"item\":\"https:\\\/\\\/www.booksonthemove.fr\\\/en\\\/online-shop\\\/\"},{\"@type\":\"ListItem\",\"position\":3,\"name\":\"Contes des sages qui dansent\"}]},{\"@type\":\"WebSite\",\"@id\":\"https:\\\/\\\/www.booksonthemove.fr\\\/#website\",\"url\":\"https:\\\/\\\/www.booksonthemove.fr\\\/\",\"name\":\"Books on the Move\",\"description\":\"librairie nomade - danse - mouvement - performance\",\"publisher\":{\"@id\":\"https:\\\/\\\/www.booksonthemove.fr\\\/#organization\"},\"potentialAction\":[{\"@type\":\"SearchAction\",\"target\":{\"@type\":\"EntryPoint\",\"urlTemplate\":\"https:\\\/\\\/www.booksonthemove.fr\\\/?s={search_term_string}\"},\"query-input\":{\"@type\":\"PropertyValueSpecification\",\"valueRequired\":true,\"valueName\":\"search_term_string\"}}],\"inLanguage\":\"en-US\"},{\"@type\":\"Organization\",\"@id\":\"https:\\\/\\\/www.booksonthemove.fr\\\/#organization\",\"name\":\"Books on the Move\",\"url\":\"https:\\\/\\\/www.booksonthemove.fr\\\/\",\"logo\":{\"@type\":\"ImageObject\",\"inLanguage\":\"en-US\",\"@id\":\"https:\\\/\\\/www.booksonthemove.fr\\\/#\\\/schema\\\/logo\\\/image\\\/\",\"url\":\"https:\\\/\\\/www.booksonthemove.fr\\\/media\\\/logo-NB-400.jpg\",\"contentUrl\":\"https:\\\/\\\/www.booksonthemove.fr\\\/media\\\/logo-NB-400.jpg\",\"width\":400,\"height\":143,\"caption\":\"Books on the Move\"},\"image\":{\"@id\":\"https:\\\/\\\/www.booksonthemove.fr\\\/#\\\/schema\\\/logo\\\/image\\\/\"},\"sameAs\":[\"https:\\\/\\\/www.facebook.com\\\/Librairiebooksonthemove\\\/\"]}]}<\/script>\n<!-- \/ Yoast SEO plugin. -->","yoast_head_json":{"title":"Contes des sages qui dansent - Books on the Move","robots":{"index":"index","follow":"follow","max-snippet":"max-snippet:-1","max-image-preview":"max-image-preview:large","max-video-preview":"max-video-preview:-1"},"canonical":"https:\/\/www.booksonthemove.fr\/produit\/contes-des-sages-qui-dansent\/","og_locale":"en_US","og_type":"article","og_title":"Contes des sages qui dansent - Books on the Move","og_description":"AUTEURE : C\u00e9line Ripoll EDITEUR : Seuil (2020)  RELI\u00c9 :\u00a0356 pages LANGUE : fran\u00e7ais ISBN : 978-2-021-44920-4","og_url":"https:\/\/www.booksonthemove.fr\/produit\/contes-des-sages-qui-dansent\/","og_site_name":"Books on the Move","article_publisher":"https:\/\/www.facebook.com\/Librairiebooksonthemove\/","article_modified_time":"2024-11-24T19:10:38+00:00","og_image":[{"width":900,"height":1674,"url":"https:\/\/www.booksonthemove.fr\/media\/bom_2443.jpg","type":"image\/jpeg"}],"twitter_card":"summary_large_image","schema":{"@context":"https:\/\/schema.org","@graph":[{"@type":"WebPage","@id":"https:\/\/www.booksonthemove.fr\/produit\/contes-des-sages-qui-dansent\/","url":"https:\/\/www.booksonthemove.fr\/produit\/contes-des-sages-qui-dansent\/","name":"Contes des sages qui dansent - Books on the Move","isPartOf":{"@id":"https:\/\/www.booksonthemove.fr\/#website"},"primaryImageOfPage":{"@id":"https:\/\/www.booksonthemove.fr\/produit\/contes-des-sages-qui-dansent\/#primaryimage"},"image":{"@id":"https:\/\/www.booksonthemove.fr\/produit\/contes-des-sages-qui-dansent\/#primaryimage"},"thumbnailUrl":"https:\/\/www.booksonthemove.fr\/media\/bom_2443.jpg","datePublished":"2022-01-29T10:58:52+00:00","dateModified":"2024-11-24T19:10:38+00:00","breadcrumb":{"@id":"https:\/\/www.booksonthemove.fr\/produit\/contes-des-sages-qui-dansent\/#breadcrumb"},"inLanguage":"en-US","potentialAction":[{"@type":"ReadAction","target":["https:\/\/www.booksonthemove.fr\/produit\/contes-des-sages-qui-dansent\/"]}]},{"@type":"ImageObject","inLanguage":"en-US","@id":"https:\/\/www.booksonthemove.fr\/produit\/contes-des-sages-qui-dansent\/#primaryimage","url":"https:\/\/www.booksonthemove.fr\/media\/bom_2443.jpg","contentUrl":"https:\/\/www.booksonthemove.fr\/media\/bom_2443.jpg","width":900,"height":1674},{"@type":"BreadcrumbList","@id":"https:\/\/www.booksonthemove.fr\/produit\/contes-des-sages-qui-dansent\/#breadcrumb","itemListElement":[{"@type":"ListItem","position":1,"name":"Accueil","item":"https:\/\/www.booksonthemove.fr\/en\/"},{"@type":"ListItem","position":2,"name":"online store","item":"https:\/\/www.booksonthemove.fr\/en\/online-shop\/"},{"@type":"ListItem","position":3,"name":"Contes des sages qui dansent"}]},{"@type":"WebSite","@id":"https:\/\/www.booksonthemove.fr\/#website","url":"https:\/\/www.booksonthemove.fr\/","name":"Books on the Move","description":"librairie nomade - danse - mouvement - performance","publisher":{"@id":"https:\/\/www.booksonthemove.fr\/#organization"},"potentialAction":[{"@type":"SearchAction","target":{"@type":"EntryPoint","urlTemplate":"https:\/\/www.booksonthemove.fr\/?s={search_term_string}"},"query-input":{"@type":"PropertyValueSpecification","valueRequired":true,"valueName":"search_term_string"}}],"inLanguage":"en-US"},{"@type":"Organization","@id":"https:\/\/www.booksonthemove.fr\/#organization","name":"Books on the Move","url":"https:\/\/www.booksonthemove.fr\/","logo":{"@type":"ImageObject","inLanguage":"en-US","@id":"https:\/\/www.booksonthemove.fr\/#\/schema\/logo\/image\/","url":"https:\/\/www.booksonthemove.fr\/media\/logo-NB-400.jpg","contentUrl":"https:\/\/www.booksonthemove.fr\/media\/logo-NB-400.jpg","width":400,"height":143,"caption":"Books on the Move"},"image":{"@id":"https:\/\/www.booksonthemove.fr\/#\/schema\/logo\/image\/"},"sameAs":["https:\/\/www.facebook.com\/Librairiebooksonthemove\/"]}]}},"_links":{"self":[{"href":"https:\/\/www.booksonthemove.fr\/en\/wp-json\/wp\/v2\/product\/33980","targetHints":{"allow":["GET"]}}],"collection":[{"href":"https:\/\/www.booksonthemove.fr\/en\/wp-json\/wp\/v2\/product"}],"about":[{"href":"https:\/\/www.booksonthemove.fr\/en\/wp-json\/wp\/v2\/types\/product"}],"wp:featuredmedia":[{"embeddable":true,"href":"https:\/\/www.booksonthemove.fr\/en\/wp-json\/wp\/v2\/media\/33979"}],"wp:attachment":[{"href":"https:\/\/www.booksonthemove.fr\/en\/wp-json\/wp\/v2\/media?parent=33980"}],"wp:term":[{"taxonomy":"product_brand","embeddable":true,"href":"https:\/\/www.booksonthemove.fr\/en\/wp-json\/wp\/v2\/product_brand?post=33980"},{"taxonomy":"product_cat","embeddable":true,"href":"https:\/\/www.booksonthemove.fr\/en\/wp-json\/wp\/v2\/product_cat?post=33980"},{"taxonomy":"product_tag","embeddable":true,"href":"https:\/\/www.booksonthemove.fr\/en\/wp-json\/wp\/v2\/product_tag?post=33980"}],"curies":[{"name":"wp","href":"https:\/\/api.w.org\/{rel}","templated":true}]}}