{"id":34096,"date":"2022-02-17T16:05:02","date_gmt":"2022-02-17T15:05:02","guid":{"rendered":"https:\/\/www.booksonthemove.fr\/produit\/habiter-lexposition-lartiste-et-la-scenographie\/"},"modified":"2022-02-17T16:05:02","modified_gmt":"2022-02-17T15:05:02","slug":"habiter-lexposition-lartiste-et-la-scenographie","status":"publish","type":"product","link":"https:\/\/www.booksonthemove.fr\/en\/produit\/habiter-lexposition-lartiste-et-la-scenographie\/","title":{"rendered":"Habiter l\u2019exposition \u2013 L\u2019artiste et la sc\u00e9nographie"},"content":{"rendered":"<p>\u00ab\u00a0<em>The medium is the message<\/em> (Marshall McLuhan). C\u2019est ce que Mathilde Roman explore dans ce livre alors que nombre d\u2019artistes aujourd\u2019hui jouent du \u201cm\u00e9dium\u201d, avec tout ce que cela peut signifier, tant sur le plan politique, sociologique ou historique que sensible.<\/p>\n<p>Avec le temps, le m\u00e9dium, mot de prime abord utilis\u00e9 dans le contexte de l\u2019av\u00e8nement des nouvelles technologies de communication, en est venu \u00e0 comprendre aussi l\u2019exposition et m\u00eame le lieu d\u2019exposition, voire \u00e9galement le spectateur. Dans une extension du potentiel li\u00e9 aux nouvelles technologies, la sph\u00e8re de l\u2019art s\u2019est \u00e9tendue \u00e0 de plus larges horizons.<\/p>\n<p>Depuis pr\u00e8s d\u2019un demi-si\u00e8cle, sous l\u2019\u00e9gide d\u2019artistes dont il sera question dans ce livre, s\u2019instaure une dynamique nouvelle. La voie est ouverte pour un art qui interroge tant nos mani\u00e8res d\u2019exister que nos modes de pens\u00e9e et de vie. Difficile d\u00e8s lors de penser que le message est compl\u00e8tement phagocyt\u00e9 par le m\u00e9dium, alors qu\u2019entre les mains des artistes qui lui injectent de la chair et de la mati\u00e8re grise, celui-ci est devenu un outil critique.<\/p>\n<p>Au plus pr\u00e8s des \u0153uvres et des propos des artistes \u2013 au fil des entretiens qu\u2019elle a men\u00e9s avec eux avec beaucoup de sensibilit\u00e9 \u2013, Mathilde Roman explore ce monde nouveau et en saisit le potentiel en termes \u00e0 la fois de lien et d\u2019empathie.<\/p>\n<p>Tout <em>per-forme<\/em> dans ce monde o\u00f9 nous sommes appel\u00e9s \u00e0 habiter l\u2019exposition. En ce sens le poids politique de cet ouvrage, du fait qu\u2019il saisisse bien les enjeux et la place de l\u2019art aujourd\u2019hui, nous invite \u00e0 franchir un seuil.\u00a0\u00bb<\/p>\n<p>Entretiens avec Eija-Liisa Ahtila, Doug Aitken, Alexis Bertrand, Pauline Boudry, Jordi Colomer, Thomas Demand, Dominique Gonzalez-Foerster, Dan Graham, Laurent Grasso, Isaac Julien, Renate Lorenz, Angelica Mesiti, Tony Oursler, Laure Prouvost, Julian Rosefeldt, Mika Rottenberg, Anri Sala, Carolee Schneemann, Liv Schulman, Xavier Veilhan<\/p>\n","protected":false},"excerpt":{"rendered":"<p><b>AUTEURE :\u00a0<\/b>Mathilde Roman<br \/>\n<b>EDITEUR :\u00a0<\/b>Manuella <b><\/b>\u00c9ditions (2020)<\/p>\n<p><strong>BROCH\u00c9 :<\/strong>\u00a0272 pages<br \/>\n<b>LANGUE : <\/b>Fran\u00e7ais<br \/>\n<strong>ISBN13 :<\/strong> 978-2-490505-13-5<\/p>\n","protected":false},"featured_media":34063,"template":"","meta":[],"product_brand":[],"product_cat":[162,169],"product_tag":[],"class_list":{"0":"post-34096","1":"product","2":"type-product","3":"status-publish","4":"has-post-thumbnail","6":"product_cat-french-en","7":"product_cat-interviews-conversations-en","9":"first","10":"instock","11":"taxable","12":"shipping-taxable","13":"purchasable","14":"product-type-simple"},"yoast_head":"<!-- This site is optimized with the Yoast SEO plugin v27.5 - https:\/\/yoast.com\/product\/yoast-seo-wordpress\/ -->\n<title>Habiter l\u2019exposition \u2013 L\u2019artiste et la sc\u00e9nographie - Books on the Move<\/title>\n<meta name=\"robots\" content=\"index, follow, max-snippet:-1, max-image-preview:large, max-video-preview:-1\" \/>\n<link rel=\"canonical\" href=\"https:\/\/www.booksonthemove.fr\/en\/produit\/habiter-lexposition-lartiste-et-la-scenographie\/\" \/>\n<meta property=\"og:locale\" content=\"en_US\" \/>\n<meta property=\"og:type\" content=\"article\" \/>\n<meta property=\"og:title\" content=\"Habiter l\u2019exposition \u2013 L\u2019artiste et la sc\u00e9nographie - Books on the Move\" \/>\n<meta property=\"og:description\" content=\"AUTEURE :\u00a0Mathilde Roman EDITEUR :\u00a0Manuella \u00c9ditions (2020)  BROCH\u00c9 :\u00a0272 pages LANGUE : Fran\u00e7ais ISBN13 : 978-2-490505-13-5\" \/>\n<meta property=\"og:url\" content=\"https:\/\/www.booksonthemove.fr\/en\/produit\/habiter-lexposition-lartiste-et-la-scenographie\/\" \/>\n<meta property=\"og:site_name\" content=\"Books on the Move\" \/>\n<meta property=\"article:publisher\" content=\"https:\/\/www.facebook.com\/Librairiebooksonthemove\/\" \/>\n<meta property=\"og:image\" content=\"https:\/\/www.booksonthemove.fr\/media\/bom_2449.jpeg\" \/>\n\t<meta property=\"og:image:width\" content=\"900\" \/>\n\t<meta property=\"og:image:height\" content=\"1400\" \/>\n\t<meta property=\"og:image:type\" content=\"image\/jpeg\" \/>\n<meta name=\"twitter:card\" content=\"summary_large_image\" \/>\n<script type=\"application\/ld+json\" class=\"yoast-schema-graph\">{\"@context\":\"https:\\\/\\\/schema.org\",\"@graph\":[{\"@type\":\"WebPage\",\"@id\":\"https:\\\/\\\/www.booksonthemove.fr\\\/en\\\/produit\\\/habiter-lexposition-lartiste-et-la-scenographie\\\/\",\"url\":\"https:\\\/\\\/www.booksonthemove.fr\\\/en\\\/produit\\\/habiter-lexposition-lartiste-et-la-scenographie\\\/\",\"name\":\"Habiter l\u2019exposition \u2013 L\u2019artiste et la sc\u00e9nographie - Books on the Move\",\"isPartOf\":{\"@id\":\"https:\\\/\\\/www.booksonthemove.fr\\\/#website\"},\"primaryImageOfPage\":{\"@id\":\"https:\\\/\\\/www.booksonthemove.fr\\\/en\\\/produit\\\/habiter-lexposition-lartiste-et-la-scenographie\\\/#primaryimage\"},\"image\":{\"@id\":\"https:\\\/\\\/www.booksonthemove.fr\\\/en\\\/produit\\\/habiter-lexposition-lartiste-et-la-scenographie\\\/#primaryimage\"},\"thumbnailUrl\":\"https:\\\/\\\/www.booksonthemove.fr\\\/media\\\/bom_2449.jpeg\",\"datePublished\":\"2022-02-17T15:05:02+00:00\",\"breadcrumb\":{\"@id\":\"https:\\\/\\\/www.booksonthemove.fr\\\/en\\\/produit\\\/habiter-lexposition-lartiste-et-la-scenographie\\\/#breadcrumb\"},\"inLanguage\":\"en-US\",\"potentialAction\":[{\"@type\":\"ReadAction\",\"target\":[\"https:\\\/\\\/www.booksonthemove.fr\\\/en\\\/produit\\\/habiter-lexposition-lartiste-et-la-scenographie\\\/\"]}]},{\"@type\":\"ImageObject\",\"inLanguage\":\"en-US\",\"@id\":\"https:\\\/\\\/www.booksonthemove.fr\\\/en\\\/produit\\\/habiter-lexposition-lartiste-et-la-scenographie\\\/#primaryimage\",\"url\":\"https:\\\/\\\/www.booksonthemove.fr\\\/media\\\/bom_2449.jpeg\",\"contentUrl\":\"https:\\\/\\\/www.booksonthemove.fr\\\/media\\\/bom_2449.jpeg\",\"width\":900,\"height\":1400},{\"@type\":\"BreadcrumbList\",\"@id\":\"https:\\\/\\\/www.booksonthemove.fr\\\/en\\\/produit\\\/habiter-lexposition-lartiste-et-la-scenographie\\\/#breadcrumb\",\"itemListElement\":[{\"@type\":\"ListItem\",\"position\":1,\"name\":\"Accueil\",\"item\":\"https:\\\/\\\/www.booksonthemove.fr\\\/en\\\/\"},{\"@type\":\"ListItem\",\"position\":2,\"name\":\"online store\",\"item\":\"https:\\\/\\\/www.booksonthemove.fr\\\/en\\\/online-shop\\\/\"},{\"@type\":\"ListItem\",\"position\":3,\"name\":\"Habiter l\u2019exposition \u2013 L\u2019artiste et la sc\u00e9nographie\"}]},{\"@type\":\"WebSite\",\"@id\":\"https:\\\/\\\/www.booksonthemove.fr\\\/#website\",\"url\":\"https:\\\/\\\/www.booksonthemove.fr\\\/\",\"name\":\"Books on the Move\",\"description\":\"librairie nomade - danse - mouvement - performance\",\"publisher\":{\"@id\":\"https:\\\/\\\/www.booksonthemove.fr\\\/#organization\"},\"potentialAction\":[{\"@type\":\"SearchAction\",\"target\":{\"@type\":\"EntryPoint\",\"urlTemplate\":\"https:\\\/\\\/www.booksonthemove.fr\\\/?s={search_term_string}\"},\"query-input\":{\"@type\":\"PropertyValueSpecification\",\"valueRequired\":true,\"valueName\":\"search_term_string\"}}],\"inLanguage\":\"en-US\"},{\"@type\":\"Organization\",\"@id\":\"https:\\\/\\\/www.booksonthemove.fr\\\/#organization\",\"name\":\"Books on the Move\",\"url\":\"https:\\\/\\\/www.booksonthemove.fr\\\/\",\"logo\":{\"@type\":\"ImageObject\",\"inLanguage\":\"en-US\",\"@id\":\"https:\\\/\\\/www.booksonthemove.fr\\\/#\\\/schema\\\/logo\\\/image\\\/\",\"url\":\"https:\\\/\\\/www.booksonthemove.fr\\\/media\\\/logo-NB-400.jpg\",\"contentUrl\":\"https:\\\/\\\/www.booksonthemove.fr\\\/media\\\/logo-NB-400.jpg\",\"width\":400,\"height\":143,\"caption\":\"Books on the Move\"},\"image\":{\"@id\":\"https:\\\/\\\/www.booksonthemove.fr\\\/#\\\/schema\\\/logo\\\/image\\\/\"},\"sameAs\":[\"https:\\\/\\\/www.facebook.com\\\/Librairiebooksonthemove\\\/\"]}]}<\/script>\n<!-- \/ Yoast SEO plugin. -->","yoast_head_json":{"title":"Habiter l\u2019exposition \u2013 L\u2019artiste et la sc\u00e9nographie - Books on the Move","robots":{"index":"index","follow":"follow","max-snippet":"max-snippet:-1","max-image-preview":"max-image-preview:large","max-video-preview":"max-video-preview:-1"},"canonical":"https:\/\/www.booksonthemove.fr\/en\/produit\/habiter-lexposition-lartiste-et-la-scenographie\/","og_locale":"en_US","og_type":"article","og_title":"Habiter l\u2019exposition \u2013 L\u2019artiste et la sc\u00e9nographie - Books on the Move","og_description":"AUTEURE :\u00a0Mathilde Roman EDITEUR :\u00a0Manuella \u00c9ditions (2020)  BROCH\u00c9 :\u00a0272 pages LANGUE : Fran\u00e7ais ISBN13 : 978-2-490505-13-5","og_url":"https:\/\/www.booksonthemove.fr\/en\/produit\/habiter-lexposition-lartiste-et-la-scenographie\/","og_site_name":"Books on the Move","article_publisher":"https:\/\/www.facebook.com\/Librairiebooksonthemove\/","og_image":[{"width":900,"height":1400,"url":"https:\/\/www.booksonthemove.fr\/media\/bom_2449.jpeg","type":"image\/jpeg"}],"twitter_card":"summary_large_image","schema":{"@context":"https:\/\/schema.org","@graph":[{"@type":"WebPage","@id":"https:\/\/www.booksonthemove.fr\/en\/produit\/habiter-lexposition-lartiste-et-la-scenographie\/","url":"https:\/\/www.booksonthemove.fr\/en\/produit\/habiter-lexposition-lartiste-et-la-scenographie\/","name":"Habiter l\u2019exposition \u2013 L\u2019artiste et la sc\u00e9nographie - Books on the Move","isPartOf":{"@id":"https:\/\/www.booksonthemove.fr\/#website"},"primaryImageOfPage":{"@id":"https:\/\/www.booksonthemove.fr\/en\/produit\/habiter-lexposition-lartiste-et-la-scenographie\/#primaryimage"},"image":{"@id":"https:\/\/www.booksonthemove.fr\/en\/produit\/habiter-lexposition-lartiste-et-la-scenographie\/#primaryimage"},"thumbnailUrl":"https:\/\/www.booksonthemove.fr\/media\/bom_2449.jpeg","datePublished":"2022-02-17T15:05:02+00:00","breadcrumb":{"@id":"https:\/\/www.booksonthemove.fr\/en\/produit\/habiter-lexposition-lartiste-et-la-scenographie\/#breadcrumb"},"inLanguage":"en-US","potentialAction":[{"@type":"ReadAction","target":["https:\/\/www.booksonthemove.fr\/en\/produit\/habiter-lexposition-lartiste-et-la-scenographie\/"]}]},{"@type":"ImageObject","inLanguage":"en-US","@id":"https:\/\/www.booksonthemove.fr\/en\/produit\/habiter-lexposition-lartiste-et-la-scenographie\/#primaryimage","url":"https:\/\/www.booksonthemove.fr\/media\/bom_2449.jpeg","contentUrl":"https:\/\/www.booksonthemove.fr\/media\/bom_2449.jpeg","width":900,"height":1400},{"@type":"BreadcrumbList","@id":"https:\/\/www.booksonthemove.fr\/en\/produit\/habiter-lexposition-lartiste-et-la-scenographie\/#breadcrumb","itemListElement":[{"@type":"ListItem","position":1,"name":"Accueil","item":"https:\/\/www.booksonthemove.fr\/en\/"},{"@type":"ListItem","position":2,"name":"online store","item":"https:\/\/www.booksonthemove.fr\/en\/online-shop\/"},{"@type":"ListItem","position":3,"name":"Habiter l\u2019exposition \u2013 L\u2019artiste et la sc\u00e9nographie"}]},{"@type":"WebSite","@id":"https:\/\/www.booksonthemove.fr\/#website","url":"https:\/\/www.booksonthemove.fr\/","name":"Books on the Move","description":"librairie nomade - danse - mouvement - performance","publisher":{"@id":"https:\/\/www.booksonthemove.fr\/#organization"},"potentialAction":[{"@type":"SearchAction","target":{"@type":"EntryPoint","urlTemplate":"https:\/\/www.booksonthemove.fr\/?s={search_term_string}"},"query-input":{"@type":"PropertyValueSpecification","valueRequired":true,"valueName":"search_term_string"}}],"inLanguage":"en-US"},{"@type":"Organization","@id":"https:\/\/www.booksonthemove.fr\/#organization","name":"Books on the Move","url":"https:\/\/www.booksonthemove.fr\/","logo":{"@type":"ImageObject","inLanguage":"en-US","@id":"https:\/\/www.booksonthemove.fr\/#\/schema\/logo\/image\/","url":"https:\/\/www.booksonthemove.fr\/media\/logo-NB-400.jpg","contentUrl":"https:\/\/www.booksonthemove.fr\/media\/logo-NB-400.jpg","width":400,"height":143,"caption":"Books on the Move"},"image":{"@id":"https:\/\/www.booksonthemove.fr\/#\/schema\/logo\/image\/"},"sameAs":["https:\/\/www.facebook.com\/Librairiebooksonthemove\/"]}]}},"_links":{"self":[{"href":"https:\/\/www.booksonthemove.fr\/en\/wp-json\/wp\/v2\/product\/34096","targetHints":{"allow":["GET"]}}],"collection":[{"href":"https:\/\/www.booksonthemove.fr\/en\/wp-json\/wp\/v2\/product"}],"about":[{"href":"https:\/\/www.booksonthemove.fr\/en\/wp-json\/wp\/v2\/types\/product"}],"wp:featuredmedia":[{"embeddable":true,"href":"https:\/\/www.booksonthemove.fr\/en\/wp-json\/wp\/v2\/media\/34063"}],"wp:attachment":[{"href":"https:\/\/www.booksonthemove.fr\/en\/wp-json\/wp\/v2\/media?parent=34096"}],"wp:term":[{"taxonomy":"product_brand","embeddable":true,"href":"https:\/\/www.booksonthemove.fr\/en\/wp-json\/wp\/v2\/product_brand?post=34096"},{"taxonomy":"product_cat","embeddable":true,"href":"https:\/\/www.booksonthemove.fr\/en\/wp-json\/wp\/v2\/product_cat?post=34096"},{"taxonomy":"product_tag","embeddable":true,"href":"https:\/\/www.booksonthemove.fr\/en\/wp-json\/wp\/v2\/product_tag?post=34096"}],"curies":[{"name":"wp","href":"https:\/\/api.w.org\/{rel}","templated":true}]}}