{"id":34375,"date":"2022-05-23T17:06:50","date_gmt":"2022-05-23T15:06:50","guid":{"rendered":"https:\/\/www.booksonthemove.fr\/produit\/uterpan\/"},"modified":"2022-11-17T19:30:04","modified_gmt":"2022-11-17T18:30:04","slug":"uterpan","status":"publish","type":"product","link":"https:\/\/www.booksonthemove.fr\/en\/produit\/uterpan\/","title":{"rendered":"Uterpan"},"content":{"rendered":"<div class=\"citation\"><em>Uterpan<\/em> est un trait\u00e9 monographique augment\u00e9 du travail des gens d&#8217;Uterpan. Une interview avec les artistes d\u00e9livre les motivations qui sous-tendent leur travail et le sens qu&#8217;ils donnent \u00e0 leur approche. L&#8217;ouvrage met \u00e0 jour les \u0153uvres cr\u00e9\u00e9es depuis 2013 et revient parall\u00e8lement sur les toutes premi\u00e8res pi\u00e8ces sign\u00e9es par les gens d&#8217;Uterpan. En donnant un nom au Nouveau principe de recherche et de cr\u00e9ation avec le titre <em>\/Anthume<\/em>, elle r\u00e9f\u00e8re toutes les proc\u00e9dures qui sont attach\u00e9es \u00e0 cette session.<\/div>\n<div class=\"bioAuteur\">Le travail d&#8217;Annie Vigier et Franck Apertet (les gens d&#8217;Uterpan) questionne les normes et les conventions qui r\u00e9gissent l&#8217;exposition et le spectacle vivant. En s&#8217;appuyant sur les m\u00e9canismes d&#8217;ajustement de l&#8217;individu, du corps et de la cr\u00e9ation \u00e0 ces contextes, les artistes constituent une \u0153uvre critique \u00e0 partir d&#8217;une pratique initiale de chor\u00e9graphes.<br \/>\nDe fa\u00e7on m\u00e9thodique, leur r\u00e9flexion op\u00e8re par le d\u00e9placement et la recontextualisation de proc\u00e9d\u00e9s d&#8217;action ou de monstration propres au champ des arts plastiques et au spectacle vivant. Ils incluent dans leur \u0153uvre les param\u00e8tres d&#8217;approche, de communication et d&#8217;archive ainsi que la dimension \u00e9conomique et la situation institutionnelle de sa r\u00e9alisation. Ils traitent chacune des \u00e9tapes constituant la pratique de l&#8217;artiste et renvoient une responsabilit\u00e9 au visiteur, au commanditaire et \u00e0 l&#8217;institution dans leur travail.<\/div>\n<div><\/div>\n<div>Contributions de\/by Pierre Bal-Blanc, Biljana Ciric, Luk Lambrecht, Karin Mihatsch, Dieter Roelstraete.<\/div>\n<div><\/div>\n<div>\n<div class=\"accroche\">New monograph.<\/div>\n<div class=\"citation\">A monographic treaty, augmented from the work by artists les gens d&#8217;Uterpan, <em>Uterpan<\/em> presents a preface, an editorial, two critical essays, and an interview with the artists that introduces the motivation for their work, the meaning they give to their approach, and the interpretation they make of their work.<br \/>\nBased on a choreographer&#8217;s initial practice, les gens d&#8217;Uterpan questions the norms and conventions that govern exhibitions and the living arts.<br \/>\nThis book updates the works produced since 2013, evocates works from the very outset career of les gens d&#8217;Uterpan, mentions and names the new principle of research and creation called \/Anthume and the procedures attached to it.<\/div>\n<div class=\"bioAuteur\">The work of Annie Vigier and Franck Apertet (les gens d&#8217;Uterpan) questions the norms and conventions that govern exhibitions and the live arts. Relying on the mechanisms of adjustment of the individual, the body and creation to these contexts, the artists create a critical work based on the choreographers&#8217; initial practice.<br \/>\nIn a methodic manner, their reflection takes place through the displacement and recontextualisation of the processes of action and monstration that belong to the field of fine and live arts. They include in their work the parameters of approach, communication and archiving as well as the economic dimension and the institutional situation of its production. They process each step that constitutes the practice of an artist and make responsible the visitors, sponsors and institutions in their work.<\/div>\n<\/div>\n","protected":false},"excerpt":{"rendered":"<p><strong>AUTEUR\u00b7ES\/AUTHORS:<\/strong>\u00a0 Pierre Bal-Blanc, Annie Vigier &amp; Franck Apertet (les gens d\u2019Uterpan)<br \/>\n<strong>EDITEUR\/PUBLISHER:<\/strong> Flash Art (2022)<\/p>\n<p><strong>BROCH\u00c9\/PAPERBACK<\/strong>: 284 pages<br \/>\n<strong>LANGUE\/LANGUAGE:<\/strong> Fran\u00e7ais\/Anglais, English\/French<br \/>\n<strong>ISBN13:<\/strong> 978-2-9579959-0-5<\/p>\n","protected":false},"featured_media":34374,"template":"","meta":[],"product_brand":[],"product_cat":[135,162,169,170,139],"product_tag":[],"class_list":{"0":"post-34375","1":"product","2":"type-product","3":"status-publish","4":"has-post-thumbnail","6":"product_cat-english-en","7":"product_cat-french-en","8":"product_cat-interviews-conversations-en","9":"product_cat-artists-career-en","10":"product_cat-work-process-en","12":"first","13":"instock","14":"taxable","15":"shipping-taxable","16":"purchasable","17":"product-type-simple"},"yoast_head":"<!-- This site is optimized with the Yoast SEO plugin v27.4 - https:\/\/yoast.com\/product\/yoast-seo-wordpress\/ -->\n<title>Uterpan - Books on the Move<\/title>\n<meta name=\"robots\" content=\"index, follow, max-snippet:-1, max-image-preview:large, max-video-preview:-1\" \/>\n<link rel=\"canonical\" href=\"https:\/\/www.booksonthemove.fr\/en\/produit\/uterpan\/\" \/>\n<meta property=\"og:locale\" content=\"en_US\" \/>\n<meta property=\"og:type\" content=\"article\" \/>\n<meta property=\"og:title\" content=\"Uterpan - Books on the Move\" \/>\n<meta property=\"og:description\" content=\"AUTEUR\u00b7ES\/AUTHORS:\u00a0 Pierre Bal-Blanc, Annie Vigier &amp; Franck Apertet (les gens d\u2019Uterpan) EDITEUR\/PUBLISHER: Flash Art (2022)  BROCH\u00c9\/PAPERBACK: 284 pages LANGUE\/LANGUAGE: Fran\u00e7ais\/Anglais, English\/French ISBN13: 978-2-9579959-0-5\" \/>\n<meta property=\"og:url\" content=\"https:\/\/www.booksonthemove.fr\/en\/produit\/uterpan\/\" \/>\n<meta property=\"og:site_name\" content=\"Books on the Move\" \/>\n<meta property=\"article:publisher\" content=\"https:\/\/www.facebook.com\/Librairiebooksonthemove\/\" \/>\n<meta property=\"article:modified_time\" content=\"2022-11-17T18:30:04+00:00\" \/>\n<meta property=\"og:image\" content=\"https:\/\/www.booksonthemove.fr\/media\/bom_2473.webp\" \/>\n\t<meta property=\"og:image:width\" content=\"900\" \/>\n\t<meta property=\"og:image:height\" content=\"1218\" \/>\n\t<meta property=\"og:image:type\" content=\"image\/webp\" \/>\n<meta name=\"twitter:card\" content=\"summary_large_image\" \/>\n<script type=\"application\/ld+json\" class=\"yoast-schema-graph\">{\"@context\":\"https:\\\/\\\/schema.org\",\"@graph\":[{\"@type\":\"WebPage\",\"@id\":\"https:\\\/\\\/www.booksonthemove.fr\\\/en\\\/produit\\\/uterpan\\\/\",\"url\":\"https:\\\/\\\/www.booksonthemove.fr\\\/en\\\/produit\\\/uterpan\\\/\",\"name\":\"Uterpan - Books on the Move\",\"isPartOf\":{\"@id\":\"https:\\\/\\\/www.booksonthemove.fr\\\/#website\"},\"primaryImageOfPage\":{\"@id\":\"https:\\\/\\\/www.booksonthemove.fr\\\/en\\\/produit\\\/uterpan\\\/#primaryimage\"},\"image\":{\"@id\":\"https:\\\/\\\/www.booksonthemove.fr\\\/en\\\/produit\\\/uterpan\\\/#primaryimage\"},\"thumbnailUrl\":\"https:\\\/\\\/www.booksonthemove.fr\\\/media\\\/bom_2473.webp\",\"datePublished\":\"2022-05-23T15:06:50+00:00\",\"dateModified\":\"2022-11-17T18:30:04+00:00\",\"breadcrumb\":{\"@id\":\"https:\\\/\\\/www.booksonthemove.fr\\\/en\\\/produit\\\/uterpan\\\/#breadcrumb\"},\"inLanguage\":\"en-US\",\"potentialAction\":[{\"@type\":\"ReadAction\",\"target\":[\"https:\\\/\\\/www.booksonthemove.fr\\\/en\\\/produit\\\/uterpan\\\/\"]}]},{\"@type\":\"ImageObject\",\"inLanguage\":\"en-US\",\"@id\":\"https:\\\/\\\/www.booksonthemove.fr\\\/en\\\/produit\\\/uterpan\\\/#primaryimage\",\"url\":\"https:\\\/\\\/www.booksonthemove.fr\\\/media\\\/bom_2473.webp\",\"contentUrl\":\"https:\\\/\\\/www.booksonthemove.fr\\\/media\\\/bom_2473.webp\",\"width\":900,\"height\":1218},{\"@type\":\"BreadcrumbList\",\"@id\":\"https:\\\/\\\/www.booksonthemove.fr\\\/en\\\/produit\\\/uterpan\\\/#breadcrumb\",\"itemListElement\":[{\"@type\":\"ListItem\",\"position\":1,\"name\":\"Accueil\",\"item\":\"https:\\\/\\\/www.booksonthemove.fr\\\/en\\\/\"},{\"@type\":\"ListItem\",\"position\":2,\"name\":\"online store\",\"item\":\"https:\\\/\\\/www.booksonthemove.fr\\\/en\\\/online-shop\\\/\"},{\"@type\":\"ListItem\",\"position\":3,\"name\":\"Uterpan\"}]},{\"@type\":\"WebSite\",\"@id\":\"https:\\\/\\\/www.booksonthemove.fr\\\/#website\",\"url\":\"https:\\\/\\\/www.booksonthemove.fr\\\/\",\"name\":\"Books on the Move\",\"description\":\"librairie nomade - danse - mouvement - performance\",\"publisher\":{\"@id\":\"https:\\\/\\\/www.booksonthemove.fr\\\/#organization\"},\"potentialAction\":[{\"@type\":\"SearchAction\",\"target\":{\"@type\":\"EntryPoint\",\"urlTemplate\":\"https:\\\/\\\/www.booksonthemove.fr\\\/?s={search_term_string}\"},\"query-input\":{\"@type\":\"PropertyValueSpecification\",\"valueRequired\":true,\"valueName\":\"search_term_string\"}}],\"inLanguage\":\"en-US\"},{\"@type\":\"Organization\",\"@id\":\"https:\\\/\\\/www.booksonthemove.fr\\\/#organization\",\"name\":\"Books on the Move\",\"url\":\"https:\\\/\\\/www.booksonthemove.fr\\\/\",\"logo\":{\"@type\":\"ImageObject\",\"inLanguage\":\"en-US\",\"@id\":\"https:\\\/\\\/www.booksonthemove.fr\\\/#\\\/schema\\\/logo\\\/image\\\/\",\"url\":\"https:\\\/\\\/www.booksonthemove.fr\\\/media\\\/logo-NB-400.jpg\",\"contentUrl\":\"https:\\\/\\\/www.booksonthemove.fr\\\/media\\\/logo-NB-400.jpg\",\"width\":400,\"height\":143,\"caption\":\"Books on the Move\"},\"image\":{\"@id\":\"https:\\\/\\\/www.booksonthemove.fr\\\/#\\\/schema\\\/logo\\\/image\\\/\"},\"sameAs\":[\"https:\\\/\\\/www.facebook.com\\\/Librairiebooksonthemove\\\/\"]}]}<\/script>\n<!-- \/ Yoast SEO plugin. -->","yoast_head_json":{"title":"Uterpan - Books on the Move","robots":{"index":"index","follow":"follow","max-snippet":"max-snippet:-1","max-image-preview":"max-image-preview:large","max-video-preview":"max-video-preview:-1"},"canonical":"https:\/\/www.booksonthemove.fr\/en\/produit\/uterpan\/","og_locale":"en_US","og_type":"article","og_title":"Uterpan - Books on the Move","og_description":"AUTEUR\u00b7ES\/AUTHORS:\u00a0 Pierre Bal-Blanc, Annie Vigier &amp; Franck Apertet (les gens d\u2019Uterpan) EDITEUR\/PUBLISHER: Flash Art (2022)  BROCH\u00c9\/PAPERBACK: 284 pages LANGUE\/LANGUAGE: Fran\u00e7ais\/Anglais, English\/French ISBN13: 978-2-9579959-0-5","og_url":"https:\/\/www.booksonthemove.fr\/en\/produit\/uterpan\/","og_site_name":"Books on the Move","article_publisher":"https:\/\/www.facebook.com\/Librairiebooksonthemove\/","article_modified_time":"2022-11-17T18:30:04+00:00","og_image":[{"width":900,"height":1218,"url":"https:\/\/www.booksonthemove.fr\/media\/bom_2473.webp","type":"image\/webp"}],"twitter_card":"summary_large_image","schema":{"@context":"https:\/\/schema.org","@graph":[{"@type":"WebPage","@id":"https:\/\/www.booksonthemove.fr\/en\/produit\/uterpan\/","url":"https:\/\/www.booksonthemove.fr\/en\/produit\/uterpan\/","name":"Uterpan - Books on the Move","isPartOf":{"@id":"https:\/\/www.booksonthemove.fr\/#website"},"primaryImageOfPage":{"@id":"https:\/\/www.booksonthemove.fr\/en\/produit\/uterpan\/#primaryimage"},"image":{"@id":"https:\/\/www.booksonthemove.fr\/en\/produit\/uterpan\/#primaryimage"},"thumbnailUrl":"https:\/\/www.booksonthemove.fr\/media\/bom_2473.webp","datePublished":"2022-05-23T15:06:50+00:00","dateModified":"2022-11-17T18:30:04+00:00","breadcrumb":{"@id":"https:\/\/www.booksonthemove.fr\/en\/produit\/uterpan\/#breadcrumb"},"inLanguage":"en-US","potentialAction":[{"@type":"ReadAction","target":["https:\/\/www.booksonthemove.fr\/en\/produit\/uterpan\/"]}]},{"@type":"ImageObject","inLanguage":"en-US","@id":"https:\/\/www.booksonthemove.fr\/en\/produit\/uterpan\/#primaryimage","url":"https:\/\/www.booksonthemove.fr\/media\/bom_2473.webp","contentUrl":"https:\/\/www.booksonthemove.fr\/media\/bom_2473.webp","width":900,"height":1218},{"@type":"BreadcrumbList","@id":"https:\/\/www.booksonthemove.fr\/en\/produit\/uterpan\/#breadcrumb","itemListElement":[{"@type":"ListItem","position":1,"name":"Accueil","item":"https:\/\/www.booksonthemove.fr\/en\/"},{"@type":"ListItem","position":2,"name":"online store","item":"https:\/\/www.booksonthemove.fr\/en\/online-shop\/"},{"@type":"ListItem","position":3,"name":"Uterpan"}]},{"@type":"WebSite","@id":"https:\/\/www.booksonthemove.fr\/#website","url":"https:\/\/www.booksonthemove.fr\/","name":"Books on the Move","description":"librairie nomade - danse - mouvement - performance","publisher":{"@id":"https:\/\/www.booksonthemove.fr\/#organization"},"potentialAction":[{"@type":"SearchAction","target":{"@type":"EntryPoint","urlTemplate":"https:\/\/www.booksonthemove.fr\/?s={search_term_string}"},"query-input":{"@type":"PropertyValueSpecification","valueRequired":true,"valueName":"search_term_string"}}],"inLanguage":"en-US"},{"@type":"Organization","@id":"https:\/\/www.booksonthemove.fr\/#organization","name":"Books on the Move","url":"https:\/\/www.booksonthemove.fr\/","logo":{"@type":"ImageObject","inLanguage":"en-US","@id":"https:\/\/www.booksonthemove.fr\/#\/schema\/logo\/image\/","url":"https:\/\/www.booksonthemove.fr\/media\/logo-NB-400.jpg","contentUrl":"https:\/\/www.booksonthemove.fr\/media\/logo-NB-400.jpg","width":400,"height":143,"caption":"Books on the Move"},"image":{"@id":"https:\/\/www.booksonthemove.fr\/#\/schema\/logo\/image\/"},"sameAs":["https:\/\/www.facebook.com\/Librairiebooksonthemove\/"]}]}},"_links":{"self":[{"href":"https:\/\/www.booksonthemove.fr\/en\/wp-json\/wp\/v2\/product\/34375","targetHints":{"allow":["GET"]}}],"collection":[{"href":"https:\/\/www.booksonthemove.fr\/en\/wp-json\/wp\/v2\/product"}],"about":[{"href":"https:\/\/www.booksonthemove.fr\/en\/wp-json\/wp\/v2\/types\/product"}],"wp:featuredmedia":[{"embeddable":true,"href":"https:\/\/www.booksonthemove.fr\/en\/wp-json\/wp\/v2\/media\/34374"}],"wp:attachment":[{"href":"https:\/\/www.booksonthemove.fr\/en\/wp-json\/wp\/v2\/media?parent=34375"}],"wp:term":[{"taxonomy":"product_brand","embeddable":true,"href":"https:\/\/www.booksonthemove.fr\/en\/wp-json\/wp\/v2\/product_brand?post=34375"},{"taxonomy":"product_cat","embeddable":true,"href":"https:\/\/www.booksonthemove.fr\/en\/wp-json\/wp\/v2\/product_cat?post=34375"},{"taxonomy":"product_tag","embeddable":true,"href":"https:\/\/www.booksonthemove.fr\/en\/wp-json\/wp\/v2\/product_tag?post=34375"}],"curies":[{"name":"wp","href":"https:\/\/api.w.org\/{rel}","templated":true}]}}