{"id":34419,"date":"2022-06-03T17:54:22","date_gmt":"2022-06-03T15:54:22","guid":{"rendered":"https:\/\/www.booksonthemove.fr\/produit\/le-paysage-sonore-le-monde-comme-musique\/"},"modified":"2025-10-21T13:04:26","modified_gmt":"2025-10-21T11:04:26","slug":"le-paysage-sonore-le-monde-comme-musique","status":"publish","type":"product","link":"https:\/\/www.booksonthemove.fr\/en\/produit\/le-paysage-sonore-le-monde-comme-musique\/","title":{"rendered":"Le Paysage sonore &#8211; Le monde comme musique"},"content":{"rendered":"<p>Murray Schafer a forg\u00e9 la notion de paysage sonore pour d\u00e9signer notre environnement acoustique, la gamme incessante de sons au milieu desquels nous vivons. Depuis l\u2019apparition du tout premier bruit \u2013 celui de la mer \u2013, le paysage sonore n\u2019a cess\u00e9 de s\u2019enrichir des sons du monde vivant\u00a0: oiseaux, insectes, langage, musique\u2026 jusqu\u2019\u00e0 la r\u00e9volution industrielle et \u00e9lectrique. Terrible et fascinante rupture, qui transforme radicalement notre rapport au son, \u00e0 la musique\u2008\u2013 et au silence. Mais qui nous rend aussi d\u00e9sormais capables de mettre en \u0153uvre un authentique design sonore, ma\u00eetris\u00e9 et conscient \u2013 bas\u00e9 sur les principes de l\u2019\u00e9cologie sonore.<\/p>\n<p>Tout comme Olivier Messiaen, Schafer consid\u00e8re en effet que les cr\u00e9ations sonores de l\u2019homme participent de cette activit\u00e9 sup\u00e9rieure qui s\u2019appelle la vie\u2008\u2013 et doivent donc s\u2019y inscrire.<\/p>\n<p>Dans une langue simple et claire, accessible \u00e0 tous, Schafer propose ici une histoire et une philosophie du monde sonore qui ont marqu\u00e9 l\u2019histoire de la th\u00e9orie musicale.\u2008Et qui promet \u00e0 ses lecteurs de ne plus jamais entendre le monde de la m\u00eame fa\u00e7on. Ouvrez grand vos oreilles\u00a0!<\/p>\n","protected":false},"excerpt":{"rendered":"<p><strong>AUTEUR :<\/strong> R. Murray Schafer<br \/>\n<strong>EDITEURS :<\/strong> \u00c9ditions Wildproject (2010)<\/p>\n<p><strong>BROCH\u00c9 :<\/strong>\u00a0411 pages<br \/>\n<strong>LANGUE :<\/strong> Fran\u00e7ais<br \/>\n<strong>ISBN13 :<\/strong> 978-2-918-490-050<\/p>\n","protected":false},"featured_media":34418,"template":"","meta":[],"product_brand":[],"product_cat":[162,283],"product_tag":[],"class_list":{"0":"post-34419","1":"product","2":"type-product","3":"status-publish","4":"has-post-thumbnail","6":"product_cat-french-en","7":"product_cat-sound-art","9":"first","10":"instock","11":"taxable","12":"shipping-taxable","13":"purchasable","14":"product-type-simple"},"yoast_head":"<!-- This site is optimized with the Yoast SEO plugin v27.5 - https:\/\/yoast.com\/product\/yoast-seo-wordpress\/ -->\n<title>Le Paysage sonore - Le monde comme musique - Books on the Move<\/title>\n<meta name=\"robots\" content=\"index, follow, max-snippet:-1, max-image-preview:large, max-video-preview:-1\" \/>\n<link rel=\"canonical\" href=\"https:\/\/www.booksonthemove.fr\/en\/produit\/le-paysage-sonore-le-monde-comme-musique\/\" \/>\n<meta property=\"og:locale\" content=\"en_US\" \/>\n<meta property=\"og:type\" content=\"article\" \/>\n<meta property=\"og:title\" content=\"Le Paysage sonore - Le monde comme musique - Books on the Move\" \/>\n<meta property=\"og:description\" content=\"AUTEUR : R. Murray Schafer EDITEURS : \u00c9ditions Wildproject (2010)  BROCH\u00c9 :\u00a0411 pages LANGUE : Fran\u00e7ais ISBN13 : 978-2-918-490-050\" \/>\n<meta property=\"og:url\" content=\"https:\/\/www.booksonthemove.fr\/en\/produit\/le-paysage-sonore-le-monde-comme-musique\/\" \/>\n<meta property=\"og:site_name\" content=\"Books on the Move\" \/>\n<meta property=\"article:publisher\" content=\"https:\/\/www.facebook.com\/Librairiebooksonthemove\/\" \/>\n<meta property=\"article:modified_time\" content=\"2025-10-21T11:04:26+00:00\" \/>\n<meta property=\"og:image\" content=\"https:\/\/www.booksonthemove.fr\/media\/bom_2471.jpg\" \/>\n\t<meta property=\"og:image:width\" content=\"507\" \/>\n\t<meta property=\"og:image:height\" content=\"800\" \/>\n\t<meta property=\"og:image:type\" content=\"image\/jpeg\" \/>\n<meta name=\"twitter:card\" content=\"summary_large_image\" \/>\n<script type=\"application\/ld+json\" class=\"yoast-schema-graph\">{\"@context\":\"https:\\\/\\\/schema.org\",\"@graph\":[{\"@type\":\"WebPage\",\"@id\":\"https:\\\/\\\/www.booksonthemove.fr\\\/en\\\/produit\\\/le-paysage-sonore-le-monde-comme-musique\\\/\",\"url\":\"https:\\\/\\\/www.booksonthemove.fr\\\/en\\\/produit\\\/le-paysage-sonore-le-monde-comme-musique\\\/\",\"name\":\"Le Paysage sonore - Le monde comme musique - Books on the Move\",\"isPartOf\":{\"@id\":\"https:\\\/\\\/www.booksonthemove.fr\\\/#website\"},\"primaryImageOfPage\":{\"@id\":\"https:\\\/\\\/www.booksonthemove.fr\\\/en\\\/produit\\\/le-paysage-sonore-le-monde-comme-musique\\\/#primaryimage\"},\"image\":{\"@id\":\"https:\\\/\\\/www.booksonthemove.fr\\\/en\\\/produit\\\/le-paysage-sonore-le-monde-comme-musique\\\/#primaryimage\"},\"thumbnailUrl\":\"https:\\\/\\\/www.booksonthemove.fr\\\/media\\\/bom_2471.jpg\",\"datePublished\":\"2022-06-03T15:54:22+00:00\",\"dateModified\":\"2025-10-21T11:04:26+00:00\",\"breadcrumb\":{\"@id\":\"https:\\\/\\\/www.booksonthemove.fr\\\/en\\\/produit\\\/le-paysage-sonore-le-monde-comme-musique\\\/#breadcrumb\"},\"inLanguage\":\"en-US\",\"potentialAction\":[{\"@type\":\"ReadAction\",\"target\":[\"https:\\\/\\\/www.booksonthemove.fr\\\/en\\\/produit\\\/le-paysage-sonore-le-monde-comme-musique\\\/\"]}]},{\"@type\":\"ImageObject\",\"inLanguage\":\"en-US\",\"@id\":\"https:\\\/\\\/www.booksonthemove.fr\\\/en\\\/produit\\\/le-paysage-sonore-le-monde-comme-musique\\\/#primaryimage\",\"url\":\"https:\\\/\\\/www.booksonthemove.fr\\\/media\\\/bom_2471.jpg\",\"contentUrl\":\"https:\\\/\\\/www.booksonthemove.fr\\\/media\\\/bom_2471.jpg\",\"width\":507,\"height\":800},{\"@type\":\"BreadcrumbList\",\"@id\":\"https:\\\/\\\/www.booksonthemove.fr\\\/en\\\/produit\\\/le-paysage-sonore-le-monde-comme-musique\\\/#breadcrumb\",\"itemListElement\":[{\"@type\":\"ListItem\",\"position\":1,\"name\":\"Accueil\",\"item\":\"https:\\\/\\\/www.booksonthemove.fr\\\/en\\\/\"},{\"@type\":\"ListItem\",\"position\":2,\"name\":\"online store\",\"item\":\"https:\\\/\\\/www.booksonthemove.fr\\\/en\\\/online-shop\\\/\"},{\"@type\":\"ListItem\",\"position\":3,\"name\":\"Le Paysage sonore &#8211; Le monde comme musique\"}]},{\"@type\":\"WebSite\",\"@id\":\"https:\\\/\\\/www.booksonthemove.fr\\\/#website\",\"url\":\"https:\\\/\\\/www.booksonthemove.fr\\\/\",\"name\":\"Books on the Move\",\"description\":\"librairie nomade - danse - mouvement - performance\",\"publisher\":{\"@id\":\"https:\\\/\\\/www.booksonthemove.fr\\\/#organization\"},\"potentialAction\":[{\"@type\":\"SearchAction\",\"target\":{\"@type\":\"EntryPoint\",\"urlTemplate\":\"https:\\\/\\\/www.booksonthemove.fr\\\/?s={search_term_string}\"},\"query-input\":{\"@type\":\"PropertyValueSpecification\",\"valueRequired\":true,\"valueName\":\"search_term_string\"}}],\"inLanguage\":\"en-US\"},{\"@type\":\"Organization\",\"@id\":\"https:\\\/\\\/www.booksonthemove.fr\\\/#organization\",\"name\":\"Books on the Move\",\"url\":\"https:\\\/\\\/www.booksonthemove.fr\\\/\",\"logo\":{\"@type\":\"ImageObject\",\"inLanguage\":\"en-US\",\"@id\":\"https:\\\/\\\/www.booksonthemove.fr\\\/#\\\/schema\\\/logo\\\/image\\\/\",\"url\":\"https:\\\/\\\/www.booksonthemove.fr\\\/media\\\/logo-NB-400.jpg\",\"contentUrl\":\"https:\\\/\\\/www.booksonthemove.fr\\\/media\\\/logo-NB-400.jpg\",\"width\":400,\"height\":143,\"caption\":\"Books on the Move\"},\"image\":{\"@id\":\"https:\\\/\\\/www.booksonthemove.fr\\\/#\\\/schema\\\/logo\\\/image\\\/\"},\"sameAs\":[\"https:\\\/\\\/www.facebook.com\\\/Librairiebooksonthemove\\\/\"]}]}<\/script>\n<!-- \/ Yoast SEO plugin. -->","yoast_head_json":{"title":"Le Paysage sonore - Le monde comme musique - Books on the Move","robots":{"index":"index","follow":"follow","max-snippet":"max-snippet:-1","max-image-preview":"max-image-preview:large","max-video-preview":"max-video-preview:-1"},"canonical":"https:\/\/www.booksonthemove.fr\/en\/produit\/le-paysage-sonore-le-monde-comme-musique\/","og_locale":"en_US","og_type":"article","og_title":"Le Paysage sonore - Le monde comme musique - Books on the Move","og_description":"AUTEUR : R. Murray Schafer EDITEURS : \u00c9ditions Wildproject (2010)  BROCH\u00c9 :\u00a0411 pages LANGUE : Fran\u00e7ais ISBN13 : 978-2-918-490-050","og_url":"https:\/\/www.booksonthemove.fr\/en\/produit\/le-paysage-sonore-le-monde-comme-musique\/","og_site_name":"Books on the Move","article_publisher":"https:\/\/www.facebook.com\/Librairiebooksonthemove\/","article_modified_time":"2025-10-21T11:04:26+00:00","og_image":[{"width":507,"height":800,"url":"https:\/\/www.booksonthemove.fr\/media\/bom_2471.jpg","type":"image\/jpeg"}],"twitter_card":"summary_large_image","schema":{"@context":"https:\/\/schema.org","@graph":[{"@type":"WebPage","@id":"https:\/\/www.booksonthemove.fr\/en\/produit\/le-paysage-sonore-le-monde-comme-musique\/","url":"https:\/\/www.booksonthemove.fr\/en\/produit\/le-paysage-sonore-le-monde-comme-musique\/","name":"Le Paysage sonore - Le monde comme musique - Books on the Move","isPartOf":{"@id":"https:\/\/www.booksonthemove.fr\/#website"},"primaryImageOfPage":{"@id":"https:\/\/www.booksonthemove.fr\/en\/produit\/le-paysage-sonore-le-monde-comme-musique\/#primaryimage"},"image":{"@id":"https:\/\/www.booksonthemove.fr\/en\/produit\/le-paysage-sonore-le-monde-comme-musique\/#primaryimage"},"thumbnailUrl":"https:\/\/www.booksonthemove.fr\/media\/bom_2471.jpg","datePublished":"2022-06-03T15:54:22+00:00","dateModified":"2025-10-21T11:04:26+00:00","breadcrumb":{"@id":"https:\/\/www.booksonthemove.fr\/en\/produit\/le-paysage-sonore-le-monde-comme-musique\/#breadcrumb"},"inLanguage":"en-US","potentialAction":[{"@type":"ReadAction","target":["https:\/\/www.booksonthemove.fr\/en\/produit\/le-paysage-sonore-le-monde-comme-musique\/"]}]},{"@type":"ImageObject","inLanguage":"en-US","@id":"https:\/\/www.booksonthemove.fr\/en\/produit\/le-paysage-sonore-le-monde-comme-musique\/#primaryimage","url":"https:\/\/www.booksonthemove.fr\/media\/bom_2471.jpg","contentUrl":"https:\/\/www.booksonthemove.fr\/media\/bom_2471.jpg","width":507,"height":800},{"@type":"BreadcrumbList","@id":"https:\/\/www.booksonthemove.fr\/en\/produit\/le-paysage-sonore-le-monde-comme-musique\/#breadcrumb","itemListElement":[{"@type":"ListItem","position":1,"name":"Accueil","item":"https:\/\/www.booksonthemove.fr\/en\/"},{"@type":"ListItem","position":2,"name":"online store","item":"https:\/\/www.booksonthemove.fr\/en\/online-shop\/"},{"@type":"ListItem","position":3,"name":"Le Paysage sonore &#8211; Le monde comme musique"}]},{"@type":"WebSite","@id":"https:\/\/www.booksonthemove.fr\/#website","url":"https:\/\/www.booksonthemove.fr\/","name":"Books on the Move","description":"librairie nomade - danse - mouvement - performance","publisher":{"@id":"https:\/\/www.booksonthemove.fr\/#organization"},"potentialAction":[{"@type":"SearchAction","target":{"@type":"EntryPoint","urlTemplate":"https:\/\/www.booksonthemove.fr\/?s={search_term_string}"},"query-input":{"@type":"PropertyValueSpecification","valueRequired":true,"valueName":"search_term_string"}}],"inLanguage":"en-US"},{"@type":"Organization","@id":"https:\/\/www.booksonthemove.fr\/#organization","name":"Books on the Move","url":"https:\/\/www.booksonthemove.fr\/","logo":{"@type":"ImageObject","inLanguage":"en-US","@id":"https:\/\/www.booksonthemove.fr\/#\/schema\/logo\/image\/","url":"https:\/\/www.booksonthemove.fr\/media\/logo-NB-400.jpg","contentUrl":"https:\/\/www.booksonthemove.fr\/media\/logo-NB-400.jpg","width":400,"height":143,"caption":"Books on the Move"},"image":{"@id":"https:\/\/www.booksonthemove.fr\/#\/schema\/logo\/image\/"},"sameAs":["https:\/\/www.facebook.com\/Librairiebooksonthemove\/"]}]}},"_links":{"self":[{"href":"https:\/\/www.booksonthemove.fr\/en\/wp-json\/wp\/v2\/product\/34419","targetHints":{"allow":["GET"]}}],"collection":[{"href":"https:\/\/www.booksonthemove.fr\/en\/wp-json\/wp\/v2\/product"}],"about":[{"href":"https:\/\/www.booksonthemove.fr\/en\/wp-json\/wp\/v2\/types\/product"}],"wp:featuredmedia":[{"embeddable":true,"href":"https:\/\/www.booksonthemove.fr\/en\/wp-json\/wp\/v2\/media\/34418"}],"wp:attachment":[{"href":"https:\/\/www.booksonthemove.fr\/en\/wp-json\/wp\/v2\/media?parent=34419"}],"wp:term":[{"taxonomy":"product_brand","embeddable":true,"href":"https:\/\/www.booksonthemove.fr\/en\/wp-json\/wp\/v2\/product_brand?post=34419"},{"taxonomy":"product_cat","embeddable":true,"href":"https:\/\/www.booksonthemove.fr\/en\/wp-json\/wp\/v2\/product_cat?post=34419"},{"taxonomy":"product_tag","embeddable":true,"href":"https:\/\/www.booksonthemove.fr\/en\/wp-json\/wp\/v2\/product_tag?post=34419"}],"curies":[{"name":"wp","href":"https:\/\/api.w.org\/{rel}","templated":true}]}}