{"id":34712,"date":"2022-08-12T12:45:55","date_gmt":"2022-08-12T10:45:55","guid":{"rendered":"https:\/\/www.booksonthemove.fr\/produit\/mes-ecoutes\/"},"modified":"2026-03-17T11:07:13","modified_gmt":"2026-03-17T10:07:13","slug":"mes-ecoutes","status":"publish","type":"product","link":"https:\/\/www.booksonthemove.fr\/en\/produit\/mes-ecoutes\/","title":{"rendered":"Mes \u00e9coutes"},"content":{"rendered":"<p>\u00c0 travers ces 170 courts textes, Dominique Petitgand d\u00e9crit comment, dans diverses situations de sa vie quotidienne, il \u00e9coute. Semblable \u00e0 une travers\u00e9e des lieux et des temps, cette \u00e9vocation des sons en leur absence constitue une fiction possible autour de quelques th\u00e8mes : le parcours d\u2019une journ\u00e9e du r\u00e9veil au sommeil, l\u2019\u00e9coute domestique ou urbaine, les d\u00e9placements, les r\u00e8gles d\u2019usage de la conversation, la musique int\u00e9rieure, ou encore l\u2019obsession sonore. Pour chacune des situations d\u00e9crites, le contexte, l\u2019instant, la circonstance mais aussi la disposition mentale ou physique de la personne qui \u00e9coute, importent autant, sinon plus, que la description du son lui-m\u00eame. Ce recueil fait ainsi place au son non-repr\u00e9sentable et pr\u00e9f\u00e8re d\u00e9placer la r\u00e9flexion sur ses effets et sa r\u00e9ception plut\u00f4t que sur sa description. Il se concentre ainsi sur un point de d\u00e9tail, des r\u00e9sonances, des ressemblances, ou se contente parfois simplement d\u2019\u00e9noncer une interrogation. Une attention particuli\u00e8re est alors port\u00e9e \u00e0 ce qui est indirect, se trouve \u00e0 distance, ou se r\u00e9v\u00e8le apr\u00e8s-coup.<\/p>\n<p>Chacun de ces textes peuvent \u00eatre lus ind\u00e9pendamment les uns des autres ou en suivant l\u2019organisation des ensembles propos\u00e9s par Dominique Petitgand, et participent d\u2019une m\u00eame conception de l\u2019acte d\u2019\u00e9coute, ici pens\u00e9 comme un outil filtrant la vie et s\u2019insinuant au fil des jours dans les pens\u00e9es de l\u2019auteur.<\/p>\n","protected":false},"excerpt":{"rendered":"<p><strong>AUTEUR : <\/strong>Dominique Petitgand<br \/>\n<strong>EDITEUR :<\/strong> \u00c9ditions B42 (2022)<\/p>\n<p><strong>BROCH\u00c9 :<\/strong>\u00a0176 pages<br \/>\n<strong>LANGUE :<\/strong> Fran\u00e7ais<br \/>\n<strong>ISBN13 :<\/strong> 978-2-490-07766-3<\/p>\n","protected":false},"featured_media":34721,"template":"","meta":[],"product_brand":[],"product_cat":[157,162,283],"product_tag":[],"class_list":{"0":"post-34712","1":"product","2":"type-product","3":"status-publish","4":"has-post-thumbnail","6":"product_cat-artists-writings-en","7":"product_cat-french-en","8":"product_cat-sound-art","10":"first","11":"instock","12":"taxable","13":"shipping-taxable","14":"purchasable","15":"product-type-simple"},"yoast_head":"<!-- This site is optimized with the Yoast SEO plugin v27.5 - https:\/\/yoast.com\/product\/yoast-seo-wordpress\/ -->\n<title>Mes \u00e9coutes - Books on the Move<\/title>\n<meta name=\"robots\" content=\"index, follow, max-snippet:-1, max-image-preview:large, max-video-preview:-1\" \/>\n<link rel=\"canonical\" href=\"https:\/\/www.booksonthemove.fr\/en\/produit\/mes-ecoutes\/\" \/>\n<meta property=\"og:locale\" content=\"en_US\" \/>\n<meta property=\"og:type\" content=\"article\" \/>\n<meta property=\"og:title\" content=\"Mes \u00e9coutes - Books on the Move\" \/>\n<meta property=\"og:description\" content=\"AUTEUR : Dominique Petitgand EDITEUR : \u00c9ditions B42 (2022)  BROCH\u00c9 :\u00a0176 pages LANGUE : Fran\u00e7ais ISBN13 : 978-2-490-07766-3\" \/>\n<meta property=\"og:url\" content=\"https:\/\/www.booksonthemove.fr\/en\/produit\/mes-ecoutes\/\" \/>\n<meta property=\"og:site_name\" content=\"Books on the Move\" \/>\n<meta property=\"article:publisher\" content=\"https:\/\/www.facebook.com\/Librairiebooksonthemove\/\" \/>\n<meta property=\"article:modified_time\" content=\"2026-03-17T10:07:13+00:00\" \/>\n<meta property=\"og:image\" content=\"https:\/\/www.booksonthemove.fr\/media\/bom_2472.jpg\" \/>\n\t<meta property=\"og:image:width\" content=\"303\" \/>\n\t<meta property=\"og:image:height\" content=\"485\" \/>\n\t<meta property=\"og:image:type\" content=\"image\/jpeg\" \/>\n<meta name=\"twitter:card\" content=\"summary_large_image\" \/>\n<script type=\"application\/ld+json\" class=\"yoast-schema-graph\">{\"@context\":\"https:\\\/\\\/schema.org\",\"@graph\":[{\"@type\":\"WebPage\",\"@id\":\"https:\\\/\\\/www.booksonthemove.fr\\\/en\\\/produit\\\/mes-ecoutes\\\/\",\"url\":\"https:\\\/\\\/www.booksonthemove.fr\\\/en\\\/produit\\\/mes-ecoutes\\\/\",\"name\":\"Mes \u00e9coutes - Books on the Move\",\"isPartOf\":{\"@id\":\"https:\\\/\\\/www.booksonthemove.fr\\\/#website\"},\"primaryImageOfPage\":{\"@id\":\"https:\\\/\\\/www.booksonthemove.fr\\\/en\\\/produit\\\/mes-ecoutes\\\/#primaryimage\"},\"image\":{\"@id\":\"https:\\\/\\\/www.booksonthemove.fr\\\/en\\\/produit\\\/mes-ecoutes\\\/#primaryimage\"},\"thumbnailUrl\":\"https:\\\/\\\/www.booksonthemove.fr\\\/media\\\/bom_2472.jpg\",\"datePublished\":\"2022-08-12T10:45:55+00:00\",\"dateModified\":\"2026-03-17T10:07:13+00:00\",\"breadcrumb\":{\"@id\":\"https:\\\/\\\/www.booksonthemove.fr\\\/en\\\/produit\\\/mes-ecoutes\\\/#breadcrumb\"},\"inLanguage\":\"en-US\",\"potentialAction\":[{\"@type\":\"ReadAction\",\"target\":[\"https:\\\/\\\/www.booksonthemove.fr\\\/en\\\/produit\\\/mes-ecoutes\\\/\"]}]},{\"@type\":\"ImageObject\",\"inLanguage\":\"en-US\",\"@id\":\"https:\\\/\\\/www.booksonthemove.fr\\\/en\\\/produit\\\/mes-ecoutes\\\/#primaryimage\",\"url\":\"https:\\\/\\\/www.booksonthemove.fr\\\/media\\\/bom_2472.jpg\",\"contentUrl\":\"https:\\\/\\\/www.booksonthemove.fr\\\/media\\\/bom_2472.jpg\",\"width\":303,\"height\":485},{\"@type\":\"BreadcrumbList\",\"@id\":\"https:\\\/\\\/www.booksonthemove.fr\\\/en\\\/produit\\\/mes-ecoutes\\\/#breadcrumb\",\"itemListElement\":[{\"@type\":\"ListItem\",\"position\":1,\"name\":\"Accueil\",\"item\":\"https:\\\/\\\/www.booksonthemove.fr\\\/en\\\/\"},{\"@type\":\"ListItem\",\"position\":2,\"name\":\"online store\",\"item\":\"https:\\\/\\\/www.booksonthemove.fr\\\/en\\\/online-shop\\\/\"},{\"@type\":\"ListItem\",\"position\":3,\"name\":\"Mes \u00e9coutes\"}]},{\"@type\":\"WebSite\",\"@id\":\"https:\\\/\\\/www.booksonthemove.fr\\\/#website\",\"url\":\"https:\\\/\\\/www.booksonthemove.fr\\\/\",\"name\":\"Books on the Move\",\"description\":\"librairie nomade - danse - mouvement - performance\",\"publisher\":{\"@id\":\"https:\\\/\\\/www.booksonthemove.fr\\\/#organization\"},\"potentialAction\":[{\"@type\":\"SearchAction\",\"target\":{\"@type\":\"EntryPoint\",\"urlTemplate\":\"https:\\\/\\\/www.booksonthemove.fr\\\/?s={search_term_string}\"},\"query-input\":{\"@type\":\"PropertyValueSpecification\",\"valueRequired\":true,\"valueName\":\"search_term_string\"}}],\"inLanguage\":\"en-US\"},{\"@type\":\"Organization\",\"@id\":\"https:\\\/\\\/www.booksonthemove.fr\\\/#organization\",\"name\":\"Books on the Move\",\"url\":\"https:\\\/\\\/www.booksonthemove.fr\\\/\",\"logo\":{\"@type\":\"ImageObject\",\"inLanguage\":\"en-US\",\"@id\":\"https:\\\/\\\/www.booksonthemove.fr\\\/#\\\/schema\\\/logo\\\/image\\\/\",\"url\":\"https:\\\/\\\/www.booksonthemove.fr\\\/media\\\/logo-NB-400.jpg\",\"contentUrl\":\"https:\\\/\\\/www.booksonthemove.fr\\\/media\\\/logo-NB-400.jpg\",\"width\":400,\"height\":143,\"caption\":\"Books on the Move\"},\"image\":{\"@id\":\"https:\\\/\\\/www.booksonthemove.fr\\\/#\\\/schema\\\/logo\\\/image\\\/\"},\"sameAs\":[\"https:\\\/\\\/www.facebook.com\\\/Librairiebooksonthemove\\\/\"]}]}<\/script>\n<!-- \/ Yoast SEO plugin. -->","yoast_head_json":{"title":"Mes \u00e9coutes - Books on the Move","robots":{"index":"index","follow":"follow","max-snippet":"max-snippet:-1","max-image-preview":"max-image-preview:large","max-video-preview":"max-video-preview:-1"},"canonical":"https:\/\/www.booksonthemove.fr\/en\/produit\/mes-ecoutes\/","og_locale":"en_US","og_type":"article","og_title":"Mes \u00e9coutes - Books on the Move","og_description":"AUTEUR : Dominique Petitgand EDITEUR : \u00c9ditions B42 (2022)  BROCH\u00c9 :\u00a0176 pages LANGUE : Fran\u00e7ais ISBN13 : 978-2-490-07766-3","og_url":"https:\/\/www.booksonthemove.fr\/en\/produit\/mes-ecoutes\/","og_site_name":"Books on the Move","article_publisher":"https:\/\/www.facebook.com\/Librairiebooksonthemove\/","article_modified_time":"2026-03-17T10:07:13+00:00","og_image":[{"width":303,"height":485,"url":"https:\/\/www.booksonthemove.fr\/media\/bom_2472.jpg","type":"image\/jpeg"}],"twitter_card":"summary_large_image","schema":{"@context":"https:\/\/schema.org","@graph":[{"@type":"WebPage","@id":"https:\/\/www.booksonthemove.fr\/en\/produit\/mes-ecoutes\/","url":"https:\/\/www.booksonthemove.fr\/en\/produit\/mes-ecoutes\/","name":"Mes \u00e9coutes - Books on the Move","isPartOf":{"@id":"https:\/\/www.booksonthemove.fr\/#website"},"primaryImageOfPage":{"@id":"https:\/\/www.booksonthemove.fr\/en\/produit\/mes-ecoutes\/#primaryimage"},"image":{"@id":"https:\/\/www.booksonthemove.fr\/en\/produit\/mes-ecoutes\/#primaryimage"},"thumbnailUrl":"https:\/\/www.booksonthemove.fr\/media\/bom_2472.jpg","datePublished":"2022-08-12T10:45:55+00:00","dateModified":"2026-03-17T10:07:13+00:00","breadcrumb":{"@id":"https:\/\/www.booksonthemove.fr\/en\/produit\/mes-ecoutes\/#breadcrumb"},"inLanguage":"en-US","potentialAction":[{"@type":"ReadAction","target":["https:\/\/www.booksonthemove.fr\/en\/produit\/mes-ecoutes\/"]}]},{"@type":"ImageObject","inLanguage":"en-US","@id":"https:\/\/www.booksonthemove.fr\/en\/produit\/mes-ecoutes\/#primaryimage","url":"https:\/\/www.booksonthemove.fr\/media\/bom_2472.jpg","contentUrl":"https:\/\/www.booksonthemove.fr\/media\/bom_2472.jpg","width":303,"height":485},{"@type":"BreadcrumbList","@id":"https:\/\/www.booksonthemove.fr\/en\/produit\/mes-ecoutes\/#breadcrumb","itemListElement":[{"@type":"ListItem","position":1,"name":"Accueil","item":"https:\/\/www.booksonthemove.fr\/en\/"},{"@type":"ListItem","position":2,"name":"online store","item":"https:\/\/www.booksonthemove.fr\/en\/online-shop\/"},{"@type":"ListItem","position":3,"name":"Mes \u00e9coutes"}]},{"@type":"WebSite","@id":"https:\/\/www.booksonthemove.fr\/#website","url":"https:\/\/www.booksonthemove.fr\/","name":"Books on the Move","description":"librairie nomade - danse - mouvement - performance","publisher":{"@id":"https:\/\/www.booksonthemove.fr\/#organization"},"potentialAction":[{"@type":"SearchAction","target":{"@type":"EntryPoint","urlTemplate":"https:\/\/www.booksonthemove.fr\/?s={search_term_string}"},"query-input":{"@type":"PropertyValueSpecification","valueRequired":true,"valueName":"search_term_string"}}],"inLanguage":"en-US"},{"@type":"Organization","@id":"https:\/\/www.booksonthemove.fr\/#organization","name":"Books on the Move","url":"https:\/\/www.booksonthemove.fr\/","logo":{"@type":"ImageObject","inLanguage":"en-US","@id":"https:\/\/www.booksonthemove.fr\/#\/schema\/logo\/image\/","url":"https:\/\/www.booksonthemove.fr\/media\/logo-NB-400.jpg","contentUrl":"https:\/\/www.booksonthemove.fr\/media\/logo-NB-400.jpg","width":400,"height":143,"caption":"Books on the Move"},"image":{"@id":"https:\/\/www.booksonthemove.fr\/#\/schema\/logo\/image\/"},"sameAs":["https:\/\/www.facebook.com\/Librairiebooksonthemove\/"]}]}},"_links":{"self":[{"href":"https:\/\/www.booksonthemove.fr\/en\/wp-json\/wp\/v2\/product\/34712","targetHints":{"allow":["GET"]}}],"collection":[{"href":"https:\/\/www.booksonthemove.fr\/en\/wp-json\/wp\/v2\/product"}],"about":[{"href":"https:\/\/www.booksonthemove.fr\/en\/wp-json\/wp\/v2\/types\/product"}],"wp:featuredmedia":[{"embeddable":true,"href":"https:\/\/www.booksonthemove.fr\/en\/wp-json\/wp\/v2\/media\/34721"}],"wp:attachment":[{"href":"https:\/\/www.booksonthemove.fr\/en\/wp-json\/wp\/v2\/media?parent=34712"}],"wp:term":[{"taxonomy":"product_brand","embeddable":true,"href":"https:\/\/www.booksonthemove.fr\/en\/wp-json\/wp\/v2\/product_brand?post=34712"},{"taxonomy":"product_cat","embeddable":true,"href":"https:\/\/www.booksonthemove.fr\/en\/wp-json\/wp\/v2\/product_cat?post=34712"},{"taxonomy":"product_tag","embeddable":true,"href":"https:\/\/www.booksonthemove.fr\/en\/wp-json\/wp\/v2\/product_tag?post=34712"}],"curies":[{"name":"wp","href":"https:\/\/api.w.org\/{rel}","templated":true}]}}