{"id":34899,"date":"2022-08-22T12:33:55","date_gmt":"2022-08-22T10:33:55","guid":{"rendered":"https:\/\/www.booksonthemove.fr\/produit\/impasse\/"},"modified":"2022-08-25T16:50:32","modified_gmt":"2022-08-25T14:50:32","slug":"impasse","status":"publish","type":"product","link":"https:\/\/www.booksonthemove.fr\/en\/produit\/impasse\/","title":{"rendered":"Impasse"},"content":{"rendered":"<p>The three texts presented in this book were premiered in Portugal during the public action Impasse, organised by Pedro Gomes and Jo\u00e3o Pedro Vale &amp; Nuno Alexandre. The performances that Diego Bento and the duo of artists activated in their studio depart from an encounter\/disencounter between the three, during the first demonstrations in Paris of the Yellow Vests, in 2018. Although in the genesis of the performance there was not necessarily the intention of publishing their materials, it seems fundamental to share them in a bilingual edition (PT\/EN). Sometimes there is no other option but to leave the impasse of the infinitely postponable waiting situation.<\/p>\n<p>&nbsp;<\/p>\n<p>Os tr\u00eas textos apresentados neste livro, dois deles estreados em Portugal durante a a\u00e7\u00e3o p\u00fablica <em>Impasse<\/em>, dialogam, de modos diferentes, com a performance <em>Aqueles que s\u00f3 fazem meia revolu\u00e7\u00e3o apenas cavam a sua sepultura<\/em>, de Jo\u00e3o Pedro Vale &amp; Nuno Alexandre Ferreira (JPV+NAF), mais tarde apresentado no Centre Pompidou no dia 5 de junho de 2019 com o t\u00edtulo <em>Those who make the Revolution halfway only dig their own graves<\/em>, no \u00e2mbito do Festival MOVE 2019. Organizada pela dupla de artistas no seu <em>atelier<\/em>, a 9 de fevereiro de 2019, a a\u00e7\u00e3o Impasse contou tamb\u00e9m com a participa\u00e7\u00e3o dxs artistas Vasco Ara\u00fajo, Teatro C\u00e3o Solteiro, Andr\u00e9 e. Teod\u00f3sio, Diogo Bento e Tiago Alexandre, e das curadoras Ana Cristina Cachola e Marta Espiridi\u00e3o, tendo como mote a den\u00fancia da realidade do bairro Jo\u00e3o Nascimento Costa onde se situa o atelier dos artistas, um bairro social estigmatizado, precarizado e carenciado, abandonado \u00e0 sua sorte e sofrendo, por <em>default<\/em>, da migra\u00e7\u00e3o e guetiza\u00e7\u00e3o dxs excedentes, de uma pol\u00edtica de higieniza\u00e7\u00e3o em torno do consumo de drogas e da especula\u00e7\u00e3o imobili\u00e1ria que assola a cidade.<br \/>\nOs textos que aqui se publicam ativam algumas destas quest\u00f5es, partindo de um encontro\/desencontro entre os tr\u00eas artistas, durante as primeiras manifesta\u00e7\u00f5es em Paris dos Coletes Amarelos, em 2018.<br \/>\n[\u2026]<br \/>\nOs tempos e os temas aqui convivem todos num drama partilhado.<br \/>\nAinda que na g\u00e9nese da <em>performance<\/em> n\u00e3o tenha havido necessariamente a inten\u00e7\u00e3o de publica\u00e7\u00e3o dos seus materiais, pareceu-nos fundamental ultrapassar qualquer determinismo conservador e partilhar estes textos.<\/p>\n<p>&nbsp;<\/p>\n<p>&nbsp;<\/p>\n","protected":false},"excerpt":{"rendered":"<p><strong>AUTORES:<\/strong> Diogo Bento,\u00a0Jo\u00e3o Pedro Vale,\u00a0Nuno Alexandre Ferreira<br \/>\n<strong>UMA EDI\u00c7\u00c3O:<\/strong> Teatro Praga \/\u00a0Sistema Solar\u00a0(2020)<\/p>\n<p><strong>BROCHADO:<\/strong>\u00a0202 p\u00e1ginas<br \/>\n<strong>L\u00cdNGUAS:<\/strong>\u00a0English\/Portuguese, portugu\u00eas\/ingl\u00eas<br \/>\n<strong>ISBN13: <\/strong>978-9-899-00665-2<\/p>\n","protected":false},"featured_media":34898,"template":"","meta":[],"product_brand":[],"product_cat":[135,258,157,152],"product_tag":[],"class_list":{"0":"post-34899","1":"product","2":"type-product","3":"status-publish","4":"has-post-thumbnail","6":"product_cat-english-en","7":"product_cat-other-languages","8":"product_cat-artists-writings-en","9":"product_cat-performance-en","11":"first","12":"instock","13":"taxable","14":"shipping-taxable","15":"purchasable","16":"product-type-simple"},"yoast_head":"<!-- This site is optimized with the Yoast SEO plugin v27.5 - https:\/\/yoast.com\/product\/yoast-seo-wordpress\/ -->\n<title>Impasse - Books on the Move<\/title>\n<meta name=\"robots\" content=\"index, follow, max-snippet:-1, max-image-preview:large, max-video-preview:-1\" \/>\n<link rel=\"canonical\" href=\"https:\/\/www.booksonthemove.fr\/en\/produit\/impasse\/\" \/>\n<meta property=\"og:locale\" content=\"en_US\" \/>\n<meta property=\"og:type\" content=\"article\" \/>\n<meta property=\"og:title\" content=\"Impasse - Books on the Move\" \/>\n<meta property=\"og:description\" content=\"AUTORES: Diogo Bento,\u00a0Jo\u00e3o Pedro Vale,\u00a0Nuno Alexandre Ferreira UMA EDI\u00c7\u00c3O: Teatro Praga \/\u00a0Sistema Solar\u00a0(2020)  BROCHADO:\u00a0202 p\u00e1ginas L\u00cdNGUAS:\u00a0English\/Portuguese, portugu\u00eas\/ingl\u00eas ISBN13: 978-9-899-00665-2\" \/>\n<meta property=\"og:url\" content=\"https:\/\/www.booksonthemove.fr\/en\/produit\/impasse\/\" \/>\n<meta property=\"og:site_name\" content=\"Books on the Move\" \/>\n<meta property=\"article:publisher\" content=\"https:\/\/www.facebook.com\/Librairiebooksonthemove\/\" \/>\n<meta property=\"article:modified_time\" content=\"2022-08-25T14:50:32+00:00\" \/>\n<meta property=\"og:image\" content=\"https:\/\/www.booksonthemove.fr\/media\/bom_2480.jpg\" \/>\n\t<meta property=\"og:image:width\" content=\"900\" \/>\n\t<meta property=\"og:image:height\" content=\"1274\" \/>\n\t<meta property=\"og:image:type\" content=\"image\/jpeg\" \/>\n<meta name=\"twitter:card\" content=\"summary_large_image\" \/>\n<script type=\"application\/ld+json\" class=\"yoast-schema-graph\">{\"@context\":\"https:\\\/\\\/schema.org\",\"@graph\":[{\"@type\":\"WebPage\",\"@id\":\"https:\\\/\\\/www.booksonthemove.fr\\\/en\\\/produit\\\/impasse\\\/\",\"url\":\"https:\\\/\\\/www.booksonthemove.fr\\\/en\\\/produit\\\/impasse\\\/\",\"name\":\"Impasse - Books on the Move\",\"isPartOf\":{\"@id\":\"https:\\\/\\\/www.booksonthemove.fr\\\/#website\"},\"primaryImageOfPage\":{\"@id\":\"https:\\\/\\\/www.booksonthemove.fr\\\/en\\\/produit\\\/impasse\\\/#primaryimage\"},\"image\":{\"@id\":\"https:\\\/\\\/www.booksonthemove.fr\\\/en\\\/produit\\\/impasse\\\/#primaryimage\"},\"thumbnailUrl\":\"https:\\\/\\\/www.booksonthemove.fr\\\/media\\\/bom_2480.jpg\",\"datePublished\":\"2022-08-22T10:33:55+00:00\",\"dateModified\":\"2022-08-25T14:50:32+00:00\",\"breadcrumb\":{\"@id\":\"https:\\\/\\\/www.booksonthemove.fr\\\/en\\\/produit\\\/impasse\\\/#breadcrumb\"},\"inLanguage\":\"en-US\",\"potentialAction\":[{\"@type\":\"ReadAction\",\"target\":[\"https:\\\/\\\/www.booksonthemove.fr\\\/en\\\/produit\\\/impasse\\\/\"]}]},{\"@type\":\"ImageObject\",\"inLanguage\":\"en-US\",\"@id\":\"https:\\\/\\\/www.booksonthemove.fr\\\/en\\\/produit\\\/impasse\\\/#primaryimage\",\"url\":\"https:\\\/\\\/www.booksonthemove.fr\\\/media\\\/bom_2480.jpg\",\"contentUrl\":\"https:\\\/\\\/www.booksonthemove.fr\\\/media\\\/bom_2480.jpg\",\"width\":900,\"height\":1274},{\"@type\":\"BreadcrumbList\",\"@id\":\"https:\\\/\\\/www.booksonthemove.fr\\\/en\\\/produit\\\/impasse\\\/#breadcrumb\",\"itemListElement\":[{\"@type\":\"ListItem\",\"position\":1,\"name\":\"Accueil\",\"item\":\"https:\\\/\\\/www.booksonthemove.fr\\\/en\\\/\"},{\"@type\":\"ListItem\",\"position\":2,\"name\":\"online store\",\"item\":\"https:\\\/\\\/www.booksonthemove.fr\\\/en\\\/online-shop\\\/\"},{\"@type\":\"ListItem\",\"position\":3,\"name\":\"Impasse\"}]},{\"@type\":\"WebSite\",\"@id\":\"https:\\\/\\\/www.booksonthemove.fr\\\/#website\",\"url\":\"https:\\\/\\\/www.booksonthemove.fr\\\/\",\"name\":\"Books on the Move\",\"description\":\"librairie nomade - danse - mouvement - performance\",\"publisher\":{\"@id\":\"https:\\\/\\\/www.booksonthemove.fr\\\/#organization\"},\"potentialAction\":[{\"@type\":\"SearchAction\",\"target\":{\"@type\":\"EntryPoint\",\"urlTemplate\":\"https:\\\/\\\/www.booksonthemove.fr\\\/?s={search_term_string}\"},\"query-input\":{\"@type\":\"PropertyValueSpecification\",\"valueRequired\":true,\"valueName\":\"search_term_string\"}}],\"inLanguage\":\"en-US\"},{\"@type\":\"Organization\",\"@id\":\"https:\\\/\\\/www.booksonthemove.fr\\\/#organization\",\"name\":\"Books on the Move\",\"url\":\"https:\\\/\\\/www.booksonthemove.fr\\\/\",\"logo\":{\"@type\":\"ImageObject\",\"inLanguage\":\"en-US\",\"@id\":\"https:\\\/\\\/www.booksonthemove.fr\\\/#\\\/schema\\\/logo\\\/image\\\/\",\"url\":\"https:\\\/\\\/www.booksonthemove.fr\\\/media\\\/logo-NB-400.jpg\",\"contentUrl\":\"https:\\\/\\\/www.booksonthemove.fr\\\/media\\\/logo-NB-400.jpg\",\"width\":400,\"height\":143,\"caption\":\"Books on the Move\"},\"image\":{\"@id\":\"https:\\\/\\\/www.booksonthemove.fr\\\/#\\\/schema\\\/logo\\\/image\\\/\"},\"sameAs\":[\"https:\\\/\\\/www.facebook.com\\\/Librairiebooksonthemove\\\/\"]}]}<\/script>\n<!-- \/ Yoast SEO plugin. -->","yoast_head_json":{"title":"Impasse - Books on the Move","robots":{"index":"index","follow":"follow","max-snippet":"max-snippet:-1","max-image-preview":"max-image-preview:large","max-video-preview":"max-video-preview:-1"},"canonical":"https:\/\/www.booksonthemove.fr\/en\/produit\/impasse\/","og_locale":"en_US","og_type":"article","og_title":"Impasse - Books on the Move","og_description":"AUTORES: Diogo Bento,\u00a0Jo\u00e3o Pedro Vale,\u00a0Nuno Alexandre Ferreira UMA EDI\u00c7\u00c3O: Teatro Praga \/\u00a0Sistema Solar\u00a0(2020)  BROCHADO:\u00a0202 p\u00e1ginas L\u00cdNGUAS:\u00a0English\/Portuguese, portugu\u00eas\/ingl\u00eas ISBN13: 978-9-899-00665-2","og_url":"https:\/\/www.booksonthemove.fr\/en\/produit\/impasse\/","og_site_name":"Books on the Move","article_publisher":"https:\/\/www.facebook.com\/Librairiebooksonthemove\/","article_modified_time":"2022-08-25T14:50:32+00:00","og_image":[{"width":900,"height":1274,"url":"https:\/\/www.booksonthemove.fr\/media\/bom_2480.jpg","type":"image\/jpeg"}],"twitter_card":"summary_large_image","schema":{"@context":"https:\/\/schema.org","@graph":[{"@type":"WebPage","@id":"https:\/\/www.booksonthemove.fr\/en\/produit\/impasse\/","url":"https:\/\/www.booksonthemove.fr\/en\/produit\/impasse\/","name":"Impasse - Books on the Move","isPartOf":{"@id":"https:\/\/www.booksonthemove.fr\/#website"},"primaryImageOfPage":{"@id":"https:\/\/www.booksonthemove.fr\/en\/produit\/impasse\/#primaryimage"},"image":{"@id":"https:\/\/www.booksonthemove.fr\/en\/produit\/impasse\/#primaryimage"},"thumbnailUrl":"https:\/\/www.booksonthemove.fr\/media\/bom_2480.jpg","datePublished":"2022-08-22T10:33:55+00:00","dateModified":"2022-08-25T14:50:32+00:00","breadcrumb":{"@id":"https:\/\/www.booksonthemove.fr\/en\/produit\/impasse\/#breadcrumb"},"inLanguage":"en-US","potentialAction":[{"@type":"ReadAction","target":["https:\/\/www.booksonthemove.fr\/en\/produit\/impasse\/"]}]},{"@type":"ImageObject","inLanguage":"en-US","@id":"https:\/\/www.booksonthemove.fr\/en\/produit\/impasse\/#primaryimage","url":"https:\/\/www.booksonthemove.fr\/media\/bom_2480.jpg","contentUrl":"https:\/\/www.booksonthemove.fr\/media\/bom_2480.jpg","width":900,"height":1274},{"@type":"BreadcrumbList","@id":"https:\/\/www.booksonthemove.fr\/en\/produit\/impasse\/#breadcrumb","itemListElement":[{"@type":"ListItem","position":1,"name":"Accueil","item":"https:\/\/www.booksonthemove.fr\/en\/"},{"@type":"ListItem","position":2,"name":"online store","item":"https:\/\/www.booksonthemove.fr\/en\/online-shop\/"},{"@type":"ListItem","position":3,"name":"Impasse"}]},{"@type":"WebSite","@id":"https:\/\/www.booksonthemove.fr\/#website","url":"https:\/\/www.booksonthemove.fr\/","name":"Books on the Move","description":"librairie nomade - danse - mouvement - performance","publisher":{"@id":"https:\/\/www.booksonthemove.fr\/#organization"},"potentialAction":[{"@type":"SearchAction","target":{"@type":"EntryPoint","urlTemplate":"https:\/\/www.booksonthemove.fr\/?s={search_term_string}"},"query-input":{"@type":"PropertyValueSpecification","valueRequired":true,"valueName":"search_term_string"}}],"inLanguage":"en-US"},{"@type":"Organization","@id":"https:\/\/www.booksonthemove.fr\/#organization","name":"Books on the Move","url":"https:\/\/www.booksonthemove.fr\/","logo":{"@type":"ImageObject","inLanguage":"en-US","@id":"https:\/\/www.booksonthemove.fr\/#\/schema\/logo\/image\/","url":"https:\/\/www.booksonthemove.fr\/media\/logo-NB-400.jpg","contentUrl":"https:\/\/www.booksonthemove.fr\/media\/logo-NB-400.jpg","width":400,"height":143,"caption":"Books on the Move"},"image":{"@id":"https:\/\/www.booksonthemove.fr\/#\/schema\/logo\/image\/"},"sameAs":["https:\/\/www.facebook.com\/Librairiebooksonthemove\/"]}]}},"_links":{"self":[{"href":"https:\/\/www.booksonthemove.fr\/en\/wp-json\/wp\/v2\/product\/34899","targetHints":{"allow":["GET"]}}],"collection":[{"href":"https:\/\/www.booksonthemove.fr\/en\/wp-json\/wp\/v2\/product"}],"about":[{"href":"https:\/\/www.booksonthemove.fr\/en\/wp-json\/wp\/v2\/types\/product"}],"wp:featuredmedia":[{"embeddable":true,"href":"https:\/\/www.booksonthemove.fr\/en\/wp-json\/wp\/v2\/media\/34898"}],"wp:attachment":[{"href":"https:\/\/www.booksonthemove.fr\/en\/wp-json\/wp\/v2\/media?parent=34899"}],"wp:term":[{"taxonomy":"product_brand","embeddable":true,"href":"https:\/\/www.booksonthemove.fr\/en\/wp-json\/wp\/v2\/product_brand?post=34899"},{"taxonomy":"product_cat","embeddable":true,"href":"https:\/\/www.booksonthemove.fr\/en\/wp-json\/wp\/v2\/product_cat?post=34899"},{"taxonomy":"product_tag","embeddable":true,"href":"https:\/\/www.booksonthemove.fr\/en\/wp-json\/wp\/v2\/product_tag?post=34899"}],"curies":[{"name":"wp","href":"https:\/\/api.w.org\/{rel}","templated":true}]}}