{"id":34945,"date":"2021-03-31T13:13:12","date_gmt":"2021-03-31T11:13:12","guid":{"rendered":"https:\/\/www.booksonthemove.fr\/?post_type=product&#038;p=34945"},"modified":"2022-08-31T13:16:12","modified_gmt":"2022-08-31T11:16:12","slug":"le-cirque-contemporain","status":"publish","type":"product","link":"https:\/\/www.booksonthemove.fr\/en\/produit\/le-cirque-contemporain\/","title":{"rendered":"Le cirque contemporain"},"content":{"rendered":"<p>Un chapiteau, des trap\u00e9zistes, un clown, une \u00e9cuy\u00e8re, des \u00e9toiles, des paillettes, de la chair de poule et du rire, secouez le tout et voil\u00e0 le cirque tel qu\u2019en lui-m\u00eame, \u00e9norme et excessif\u2026<br \/>\nDans les ann\u00e9es 1970, alors que la crise touche le cirque traditionnel des Pinder, Bouglione et autres Amar, une nouvelle vague d\u2019artistes n\u2019appartenant pas \u00e0 ces familles de la piste \u00e0 l\u2019ancienne se projette dans le panorama. Autodidactes le plus souvent, venus d\u2019horizons tr\u00e8s diff\u00e9rents de celui du cirque, ils apprennent sur le tas \u00e0 jouer de la musique, \u00e0 jongler, faire des acrobaties tout en aiguisant leur talent de show-man qui ne manque pas de gouaille pour se mettre le public dans la poche.<br \/>\nPas \u00e0 pas, ces personnalit\u00e9s flamboyantes et audacieuses sont devenus des professionnels, mais aussi des auteurs \u00e0 part enti\u00e8re, porte-\u00e9tendard non seulement d\u2019une nouvelle esth\u00e9tique, mais d\u2019un monde \u00e0 soi singulier.<br \/>\nCet ouvrage ouvre une voie subjective dans le paysage du cirque. Th\u00e9matique plut\u00f4t que chronologique, il dessine les grands axes d\u2019un art sous tension qui d\u00e9clenche en France des vocations passionn\u00e9es.<\/p>\n","protected":false},"excerpt":{"rendered":"<p><strong>AUTEURES : <\/strong>Rosita Boisseau &amp;\u00a0Christophe Raynaud-de-Lage<br \/>\n<strong>EDITEUR :<\/strong>\u00a0nouvelles \u00e9ditions Scala (2017)<\/p>\n<p><strong>BROCH\u00c9 :<\/strong>\u00a0144 pages<br \/>\n<strong>LANGUE :<\/strong> fran\u00e7ais<br \/>\n<strong>ISBN13 :<\/strong> 978-2-359-88193-6<\/p>\n","protected":false},"featured_media":34944,"template":"","meta":[],"product_brand":[],"product_cat":[361,162],"product_tag":[],"class_list":{"0":"post-34945","1":"product","2":"type-product","3":"status-publish","4":"has-post-thumbnail","6":"product_cat-arts-du-cirque-en","7":"product_cat-french-en","9":"first","10":"instock","11":"taxable","12":"shipping-taxable","13":"purchasable","14":"product-type-simple"},"yoast_head":"<!-- This site is optimized with the Yoast SEO plugin v27.5 - https:\/\/yoast.com\/product\/yoast-seo-wordpress\/ -->\n<title>Le cirque contemporain - Books on the Move<\/title>\n<meta name=\"robots\" content=\"index, follow, max-snippet:-1, max-image-preview:large, max-video-preview:-1\" \/>\n<link rel=\"canonical\" href=\"https:\/\/www.booksonthemove.fr\/en\/produit\/le-cirque-contemporain\/\" \/>\n<meta property=\"og:locale\" content=\"en_US\" \/>\n<meta property=\"og:type\" content=\"article\" \/>\n<meta property=\"og:title\" content=\"Le cirque contemporain - Books on the Move\" \/>\n<meta property=\"og:description\" content=\"AUTEURES : Rosita Boisseau &amp;\u00a0Christophe Raynaud-de-Lage EDITEUR :\u00a0nouvelles \u00e9ditions Scala (2017)  BROCH\u00c9 :\u00a0144 pages LANGUE : fran\u00e7ais ISBN13 : 978-2-359-88193-6\" \/>\n<meta property=\"og:url\" content=\"https:\/\/www.booksonthemove.fr\/en\/produit\/le-cirque-contemporain\/\" \/>\n<meta property=\"og:site_name\" content=\"Books on the Move\" \/>\n<meta property=\"article:publisher\" content=\"https:\/\/www.facebook.com\/Librairiebooksonthemove\/\" \/>\n<meta property=\"article:modified_time\" content=\"2022-08-31T11:16:12+00:00\" \/>\n<meta property=\"og:image\" content=\"https:\/\/www.booksonthemove.fr\/media\/bom_2355.jpg\" \/>\n\t<meta property=\"og:image:width\" content=\"768\" \/>\n\t<meta property=\"og:image:height\" content=\"1004\" \/>\n\t<meta property=\"og:image:type\" content=\"image\/jpeg\" \/>\n<meta name=\"twitter:card\" content=\"summary_large_image\" \/>\n<script type=\"application\/ld+json\" class=\"yoast-schema-graph\">{\"@context\":\"https:\\\/\\\/schema.org\",\"@graph\":[{\"@type\":\"WebPage\",\"@id\":\"https:\\\/\\\/www.booksonthemove.fr\\\/en\\\/produit\\\/le-cirque-contemporain\\\/\",\"url\":\"https:\\\/\\\/www.booksonthemove.fr\\\/en\\\/produit\\\/le-cirque-contemporain\\\/\",\"name\":\"Le cirque contemporain - Books on the Move\",\"isPartOf\":{\"@id\":\"https:\\\/\\\/www.booksonthemove.fr\\\/#website\"},\"primaryImageOfPage\":{\"@id\":\"https:\\\/\\\/www.booksonthemove.fr\\\/en\\\/produit\\\/le-cirque-contemporain\\\/#primaryimage\"},\"image\":{\"@id\":\"https:\\\/\\\/www.booksonthemove.fr\\\/en\\\/produit\\\/le-cirque-contemporain\\\/#primaryimage\"},\"thumbnailUrl\":\"https:\\\/\\\/www.booksonthemove.fr\\\/media\\\/bom_2355.jpg\",\"datePublished\":\"2021-03-31T11:13:12+00:00\",\"dateModified\":\"2022-08-31T11:16:12+00:00\",\"breadcrumb\":{\"@id\":\"https:\\\/\\\/www.booksonthemove.fr\\\/en\\\/produit\\\/le-cirque-contemporain\\\/#breadcrumb\"},\"inLanguage\":\"en-US\",\"potentialAction\":[{\"@type\":\"ReadAction\",\"target\":[\"https:\\\/\\\/www.booksonthemove.fr\\\/en\\\/produit\\\/le-cirque-contemporain\\\/\"]}]},{\"@type\":\"ImageObject\",\"inLanguage\":\"en-US\",\"@id\":\"https:\\\/\\\/www.booksonthemove.fr\\\/en\\\/produit\\\/le-cirque-contemporain\\\/#primaryimage\",\"url\":\"https:\\\/\\\/www.booksonthemove.fr\\\/media\\\/bom_2355.jpg\",\"contentUrl\":\"https:\\\/\\\/www.booksonthemove.fr\\\/media\\\/bom_2355.jpg\",\"width\":768,\"height\":1004},{\"@type\":\"BreadcrumbList\",\"@id\":\"https:\\\/\\\/www.booksonthemove.fr\\\/en\\\/produit\\\/le-cirque-contemporain\\\/#breadcrumb\",\"itemListElement\":[{\"@type\":\"ListItem\",\"position\":1,\"name\":\"Accueil\",\"item\":\"https:\\\/\\\/www.booksonthemove.fr\\\/en\\\/\"},{\"@type\":\"ListItem\",\"position\":2,\"name\":\"online store\",\"item\":\"https:\\\/\\\/www.booksonthemove.fr\\\/en\\\/online-shop\\\/\"},{\"@type\":\"ListItem\",\"position\":3,\"name\":\"Le cirque contemporain\"}]},{\"@type\":\"WebSite\",\"@id\":\"https:\\\/\\\/www.booksonthemove.fr\\\/#website\",\"url\":\"https:\\\/\\\/www.booksonthemove.fr\\\/\",\"name\":\"Books on the Move\",\"description\":\"librairie nomade - danse - mouvement - performance\",\"publisher\":{\"@id\":\"https:\\\/\\\/www.booksonthemove.fr\\\/#organization\"},\"potentialAction\":[{\"@type\":\"SearchAction\",\"target\":{\"@type\":\"EntryPoint\",\"urlTemplate\":\"https:\\\/\\\/www.booksonthemove.fr\\\/?s={search_term_string}\"},\"query-input\":{\"@type\":\"PropertyValueSpecification\",\"valueRequired\":true,\"valueName\":\"search_term_string\"}}],\"inLanguage\":\"en-US\"},{\"@type\":\"Organization\",\"@id\":\"https:\\\/\\\/www.booksonthemove.fr\\\/#organization\",\"name\":\"Books on the Move\",\"url\":\"https:\\\/\\\/www.booksonthemove.fr\\\/\",\"logo\":{\"@type\":\"ImageObject\",\"inLanguage\":\"en-US\",\"@id\":\"https:\\\/\\\/www.booksonthemove.fr\\\/#\\\/schema\\\/logo\\\/image\\\/\",\"url\":\"https:\\\/\\\/www.booksonthemove.fr\\\/media\\\/logo-NB-400.jpg\",\"contentUrl\":\"https:\\\/\\\/www.booksonthemove.fr\\\/media\\\/logo-NB-400.jpg\",\"width\":400,\"height\":143,\"caption\":\"Books on the Move\"},\"image\":{\"@id\":\"https:\\\/\\\/www.booksonthemove.fr\\\/#\\\/schema\\\/logo\\\/image\\\/\"},\"sameAs\":[\"https:\\\/\\\/www.facebook.com\\\/Librairiebooksonthemove\\\/\"]}]}<\/script>\n<!-- \/ Yoast SEO plugin. -->","yoast_head_json":{"title":"Le cirque contemporain - Books on the Move","robots":{"index":"index","follow":"follow","max-snippet":"max-snippet:-1","max-image-preview":"max-image-preview:large","max-video-preview":"max-video-preview:-1"},"canonical":"https:\/\/www.booksonthemove.fr\/en\/produit\/le-cirque-contemporain\/","og_locale":"en_US","og_type":"article","og_title":"Le cirque contemporain - Books on the Move","og_description":"AUTEURES : Rosita Boisseau &amp;\u00a0Christophe Raynaud-de-Lage EDITEUR :\u00a0nouvelles \u00e9ditions Scala (2017)  BROCH\u00c9 :\u00a0144 pages LANGUE : fran\u00e7ais ISBN13 : 978-2-359-88193-6","og_url":"https:\/\/www.booksonthemove.fr\/en\/produit\/le-cirque-contemporain\/","og_site_name":"Books on the Move","article_publisher":"https:\/\/www.facebook.com\/Librairiebooksonthemove\/","article_modified_time":"2022-08-31T11:16:12+00:00","og_image":[{"width":768,"height":1004,"url":"https:\/\/www.booksonthemove.fr\/media\/bom_2355.jpg","type":"image\/jpeg"}],"twitter_card":"summary_large_image","schema":{"@context":"https:\/\/schema.org","@graph":[{"@type":"WebPage","@id":"https:\/\/www.booksonthemove.fr\/en\/produit\/le-cirque-contemporain\/","url":"https:\/\/www.booksonthemove.fr\/en\/produit\/le-cirque-contemporain\/","name":"Le cirque contemporain - Books on the Move","isPartOf":{"@id":"https:\/\/www.booksonthemove.fr\/#website"},"primaryImageOfPage":{"@id":"https:\/\/www.booksonthemove.fr\/en\/produit\/le-cirque-contemporain\/#primaryimage"},"image":{"@id":"https:\/\/www.booksonthemove.fr\/en\/produit\/le-cirque-contemporain\/#primaryimage"},"thumbnailUrl":"https:\/\/www.booksonthemove.fr\/media\/bom_2355.jpg","datePublished":"2021-03-31T11:13:12+00:00","dateModified":"2022-08-31T11:16:12+00:00","breadcrumb":{"@id":"https:\/\/www.booksonthemove.fr\/en\/produit\/le-cirque-contemporain\/#breadcrumb"},"inLanguage":"en-US","potentialAction":[{"@type":"ReadAction","target":["https:\/\/www.booksonthemove.fr\/en\/produit\/le-cirque-contemporain\/"]}]},{"@type":"ImageObject","inLanguage":"en-US","@id":"https:\/\/www.booksonthemove.fr\/en\/produit\/le-cirque-contemporain\/#primaryimage","url":"https:\/\/www.booksonthemove.fr\/media\/bom_2355.jpg","contentUrl":"https:\/\/www.booksonthemove.fr\/media\/bom_2355.jpg","width":768,"height":1004},{"@type":"BreadcrumbList","@id":"https:\/\/www.booksonthemove.fr\/en\/produit\/le-cirque-contemporain\/#breadcrumb","itemListElement":[{"@type":"ListItem","position":1,"name":"Accueil","item":"https:\/\/www.booksonthemove.fr\/en\/"},{"@type":"ListItem","position":2,"name":"online store","item":"https:\/\/www.booksonthemove.fr\/en\/online-shop\/"},{"@type":"ListItem","position":3,"name":"Le cirque contemporain"}]},{"@type":"WebSite","@id":"https:\/\/www.booksonthemove.fr\/#website","url":"https:\/\/www.booksonthemove.fr\/","name":"Books on the Move","description":"librairie nomade - danse - mouvement - performance","publisher":{"@id":"https:\/\/www.booksonthemove.fr\/#organization"},"potentialAction":[{"@type":"SearchAction","target":{"@type":"EntryPoint","urlTemplate":"https:\/\/www.booksonthemove.fr\/?s={search_term_string}"},"query-input":{"@type":"PropertyValueSpecification","valueRequired":true,"valueName":"search_term_string"}}],"inLanguage":"en-US"},{"@type":"Organization","@id":"https:\/\/www.booksonthemove.fr\/#organization","name":"Books on the Move","url":"https:\/\/www.booksonthemove.fr\/","logo":{"@type":"ImageObject","inLanguage":"en-US","@id":"https:\/\/www.booksonthemove.fr\/#\/schema\/logo\/image\/","url":"https:\/\/www.booksonthemove.fr\/media\/logo-NB-400.jpg","contentUrl":"https:\/\/www.booksonthemove.fr\/media\/logo-NB-400.jpg","width":400,"height":143,"caption":"Books on the Move"},"image":{"@id":"https:\/\/www.booksonthemove.fr\/#\/schema\/logo\/image\/"},"sameAs":["https:\/\/www.facebook.com\/Librairiebooksonthemove\/"]}]}},"_links":{"self":[{"href":"https:\/\/www.booksonthemove.fr\/en\/wp-json\/wp\/v2\/product\/34945","targetHints":{"allow":["GET"]}}],"collection":[{"href":"https:\/\/www.booksonthemove.fr\/en\/wp-json\/wp\/v2\/product"}],"about":[{"href":"https:\/\/www.booksonthemove.fr\/en\/wp-json\/wp\/v2\/types\/product"}],"wp:featuredmedia":[{"embeddable":true,"href":"https:\/\/www.booksonthemove.fr\/en\/wp-json\/wp\/v2\/media\/34944"}],"wp:attachment":[{"href":"https:\/\/www.booksonthemove.fr\/en\/wp-json\/wp\/v2\/media?parent=34945"}],"wp:term":[{"taxonomy":"product_brand","embeddable":true,"href":"https:\/\/www.booksonthemove.fr\/en\/wp-json\/wp\/v2\/product_brand?post=34945"},{"taxonomy":"product_cat","embeddable":true,"href":"https:\/\/www.booksonthemove.fr\/en\/wp-json\/wp\/v2\/product_cat?post=34945"},{"taxonomy":"product_tag","embeddable":true,"href":"https:\/\/www.booksonthemove.fr\/en\/wp-json\/wp\/v2\/product_tag?post=34945"}],"curies":[{"name":"wp","href":"https:\/\/api.w.org\/{rel}","templated":true}]}}