{"id":34949,"date":"2021-03-31T11:57:26","date_gmt":"2021-03-31T09:57:26","guid":{"rendered":"https:\/\/www.booksonthemove.fr\/produit\/danse-contemporaine\/"},"modified":"2022-09-01T12:05:39","modified_gmt":"2022-09-01T10:05:39","slug":"danse-contemporaine","status":"publish","type":"product","link":"https:\/\/www.booksonthemove.fr\/en\/produit\/danse-contemporaine\/","title":{"rendered":"Danse contemporaine"},"content":{"rendered":"<p>Au d\u00e9but des ann\u00e9es 1980, des chor\u00e9graphes inconnus comme Gallotta, Chopinot, Preljocaj ou Decoufl\u00e9 inventent une danse jamais vue. Elle s\u2019affirme comme un carrefour d\u2019exp\u00e9rimentations entre le geste, la musique, le th\u00e9\u00e2tre, le cirque, les arts plastiques.<\/p>\n<p>Cette nouvelle sc\u00e8ne, d\u00e9sireuse de renverser les valeurs en cours, poss\u00e8de toutefois nombre de r\u00e9f\u00e9rences: au premier plan B\u00e9jart et Merce Cunningham, mais aussi Alvin Nikolais, Pina\u00a0Bausch, Fran\u00e7oise et Dominique Dupuy.<\/p>\n<p>Depuis, cette lame de fond n\u2019a cess\u00e9 de s\u2019amplifier et de se m\u00e9tamorphoser. Dans les ann\u00e9es 1990, de nouveaux interpr\u00e8tes (Bel, Rizzo, Charmatz\u2026) remettent en cause cette \u00abbelle danse\u00bb et la \u00abdanse conceptuelle\u00bb va balayer l\u2019optimisme des ann\u00e9es 1980. Mais la danse contemporaine n\u2019a pas perdu son app\u00e9tit d\u2019exp\u00e9riences et de d\u00e9couvertes: dans les ann\u00e9es 2000, elle s\u2019ouvre au multim\u00e9dia, au collage des arts et l\u2019\u00e9clectisme des propositions explose plus que jamais\u2009: fresques vid\u00e9o, hip-hop, flamenco (Montalvo), minimalisme (Hoghe) ou classique contemporain (Preljocaj).<\/p>\n<p>Ce parcours, forc\u00e9ment subjectif, \u00e0 travers l\u2019histoire r\u00e9cente de la danse contemporaine, est illustr\u00e9 par un large ensemble de photographies de Laurent Philippe.<\/p>\n","protected":false},"excerpt":{"rendered":"<p><strong>AUTEUR\u00b7ES : <\/strong>Rosita Boisseau &amp;\u00a0Laurent Philippe<br \/>\n<strong>EDITEUR :<\/strong>\u00a0nouvelles \u00e9ditions Scala (2016)<\/p>\n<p><strong>BROCH\u00c9 :<\/strong>\u00a0144 pages<br \/>\n<strong>LANGUE :<\/strong> fran\u00e7ais<br \/>\n<strong>ISBN13 :<\/strong> 978-2-359-88173-8<\/p>\n","protected":false},"featured_media":34948,"template":"","meta":[],"product_brand":[],"product_cat":[149,162],"product_tag":[],"class_list":{"0":"post-34949","1":"product","2":"type-product","3":"status-publish","4":"has-post-thumbnail","6":"product_cat-contemporary-dance-en","7":"product_cat-french-en","9":"first","10":"instock","11":"taxable","12":"shipping-taxable","13":"purchasable","14":"product-type-simple"},"yoast_head":"<!-- This site is optimized with the Yoast SEO plugin v27.4 - https:\/\/yoast.com\/product\/yoast-seo-wordpress\/ -->\n<title>Danse contemporaine - Books on the Move<\/title>\n<meta name=\"robots\" content=\"index, follow, max-snippet:-1, max-image-preview:large, max-video-preview:-1\" \/>\n<link rel=\"canonical\" href=\"https:\/\/www.booksonthemove.fr\/en\/produit\/danse-contemporaine\/\" \/>\n<meta property=\"og:locale\" content=\"en_US\" \/>\n<meta property=\"og:type\" content=\"article\" \/>\n<meta property=\"og:title\" content=\"Danse contemporaine - Books on the Move\" \/>\n<meta property=\"og:description\" content=\"AUTEUR\u00b7ES : Rosita Boisseau &amp;\u00a0Laurent Philippe EDITEUR :\u00a0nouvelles \u00e9ditions Scala (2016)  BROCH\u00c9 :\u00a0144 pages LANGUE : fran\u00e7ais ISBN13 : 978-2-359-88173-8\" \/>\n<meta property=\"og:url\" content=\"https:\/\/www.booksonthemove.fr\/en\/produit\/danse-contemporaine\/\" \/>\n<meta property=\"og:site_name\" content=\"Books on the Move\" \/>\n<meta property=\"article:publisher\" content=\"https:\/\/www.facebook.com\/Librairiebooksonthemove\/\" \/>\n<meta property=\"article:modified_time\" content=\"2022-09-01T10:05:39+00:00\" \/>\n<meta property=\"og:image\" content=\"https:\/\/www.booksonthemove.fr\/media\/bom_2356.jpg\" \/>\n\t<meta property=\"og:image:width\" content=\"768\" \/>\n\t<meta property=\"og:image:height\" content=\"1002\" \/>\n\t<meta property=\"og:image:type\" content=\"image\/jpeg\" \/>\n<meta name=\"twitter:card\" content=\"summary_large_image\" \/>\n<script type=\"application\/ld+json\" class=\"yoast-schema-graph\">{\"@context\":\"https:\\\/\\\/schema.org\",\"@graph\":[{\"@type\":\"WebPage\",\"@id\":\"https:\\\/\\\/www.booksonthemove.fr\\\/en\\\/produit\\\/danse-contemporaine\\\/\",\"url\":\"https:\\\/\\\/www.booksonthemove.fr\\\/en\\\/produit\\\/danse-contemporaine\\\/\",\"name\":\"Danse contemporaine - Books on the Move\",\"isPartOf\":{\"@id\":\"https:\\\/\\\/www.booksonthemove.fr\\\/#website\"},\"primaryImageOfPage\":{\"@id\":\"https:\\\/\\\/www.booksonthemove.fr\\\/en\\\/produit\\\/danse-contemporaine\\\/#primaryimage\"},\"image\":{\"@id\":\"https:\\\/\\\/www.booksonthemove.fr\\\/en\\\/produit\\\/danse-contemporaine\\\/#primaryimage\"},\"thumbnailUrl\":\"https:\\\/\\\/www.booksonthemove.fr\\\/media\\\/bom_2356.jpg\",\"datePublished\":\"2021-03-31T09:57:26+00:00\",\"dateModified\":\"2022-09-01T10:05:39+00:00\",\"breadcrumb\":{\"@id\":\"https:\\\/\\\/www.booksonthemove.fr\\\/en\\\/produit\\\/danse-contemporaine\\\/#breadcrumb\"},\"inLanguage\":\"en-US\",\"potentialAction\":[{\"@type\":\"ReadAction\",\"target\":[\"https:\\\/\\\/www.booksonthemove.fr\\\/en\\\/produit\\\/danse-contemporaine\\\/\"]}]},{\"@type\":\"ImageObject\",\"inLanguage\":\"en-US\",\"@id\":\"https:\\\/\\\/www.booksonthemove.fr\\\/en\\\/produit\\\/danse-contemporaine\\\/#primaryimage\",\"url\":\"https:\\\/\\\/www.booksonthemove.fr\\\/media\\\/bom_2356.jpg\",\"contentUrl\":\"https:\\\/\\\/www.booksonthemove.fr\\\/media\\\/bom_2356.jpg\",\"width\":768,\"height\":1002},{\"@type\":\"BreadcrumbList\",\"@id\":\"https:\\\/\\\/www.booksonthemove.fr\\\/en\\\/produit\\\/danse-contemporaine\\\/#breadcrumb\",\"itemListElement\":[{\"@type\":\"ListItem\",\"position\":1,\"name\":\"Accueil\",\"item\":\"https:\\\/\\\/www.booksonthemove.fr\\\/en\\\/\"},{\"@type\":\"ListItem\",\"position\":2,\"name\":\"online store\",\"item\":\"https:\\\/\\\/www.booksonthemove.fr\\\/en\\\/online-shop\\\/\"},{\"@type\":\"ListItem\",\"position\":3,\"name\":\"Danse contemporaine\"}]},{\"@type\":\"WebSite\",\"@id\":\"https:\\\/\\\/www.booksonthemove.fr\\\/#website\",\"url\":\"https:\\\/\\\/www.booksonthemove.fr\\\/\",\"name\":\"Books on the Move\",\"description\":\"librairie nomade - danse - mouvement - performance\",\"publisher\":{\"@id\":\"https:\\\/\\\/www.booksonthemove.fr\\\/#organization\"},\"potentialAction\":[{\"@type\":\"SearchAction\",\"target\":{\"@type\":\"EntryPoint\",\"urlTemplate\":\"https:\\\/\\\/www.booksonthemove.fr\\\/?s={search_term_string}\"},\"query-input\":{\"@type\":\"PropertyValueSpecification\",\"valueRequired\":true,\"valueName\":\"search_term_string\"}}],\"inLanguage\":\"en-US\"},{\"@type\":\"Organization\",\"@id\":\"https:\\\/\\\/www.booksonthemove.fr\\\/#organization\",\"name\":\"Books on the Move\",\"url\":\"https:\\\/\\\/www.booksonthemove.fr\\\/\",\"logo\":{\"@type\":\"ImageObject\",\"inLanguage\":\"en-US\",\"@id\":\"https:\\\/\\\/www.booksonthemove.fr\\\/#\\\/schema\\\/logo\\\/image\\\/\",\"url\":\"https:\\\/\\\/www.booksonthemove.fr\\\/media\\\/logo-NB-400.jpg\",\"contentUrl\":\"https:\\\/\\\/www.booksonthemove.fr\\\/media\\\/logo-NB-400.jpg\",\"width\":400,\"height\":143,\"caption\":\"Books on the Move\"},\"image\":{\"@id\":\"https:\\\/\\\/www.booksonthemove.fr\\\/#\\\/schema\\\/logo\\\/image\\\/\"},\"sameAs\":[\"https:\\\/\\\/www.facebook.com\\\/Librairiebooksonthemove\\\/\"]}]}<\/script>\n<!-- \/ Yoast SEO plugin. -->","yoast_head_json":{"title":"Danse contemporaine - Books on the Move","robots":{"index":"index","follow":"follow","max-snippet":"max-snippet:-1","max-image-preview":"max-image-preview:large","max-video-preview":"max-video-preview:-1"},"canonical":"https:\/\/www.booksonthemove.fr\/en\/produit\/danse-contemporaine\/","og_locale":"en_US","og_type":"article","og_title":"Danse contemporaine - Books on the Move","og_description":"AUTEUR\u00b7ES : Rosita Boisseau &amp;\u00a0Laurent Philippe EDITEUR :\u00a0nouvelles \u00e9ditions Scala (2016)  BROCH\u00c9 :\u00a0144 pages LANGUE : fran\u00e7ais ISBN13 : 978-2-359-88173-8","og_url":"https:\/\/www.booksonthemove.fr\/en\/produit\/danse-contemporaine\/","og_site_name":"Books on the Move","article_publisher":"https:\/\/www.facebook.com\/Librairiebooksonthemove\/","article_modified_time":"2022-09-01T10:05:39+00:00","og_image":[{"width":768,"height":1002,"url":"https:\/\/www.booksonthemove.fr\/media\/bom_2356.jpg","type":"image\/jpeg"}],"twitter_card":"summary_large_image","schema":{"@context":"https:\/\/schema.org","@graph":[{"@type":"WebPage","@id":"https:\/\/www.booksonthemove.fr\/en\/produit\/danse-contemporaine\/","url":"https:\/\/www.booksonthemove.fr\/en\/produit\/danse-contemporaine\/","name":"Danse contemporaine - Books on the Move","isPartOf":{"@id":"https:\/\/www.booksonthemove.fr\/#website"},"primaryImageOfPage":{"@id":"https:\/\/www.booksonthemove.fr\/en\/produit\/danse-contemporaine\/#primaryimage"},"image":{"@id":"https:\/\/www.booksonthemove.fr\/en\/produit\/danse-contemporaine\/#primaryimage"},"thumbnailUrl":"https:\/\/www.booksonthemove.fr\/media\/bom_2356.jpg","datePublished":"2021-03-31T09:57:26+00:00","dateModified":"2022-09-01T10:05:39+00:00","breadcrumb":{"@id":"https:\/\/www.booksonthemove.fr\/en\/produit\/danse-contemporaine\/#breadcrumb"},"inLanguage":"en-US","potentialAction":[{"@type":"ReadAction","target":["https:\/\/www.booksonthemove.fr\/en\/produit\/danse-contemporaine\/"]}]},{"@type":"ImageObject","inLanguage":"en-US","@id":"https:\/\/www.booksonthemove.fr\/en\/produit\/danse-contemporaine\/#primaryimage","url":"https:\/\/www.booksonthemove.fr\/media\/bom_2356.jpg","contentUrl":"https:\/\/www.booksonthemove.fr\/media\/bom_2356.jpg","width":768,"height":1002},{"@type":"BreadcrumbList","@id":"https:\/\/www.booksonthemove.fr\/en\/produit\/danse-contemporaine\/#breadcrumb","itemListElement":[{"@type":"ListItem","position":1,"name":"Accueil","item":"https:\/\/www.booksonthemove.fr\/en\/"},{"@type":"ListItem","position":2,"name":"online store","item":"https:\/\/www.booksonthemove.fr\/en\/online-shop\/"},{"@type":"ListItem","position":3,"name":"Danse contemporaine"}]},{"@type":"WebSite","@id":"https:\/\/www.booksonthemove.fr\/#website","url":"https:\/\/www.booksonthemove.fr\/","name":"Books on the Move","description":"librairie nomade - danse - mouvement - performance","publisher":{"@id":"https:\/\/www.booksonthemove.fr\/#organization"},"potentialAction":[{"@type":"SearchAction","target":{"@type":"EntryPoint","urlTemplate":"https:\/\/www.booksonthemove.fr\/?s={search_term_string}"},"query-input":{"@type":"PropertyValueSpecification","valueRequired":true,"valueName":"search_term_string"}}],"inLanguage":"en-US"},{"@type":"Organization","@id":"https:\/\/www.booksonthemove.fr\/#organization","name":"Books on the Move","url":"https:\/\/www.booksonthemove.fr\/","logo":{"@type":"ImageObject","inLanguage":"en-US","@id":"https:\/\/www.booksonthemove.fr\/#\/schema\/logo\/image\/","url":"https:\/\/www.booksonthemove.fr\/media\/logo-NB-400.jpg","contentUrl":"https:\/\/www.booksonthemove.fr\/media\/logo-NB-400.jpg","width":400,"height":143,"caption":"Books on the Move"},"image":{"@id":"https:\/\/www.booksonthemove.fr\/#\/schema\/logo\/image\/"},"sameAs":["https:\/\/www.facebook.com\/Librairiebooksonthemove\/"]}]}},"_links":{"self":[{"href":"https:\/\/www.booksonthemove.fr\/en\/wp-json\/wp\/v2\/product\/34949","targetHints":{"allow":["GET"]}}],"collection":[{"href":"https:\/\/www.booksonthemove.fr\/en\/wp-json\/wp\/v2\/product"}],"about":[{"href":"https:\/\/www.booksonthemove.fr\/en\/wp-json\/wp\/v2\/types\/product"}],"wp:featuredmedia":[{"embeddable":true,"href":"https:\/\/www.booksonthemove.fr\/en\/wp-json\/wp\/v2\/media\/34948"}],"wp:attachment":[{"href":"https:\/\/www.booksonthemove.fr\/en\/wp-json\/wp\/v2\/media?parent=34949"}],"wp:term":[{"taxonomy":"product_brand","embeddable":true,"href":"https:\/\/www.booksonthemove.fr\/en\/wp-json\/wp\/v2\/product_brand?post=34949"},{"taxonomy":"product_cat","embeddable":true,"href":"https:\/\/www.booksonthemove.fr\/en\/wp-json\/wp\/v2\/product_cat?post=34949"},{"taxonomy":"product_tag","embeddable":true,"href":"https:\/\/www.booksonthemove.fr\/en\/wp-json\/wp\/v2\/product_tag?post=34949"}],"curies":[{"name":"wp","href":"https:\/\/api.w.org\/{rel}","templated":true}]}}