{"id":35212,"date":"2022-10-10T14:44:29","date_gmt":"2022-10-10T12:44:29","guid":{"rendered":"https:\/\/www.booksonthemove.fr\/produit\/artistes-chercheur%c2%b7es-chercheur%c2%b7es-artistes-performer-les-savoirs\/"},"modified":"2026-04-24T15:23:39","modified_gmt":"2026-04-24T13:23:39","slug":"artistes-chercheur%c2%b7es-chercheur%c2%b7es-artistes-performer-les-savoirs","status":"publish","type":"product","link":"https:\/\/www.booksonthemove.fr\/en\/produit\/artistes-chercheur%c2%b7es-chercheur%c2%b7es-artistes-performer-les-savoirs\/","title":{"rendered":"Artistes-chercheur\u00b7es, chercheur\u00b7es-artistes \u2013 Performer les savoirs"},"content":{"rendered":"<p>La sc\u00e8ne pense. Mais encore\u00a0?<br \/>\nElle engage des rapports aux savoirs qui lui sont propres et qui ne sauraient exister autrement. Qu&#8217;il s&#8217;agisse de conf\u00e9rences perform\u00e9es, de spectacles documentaires ou de recherche-cr\u00e9ation, le th\u00e9\u00e2tre et la performance affichent aujourd&#8217;hui une pr\u00e9dilection pour la recherche. Mais qu&#8217;est-ce que d\u00e9ployer un processus de recherche sur un plateau, dans un studio ou une salle de classe lorsque l&#8217;on est artiste, chercheur\u00b7e ou\u2026 un peu des deux ? Quels sont les enjeux des pratiques actuelles de recherche et de cr\u00e9ation qui performent des savoirs\u00a0? Quels sont les gestes critiques, les dispositifs sensibles, les corps et les voix qui permettent de g\u00e9n\u00e9rer ces exp\u00e9riences de pens\u00e9e singuli\u00e8res\u00a0?<br \/>\nCet ouvrage propose de mettre en partage quelques-uns des outils heuristiques et exp\u00e9rientiels mobilis\u00e9s par celles et ceux qui inventent des hybridations in\u00e9dites entre recherche, cr\u00e9ation et p\u00e9dagogie. Il r\u00e9unit des t\u00e9moignages d&#8217;artistes et de chercheur\u00b7es qui interrogent, voire mettent en crise, le cheminement de leur pens\u00e9e ainsi que la forme et le contenu de leurs savoirs, que ce soit dans les fa\u00e7ons de faire recherche ou dans les modalit\u00e9s de transmission imagin\u00e9es. \u00c0 travers une grande diversit\u00e9 d&#8217;\u00e9critures, de l&#8217;essai th\u00e9orique \u00e0 la provocation pol\u00e9mique, de la partition au protocole de performance, en passant par le r\u00e9cit d&#8217;exp\u00e9rience ou la trace d&#8217;un atelier, c&#8217;est la force \u00e9pist\u00e9mique et \u00e9pist\u00e9mologique de l&#8217;acte th\u00e9\u00e2tral et performatif que ce livre postule et examine.<\/p>\n<p>Contributions de Vangelis Athanassopoulos, Eliane Beaufils, Marion Boudier, Laura Cull \u00d3 Maoilearca, Chlo\u00e9 D\u00e9chery, Rapha\u00eblle Doyon, Tim Etchells, G.U.I., Yvain Juillard, Barbara Formis, Julien Fournet, Lewis Gibson, Louise Herv\u00e9, Jenny Hunt, Laura Hunter Petree, Chlo\u00e9 Lavalette, Caroline Lion, Mireille Losco-Lena, Clovis Maillet, Guillaume Mazeau, Barbara M\u00e9tais-Chastanier, Alix De Morant, Olivier Normand, Laurent Pichaud, Ambra Pittoni, Efrosini Protopapa, Yves Rossetti, Emanuele Quinz, Sabine Quiriconi, Gretchen Schiller, Lois Weaver, \u00c9ric Valette.<\/p>\n","protected":false},"excerpt":{"rendered":"<p><b>AUTEURES : <\/b>Marion Boudier &amp; Chlo\u00e9 D\u00e9chery<br \/>\n<b>EDITEUR : <\/b>les presses du r\u00e9el (2022)<\/p>\n<p><strong>BROCH\u00c9 :<\/strong>\u00a0320 pages<br \/>\n<b>LANGUE : <\/b>Fran\u00e7ais<br \/>\n<strong>ISBN13 :<\/strong> 978-2-37896-326-2<\/p>\n","protected":false},"featured_media":35204,"template":"","meta":[],"product_brand":[],"product_cat":[226,162,139],"product_tag":[],"class_list":{"0":"post-35212","1":"product","2":"type-product","3":"status-publish","4":"has-post-thumbnail","6":"product_cat-anthologies-en","7":"product_cat-french-en","8":"product_cat-work-process-en","10":"first","11":"outofstock","12":"taxable","13":"shipping-taxable","14":"purchasable","15":"product-type-simple"},"yoast_head":"<!-- This site is optimized with the Yoast SEO plugin v27.4 - https:\/\/yoast.com\/product\/yoast-seo-wordpress\/ -->\n<title>Artistes-chercheur\u00b7es, chercheur\u00b7es-artistes \u2013 Performer les savoirs - Books on the Move<\/title>\n<meta name=\"robots\" content=\"index, follow, max-snippet:-1, max-image-preview:large, max-video-preview:-1\" \/>\n<link rel=\"canonical\" href=\"https:\/\/www.booksonthemove.fr\/en\/produit\/artistes-chercheur\u00b7es-chercheur\u00b7es-artistes-performer-les-savoirs\/\" \/>\n<meta property=\"og:locale\" content=\"en_US\" \/>\n<meta property=\"og:type\" content=\"article\" \/>\n<meta property=\"og:title\" content=\"Artistes-chercheur\u00b7es, chercheur\u00b7es-artistes \u2013 Performer les savoirs - Books on the Move\" \/>\n<meta property=\"og:description\" content=\"AUTEURES : Marion Boudier &amp; Chlo\u00e9 D\u00e9chery EDITEUR : les presses du r\u00e9el (2022)  BROCH\u00c9 :\u00a0320 pages LANGUE : Fran\u00e7ais ISBN13 : 978-2-37896-326-2\" \/>\n<meta property=\"og:url\" content=\"https:\/\/www.booksonthemove.fr\/en\/produit\/artistes-chercheur\u00b7es-chercheur\u00b7es-artistes-performer-les-savoirs\/\" \/>\n<meta property=\"og:site_name\" content=\"Books on the Move\" \/>\n<meta property=\"article:publisher\" content=\"https:\/\/www.facebook.com\/Librairiebooksonthemove\/\" \/>\n<meta property=\"article:modified_time\" content=\"2026-04-24T13:23:39+00:00\" \/>\n<meta property=\"og:image\" content=\"https:\/\/www.booksonthemove.fr\/media\/bom_2501.jpg\" \/>\n\t<meta property=\"og:image:width\" content=\"497\" \/>\n\t<meta property=\"og:image:height\" content=\"800\" \/>\n\t<meta property=\"og:image:type\" content=\"image\/jpeg\" \/>\n<meta name=\"twitter:card\" content=\"summary_large_image\" \/>\n<script type=\"application\/ld+json\" class=\"yoast-schema-graph\">{\"@context\":\"https:\\\/\\\/schema.org\",\"@graph\":[{\"@type\":\"WebPage\",\"@id\":\"https:\\\/\\\/www.booksonthemove.fr\\\/en\\\/produit\\\/artistes-chercheur%c2%b7es-chercheur%c2%b7es-artistes-performer-les-savoirs\\\/\",\"url\":\"https:\\\/\\\/www.booksonthemove.fr\\\/en\\\/produit\\\/artistes-chercheur%c2%b7es-chercheur%c2%b7es-artistes-performer-les-savoirs\\\/\",\"name\":\"Artistes-chercheur\u00b7es, chercheur\u00b7es-artistes \u2013 Performer les savoirs - Books on the Move\",\"isPartOf\":{\"@id\":\"https:\\\/\\\/www.booksonthemove.fr\\\/#website\"},\"primaryImageOfPage\":{\"@id\":\"https:\\\/\\\/www.booksonthemove.fr\\\/en\\\/produit\\\/artistes-chercheur%c2%b7es-chercheur%c2%b7es-artistes-performer-les-savoirs\\\/#primaryimage\"},\"image\":{\"@id\":\"https:\\\/\\\/www.booksonthemove.fr\\\/en\\\/produit\\\/artistes-chercheur%c2%b7es-chercheur%c2%b7es-artistes-performer-les-savoirs\\\/#primaryimage\"},\"thumbnailUrl\":\"https:\\\/\\\/www.booksonthemove.fr\\\/media\\\/bom_2501.jpg\",\"datePublished\":\"2022-10-10T12:44:29+00:00\",\"dateModified\":\"2026-04-24T13:23:39+00:00\",\"breadcrumb\":{\"@id\":\"https:\\\/\\\/www.booksonthemove.fr\\\/en\\\/produit\\\/artistes-chercheur%c2%b7es-chercheur%c2%b7es-artistes-performer-les-savoirs\\\/#breadcrumb\"},\"inLanguage\":\"en-US\",\"potentialAction\":[{\"@type\":\"ReadAction\",\"target\":[\"https:\\\/\\\/www.booksonthemove.fr\\\/en\\\/produit\\\/artistes-chercheur%c2%b7es-chercheur%c2%b7es-artistes-performer-les-savoirs\\\/\"]}]},{\"@type\":\"ImageObject\",\"inLanguage\":\"en-US\",\"@id\":\"https:\\\/\\\/www.booksonthemove.fr\\\/en\\\/produit\\\/artistes-chercheur%c2%b7es-chercheur%c2%b7es-artistes-performer-les-savoirs\\\/#primaryimage\",\"url\":\"https:\\\/\\\/www.booksonthemove.fr\\\/media\\\/bom_2501.jpg\",\"contentUrl\":\"https:\\\/\\\/www.booksonthemove.fr\\\/media\\\/bom_2501.jpg\",\"width\":497,\"height\":800},{\"@type\":\"BreadcrumbList\",\"@id\":\"https:\\\/\\\/www.booksonthemove.fr\\\/en\\\/produit\\\/artistes-chercheur%c2%b7es-chercheur%c2%b7es-artistes-performer-les-savoirs\\\/#breadcrumb\",\"itemListElement\":[{\"@type\":\"ListItem\",\"position\":1,\"name\":\"Accueil\",\"item\":\"https:\\\/\\\/www.booksonthemove.fr\\\/en\\\/\"},{\"@type\":\"ListItem\",\"position\":2,\"name\":\"online store\",\"item\":\"https:\\\/\\\/www.booksonthemove.fr\\\/en\\\/online-shop\\\/\"},{\"@type\":\"ListItem\",\"position\":3,\"name\":\"Artistes-chercheur\u00b7es, chercheur\u00b7es-artistes \u2013 Performer les savoirs\"}]},{\"@type\":\"WebSite\",\"@id\":\"https:\\\/\\\/www.booksonthemove.fr\\\/#website\",\"url\":\"https:\\\/\\\/www.booksonthemove.fr\\\/\",\"name\":\"Books on the Move\",\"description\":\"librairie nomade - danse - mouvement - performance\",\"publisher\":{\"@id\":\"https:\\\/\\\/www.booksonthemove.fr\\\/#organization\"},\"potentialAction\":[{\"@type\":\"SearchAction\",\"target\":{\"@type\":\"EntryPoint\",\"urlTemplate\":\"https:\\\/\\\/www.booksonthemove.fr\\\/?s={search_term_string}\"},\"query-input\":{\"@type\":\"PropertyValueSpecification\",\"valueRequired\":true,\"valueName\":\"search_term_string\"}}],\"inLanguage\":\"en-US\"},{\"@type\":\"Organization\",\"@id\":\"https:\\\/\\\/www.booksonthemove.fr\\\/#organization\",\"name\":\"Books on the Move\",\"url\":\"https:\\\/\\\/www.booksonthemove.fr\\\/\",\"logo\":{\"@type\":\"ImageObject\",\"inLanguage\":\"en-US\",\"@id\":\"https:\\\/\\\/www.booksonthemove.fr\\\/#\\\/schema\\\/logo\\\/image\\\/\",\"url\":\"https:\\\/\\\/www.booksonthemove.fr\\\/media\\\/logo-NB-400.jpg\",\"contentUrl\":\"https:\\\/\\\/www.booksonthemove.fr\\\/media\\\/logo-NB-400.jpg\",\"width\":400,\"height\":143,\"caption\":\"Books on the Move\"},\"image\":{\"@id\":\"https:\\\/\\\/www.booksonthemove.fr\\\/#\\\/schema\\\/logo\\\/image\\\/\"},\"sameAs\":[\"https:\\\/\\\/www.facebook.com\\\/Librairiebooksonthemove\\\/\"]}]}<\/script>\n<!-- \/ Yoast SEO plugin. -->","yoast_head_json":{"title":"Artistes-chercheur\u00b7es, chercheur\u00b7es-artistes \u2013 Performer les savoirs - Books on the Move","robots":{"index":"index","follow":"follow","max-snippet":"max-snippet:-1","max-image-preview":"max-image-preview:large","max-video-preview":"max-video-preview:-1"},"canonical":"https:\/\/www.booksonthemove.fr\/en\/produit\/artistes-chercheur\u00b7es-chercheur\u00b7es-artistes-performer-les-savoirs\/","og_locale":"en_US","og_type":"article","og_title":"Artistes-chercheur\u00b7es, chercheur\u00b7es-artistes \u2013 Performer les savoirs - Books on the Move","og_description":"AUTEURES : Marion Boudier &amp; Chlo\u00e9 D\u00e9chery EDITEUR : les presses du r\u00e9el (2022)  BROCH\u00c9 :\u00a0320 pages LANGUE : Fran\u00e7ais ISBN13 : 978-2-37896-326-2","og_url":"https:\/\/www.booksonthemove.fr\/en\/produit\/artistes-chercheur\u00b7es-chercheur\u00b7es-artistes-performer-les-savoirs\/","og_site_name":"Books on the Move","article_publisher":"https:\/\/www.facebook.com\/Librairiebooksonthemove\/","article_modified_time":"2026-04-24T13:23:39+00:00","og_image":[{"width":497,"height":800,"url":"https:\/\/www.booksonthemove.fr\/media\/bom_2501.jpg","type":"image\/jpeg"}],"twitter_card":"summary_large_image","schema":{"@context":"https:\/\/schema.org","@graph":[{"@type":"WebPage","@id":"https:\/\/www.booksonthemove.fr\/en\/produit\/artistes-chercheur%c2%b7es-chercheur%c2%b7es-artistes-performer-les-savoirs\/","url":"https:\/\/www.booksonthemove.fr\/en\/produit\/artistes-chercheur%c2%b7es-chercheur%c2%b7es-artistes-performer-les-savoirs\/","name":"Artistes-chercheur\u00b7es, chercheur\u00b7es-artistes \u2013 Performer les savoirs - Books on the Move","isPartOf":{"@id":"https:\/\/www.booksonthemove.fr\/#website"},"primaryImageOfPage":{"@id":"https:\/\/www.booksonthemove.fr\/en\/produit\/artistes-chercheur%c2%b7es-chercheur%c2%b7es-artistes-performer-les-savoirs\/#primaryimage"},"image":{"@id":"https:\/\/www.booksonthemove.fr\/en\/produit\/artistes-chercheur%c2%b7es-chercheur%c2%b7es-artistes-performer-les-savoirs\/#primaryimage"},"thumbnailUrl":"https:\/\/www.booksonthemove.fr\/media\/bom_2501.jpg","datePublished":"2022-10-10T12:44:29+00:00","dateModified":"2026-04-24T13:23:39+00:00","breadcrumb":{"@id":"https:\/\/www.booksonthemove.fr\/en\/produit\/artistes-chercheur%c2%b7es-chercheur%c2%b7es-artistes-performer-les-savoirs\/#breadcrumb"},"inLanguage":"en-US","potentialAction":[{"@type":"ReadAction","target":["https:\/\/www.booksonthemove.fr\/en\/produit\/artistes-chercheur%c2%b7es-chercheur%c2%b7es-artistes-performer-les-savoirs\/"]}]},{"@type":"ImageObject","inLanguage":"en-US","@id":"https:\/\/www.booksonthemove.fr\/en\/produit\/artistes-chercheur%c2%b7es-chercheur%c2%b7es-artistes-performer-les-savoirs\/#primaryimage","url":"https:\/\/www.booksonthemove.fr\/media\/bom_2501.jpg","contentUrl":"https:\/\/www.booksonthemove.fr\/media\/bom_2501.jpg","width":497,"height":800},{"@type":"BreadcrumbList","@id":"https:\/\/www.booksonthemove.fr\/en\/produit\/artistes-chercheur%c2%b7es-chercheur%c2%b7es-artistes-performer-les-savoirs\/#breadcrumb","itemListElement":[{"@type":"ListItem","position":1,"name":"Accueil","item":"https:\/\/www.booksonthemove.fr\/en\/"},{"@type":"ListItem","position":2,"name":"online store","item":"https:\/\/www.booksonthemove.fr\/en\/online-shop\/"},{"@type":"ListItem","position":3,"name":"Artistes-chercheur\u00b7es, chercheur\u00b7es-artistes \u2013 Performer les savoirs"}]},{"@type":"WebSite","@id":"https:\/\/www.booksonthemove.fr\/#website","url":"https:\/\/www.booksonthemove.fr\/","name":"Books on the Move","description":"librairie nomade - danse - mouvement - performance","publisher":{"@id":"https:\/\/www.booksonthemove.fr\/#organization"},"potentialAction":[{"@type":"SearchAction","target":{"@type":"EntryPoint","urlTemplate":"https:\/\/www.booksonthemove.fr\/?s={search_term_string}"},"query-input":{"@type":"PropertyValueSpecification","valueRequired":true,"valueName":"search_term_string"}}],"inLanguage":"en-US"},{"@type":"Organization","@id":"https:\/\/www.booksonthemove.fr\/#organization","name":"Books on the Move","url":"https:\/\/www.booksonthemove.fr\/","logo":{"@type":"ImageObject","inLanguage":"en-US","@id":"https:\/\/www.booksonthemove.fr\/#\/schema\/logo\/image\/","url":"https:\/\/www.booksonthemove.fr\/media\/logo-NB-400.jpg","contentUrl":"https:\/\/www.booksonthemove.fr\/media\/logo-NB-400.jpg","width":400,"height":143,"caption":"Books on the Move"},"image":{"@id":"https:\/\/www.booksonthemove.fr\/#\/schema\/logo\/image\/"},"sameAs":["https:\/\/www.facebook.com\/Librairiebooksonthemove\/"]}]}},"_links":{"self":[{"href":"https:\/\/www.booksonthemove.fr\/en\/wp-json\/wp\/v2\/product\/35212","targetHints":{"allow":["GET"]}}],"collection":[{"href":"https:\/\/www.booksonthemove.fr\/en\/wp-json\/wp\/v2\/product"}],"about":[{"href":"https:\/\/www.booksonthemove.fr\/en\/wp-json\/wp\/v2\/types\/product"}],"wp:featuredmedia":[{"embeddable":true,"href":"https:\/\/www.booksonthemove.fr\/en\/wp-json\/wp\/v2\/media\/35204"}],"wp:attachment":[{"href":"https:\/\/www.booksonthemove.fr\/en\/wp-json\/wp\/v2\/media?parent=35212"}],"wp:term":[{"taxonomy":"product_brand","embeddable":true,"href":"https:\/\/www.booksonthemove.fr\/en\/wp-json\/wp\/v2\/product_brand?post=35212"},{"taxonomy":"product_cat","embeddable":true,"href":"https:\/\/www.booksonthemove.fr\/en\/wp-json\/wp\/v2\/product_cat?post=35212"},{"taxonomy":"product_tag","embeddable":true,"href":"https:\/\/www.booksonthemove.fr\/en\/wp-json\/wp\/v2\/product_tag?post=35212"}],"curies":[{"name":"wp","href":"https:\/\/api.w.org\/{rel}","templated":true}]}}