{"id":35542,"date":"2022-11-22T15:55:37","date_gmt":"2022-11-22T14:55:37","guid":{"rendered":"https:\/\/www.booksonthemove.fr\/produit\/et-le-desir-devient-danse\/"},"modified":"2022-12-15T17:24:40","modified_gmt":"2022-12-15T16:24:40","slug":"et-le-desir-devient-danse","status":"publish","type":"product","link":"https:\/\/www.booksonthemove.fr\/en\/produit\/et-le-desir-devient-danse\/","title":{"rendered":"Et le d\u00e9sir devient danse"},"content":{"rendered":"<p>Ce livre pr\u00e9sente les chemins qu\u2019ont suivis huit chor\u00e9graphes pour \u00e9crire leurs \u0153uvres ; il met en lumi\u00e8re les \u00e9tapes et les proc\u00e9d\u00e9s qui leur sont communs mais aussi leurs mani\u00e8res de faire plus personnelles, leurs fa\u00e7ons d\u2019improviser ou de faire improviser, entre autres. L\u2019ouvrage relate ce que cr\u00e9er veut dire pour ces chor\u00e9graphes en d\u00e9crivant les actions, les ressources, les m\u00e9thodes, les proc\u00e9dures qu\u2019ils utilisent ; il rend compte de leurs choix esth\u00e9tiques ; il s\u2019int\u00e9resse aux traces qu\u2019ils fabriquent pour se souvenir des id\u00e9es et des formes qu\u2019ils inventent tout au long du travail. Bien que le myst\u00e8re de la cr\u00e9ation artistique \u00e9chappe \u00e0 l\u2019analyse, comme il \u00e9chappe sans doute partiellement aux artistes eux-m\u00eames, ce livre soul\u00e8ve un peu le voile de l\u2019inspiration et de l\u2019alchimie qui pr\u00e9valent \u00e0 l\u2019\u00e9criture d\u2019une chor\u00e9graphie. Les enseignants d\u2019EPS qui, selon les programmes, doivent \u00ab engager leurs \u00e9l\u00e8ves dans un processus de cr\u00e9ation \u00bb, trouveront certainement dans ces pages des m\u00e9thodes, des outils, des postures et des r\u00e8gles qui les aideront \u00e0 bien le faire.<\/p>\n","protected":false},"excerpt":{"rendered":"<p><strong>AUTEURES :\u00a0<\/strong>Maryse Feron &amp; Mich\u00e8le M\u00e9toudi<br \/>\n<strong>EDITEUR :<\/strong> Edition Passeurs de danse &#8211; CoolLibri (2021)<\/p>\n<p><strong>BROCH\u00c9 :<\/strong>\u00a0250 pages<br \/>\n<strong>LANGUE :<\/strong> Fran\u00e7ais<br \/>\n<strong>ISBN13 :<\/strong> 979-1-034-36410-7<\/p>\n","protected":false},"featured_media":35541,"template":"","meta":[],"product_brand":[],"product_cat":[146,162,139],"product_tag":[],"class_list":{"0":"post-35542","1":"product","2":"type-product","3":"status-publish","4":"has-post-thumbnail","6":"product_cat-theoretical-texts-en","7":"product_cat-french-en","8":"product_cat-work-process-en","10":"first","11":"instock","12":"taxable","13":"shipping-taxable","14":"purchasable","15":"product-type-simple"},"yoast_head":"<!-- This site is optimized with the Yoast SEO plugin v27.4 - https:\/\/yoast.com\/product\/yoast-seo-wordpress\/ -->\n<title>Et le d\u00e9sir devient danse - Books on the Move<\/title>\n<meta name=\"robots\" content=\"index, follow, max-snippet:-1, max-image-preview:large, max-video-preview:-1\" \/>\n<link rel=\"canonical\" href=\"https:\/\/www.booksonthemove.fr\/en\/produit\/et-le-desir-devient-danse\/\" \/>\n<meta property=\"og:locale\" content=\"en_US\" \/>\n<meta property=\"og:type\" content=\"article\" \/>\n<meta property=\"og:title\" content=\"Et le d\u00e9sir devient danse - Books on the Move\" \/>\n<meta property=\"og:description\" content=\"AUTEURES :\u00a0Maryse Feron &amp; Mich\u00e8le M\u00e9toudi EDITEUR : Edition Passeurs de danse - CoolLibri (2021)  BROCH\u00c9 :\u00a0250 pages LANGUE : Fran\u00e7ais ISBN13 : 979-1-034-36410-7\" \/>\n<meta property=\"og:url\" content=\"https:\/\/www.booksonthemove.fr\/en\/produit\/et-le-desir-devient-danse\/\" \/>\n<meta property=\"og:site_name\" content=\"Books on the Move\" \/>\n<meta property=\"article:publisher\" content=\"https:\/\/www.facebook.com\/Librairiebooksonthemove\/\" \/>\n<meta property=\"article:modified_time\" content=\"2022-12-15T16:24:40+00:00\" \/>\n<meta property=\"og:image\" content=\"https:\/\/www.booksonthemove.fr\/media\/bom_2523.jpeg\" \/>\n\t<meta property=\"og:image:width\" content=\"565\" \/>\n\t<meta property=\"og:image:height\" content=\"800\" \/>\n\t<meta property=\"og:image:type\" content=\"image\/jpeg\" \/>\n<meta name=\"twitter:card\" content=\"summary_large_image\" \/>\n<script type=\"application\/ld+json\" class=\"yoast-schema-graph\">{\"@context\":\"https:\\\/\\\/schema.org\",\"@graph\":[{\"@type\":\"WebPage\",\"@id\":\"https:\\\/\\\/www.booksonthemove.fr\\\/en\\\/produit\\\/et-le-desir-devient-danse\\\/\",\"url\":\"https:\\\/\\\/www.booksonthemove.fr\\\/en\\\/produit\\\/et-le-desir-devient-danse\\\/\",\"name\":\"Et le d\u00e9sir devient danse - Books on the Move\",\"isPartOf\":{\"@id\":\"https:\\\/\\\/www.booksonthemove.fr\\\/#website\"},\"primaryImageOfPage\":{\"@id\":\"https:\\\/\\\/www.booksonthemove.fr\\\/en\\\/produit\\\/et-le-desir-devient-danse\\\/#primaryimage\"},\"image\":{\"@id\":\"https:\\\/\\\/www.booksonthemove.fr\\\/en\\\/produit\\\/et-le-desir-devient-danse\\\/#primaryimage\"},\"thumbnailUrl\":\"https:\\\/\\\/www.booksonthemove.fr\\\/media\\\/bom_2523.jpeg\",\"datePublished\":\"2022-11-22T14:55:37+00:00\",\"dateModified\":\"2022-12-15T16:24:40+00:00\",\"breadcrumb\":{\"@id\":\"https:\\\/\\\/www.booksonthemove.fr\\\/en\\\/produit\\\/et-le-desir-devient-danse\\\/#breadcrumb\"},\"inLanguage\":\"en-US\",\"potentialAction\":[{\"@type\":\"ReadAction\",\"target\":[\"https:\\\/\\\/www.booksonthemove.fr\\\/en\\\/produit\\\/et-le-desir-devient-danse\\\/\"]}]},{\"@type\":\"ImageObject\",\"inLanguage\":\"en-US\",\"@id\":\"https:\\\/\\\/www.booksonthemove.fr\\\/en\\\/produit\\\/et-le-desir-devient-danse\\\/#primaryimage\",\"url\":\"https:\\\/\\\/www.booksonthemove.fr\\\/media\\\/bom_2523.jpeg\",\"contentUrl\":\"https:\\\/\\\/www.booksonthemove.fr\\\/media\\\/bom_2523.jpeg\",\"width\":565,\"height\":800},{\"@type\":\"BreadcrumbList\",\"@id\":\"https:\\\/\\\/www.booksonthemove.fr\\\/en\\\/produit\\\/et-le-desir-devient-danse\\\/#breadcrumb\",\"itemListElement\":[{\"@type\":\"ListItem\",\"position\":1,\"name\":\"Accueil\",\"item\":\"https:\\\/\\\/www.booksonthemove.fr\\\/en\\\/\"},{\"@type\":\"ListItem\",\"position\":2,\"name\":\"online store\",\"item\":\"https:\\\/\\\/www.booksonthemove.fr\\\/en\\\/online-shop\\\/\"},{\"@type\":\"ListItem\",\"position\":3,\"name\":\"Et le d\u00e9sir devient danse\"}]},{\"@type\":\"WebSite\",\"@id\":\"https:\\\/\\\/www.booksonthemove.fr\\\/#website\",\"url\":\"https:\\\/\\\/www.booksonthemove.fr\\\/\",\"name\":\"Books on the Move\",\"description\":\"librairie nomade - danse - mouvement - performance\",\"publisher\":{\"@id\":\"https:\\\/\\\/www.booksonthemove.fr\\\/#organization\"},\"potentialAction\":[{\"@type\":\"SearchAction\",\"target\":{\"@type\":\"EntryPoint\",\"urlTemplate\":\"https:\\\/\\\/www.booksonthemove.fr\\\/?s={search_term_string}\"},\"query-input\":{\"@type\":\"PropertyValueSpecification\",\"valueRequired\":true,\"valueName\":\"search_term_string\"}}],\"inLanguage\":\"en-US\"},{\"@type\":\"Organization\",\"@id\":\"https:\\\/\\\/www.booksonthemove.fr\\\/#organization\",\"name\":\"Books on the Move\",\"url\":\"https:\\\/\\\/www.booksonthemove.fr\\\/\",\"logo\":{\"@type\":\"ImageObject\",\"inLanguage\":\"en-US\",\"@id\":\"https:\\\/\\\/www.booksonthemove.fr\\\/#\\\/schema\\\/logo\\\/image\\\/\",\"url\":\"https:\\\/\\\/www.booksonthemove.fr\\\/media\\\/logo-NB-400.jpg\",\"contentUrl\":\"https:\\\/\\\/www.booksonthemove.fr\\\/media\\\/logo-NB-400.jpg\",\"width\":400,\"height\":143,\"caption\":\"Books on the Move\"},\"image\":{\"@id\":\"https:\\\/\\\/www.booksonthemove.fr\\\/#\\\/schema\\\/logo\\\/image\\\/\"},\"sameAs\":[\"https:\\\/\\\/www.facebook.com\\\/Librairiebooksonthemove\\\/\"]}]}<\/script>\n<!-- \/ Yoast SEO plugin. -->","yoast_head_json":{"title":"Et le d\u00e9sir devient danse - Books on the Move","robots":{"index":"index","follow":"follow","max-snippet":"max-snippet:-1","max-image-preview":"max-image-preview:large","max-video-preview":"max-video-preview:-1"},"canonical":"https:\/\/www.booksonthemove.fr\/en\/produit\/et-le-desir-devient-danse\/","og_locale":"en_US","og_type":"article","og_title":"Et le d\u00e9sir devient danse - Books on the Move","og_description":"AUTEURES :\u00a0Maryse Feron &amp; Mich\u00e8le M\u00e9toudi EDITEUR : Edition Passeurs de danse - CoolLibri (2021)  BROCH\u00c9 :\u00a0250 pages LANGUE : Fran\u00e7ais ISBN13 : 979-1-034-36410-7","og_url":"https:\/\/www.booksonthemove.fr\/en\/produit\/et-le-desir-devient-danse\/","og_site_name":"Books on the Move","article_publisher":"https:\/\/www.facebook.com\/Librairiebooksonthemove\/","article_modified_time":"2022-12-15T16:24:40+00:00","og_image":[{"width":565,"height":800,"url":"https:\/\/www.booksonthemove.fr\/media\/bom_2523.jpeg","type":"image\/jpeg"}],"twitter_card":"summary_large_image","schema":{"@context":"https:\/\/schema.org","@graph":[{"@type":"WebPage","@id":"https:\/\/www.booksonthemove.fr\/en\/produit\/et-le-desir-devient-danse\/","url":"https:\/\/www.booksonthemove.fr\/en\/produit\/et-le-desir-devient-danse\/","name":"Et le d\u00e9sir devient danse - Books on the Move","isPartOf":{"@id":"https:\/\/www.booksonthemove.fr\/#website"},"primaryImageOfPage":{"@id":"https:\/\/www.booksonthemove.fr\/en\/produit\/et-le-desir-devient-danse\/#primaryimage"},"image":{"@id":"https:\/\/www.booksonthemove.fr\/en\/produit\/et-le-desir-devient-danse\/#primaryimage"},"thumbnailUrl":"https:\/\/www.booksonthemove.fr\/media\/bom_2523.jpeg","datePublished":"2022-11-22T14:55:37+00:00","dateModified":"2022-12-15T16:24:40+00:00","breadcrumb":{"@id":"https:\/\/www.booksonthemove.fr\/en\/produit\/et-le-desir-devient-danse\/#breadcrumb"},"inLanguage":"en-US","potentialAction":[{"@type":"ReadAction","target":["https:\/\/www.booksonthemove.fr\/en\/produit\/et-le-desir-devient-danse\/"]}]},{"@type":"ImageObject","inLanguage":"en-US","@id":"https:\/\/www.booksonthemove.fr\/en\/produit\/et-le-desir-devient-danse\/#primaryimage","url":"https:\/\/www.booksonthemove.fr\/media\/bom_2523.jpeg","contentUrl":"https:\/\/www.booksonthemove.fr\/media\/bom_2523.jpeg","width":565,"height":800},{"@type":"BreadcrumbList","@id":"https:\/\/www.booksonthemove.fr\/en\/produit\/et-le-desir-devient-danse\/#breadcrumb","itemListElement":[{"@type":"ListItem","position":1,"name":"Accueil","item":"https:\/\/www.booksonthemove.fr\/en\/"},{"@type":"ListItem","position":2,"name":"online store","item":"https:\/\/www.booksonthemove.fr\/en\/online-shop\/"},{"@type":"ListItem","position":3,"name":"Et le d\u00e9sir devient danse"}]},{"@type":"WebSite","@id":"https:\/\/www.booksonthemove.fr\/#website","url":"https:\/\/www.booksonthemove.fr\/","name":"Books on the Move","description":"librairie nomade - danse - mouvement - performance","publisher":{"@id":"https:\/\/www.booksonthemove.fr\/#organization"},"potentialAction":[{"@type":"SearchAction","target":{"@type":"EntryPoint","urlTemplate":"https:\/\/www.booksonthemove.fr\/?s={search_term_string}"},"query-input":{"@type":"PropertyValueSpecification","valueRequired":true,"valueName":"search_term_string"}}],"inLanguage":"en-US"},{"@type":"Organization","@id":"https:\/\/www.booksonthemove.fr\/#organization","name":"Books on the Move","url":"https:\/\/www.booksonthemove.fr\/","logo":{"@type":"ImageObject","inLanguage":"en-US","@id":"https:\/\/www.booksonthemove.fr\/#\/schema\/logo\/image\/","url":"https:\/\/www.booksonthemove.fr\/media\/logo-NB-400.jpg","contentUrl":"https:\/\/www.booksonthemove.fr\/media\/logo-NB-400.jpg","width":400,"height":143,"caption":"Books on the Move"},"image":{"@id":"https:\/\/www.booksonthemove.fr\/#\/schema\/logo\/image\/"},"sameAs":["https:\/\/www.facebook.com\/Librairiebooksonthemove\/"]}]}},"_links":{"self":[{"href":"https:\/\/www.booksonthemove.fr\/en\/wp-json\/wp\/v2\/product\/35542","targetHints":{"allow":["GET"]}}],"collection":[{"href":"https:\/\/www.booksonthemove.fr\/en\/wp-json\/wp\/v2\/product"}],"about":[{"href":"https:\/\/www.booksonthemove.fr\/en\/wp-json\/wp\/v2\/types\/product"}],"wp:featuredmedia":[{"embeddable":true,"href":"https:\/\/www.booksonthemove.fr\/en\/wp-json\/wp\/v2\/media\/35541"}],"wp:attachment":[{"href":"https:\/\/www.booksonthemove.fr\/en\/wp-json\/wp\/v2\/media?parent=35542"}],"wp:term":[{"taxonomy":"product_brand","embeddable":true,"href":"https:\/\/www.booksonthemove.fr\/en\/wp-json\/wp\/v2\/product_brand?post=35542"},{"taxonomy":"product_cat","embeddable":true,"href":"https:\/\/www.booksonthemove.fr\/en\/wp-json\/wp\/v2\/product_cat?post=35542"},{"taxonomy":"product_tag","embeddable":true,"href":"https:\/\/www.booksonthemove.fr\/en\/wp-json\/wp\/v2\/product_tag?post=35542"}],"curies":[{"name":"wp","href":"https:\/\/api.w.org\/{rel}","templated":true}]}}