{"id":35915,"date":"2023-02-13T11:00:56","date_gmt":"2023-02-13T10:00:56","guid":{"rendered":"https:\/\/www.booksonthemove.fr\/produit\/les-grands-entretiens-la-performance-1-le-corps-expose\/"},"modified":"2023-06-23T18:51:59","modified_gmt":"2023-06-23T16:51:59","slug":"les-grands-entretiens-la-performance-1-le-corps-expose","status":"publish","type":"product","link":"https:\/\/www.booksonthemove.fr\/en\/produit\/les-grands-entretiens-la-performance-1-le-corps-expose\/","title":{"rendered":"Les grands entretiens : La performance 1 &#8211; Le corps expos\u00e9"},"content":{"rendered":"<p>Au d\u00e9but des ann\u00e9es 1960, une g\u00e9n\u00e9ration d\u2019artistes entend r\u00e9volutionner la sc\u00e8ne artistique, alors domin\u00e9e par l\u2019art minimal et conceptuel. D\u00e9riv\u00e9 de la danse et du th\u00e9\u00e2tre, la performance recouvre un ensemble de pratiques gestuelles, exerc\u00e9es seul ou \u00e0 plusieurs, qui se refusent \u00e0 la stabilit\u00e9 et laissent libre cours \u00e0 l\u2019improvisation. Ces actions peuvent parfois durer plusieurs heures, int\u00e9grer le public, dans un espace clos ou en plein air.<br \/>\nCe volume recueille les entretiens des pionniers de ce nouvel art\u00a0: Vito Acconci, Bruce Nauman, Allan Kaprow, Jean Dupuy, notamment. Ils permettent de repenser et de replacer l\u2019ensemble de cette pratique dans son contexte historique et sa diversit\u00e9 \u2013 happening, environnement, body art -, de situer ses enjeux et ses divergences, et de mettre en \u00e9vidence ce qui l\u2019anime avant tout : un formidable \u00e9lan cr\u00e9atif et une explosion de vie.<\/p>\n<p>Entretiens avec Vito Acconci, Jean Dupuy, Jochen Gerz, Gilbert &amp; George, Allan Kaprow, Otto Muehl, Bruce Nauman, Nicola, Stuart Sherman.<br \/>\nPar Neal Benezra, Jacques Donguy, Sylvie Dupuis, Claude Gintz, Seungduk Kim, Irmeline Lebeer, \u00c9ric Mangion, Joan Simon, Philippe du Vignal.<br \/>\nPr\u00e9face de Christophe Kihm.<\/p>\n","protected":false},"excerpt":{"rendered":"<p><strong>AUTEUR\u00b7ES :<\/strong>\u00a0ouvrage collectif<br \/>\n<strong>EDITEUR :<\/strong> <span class=\"csc-sword\">artpress<\/span> (2020)<\/p>\n<p><strong>BROCH\u00c9 :<\/strong>\u00a0138 pages<br \/>\n<strong>LANGUE :<\/strong> Fran\u00e7ais<br \/>\n<strong>ISBN13 :<\/strong> 978-2-906-70553 1<\/p>\n","protected":false},"featured_media":35910,"template":"","meta":[],"product_brand":[],"product_cat":[162,169,152],"product_tag":[],"class_list":{"0":"post-35915","1":"product","2":"type-product","3":"status-publish","4":"has-post-thumbnail","6":"product_cat-french-en","7":"product_cat-interviews-conversations-en","8":"product_cat-performance-en","10":"first","11":"outofstock","12":"taxable","13":"shipping-taxable","14":"purchasable","15":"product-type-simple"},"yoast_head":"<!-- This site is optimized with the Yoast SEO plugin v27.5 - https:\/\/yoast.com\/product\/yoast-seo-wordpress\/ -->\n<title>Les grands entretiens : La performance 1 - Le corps expos\u00e9 - Books on the Move<\/title>\n<meta name=\"robots\" content=\"index, follow, max-snippet:-1, max-image-preview:large, max-video-preview:-1\" \/>\n<link rel=\"canonical\" href=\"https:\/\/www.booksonthemove.fr\/produit\/les-grands-entretiens-la-performance-1-le-corps-expose\/\" \/>\n<meta property=\"og:locale\" content=\"en_US\" \/>\n<meta property=\"og:type\" content=\"article\" \/>\n<meta property=\"og:title\" content=\"Les grands entretiens : La performance 1 - Le corps expos\u00e9 - Books on the Move\" \/>\n<meta property=\"og:description\" content=\"AUTEUR\u00b7ES :\u00a0ouvrage collectif EDITEUR : artpress (2020)  BROCH\u00c9 :\u00a0138 pages LANGUE : Fran\u00e7ais ISBN13 : 978-2-906-70553 1\" \/>\n<meta property=\"og:url\" content=\"https:\/\/www.booksonthemove.fr\/produit\/les-grands-entretiens-la-performance-1-le-corps-expose\/\" \/>\n<meta property=\"og:site_name\" content=\"Books on the Move\" \/>\n<meta property=\"article:publisher\" content=\"https:\/\/www.facebook.com\/Librairiebooksonthemove\/\" \/>\n<meta property=\"article:modified_time\" content=\"2023-06-23T16:51:59+00:00\" \/>\n<meta property=\"og:image\" content=\"https:\/\/www.booksonthemove.fr\/media\/bom_2567.jpg\" \/>\n\t<meta property=\"og:image:width\" content=\"900\" \/>\n\t<meta property=\"og:image:height\" content=\"1306\" \/>\n\t<meta property=\"og:image:type\" content=\"image\/jpeg\" \/>\n<meta name=\"twitter:card\" content=\"summary_large_image\" \/>\n<script type=\"application\/ld+json\" class=\"yoast-schema-graph\">{\"@context\":\"https:\\\/\\\/schema.org\",\"@graph\":[{\"@type\":\"WebPage\",\"@id\":\"https:\\\/\\\/www.booksonthemove.fr\\\/produit\\\/les-grands-entretiens-la-performance-1-le-corps-expose\\\/\",\"url\":\"https:\\\/\\\/www.booksonthemove.fr\\\/produit\\\/les-grands-entretiens-la-performance-1-le-corps-expose\\\/\",\"name\":\"Les grands entretiens : La performance 1 - Le corps expos\u00e9 - Books on the Move\",\"isPartOf\":{\"@id\":\"https:\\\/\\\/www.booksonthemove.fr\\\/#website\"},\"primaryImageOfPage\":{\"@id\":\"https:\\\/\\\/www.booksonthemove.fr\\\/produit\\\/les-grands-entretiens-la-performance-1-le-corps-expose\\\/#primaryimage\"},\"image\":{\"@id\":\"https:\\\/\\\/www.booksonthemove.fr\\\/produit\\\/les-grands-entretiens-la-performance-1-le-corps-expose\\\/#primaryimage\"},\"thumbnailUrl\":\"https:\\\/\\\/www.booksonthemove.fr\\\/media\\\/bom_2567.jpg\",\"datePublished\":\"2023-02-13T10:00:56+00:00\",\"dateModified\":\"2023-06-23T16:51:59+00:00\",\"breadcrumb\":{\"@id\":\"https:\\\/\\\/www.booksonthemove.fr\\\/produit\\\/les-grands-entretiens-la-performance-1-le-corps-expose\\\/#breadcrumb\"},\"inLanguage\":\"en-US\",\"potentialAction\":[{\"@type\":\"ReadAction\",\"target\":[\"https:\\\/\\\/www.booksonthemove.fr\\\/produit\\\/les-grands-entretiens-la-performance-1-le-corps-expose\\\/\"]}]},{\"@type\":\"ImageObject\",\"inLanguage\":\"en-US\",\"@id\":\"https:\\\/\\\/www.booksonthemove.fr\\\/produit\\\/les-grands-entretiens-la-performance-1-le-corps-expose\\\/#primaryimage\",\"url\":\"https:\\\/\\\/www.booksonthemove.fr\\\/media\\\/bom_2567.jpg\",\"contentUrl\":\"https:\\\/\\\/www.booksonthemove.fr\\\/media\\\/bom_2567.jpg\",\"width\":900,\"height\":1306},{\"@type\":\"BreadcrumbList\",\"@id\":\"https:\\\/\\\/www.booksonthemove.fr\\\/produit\\\/les-grands-entretiens-la-performance-1-le-corps-expose\\\/#breadcrumb\",\"itemListElement\":[{\"@type\":\"ListItem\",\"position\":1,\"name\":\"Accueil\",\"item\":\"https:\\\/\\\/www.booksonthemove.fr\\\/en\\\/\"},{\"@type\":\"ListItem\",\"position\":2,\"name\":\"online store\",\"item\":\"https:\\\/\\\/www.booksonthemove.fr\\\/en\\\/online-shop\\\/\"},{\"@type\":\"ListItem\",\"position\":3,\"name\":\"Les grands entretiens : La performance 1 &#8211; Le corps expos\u00e9\"}]},{\"@type\":\"WebSite\",\"@id\":\"https:\\\/\\\/www.booksonthemove.fr\\\/#website\",\"url\":\"https:\\\/\\\/www.booksonthemove.fr\\\/\",\"name\":\"Books on the Move\",\"description\":\"librairie nomade - danse - mouvement - performance\",\"publisher\":{\"@id\":\"https:\\\/\\\/www.booksonthemove.fr\\\/#organization\"},\"potentialAction\":[{\"@type\":\"SearchAction\",\"target\":{\"@type\":\"EntryPoint\",\"urlTemplate\":\"https:\\\/\\\/www.booksonthemove.fr\\\/?s={search_term_string}\"},\"query-input\":{\"@type\":\"PropertyValueSpecification\",\"valueRequired\":true,\"valueName\":\"search_term_string\"}}],\"inLanguage\":\"en-US\"},{\"@type\":\"Organization\",\"@id\":\"https:\\\/\\\/www.booksonthemove.fr\\\/#organization\",\"name\":\"Books on the Move\",\"url\":\"https:\\\/\\\/www.booksonthemove.fr\\\/\",\"logo\":{\"@type\":\"ImageObject\",\"inLanguage\":\"en-US\",\"@id\":\"https:\\\/\\\/www.booksonthemove.fr\\\/#\\\/schema\\\/logo\\\/image\\\/\",\"url\":\"https:\\\/\\\/www.booksonthemove.fr\\\/media\\\/logo-NB-400.jpg\",\"contentUrl\":\"https:\\\/\\\/www.booksonthemove.fr\\\/media\\\/logo-NB-400.jpg\",\"width\":400,\"height\":143,\"caption\":\"Books on the Move\"},\"image\":{\"@id\":\"https:\\\/\\\/www.booksonthemove.fr\\\/#\\\/schema\\\/logo\\\/image\\\/\"},\"sameAs\":[\"https:\\\/\\\/www.facebook.com\\\/Librairiebooksonthemove\\\/\"]}]}<\/script>\n<!-- \/ Yoast SEO plugin. -->","yoast_head_json":{"title":"Les grands entretiens : La performance 1 - Le corps expos\u00e9 - Books on the Move","robots":{"index":"index","follow":"follow","max-snippet":"max-snippet:-1","max-image-preview":"max-image-preview:large","max-video-preview":"max-video-preview:-1"},"canonical":"https:\/\/www.booksonthemove.fr\/produit\/les-grands-entretiens-la-performance-1-le-corps-expose\/","og_locale":"en_US","og_type":"article","og_title":"Les grands entretiens : La performance 1 - Le corps expos\u00e9 - Books on the Move","og_description":"AUTEUR\u00b7ES :\u00a0ouvrage collectif EDITEUR : artpress (2020)  BROCH\u00c9 :\u00a0138 pages LANGUE : Fran\u00e7ais ISBN13 : 978-2-906-70553 1","og_url":"https:\/\/www.booksonthemove.fr\/produit\/les-grands-entretiens-la-performance-1-le-corps-expose\/","og_site_name":"Books on the Move","article_publisher":"https:\/\/www.facebook.com\/Librairiebooksonthemove\/","article_modified_time":"2023-06-23T16:51:59+00:00","og_image":[{"width":900,"height":1306,"url":"https:\/\/www.booksonthemove.fr\/media\/bom_2567.jpg","type":"image\/jpeg"}],"twitter_card":"summary_large_image","schema":{"@context":"https:\/\/schema.org","@graph":[{"@type":"WebPage","@id":"https:\/\/www.booksonthemove.fr\/produit\/les-grands-entretiens-la-performance-1-le-corps-expose\/","url":"https:\/\/www.booksonthemove.fr\/produit\/les-grands-entretiens-la-performance-1-le-corps-expose\/","name":"Les grands entretiens : La performance 1 - Le corps expos\u00e9 - Books on the Move","isPartOf":{"@id":"https:\/\/www.booksonthemove.fr\/#website"},"primaryImageOfPage":{"@id":"https:\/\/www.booksonthemove.fr\/produit\/les-grands-entretiens-la-performance-1-le-corps-expose\/#primaryimage"},"image":{"@id":"https:\/\/www.booksonthemove.fr\/produit\/les-grands-entretiens-la-performance-1-le-corps-expose\/#primaryimage"},"thumbnailUrl":"https:\/\/www.booksonthemove.fr\/media\/bom_2567.jpg","datePublished":"2023-02-13T10:00:56+00:00","dateModified":"2023-06-23T16:51:59+00:00","breadcrumb":{"@id":"https:\/\/www.booksonthemove.fr\/produit\/les-grands-entretiens-la-performance-1-le-corps-expose\/#breadcrumb"},"inLanguage":"en-US","potentialAction":[{"@type":"ReadAction","target":["https:\/\/www.booksonthemove.fr\/produit\/les-grands-entretiens-la-performance-1-le-corps-expose\/"]}]},{"@type":"ImageObject","inLanguage":"en-US","@id":"https:\/\/www.booksonthemove.fr\/produit\/les-grands-entretiens-la-performance-1-le-corps-expose\/#primaryimage","url":"https:\/\/www.booksonthemove.fr\/media\/bom_2567.jpg","contentUrl":"https:\/\/www.booksonthemove.fr\/media\/bom_2567.jpg","width":900,"height":1306},{"@type":"BreadcrumbList","@id":"https:\/\/www.booksonthemove.fr\/produit\/les-grands-entretiens-la-performance-1-le-corps-expose\/#breadcrumb","itemListElement":[{"@type":"ListItem","position":1,"name":"Accueil","item":"https:\/\/www.booksonthemove.fr\/en\/"},{"@type":"ListItem","position":2,"name":"online store","item":"https:\/\/www.booksonthemove.fr\/en\/online-shop\/"},{"@type":"ListItem","position":3,"name":"Les grands entretiens : La performance 1 &#8211; Le corps expos\u00e9"}]},{"@type":"WebSite","@id":"https:\/\/www.booksonthemove.fr\/#website","url":"https:\/\/www.booksonthemove.fr\/","name":"Books on the Move","description":"librairie nomade - danse - mouvement - performance","publisher":{"@id":"https:\/\/www.booksonthemove.fr\/#organization"},"potentialAction":[{"@type":"SearchAction","target":{"@type":"EntryPoint","urlTemplate":"https:\/\/www.booksonthemove.fr\/?s={search_term_string}"},"query-input":{"@type":"PropertyValueSpecification","valueRequired":true,"valueName":"search_term_string"}}],"inLanguage":"en-US"},{"@type":"Organization","@id":"https:\/\/www.booksonthemove.fr\/#organization","name":"Books on the Move","url":"https:\/\/www.booksonthemove.fr\/","logo":{"@type":"ImageObject","inLanguage":"en-US","@id":"https:\/\/www.booksonthemove.fr\/#\/schema\/logo\/image\/","url":"https:\/\/www.booksonthemove.fr\/media\/logo-NB-400.jpg","contentUrl":"https:\/\/www.booksonthemove.fr\/media\/logo-NB-400.jpg","width":400,"height":143,"caption":"Books on the Move"},"image":{"@id":"https:\/\/www.booksonthemove.fr\/#\/schema\/logo\/image\/"},"sameAs":["https:\/\/www.facebook.com\/Librairiebooksonthemove\/"]}]}},"_links":{"self":[{"href":"https:\/\/www.booksonthemove.fr\/en\/wp-json\/wp\/v2\/product\/35915","targetHints":{"allow":["GET"]}}],"collection":[{"href":"https:\/\/www.booksonthemove.fr\/en\/wp-json\/wp\/v2\/product"}],"about":[{"href":"https:\/\/www.booksonthemove.fr\/en\/wp-json\/wp\/v2\/types\/product"}],"wp:featuredmedia":[{"embeddable":true,"href":"https:\/\/www.booksonthemove.fr\/en\/wp-json\/wp\/v2\/media\/35910"}],"wp:attachment":[{"href":"https:\/\/www.booksonthemove.fr\/en\/wp-json\/wp\/v2\/media?parent=35915"}],"wp:term":[{"taxonomy":"product_brand","embeddable":true,"href":"https:\/\/www.booksonthemove.fr\/en\/wp-json\/wp\/v2\/product_brand?post=35915"},{"taxonomy":"product_cat","embeddable":true,"href":"https:\/\/www.booksonthemove.fr\/en\/wp-json\/wp\/v2\/product_cat?post=35915"},{"taxonomy":"product_tag","embeddable":true,"href":"https:\/\/www.booksonthemove.fr\/en\/wp-json\/wp\/v2\/product_tag?post=35915"}],"curies":[{"name":"wp","href":"https:\/\/api.w.org\/{rel}","templated":true}]}}