{"id":35965,"date":"2023-02-23T14:00:01","date_gmt":"2023-02-23T13:00:01","guid":{"rendered":"https:\/\/www.booksonthemove.fr\/produit\/de-la-nuit-vers-le-jour-en-passant-par-tonnerre\/"},"modified":"2023-02-23T14:00:01","modified_gmt":"2023-02-23T13:00:01","slug":"de-la-nuit-vers-le-jour-en-passant-par-tonnerre","status":"publish","type":"product","link":"https:\/\/www.booksonthemove.fr\/en\/produit\/de-la-nuit-vers-le-jour-en-passant-par-tonnerre\/","title":{"rendered":"De la nuit vers le jour en passant par Tonnerre"},"content":{"rendered":"<p class=\"item_citation\">\u00ab \u2026 Le pichet de vin est compris dans le repas et j\u2019entends le patron malade le cigare au bec s\u2019exclamer : \u00ab L\u2019alcool c\u2019est l\u2019ennemi ! On ne recule pas devant l\u2019ennemi ! \u00bb \u2026 \u00bb<\/p>\n<p id=\"resume-damien_gete\" class=\"item_maintext item_resume\">\u2026 Marcher, c\u2019est faire mati\u00e8re du temps, c\u2019est sculpter le temps. Et sculpter le temps ne produit aucun r\u00e9sultat visible, alors il faut parler de ce travail, l\u2019\u00e9crire et le lire. Dans cet \u00e9tat-l\u00e0, le voyage pourrait ne pas s\u2019arr\u00eater. Seulement, alors qu\u2019il de vient routinier, c\u2019est au tour de la s\u00e9dentarit\u00e9 de para\u00eetre exo tique, de para\u00eetre un voyage. S\u2019arr\u00eater pour de bon ouvre \u00e0 un moment de r\u00e9veil toujours agr\u00e9able, l\u2019heure revient \u00e0 la mesure, on mesure l\u2019aventure et on en comprend la pluie. &#8230;<\/p>\n<p>Damien Gete (1991) effectue, en 2017, une premi\u00e8re r\u00e9sidence au Silence du Monde (Ard\u00e8che). Il affirme la marche comme pratique artistique. En Septembre 2019, il rejoint Le Silence du Monde pour une nouvelle r\u00e9sidence, au terme d\u2019une marche de 28 jours et quelques 800 kilom\u00e8tres au d\u00e9part de Lille. Ce livret rassemble le carnet de voyage envoy\u00e9 par courrier jour apr\u00e8s jour.<\/p>\n","protected":false},"excerpt":{"rendered":"<p><b>AUTEUR :\u00a0<\/b><span class=\"h3_elt\">Damien Gete<br \/>\n<\/span><b><\/b><b>EDITEUR : <\/b>Le Serre de Doux (2019)<\/p>\n<p><strong>BROCH\u00c9 :<\/strong>\u00a0166 pages<br \/>\n<b>LANGUE : <\/b>Fran\u00e7ais<br \/>\n<strong>ISBN13 :<\/strong> 978-2-49074-501-2<\/p>\n","protected":false},"featured_media":35964,"template":"","meta":[],"product_brand":[],"product_cat":[297,162,352],"product_tag":[],"class_list":{"0":"post-35965","1":"product","2":"type-product","3":"status-publish","4":"has-post-thumbnail","6":"product_cat-correspondences","7":"product_cat-french-en","8":"product_cat-la-marche-en","10":"first","11":"instock","12":"taxable","13":"shipping-taxable","14":"purchasable","15":"product-type-simple"},"yoast_head":"<!-- This site is optimized with the Yoast SEO plugin v27.5 - https:\/\/yoast.com\/product\/yoast-seo-wordpress\/ -->\n<title>De la nuit vers le jour en passant par Tonnerre - Books on the Move<\/title>\n<meta name=\"robots\" content=\"index, follow, max-snippet:-1, max-image-preview:large, max-video-preview:-1\" \/>\n<link rel=\"canonical\" href=\"https:\/\/www.booksonthemove.fr\/en\/produit\/de-la-nuit-vers-le-jour-en-passant-par-tonnerre\/\" \/>\n<meta property=\"og:locale\" content=\"en_US\" \/>\n<meta property=\"og:type\" content=\"article\" \/>\n<meta property=\"og:title\" content=\"De la nuit vers le jour en passant par Tonnerre - Books on the Move\" \/>\n<meta property=\"og:description\" content=\"AUTEUR :\u00a0Damien Gete EDITEUR : Le Serre de Doux (2019)  BROCH\u00c9 :\u00a0166 pages LANGUE : Fran\u00e7ais ISBN13 : 978-2-49074-501-2\" \/>\n<meta property=\"og:url\" content=\"https:\/\/www.booksonthemove.fr\/en\/produit\/de-la-nuit-vers-le-jour-en-passant-par-tonnerre\/\" \/>\n<meta property=\"og:site_name\" content=\"Books on the Move\" \/>\n<meta property=\"article:publisher\" content=\"https:\/\/www.facebook.com\/Librairiebooksonthemove\/\" \/>\n<meta name=\"twitter:card\" content=\"summary_large_image\" \/>\n<script type=\"application\/ld+json\" class=\"yoast-schema-graph\">{\"@context\":\"https:\\\/\\\/schema.org\",\"@graph\":[{\"@type\":\"WebPage\",\"@id\":\"https:\\\/\\\/www.booksonthemove.fr\\\/en\\\/produit\\\/de-la-nuit-vers-le-jour-en-passant-par-tonnerre\\\/\",\"url\":\"https:\\\/\\\/www.booksonthemove.fr\\\/en\\\/produit\\\/de-la-nuit-vers-le-jour-en-passant-par-tonnerre\\\/\",\"name\":\"De la nuit vers le jour en passant par Tonnerre - Books on the Move\",\"isPartOf\":{\"@id\":\"https:\\\/\\\/www.booksonthemove.fr\\\/#website\"},\"primaryImageOfPage\":{\"@id\":\"https:\\\/\\\/www.booksonthemove.fr\\\/en\\\/produit\\\/de-la-nuit-vers-le-jour-en-passant-par-tonnerre\\\/#primaryimage\"},\"image\":{\"@id\":\"https:\\\/\\\/www.booksonthemove.fr\\\/en\\\/produit\\\/de-la-nuit-vers-le-jour-en-passant-par-tonnerre\\\/#primaryimage\"},\"thumbnailUrl\":\"https:\\\/\\\/www.booksonthemove.fr\\\/media\\\/bom_2566.jpg\",\"datePublished\":\"2023-02-23T13:00:01+00:00\",\"breadcrumb\":{\"@id\":\"https:\\\/\\\/www.booksonthemove.fr\\\/en\\\/produit\\\/de-la-nuit-vers-le-jour-en-passant-par-tonnerre\\\/#breadcrumb\"},\"inLanguage\":\"en-US\",\"potentialAction\":[{\"@type\":\"ReadAction\",\"target\":[\"https:\\\/\\\/www.booksonthemove.fr\\\/en\\\/produit\\\/de-la-nuit-vers-le-jour-en-passant-par-tonnerre\\\/\"]}]},{\"@type\":\"ImageObject\",\"inLanguage\":\"en-US\",\"@id\":\"https:\\\/\\\/www.booksonthemove.fr\\\/en\\\/produit\\\/de-la-nuit-vers-le-jour-en-passant-par-tonnerre\\\/#primaryimage\",\"url\":\"https:\\\/\\\/www.booksonthemove.fr\\\/media\\\/bom_2566.jpg\",\"contentUrl\":\"https:\\\/\\\/www.booksonthemove.fr\\\/media\\\/bom_2566.jpg\",\"width\":900,\"height\":1234},{\"@type\":\"BreadcrumbList\",\"@id\":\"https:\\\/\\\/www.booksonthemove.fr\\\/en\\\/produit\\\/de-la-nuit-vers-le-jour-en-passant-par-tonnerre\\\/#breadcrumb\",\"itemListElement\":[{\"@type\":\"ListItem\",\"position\":1,\"name\":\"Accueil\",\"item\":\"https:\\\/\\\/www.booksonthemove.fr\\\/en\\\/\"},{\"@type\":\"ListItem\",\"position\":2,\"name\":\"online store\",\"item\":\"https:\\\/\\\/www.booksonthemove.fr\\\/en\\\/online-shop\\\/\"},{\"@type\":\"ListItem\",\"position\":3,\"name\":\"De la nuit vers le jour en passant par Tonnerre\"}]},{\"@type\":\"WebSite\",\"@id\":\"https:\\\/\\\/www.booksonthemove.fr\\\/#website\",\"url\":\"https:\\\/\\\/www.booksonthemove.fr\\\/\",\"name\":\"Books on the Move\",\"description\":\"librairie nomade - danse - mouvement - performance\",\"publisher\":{\"@id\":\"https:\\\/\\\/www.booksonthemove.fr\\\/#organization\"},\"potentialAction\":[{\"@type\":\"SearchAction\",\"target\":{\"@type\":\"EntryPoint\",\"urlTemplate\":\"https:\\\/\\\/www.booksonthemove.fr\\\/?s={search_term_string}\"},\"query-input\":{\"@type\":\"PropertyValueSpecification\",\"valueRequired\":true,\"valueName\":\"search_term_string\"}}],\"inLanguage\":\"en-US\"},{\"@type\":\"Organization\",\"@id\":\"https:\\\/\\\/www.booksonthemove.fr\\\/#organization\",\"name\":\"Books on the Move\",\"url\":\"https:\\\/\\\/www.booksonthemove.fr\\\/\",\"logo\":{\"@type\":\"ImageObject\",\"inLanguage\":\"en-US\",\"@id\":\"https:\\\/\\\/www.booksonthemove.fr\\\/#\\\/schema\\\/logo\\\/image\\\/\",\"url\":\"https:\\\/\\\/www.booksonthemove.fr\\\/media\\\/logo-NB-400.jpg\",\"contentUrl\":\"https:\\\/\\\/www.booksonthemove.fr\\\/media\\\/logo-NB-400.jpg\",\"width\":400,\"height\":143,\"caption\":\"Books on the Move\"},\"image\":{\"@id\":\"https:\\\/\\\/www.booksonthemove.fr\\\/#\\\/schema\\\/logo\\\/image\\\/\"},\"sameAs\":[\"https:\\\/\\\/www.facebook.com\\\/Librairiebooksonthemove\\\/\"]}]}<\/script>\n<!-- \/ Yoast SEO plugin. -->","yoast_head_json":{"title":"De la nuit vers le jour en passant par Tonnerre - Books on the Move","robots":{"index":"index","follow":"follow","max-snippet":"max-snippet:-1","max-image-preview":"max-image-preview:large","max-video-preview":"max-video-preview:-1"},"canonical":"https:\/\/www.booksonthemove.fr\/en\/produit\/de-la-nuit-vers-le-jour-en-passant-par-tonnerre\/","og_locale":"en_US","og_type":"article","og_title":"De la nuit vers le jour en passant par Tonnerre - Books on the Move","og_description":"AUTEUR :\u00a0Damien Gete EDITEUR : Le Serre de Doux (2019)  BROCH\u00c9 :\u00a0166 pages LANGUE : Fran\u00e7ais ISBN13 : 978-2-49074-501-2","og_url":"https:\/\/www.booksonthemove.fr\/en\/produit\/de-la-nuit-vers-le-jour-en-passant-par-tonnerre\/","og_site_name":"Books on the Move","article_publisher":"https:\/\/www.facebook.com\/Librairiebooksonthemove\/","twitter_card":"summary_large_image","schema":{"@context":"https:\/\/schema.org","@graph":[{"@type":"WebPage","@id":"https:\/\/www.booksonthemove.fr\/en\/produit\/de-la-nuit-vers-le-jour-en-passant-par-tonnerre\/","url":"https:\/\/www.booksonthemove.fr\/en\/produit\/de-la-nuit-vers-le-jour-en-passant-par-tonnerre\/","name":"De la nuit vers le jour en passant par Tonnerre - Books on the Move","isPartOf":{"@id":"https:\/\/www.booksonthemove.fr\/#website"},"primaryImageOfPage":{"@id":"https:\/\/www.booksonthemove.fr\/en\/produit\/de-la-nuit-vers-le-jour-en-passant-par-tonnerre\/#primaryimage"},"image":{"@id":"https:\/\/www.booksonthemove.fr\/en\/produit\/de-la-nuit-vers-le-jour-en-passant-par-tonnerre\/#primaryimage"},"thumbnailUrl":"https:\/\/www.booksonthemove.fr\/media\/bom_2566.jpg","datePublished":"2023-02-23T13:00:01+00:00","breadcrumb":{"@id":"https:\/\/www.booksonthemove.fr\/en\/produit\/de-la-nuit-vers-le-jour-en-passant-par-tonnerre\/#breadcrumb"},"inLanguage":"en-US","potentialAction":[{"@type":"ReadAction","target":["https:\/\/www.booksonthemove.fr\/en\/produit\/de-la-nuit-vers-le-jour-en-passant-par-tonnerre\/"]}]},{"@type":"ImageObject","inLanguage":"en-US","@id":"https:\/\/www.booksonthemove.fr\/en\/produit\/de-la-nuit-vers-le-jour-en-passant-par-tonnerre\/#primaryimage","url":"https:\/\/www.booksonthemove.fr\/media\/bom_2566.jpg","contentUrl":"https:\/\/www.booksonthemove.fr\/media\/bom_2566.jpg","width":900,"height":1234},{"@type":"BreadcrumbList","@id":"https:\/\/www.booksonthemove.fr\/en\/produit\/de-la-nuit-vers-le-jour-en-passant-par-tonnerre\/#breadcrumb","itemListElement":[{"@type":"ListItem","position":1,"name":"Accueil","item":"https:\/\/www.booksonthemove.fr\/en\/"},{"@type":"ListItem","position":2,"name":"online store","item":"https:\/\/www.booksonthemove.fr\/en\/online-shop\/"},{"@type":"ListItem","position":3,"name":"De la nuit vers le jour en passant par Tonnerre"}]},{"@type":"WebSite","@id":"https:\/\/www.booksonthemove.fr\/#website","url":"https:\/\/www.booksonthemove.fr\/","name":"Books on the Move","description":"librairie nomade - danse - mouvement - performance","publisher":{"@id":"https:\/\/www.booksonthemove.fr\/#organization"},"potentialAction":[{"@type":"SearchAction","target":{"@type":"EntryPoint","urlTemplate":"https:\/\/www.booksonthemove.fr\/?s={search_term_string}"},"query-input":{"@type":"PropertyValueSpecification","valueRequired":true,"valueName":"search_term_string"}}],"inLanguage":"en-US"},{"@type":"Organization","@id":"https:\/\/www.booksonthemove.fr\/#organization","name":"Books on the Move","url":"https:\/\/www.booksonthemove.fr\/","logo":{"@type":"ImageObject","inLanguage":"en-US","@id":"https:\/\/www.booksonthemove.fr\/#\/schema\/logo\/image\/","url":"https:\/\/www.booksonthemove.fr\/media\/logo-NB-400.jpg","contentUrl":"https:\/\/www.booksonthemove.fr\/media\/logo-NB-400.jpg","width":400,"height":143,"caption":"Books on the Move"},"image":{"@id":"https:\/\/www.booksonthemove.fr\/#\/schema\/logo\/image\/"},"sameAs":["https:\/\/www.facebook.com\/Librairiebooksonthemove\/"]}]}},"_links":{"self":[{"href":"https:\/\/www.booksonthemove.fr\/en\/wp-json\/wp\/v2\/product\/35965","targetHints":{"allow":["GET"]}}],"collection":[{"href":"https:\/\/www.booksonthemove.fr\/en\/wp-json\/wp\/v2\/product"}],"about":[{"href":"https:\/\/www.booksonthemove.fr\/en\/wp-json\/wp\/v2\/types\/product"}],"wp:featuredmedia":[{"embeddable":true,"href":"https:\/\/www.booksonthemove.fr\/en\/wp-json\/wp\/v2\/media\/35964"}],"wp:attachment":[{"href":"https:\/\/www.booksonthemove.fr\/en\/wp-json\/wp\/v2\/media?parent=35965"}],"wp:term":[{"taxonomy":"product_brand","embeddable":true,"href":"https:\/\/www.booksonthemove.fr\/en\/wp-json\/wp\/v2\/product_brand?post=35965"},{"taxonomy":"product_cat","embeddable":true,"href":"https:\/\/www.booksonthemove.fr\/en\/wp-json\/wp\/v2\/product_cat?post=35965"},{"taxonomy":"product_tag","embeddable":true,"href":"https:\/\/www.booksonthemove.fr\/en\/wp-json\/wp\/v2\/product_tag?post=35965"}],"curies":[{"name":"wp","href":"https:\/\/api.w.org\/{rel}","templated":true}]}}