{"id":35975,"date":"2023-02-23T14:35:11","date_gmt":"2023-02-23T13:35:11","guid":{"rendered":"https:\/\/www.booksonthemove.fr\/produit\/sur-les-chemins-de-linvention-dialogue\/"},"modified":"2023-02-23T14:35:58","modified_gmt":"2023-02-23T13:35:58","slug":"sur-les-chemins-de-linvention-dialogue","status":"publish","type":"product","link":"https:\/\/www.booksonthemove.fr\/en\/produit\/sur-les-chemins-de-linvention-dialogue\/","title":{"rendered":"Sur les chemins de l&#8217;invention &#8211; Dialogue"},"content":{"rendered":"<p>L&#8217;id\u00e9e \u00e9tait de coucher sur le papier l&#8217;\u00e9tat des lieux d&#8217;une r\u00e9flexion \u00e0 un moment donn\u00e9, loin de vouloir consid\u00e9rer ce cheminement comme la voie royale \u00e0 suivre en toute circonstance. Cet ouvrage est un t\u00e9moignage pour susciter l&#8217;envie d&#8217;emmener les enfants sur les chemins de l&#8217;invention, en se disant que les artistes \u00e0 l&#8217;\u00e9cole sont aussi l\u00e0 pour \u00e7a. Peut-\u00eatre m\u00eame avant tout.<\/p>\n<p>Cet ouvrage est un t\u00e9moignage pour susciter l&#8217;envie d&#8217;emmener les enfants sur les chemins de l&#8217;invention, en se disant que les artistes \u00e0 l&#8217;\u00e9cole sont aussi l\u00e0 pour \u00e7a. Peut-\u00eatre m\u00eame avant tout.<\/p>\n","protected":false},"excerpt":{"rendered":"<p><strong>AUTEUR\u00b7ES :<\/strong> Martin Bouveresse &amp; Isabelle Gay<br \/>\n<strong>EDITEUR:<\/strong> M\u00f4meludies \u00e9ditions\/CFMI de Lyon (2012)<\/p>\n<p><strong>BROCH\u00c9:<\/strong>\u00a048 pages<br \/>\n<strong>LANGUE:<\/strong> Fran\u00e7ais<br \/>\n<strong>ISBN13:<\/strong> 978-2-919-45204-0<\/p>\n","protected":false},"featured_media":35974,"template":"","meta":[],"product_brand":[],"product_cat":[162,169,200,140],"product_tag":[],"class_list":{"0":"post-35975","1":"product","2":"type-product","3":"status-publish","4":"has-post-thumbnail","6":"product_cat-french-en","7":"product_cat-interviews-conversations-en","8":"product_cat-music-en","9":"product_cat-education-dance-technique-en","11":"first","12":"instock","13":"taxable","14":"shipping-taxable","15":"purchasable","16":"product-type-simple"},"yoast_head":"<!-- This site is optimized with the Yoast SEO plugin v27.5 - https:\/\/yoast.com\/product\/yoast-seo-wordpress\/ -->\n<title>Sur les chemins de l&#039;invention - Dialogue - Books on the Move<\/title>\n<meta name=\"robots\" content=\"index, follow, max-snippet:-1, max-image-preview:large, max-video-preview:-1\" \/>\n<link rel=\"canonical\" href=\"https:\/\/www.booksonthemove.fr\/en\/produit\/sur-les-chemins-de-linvention-dialogue\/\" \/>\n<meta property=\"og:locale\" content=\"en_US\" \/>\n<meta property=\"og:type\" content=\"article\" \/>\n<meta property=\"og:title\" content=\"Sur les chemins de l&#039;invention - Dialogue - Books on the Move\" \/>\n<meta property=\"og:description\" content=\"AUTEUR\u00b7ES : Martin Bouveresse &amp; Isabelle Gay EDITEUR: M\u00f4meludies \u00e9ditions\/CFMI de Lyon (2012)  BROCH\u00c9:\u00a048 pages LANGUE: Fran\u00e7ais ISBN13: 978-2-919-45204-0\" \/>\n<meta property=\"og:url\" content=\"https:\/\/www.booksonthemove.fr\/en\/produit\/sur-les-chemins-de-linvention-dialogue\/\" \/>\n<meta property=\"og:site_name\" content=\"Books on the Move\" \/>\n<meta property=\"article:publisher\" content=\"https:\/\/www.facebook.com\/Librairiebooksonthemove\/\" \/>\n<meta property=\"article:modified_time\" content=\"2023-02-23T13:35:58+00:00\" \/>\n<meta property=\"og:image\" content=\"https:\/\/www.booksonthemove.fr\/media\/bom_2568.jpeg\" \/>\n\t<meta property=\"og:image:width\" content=\"900\" \/>\n\t<meta property=\"og:image:height\" content=\"1171\" \/>\n\t<meta property=\"og:image:type\" content=\"image\/jpeg\" \/>\n<meta name=\"twitter:card\" content=\"summary_large_image\" \/>\n<script type=\"application\/ld+json\" class=\"yoast-schema-graph\">{\"@context\":\"https:\\\/\\\/schema.org\",\"@graph\":[{\"@type\":\"WebPage\",\"@id\":\"https:\\\/\\\/www.booksonthemove.fr\\\/en\\\/produit\\\/sur-les-chemins-de-linvention-dialogue\\\/\",\"url\":\"https:\\\/\\\/www.booksonthemove.fr\\\/en\\\/produit\\\/sur-les-chemins-de-linvention-dialogue\\\/\",\"name\":\"Sur les chemins de l'invention - Dialogue - Books on the Move\",\"isPartOf\":{\"@id\":\"https:\\\/\\\/www.booksonthemove.fr\\\/#website\"},\"primaryImageOfPage\":{\"@id\":\"https:\\\/\\\/www.booksonthemove.fr\\\/en\\\/produit\\\/sur-les-chemins-de-linvention-dialogue\\\/#primaryimage\"},\"image\":{\"@id\":\"https:\\\/\\\/www.booksonthemove.fr\\\/en\\\/produit\\\/sur-les-chemins-de-linvention-dialogue\\\/#primaryimage\"},\"thumbnailUrl\":\"https:\\\/\\\/www.booksonthemove.fr\\\/media\\\/bom_2568.jpeg\",\"datePublished\":\"2023-02-23T13:35:11+00:00\",\"dateModified\":\"2023-02-23T13:35:58+00:00\",\"breadcrumb\":{\"@id\":\"https:\\\/\\\/www.booksonthemove.fr\\\/en\\\/produit\\\/sur-les-chemins-de-linvention-dialogue\\\/#breadcrumb\"},\"inLanguage\":\"en-US\",\"potentialAction\":[{\"@type\":\"ReadAction\",\"target\":[\"https:\\\/\\\/www.booksonthemove.fr\\\/en\\\/produit\\\/sur-les-chemins-de-linvention-dialogue\\\/\"]}]},{\"@type\":\"ImageObject\",\"inLanguage\":\"en-US\",\"@id\":\"https:\\\/\\\/www.booksonthemove.fr\\\/en\\\/produit\\\/sur-les-chemins-de-linvention-dialogue\\\/#primaryimage\",\"url\":\"https:\\\/\\\/www.booksonthemove.fr\\\/media\\\/bom_2568.jpeg\",\"contentUrl\":\"https:\\\/\\\/www.booksonthemove.fr\\\/media\\\/bom_2568.jpeg\",\"width\":900,\"height\":1171},{\"@type\":\"BreadcrumbList\",\"@id\":\"https:\\\/\\\/www.booksonthemove.fr\\\/en\\\/produit\\\/sur-les-chemins-de-linvention-dialogue\\\/#breadcrumb\",\"itemListElement\":[{\"@type\":\"ListItem\",\"position\":1,\"name\":\"Accueil\",\"item\":\"https:\\\/\\\/www.booksonthemove.fr\\\/en\\\/\"},{\"@type\":\"ListItem\",\"position\":2,\"name\":\"online store\",\"item\":\"https:\\\/\\\/www.booksonthemove.fr\\\/en\\\/online-shop\\\/\"},{\"@type\":\"ListItem\",\"position\":3,\"name\":\"Sur les chemins de l&rsquo;invention &#8211; Dialogue\"}]},{\"@type\":\"WebSite\",\"@id\":\"https:\\\/\\\/www.booksonthemove.fr\\\/#website\",\"url\":\"https:\\\/\\\/www.booksonthemove.fr\\\/\",\"name\":\"Books on the Move\",\"description\":\"librairie nomade - danse - mouvement - performance\",\"publisher\":{\"@id\":\"https:\\\/\\\/www.booksonthemove.fr\\\/#organization\"},\"potentialAction\":[{\"@type\":\"SearchAction\",\"target\":{\"@type\":\"EntryPoint\",\"urlTemplate\":\"https:\\\/\\\/www.booksonthemove.fr\\\/?s={search_term_string}\"},\"query-input\":{\"@type\":\"PropertyValueSpecification\",\"valueRequired\":true,\"valueName\":\"search_term_string\"}}],\"inLanguage\":\"en-US\"},{\"@type\":\"Organization\",\"@id\":\"https:\\\/\\\/www.booksonthemove.fr\\\/#organization\",\"name\":\"Books on the Move\",\"url\":\"https:\\\/\\\/www.booksonthemove.fr\\\/\",\"logo\":{\"@type\":\"ImageObject\",\"inLanguage\":\"en-US\",\"@id\":\"https:\\\/\\\/www.booksonthemove.fr\\\/#\\\/schema\\\/logo\\\/image\\\/\",\"url\":\"https:\\\/\\\/www.booksonthemove.fr\\\/media\\\/logo-NB-400.jpg\",\"contentUrl\":\"https:\\\/\\\/www.booksonthemove.fr\\\/media\\\/logo-NB-400.jpg\",\"width\":400,\"height\":143,\"caption\":\"Books on the Move\"},\"image\":{\"@id\":\"https:\\\/\\\/www.booksonthemove.fr\\\/#\\\/schema\\\/logo\\\/image\\\/\"},\"sameAs\":[\"https:\\\/\\\/www.facebook.com\\\/Librairiebooksonthemove\\\/\"]}]}<\/script>\n<!-- \/ Yoast SEO plugin. -->","yoast_head_json":{"title":"Sur les chemins de l'invention - Dialogue - Books on the Move","robots":{"index":"index","follow":"follow","max-snippet":"max-snippet:-1","max-image-preview":"max-image-preview:large","max-video-preview":"max-video-preview:-1"},"canonical":"https:\/\/www.booksonthemove.fr\/en\/produit\/sur-les-chemins-de-linvention-dialogue\/","og_locale":"en_US","og_type":"article","og_title":"Sur les chemins de l'invention - Dialogue - Books on the Move","og_description":"AUTEUR\u00b7ES : Martin Bouveresse &amp; Isabelle Gay EDITEUR: M\u00f4meludies \u00e9ditions\/CFMI de Lyon (2012)  BROCH\u00c9:\u00a048 pages LANGUE: Fran\u00e7ais ISBN13: 978-2-919-45204-0","og_url":"https:\/\/www.booksonthemove.fr\/en\/produit\/sur-les-chemins-de-linvention-dialogue\/","og_site_name":"Books on the Move","article_publisher":"https:\/\/www.facebook.com\/Librairiebooksonthemove\/","article_modified_time":"2023-02-23T13:35:58+00:00","og_image":[{"width":900,"height":1171,"url":"https:\/\/www.booksonthemove.fr\/media\/bom_2568.jpeg","type":"image\/jpeg"}],"twitter_card":"summary_large_image","schema":{"@context":"https:\/\/schema.org","@graph":[{"@type":"WebPage","@id":"https:\/\/www.booksonthemove.fr\/en\/produit\/sur-les-chemins-de-linvention-dialogue\/","url":"https:\/\/www.booksonthemove.fr\/en\/produit\/sur-les-chemins-de-linvention-dialogue\/","name":"Sur les chemins de l'invention - Dialogue - Books on the Move","isPartOf":{"@id":"https:\/\/www.booksonthemove.fr\/#website"},"primaryImageOfPage":{"@id":"https:\/\/www.booksonthemove.fr\/en\/produit\/sur-les-chemins-de-linvention-dialogue\/#primaryimage"},"image":{"@id":"https:\/\/www.booksonthemove.fr\/en\/produit\/sur-les-chemins-de-linvention-dialogue\/#primaryimage"},"thumbnailUrl":"https:\/\/www.booksonthemove.fr\/media\/bom_2568.jpeg","datePublished":"2023-02-23T13:35:11+00:00","dateModified":"2023-02-23T13:35:58+00:00","breadcrumb":{"@id":"https:\/\/www.booksonthemove.fr\/en\/produit\/sur-les-chemins-de-linvention-dialogue\/#breadcrumb"},"inLanguage":"en-US","potentialAction":[{"@type":"ReadAction","target":["https:\/\/www.booksonthemove.fr\/en\/produit\/sur-les-chemins-de-linvention-dialogue\/"]}]},{"@type":"ImageObject","inLanguage":"en-US","@id":"https:\/\/www.booksonthemove.fr\/en\/produit\/sur-les-chemins-de-linvention-dialogue\/#primaryimage","url":"https:\/\/www.booksonthemove.fr\/media\/bom_2568.jpeg","contentUrl":"https:\/\/www.booksonthemove.fr\/media\/bom_2568.jpeg","width":900,"height":1171},{"@type":"BreadcrumbList","@id":"https:\/\/www.booksonthemove.fr\/en\/produit\/sur-les-chemins-de-linvention-dialogue\/#breadcrumb","itemListElement":[{"@type":"ListItem","position":1,"name":"Accueil","item":"https:\/\/www.booksonthemove.fr\/en\/"},{"@type":"ListItem","position":2,"name":"online store","item":"https:\/\/www.booksonthemove.fr\/en\/online-shop\/"},{"@type":"ListItem","position":3,"name":"Sur les chemins de l&rsquo;invention &#8211; Dialogue"}]},{"@type":"WebSite","@id":"https:\/\/www.booksonthemove.fr\/#website","url":"https:\/\/www.booksonthemove.fr\/","name":"Books on the Move","description":"librairie nomade - danse - mouvement - performance","publisher":{"@id":"https:\/\/www.booksonthemove.fr\/#organization"},"potentialAction":[{"@type":"SearchAction","target":{"@type":"EntryPoint","urlTemplate":"https:\/\/www.booksonthemove.fr\/?s={search_term_string}"},"query-input":{"@type":"PropertyValueSpecification","valueRequired":true,"valueName":"search_term_string"}}],"inLanguage":"en-US"},{"@type":"Organization","@id":"https:\/\/www.booksonthemove.fr\/#organization","name":"Books on the Move","url":"https:\/\/www.booksonthemove.fr\/","logo":{"@type":"ImageObject","inLanguage":"en-US","@id":"https:\/\/www.booksonthemove.fr\/#\/schema\/logo\/image\/","url":"https:\/\/www.booksonthemove.fr\/media\/logo-NB-400.jpg","contentUrl":"https:\/\/www.booksonthemove.fr\/media\/logo-NB-400.jpg","width":400,"height":143,"caption":"Books on the Move"},"image":{"@id":"https:\/\/www.booksonthemove.fr\/#\/schema\/logo\/image\/"},"sameAs":["https:\/\/www.facebook.com\/Librairiebooksonthemove\/"]}]}},"_links":{"self":[{"href":"https:\/\/www.booksonthemove.fr\/en\/wp-json\/wp\/v2\/product\/35975","targetHints":{"allow":["GET"]}}],"collection":[{"href":"https:\/\/www.booksonthemove.fr\/en\/wp-json\/wp\/v2\/product"}],"about":[{"href":"https:\/\/www.booksonthemove.fr\/en\/wp-json\/wp\/v2\/types\/product"}],"wp:featuredmedia":[{"embeddable":true,"href":"https:\/\/www.booksonthemove.fr\/en\/wp-json\/wp\/v2\/media\/35974"}],"wp:attachment":[{"href":"https:\/\/www.booksonthemove.fr\/en\/wp-json\/wp\/v2\/media?parent=35975"}],"wp:term":[{"taxonomy":"product_brand","embeddable":true,"href":"https:\/\/www.booksonthemove.fr\/en\/wp-json\/wp\/v2\/product_brand?post=35975"},{"taxonomy":"product_cat","embeddable":true,"href":"https:\/\/www.booksonthemove.fr\/en\/wp-json\/wp\/v2\/product_cat?post=35975"},{"taxonomy":"product_tag","embeddable":true,"href":"https:\/\/www.booksonthemove.fr\/en\/wp-json\/wp\/v2\/product_tag?post=35975"}],"curies":[{"name":"wp","href":"https:\/\/api.w.org\/{rel}","templated":true}]}}