{"id":35998,"date":"2023-02-26T21:47:26","date_gmt":"2023-02-26T20:47:26","guid":{"rendered":"https:\/\/www.booksonthemove.fr\/produit\/critiqueer-la-danse-receptions-performees-critiques-affectees\/"},"modified":"2025-09-29T17:52:14","modified_gmt":"2025-09-29T15:52:14","slug":"critiqueer-la-danse-receptions-performees-critiques-affectees","status":"publish","type":"product","link":"https:\/\/www.booksonthemove.fr\/en\/produit\/critiqueer-la-danse-receptions-performees-critiques-affectees\/","title":{"rendered":"CritiQueer la danse &#8211; R\u00e9ceptions perform\u00e9es &#038; critiques affect\u00e9es"},"content":{"rendered":"<p class=\"Pardfaut\">Comment rendre compte et partager des relations que l\u2019on peut entretenir avec des \u0153uvres et\/ou avec des artistes que nous n\u2019avons pas connu\u00b7es ? Une critique dans\u00e9e est-elle possible ? \u00c0 quoi peuvent ressembler les pratiques critiques d\u2019une performeuse~\u00e9crivaine lesbienne et f\u00e9ministe ? Cet ouvrage tente de r\u00e9pondre \u00e0 ces questions en suivant la recherche-cr\u00e9ation de Pauline L. Boulba, chercheuse en danse et artiste chor\u00e9graphique.<\/p>\n<p class=\"Pardfaut\">Il s\u2019arr\u00eate sur trois \u0153uvres <em>Une hypoth\u00e8se de r\u00e9interpr\u00e9tation<\/em> de Rita Quaglia (2009), <em>histoire(s)<\/em>d\u2019Olga de Soto (2004), et <em>Admiring la Argentina <\/em>de Kazuo \u00d4no (1977) dont il d\u00e9gage des outils pour penser la r\u00e9ception en danse comme un espace de cr\u00e9ation. Puis il retrace la trajectoire de Jill Johnston dont il s\u2019inspire\u00a0: cette critique de danse et performeuse dans les ann\u00e9es 1960 aux \u00c9tats-Unis, lesbienne radicale, pour qui les pratiques critiques \u00e9taient des lieux d\u2019invention de soi.<\/p>\n<p class=\"Pardfaut\">Emaill\u00e9 d\u2019extraits d\u2019un journal de bord, de fragments critiques et de mat\u00e9riaux de performances, ce livre dessine un travail de recherche original, singulier, et travers\u00e9 d\u2019affects. <em>CritiQueer la danse<\/em> rend compte d\u2019une tentative de substituer \u00e0 des pratiques critiques d\u2019art h\u00e9g\u00e9moniques des perspectives queer et f\u00e9ministes.<\/p>\n<p>&nbsp;<\/p>\n","protected":false},"excerpt":{"rendered":"<p><b>AUTEURE :\u00a0<\/b>Pauline L. Boulba<span class=\"h3_elt\"><br \/>\n<\/span><b><\/b><b>EDITEUR :\u00a0<\/b>Presses Universitaires de Vincennes<b><\/b>(2023)<\/p>\n<p><strong>BROCH\u00c9 :<\/strong>\u00a0196 pages<br \/>\n<b>LANGUE : <\/b>Fran\u00e7ais<br \/>\n<strong>ISBN13 :<\/strong> 978-2-379-24295-3<\/p>\n","protected":false},"featured_media":35997,"template":"","meta":[],"product_brand":[],"product_cat":[143,161,202,162,152,710],"product_tag":[],"class_list":{"0":"post-35998","1":"product","2":"type-product","3":"status-publish","4":"has-post-thumbnail","6":"product_cat-gender-studies-en","7":"product_cat-dance-criticism-en","8":"product_cat-feminism-en","9":"product_cat-french-en","10":"product_cat-performance-en","11":"product_cat-pratique-recherche-en","13":"first","14":"outofstock","15":"taxable","16":"shipping-taxable","17":"purchasable","18":"product-type-simple"},"yoast_head":"<!-- This site is optimized with the Yoast SEO plugin v27.4 - https:\/\/yoast.com\/product\/yoast-seo-wordpress\/ -->\n<title>CritiQueer la danse - R\u00e9ceptions perform\u00e9es &amp; critiques affect\u00e9es - Books on the Move<\/title>\n<meta name=\"robots\" content=\"index, follow, max-snippet:-1, max-image-preview:large, max-video-preview:-1\" \/>\n<link rel=\"canonical\" href=\"https:\/\/www.booksonthemove.fr\/en\/produit\/critiqueer-la-danse-receptions-performees-critiques-affectees\/\" \/>\n<meta property=\"og:locale\" content=\"en_US\" \/>\n<meta property=\"og:type\" content=\"article\" \/>\n<meta property=\"og:title\" content=\"CritiQueer la danse - R\u00e9ceptions perform\u00e9es &amp; critiques affect\u00e9es - Books on the Move\" \/>\n<meta property=\"og:description\" content=\"AUTEURE :\u00a0Pauline L. Boulba EDITEUR :\u00a0Presses Universitaires de Vincennes(2023)  BROCH\u00c9 :\u00a0196 pages LANGUE : Fran\u00e7ais ISBN13 : 978-2-379-24295-3\" \/>\n<meta property=\"og:url\" content=\"https:\/\/www.booksonthemove.fr\/en\/produit\/critiqueer-la-danse-receptions-performees-critiques-affectees\/\" \/>\n<meta property=\"og:site_name\" content=\"Books on the Move\" \/>\n<meta property=\"article:publisher\" content=\"https:\/\/www.facebook.com\/Librairiebooksonthemove\/\" \/>\n<meta property=\"article:modified_time\" content=\"2025-09-29T15:52:14+00:00\" \/>\n<meta property=\"og:image\" content=\"https:\/\/www.booksonthemove.fr\/media\/bom_2576.jpeg\" \/>\n\t<meta property=\"og:image:width\" content=\"900\" \/>\n\t<meta property=\"og:image:height\" content=\"1238\" \/>\n\t<meta property=\"og:image:type\" content=\"image\/jpeg\" \/>\n<meta name=\"twitter:card\" content=\"summary_large_image\" \/>\n<script type=\"application\/ld+json\" class=\"yoast-schema-graph\">{\"@context\":\"https:\\\/\\\/schema.org\",\"@graph\":[{\"@type\":\"WebPage\",\"@id\":\"https:\\\/\\\/www.booksonthemove.fr\\\/en\\\/produit\\\/critiqueer-la-danse-receptions-performees-critiques-affectees\\\/\",\"url\":\"https:\\\/\\\/www.booksonthemove.fr\\\/en\\\/produit\\\/critiqueer-la-danse-receptions-performees-critiques-affectees\\\/\",\"name\":\"CritiQueer la danse - R\u00e9ceptions perform\u00e9es & critiques affect\u00e9es - Books on the Move\",\"isPartOf\":{\"@id\":\"https:\\\/\\\/www.booksonthemove.fr\\\/#website\"},\"primaryImageOfPage\":{\"@id\":\"https:\\\/\\\/www.booksonthemove.fr\\\/en\\\/produit\\\/critiqueer-la-danse-receptions-performees-critiques-affectees\\\/#primaryimage\"},\"image\":{\"@id\":\"https:\\\/\\\/www.booksonthemove.fr\\\/en\\\/produit\\\/critiqueer-la-danse-receptions-performees-critiques-affectees\\\/#primaryimage\"},\"thumbnailUrl\":\"https:\\\/\\\/www.booksonthemove.fr\\\/media\\\/bom_2576.jpeg\",\"datePublished\":\"2023-02-26T20:47:26+00:00\",\"dateModified\":\"2025-09-29T15:52:14+00:00\",\"breadcrumb\":{\"@id\":\"https:\\\/\\\/www.booksonthemove.fr\\\/en\\\/produit\\\/critiqueer-la-danse-receptions-performees-critiques-affectees\\\/#breadcrumb\"},\"inLanguage\":\"en-US\",\"potentialAction\":[{\"@type\":\"ReadAction\",\"target\":[\"https:\\\/\\\/www.booksonthemove.fr\\\/en\\\/produit\\\/critiqueer-la-danse-receptions-performees-critiques-affectees\\\/\"]}]},{\"@type\":\"ImageObject\",\"inLanguage\":\"en-US\",\"@id\":\"https:\\\/\\\/www.booksonthemove.fr\\\/en\\\/produit\\\/critiqueer-la-danse-receptions-performees-critiques-affectees\\\/#primaryimage\",\"url\":\"https:\\\/\\\/www.booksonthemove.fr\\\/media\\\/bom_2576.jpeg\",\"contentUrl\":\"https:\\\/\\\/www.booksonthemove.fr\\\/media\\\/bom_2576.jpeg\",\"width\":900,\"height\":1238},{\"@type\":\"BreadcrumbList\",\"@id\":\"https:\\\/\\\/www.booksonthemove.fr\\\/en\\\/produit\\\/critiqueer-la-danse-receptions-performees-critiques-affectees\\\/#breadcrumb\",\"itemListElement\":[{\"@type\":\"ListItem\",\"position\":1,\"name\":\"Accueil\",\"item\":\"https:\\\/\\\/www.booksonthemove.fr\\\/en\\\/\"},{\"@type\":\"ListItem\",\"position\":2,\"name\":\"online store\",\"item\":\"https:\\\/\\\/www.booksonthemove.fr\\\/en\\\/online-shop\\\/\"},{\"@type\":\"ListItem\",\"position\":3,\"name\":\"CritiQueer la danse &#8211; R\u00e9ceptions perform\u00e9es &#038; critiques affect\u00e9es\"}]},{\"@type\":\"WebSite\",\"@id\":\"https:\\\/\\\/www.booksonthemove.fr\\\/#website\",\"url\":\"https:\\\/\\\/www.booksonthemove.fr\\\/\",\"name\":\"Books on the Move\",\"description\":\"librairie nomade - danse - mouvement - performance\",\"publisher\":{\"@id\":\"https:\\\/\\\/www.booksonthemove.fr\\\/#organization\"},\"potentialAction\":[{\"@type\":\"SearchAction\",\"target\":{\"@type\":\"EntryPoint\",\"urlTemplate\":\"https:\\\/\\\/www.booksonthemove.fr\\\/?s={search_term_string}\"},\"query-input\":{\"@type\":\"PropertyValueSpecification\",\"valueRequired\":true,\"valueName\":\"search_term_string\"}}],\"inLanguage\":\"en-US\"},{\"@type\":\"Organization\",\"@id\":\"https:\\\/\\\/www.booksonthemove.fr\\\/#organization\",\"name\":\"Books on the Move\",\"url\":\"https:\\\/\\\/www.booksonthemove.fr\\\/\",\"logo\":{\"@type\":\"ImageObject\",\"inLanguage\":\"en-US\",\"@id\":\"https:\\\/\\\/www.booksonthemove.fr\\\/#\\\/schema\\\/logo\\\/image\\\/\",\"url\":\"https:\\\/\\\/www.booksonthemove.fr\\\/media\\\/logo-NB-400.jpg\",\"contentUrl\":\"https:\\\/\\\/www.booksonthemove.fr\\\/media\\\/logo-NB-400.jpg\",\"width\":400,\"height\":143,\"caption\":\"Books on the Move\"},\"image\":{\"@id\":\"https:\\\/\\\/www.booksonthemove.fr\\\/#\\\/schema\\\/logo\\\/image\\\/\"},\"sameAs\":[\"https:\\\/\\\/www.facebook.com\\\/Librairiebooksonthemove\\\/\"]}]}<\/script>\n<!-- \/ Yoast SEO plugin. -->","yoast_head_json":{"title":"CritiQueer la danse - R\u00e9ceptions perform\u00e9es & critiques affect\u00e9es - Books on the Move","robots":{"index":"index","follow":"follow","max-snippet":"max-snippet:-1","max-image-preview":"max-image-preview:large","max-video-preview":"max-video-preview:-1"},"canonical":"https:\/\/www.booksonthemove.fr\/en\/produit\/critiqueer-la-danse-receptions-performees-critiques-affectees\/","og_locale":"en_US","og_type":"article","og_title":"CritiQueer la danse - R\u00e9ceptions perform\u00e9es & critiques affect\u00e9es - Books on the Move","og_description":"AUTEURE :\u00a0Pauline L. Boulba EDITEUR :\u00a0Presses Universitaires de Vincennes(2023)  BROCH\u00c9 :\u00a0196 pages LANGUE : Fran\u00e7ais ISBN13 : 978-2-379-24295-3","og_url":"https:\/\/www.booksonthemove.fr\/en\/produit\/critiqueer-la-danse-receptions-performees-critiques-affectees\/","og_site_name":"Books on the Move","article_publisher":"https:\/\/www.facebook.com\/Librairiebooksonthemove\/","article_modified_time":"2025-09-29T15:52:14+00:00","og_image":[{"width":900,"height":1238,"url":"https:\/\/www.booksonthemove.fr\/media\/bom_2576.jpeg","type":"image\/jpeg"}],"twitter_card":"summary_large_image","schema":{"@context":"https:\/\/schema.org","@graph":[{"@type":"WebPage","@id":"https:\/\/www.booksonthemove.fr\/en\/produit\/critiqueer-la-danse-receptions-performees-critiques-affectees\/","url":"https:\/\/www.booksonthemove.fr\/en\/produit\/critiqueer-la-danse-receptions-performees-critiques-affectees\/","name":"CritiQueer la danse - R\u00e9ceptions perform\u00e9es & critiques affect\u00e9es - Books on the Move","isPartOf":{"@id":"https:\/\/www.booksonthemove.fr\/#website"},"primaryImageOfPage":{"@id":"https:\/\/www.booksonthemove.fr\/en\/produit\/critiqueer-la-danse-receptions-performees-critiques-affectees\/#primaryimage"},"image":{"@id":"https:\/\/www.booksonthemove.fr\/en\/produit\/critiqueer-la-danse-receptions-performees-critiques-affectees\/#primaryimage"},"thumbnailUrl":"https:\/\/www.booksonthemove.fr\/media\/bom_2576.jpeg","datePublished":"2023-02-26T20:47:26+00:00","dateModified":"2025-09-29T15:52:14+00:00","breadcrumb":{"@id":"https:\/\/www.booksonthemove.fr\/en\/produit\/critiqueer-la-danse-receptions-performees-critiques-affectees\/#breadcrumb"},"inLanguage":"en-US","potentialAction":[{"@type":"ReadAction","target":["https:\/\/www.booksonthemove.fr\/en\/produit\/critiqueer-la-danse-receptions-performees-critiques-affectees\/"]}]},{"@type":"ImageObject","inLanguage":"en-US","@id":"https:\/\/www.booksonthemove.fr\/en\/produit\/critiqueer-la-danse-receptions-performees-critiques-affectees\/#primaryimage","url":"https:\/\/www.booksonthemove.fr\/media\/bom_2576.jpeg","contentUrl":"https:\/\/www.booksonthemove.fr\/media\/bom_2576.jpeg","width":900,"height":1238},{"@type":"BreadcrumbList","@id":"https:\/\/www.booksonthemove.fr\/en\/produit\/critiqueer-la-danse-receptions-performees-critiques-affectees\/#breadcrumb","itemListElement":[{"@type":"ListItem","position":1,"name":"Accueil","item":"https:\/\/www.booksonthemove.fr\/en\/"},{"@type":"ListItem","position":2,"name":"online store","item":"https:\/\/www.booksonthemove.fr\/en\/online-shop\/"},{"@type":"ListItem","position":3,"name":"CritiQueer la danse &#8211; R\u00e9ceptions perform\u00e9es &#038; critiques affect\u00e9es"}]},{"@type":"WebSite","@id":"https:\/\/www.booksonthemove.fr\/#website","url":"https:\/\/www.booksonthemove.fr\/","name":"Books on the Move","description":"librairie nomade - danse - mouvement - performance","publisher":{"@id":"https:\/\/www.booksonthemove.fr\/#organization"},"potentialAction":[{"@type":"SearchAction","target":{"@type":"EntryPoint","urlTemplate":"https:\/\/www.booksonthemove.fr\/?s={search_term_string}"},"query-input":{"@type":"PropertyValueSpecification","valueRequired":true,"valueName":"search_term_string"}}],"inLanguage":"en-US"},{"@type":"Organization","@id":"https:\/\/www.booksonthemove.fr\/#organization","name":"Books on the Move","url":"https:\/\/www.booksonthemove.fr\/","logo":{"@type":"ImageObject","inLanguage":"en-US","@id":"https:\/\/www.booksonthemove.fr\/#\/schema\/logo\/image\/","url":"https:\/\/www.booksonthemove.fr\/media\/logo-NB-400.jpg","contentUrl":"https:\/\/www.booksonthemove.fr\/media\/logo-NB-400.jpg","width":400,"height":143,"caption":"Books on the Move"},"image":{"@id":"https:\/\/www.booksonthemove.fr\/#\/schema\/logo\/image\/"},"sameAs":["https:\/\/www.facebook.com\/Librairiebooksonthemove\/"]}]}},"_links":{"self":[{"href":"https:\/\/www.booksonthemove.fr\/en\/wp-json\/wp\/v2\/product\/35998","targetHints":{"allow":["GET"]}}],"collection":[{"href":"https:\/\/www.booksonthemove.fr\/en\/wp-json\/wp\/v2\/product"}],"about":[{"href":"https:\/\/www.booksonthemove.fr\/en\/wp-json\/wp\/v2\/types\/product"}],"wp:featuredmedia":[{"embeddable":true,"href":"https:\/\/www.booksonthemove.fr\/en\/wp-json\/wp\/v2\/media\/35997"}],"wp:attachment":[{"href":"https:\/\/www.booksonthemove.fr\/en\/wp-json\/wp\/v2\/media?parent=35998"}],"wp:term":[{"taxonomy":"product_brand","embeddable":true,"href":"https:\/\/www.booksonthemove.fr\/en\/wp-json\/wp\/v2\/product_brand?post=35998"},{"taxonomy":"product_cat","embeddable":true,"href":"https:\/\/www.booksonthemove.fr\/en\/wp-json\/wp\/v2\/product_cat?post=35998"},{"taxonomy":"product_tag","embeddable":true,"href":"https:\/\/www.booksonthemove.fr\/en\/wp-json\/wp\/v2\/product_tag?post=35998"}],"curies":[{"name":"wp","href":"https:\/\/api.w.org\/{rel}","templated":true}]}}